{"id":60210,"date":"2023-03-10T14:08:14","date_gmt":"2023-03-10T13:08:14","guid":{"rendered":"https:\/\/turijnmagazijn.nl\/zurueckkehren\/"},"modified":"2023-03-27T14:04:47","modified_gmt":"2023-03-27T12:04:47","slug":"zurueckkehren","status":"publish","type":"page","link":"https:\/\/turijnmagazijn.nl\/de\/zurueckkehren\/","title":{"rendered":"Zur\u00fcckkehren"},"content":{"rendered":"\t\t<div data-elementor-type=\"wp-page\" data-elementor-id=\"60210\" class=\"elementor elementor-60210 elementor-16507\" data-elementor-post-type=\"page\">\n\t\t\t\t\t\t<section class=\"elementor-section elementor-top-section elementor-element elementor-element-f38e45d elementor-section-boxed elementor-section-height-default elementor-section-height-default\" data-id=\"f38e45d\" data-element_type=\"section\" data-e-type=\"section\" data-settings=\"{&quot;jet_parallax_layout_list&quot;:[]}\">\n\t\t\t\t\t\t<div class=\"elementor-container elementor-column-gap-no\">\n\t\t\t\t\t<div class=\"elementor-column elementor-col-100 elementor-top-column elementor-element elementor-element-891fdf2\" data-id=\"891fdf2\" data-element_type=\"column\" data-e-type=\"column\">\n\t\t\t<div class=\"elementor-widget-wrap elementor-element-populated\">\n\t\t\t\t\t\t<div class=\"elementor-element elementor-element-1317d59 elementor-widget elementor-widget-heading\" data-id=\"1317d59\" data-element_type=\"widget\" data-e-type=\"widget\" data-widget_type=\"heading.default\">\n\t\t\t\t<div class=\"elementor-widget-container\">\n\t\t\t\t\t<h1 class=\"elementor-heading-title elementor-size-default\">Zur\u00fcckkehren<\/h1>\t\t\t\t<\/div>\n\t\t\t\t<\/div>\n\t\t\t\t<div class=\"elementor-element elementor-element-7e5d912 elementor-widget elementor-widget-text-editor\" data-id=\"7e5d912\" data-element_type=\"widget\" data-e-type=\"widget\" data-widget_type=\"text-editor.default\">\n\t\t\t\t<div class=\"elementor-widget-container\">\n\t\t\t\t\t\t\t\t\t<p>Wenn Sie einen Artikel zur\u00fccksenden m\u00f6chten, kontaktieren Sie uns bitte per <strong>E-Mail<\/strong> oder <strong>WhatsApp<\/strong>, bevor Sie den Artikel zur\u00fccksenden.<\/p>\n<\/p>\n<p>Wir sind ein kleiner Webshop und die R\u00fccksendung von Artikeln kostet uns erhebliche Kosten. Selbstverst\u00e4ndlich k\u00f6nnen Sie sich als Privatkunde auf Ihre gesetzlichen Rechte verlassen. Das bedeutet, dass Sie Ihre Artikel auch ohne Angabe von Gr\u00fcnden innerhalb von 14 Tagen zur R\u00fccksendung anmelden k\u00f6nnen. <strong>Die Kosten f\u00fcr die R\u00fccksendung tragen Sie selbst<\/strong>, erhalten aber bei fristgerechter Lieferung im Originalzustand Ihren gesamten Kaufpreis inklusive der Versandkosten von uns zur\u00fcck.<\/p>\n<\/p>\n<p>Wir bitten unsere Kunden, R\u00fccksendungen so weit wie m\u00f6glich zu vermeiden, da uns dadurch Versandkosten entstehen, die wir von einem Kunden nicht zur\u00fcckfordern k\u00f6nnen. Schauen Sie sich die Fotos und die Beschreibung auf unserer Website genau an und vergleichen Sie sie mit Ihrem aktuellen Teil, wodurch viele unn\u00f6tige R\u00fccksendungen vermieden werden k\u00f6nnen. Vielen Dank f\u00fcr Ihre Zusammenarbeit.<\/p>\n\t\t\t\t\t\t\t\t<\/div>\n\t\t\t\t<\/div>\n\t\t\t\t\t<\/div>\n\t\t<\/div>\n\t\t\t\t\t<\/div>\n\t\t<\/section>\n\t\t\t\t<\/div>\n\t\t","protected":false},"excerpt":{"rendered":"<p>Wenn Sie einen Artikel zur\u00fccksenden m\u00f6chten, kontaktieren Sie uns bitte per E-Mail oder WhatsApp, bevor Sie den Artikel zur\u00fccksenden. Wir sind ein kleiner Webshop und die R\u00fccksendung von Artikeln kostet uns erhebliche Kosten. Selbstverst\u00e4ndlich k\u00f6nnen Sie sich als Privatkunde auf Ihre gesetzlichen Rechte verlassen. Das bedeutet, dass Sie Ihre Artikel auch ohne Angabe von Gr\u00fcnden [&hellip;]<\/p>\n","protected":false},"author":1,"featured_media":0,"parent":0,"menu_order":0,"comment_status":"closed","ping_status":"closed","template":"","meta":{"_acf_changed":false,"footnotes":""},"class_list":["post-60210","page","type-page","status-publish","hentry"],"acf":[],"yoast_head":"<!-- This site is optimized with the Yoast SEO plugin v27.3 - https:\/\/yoast.com\/product\/yoast-seo-wordpress\/ -->\n<title>Zur\u00fcckkehren - Turijnmagazijn<\/title>\n<meta name=\"robots\" content=\"index, follow, max-snippet:-1, max-image-preview:large, max-video-preview:-1\" \/>\n<link rel=\"canonical\" href=\"https:\/\/turijnmagazijn.nl\/de\/zurueckkehren\/\" \/>\n<meta property=\"og:locale\" content=\"de_DE\" \/>\n<meta property=\"og:type\" content=\"article\" \/>\n<meta property=\"og:title\" content=\"Zur\u00fcckkehren - Turijnmagazijn\" \/>\n<meta property=\"og:description\" content=\"Wenn Sie einen Artikel zur\u00fccksenden m\u00f6chten, kontaktieren Sie uns bitte per E-Mail oder WhatsApp, bevor Sie den Artikel zur\u00fccksenden. Wir sind ein kleiner Webshop und die R\u00fccksendung von Artikeln kostet uns erhebliche Kosten. Selbstverst\u00e4ndlich k\u00f6nnen Sie sich als Privatkunde auf Ihre gesetzlichen Rechte verlassen. Das bedeutet, dass Sie Ihre Artikel auch ohne Angabe von Gr\u00fcnden [&hellip;]\" \/>\n<meta property=\"og:url\" content=\"https:\/\/turijnmagazijn.nl\/de\/zurueckkehren\/\" \/>\n<meta property=\"og:site_name\" content=\"Turijnmagazijn\" \/>\n<meta property=\"article:publisher\" content=\"https:\/\/www.facebook.com\/turijnmagazijn\" \/>\n<meta property=\"article:modified_time\" content=\"2023-03-27T12:04:47+00:00\" \/>\n<meta name=\"twitter:card\" content=\"summary_large_image\" \/>\n<meta name=\"twitter:label1\" content=\"Gesch\u00e4tzte Lesezeit\" \/>\n\t<meta name=\"twitter:data1\" content=\"1\u00a0Minute\" \/>\n<script type=\"application\/ld+json\" class=\"yoast-schema-graph\">{\"@context\":\"https:\\\/\\\/schema.org\",\"@graph\":[{\"@type\":\"WebPage\",\"@id\":\"https:\\\/\\\/turijnmagazijn.nl\\\/de\\\/zurueckkehren\\\/\",\"url\":\"https:\\\/\\\/turijnmagazijn.nl\\\/de\\\/zurueckkehren\\\/\",\"name\":\"Zur\u00fcckkehren - Turijnmagazijn\",\"isPartOf\":{\"@id\":\"https:\\\/\\\/turijnmagazijn.jumpstone-dev.nl\\\/#website\"},\"datePublished\":\"2023-03-10T13:08:14+00:00\",\"dateModified\":\"2023-03-27T12:04:47+00:00\",\"breadcrumb\":{\"@id\":\"https:\\\/\\\/turijnmagazijn.nl\\\/de\\\/zurueckkehren\\\/#breadcrumb\"},\"inLanguage\":\"de\",\"potentialAction\":[{\"@type\":\"ReadAction\",\"target\":[\"https:\\\/\\\/turijnmagazijn.nl\\\/de\\\/zurueckkehren\\\/\"]}]},{\"@type\":\"BreadcrumbList\",\"@id\":\"https:\\\/\\\/turijnmagazijn.nl\\\/de\\\/zurueckkehren\\\/#breadcrumb\",\"itemListElement\":[{\"@type\":\"ListItem\",\"position\":1,\"name\":\"Home\",\"item\":\"https:\\\/\\\/turijnmagazijn.nl\\\/de\\\/\"},{\"@type\":\"ListItem\",\"position\":2,\"name\":\"Zur\u00fcckkehren\"}]},{\"@type\":\"WebSite\",\"@id\":\"https:\\\/\\\/turijnmagazijn.jumpstone-dev.nl\\\/#website\",\"url\":\"https:\\\/\\\/turijnmagazijn.jumpstone-dev.nl\\\/\",\"name\":\"Turijnmagazijn\",\"description\":\"Onderdelen nieuw en gebruikt - Fiat &amp; Lancia\",\"publisher\":{\"@id\":\"https:\\\/\\\/turijnmagazijn.jumpstone-dev.nl\\\/#organization\"},\"potentialAction\":[{\"@type\":\"SearchAction\",\"target\":{\"@type\":\"EntryPoint\",\"urlTemplate\":\"https:\\\/\\\/turijnmagazijn.jumpstone-dev.nl\\\/?s={search_term_string}\"},\"query-input\":{\"@type\":\"PropertyValueSpecification\",\"valueRequired\":true,\"valueName\":\"search_term_string\"}}],\"inLanguage\":\"de\"},{\"@type\":\"Organization\",\"@id\":\"https:\\\/\\\/turijnmagazijn.jumpstone-dev.nl\\\/#organization\",\"name\":\"Turijnmagazijn\",\"url\":\"https:\\\/\\\/turijnmagazijn.jumpstone-dev.nl\\\/\",\"logo\":{\"@type\":\"ImageObject\",\"inLanguage\":\"de\",\"@id\":\"https:\\\/\\\/turijnmagazijn.jumpstone-dev.nl\\\/#\\\/schema\\\/logo\\\/image\\\/\",\"url\":\"https:\\\/\\\/turijnmagazijn.nl\\\/wp-content\\\/uploads\\\/2021\\\/02\\\/turijnmagazijnlogo.png\",\"contentUrl\":\"https:\\\/\\\/turijnmagazijn.nl\\\/wp-content\\\/uploads\\\/2021\\\/02\\\/turijnmagazijnlogo.png\",\"width\":555,\"height\":270,\"caption\":\"Turijnmagazijn\"},\"image\":{\"@id\":\"https:\\\/\\\/turijnmagazijn.jumpstone-dev.nl\\\/#\\\/schema\\\/logo\\\/image\\\/\"},\"sameAs\":[\"https:\\\/\\\/www.facebook.com\\\/turijnmagazijn\"]}]}<\/script>\n<!-- \/ Yoast SEO plugin. -->","yoast_head_json":{"title":"Zur\u00fcckkehren - Turijnmagazijn","robots":{"index":"index","follow":"follow","max-snippet":"max-snippet:-1","max-image-preview":"max-image-preview:large","max-video-preview":"max-video-preview:-1"},"canonical":"https:\/\/turijnmagazijn.nl\/de\/zurueckkehren\/","og_locale":"de_DE","og_type":"article","og_title":"Zur\u00fcckkehren - Turijnmagazijn","og_description":"Wenn Sie einen Artikel zur\u00fccksenden m\u00f6chten, kontaktieren Sie uns bitte per E-Mail oder WhatsApp, bevor Sie den Artikel zur\u00fccksenden. Wir sind ein kleiner Webshop und die R\u00fccksendung von Artikeln kostet uns erhebliche Kosten. Selbstverst\u00e4ndlich k\u00f6nnen Sie sich als Privatkunde auf Ihre gesetzlichen Rechte verlassen. Das bedeutet, dass Sie Ihre Artikel auch ohne Angabe von Gr\u00fcnden [&hellip;]","og_url":"https:\/\/turijnmagazijn.nl\/de\/zurueckkehren\/","og_site_name":"Turijnmagazijn","article_publisher":"https:\/\/www.facebook.com\/turijnmagazijn","article_modified_time":"2023-03-27T12:04:47+00:00","twitter_card":"summary_large_image","twitter_misc":{"Gesch\u00e4tzte Lesezeit":"1\u00a0Minute"},"schema":{"@context":"https:\/\/schema.org","@graph":[{"@type":"WebPage","@id":"https:\/\/turijnmagazijn.nl\/de\/zurueckkehren\/","url":"https:\/\/turijnmagazijn.nl\/de\/zurueckkehren\/","name":"Zur\u00fcckkehren - Turijnmagazijn","isPartOf":{"@id":"https:\/\/turijnmagazijn.jumpstone-dev.nl\/#website"},"datePublished":"2023-03-10T13:08:14+00:00","dateModified":"2023-03-27T12:04:47+00:00","breadcrumb":{"@id":"https:\/\/turijnmagazijn.nl\/de\/zurueckkehren\/#breadcrumb"},"inLanguage":"de","potentialAction":[{"@type":"ReadAction","target":["https:\/\/turijnmagazijn.nl\/de\/zurueckkehren\/"]}]},{"@type":"BreadcrumbList","@id":"https:\/\/turijnmagazijn.nl\/de\/zurueckkehren\/#breadcrumb","itemListElement":[{"@type":"ListItem","position":1,"name":"Home","item":"https:\/\/turijnmagazijn.nl\/de\/"},{"@type":"ListItem","position":2,"name":"Zur\u00fcckkehren"}]},{"@type":"WebSite","@id":"https:\/\/turijnmagazijn.jumpstone-dev.nl\/#website","url":"https:\/\/turijnmagazijn.jumpstone-dev.nl\/","name":"Turijnmagazijn","description":"Onderdelen nieuw en gebruikt - Fiat &amp; Lancia","publisher":{"@id":"https:\/\/turijnmagazijn.jumpstone-dev.nl\/#organization"},"potentialAction":[{"@type":"SearchAction","target":{"@type":"EntryPoint","urlTemplate":"https:\/\/turijnmagazijn.jumpstone-dev.nl\/?s={search_term_string}"},"query-input":{"@type":"PropertyValueSpecification","valueRequired":true,"valueName":"search_term_string"}}],"inLanguage":"de"},{"@type":"Organization","@id":"https:\/\/turijnmagazijn.jumpstone-dev.nl\/#organization","name":"Turijnmagazijn","url":"https:\/\/turijnmagazijn.jumpstone-dev.nl\/","logo":{"@type":"ImageObject","inLanguage":"de","@id":"https:\/\/turijnmagazijn.jumpstone-dev.nl\/#\/schema\/logo\/image\/","url":"https:\/\/turijnmagazijn.nl\/wp-content\/uploads\/2021\/02\/turijnmagazijnlogo.png","contentUrl":"https:\/\/turijnmagazijn.nl\/wp-content\/uploads\/2021\/02\/turijnmagazijnlogo.png","width":555,"height":270,"caption":"Turijnmagazijn"},"image":{"@id":"https:\/\/turijnmagazijn.jumpstone-dev.nl\/#\/schema\/logo\/image\/"},"sameAs":["https:\/\/www.facebook.com\/turijnmagazijn"]}]}},"_links":{"self":[{"href":"https:\/\/turijnmagazijn.nl\/de\/wp-json\/wp\/v2\/pages\/60210","targetHints":{"allow":["GET"]}}],"collection":[{"href":"https:\/\/turijnmagazijn.nl\/de\/wp-json\/wp\/v2\/pages"}],"about":[{"href":"https:\/\/turijnmagazijn.nl\/de\/wp-json\/wp\/v2\/types\/page"}],"author":[{"embeddable":true,"href":"https:\/\/turijnmagazijn.nl\/de\/wp-json\/wp\/v2\/users\/1"}],"replies":[{"embeddable":true,"href":"https:\/\/turijnmagazijn.nl\/de\/wp-json\/wp\/v2\/comments?post=60210"}],"version-history":[{"count":0,"href":"https:\/\/turijnmagazijn.nl\/de\/wp-json\/wp\/v2\/pages\/60210\/revisions"}],"wp:attachment":[{"href":"https:\/\/turijnmagazijn.nl\/de\/wp-json\/wp\/v2\/media?parent=60210"}],"curies":[{"name":"wp","href":"https:\/\/api.w.org\/{rel}","templated":true}]}}