{"id":60218,"date":"2023-03-10T08:47:05","date_gmt":"2023-03-10T07:47:05","guid":{"rendered":"https:\/\/turijnmagazijn.nl\/unsere-partner\/"},"modified":"2023-03-27T14:11:41","modified_gmt":"2023-03-27T12:11:41","slug":"unsere-partner","status":"publish","type":"page","link":"https:\/\/turijnmagazijn.nl\/de\/unsere-partner\/","title":{"rendered":"Unsere Partner"},"content":{"rendered":"\t\t<div data-elementor-type=\"wp-page\" data-elementor-id=\"60218\" class=\"elementor elementor-60218 elementor-16364\" data-elementor-post-type=\"page\">\n\t\t\t\t\t\t<section class=\"elementor-section elementor-top-section elementor-element elementor-element-0e5fe27 elementor-section-boxed elementor-section-height-default elementor-section-height-default\" data-id=\"0e5fe27\" data-element_type=\"section\" data-e-type=\"section\" data-settings=\"{&quot;jet_parallax_layout_list&quot;:[]}\">\n\t\t\t\t\t\t<div class=\"elementor-container elementor-column-gap-no\">\n\t\t\t\t\t<div class=\"elementor-column elementor-col-100 elementor-top-column elementor-element elementor-element-3b9ce76\" data-id=\"3b9ce76\" data-element_type=\"column\" data-e-type=\"column\">\n\t\t\t<div class=\"elementor-widget-wrap elementor-element-populated\">\n\t\t\t\t\t\t<div class=\"elementor-element elementor-element-6f26e8f elementor-widget elementor-widget-heading\" data-id=\"6f26e8f\" data-element_type=\"widget\" data-e-type=\"widget\" data-widget_type=\"heading.default\">\n\t\t\t\t<div class=\"elementor-widget-container\">\n\t\t\t\t\t<h1 class=\"elementor-heading-title elementor-size-default\">Unsere Partner<\/h1>\t\t\t\t<\/div>\n\t\t\t\t<\/div>\n\t\t\t\t<div class=\"elementor-element elementor-element-6cbd58c elementor-widget elementor-widget-text-editor\" data-id=\"6cbd58c\" data-element_type=\"widget\" data-e-type=\"widget\" data-widget_type=\"text-editor.default\">\n\t\t\t\t<div class=\"elementor-widget-container\">\n\t\t\t\t\t\t\t\t\t<p>Wir sind stolz darauf, mit folgenden Partnern zusammenzuarbeiten:<\/p>\n\t\t\t\t\t\t\t\t<\/div>\n\t\t\t\t<\/div>\n\t\t\t\t<section class=\"elementor-section elementor-inner-section elementor-element elementor-element-6d2cf33 elementor-reverse-mobile elementor-section-boxed elementor-section-height-default elementor-section-height-default\" data-id=\"6d2cf33\" data-element_type=\"section\" data-e-type=\"section\" data-settings=\"{&quot;jet_parallax_layout_list&quot;:[]}\">\n\t\t\t\t\t\t<div class=\"elementor-container elementor-column-gap-no\">\n\t\t\t\t\t<div class=\"elementor-column elementor-col-50 elementor-inner-column elementor-element elementor-element-6b18dac\" data-id=\"6b18dac\" data-element_type=\"column\" data-e-type=\"column\">\n\t\t\t<div class=\"elementor-widget-wrap elementor-element-populated\">\n\t\t\t\t\t\t<div class=\"elementor-element elementor-element-654cc4d elementor-widget elementor-widget-text-editor\" data-id=\"654cc4d\" data-element_type=\"widget\" data-e-type=\"widget\" data-widget_type=\"text-editor.default\">\n\t\t\t\t<div class=\"elementor-widget-container\">\n\t\t\t\t\t\t\t\t\t<p>Autoservice Steven Nijenhuis ist eine Universalwerkstatt, die immer noch die altmodische Qualit\u00e4t eines Werkstattmechanikers bietet, der arbeitet und mit dem Kunden spricht. Viele Autobesitzer in Zutphen wissen jetzt, wie sie Steven Nijenhuis f\u00fcr alle Arten von Wartung, Autoreifen usw. finden k\u00f6nnen, aber es gibt auch eindeutig eine Gruppe von Autoenthusiasten im Kundenstamm, die das Ma\u00df an Sorgfalt und pers\u00f6nlicher Aufmerksamkeit von Autoservice Steven zu sch\u00e4tzen wissen Nijenhuis ist bekannt f\u00fcr. Werfen Sie einen Blick auf <a href=\"http:\/\/autoservicenijenhuis.nl\/index.php\" target=\"_blank\" rel=\"noreferrer noopener\">die Website<\/a> f\u00fcr allgemeine Informationen oder gehen Sie direkt zum <a href=\"http:\/\/autoservicenijenhuis.nl\/Webshop\/Banden_winkel.php\" target=\"_blank\" rel=\"noreferrer noopener\">Reifen-Webshop<\/a>, um sich einen \u00dcberblick \u00fcber das Reifensortiment zu verschaffen.<\/p>\n<p>Autoservice Steven Nijenhuis ist ein Montagepartner f\u00fcr Delenkorf, fast alle Teile k\u00f6nnen in Absprache montiert werden. Auf Wunsch entfallen die Versandkosten und wir liefern unsere Teile am vereinbarten Montagetag vor Ort. Kontaktieren Sie Delenkorf immer vorher per E-Mail.<\/p>\n<p><strong>Autoservice Steven Nijenhuis<\/strong><br \/>Mercuriusweg 2<br \/>7202 BS Zutphen<br \/>Tel: 0575-775569<br \/>E-mail: <a href=\"http:\/\/mailto:info@autoservicenijenhuis.nl%20\/\" target=\"_blank\" rel=\"noreferrer noopener\">info@autoservicenijenhuis.nl <\/a> <\/p>\n\t\t\t\t\t\t\t\t<\/div>\n\t\t\t\t<\/div>\n\t\t\t\t\t<\/div>\n\t\t<\/div>\n\t\t\t\t<div class=\"elementor-column elementor-col-50 elementor-inner-column elementor-element elementor-element-ae80931\" data-id=\"ae80931\" data-element_type=\"column\" data-e-type=\"column\">\n\t\t\t<div class=\"elementor-widget-wrap elementor-element-populated\">\n\t\t\t\t\t\t<div class=\"elementor-element elementor-element-7a9e64b elementor-widget elementor-widget-image\" data-id=\"7a9e64b\" data-element_type=\"widget\" data-e-type=\"widget\" data-widget_type=\"image.default\">\n\t\t\t\t<div class=\"elementor-widget-container\">\n\t\t\t\t\t\t\t\t\t\t\t\t\t\t\t<img fetchpriority=\"high\" decoding=\"async\" width=\"603\" height=\"123\" src=\"https:\/\/turijnmagazijn.nl\/wp-content\/uploads\/2023\/03\/partner-autoservice-steven-nijenhuis.png\" class=\"attachment-large size-large wp-image-58312\" alt=\"\" srcset=\"https:\/\/turijnmagazijn.nl\/wp-content\/uploads\/2023\/03\/partner-autoservice-steven-nijenhuis.png 603w, https:\/\/turijnmagazijn.nl\/wp-content\/uploads\/2023\/03\/partner-autoservice-steven-nijenhuis-300x61.png 300w, https:\/\/turijnmagazijn.nl\/wp-content\/uploads\/2023\/03\/partner-autoservice-steven-nijenhuis-600x122.png 600w\" sizes=\"(max-width: 603px) 100vw, 603px\" \/>\t\t\t\t\t\t\t\t\t\t\t\t\t\t\t<\/div>\n\t\t\t\t<\/div>\n\t\t\t\t\t<\/div>\n\t\t<\/div>\n\t\t\t\t\t<\/div>\n\t\t<\/section>\n\t\t\t\t<section class=\"elementor-section elementor-inner-section elementor-element elementor-element-2070b39 elementor-section-boxed elementor-section-height-default elementor-section-height-default\" data-id=\"2070b39\" data-element_type=\"section\" data-e-type=\"section\" data-settings=\"{&quot;jet_parallax_layout_list&quot;:[]}\">\n\t\t\t\t\t\t<div class=\"elementor-container elementor-column-gap-no\">\n\t\t\t\t\t<div class=\"elementor-column elementor-col-50 elementor-inner-column elementor-element elementor-element-e93dafa\" data-id=\"e93dafa\" data-element_type=\"column\" data-e-type=\"column\">\n\t\t\t<div class=\"elementor-widget-wrap elementor-element-populated\">\n\t\t\t\t\t\t<div class=\"elementor-element elementor-element-86f50ab elementor-widget elementor-widget-image\" data-id=\"86f50ab\" data-element_type=\"widget\" data-e-type=\"widget\" data-widget_type=\"image.default\">\n\t\t\t\t<div class=\"elementor-widget-container\">\n\t\t\t\t\t\t\t\t\t\t\t\t\t\t\t<img decoding=\"async\" width=\"453\" height=\"51\" src=\"https:\/\/turijnmagazijn.nl\/wp-content\/uploads\/2023\/03\/partner-arendse-autos.png\" class=\"attachment-large size-large wp-image-58316\" alt=\"\" srcset=\"https:\/\/turijnmagazijn.nl\/wp-content\/uploads\/2023\/03\/partner-arendse-autos.png 453w, https:\/\/turijnmagazijn.nl\/wp-content\/uploads\/2023\/03\/partner-arendse-autos-300x34.png 300w\" sizes=\"(max-width: 453px) 100vw, 453px\" \/>\t\t\t\t\t\t\t\t\t\t\t\t\t\t\t<\/div>\n\t\t\t\t<\/div>\n\t\t\t\t\t<\/div>\n\t\t<\/div>\n\t\t\t\t<div class=\"elementor-column elementor-col-50 elementor-inner-column elementor-element elementor-element-0b1cba2\" data-id=\"0b1cba2\" data-element_type=\"column\" data-e-type=\"column\">\n\t\t\t<div class=\"elementor-widget-wrap elementor-element-populated\">\n\t\t\t\t\t\t<div class=\"elementor-element elementor-element-37cf9c3 elementor-widget elementor-widget-text-editor\" data-id=\"37cf9c3\" data-element_type=\"widget\" data-e-type=\"widget\" data-widget_type=\"text-editor.default\">\n\t\t\t\t<div class=\"elementor-widget-container\">\n\t\t\t\t\t\t\t\t\t<p>Arendse Auto&#8217;s befasst sich mit der Wartung und dem Verkauf aller neueren Lancia-Modelle, Fiat- und Alfa Romeo-Besitzer geh\u00f6ren ebenfalls zur Zielgruppe. Arendse hat 25 Jahre Erfahrung im Lancia-Bereich und kann sehr gut mit den Modellen Lybra, Ypsilon, Thesis, Phedra und Musa umgehen. Arendses Spezialit\u00e4t ist jedoch der Lancia Kappa und speziell das Lancia Kappa Coup\u00e9. Von diesem besonderen und exklusiven Modell (dem letzten handgefertigten Lancia mit nur 3200 produzierten Einheiten) hat Arendse immer eine gro\u00dfe Auswahl an Gebrauchtwagen von au\u00dfergew\u00f6hnlicher Qualit\u00e4t. Werfen Sie einen Blick auf <a href=\"http:\/\/arendseauto.nl\/\" target=\"_blank\" rel=\"noreferrer noopener\">die Website von Arendse Auto&#8217;s<\/a>, wo auch eine gro\u00dfe Auswahl an Miniaturen angeboten wird.<\/p>\n<p><strong>Arendse Auto\u2019s Lancia Specialist<\/strong><br \/>\u2018t Holland 47<br \/>6921 GX DUIVEN<br \/>T 0316 \u2013 261541<br \/>E-mail: <a href=\"mailto:info@arendseauto.nl?subject=reactie%20op%20website\">info@arendseauto.nl<\/a><\/p>\n\t\t\t\t\t\t\t\t<\/div>\n\t\t\t\t<\/div>\n\t\t\t\t\t<\/div>\n\t\t<\/div>\n\t\t\t\t\t<\/div>\n\t\t<\/section>\n\t\t\t\t<section class=\"elementor-section elementor-inner-section elementor-element elementor-element-dbf564f elementor-reverse-mobile elementor-section-boxed elementor-section-height-default elementor-section-height-default\" data-id=\"dbf564f\" data-element_type=\"section\" data-e-type=\"section\" data-settings=\"{&quot;jet_parallax_layout_list&quot;:[]}\">\n\t\t\t\t\t\t<div class=\"elementor-container elementor-column-gap-no\">\n\t\t\t\t\t<div class=\"elementor-column elementor-col-50 elementor-inner-column elementor-element elementor-element-c20a921\" data-id=\"c20a921\" data-element_type=\"column\" data-e-type=\"column\">\n\t\t\t<div class=\"elementor-widget-wrap elementor-element-populated\">\n\t\t\t\t\t\t<div class=\"elementor-element elementor-element-74ccc0d elementor-widget elementor-widget-text-editor\" data-id=\"74ccc0d\" data-element_type=\"widget\" data-e-type=\"widget\" data-widget_type=\"text-editor.default\">\n\t\t\t\t<div class=\"elementor-widget-container\">\n\t\t\t\t\t\t\t\t\t<p>Autosklep24 ist ein Webshop in Polen, der auf den Verkauf von neuen Autoteilen italienischer Automarken spezialisiert ist. Sie haben auch eine Reihe von gebrauchten Teilen, unter anderem f\u00fcr Lancia Kappa. Wenn Sie nach etwas Bestimmtem suchen, das Sie auf unserer Seite nicht finden k\u00f6nnen, werfen Sie unbedingt einen Blick auf ihre Webseite. Sie versenden auch in die Niederlande und sprechen ausgezeichnetes Englisch. Ihr Angebot finden Sie auf <a href=\"https:\/\/www.autosklep24.pl\/pl\/searchquery\/model\/1\/full\/5\/model_75-79\/1?currency=EUR&amp;fbclid=IwAR1km-zBNGnbTMDYKOH1SZM3ey4njM1bpjeUOuy6bs-CYjSN_M5gMd0IwjA\" target=\"_blank\" rel=\"noreferrer noopener\">der Website von autosklep24<\/a>. <\/p>\n<p><strong>Autosklep24.pl<br \/><\/strong>ul. Gen Pu\u0142askiego 3<br \/>95-200 PABIANICE<br \/>Polen<br \/>T +790 278 664 792 465 368 <br \/>E-mail: <a href=\"mailto:sklep@autosklep24.pl\" target=\"_blank\" rel=\"noreferrer noopener\">sklep@autosklep24.pl<\/a><\/p>\n\t\t\t\t\t\t\t\t<\/div>\n\t\t\t\t<\/div>\n\t\t\t\t\t<\/div>\n\t\t<\/div>\n\t\t\t\t<div class=\"elementor-column elementor-col-50 elementor-inner-column elementor-element elementor-element-5e380dd\" data-id=\"5e380dd\" data-element_type=\"column\" data-e-type=\"column\">\n\t\t\t<div class=\"elementor-widget-wrap elementor-element-populated\">\n\t\t\t\t\t\t<div class=\"elementor-element elementor-element-4795fed elementor-widget elementor-widget-image\" data-id=\"4795fed\" data-element_type=\"widget\" data-e-type=\"widget\" data-widget_type=\"image.default\">\n\t\t\t\t<div class=\"elementor-widget-container\">\n\t\t\t\t\t\t\t\t\t\t\t\t\t\t\t<img decoding=\"async\" width=\"490\" height=\"90\" src=\"https:\/\/turijnmagazijn.nl\/wp-content\/uploads\/2023\/03\/partner-autosklep24.jpeg\" class=\"attachment-large size-large wp-image-58320\" alt=\"\" srcset=\"https:\/\/turijnmagazijn.nl\/wp-content\/uploads\/2023\/03\/partner-autosklep24.jpeg 490w, https:\/\/turijnmagazijn.nl\/wp-content\/uploads\/2023\/03\/partner-autosklep24-300x55.jpeg 300w\" sizes=\"(max-width: 490px) 100vw, 490px\" \/>\t\t\t\t\t\t\t\t\t\t\t\t\t\t\t<\/div>\n\t\t\t\t<\/div>\n\t\t\t\t\t<\/div>\n\t\t<\/div>\n\t\t\t\t\t<\/div>\n\t\t<\/section>\n\t\t\t\t\t<\/div>\n\t\t<\/div>\n\t\t\t\t\t<\/div>\n\t\t<\/section>\n\t\t\t\t<\/div>\n\t\t","protected":false},"excerpt":{"rendered":"<p>Wir sind stolz darauf, mit folgenden Partnern zusammenzuarbeiten: Autoservice Steven Nijenhuis ist eine Universalwerkstatt, die immer noch die altmodische Qualit\u00e4t eines Werkstattmechanikers bietet, der arbeitet und mit dem Kunden spricht. Viele Autobesitzer in Zutphen wissen jetzt, wie sie Steven Nijenhuis f\u00fcr alle Arten von Wartung, Autoreifen usw. finden k\u00f6nnen, aber es gibt auch eindeutig eine [&hellip;]<\/p>\n","protected":false},"author":1,"featured_media":0,"parent":0,"menu_order":0,"comment_status":"closed","ping_status":"closed","template":"","meta":{"_acf_changed":false,"footnotes":""},"class_list":["post-60218","page","type-page","status-publish","hentry"],"acf":[],"yoast_head":"<!-- This site is optimized with the Yoast SEO plugin v27.2 - https:\/\/yoast.com\/product\/yoast-seo-wordpress\/ -->\n<title>Unsere Partner - Turijnmagazijn<\/title>\n<meta name=\"robots\" content=\"index, follow, max-snippet:-1, max-image-preview:large, max-video-preview:-1\" \/>\n<link rel=\"canonical\" href=\"https:\/\/turijnmagazijn.nl\/de\/unsere-partner\/\" \/>\n<meta property=\"og:locale\" content=\"de_DE\" \/>\n<meta property=\"og:type\" content=\"article\" \/>\n<meta property=\"og:title\" content=\"Unsere Partner - Turijnmagazijn\" \/>\n<meta property=\"og:description\" content=\"Wir sind stolz darauf, mit folgenden Partnern zusammenzuarbeiten: Autoservice Steven Nijenhuis ist eine Universalwerkstatt, die immer noch die altmodische Qualit\u00e4t eines Werkstattmechanikers bietet, der arbeitet und mit dem Kunden spricht. Viele Autobesitzer in Zutphen wissen jetzt, wie sie Steven Nijenhuis f\u00fcr alle Arten von Wartung, Autoreifen usw. finden k\u00f6nnen, aber es gibt auch eindeutig eine [&hellip;]\" \/>\n<meta property=\"og:url\" content=\"https:\/\/turijnmagazijn.nl\/de\/unsere-partner\/\" \/>\n<meta property=\"og:site_name\" content=\"Turijnmagazijn\" \/>\n<meta property=\"article:publisher\" content=\"https:\/\/www.facebook.com\/turijnmagazijn\" \/>\n<meta property=\"article:modified_time\" content=\"2023-03-27T12:11:41+00:00\" \/>\n<meta property=\"og:image\" content=\"https:\/\/turijnmagazijn.jumpstone-dev.nl\/wp-content\/uploads\/2023\/03\/partner-autoservice-steven-nijenhuis.png\" \/>\n<meta name=\"twitter:card\" content=\"summary_large_image\" \/>\n<meta name=\"twitter:label1\" content=\"Gesch\u00e4tzte Lesezeit\" \/>\n\t<meta name=\"twitter:data1\" content=\"2\u00a0Minuten\" \/>\n<script type=\"application\/ld+json\" class=\"yoast-schema-graph\">{\"@context\":\"https:\/\/schema.org\",\"@graph\":[{\"@type\":\"WebPage\",\"@id\":\"https:\/\/turijnmagazijn.nl\/de\/unsere-partner\/\",\"url\":\"https:\/\/turijnmagazijn.nl\/de\/unsere-partner\/\",\"name\":\"Unsere Partner - Turijnmagazijn\",\"isPartOf\":{\"@id\":\"https:\/\/turijnmagazijn.jumpstone-dev.nl\/#website\"},\"primaryImageOfPage\":{\"@id\":\"https:\/\/turijnmagazijn.nl\/de\/unsere-partner\/#primaryimage\"},\"image\":{\"@id\":\"https:\/\/turijnmagazijn.nl\/de\/unsere-partner\/#primaryimage\"},\"thumbnailUrl\":\"https:\/\/turijnmagazijn.nl\/wp-content\/uploads\/2023\/03\/partner-autoservice-steven-nijenhuis.png\",\"datePublished\":\"2023-03-10T07:47:05+00:00\",\"dateModified\":\"2023-03-27T12:11:41+00:00\",\"breadcrumb\":{\"@id\":\"https:\/\/turijnmagazijn.nl\/de\/unsere-partner\/#breadcrumb\"},\"inLanguage\":\"de\",\"potentialAction\":[{\"@type\":\"ReadAction\",\"target\":[\"https:\/\/turijnmagazijn.nl\/de\/unsere-partner\/\"]}]},{\"@type\":\"ImageObject\",\"inLanguage\":\"de\",\"@id\":\"https:\/\/turijnmagazijn.nl\/de\/unsere-partner\/#primaryimage\",\"url\":\"https:\/\/turijnmagazijn.nl\/wp-content\/uploads\/2023\/03\/partner-autoservice-steven-nijenhuis.png\",\"contentUrl\":\"https:\/\/turijnmagazijn.nl\/wp-content\/uploads\/2023\/03\/partner-autoservice-steven-nijenhuis.png\"},{\"@type\":\"BreadcrumbList\",\"@id\":\"https:\/\/turijnmagazijn.nl\/de\/unsere-partner\/#breadcrumb\",\"itemListElement\":[{\"@type\":\"ListItem\",\"position\":1,\"name\":\"Home\",\"item\":\"https:\/\/turijnmagazijn.nl\/de\/\"},{\"@type\":\"ListItem\",\"position\":2,\"name\":\"Unsere Partner\"}]},{\"@type\":\"WebSite\",\"@id\":\"https:\/\/turijnmagazijn.jumpstone-dev.nl\/#website\",\"url\":\"https:\/\/turijnmagazijn.jumpstone-dev.nl\/\",\"name\":\"Turijnmagazijn\",\"description\":\"Onderdelen nieuw en gebruikt - Fiat &amp; Lancia\",\"publisher\":{\"@id\":\"https:\/\/turijnmagazijn.jumpstone-dev.nl\/#organization\"},\"potentialAction\":[{\"@type\":\"SearchAction\",\"target\":{\"@type\":\"EntryPoint\",\"urlTemplate\":\"https:\/\/turijnmagazijn.jumpstone-dev.nl\/?s={search_term_string}\"},\"query-input\":{\"@type\":\"PropertyValueSpecification\",\"valueRequired\":true,\"valueName\":\"search_term_string\"}}],\"inLanguage\":\"de\"},{\"@type\":\"Organization\",\"@id\":\"https:\/\/turijnmagazijn.jumpstone-dev.nl\/#organization\",\"name\":\"Turijnmagazijn\",\"url\":\"https:\/\/turijnmagazijn.jumpstone-dev.nl\/\",\"logo\":{\"@type\":\"ImageObject\",\"inLanguage\":\"de\",\"@id\":\"https:\/\/turijnmagazijn.jumpstone-dev.nl\/#\/schema\/logo\/image\/\",\"url\":\"https:\/\/turijnmagazijn.nl\/wp-content\/uploads\/2021\/02\/turijnmagazijnlogo.png\",\"contentUrl\":\"https:\/\/turijnmagazijn.nl\/wp-content\/uploads\/2021\/02\/turijnmagazijnlogo.png\",\"width\":555,\"height\":270,\"caption\":\"Turijnmagazijn\"},\"image\":{\"@id\":\"https:\/\/turijnmagazijn.jumpstone-dev.nl\/#\/schema\/logo\/image\/\"},\"sameAs\":[\"https:\/\/www.facebook.com\/turijnmagazijn\"]}]}<\/script>\n<!-- \/ Yoast SEO plugin. -->","yoast_head_json":{"title":"Unsere Partner - Turijnmagazijn","robots":{"index":"index","follow":"follow","max-snippet":"max-snippet:-1","max-image-preview":"max-image-preview:large","max-video-preview":"max-video-preview:-1"},"canonical":"https:\/\/turijnmagazijn.nl\/de\/unsere-partner\/","og_locale":"de_DE","og_type":"article","og_title":"Unsere Partner - Turijnmagazijn","og_description":"Wir sind stolz darauf, mit folgenden Partnern zusammenzuarbeiten: Autoservice Steven Nijenhuis ist eine Universalwerkstatt, die immer noch die altmodische Qualit\u00e4t eines Werkstattmechanikers bietet, der arbeitet und mit dem Kunden spricht. Viele Autobesitzer in Zutphen wissen jetzt, wie sie Steven Nijenhuis f\u00fcr alle Arten von Wartung, Autoreifen usw. finden k\u00f6nnen, aber es gibt auch eindeutig eine [&hellip;]","og_url":"https:\/\/turijnmagazijn.nl\/de\/unsere-partner\/","og_site_name":"Turijnmagazijn","article_publisher":"https:\/\/www.facebook.com\/turijnmagazijn","article_modified_time":"2023-03-27T12:11:41+00:00","og_image":[{"url":"https:\/\/turijnmagazijn.jumpstone-dev.nl\/wp-content\/uploads\/2023\/03\/partner-autoservice-steven-nijenhuis.png","type":"","width":"","height":""}],"twitter_card":"summary_large_image","twitter_misc":{"Gesch\u00e4tzte Lesezeit":"2\u00a0Minuten"},"schema":{"@context":"https:\/\/schema.org","@graph":[{"@type":"WebPage","@id":"https:\/\/turijnmagazijn.nl\/de\/unsere-partner\/","url":"https:\/\/turijnmagazijn.nl\/de\/unsere-partner\/","name":"Unsere Partner - Turijnmagazijn","isPartOf":{"@id":"https:\/\/turijnmagazijn.jumpstone-dev.nl\/#website"},"primaryImageOfPage":{"@id":"https:\/\/turijnmagazijn.nl\/de\/unsere-partner\/#primaryimage"},"image":{"@id":"https:\/\/turijnmagazijn.nl\/de\/unsere-partner\/#primaryimage"},"thumbnailUrl":"https:\/\/turijnmagazijn.nl\/wp-content\/uploads\/2023\/03\/partner-autoservice-steven-nijenhuis.png","datePublished":"2023-03-10T07:47:05+00:00","dateModified":"2023-03-27T12:11:41+00:00","breadcrumb":{"@id":"https:\/\/turijnmagazijn.nl\/de\/unsere-partner\/#breadcrumb"},"inLanguage":"de","potentialAction":[{"@type":"ReadAction","target":["https:\/\/turijnmagazijn.nl\/de\/unsere-partner\/"]}]},{"@type":"ImageObject","inLanguage":"de","@id":"https:\/\/turijnmagazijn.nl\/de\/unsere-partner\/#primaryimage","url":"https:\/\/turijnmagazijn.nl\/wp-content\/uploads\/2023\/03\/partner-autoservice-steven-nijenhuis.png","contentUrl":"https:\/\/turijnmagazijn.nl\/wp-content\/uploads\/2023\/03\/partner-autoservice-steven-nijenhuis.png"},{"@type":"BreadcrumbList","@id":"https:\/\/turijnmagazijn.nl\/de\/unsere-partner\/#breadcrumb","itemListElement":[{"@type":"ListItem","position":1,"name":"Home","item":"https:\/\/turijnmagazijn.nl\/de\/"},{"@type":"ListItem","position":2,"name":"Unsere Partner"}]},{"@type":"WebSite","@id":"https:\/\/turijnmagazijn.jumpstone-dev.nl\/#website","url":"https:\/\/turijnmagazijn.jumpstone-dev.nl\/","name":"Turijnmagazijn","description":"Onderdelen nieuw en gebruikt - Fiat &amp; Lancia","publisher":{"@id":"https:\/\/turijnmagazijn.jumpstone-dev.nl\/#organization"},"potentialAction":[{"@type":"SearchAction","target":{"@type":"EntryPoint","urlTemplate":"https:\/\/turijnmagazijn.jumpstone-dev.nl\/?s={search_term_string}"},"query-input":{"@type":"PropertyValueSpecification","valueRequired":true,"valueName":"search_term_string"}}],"inLanguage":"de"},{"@type":"Organization","@id":"https:\/\/turijnmagazijn.jumpstone-dev.nl\/#organization","name":"Turijnmagazijn","url":"https:\/\/turijnmagazijn.jumpstone-dev.nl\/","logo":{"@type":"ImageObject","inLanguage":"de","@id":"https:\/\/turijnmagazijn.jumpstone-dev.nl\/#\/schema\/logo\/image\/","url":"https:\/\/turijnmagazijn.nl\/wp-content\/uploads\/2021\/02\/turijnmagazijnlogo.png","contentUrl":"https:\/\/turijnmagazijn.nl\/wp-content\/uploads\/2021\/02\/turijnmagazijnlogo.png","width":555,"height":270,"caption":"Turijnmagazijn"},"image":{"@id":"https:\/\/turijnmagazijn.jumpstone-dev.nl\/#\/schema\/logo\/image\/"},"sameAs":["https:\/\/www.facebook.com\/turijnmagazijn"]}]}},"_links":{"self":[{"href":"https:\/\/turijnmagazijn.nl\/de\/wp-json\/wp\/v2\/pages\/60218","targetHints":{"allow":["GET"]}}],"collection":[{"href":"https:\/\/turijnmagazijn.nl\/de\/wp-json\/wp\/v2\/pages"}],"about":[{"href":"https:\/\/turijnmagazijn.nl\/de\/wp-json\/wp\/v2\/types\/page"}],"author":[{"embeddable":true,"href":"https:\/\/turijnmagazijn.nl\/de\/wp-json\/wp\/v2\/users\/1"}],"replies":[{"embeddable":true,"href":"https:\/\/turijnmagazijn.nl\/de\/wp-json\/wp\/v2\/comments?post=60218"}],"version-history":[{"count":0,"href":"https:\/\/turijnmagazijn.nl\/de\/wp-json\/wp\/v2\/pages\/60218\/revisions"}],"wp:attachment":[{"href":"https:\/\/turijnmagazijn.nl\/de\/wp-json\/wp\/v2\/media?parent=60218"}],"curies":[{"name":"wp","href":"https:\/\/api.w.org\/{rel}","templated":true}]}}