{"id":60220,"date":"2023-03-10T08:46:48","date_gmt":"2023-03-10T07:46:48","guid":{"rendered":"https:\/\/turijnmagazijn.nl\/postfachversand\/"},"modified":"2023-03-27T14:13:18","modified_gmt":"2023-03-27T12:13:18","slug":"postfachversand","status":"publish","type":"page","link":"https:\/\/turijnmagazijn.nl\/de\/postfachversand\/","title":{"rendered":"Postfachversand"},"content":{"rendered":"\t\t<div data-elementor-type=\"wp-page\" data-elementor-id=\"60220\" class=\"elementor elementor-60220 elementor-16362\" data-elementor-post-type=\"page\">\n\t\t\t\t\t\t<section class=\"elementor-section elementor-top-section elementor-element elementor-element-9f05807 elementor-section-boxed elementor-section-height-default elementor-section-height-default\" data-id=\"9f05807\" data-element_type=\"section\" data-e-type=\"section\" data-settings=\"{&quot;jet_parallax_layout_list&quot;:[]}\">\n\t\t\t\t\t\t<div class=\"elementor-container elementor-column-gap-no\">\n\t\t\t\t\t<div class=\"elementor-column elementor-col-100 elementor-top-column elementor-element elementor-element-75dcbd8\" data-id=\"75dcbd8\" data-element_type=\"column\" data-e-type=\"column\">\n\t\t\t<div class=\"elementor-widget-wrap elementor-element-populated\">\n\t\t\t\t\t\t<div class=\"elementor-element elementor-element-8503956 elementor-widget elementor-widget-heading\" data-id=\"8503956\" data-element_type=\"widget\" data-e-type=\"widget\" data-widget_type=\"heading.default\">\n\t\t\t\t<div class=\"elementor-widget-container\">\n\t\t\t\t\t<h1 class=\"elementor-heading-title elementor-size-default\">Postfachversand<\/h1>\t\t\t\t<\/div>\n\t\t\t\t<\/div>\n\t\t\t\t<div class=\"elementor-element elementor-element-39ee884 elementor-widget__width-initial elementor-widget-mobile__width-inherit elementor-widget elementor-widget-text-editor\" data-id=\"39ee884\" data-element_type=\"widget\" data-e-type=\"widget\" data-widget_type=\"text-editor.default\">\n\t\t\t\t<div class=\"elementor-widget-container\">\n\t\t\t\t\t\t\t\t\t<p>F\u00fcr Artikel, die mit dem Badge gekennzeichnet sind, ist es m\u00f6glich, eine Briefkastenlieferung anzufordern. Befolgen Sie die folgenden Schritte, um eine Briefkastenlieferung anzufordern;<\/p>\n\t\t\t\t\t\t\t\t<\/div>\n\t\t\t\t<\/div>\n\t\t\t\t<div class=\"elementor-element elementor-element-d56e51e elementor-widget__width-initial elementor-widget-mobile__width-inherit elementor-widget elementor-widget-image\" data-id=\"d56e51e\" data-element_type=\"widget\" data-e-type=\"widget\" data-widget_type=\"image.default\">\n\t\t\t\t<div class=\"elementor-widget-container\">\n\t\t\t\t\t\t\t\t\t\t\t\t\t\t\t<img decoding=\"async\" width=\"487\" height=\"45\" src=\"https:\/\/turijnmagazijn.nl\/wp-content\/uploads\/2023\/03\/brievenbusverzending-label.png\" class=\"attachment-large size-large wp-image-58308\" alt=\"\" srcset=\"https:\/\/turijnmagazijn.nl\/wp-content\/uploads\/2023\/03\/brievenbusverzending-label.png 487w, https:\/\/turijnmagazijn.nl\/wp-content\/uploads\/2023\/03\/brievenbusverzending-label-300x28.png 300w\" sizes=\"(max-width: 487px) 100vw, 487px\" \/>\t\t\t\t\t\t\t\t\t\t\t\t\t\t\t<\/div>\n\t\t\t\t<\/div>\n\t\t\t\t<div class=\"elementor-element elementor-element-9602531 elementor-widget__width-initial elementor-widget-mobile__width-inherit elementor-widget elementor-widget-text-editor\" data-id=\"9602531\" data-element_type=\"widget\" data-e-type=\"widget\" data-widget_type=\"text-editor.default\">\n\t\t\t\t<div class=\"elementor-widget-container\">\n\t\t\t\t\t\t\t\t\t<p>1. Senden Sie uns eine E-Mail an info@delenkorf.nl mit dem Betreff \u201eBriefkastenversand\u201c mit den Produkten und Mengen, die Sie bestellen m\u00f6chten<\/p>\n<p>2. Wir \u00fcberpr\u00fcfen die Abmessungen Ihrer Bestellung und berechnen das Gewicht und bieten Ihnen einen benutzerdefinierten Versandtarif an, der wie folgt lautet:<br \/>1. Bis 20 Gramm (gewogen inkl. Versandumschlag und Etikett) 3,50 Euro<br \/>2. Bis 50 Gramm (gewogen inkl. Versandh\u00fclle und Etikett) 4,00 Euro<br \/>3. Bis 2 kg (gewogen inkl. Verpackung) 5,00 Euro<\/p>\n<p>3. Der Mindestbestellwert f\u00fcr unsere Website ist auf 6,99 \u20ac festgelegt. Wenn die Versandkosten und der Preis des Artikels zusammen diesen Betrag unterschreiten, gilt der Mindestbestellwert.<\/p>\n<p>4. In der E-Mail, die Sie zur\u00fcckerhalten, ist beschrieben, welche Tarifgruppe f\u00fcr die Briefkastensendung Ihrer gew\u00e4hlten Bestellung gilt. Um die Versandkosten korrekt zu verarbeiten, senden wir Ihnen einen Rabattcode, den Sie an der Kasse eingeben m\u00fcssen, um die angepassten Versandkosten zu erhalten. Es wird auch darauf hingewiesen, dass diese Versandart unversichert ist und wir daher nicht haftbar gemacht werden k\u00f6nnen, wenn die Sendung unerwartet verloren geht. 99 von 100 Sendungen laufen gut, aber es ist immer m\u00f6glich, dass Sie einfach nur Pech haben.<\/p>\n<p><strong>Au\u00dferdem ist kein Track &amp; Trace verf\u00fcgbar.<\/strong><\/p>\n\t\t\t\t\t\t\t\t<\/div>\n\t\t\t\t<\/div>\n\t\t\t\t<div class=\"elementor-element elementor-element-7c583c5 elementor-widget__width-initial elementor-widget-mobile__width-inherit elementor-widget elementor-widget-image\" data-id=\"7c583c5\" data-element_type=\"widget\" data-e-type=\"widget\" data-widget_type=\"image.default\">\n\t\t\t\t<div class=\"elementor-widget-container\">\n\t\t\t\t\t\t\t\t\t\t\t\t\t\t\t<img fetchpriority=\"high\" decoding=\"async\" width=\"800\" height=\"600\" src=\"https:\/\/turijnmagazijn.nl\/wp-content\/uploads\/2023\/03\/brievenbusverzending-afbeelding.jpeg\" class=\"attachment-large size-large wp-image-58304\" alt=\"\" srcset=\"https:\/\/turijnmagazijn.nl\/wp-content\/uploads\/2023\/03\/brievenbusverzending-afbeelding.jpeg 1024w, https:\/\/turijnmagazijn.nl\/wp-content\/uploads\/2023\/03\/brievenbusverzending-afbeelding-300x225.jpeg 300w, https:\/\/turijnmagazijn.nl\/wp-content\/uploads\/2023\/03\/brievenbusverzending-afbeelding-768x576.jpeg 768w, https:\/\/turijnmagazijn.nl\/wp-content\/uploads\/2023\/03\/brievenbusverzending-afbeelding-600x450.jpeg 600w\" sizes=\"(max-width: 800px) 100vw, 800px\" \/>\t\t\t\t\t\t\t\t\t\t\t\t\t\t\t<\/div>\n\t\t\t\t<\/div>\n\t\t\t\t\t<\/div>\n\t\t<\/div>\n\t\t\t\t\t<\/div>\n\t\t<\/section>\n\t\t\t\t<\/div>\n\t\t","protected":false},"excerpt":{"rendered":"<p>F\u00fcr Artikel, die mit dem Badge gekennzeichnet sind, ist es m\u00f6glich, eine Briefkastenlieferung anzufordern. Befolgen Sie die folgenden Schritte, um eine Briefkastenlieferung anzufordern; 1. Senden Sie uns eine E-Mail an info@delenkorf.nl mit dem Betreff \u201eBriefkastenversand\u201c mit den Produkten und Mengen, die Sie bestellen m\u00f6chten 2. Wir \u00fcberpr\u00fcfen die Abmessungen Ihrer Bestellung und berechnen das Gewicht [&hellip;]<\/p>\n","protected":false},"author":1,"featured_media":0,"parent":0,"menu_order":0,"comment_status":"closed","ping_status":"closed","template":"","meta":{"_acf_changed":false,"footnotes":""},"class_list":["post-60220","page","type-page","status-publish","hentry"],"acf":[],"yoast_head":"<!-- This site is optimized with the Yoast SEO plugin v27.3 - https:\/\/yoast.com\/product\/yoast-seo-wordpress\/ -->\n<title>Postfachversand - Turijnmagazijn<\/title>\n<meta name=\"robots\" content=\"index, follow, max-snippet:-1, max-image-preview:large, max-video-preview:-1\" \/>\n<link rel=\"canonical\" href=\"https:\/\/turijnmagazijn.nl\/de\/postfachversand\/\" \/>\n<meta property=\"og:locale\" content=\"de_DE\" \/>\n<meta property=\"og:type\" content=\"article\" \/>\n<meta property=\"og:title\" content=\"Postfachversand - Turijnmagazijn\" \/>\n<meta property=\"og:description\" content=\"F\u00fcr Artikel, die mit dem Badge gekennzeichnet sind, ist es m\u00f6glich, eine Briefkastenlieferung anzufordern. Befolgen Sie die folgenden Schritte, um eine Briefkastenlieferung anzufordern; 1. Senden Sie uns eine E-Mail an info@delenkorf.nl mit dem Betreff \u201eBriefkastenversand\u201c mit den Produkten und Mengen, die Sie bestellen m\u00f6chten 2. Wir \u00fcberpr\u00fcfen die Abmessungen Ihrer Bestellung und berechnen das Gewicht [&hellip;]\" \/>\n<meta property=\"og:url\" content=\"https:\/\/turijnmagazijn.nl\/de\/postfachversand\/\" \/>\n<meta property=\"og:site_name\" content=\"Turijnmagazijn\" \/>\n<meta property=\"article:publisher\" content=\"https:\/\/www.facebook.com\/turijnmagazijn\" \/>\n<meta property=\"article:modified_time\" content=\"2023-03-27T12:13:18+00:00\" \/>\n<meta property=\"og:image\" content=\"https:\/\/turijnmagazijn.jumpstone-dev.nl\/wp-content\/uploads\/2023\/03\/brievenbusverzending-label.png\" \/>\n<meta name=\"twitter:card\" content=\"summary_large_image\" \/>\n<meta name=\"twitter:label1\" content=\"Gesch\u00e4tzte Lesezeit\" \/>\n\t<meta name=\"twitter:data1\" content=\"1\u00a0Minute\" \/>\n<script type=\"application\/ld+json\" class=\"yoast-schema-graph\">{\"@context\":\"https:\\\/\\\/schema.org\",\"@graph\":[{\"@type\":\"WebPage\",\"@id\":\"https:\\\/\\\/turijnmagazijn.nl\\\/de\\\/postfachversand\\\/\",\"url\":\"https:\\\/\\\/turijnmagazijn.nl\\\/de\\\/postfachversand\\\/\",\"name\":\"Postfachversand - Turijnmagazijn\",\"isPartOf\":{\"@id\":\"https:\\\/\\\/turijnmagazijn.jumpstone-dev.nl\\\/#website\"},\"primaryImageOfPage\":{\"@id\":\"https:\\\/\\\/turijnmagazijn.nl\\\/de\\\/postfachversand\\\/#primaryimage\"},\"image\":{\"@id\":\"https:\\\/\\\/turijnmagazijn.nl\\\/de\\\/postfachversand\\\/#primaryimage\"},\"thumbnailUrl\":\"https:\\\/\\\/turijnmagazijn.nl\\\/wp-content\\\/uploads\\\/2023\\\/03\\\/brievenbusverzending-label.png\",\"datePublished\":\"2023-03-10T07:46:48+00:00\",\"dateModified\":\"2023-03-27T12:13:18+00:00\",\"breadcrumb\":{\"@id\":\"https:\\\/\\\/turijnmagazijn.nl\\\/de\\\/postfachversand\\\/#breadcrumb\"},\"inLanguage\":\"de\",\"potentialAction\":[{\"@type\":\"ReadAction\",\"target\":[\"https:\\\/\\\/turijnmagazijn.nl\\\/de\\\/postfachversand\\\/\"]}]},{\"@type\":\"ImageObject\",\"inLanguage\":\"de\",\"@id\":\"https:\\\/\\\/turijnmagazijn.nl\\\/de\\\/postfachversand\\\/#primaryimage\",\"url\":\"https:\\\/\\\/turijnmagazijn.nl\\\/wp-content\\\/uploads\\\/2023\\\/03\\\/brievenbusverzending-label.png\",\"contentUrl\":\"https:\\\/\\\/turijnmagazijn.nl\\\/wp-content\\\/uploads\\\/2023\\\/03\\\/brievenbusverzending-label.png\"},{\"@type\":\"BreadcrumbList\",\"@id\":\"https:\\\/\\\/turijnmagazijn.nl\\\/de\\\/postfachversand\\\/#breadcrumb\",\"itemListElement\":[{\"@type\":\"ListItem\",\"position\":1,\"name\":\"Home\",\"item\":\"https:\\\/\\\/turijnmagazijn.nl\\\/de\\\/\"},{\"@type\":\"ListItem\",\"position\":2,\"name\":\"Postfachversand\"}]},{\"@type\":\"WebSite\",\"@id\":\"https:\\\/\\\/turijnmagazijn.jumpstone-dev.nl\\\/#website\",\"url\":\"https:\\\/\\\/turijnmagazijn.jumpstone-dev.nl\\\/\",\"name\":\"Turijnmagazijn\",\"description\":\"Onderdelen nieuw en gebruikt - Fiat &amp; Lancia\",\"publisher\":{\"@id\":\"https:\\\/\\\/turijnmagazijn.jumpstone-dev.nl\\\/#organization\"},\"potentialAction\":[{\"@type\":\"SearchAction\",\"target\":{\"@type\":\"EntryPoint\",\"urlTemplate\":\"https:\\\/\\\/turijnmagazijn.jumpstone-dev.nl\\\/?s={search_term_string}\"},\"query-input\":{\"@type\":\"PropertyValueSpecification\",\"valueRequired\":true,\"valueName\":\"search_term_string\"}}],\"inLanguage\":\"de\"},{\"@type\":\"Organization\",\"@id\":\"https:\\\/\\\/turijnmagazijn.jumpstone-dev.nl\\\/#organization\",\"name\":\"Turijnmagazijn\",\"url\":\"https:\\\/\\\/turijnmagazijn.jumpstone-dev.nl\\\/\",\"logo\":{\"@type\":\"ImageObject\",\"inLanguage\":\"de\",\"@id\":\"https:\\\/\\\/turijnmagazijn.jumpstone-dev.nl\\\/#\\\/schema\\\/logo\\\/image\\\/\",\"url\":\"https:\\\/\\\/turijnmagazijn.nl\\\/wp-content\\\/uploads\\\/2021\\\/02\\\/turijnmagazijnlogo.png\",\"contentUrl\":\"https:\\\/\\\/turijnmagazijn.nl\\\/wp-content\\\/uploads\\\/2021\\\/02\\\/turijnmagazijnlogo.png\",\"width\":555,\"height\":270,\"caption\":\"Turijnmagazijn\"},\"image\":{\"@id\":\"https:\\\/\\\/turijnmagazijn.jumpstone-dev.nl\\\/#\\\/schema\\\/logo\\\/image\\\/\"},\"sameAs\":[\"https:\\\/\\\/www.facebook.com\\\/turijnmagazijn\"]}]}<\/script>\n<!-- \/ Yoast SEO plugin. -->","yoast_head_json":{"title":"Postfachversand - Turijnmagazijn","robots":{"index":"index","follow":"follow","max-snippet":"max-snippet:-1","max-image-preview":"max-image-preview:large","max-video-preview":"max-video-preview:-1"},"canonical":"https:\/\/turijnmagazijn.nl\/de\/postfachversand\/","og_locale":"de_DE","og_type":"article","og_title":"Postfachversand - Turijnmagazijn","og_description":"F\u00fcr Artikel, die mit dem Badge gekennzeichnet sind, ist es m\u00f6glich, eine Briefkastenlieferung anzufordern. Befolgen Sie die folgenden Schritte, um eine Briefkastenlieferung anzufordern; 1. Senden Sie uns eine E-Mail an info@delenkorf.nl mit dem Betreff \u201eBriefkastenversand\u201c mit den Produkten und Mengen, die Sie bestellen m\u00f6chten 2. Wir \u00fcberpr\u00fcfen die Abmessungen Ihrer Bestellung und berechnen das Gewicht [&hellip;]","og_url":"https:\/\/turijnmagazijn.nl\/de\/postfachversand\/","og_site_name":"Turijnmagazijn","article_publisher":"https:\/\/www.facebook.com\/turijnmagazijn","article_modified_time":"2023-03-27T12:13:18+00:00","og_image":[{"url":"https:\/\/turijnmagazijn.jumpstone-dev.nl\/wp-content\/uploads\/2023\/03\/brievenbusverzending-label.png","type":"","width":"","height":""}],"twitter_card":"summary_large_image","twitter_misc":{"Gesch\u00e4tzte Lesezeit":"1\u00a0Minute"},"schema":{"@context":"https:\/\/schema.org","@graph":[{"@type":"WebPage","@id":"https:\/\/turijnmagazijn.nl\/de\/postfachversand\/","url":"https:\/\/turijnmagazijn.nl\/de\/postfachversand\/","name":"Postfachversand - Turijnmagazijn","isPartOf":{"@id":"https:\/\/turijnmagazijn.jumpstone-dev.nl\/#website"},"primaryImageOfPage":{"@id":"https:\/\/turijnmagazijn.nl\/de\/postfachversand\/#primaryimage"},"image":{"@id":"https:\/\/turijnmagazijn.nl\/de\/postfachversand\/#primaryimage"},"thumbnailUrl":"https:\/\/turijnmagazijn.nl\/wp-content\/uploads\/2023\/03\/brievenbusverzending-label.png","datePublished":"2023-03-10T07:46:48+00:00","dateModified":"2023-03-27T12:13:18+00:00","breadcrumb":{"@id":"https:\/\/turijnmagazijn.nl\/de\/postfachversand\/#breadcrumb"},"inLanguage":"de","potentialAction":[{"@type":"ReadAction","target":["https:\/\/turijnmagazijn.nl\/de\/postfachversand\/"]}]},{"@type":"ImageObject","inLanguage":"de","@id":"https:\/\/turijnmagazijn.nl\/de\/postfachversand\/#primaryimage","url":"https:\/\/turijnmagazijn.nl\/wp-content\/uploads\/2023\/03\/brievenbusverzending-label.png","contentUrl":"https:\/\/turijnmagazijn.nl\/wp-content\/uploads\/2023\/03\/brievenbusverzending-label.png"},{"@type":"BreadcrumbList","@id":"https:\/\/turijnmagazijn.nl\/de\/postfachversand\/#breadcrumb","itemListElement":[{"@type":"ListItem","position":1,"name":"Home","item":"https:\/\/turijnmagazijn.nl\/de\/"},{"@type":"ListItem","position":2,"name":"Postfachversand"}]},{"@type":"WebSite","@id":"https:\/\/turijnmagazijn.jumpstone-dev.nl\/#website","url":"https:\/\/turijnmagazijn.jumpstone-dev.nl\/","name":"Turijnmagazijn","description":"Onderdelen nieuw en gebruikt - Fiat &amp; Lancia","publisher":{"@id":"https:\/\/turijnmagazijn.jumpstone-dev.nl\/#organization"},"potentialAction":[{"@type":"SearchAction","target":{"@type":"EntryPoint","urlTemplate":"https:\/\/turijnmagazijn.jumpstone-dev.nl\/?s={search_term_string}"},"query-input":{"@type":"PropertyValueSpecification","valueRequired":true,"valueName":"search_term_string"}}],"inLanguage":"de"},{"@type":"Organization","@id":"https:\/\/turijnmagazijn.jumpstone-dev.nl\/#organization","name":"Turijnmagazijn","url":"https:\/\/turijnmagazijn.jumpstone-dev.nl\/","logo":{"@type":"ImageObject","inLanguage":"de","@id":"https:\/\/turijnmagazijn.jumpstone-dev.nl\/#\/schema\/logo\/image\/","url":"https:\/\/turijnmagazijn.nl\/wp-content\/uploads\/2021\/02\/turijnmagazijnlogo.png","contentUrl":"https:\/\/turijnmagazijn.nl\/wp-content\/uploads\/2021\/02\/turijnmagazijnlogo.png","width":555,"height":270,"caption":"Turijnmagazijn"},"image":{"@id":"https:\/\/turijnmagazijn.jumpstone-dev.nl\/#\/schema\/logo\/image\/"},"sameAs":["https:\/\/www.facebook.com\/turijnmagazijn"]}]}},"_links":{"self":[{"href":"https:\/\/turijnmagazijn.nl\/de\/wp-json\/wp\/v2\/pages\/60220","targetHints":{"allow":["GET"]}}],"collection":[{"href":"https:\/\/turijnmagazijn.nl\/de\/wp-json\/wp\/v2\/pages"}],"about":[{"href":"https:\/\/turijnmagazijn.nl\/de\/wp-json\/wp\/v2\/types\/page"}],"author":[{"embeddable":true,"href":"https:\/\/turijnmagazijn.nl\/de\/wp-json\/wp\/v2\/users\/1"}],"replies":[{"embeddable":true,"href":"https:\/\/turijnmagazijn.nl\/de\/wp-json\/wp\/v2\/comments?post=60220"}],"version-history":[{"count":0,"href":"https:\/\/turijnmagazijn.nl\/de\/wp-json\/wp\/v2\/pages\/60220\/revisions"}],"wp:attachment":[{"href":"https:\/\/turijnmagazijn.nl\/de\/wp-json\/wp\/v2\/media?parent=60220"}],"curies":[{"name":"wp","href":"https:\/\/api.w.org\/{rel}","templated":true}]}}