{"id":60222,"date":"2023-03-10T13:54:14","date_gmt":"2023-03-10T12:54:14","guid":{"rendered":"https:\/\/turijnmagazijn.nl\/lancia-delta-integrale-tuergriffreparatur\/"},"modified":"2023-03-27T14:14:31","modified_gmt":"2023-03-27T12:14:31","slug":"lancia-delta-integrale-tuergriffreparatur","status":"publish","type":"page","link":"https:\/\/turijnmagazijn.nl\/de\/lancia-delta-integrale-tuergriffreparatur\/","title":{"rendered":"Lancia Delta Integrale T\u00fcrgriffreparatur"},"content":{"rendered":"\t\t<div data-elementor-type=\"wp-page\" data-elementor-id=\"60222\" class=\"elementor elementor-60222 elementor-16481\" data-elementor-post-type=\"page\">\n\t\t\t\t\t\t<section class=\"elementor-section elementor-top-section elementor-element elementor-element-e21e7d7 elementor-section-boxed elementor-section-height-default elementor-section-height-default\" data-id=\"e21e7d7\" data-element_type=\"section\" data-e-type=\"section\" data-settings=\"{&quot;jet_parallax_layout_list&quot;:[]}\">\n\t\t\t\t\t\t<div class=\"elementor-container elementor-column-gap-no\">\n\t\t\t\t\t<div class=\"elementor-column elementor-col-100 elementor-top-column elementor-element elementor-element-4abbea0\" data-id=\"4abbea0\" data-element_type=\"column\" data-e-type=\"column\">\n\t\t\t<div class=\"elementor-widget-wrap elementor-element-populated\">\n\t\t\t\t\t\t<div class=\"elementor-element elementor-element-ec33548 elementor-widget elementor-widget-heading\" data-id=\"ec33548\" data-element_type=\"widget\" data-e-type=\"widget\" data-widget_type=\"heading.default\">\n\t\t\t\t<div class=\"elementor-widget-container\">\n\t\t\t\t\t<h1 class=\"elementor-heading-title elementor-size-default\">Lancia Delta Integrale T\u00fcrgriffreparatur<\/h1>\t\t\t\t<\/div>\n\t\t\t\t<\/div>\n\t\t\t\t<div class=\"elementor-element elementor-element-c783126 elementor-widget elementor-widget-text-editor\" data-id=\"c783126\" data-element_type=\"widget\" data-e-type=\"widget\" data-widget_type=\"text-editor.default\">\n\t\t\t\t<div class=\"elementor-widget-container\">\n\t\t\t\t\t\t\t\t\t<p>Jeder Lancia Delta 1 mit Fahrgestellcode 831 ist mit einem T\u00fcrgriff mit schwachem Design ausgestattet. Der T\u00fcrdr\u00fccker besteht aus einer Kunststoffr\u00fcckplatte, in der ein Metallhebel die \u00dcbertragung des \u201e\u00d6ffnen\u201c-Befehls an das mechanische T\u00fcrschloss weiterleitet. Schwachpunkt der Konstruktion ist der Griff, mit dem die Handbewegung auf den Metallhebel \u00fcbertragen wird. Dieser Griff besteht aus zwei Teilen, einer Kunststoffbasis, die von einem d\u00fcnnen Aluminiumblech umgeben ist, nur f\u00fcr das Finish. Die regul\u00e4ren Deltas haben eine verchromte\/polierte Aluminiumversion und die Integrales haben eine schwarz lackierte Aluminiumoberfl\u00e4che.<\/p>\n<p>Mit der Zeit trocknet der Kunststoff aus und die Handbewegung kann nicht mehr richtig auf den Siphon \u00fcbertragen werden. Mal bricht das Plastikteil ab, mal rutscht die Passung und der Hebel bewegt sich nicht mehr.<\/p>\n<p>Gl\u00fccklicherweise gibt es in unserem Shop eine gute L\u00f6sung.<\/p>\n<p>Das folgende Produktvideo zeigt einige Beispiele von gebrochenen Griffen und erkl\u00e4rt, wie unser Reparaturteil montiert werden kann.<\/p>\n<p>Aufgrund der einheitlichen Optik der Griffe empfiehlt es sich logischerweise, ein 4er-Set zu bestellen.<\/p>\n<p>Das Produkt finden Sie hier:<br \/><a href=\"https:\/\/turijnmagazijn.nl\/product\/portiergreep-reparatiedeel-massief-aluminium-lancia-delta-i-integrale-nieuw\/\">RG00100001 T\u00fcrgriff Reparaturteil<\/a><\/p>\n\t\t\t\t\t\t\t\t<\/div>\n\t\t\t\t<\/div>\n\t\t\t\t<div class=\"elementor-element elementor-element-2aba890 elementor-widget elementor-widget-video\" data-id=\"2aba890\" data-element_type=\"widget\" data-e-type=\"widget\" data-settings=\"{&quot;video_type&quot;:&quot;vimeo&quot;}\" data-widget_type=\"video.default\">\n\t\t\t\t<div class=\"elementor-widget-container\">\n\t\t\t\t\t\t\t<div class=\"elementor-wrapper elementor-open-inline\">\n\t\t\t<iframe class=\"elementor-video-iframe\" allowfullscreen allow=\"clipboard-write\" title=\"vimeo Video Player\" src=\"https:\/\/player.vimeo.com\/video\/184229956?color&amp;autopause=0&amp;loop=0&amp;muted=0&amp;title=1&amp;portrait=0&amp;byline=0#t=\"><\/iframe>\t\t<\/div>\n\t\t\t\t\t\t<\/div>\n\t\t\t\t<\/div>\n\t\t\t\t\t<\/div>\n\t\t<\/div>\n\t\t\t\t\t<\/div>\n\t\t<\/section>\n\t\t\t\t<\/div>\n\t\t","protected":false},"excerpt":{"rendered":"<p>Jeder Lancia Delta 1 mit Fahrgestellcode 831 ist mit einem T\u00fcrgriff mit schwachem Design ausgestattet. Der T\u00fcrdr\u00fccker besteht aus einer Kunststoffr\u00fcckplatte, in der ein Metallhebel die \u00dcbertragung des \u201e\u00d6ffnen\u201c-Befehls an das mechanische T\u00fcrschloss weiterleitet. Schwachpunkt der Konstruktion ist der Griff, mit dem die Handbewegung auf den Metallhebel \u00fcbertragen wird. Dieser Griff besteht aus zwei Teilen, [&hellip;]<\/p>\n","protected":false},"author":1,"featured_media":0,"parent":0,"menu_order":0,"comment_status":"closed","ping_status":"closed","template":"","meta":{"_acf_changed":false,"footnotes":""},"class_list":["post-60222","page","type-page","status-publish","hentry"],"acf":[],"yoast_head":"<!-- This site is optimized with the Yoast SEO plugin v27.3 - https:\/\/yoast.com\/product\/yoast-seo-wordpress\/ -->\n<title>Lancia Delta Integrale T\u00fcrgriffreparatur - Turijnmagazijn<\/title>\n<meta name=\"robots\" content=\"index, follow, max-snippet:-1, max-image-preview:large, max-video-preview:-1\" \/>\n<link rel=\"canonical\" href=\"https:\/\/turijnmagazijn.nl\/de\/lancia-delta-integrale-tuergriffreparatur\/\" \/>\n<meta property=\"og:locale\" content=\"de_DE\" \/>\n<meta property=\"og:type\" content=\"article\" \/>\n<meta property=\"og:title\" content=\"Lancia Delta Integrale T\u00fcrgriffreparatur - Turijnmagazijn\" \/>\n<meta property=\"og:description\" content=\"Jeder Lancia Delta 1 mit Fahrgestellcode 831 ist mit einem T\u00fcrgriff mit schwachem Design ausgestattet. Der T\u00fcrdr\u00fccker besteht aus einer Kunststoffr\u00fcckplatte, in der ein Metallhebel die \u00dcbertragung des \u201e\u00d6ffnen\u201c-Befehls an das mechanische T\u00fcrschloss weiterleitet. Schwachpunkt der Konstruktion ist der Griff, mit dem die Handbewegung auf den Metallhebel \u00fcbertragen wird. Dieser Griff besteht aus zwei Teilen, [&hellip;]\" \/>\n<meta property=\"og:url\" content=\"https:\/\/turijnmagazijn.nl\/de\/lancia-delta-integrale-tuergriffreparatur\/\" \/>\n<meta property=\"og:site_name\" content=\"Turijnmagazijn\" \/>\n<meta property=\"article:publisher\" content=\"https:\/\/www.facebook.com\/turijnmagazijn\" \/>\n<meta property=\"article:modified_time\" content=\"2023-03-27T12:14:31+00:00\" \/>\n<meta name=\"twitter:card\" content=\"summary_large_image\" \/>\n<meta name=\"twitter:label1\" content=\"Gesch\u00e4tzte Lesezeit\" \/>\n\t<meta name=\"twitter:data1\" content=\"1\u00a0Minute\" \/>\n<script type=\"application\/ld+json\" class=\"yoast-schema-graph\">{\"@context\":\"https:\\\/\\\/schema.org\",\"@graph\":[{\"@type\":\"WebPage\",\"@id\":\"https:\\\/\\\/turijnmagazijn.nl\\\/de\\\/lancia-delta-integrale-tuergriffreparatur\\\/\",\"url\":\"https:\\\/\\\/turijnmagazijn.nl\\\/de\\\/lancia-delta-integrale-tuergriffreparatur\\\/\",\"name\":\"Lancia Delta Integrale T\u00fcrgriffreparatur - Turijnmagazijn\",\"isPartOf\":{\"@id\":\"https:\\\/\\\/turijnmagazijn.jumpstone-dev.nl\\\/#website\"},\"datePublished\":\"2023-03-10T12:54:14+00:00\",\"dateModified\":\"2023-03-27T12:14:31+00:00\",\"breadcrumb\":{\"@id\":\"https:\\\/\\\/turijnmagazijn.nl\\\/de\\\/lancia-delta-integrale-tuergriffreparatur\\\/#breadcrumb\"},\"inLanguage\":\"de\",\"potentialAction\":[{\"@type\":\"ReadAction\",\"target\":[\"https:\\\/\\\/turijnmagazijn.nl\\\/de\\\/lancia-delta-integrale-tuergriffreparatur\\\/\"]}]},{\"@type\":\"BreadcrumbList\",\"@id\":\"https:\\\/\\\/turijnmagazijn.nl\\\/de\\\/lancia-delta-integrale-tuergriffreparatur\\\/#breadcrumb\",\"itemListElement\":[{\"@type\":\"ListItem\",\"position\":1,\"name\":\"Home\",\"item\":\"https:\\\/\\\/turijnmagazijn.nl\\\/de\\\/\"},{\"@type\":\"ListItem\",\"position\":2,\"name\":\"Lancia Delta Integrale T\u00fcrgriffreparatur\"}]},{\"@type\":\"WebSite\",\"@id\":\"https:\\\/\\\/turijnmagazijn.jumpstone-dev.nl\\\/#website\",\"url\":\"https:\\\/\\\/turijnmagazijn.jumpstone-dev.nl\\\/\",\"name\":\"Turijnmagazijn\",\"description\":\"Onderdelen nieuw en gebruikt - Fiat &amp; Lancia\",\"publisher\":{\"@id\":\"https:\\\/\\\/turijnmagazijn.jumpstone-dev.nl\\\/#organization\"},\"potentialAction\":[{\"@type\":\"SearchAction\",\"target\":{\"@type\":\"EntryPoint\",\"urlTemplate\":\"https:\\\/\\\/turijnmagazijn.jumpstone-dev.nl\\\/?s={search_term_string}\"},\"query-input\":{\"@type\":\"PropertyValueSpecification\",\"valueRequired\":true,\"valueName\":\"search_term_string\"}}],\"inLanguage\":\"de\"},{\"@type\":\"Organization\",\"@id\":\"https:\\\/\\\/turijnmagazijn.jumpstone-dev.nl\\\/#organization\",\"name\":\"Turijnmagazijn\",\"url\":\"https:\\\/\\\/turijnmagazijn.jumpstone-dev.nl\\\/\",\"logo\":{\"@type\":\"ImageObject\",\"inLanguage\":\"de\",\"@id\":\"https:\\\/\\\/turijnmagazijn.jumpstone-dev.nl\\\/#\\\/schema\\\/logo\\\/image\\\/\",\"url\":\"https:\\\/\\\/turijnmagazijn.nl\\\/wp-content\\\/uploads\\\/2021\\\/02\\\/turijnmagazijnlogo.png\",\"contentUrl\":\"https:\\\/\\\/turijnmagazijn.nl\\\/wp-content\\\/uploads\\\/2021\\\/02\\\/turijnmagazijnlogo.png\",\"width\":555,\"height\":270,\"caption\":\"Turijnmagazijn\"},\"image\":{\"@id\":\"https:\\\/\\\/turijnmagazijn.jumpstone-dev.nl\\\/#\\\/schema\\\/logo\\\/image\\\/\"},\"sameAs\":[\"https:\\\/\\\/www.facebook.com\\\/turijnmagazijn\"]}]}<\/script>\n<!-- \/ Yoast SEO plugin. -->","yoast_head_json":{"title":"Lancia Delta Integrale T\u00fcrgriffreparatur - Turijnmagazijn","robots":{"index":"index","follow":"follow","max-snippet":"max-snippet:-1","max-image-preview":"max-image-preview:large","max-video-preview":"max-video-preview:-1"},"canonical":"https:\/\/turijnmagazijn.nl\/de\/lancia-delta-integrale-tuergriffreparatur\/","og_locale":"de_DE","og_type":"article","og_title":"Lancia Delta Integrale T\u00fcrgriffreparatur - Turijnmagazijn","og_description":"Jeder Lancia Delta 1 mit Fahrgestellcode 831 ist mit einem T\u00fcrgriff mit schwachem Design ausgestattet. Der T\u00fcrdr\u00fccker besteht aus einer Kunststoffr\u00fcckplatte, in der ein Metallhebel die \u00dcbertragung des \u201e\u00d6ffnen\u201c-Befehls an das mechanische T\u00fcrschloss weiterleitet. Schwachpunkt der Konstruktion ist der Griff, mit dem die Handbewegung auf den Metallhebel \u00fcbertragen wird. Dieser Griff besteht aus zwei Teilen, [&hellip;]","og_url":"https:\/\/turijnmagazijn.nl\/de\/lancia-delta-integrale-tuergriffreparatur\/","og_site_name":"Turijnmagazijn","article_publisher":"https:\/\/www.facebook.com\/turijnmagazijn","article_modified_time":"2023-03-27T12:14:31+00:00","twitter_card":"summary_large_image","twitter_misc":{"Gesch\u00e4tzte Lesezeit":"1\u00a0Minute"},"schema":{"@context":"https:\/\/schema.org","@graph":[{"@type":"WebPage","@id":"https:\/\/turijnmagazijn.nl\/de\/lancia-delta-integrale-tuergriffreparatur\/","url":"https:\/\/turijnmagazijn.nl\/de\/lancia-delta-integrale-tuergriffreparatur\/","name":"Lancia Delta Integrale T\u00fcrgriffreparatur - Turijnmagazijn","isPartOf":{"@id":"https:\/\/turijnmagazijn.jumpstone-dev.nl\/#website"},"datePublished":"2023-03-10T12:54:14+00:00","dateModified":"2023-03-27T12:14:31+00:00","breadcrumb":{"@id":"https:\/\/turijnmagazijn.nl\/de\/lancia-delta-integrale-tuergriffreparatur\/#breadcrumb"},"inLanguage":"de","potentialAction":[{"@type":"ReadAction","target":["https:\/\/turijnmagazijn.nl\/de\/lancia-delta-integrale-tuergriffreparatur\/"]}]},{"@type":"BreadcrumbList","@id":"https:\/\/turijnmagazijn.nl\/de\/lancia-delta-integrale-tuergriffreparatur\/#breadcrumb","itemListElement":[{"@type":"ListItem","position":1,"name":"Home","item":"https:\/\/turijnmagazijn.nl\/de\/"},{"@type":"ListItem","position":2,"name":"Lancia Delta Integrale T\u00fcrgriffreparatur"}]},{"@type":"WebSite","@id":"https:\/\/turijnmagazijn.jumpstone-dev.nl\/#website","url":"https:\/\/turijnmagazijn.jumpstone-dev.nl\/","name":"Turijnmagazijn","description":"Onderdelen nieuw en gebruikt - Fiat &amp; Lancia","publisher":{"@id":"https:\/\/turijnmagazijn.jumpstone-dev.nl\/#organization"},"potentialAction":[{"@type":"SearchAction","target":{"@type":"EntryPoint","urlTemplate":"https:\/\/turijnmagazijn.jumpstone-dev.nl\/?s={search_term_string}"},"query-input":{"@type":"PropertyValueSpecification","valueRequired":true,"valueName":"search_term_string"}}],"inLanguage":"de"},{"@type":"Organization","@id":"https:\/\/turijnmagazijn.jumpstone-dev.nl\/#organization","name":"Turijnmagazijn","url":"https:\/\/turijnmagazijn.jumpstone-dev.nl\/","logo":{"@type":"ImageObject","inLanguage":"de","@id":"https:\/\/turijnmagazijn.jumpstone-dev.nl\/#\/schema\/logo\/image\/","url":"https:\/\/turijnmagazijn.nl\/wp-content\/uploads\/2021\/02\/turijnmagazijnlogo.png","contentUrl":"https:\/\/turijnmagazijn.nl\/wp-content\/uploads\/2021\/02\/turijnmagazijnlogo.png","width":555,"height":270,"caption":"Turijnmagazijn"},"image":{"@id":"https:\/\/turijnmagazijn.jumpstone-dev.nl\/#\/schema\/logo\/image\/"},"sameAs":["https:\/\/www.facebook.com\/turijnmagazijn"]}]}},"_links":{"self":[{"href":"https:\/\/turijnmagazijn.nl\/de\/wp-json\/wp\/v2\/pages\/60222","targetHints":{"allow":["GET"]}}],"collection":[{"href":"https:\/\/turijnmagazijn.nl\/de\/wp-json\/wp\/v2\/pages"}],"about":[{"href":"https:\/\/turijnmagazijn.nl\/de\/wp-json\/wp\/v2\/types\/page"}],"author":[{"embeddable":true,"href":"https:\/\/turijnmagazijn.nl\/de\/wp-json\/wp\/v2\/users\/1"}],"replies":[{"embeddable":true,"href":"https:\/\/turijnmagazijn.nl\/de\/wp-json\/wp\/v2\/comments?post=60222"}],"version-history":[{"count":0,"href":"https:\/\/turijnmagazijn.nl\/de\/wp-json\/wp\/v2\/pages\/60222\/revisions"}],"wp:attachment":[{"href":"https:\/\/turijnmagazijn.nl\/de\/wp-json\/wp\/v2\/media?parent=60222"}],"curies":[{"name":"wp","href":"https:\/\/api.w.org\/{rel}","templated":true}]}}