{"id":60224,"date":"2023-02-27T09:05:43","date_gmt":"2023-02-27T08:05:43","guid":{"rendered":"https:\/\/turijnmagazijn.nl\/geschaeftsbedingungen\/"},"modified":"2023-03-27T14:19:05","modified_gmt":"2023-03-27T12:19:05","slug":"geschaeftsbedingungen","status":"publish","type":"page","link":"https:\/\/turijnmagazijn.nl\/de\/geschaeftsbedingungen\/","title":{"rendered":"Gesch\u00e4ftsbedingungen"},"content":{"rendered":"\t\t<div data-elementor-type=\"wp-page\" data-elementor-id=\"60224\" class=\"elementor elementor-60224 elementor-1099\" data-elementor-post-type=\"page\">\n\t\t\t\t\t\t<section class=\"elementor-section elementor-top-section elementor-element elementor-element-23490622 elementor-reverse-tablet elementor-reverse-mobile elementor-section-boxed elementor-section-height-default elementor-section-height-default\" data-id=\"23490622\" data-element_type=\"section\" data-e-type=\"section\" data-settings=\"{&quot;jet_parallax_layout_list&quot;:[]}\">\n\t\t\t\t\t\t<div class=\"elementor-container elementor-column-gap-no\">\n\t\t\t\t\t<div class=\"elementor-column elementor-col-100 elementor-top-column elementor-element elementor-element-6783afc4\" data-id=\"6783afc4\" data-element_type=\"column\" data-e-type=\"column\">\n\t\t\t<div class=\"elementor-widget-wrap elementor-element-populated\">\n\t\t\t\t\t\t<div class=\"elementor-element elementor-element-11f223d3 elementor-widget elementor-widget-heading\" data-id=\"11f223d3\" data-element_type=\"widget\" data-e-type=\"widget\" data-widget_type=\"heading.default\">\n\t\t\t\t<div class=\"elementor-widget-container\">\n\t\t\t\t\t<h1 class=\"elementor-heading-title elementor-size-default\">Gesch\u00e4ftsbedingungen<\/h1>\t\t\t\t<\/div>\n\t\t\t\t<\/div>\n\t\t\t\t<div class=\"elementor-element elementor-element-1f72084 elementor-widget elementor-widget-text-editor\" data-id=\"1f72084\" data-element_type=\"widget\" data-e-type=\"widget\" data-widget_type=\"text-editor.default\">\n\t\t\t\t<div class=\"elementor-widget-container\">\n\t\t\t\t\t\t\t\t\t<h4>Allgemeine Gesch\u00e4ftsbedingungen Aktienkorb &#8211; Partshive &#8211; Teilenstock &#8211; Ricambarere &#8211; Turijnmagazijn:<\/h4>\n<p><strong>1. Definitionen<\/strong><\/p>\n<p>1.1 In diesen Allgemeinen Gesch\u00e4ftsbedingungen bedeutet DELENKORF das Einzelunternehmen, eingetragen im Handelsregister der Handelskammer in Arnhem, mit der Handelskammernummer 61429228.<br \/>1.2 DELENKORF firmiert auch unter den Namen PARTSHIVE \u2013 TEILENSTOCK \u2013 RICAMBEARE \u2013 TURIJNMAGAZIJN<br \/>1.3 DELENKORF ist ein Online-Shop, Webshop f\u00fcr gebrauchte Autoteile, der \u00fcber WWW.DELENKORF.NL, WWW.PARTSHIVE.COM, WWW.TEIELNSTOCK.DE, WWW.RICAMBEARE.IT und WWW.turijnmagazijn.nl besucht werden kann.<br \/>1.4 Kunde ist jeder Besucher des Webshops, nat\u00fcrliche oder juristische Person, die eine Bestellung \u00fcber WWW.DELENKORF.NL aufgibt.<br \/>1.5 Diese Allgemeinen Gesch\u00e4ftsbedingungen (im Folgenden: Gesch\u00e4ftsbedingungen) entsprechen den Allgemeinen Gesch\u00e4ftsbedingungen von Thuiswinkel und Webshop Keurmerk, dem unabh\u00e4ngigen Handelsverband, der in Zusammenarbeit mit dem Verbraucherverband erstellt wurde.<br \/>1.6 Sollten neue oder bestehende Rechtsvorschriften diesen Allgemeinen Gesch\u00e4ftsbedingungen entgegenstehen, wird DELENKORF sich stets an das Gesetz halten. <\/p>\n\t\t\t\t\t\t\t\t<\/div>\n\t\t\t\t<\/div>\n\t\t\t\t<div class=\"elementor-element elementor-element-56eedc9 elementor-widget elementor-widget-text-editor\" data-id=\"56eedc9\" data-element_type=\"widget\" data-e-type=\"widget\" data-widget_type=\"text-editor.default\">\n\t\t\t\t<div class=\"elementor-widget-container\">\n\t\t\t\t\t\t\t\t\t<strong>2. Anwendbarkeit<\/strong>\n\n2.1 Diese Allgemeinen Gesch\u00e4ftsbedingungen gelten f\u00fcr alle Angebote, Bestellungen und Vertr\u00e4ge, die \u00fcber den Webshop WWW.DELENKORF.NL abgeschlossen werden, unter Ausschluss aller anderen Allgemeinen Gesch\u00e4ftsbedingungen.\n2.2 Durch die Annahme eines Angebots oder durch eine Bestellung werden die AGB vom Kunden automatisch akzeptiert.\n2.3 Von den Bestimmungen dieser AGB darf nur mit ausdr\u00fccklicher schriftlicher Zustimmung von DELENKORF abgewichen werden. Wenn von einem Teil dieser Bedingungen abgewichen wird, bleiben die anderen Bestimmungen in vollem Umfang in Kraft.\t\t\t\t\t\t\t\t<\/div>\n\t\t\t\t<\/div>\n\t\t\t\t<div class=\"elementor-element elementor-element-7fffd65 elementor-widget elementor-widget-text-editor\" data-id=\"7fffd65\" data-element_type=\"widget\" data-e-type=\"widget\" data-widget_type=\"text-editor.default\">\n\t\t\t\t<div class=\"elementor-widget-container\">\n\t\t\t\t\t\t\t\t\t<p><strong>3. Produkte<\/strong><\/p>\n<p>Bei Produkten auf der Website handelt es sich um Gebraucht- oder Neuware in klar beschriebenem gebrauchtem Zustand. Der Umfang der bisherigen Nutzung wird so genau wie m\u00f6glich beschrieben. Ein Mangel oder eine Besch\u00e4digung der gebrauchten Sache, die nicht in der Produktbeschreibung angegeben oder auf den gezeigten Fotos der Ware ausdr\u00fccklich erkennbar war, kann den Verbraucher zum R\u00fccktritt vom Kauf berechtigen. Weicht ein Artikel wesentlich von den Angaben auf der Website ab, ist DELENKORF unverz\u00fcglich, sp\u00e4testens innerhalb von 14 Tagen nach Eintreffen der Sendung, zu kontaktieren. Abweichungen zwischen der Artikelbeschreibung und dem gelieferten Artikel berechtigen zu einem v\u00f6llig kostenfreien Widerruf im Sinne des Verbraucherrechts.<\/p>\n\t\t\t\t\t\t\t\t<\/div>\n\t\t\t\t<\/div>\n\t\t\t\t<div class=\"elementor-element elementor-element-1ae2ea2 elementor-widget elementor-widget-text-editor\" data-id=\"1ae2ea2\" data-element_type=\"widget\" data-e-type=\"widget\" data-widget_type=\"text-editor.default\">\n\t\t\t\t<div class=\"elementor-widget-container\">\n\t\t\t\t\t\t\t\t\t<p><strong>4. Preise<\/strong><\/p>\n<p>4.1 Die von DELENKORF verwendeten Verkaufspreise verstehen sich in Euro, inklusive Mehrwertsteuer und exklusive Porto. Umsatzsteuerbetr\u00e4ge werden nicht gesondert ausgewiesen.<br \/>4.2 Die Zahlung muss im Voraus per iDeal, PayPal oder Bank\u00fcberweisung oder danach \u00fcber Klarna oder eine \u00e4hnliche Zahlungsmethode erfolgen.<\/p>\n\t\t\t\t\t\t\t\t<\/div>\n\t\t\t\t<\/div>\n\t\t\t\t<div class=\"elementor-element elementor-element-2af8864 elementor-widget elementor-widget-text-editor\" data-id=\"2af8864\" data-element_type=\"widget\" data-e-type=\"widget\" data-widget_type=\"text-editor.default\">\n\t\t\t\t<div class=\"elementor-widget-container\">\n\t\t\t\t\t\t\t\t\t<p><strong>5. Liefer- und Versandkosten<\/strong><\/p>\n<p>5.1 Artikel werden \u00fcber POSTNL zu den von DELENKORF auf der Website mitgeteilten Versandkosten versendet.<br \/>5.2 DELENKORF \u00fcbernimmt die Haftung f\u00fcr den Verlust von Postsendungen durch PostNL und sorgt gegebenenfalls f\u00fcr eine kostenlose Abwicklung f\u00fcr den Verbraucher.<\/p>\n\t\t\t\t\t\t\t\t<\/div>\n\t\t\t\t<\/div>\n\t\t\t\t<div class=\"elementor-element elementor-element-59a9987 elementor-widget elementor-widget-text-editor\" data-id=\"59a9987\" data-element_type=\"widget\" data-e-type=\"widget\" data-widget_type=\"text-editor.default\">\n\t\t\t\t<div class=\"elementor-widget-container\">\n\t\t\t\t\t\t\t\t\t<p><strong>6. Zahlung &amp; Zahlungsfrist<\/strong><\/p>\n<p>Nach der Bestellung erh\u00e4lt der Kunde eine Best\u00e4tigung per E-Mail mit Angabe der Gesamtkosten inklusive Versandkosten.<\/p>\n\t\t\t\t\t\t\t\t<\/div>\n\t\t\t\t<\/div>\n\t\t\t\t<div class=\"elementor-element elementor-element-21fe702 elementor-widget elementor-widget-text-editor\" data-id=\"21fe702\" data-element_type=\"widget\" data-e-type=\"widget\" data-widget_type=\"text-editor.default\">\n\t\t\t\t<div class=\"elementor-widget-container\">\n\t\t\t\t\t\t\t\t\t<p><strong>7. Lieferung<\/strong><\/p>\n<p>7.1 DELENKORF bem\u00fcht sich, Bestellungen am n\u00e4chsten Werktag, sp\u00e4testens jedoch innerhalb von 2 Werktagen nach Eingang der Bestellung zum Versand anzubieten. Eine Versandbest\u00e4tigung wird per E-Mail gesendet, wenn der Artikel versendet wird.<br \/>7.2 Eine Bestellung wird von uns nicht versendet, wenn sie nicht vollst\u00e4ndig versendet werden kann; der Kunde wird \u00fcber diesen Umstand unverz\u00fcglich informiert und es erfolgt auf Wunsch eine unverz\u00fcgliche und vollst\u00e4ndige R\u00fcckerstattung des Kaufpreises inklusive Versandkosten.<br \/>7.3 Die Lieferung erfolgt an die vom Kunden bei Vertragsschluss angegebene Adresse. DELENKORF haftet nicht f\u00fcr Sendungen, die aufgrund falscher Adressangaben oder zwischenzeitlicher Adress\u00e4nderungen des Kunden nicht zugestellt werden.<\/p>\n\t\t\t\t\t\t\t\t<\/div>\n\t\t\t\t<\/div>\n\t\t\t\t<div class=\"elementor-element elementor-element-f5fc7a7 elementor-widget elementor-widget-text-editor\" data-id=\"f5fc7a7\" data-element_type=\"widget\" data-e-type=\"widget\" data-widget_type=\"text-editor.default\">\n\t\t\t\t<div class=\"elementor-widget-container\">\n\t\t\t\t\t\t\t\t\t<p><strong>8. R\u00fccksendungen<\/strong><\/p>\n<p>8.1 R\u00fcckgabeanfragen werden vom Verbraucher innerhalb von 14 Tagen an info@delenkorf.nl gemeldet.<br \/>8.2 Bei Falschlieferung durch DELENKORF oder bei einem in der Produktbeschreibung nicht beschriebenen Mangel gehen die Versandkosten f\u00fcr R\u00fccksendungen stets zu Lasten von DELENKORF. Der Artikel muss unverz\u00fcglich, sp\u00e4testens jedoch 14 Tage nach der R\u00fccksendeanzeige (= ausgenommen Sonn- und Feiertage) bei DELENKORF angeliefert werden. Wenn die R\u00fccksendung die gesamte Bestellung betrifft, werden auch die vom Verbraucher bezahlten Versandkosten der urspr\u00fcnglichen Bestellung erstattet. <br \/>8.3 Die Versandkosten f\u00fcr R\u00fccksendungen auf Veranlassung des Verbrauchers (bei denen nicht von einer Falschlieferung oder einem Artikelmangel die Rede ist) tr\u00e4gt der Verbraucher. Wenn die R\u00fccksendung die gesamte Bestellung betrifft, werden auch die vom Verbraucher bezahlten Versandkosten der urspr\u00fcnglichen Bestellung erstattet. <br \/>8.4 DELENKORF erstattet den Retourenbetrag, ggf. einschlie\u00dflich Versandkosten, sp\u00e4testens 7 Tage nach Erhalt der Ware \u00fcber die gleiche Zahlungsmethode, die der Kunde f\u00fcr die urspr\u00fcngliche Zahlung verwendet hat.<\/p>\n\t\t\t\t\t\t\t\t<\/div>\n\t\t\t\t<\/div>\n\t\t\t\t<div class=\"elementor-element elementor-element-4fcb48c elementor-widget elementor-widget-text-editor\" data-id=\"4fcb48c\" data-element_type=\"widget\" data-e-type=\"widget\" data-widget_type=\"text-editor.default\">\n\t\t\t\t<div class=\"elementor-widget-container\">\n\t\t\t\t\t\t\t\t\t<p><strong>9. Datenschutz<\/strong><\/p>\n<p>9.1. Die personenbezogenen Daten werden nur zur Abwicklung der Bestellung verwendet.<br \/>9.2 Personenbezogene Daten werden ohne Zustimmung nicht an Dritte weitergegeben und vertraulich behandelt.<\/p>\n\t\t\t\t\t\t\t\t<\/div>\n\t\t\t\t<\/div>\n\t\t\t\t<div class=\"elementor-element elementor-element-d4c8090 elementor-widget elementor-widget-text-editor\" data-id=\"d4c8090\" data-element_type=\"widget\" data-e-type=\"widget\" data-widget_type=\"text-editor.default\">\n\t\t\t\t<div class=\"elementor-widget-container\">\n\t\t\t\t\t\t\t\t\t<p><strong>10. Sch\u00e4den<\/strong><\/p>\n<p>10.1 DELENKORF kann niemals f\u00fcr Sch\u00e4den haftbar gemacht werden, die durch von ihr gelieferte Artikel oder Sch\u00e4den an Fahrzeugen oder sonst durch die Verwendung ihrer Artikel entstehen.<\/p>\n\t\t\t\t\t\t\t\t<\/div>\n\t\t\t\t<\/div>\n\t\t\t\t<div class=\"elementor-element elementor-element-9c35a2a elementor-widget elementor-widget-text-editor\" data-id=\"9c35a2a\" data-element_type=\"widget\" data-e-type=\"widget\" data-widget_type=\"text-editor.default\">\n\t\t\t\t<div class=\"elementor-widget-container\">\n\t\t\t\t\t\t\t\t\t<p><strong>11. Anwendbares Recht und zust\u00e4ndiges Gericht<\/strong><\/p>\n<p>11.1 Alle Rechte, Pflichten, Angebote, Bestellungen und Vereinbarungen, f\u00fcr die diese Allgemeinen Gesch\u00e4ftsbedingungen gelten, unterliegen ausschlie\u00dflich niederl\u00e4ndischem Recht.<br \/>11.2 Alle Streitigkeiten zwischen den Parteien werden ausschlie\u00dflich dem zust\u00e4ndigen Gericht in den Niederlanden vorgelegt.<\/p>\n\t\t\t\t\t\t\t\t<\/div>\n\t\t\t\t<\/div>\n\t\t\t\t\t<\/div>\n\t\t<\/div>\n\t\t\t\t\t<\/div>\n\t\t<\/section>\n\t\t\t\t<\/div>\n\t\t","protected":false},"excerpt":{"rendered":"<p>Gesch\u00e4ftsbedingungen Allgemeine Gesch\u00e4ftsbedingungen Aktienkorb &#8211; Partshive &#8211; Teilenstock &#8211; Ricambarere &#8211; Turijnmagazijn: 1. Definitionen 1.1 In diesen Allgemeinen Gesch\u00e4ftsbedingungen bedeutet DELENKORF das Einzelunternehmen, eingetragen im Handelsregister der Handelskammer in Arnhem, mit der Handelskammernummer 61429228.1.2 DELENKORF firmiert auch unter den Namen PARTSHIVE \u2013 TEILENSTOCK \u2013 RICAMBEARE \u2013 TURIJNMAGAZIJN1.3 DELENKORF ist ein Online-Shop, Webshop f\u00fcr gebrauchte Autoteile, [&hellip;]<\/p>\n","protected":false},"author":1,"featured_media":0,"parent":0,"menu_order":0,"comment_status":"closed","ping_status":"closed","template":"elementor_header_footer","meta":{"_acf_changed":false,"footnotes":""},"class_list":["post-60224","page","type-page","status-publish","hentry"],"acf":[],"yoast_head":"<!-- This site is optimized with the Yoast SEO plugin v27.2 - https:\/\/yoast.com\/product\/yoast-seo-wordpress\/ -->\n<title>Gesch\u00e4ftsbedingungen - Turijnmagazijn<\/title>\n<meta name=\"robots\" content=\"index, follow, max-snippet:-1, max-image-preview:large, max-video-preview:-1\" \/>\n<link rel=\"canonical\" href=\"https:\/\/turijnmagazijn.nl\/de\/geschaeftsbedingungen\/\" \/>\n<meta property=\"og:locale\" content=\"de_DE\" \/>\n<meta property=\"og:type\" content=\"article\" \/>\n<meta property=\"og:title\" content=\"Gesch\u00e4ftsbedingungen - Turijnmagazijn\" \/>\n<meta property=\"og:description\" content=\"Gesch\u00e4ftsbedingungen Allgemeine Gesch\u00e4ftsbedingungen Aktienkorb &#8211; Partshive &#8211; Teilenstock &#8211; Ricambarere &#8211; Turijnmagazijn: 1. Definitionen 1.1 In diesen Allgemeinen Gesch\u00e4ftsbedingungen bedeutet DELENKORF das Einzelunternehmen, eingetragen im Handelsregister der Handelskammer in Arnhem, mit der Handelskammernummer 61429228.1.2 DELENKORF firmiert auch unter den Namen PARTSHIVE \u2013 TEILENSTOCK \u2013 RICAMBEARE \u2013 TURIJNMAGAZIJN1.3 DELENKORF ist ein Online-Shop, Webshop f\u00fcr gebrauchte Autoteile, [&hellip;]\" \/>\n<meta property=\"og:url\" content=\"https:\/\/turijnmagazijn.nl\/de\/geschaeftsbedingungen\/\" \/>\n<meta property=\"og:site_name\" content=\"Turijnmagazijn\" \/>\n<meta property=\"article:publisher\" content=\"https:\/\/www.facebook.com\/turijnmagazijn\" \/>\n<meta property=\"article:modified_time\" content=\"2023-03-27T12:19:05+00:00\" \/>\n<meta name=\"twitter:card\" content=\"summary_large_image\" \/>\n<meta name=\"twitter:label1\" content=\"Gesch\u00e4tzte Lesezeit\" \/>\n\t<meta name=\"twitter:data1\" content=\"4\u00a0Minuten\" \/>\n<script type=\"application\/ld+json\" class=\"yoast-schema-graph\">{\"@context\":\"https:\/\/schema.org\",\"@graph\":[{\"@type\":\"WebPage\",\"@id\":\"https:\/\/turijnmagazijn.nl\/de\/geschaeftsbedingungen\/\",\"url\":\"https:\/\/turijnmagazijn.nl\/de\/geschaeftsbedingungen\/\",\"name\":\"Gesch\u00e4ftsbedingungen - Turijnmagazijn\",\"isPartOf\":{\"@id\":\"https:\/\/turijnmagazijn.jumpstone-dev.nl\/#website\"},\"datePublished\":\"2023-02-27T08:05:43+00:00\",\"dateModified\":\"2023-03-27T12:19:05+00:00\",\"breadcrumb\":{\"@id\":\"https:\/\/turijnmagazijn.nl\/de\/geschaeftsbedingungen\/#breadcrumb\"},\"inLanguage\":\"de\",\"potentialAction\":[{\"@type\":\"ReadAction\",\"target\":[\"https:\/\/turijnmagazijn.nl\/de\/geschaeftsbedingungen\/\"]}]},{\"@type\":\"BreadcrumbList\",\"@id\":\"https:\/\/turijnmagazijn.nl\/de\/geschaeftsbedingungen\/#breadcrumb\",\"itemListElement\":[{\"@type\":\"ListItem\",\"position\":1,\"name\":\"Home\",\"item\":\"https:\/\/turijnmagazijn.nl\/de\/\"},{\"@type\":\"ListItem\",\"position\":2,\"name\":\"Gesch\u00e4ftsbedingungen\"}]},{\"@type\":\"WebSite\",\"@id\":\"https:\/\/turijnmagazijn.jumpstone-dev.nl\/#website\",\"url\":\"https:\/\/turijnmagazijn.jumpstone-dev.nl\/\",\"name\":\"Turijnmagazijn\",\"description\":\"Onderdelen nieuw en gebruikt - Fiat &amp; Lancia\",\"publisher\":{\"@id\":\"https:\/\/turijnmagazijn.jumpstone-dev.nl\/#organization\"},\"potentialAction\":[{\"@type\":\"SearchAction\",\"target\":{\"@type\":\"EntryPoint\",\"urlTemplate\":\"https:\/\/turijnmagazijn.jumpstone-dev.nl\/?s={search_term_string}\"},\"query-input\":{\"@type\":\"PropertyValueSpecification\",\"valueRequired\":true,\"valueName\":\"search_term_string\"}}],\"inLanguage\":\"de\"},{\"@type\":\"Organization\",\"@id\":\"https:\/\/turijnmagazijn.jumpstone-dev.nl\/#organization\",\"name\":\"Turijnmagazijn\",\"url\":\"https:\/\/turijnmagazijn.jumpstone-dev.nl\/\",\"logo\":{\"@type\":\"ImageObject\",\"inLanguage\":\"de\",\"@id\":\"https:\/\/turijnmagazijn.jumpstone-dev.nl\/#\/schema\/logo\/image\/\",\"url\":\"https:\/\/turijnmagazijn.nl\/wp-content\/uploads\/2021\/02\/turijnmagazijnlogo.png\",\"contentUrl\":\"https:\/\/turijnmagazijn.nl\/wp-content\/uploads\/2021\/02\/turijnmagazijnlogo.png\",\"width\":555,\"height\":270,\"caption\":\"Turijnmagazijn\"},\"image\":{\"@id\":\"https:\/\/turijnmagazijn.jumpstone-dev.nl\/#\/schema\/logo\/image\/\"},\"sameAs\":[\"https:\/\/www.facebook.com\/turijnmagazijn\"]}]}<\/script>\n<!-- \/ Yoast SEO plugin. -->","yoast_head_json":{"title":"Gesch\u00e4ftsbedingungen - Turijnmagazijn","robots":{"index":"index","follow":"follow","max-snippet":"max-snippet:-1","max-image-preview":"max-image-preview:large","max-video-preview":"max-video-preview:-1"},"canonical":"https:\/\/turijnmagazijn.nl\/de\/geschaeftsbedingungen\/","og_locale":"de_DE","og_type":"article","og_title":"Gesch\u00e4ftsbedingungen - Turijnmagazijn","og_description":"Gesch\u00e4ftsbedingungen Allgemeine Gesch\u00e4ftsbedingungen Aktienkorb &#8211; Partshive &#8211; Teilenstock &#8211; Ricambarere &#8211; Turijnmagazijn: 1. Definitionen 1.1 In diesen Allgemeinen Gesch\u00e4ftsbedingungen bedeutet DELENKORF das Einzelunternehmen, eingetragen im Handelsregister der Handelskammer in Arnhem, mit der Handelskammernummer 61429228.1.2 DELENKORF firmiert auch unter den Namen PARTSHIVE \u2013 TEILENSTOCK \u2013 RICAMBEARE \u2013 TURIJNMAGAZIJN1.3 DELENKORF ist ein Online-Shop, Webshop f\u00fcr gebrauchte Autoteile, [&hellip;]","og_url":"https:\/\/turijnmagazijn.nl\/de\/geschaeftsbedingungen\/","og_site_name":"Turijnmagazijn","article_publisher":"https:\/\/www.facebook.com\/turijnmagazijn","article_modified_time":"2023-03-27T12:19:05+00:00","twitter_card":"summary_large_image","twitter_misc":{"Gesch\u00e4tzte Lesezeit":"4\u00a0Minuten"},"schema":{"@context":"https:\/\/schema.org","@graph":[{"@type":"WebPage","@id":"https:\/\/turijnmagazijn.nl\/de\/geschaeftsbedingungen\/","url":"https:\/\/turijnmagazijn.nl\/de\/geschaeftsbedingungen\/","name":"Gesch\u00e4ftsbedingungen - Turijnmagazijn","isPartOf":{"@id":"https:\/\/turijnmagazijn.jumpstone-dev.nl\/#website"},"datePublished":"2023-02-27T08:05:43+00:00","dateModified":"2023-03-27T12:19:05+00:00","breadcrumb":{"@id":"https:\/\/turijnmagazijn.nl\/de\/geschaeftsbedingungen\/#breadcrumb"},"inLanguage":"de","potentialAction":[{"@type":"ReadAction","target":["https:\/\/turijnmagazijn.nl\/de\/geschaeftsbedingungen\/"]}]},{"@type":"BreadcrumbList","@id":"https:\/\/turijnmagazijn.nl\/de\/geschaeftsbedingungen\/#breadcrumb","itemListElement":[{"@type":"ListItem","position":1,"name":"Home","item":"https:\/\/turijnmagazijn.nl\/de\/"},{"@type":"ListItem","position":2,"name":"Gesch\u00e4ftsbedingungen"}]},{"@type":"WebSite","@id":"https:\/\/turijnmagazijn.jumpstone-dev.nl\/#website","url":"https:\/\/turijnmagazijn.jumpstone-dev.nl\/","name":"Turijnmagazijn","description":"Onderdelen nieuw en gebruikt - Fiat &amp; Lancia","publisher":{"@id":"https:\/\/turijnmagazijn.jumpstone-dev.nl\/#organization"},"potentialAction":[{"@type":"SearchAction","target":{"@type":"EntryPoint","urlTemplate":"https:\/\/turijnmagazijn.jumpstone-dev.nl\/?s={search_term_string}"},"query-input":{"@type":"PropertyValueSpecification","valueRequired":true,"valueName":"search_term_string"}}],"inLanguage":"de"},{"@type":"Organization","@id":"https:\/\/turijnmagazijn.jumpstone-dev.nl\/#organization","name":"Turijnmagazijn","url":"https:\/\/turijnmagazijn.jumpstone-dev.nl\/","logo":{"@type":"ImageObject","inLanguage":"de","@id":"https:\/\/turijnmagazijn.jumpstone-dev.nl\/#\/schema\/logo\/image\/","url":"https:\/\/turijnmagazijn.nl\/wp-content\/uploads\/2021\/02\/turijnmagazijnlogo.png","contentUrl":"https:\/\/turijnmagazijn.nl\/wp-content\/uploads\/2021\/02\/turijnmagazijnlogo.png","width":555,"height":270,"caption":"Turijnmagazijn"},"image":{"@id":"https:\/\/turijnmagazijn.jumpstone-dev.nl\/#\/schema\/logo\/image\/"},"sameAs":["https:\/\/www.facebook.com\/turijnmagazijn"]}]}},"_links":{"self":[{"href":"https:\/\/turijnmagazijn.nl\/de\/wp-json\/wp\/v2\/pages\/60224","targetHints":{"allow":["GET"]}}],"collection":[{"href":"https:\/\/turijnmagazijn.nl\/de\/wp-json\/wp\/v2\/pages"}],"about":[{"href":"https:\/\/turijnmagazijn.nl\/de\/wp-json\/wp\/v2\/types\/page"}],"author":[{"embeddable":true,"href":"https:\/\/turijnmagazijn.nl\/de\/wp-json\/wp\/v2\/users\/1"}],"replies":[{"embeddable":true,"href":"https:\/\/turijnmagazijn.nl\/de\/wp-json\/wp\/v2\/comments?post=60224"}],"version-history":[{"count":0,"href":"https:\/\/turijnmagazijn.nl\/de\/wp-json\/wp\/v2\/pages\/60224\/revisions"}],"wp:attachment":[{"href":"https:\/\/turijnmagazijn.nl\/de\/wp-json\/wp\/v2\/media?parent=60224"}],"curies":[{"name":"wp","href":"https:\/\/api.w.org\/{rel}","templated":true}]}}