{"id":60230,"date":"2023-03-10T13:57:11","date_gmt":"2023-03-10T12:57:11","guid":{"rendered":"https:\/\/turijnmagazijn.nl\/reparatur-des-lancia-kappa-schalthebels\/"},"modified":"2023-03-27T14:41:12","modified_gmt":"2023-03-27T12:41:12","slug":"reparatur-des-lancia-kappa-schalthebels","status":"publish","type":"page","link":"https:\/\/turijnmagazijn.nl\/de\/reparatur-des-lancia-kappa-schalthebels\/","title":{"rendered":"Reparatur des Lancia Kappa Schalthebels"},"content":{"rendered":"\t\t<div data-elementor-type=\"wp-page\" data-elementor-id=\"60230\" class=\"elementor elementor-60230 elementor-16487\" data-elementor-post-type=\"page\">\n\t\t\t\t\t\t<section class=\"elementor-section elementor-top-section elementor-element elementor-element-9b9fadd elementor-section-boxed elementor-section-height-default elementor-section-height-default\" data-id=\"9b9fadd\" data-element_type=\"section\" data-e-type=\"section\" data-settings=\"{&quot;jet_parallax_layout_list&quot;:[]}\">\n\t\t\t\t\t\t<div class=\"elementor-container elementor-column-gap-no\">\n\t\t\t\t\t<div class=\"elementor-column elementor-col-100 elementor-top-column elementor-element elementor-element-2bb7047\" data-id=\"2bb7047\" data-element_type=\"column\" data-e-type=\"column\">\n\t\t\t<div class=\"elementor-widget-wrap elementor-element-populated\">\n\t\t\t\t\t\t<div class=\"elementor-element elementor-element-e4486d5 elementor-widget elementor-widget-heading\" data-id=\"e4486d5\" data-element_type=\"widget\" data-e-type=\"widget\" data-widget_type=\"heading.default\">\n\t\t\t\t<div class=\"elementor-widget-container\">\n\t\t\t\t\t<h1 class=\"elementor-heading-title elementor-size-default\">Reparatur des Lancia Kappa Schalthebels<\/h1>\t\t\t\t<\/div>\n\t\t\t\t<\/div>\n\t\t\t\t<div class=\"elementor-element elementor-element-d9edf80 elementor-widget elementor-widget-text-editor\" data-id=\"d9edf80\" data-element_type=\"widget\" data-e-type=\"widget\" data-widget_type=\"text-editor.default\">\n\t\t\t\t<div class=\"elementor-widget-container\">\n\t\t\t\t\t\t\t\t\t<p>Bei verschiedenen Versionen des Lancia Kappa ist der Schalthebel mit Leder bezogen. Im Laufe der Jahre verblasst die Pr\u00e4gung des Schaltschemas, oder die N\u00e4hte des Leders l\u00f6sen sich und das Lederteil l\u00f6st sich vom Schalthebel.<\/p>\n<p>Einer unserer Partner hat eine sehr gute L\u00f6sung entwickelt, um dieses Problem zu l\u00f6sen.<\/p>\n<p>\u00dcbrigens nicht nur f\u00fcr den Lancia Kappa, sondern auch f\u00fcr diverse andere FCA-Autos, die unter dem gleichen Problem leiden. Auf unserer Seite finden Sie beispielsweise einen Ersatz-Schaltknauf mit Leder- oder Alcantara-Bezug f\u00fcr:<\/p>\n<ul>\n<li>Fiat Coup\u00e9<\/li>\n<li>Alfa Romeo 166<\/li>\n<li>Alfa Romeo GTV (Fahrgestellcode 916)<\/li>\n<li>Alfa Romeo Spider (Fahrgestellnummer 916)<\/li>\n<\/ul>\n<p>Eine Montageanleitung f\u00fcr diese Produkte finden Sie unten:<\/p>\n<p id=\"tw-target-text\" class=\"tw-data-text tw-text-large tw-ta\" dir=\"ltr\" data-placeholder=\"Vertaling\"><strong><span class=\"Y2IQFc\" lang=\"nl\">Installationsmethode (Downgear-Modelle)<\/span><\/strong><\/p>\n<ol>\n<li dir=\"ltr\" data-placeholder=\"Vertaling\">L\u00f6sen Sie das Schaltsch\u00fcrzenpatent und ziehen Sie es vollst\u00e4ndig vom Schalthebel ab.<\/li>\n<li dir=\"ltr\" data-placeholder=\"Vertaling\">Ziehen Sie die vorherige Umschalttaste heraus. Es ist sehr wichtig, dass Sie den Schaltknauf w\u00e4hrend des Aus- oder Einbaus nicht drehen, da er dadurch besch\u00e4digt werden kann\/wird!<\/li>\n<li dir=\"ltr\" data-placeholder=\"Vertaling\">Das Ende der Stange hat eine vorstehende Kante, die die Position des Schaltknaufs bestimmt und das innere Design des Schaltknaufs anpasst<br \/>darauf. Meist ist der Schaltknauf nicht mit der Stange verklebt, es reicht also, den vorherigen mit ausreichend Kraft nach oben zu ziehen.<br \/>Wenn Sie Probleme haben, den vorherigen Knopf zu entfernen, k\u00f6nnen Sie m\u00f6glicherweise eine Gabel von unten machen (z. B. mit einer Zange) und diese Gabel (Zange) nach oben schlagen, um den Umschaltknopf zu l\u00f6sen.<\/li>\n<li dir=\"ltr\" data-placeholder=\"Vertaling\">Achten Sie auf die richtige Ausrichtung des Schaltknaufs und schieben Sie den neuen Schaltknauf in der richtigen Richtung auf die Stange. Sie werden es sp\u00fcren, wenn es einrastet. Vermeiden Sie die Verwendung von Werkzeugen oder einem Hammer w\u00e4hrend der Montage, da dies den Knopf besch\u00e4digen kann.<\/li>\n<li dir=\"ltr\" data-placeholder=\"Vertaling\">Wenn der neue Schalterknopf angebracht ist, ziehen Sie die Oberseite des Schalters zur\u00fcck und befestigen Sie das Patent wieder in der daf\u00fcr vorgesehenen Aussparung an der Unterseite des Knopfes.<\/li>\n<\/ol>\n<p><strong>Installationsmethode &#8211; Umgekehrte Pull-up-Modelle<\/strong><\/p>\n<ol>\n<li>Ziehen Sie den bisherigen Schaltknauf ab und entfernen Sie eventuelle Kleber\u00fcckst\u00e4nde vom Schaltkn\u00fcppel. Das Stabende hat eine vertikal gerippte Oberfl\u00e4che. Der Stangendurchmesser betr\u00e4gt 10 mm. Wenn Sie Probleme haben, den vorherigen Knopf zu entfernen, k\u00f6nnen Sie m\u00f6glicherweise eine Gabel von unten machen (z. B. mit einer Zange) und diese Gabel (Zange) nach oben schlagen, um den Umschaltknopf zu l\u00f6sen. <br \/><strong>Hinweis:<\/strong> Unter dem Schalthebel befindet sich eine kleine Schraubenfeder, die daf\u00fcr sorgt, dass das Pull-up-System richtig funktioniert. Stellen Sie sicher, dass Sie ihn wieder einsetzen, bevor Sie den neuen Schaltknauf montieren!<\/li>\n<li>Die Anschlussfl\u00e4che des neuen Tasters ist ebenfalls innen gerippt und aus flexiblem Material. Beide Fl\u00e4chen d\u00fcnn mit flexiblem Kleber (z. B. Palmatex, UHU Kunststoffkleber etc.) bestreichen<\/li>\n<li>Setzen Sie den Schaltknauf auf den Stick und vergewissern Sie sich, dass der Schaltknauf in die richtige Richtung zeigt. <strong>Es ist sehr wichtig, dass Sie den Schaltknauf w\u00e4hrend des Aus- oder Einbaus nicht drehen, da er dadurch besch\u00e4digt werden kann\/wird! Dr\u00fccken Sie den Schaltknauf mit gro\u00dfer Kraft nach unten und dr\u00fccken Sie ihn bis zum Anschlag nach unten. Vermeiden Sie auch die Verwendung von Werkzeugen oder einem Hammer w\u00e4hrend der Montage, da dies den Knopf besch\u00e4digen kann.<\/strong><\/li>\n<\/ol>\n\t\t\t\t\t\t\t\t<\/div>\n\t\t\t\t<\/div>\n\t\t\t\t<div class=\"elementor-element elementor-element-297e39f elementor-widget elementor-widget-gallery\" data-id=\"297e39f\" data-element_type=\"widget\" data-e-type=\"widget\" data-settings=\"{&quot;columns&quot;:3,&quot;columns_tablet&quot;:3,&quot;columns_mobile&quot;:3,&quot;gap&quot;:{&quot;unit&quot;:&quot;px&quot;,&quot;size&quot;:20,&quot;sizes&quot;:[]},&quot;aspect_ratio&quot;:&quot;1:1&quot;,&quot;gallery_layout&quot;:&quot;grid&quot;,&quot;gap_tablet&quot;:{&quot;unit&quot;:&quot;px&quot;,&quot;size&quot;:10,&quot;sizes&quot;:[]},&quot;gap_mobile&quot;:{&quot;unit&quot;:&quot;px&quot;,&quot;size&quot;:10,&quot;sizes&quot;:[]},&quot;link_to&quot;:&quot;file&quot;,&quot;overlay_background&quot;:&quot;yes&quot;,&quot;content_hover_animation&quot;:&quot;fade-in&quot;}\" data-widget_type=\"gallery.default\">\n\t\t\t\t<div class=\"elementor-widget-container\">\n\t\t\t\t\t\t\t<div class=\"elementor-gallery__container\">\n\t\t\t\t\t\t\t<a class=\"e-gallery-item elementor-gallery-item elementor-animated-content\" href=\"https:\/\/turijnmagazijn.nl\/wp-content\/uploads\/2023\/03\/versnellingspook-1.jpeg\" data-elementor-open-lightbox=\"yes\" data-elementor-lightbox-slideshow=\"297e39f\" data-e-action-hash=\"#elementor-action%3Aaction%3Dlightbox%26settings%3DeyJpZCI6MTY0ODksInVybCI6Imh0dHBzOlwvXC90dXJpam5tYWdhemlqbi5ubFwvd3AtY29udGVudFwvdXBsb2Fkc1wvMjAyM1wvMDNcL3ZlcnNuZWxsaW5nc3Bvb2stMS5qcGVnIiwic2xpZGVzaG93IjoiMjk3ZTM5ZiJ9\">\n\t\t\t\t\t<div class=\"e-gallery-image elementor-gallery-item__image\" data-thumbnail=\"https:\/\/turijnmagazijn.nl\/wp-content\/uploads\/2023\/03\/versnellingspook-1.jpeg\" data-width=\"800\" data-height=\"450\" aria-label=\"\" role=\"img\" ><\/div>\n\t\t\t\t\t\t\t\t\t\t\t<div class=\"elementor-gallery-item__overlay\"><\/div>\n\t\t\t\t\t\t\t\t\t\t\t\t\t\t<\/a>\n\t\t\t\t\t\t\t<a class=\"e-gallery-item elementor-gallery-item elementor-animated-content\" href=\"https:\/\/turijnmagazijn.nl\/wp-content\/uploads\/2023\/03\/versnellingspook-2.png\" data-elementor-open-lightbox=\"yes\" data-elementor-lightbox-slideshow=\"297e39f\" data-e-action-hash=\"#elementor-action%3Aaction%3Dlightbox%26settings%3DeyJpZCI6MTY0OTAsInVybCI6Imh0dHBzOlwvXC90dXJpam5tYWdhemlqbi5ubFwvd3AtY29udGVudFwvdXBsb2Fkc1wvMjAyM1wvMDNcL3ZlcnNuZWxsaW5nc3Bvb2stMi5wbmciLCJzbGlkZXNob3ciOiIyOTdlMzlmIn0%3D\">\n\t\t\t\t\t<div class=\"e-gallery-image elementor-gallery-item__image\" data-thumbnail=\"https:\/\/turijnmagazijn.nl\/wp-content\/uploads\/2023\/03\/versnellingspook-2.png\" data-width=\"291\" data-height=\"300\" aria-label=\"\" role=\"img\" ><\/div>\n\t\t\t\t\t\t\t\t\t\t\t<div class=\"elementor-gallery-item__overlay\"><\/div>\n\t\t\t\t\t\t\t\t\t\t\t\t\t\t<\/a>\n\t\t\t\t\t\t\t<a class=\"e-gallery-item elementor-gallery-item elementor-animated-content\" href=\"https:\/\/turijnmagazijn.nl\/wp-content\/uploads\/2023\/03\/versnellingspook-3.png\" data-elementor-open-lightbox=\"yes\" data-elementor-lightbox-slideshow=\"297e39f\" data-e-action-hash=\"#elementor-action%3Aaction%3Dlightbox%26settings%3DeyJpZCI6MTY0OTEsInVybCI6Imh0dHBzOlwvXC90dXJpam5tYWdhemlqbi5ubFwvd3AtY29udGVudFwvdXBsb2Fkc1wvMjAyM1wvMDNcL3ZlcnNuZWxsaW5nc3Bvb2stMy5wbmciLCJzbGlkZXNob3ciOiIyOTdlMzlmIn0%3D\">\n\t\t\t\t\t<div class=\"e-gallery-image elementor-gallery-item__image\" data-thumbnail=\"https:\/\/turijnmagazijn.nl\/wp-content\/uploads\/2023\/03\/versnellingspook-3.png\" data-width=\"292\" data-height=\"300\" aria-label=\"\" role=\"img\" ><\/div>\n\t\t\t\t\t\t\t\t\t\t\t<div class=\"elementor-gallery-item__overlay\"><\/div>\n\t\t\t\t\t\t\t\t\t\t\t\t\t\t<\/a>\n\t\t\t\t\t<\/div>\n\t\t\t\t\t<\/div>\n\t\t\t\t<\/div>\n\t\t\t\t\t<\/div>\n\t\t<\/div>\n\t\t\t\t\t<\/div>\n\t\t<\/section>\n\t\t\t\t<\/div>\n\t\t","protected":false},"excerpt":{"rendered":"<p>Bei verschiedenen Versionen des Lancia Kappa ist der Schalthebel mit Leder bezogen. Im Laufe der Jahre verblasst die Pr\u00e4gung des Schaltschemas, oder die N\u00e4hte des Leders l\u00f6sen sich und das Lederteil l\u00f6st sich vom Schalthebel. Einer unserer Partner hat eine sehr gute L\u00f6sung entwickelt, um dieses Problem zu l\u00f6sen. \u00dcbrigens nicht nur f\u00fcr den Lancia [&hellip;]<\/p>\n","protected":false},"author":1,"featured_media":0,"parent":0,"menu_order":0,"comment_status":"closed","ping_status":"closed","template":"","meta":{"_acf_changed":false,"footnotes":""},"class_list":["post-60230","page","type-page","status-publish","hentry"],"acf":[],"yoast_head":"<!-- This site is optimized with the Yoast SEO plugin v27.3 - https:\/\/yoast.com\/product\/yoast-seo-wordpress\/ -->\n<title>Reparatur des Lancia Kappa Schalthebels - Turijnmagazijn<\/title>\n<meta name=\"robots\" content=\"index, follow, max-snippet:-1, max-image-preview:large, max-video-preview:-1\" \/>\n<link rel=\"canonical\" href=\"https:\/\/turijnmagazijn.nl\/de\/reparatur-des-lancia-kappa-schalthebels\/\" \/>\n<meta property=\"og:locale\" content=\"de_DE\" \/>\n<meta property=\"og:type\" content=\"article\" \/>\n<meta property=\"og:title\" content=\"Reparatur des Lancia Kappa Schalthebels - Turijnmagazijn\" \/>\n<meta property=\"og:description\" content=\"Bei verschiedenen Versionen des Lancia Kappa ist der Schalthebel mit Leder bezogen. Im Laufe der Jahre verblasst die Pr\u00e4gung des Schaltschemas, oder die N\u00e4hte des Leders l\u00f6sen sich und das Lederteil l\u00f6st sich vom Schalthebel. Einer unserer Partner hat eine sehr gute L\u00f6sung entwickelt, um dieses Problem zu l\u00f6sen. \u00dcbrigens nicht nur f\u00fcr den Lancia [&hellip;]\" \/>\n<meta property=\"og:url\" content=\"https:\/\/turijnmagazijn.nl\/de\/reparatur-des-lancia-kappa-schalthebels\/\" \/>\n<meta property=\"og:site_name\" content=\"Turijnmagazijn\" \/>\n<meta property=\"article:publisher\" content=\"https:\/\/www.facebook.com\/turijnmagazijn\" \/>\n<meta property=\"article:modified_time\" content=\"2023-03-27T12:41:12+00:00\" \/>\n<meta name=\"twitter:card\" content=\"summary_large_image\" \/>\n<meta name=\"twitter:label1\" content=\"Gesch\u00e4tzte Lesezeit\" \/>\n\t<meta name=\"twitter:data1\" content=\"3\u00a0Minuten\" \/>\n<script type=\"application\/ld+json\" class=\"yoast-schema-graph\">{\"@context\":\"https:\\\/\\\/schema.org\",\"@graph\":[{\"@type\":\"WebPage\",\"@id\":\"https:\\\/\\\/turijnmagazijn.nl\\\/de\\\/reparatur-des-lancia-kappa-schalthebels\\\/\",\"url\":\"https:\\\/\\\/turijnmagazijn.nl\\\/de\\\/reparatur-des-lancia-kappa-schalthebels\\\/\",\"name\":\"Reparatur des Lancia Kappa Schalthebels - Turijnmagazijn\",\"isPartOf\":{\"@id\":\"https:\\\/\\\/turijnmagazijn.jumpstone-dev.nl\\\/#website\"},\"datePublished\":\"2023-03-10T12:57:11+00:00\",\"dateModified\":\"2023-03-27T12:41:12+00:00\",\"breadcrumb\":{\"@id\":\"https:\\\/\\\/turijnmagazijn.nl\\\/de\\\/reparatur-des-lancia-kappa-schalthebels\\\/#breadcrumb\"},\"inLanguage\":\"de\",\"potentialAction\":[{\"@type\":\"ReadAction\",\"target\":[\"https:\\\/\\\/turijnmagazijn.nl\\\/de\\\/reparatur-des-lancia-kappa-schalthebels\\\/\"]}]},{\"@type\":\"BreadcrumbList\",\"@id\":\"https:\\\/\\\/turijnmagazijn.nl\\\/de\\\/reparatur-des-lancia-kappa-schalthebels\\\/#breadcrumb\",\"itemListElement\":[{\"@type\":\"ListItem\",\"position\":1,\"name\":\"Home\",\"item\":\"https:\\\/\\\/turijnmagazijn.nl\\\/de\\\/\"},{\"@type\":\"ListItem\",\"position\":2,\"name\":\"Reparatur des Lancia Kappa Schalthebels\"}]},{\"@type\":\"WebSite\",\"@id\":\"https:\\\/\\\/turijnmagazijn.jumpstone-dev.nl\\\/#website\",\"url\":\"https:\\\/\\\/turijnmagazijn.jumpstone-dev.nl\\\/\",\"name\":\"Turijnmagazijn\",\"description\":\"Onderdelen nieuw en gebruikt - Fiat &amp; Lancia\",\"publisher\":{\"@id\":\"https:\\\/\\\/turijnmagazijn.jumpstone-dev.nl\\\/#organization\"},\"potentialAction\":[{\"@type\":\"SearchAction\",\"target\":{\"@type\":\"EntryPoint\",\"urlTemplate\":\"https:\\\/\\\/turijnmagazijn.jumpstone-dev.nl\\\/?s={search_term_string}\"},\"query-input\":{\"@type\":\"PropertyValueSpecification\",\"valueRequired\":true,\"valueName\":\"search_term_string\"}}],\"inLanguage\":\"de\"},{\"@type\":\"Organization\",\"@id\":\"https:\\\/\\\/turijnmagazijn.jumpstone-dev.nl\\\/#organization\",\"name\":\"Turijnmagazijn\",\"url\":\"https:\\\/\\\/turijnmagazijn.jumpstone-dev.nl\\\/\",\"logo\":{\"@type\":\"ImageObject\",\"inLanguage\":\"de\",\"@id\":\"https:\\\/\\\/turijnmagazijn.jumpstone-dev.nl\\\/#\\\/schema\\\/logo\\\/image\\\/\",\"url\":\"https:\\\/\\\/turijnmagazijn.nl\\\/wp-content\\\/uploads\\\/2021\\\/02\\\/turijnmagazijnlogo.png\",\"contentUrl\":\"https:\\\/\\\/turijnmagazijn.nl\\\/wp-content\\\/uploads\\\/2021\\\/02\\\/turijnmagazijnlogo.png\",\"width\":555,\"height\":270,\"caption\":\"Turijnmagazijn\"},\"image\":{\"@id\":\"https:\\\/\\\/turijnmagazijn.jumpstone-dev.nl\\\/#\\\/schema\\\/logo\\\/image\\\/\"},\"sameAs\":[\"https:\\\/\\\/www.facebook.com\\\/turijnmagazijn\"]}]}<\/script>\n<!-- \/ Yoast SEO plugin. -->","yoast_head_json":{"title":"Reparatur des Lancia Kappa Schalthebels - Turijnmagazijn","robots":{"index":"index","follow":"follow","max-snippet":"max-snippet:-1","max-image-preview":"max-image-preview:large","max-video-preview":"max-video-preview:-1"},"canonical":"https:\/\/turijnmagazijn.nl\/de\/reparatur-des-lancia-kappa-schalthebels\/","og_locale":"de_DE","og_type":"article","og_title":"Reparatur des Lancia Kappa Schalthebels - Turijnmagazijn","og_description":"Bei verschiedenen Versionen des Lancia Kappa ist der Schalthebel mit Leder bezogen. Im Laufe der Jahre verblasst die Pr\u00e4gung des Schaltschemas, oder die N\u00e4hte des Leders l\u00f6sen sich und das Lederteil l\u00f6st sich vom Schalthebel. Einer unserer Partner hat eine sehr gute L\u00f6sung entwickelt, um dieses Problem zu l\u00f6sen. \u00dcbrigens nicht nur f\u00fcr den Lancia [&hellip;]","og_url":"https:\/\/turijnmagazijn.nl\/de\/reparatur-des-lancia-kappa-schalthebels\/","og_site_name":"Turijnmagazijn","article_publisher":"https:\/\/www.facebook.com\/turijnmagazijn","article_modified_time":"2023-03-27T12:41:12+00:00","twitter_card":"summary_large_image","twitter_misc":{"Gesch\u00e4tzte Lesezeit":"3\u00a0Minuten"},"schema":{"@context":"https:\/\/schema.org","@graph":[{"@type":"WebPage","@id":"https:\/\/turijnmagazijn.nl\/de\/reparatur-des-lancia-kappa-schalthebels\/","url":"https:\/\/turijnmagazijn.nl\/de\/reparatur-des-lancia-kappa-schalthebels\/","name":"Reparatur des Lancia Kappa Schalthebels - Turijnmagazijn","isPartOf":{"@id":"https:\/\/turijnmagazijn.jumpstone-dev.nl\/#website"},"datePublished":"2023-03-10T12:57:11+00:00","dateModified":"2023-03-27T12:41:12+00:00","breadcrumb":{"@id":"https:\/\/turijnmagazijn.nl\/de\/reparatur-des-lancia-kappa-schalthebels\/#breadcrumb"},"inLanguage":"de","potentialAction":[{"@type":"ReadAction","target":["https:\/\/turijnmagazijn.nl\/de\/reparatur-des-lancia-kappa-schalthebels\/"]}]},{"@type":"BreadcrumbList","@id":"https:\/\/turijnmagazijn.nl\/de\/reparatur-des-lancia-kappa-schalthebels\/#breadcrumb","itemListElement":[{"@type":"ListItem","position":1,"name":"Home","item":"https:\/\/turijnmagazijn.nl\/de\/"},{"@type":"ListItem","position":2,"name":"Reparatur des Lancia Kappa Schalthebels"}]},{"@type":"WebSite","@id":"https:\/\/turijnmagazijn.jumpstone-dev.nl\/#website","url":"https:\/\/turijnmagazijn.jumpstone-dev.nl\/","name":"Turijnmagazijn","description":"Onderdelen nieuw en gebruikt - Fiat &amp; Lancia","publisher":{"@id":"https:\/\/turijnmagazijn.jumpstone-dev.nl\/#organization"},"potentialAction":[{"@type":"SearchAction","target":{"@type":"EntryPoint","urlTemplate":"https:\/\/turijnmagazijn.jumpstone-dev.nl\/?s={search_term_string}"},"query-input":{"@type":"PropertyValueSpecification","valueRequired":true,"valueName":"search_term_string"}}],"inLanguage":"de"},{"@type":"Organization","@id":"https:\/\/turijnmagazijn.jumpstone-dev.nl\/#organization","name":"Turijnmagazijn","url":"https:\/\/turijnmagazijn.jumpstone-dev.nl\/","logo":{"@type":"ImageObject","inLanguage":"de","@id":"https:\/\/turijnmagazijn.jumpstone-dev.nl\/#\/schema\/logo\/image\/","url":"https:\/\/turijnmagazijn.nl\/wp-content\/uploads\/2021\/02\/turijnmagazijnlogo.png","contentUrl":"https:\/\/turijnmagazijn.nl\/wp-content\/uploads\/2021\/02\/turijnmagazijnlogo.png","width":555,"height":270,"caption":"Turijnmagazijn"},"image":{"@id":"https:\/\/turijnmagazijn.jumpstone-dev.nl\/#\/schema\/logo\/image\/"},"sameAs":["https:\/\/www.facebook.com\/turijnmagazijn"]}]}},"_links":{"self":[{"href":"https:\/\/turijnmagazijn.nl\/de\/wp-json\/wp\/v2\/pages\/60230","targetHints":{"allow":["GET"]}}],"collection":[{"href":"https:\/\/turijnmagazijn.nl\/de\/wp-json\/wp\/v2\/pages"}],"about":[{"href":"https:\/\/turijnmagazijn.nl\/de\/wp-json\/wp\/v2\/types\/page"}],"author":[{"embeddable":true,"href":"https:\/\/turijnmagazijn.nl\/de\/wp-json\/wp\/v2\/users\/1"}],"replies":[{"embeddable":true,"href":"https:\/\/turijnmagazijn.nl\/de\/wp-json\/wp\/v2\/comments?post=60230"}],"version-history":[{"count":0,"href":"https:\/\/turijnmagazijn.nl\/de\/wp-json\/wp\/v2\/pages\/60230\/revisions"}],"wp:attachment":[{"href":"https:\/\/turijnmagazijn.nl\/de\/wp-json\/wp\/v2\/media?parent=60230"}],"curies":[{"name":"wp","href":"https:\/\/api.w.org\/{rel}","templated":true}]}}