{"id":60232,"date":"2023-03-10T14:04:49","date_gmt":"2023-03-10T13:04:49","guid":{"rendered":"https:\/\/turijnmagazijn.nl\/lancia-ypsilon-elefantenlogo-reparieren\/"},"modified":"2023-03-27T14:44:11","modified_gmt":"2023-03-27T12:44:11","slug":"lancia-ypsilon-elefantenlogo-reparieren","status":"publish","type":"page","link":"https:\/\/turijnmagazijn.nl\/de\/lancia-ypsilon-elefantenlogo-reparieren\/","title":{"rendered":"Lancia Ypsilon Elefantenlogo reparieren"},"content":{"rendered":"\t\t<div data-elementor-type=\"wp-page\" data-elementor-id=\"60232\" class=\"elementor elementor-60232 elementor-16496\" data-elementor-post-type=\"page\">\n\t\t\t\t\t\t<section class=\"elementor-section elementor-top-section elementor-element elementor-element-bc89b5c elementor-section-boxed elementor-section-height-default elementor-section-height-default\" data-id=\"bc89b5c\" data-element_type=\"section\" data-e-type=\"section\" data-settings=\"{&quot;jet_parallax_layout_list&quot;:[]}\">\n\t\t\t\t\t\t<div class=\"elementor-container elementor-column-gap-no\">\n\t\t\t\t\t<div class=\"elementor-column elementor-col-100 elementor-top-column elementor-element elementor-element-1870836\" data-id=\"1870836\" data-element_type=\"column\" data-e-type=\"column\">\n\t\t\t<div class=\"elementor-widget-wrap elementor-element-populated\">\n\t\t\t\t\t\t<div class=\"elementor-element elementor-element-ce8ae1f elementor-widget elementor-widget-heading\" data-id=\"ce8ae1f\" data-element_type=\"widget\" data-e-type=\"widget\" data-widget_type=\"heading.default\">\n\t\t\t\t<div class=\"elementor-widget-container\">\n\t\t\t\t\t<h1 class=\"elementor-heading-title elementor-size-default\">Lancia Ypsilon Elefantenlogo reparieren<\/h1>\t\t\t\t<\/div>\n\t\t\t\t<\/div>\n\t\t\t\t<div class=\"elementor-element elementor-element-57e7390 elementor-widget elementor-widget-text-editor\" data-id=\"57e7390\" data-element_type=\"widget\" data-e-type=\"widget\" data-widget_type=\"text-editor.default\">\n\t\t\t\t<div class=\"elementor-widget-container\">\n\t\t\t\t\t\t\t\t\t<p>Der Lancia Ypsilon Fahrgestellcode 840 mit Baujahren zwischen 1995 und 2000 hat einen Elefantino Rosso (rot) und einen Elefantino Blu (blau). Diese Versionen sind mit einem blauen oder roten Elefanten an der B-S\u00e4ule an den Flanken ausgestattet. Wie so viele der Lancia-Emblems leidet diese Art von Logo unter Witterungseinfl\u00fcssen und schlie\u00dflich gelangt Wasser zwischen die Chromkontur mit R\u00fcckenplatte und den farbigen Teil im Inneren.<\/p>\n<p>Wir haben zusammen mit einem unserer Lieferanten eine sch\u00f6ne L\u00f6sung f\u00fcr die rote und die blaue Version entwickelt. Das Reparaturteil ist ein roter oder blauer Elefant, der sich exakt an die originale Chromkontur anpasst.<\/p>\n<p>Behalten Sie also das alte Logo bei, entfernen Sie alle Reste des alten farbigen Teils und achten Sie darauf, dass die Oberfl\u00e4che des Chromteils ohne Unregelm\u00e4\u00dfigkeiten und absolut sauber und fettfrei ist. Dann kann das Reparaturteil einfach wie ein Aufkleber in die Aussparung geklebt werden.<\/p>\n<p>Das Ersatzteil wird mit einer anderen Technik hergestellt und wird viel weniger durch Sonne oder Wasser verwittert. Auf diese Weise h\u00e4lt das Logo jahrelang und hat sein altes Aussehen zur\u00fcck!<\/p>\n\t\t\t\t\t\t\t\t<\/div>\n\t\t\t\t<\/div>\n\t\t\t\t<div class=\"elementor-element elementor-element-ce833d2 elementor-widget elementor-widget-gallery\" data-id=\"ce833d2\" data-element_type=\"widget\" data-e-type=\"widget\" data-settings=\"{&quot;columns_tablet&quot;:4,&quot;columns_mobile&quot;:2,&quot;gap&quot;:{&quot;unit&quot;:&quot;px&quot;,&quot;size&quot;:20,&quot;sizes&quot;:[]},&quot;aspect_ratio&quot;:&quot;1:1&quot;,&quot;gallery_layout&quot;:&quot;grid&quot;,&quot;columns&quot;:4,&quot;gap_tablet&quot;:{&quot;unit&quot;:&quot;px&quot;,&quot;size&quot;:10,&quot;sizes&quot;:[]},&quot;gap_mobile&quot;:{&quot;unit&quot;:&quot;px&quot;,&quot;size&quot;:10,&quot;sizes&quot;:[]},&quot;link_to&quot;:&quot;file&quot;,&quot;overlay_background&quot;:&quot;yes&quot;,&quot;content_hover_animation&quot;:&quot;fade-in&quot;}\" data-widget_type=\"gallery.default\">\n\t\t\t\t<div class=\"elementor-widget-container\">\n\t\t\t\t\t\t\t<div class=\"elementor-gallery__container\">\n\t\t\t\t\t\t\t<a class=\"e-gallery-item elementor-gallery-item elementor-animated-content\" href=\"https:\/\/turijnmagazijn.nl\/wp-content\/uploads\/2023\/03\/olifant-logo-reparatie-1.jpeg\" data-elementor-open-lightbox=\"yes\" data-elementor-lightbox-slideshow=\"ce833d2\" data-e-action-hash=\"#elementor-action%3Aaction%3Dlightbox%26settings%3DeyJpZCI6MTY0OTgsInVybCI6Imh0dHBzOlwvXC90dXJpam5tYWdhemlqbi5ubFwvd3AtY29udGVudFwvdXBsb2Fkc1wvMjAyM1wvMDNcL29saWZhbnQtbG9nby1yZXBhcmF0aWUtMS5qcGVnIiwic2xpZGVzaG93IjoiY2U4MzNkMiJ9\">\n\t\t\t\t\t<div class=\"e-gallery-image elementor-gallery-item__image\" data-thumbnail=\"https:\/\/turijnmagazijn.nl\/wp-content\/uploads\/2023\/03\/olifant-logo-reparatie-1.jpeg\" data-width=\"600\" data-height=\"450\" aria-label=\"\" role=\"img\" ><\/div>\n\t\t\t\t\t\t\t\t\t\t\t<div class=\"elementor-gallery-item__overlay\"><\/div>\n\t\t\t\t\t\t\t\t\t\t\t\t\t\t<\/a>\n\t\t\t\t\t\t\t<a class=\"e-gallery-item elementor-gallery-item elementor-animated-content\" href=\"https:\/\/turijnmagazijn.nl\/wp-content\/uploads\/2023\/03\/olifant-logo-reparatie-2.jpeg\" data-elementor-open-lightbox=\"yes\" data-elementor-lightbox-slideshow=\"ce833d2\" data-e-action-hash=\"#elementor-action%3Aaction%3Dlightbox%26settings%3DeyJpZCI6MTY0OTksInVybCI6Imh0dHBzOlwvXC90dXJpam5tYWdhemlqbi5ubFwvd3AtY29udGVudFwvdXBsb2Fkc1wvMjAyM1wvMDNcL29saWZhbnQtbG9nby1yZXBhcmF0aWUtMi5qcGVnIiwic2xpZGVzaG93IjoiY2U4MzNkMiJ9\">\n\t\t\t\t\t<div class=\"e-gallery-image elementor-gallery-item__image\" data-thumbnail=\"https:\/\/turijnmagazijn.nl\/wp-content\/uploads\/2023\/03\/olifant-logo-reparatie-2.jpeg\" data-width=\"600\" data-height=\"338\" aria-label=\"\" role=\"img\" ><\/div>\n\t\t\t\t\t\t\t\t\t\t\t<div class=\"elementor-gallery-item__overlay\"><\/div>\n\t\t\t\t\t\t\t\t\t\t\t\t\t\t<\/a>\n\t\t\t\t\t\t\t<a class=\"e-gallery-item elementor-gallery-item elementor-animated-content\" href=\"https:\/\/turijnmagazijn.nl\/wp-content\/uploads\/2023\/03\/olifant-logo-reparatie-3.jpeg\" data-elementor-open-lightbox=\"yes\" data-elementor-lightbox-slideshow=\"ce833d2\" data-e-action-hash=\"#elementor-action%3Aaction%3Dlightbox%26settings%3DeyJpZCI6MTY1MDAsInVybCI6Imh0dHBzOlwvXC90dXJpam5tYWdhemlqbi5ubFwvd3AtY29udGVudFwvdXBsb2Fkc1wvMjAyM1wvMDNcL29saWZhbnQtbG9nby1yZXBhcmF0aWUtMy5qcGVnIiwic2xpZGVzaG93IjoiY2U4MzNkMiJ9\">\n\t\t\t\t\t<div class=\"e-gallery-image elementor-gallery-item__image\" data-thumbnail=\"https:\/\/turijnmagazijn.nl\/wp-content\/uploads\/2023\/03\/olifant-logo-reparatie-3.jpeg\" data-width=\"600\" data-height=\"386\" aria-label=\"\" role=\"img\" ><\/div>\n\t\t\t\t\t\t\t\t\t\t\t<div class=\"elementor-gallery-item__overlay\"><\/div>\n\t\t\t\t\t\t\t\t\t\t\t\t\t\t<\/a>\n\t\t\t\t\t\t\t<a class=\"e-gallery-item elementor-gallery-item elementor-animated-content\" href=\"https:\/\/turijnmagazijn.nl\/wp-content\/uploads\/2023\/03\/olifant-logo-reparatie-4.jpeg\" data-elementor-open-lightbox=\"yes\" data-elementor-lightbox-slideshow=\"ce833d2\" data-e-action-hash=\"#elementor-action%3Aaction%3Dlightbox%26settings%3DeyJpZCI6MTY1MDEsInVybCI6Imh0dHBzOlwvXC90dXJpam5tYWdhemlqbi5ubFwvd3AtY29udGVudFwvdXBsb2Fkc1wvMjAyM1wvMDNcL29saWZhbnQtbG9nby1yZXBhcmF0aWUtNC5qcGVnIiwic2xpZGVzaG93IjoiY2U4MzNkMiJ9\">\n\t\t\t\t\t<div class=\"e-gallery-image elementor-gallery-item__image\" data-thumbnail=\"https:\/\/turijnmagazijn.nl\/wp-content\/uploads\/2023\/03\/olifant-logo-reparatie-4.jpeg\" data-width=\"600\" data-height=\"450\" aria-label=\"\" role=\"img\" ><\/div>\n\t\t\t\t\t\t\t\t\t\t\t<div class=\"elementor-gallery-item__overlay\"><\/div>\n\t\t\t\t\t\t\t\t\t\t\t\t\t\t<\/a>\n\t\t\t\t\t<\/div>\n\t\t\t\t\t<\/div>\n\t\t\t\t<\/div>\n\t\t\t\t\t<\/div>\n\t\t<\/div>\n\t\t\t\t\t<\/div>\n\t\t<\/section>\n\t\t\t\t<\/div>\n\t\t","protected":false},"excerpt":{"rendered":"<p>Der Lancia Ypsilon Fahrgestellcode 840 mit Baujahren zwischen 1995 und 2000 hat einen Elefantino Rosso (rot) und einen Elefantino Blu (blau). Diese Versionen sind mit einem blauen oder roten Elefanten an der B-S\u00e4ule an den Flanken ausgestattet. Wie so viele der Lancia-Emblems leidet diese Art von Logo unter Witterungseinfl\u00fcssen und schlie\u00dflich gelangt Wasser zwischen die [&hellip;]<\/p>\n","protected":false},"author":1,"featured_media":0,"parent":0,"menu_order":0,"comment_status":"closed","ping_status":"closed","template":"","meta":{"_acf_changed":false,"footnotes":""},"class_list":["post-60232","page","type-page","status-publish","hentry"],"acf":[],"yoast_head":"<!-- This site is optimized with the Yoast SEO plugin v27.3 - https:\/\/yoast.com\/product\/yoast-seo-wordpress\/ -->\n<title>Lancia Ypsilon Elefantenlogo reparieren - Turijnmagazijn<\/title>\n<meta name=\"robots\" content=\"index, follow, max-snippet:-1, max-image-preview:large, max-video-preview:-1\" \/>\n<link rel=\"canonical\" href=\"https:\/\/turijnmagazijn.nl\/de\/lancia-ypsilon-elefantenlogo-reparieren\/\" \/>\n<meta property=\"og:locale\" content=\"de_DE\" \/>\n<meta property=\"og:type\" content=\"article\" \/>\n<meta property=\"og:title\" content=\"Lancia Ypsilon Elefantenlogo reparieren - Turijnmagazijn\" \/>\n<meta property=\"og:description\" content=\"Der Lancia Ypsilon Fahrgestellcode 840 mit Baujahren zwischen 1995 und 2000 hat einen Elefantino Rosso (rot) und einen Elefantino Blu (blau). Diese Versionen sind mit einem blauen oder roten Elefanten an der B-S\u00e4ule an den Flanken ausgestattet. Wie so viele der Lancia-Emblems leidet diese Art von Logo unter Witterungseinfl\u00fcssen und schlie\u00dflich gelangt Wasser zwischen die [&hellip;]\" \/>\n<meta property=\"og:url\" content=\"https:\/\/turijnmagazijn.nl\/de\/lancia-ypsilon-elefantenlogo-reparieren\/\" \/>\n<meta property=\"og:site_name\" content=\"Turijnmagazijn\" \/>\n<meta property=\"article:publisher\" content=\"https:\/\/www.facebook.com\/turijnmagazijn\" \/>\n<meta property=\"article:modified_time\" content=\"2023-03-27T12:44:11+00:00\" \/>\n<meta name=\"twitter:card\" content=\"summary_large_image\" \/>\n<meta name=\"twitter:label1\" content=\"Gesch\u00e4tzte Lesezeit\" \/>\n\t<meta name=\"twitter:data1\" content=\"1\u00a0Minute\" \/>\n<script type=\"application\/ld+json\" class=\"yoast-schema-graph\">{\"@context\":\"https:\\\/\\\/schema.org\",\"@graph\":[{\"@type\":\"WebPage\",\"@id\":\"https:\\\/\\\/turijnmagazijn.nl\\\/de\\\/lancia-ypsilon-elefantenlogo-reparieren\\\/\",\"url\":\"https:\\\/\\\/turijnmagazijn.nl\\\/de\\\/lancia-ypsilon-elefantenlogo-reparieren\\\/\",\"name\":\"Lancia Ypsilon Elefantenlogo reparieren - Turijnmagazijn\",\"isPartOf\":{\"@id\":\"https:\\\/\\\/turijnmagazijn.jumpstone-dev.nl\\\/#website\"},\"datePublished\":\"2023-03-10T13:04:49+00:00\",\"dateModified\":\"2023-03-27T12:44:11+00:00\",\"breadcrumb\":{\"@id\":\"https:\\\/\\\/turijnmagazijn.nl\\\/de\\\/lancia-ypsilon-elefantenlogo-reparieren\\\/#breadcrumb\"},\"inLanguage\":\"de\",\"potentialAction\":[{\"@type\":\"ReadAction\",\"target\":[\"https:\\\/\\\/turijnmagazijn.nl\\\/de\\\/lancia-ypsilon-elefantenlogo-reparieren\\\/\"]}]},{\"@type\":\"BreadcrumbList\",\"@id\":\"https:\\\/\\\/turijnmagazijn.nl\\\/de\\\/lancia-ypsilon-elefantenlogo-reparieren\\\/#breadcrumb\",\"itemListElement\":[{\"@type\":\"ListItem\",\"position\":1,\"name\":\"Home\",\"item\":\"https:\\\/\\\/turijnmagazijn.nl\\\/de\\\/\"},{\"@type\":\"ListItem\",\"position\":2,\"name\":\"Lancia Ypsilon Elefantenlogo reparieren\"}]},{\"@type\":\"WebSite\",\"@id\":\"https:\\\/\\\/turijnmagazijn.jumpstone-dev.nl\\\/#website\",\"url\":\"https:\\\/\\\/turijnmagazijn.jumpstone-dev.nl\\\/\",\"name\":\"Turijnmagazijn\",\"description\":\"Onderdelen nieuw en gebruikt - Fiat &amp; Lancia\",\"publisher\":{\"@id\":\"https:\\\/\\\/turijnmagazijn.jumpstone-dev.nl\\\/#organization\"},\"potentialAction\":[{\"@type\":\"SearchAction\",\"target\":{\"@type\":\"EntryPoint\",\"urlTemplate\":\"https:\\\/\\\/turijnmagazijn.jumpstone-dev.nl\\\/?s={search_term_string}\"},\"query-input\":{\"@type\":\"PropertyValueSpecification\",\"valueRequired\":true,\"valueName\":\"search_term_string\"}}],\"inLanguage\":\"de\"},{\"@type\":\"Organization\",\"@id\":\"https:\\\/\\\/turijnmagazijn.jumpstone-dev.nl\\\/#organization\",\"name\":\"Turijnmagazijn\",\"url\":\"https:\\\/\\\/turijnmagazijn.jumpstone-dev.nl\\\/\",\"logo\":{\"@type\":\"ImageObject\",\"inLanguage\":\"de\",\"@id\":\"https:\\\/\\\/turijnmagazijn.jumpstone-dev.nl\\\/#\\\/schema\\\/logo\\\/image\\\/\",\"url\":\"https:\\\/\\\/turijnmagazijn.nl\\\/wp-content\\\/uploads\\\/2021\\\/02\\\/turijnmagazijnlogo.png\",\"contentUrl\":\"https:\\\/\\\/turijnmagazijn.nl\\\/wp-content\\\/uploads\\\/2021\\\/02\\\/turijnmagazijnlogo.png\",\"width\":555,\"height\":270,\"caption\":\"Turijnmagazijn\"},\"image\":{\"@id\":\"https:\\\/\\\/turijnmagazijn.jumpstone-dev.nl\\\/#\\\/schema\\\/logo\\\/image\\\/\"},\"sameAs\":[\"https:\\\/\\\/www.facebook.com\\\/turijnmagazijn\"]}]}<\/script>\n<!-- \/ Yoast SEO plugin. -->","yoast_head_json":{"title":"Lancia Ypsilon Elefantenlogo reparieren - Turijnmagazijn","robots":{"index":"index","follow":"follow","max-snippet":"max-snippet:-1","max-image-preview":"max-image-preview:large","max-video-preview":"max-video-preview:-1"},"canonical":"https:\/\/turijnmagazijn.nl\/de\/lancia-ypsilon-elefantenlogo-reparieren\/","og_locale":"de_DE","og_type":"article","og_title":"Lancia Ypsilon Elefantenlogo reparieren - Turijnmagazijn","og_description":"Der Lancia Ypsilon Fahrgestellcode 840 mit Baujahren zwischen 1995 und 2000 hat einen Elefantino Rosso (rot) und einen Elefantino Blu (blau). Diese Versionen sind mit einem blauen oder roten Elefanten an der B-S\u00e4ule an den Flanken ausgestattet. Wie so viele der Lancia-Emblems leidet diese Art von Logo unter Witterungseinfl\u00fcssen und schlie\u00dflich gelangt Wasser zwischen die [&hellip;]","og_url":"https:\/\/turijnmagazijn.nl\/de\/lancia-ypsilon-elefantenlogo-reparieren\/","og_site_name":"Turijnmagazijn","article_publisher":"https:\/\/www.facebook.com\/turijnmagazijn","article_modified_time":"2023-03-27T12:44:11+00:00","twitter_card":"summary_large_image","twitter_misc":{"Gesch\u00e4tzte Lesezeit":"1\u00a0Minute"},"schema":{"@context":"https:\/\/schema.org","@graph":[{"@type":"WebPage","@id":"https:\/\/turijnmagazijn.nl\/de\/lancia-ypsilon-elefantenlogo-reparieren\/","url":"https:\/\/turijnmagazijn.nl\/de\/lancia-ypsilon-elefantenlogo-reparieren\/","name":"Lancia Ypsilon Elefantenlogo reparieren - Turijnmagazijn","isPartOf":{"@id":"https:\/\/turijnmagazijn.jumpstone-dev.nl\/#website"},"datePublished":"2023-03-10T13:04:49+00:00","dateModified":"2023-03-27T12:44:11+00:00","breadcrumb":{"@id":"https:\/\/turijnmagazijn.nl\/de\/lancia-ypsilon-elefantenlogo-reparieren\/#breadcrumb"},"inLanguage":"de","potentialAction":[{"@type":"ReadAction","target":["https:\/\/turijnmagazijn.nl\/de\/lancia-ypsilon-elefantenlogo-reparieren\/"]}]},{"@type":"BreadcrumbList","@id":"https:\/\/turijnmagazijn.nl\/de\/lancia-ypsilon-elefantenlogo-reparieren\/#breadcrumb","itemListElement":[{"@type":"ListItem","position":1,"name":"Home","item":"https:\/\/turijnmagazijn.nl\/de\/"},{"@type":"ListItem","position":2,"name":"Lancia Ypsilon Elefantenlogo reparieren"}]},{"@type":"WebSite","@id":"https:\/\/turijnmagazijn.jumpstone-dev.nl\/#website","url":"https:\/\/turijnmagazijn.jumpstone-dev.nl\/","name":"Turijnmagazijn","description":"Onderdelen nieuw en gebruikt - Fiat &amp; Lancia","publisher":{"@id":"https:\/\/turijnmagazijn.jumpstone-dev.nl\/#organization"},"potentialAction":[{"@type":"SearchAction","target":{"@type":"EntryPoint","urlTemplate":"https:\/\/turijnmagazijn.jumpstone-dev.nl\/?s={search_term_string}"},"query-input":{"@type":"PropertyValueSpecification","valueRequired":true,"valueName":"search_term_string"}}],"inLanguage":"de"},{"@type":"Organization","@id":"https:\/\/turijnmagazijn.jumpstone-dev.nl\/#organization","name":"Turijnmagazijn","url":"https:\/\/turijnmagazijn.jumpstone-dev.nl\/","logo":{"@type":"ImageObject","inLanguage":"de","@id":"https:\/\/turijnmagazijn.jumpstone-dev.nl\/#\/schema\/logo\/image\/","url":"https:\/\/turijnmagazijn.nl\/wp-content\/uploads\/2021\/02\/turijnmagazijnlogo.png","contentUrl":"https:\/\/turijnmagazijn.nl\/wp-content\/uploads\/2021\/02\/turijnmagazijnlogo.png","width":555,"height":270,"caption":"Turijnmagazijn"},"image":{"@id":"https:\/\/turijnmagazijn.jumpstone-dev.nl\/#\/schema\/logo\/image\/"},"sameAs":["https:\/\/www.facebook.com\/turijnmagazijn"]}]}},"_links":{"self":[{"href":"https:\/\/turijnmagazijn.nl\/de\/wp-json\/wp\/v2\/pages\/60232","targetHints":{"allow":["GET"]}}],"collection":[{"href":"https:\/\/turijnmagazijn.nl\/de\/wp-json\/wp\/v2\/pages"}],"about":[{"href":"https:\/\/turijnmagazijn.nl\/de\/wp-json\/wp\/v2\/types\/page"}],"author":[{"embeddable":true,"href":"https:\/\/turijnmagazijn.nl\/de\/wp-json\/wp\/v2\/users\/1"}],"replies":[{"embeddable":true,"href":"https:\/\/turijnmagazijn.nl\/de\/wp-json\/wp\/v2\/comments?post=60232"}],"version-history":[{"count":0,"href":"https:\/\/turijnmagazijn.nl\/de\/wp-json\/wp\/v2\/pages\/60232\/revisions"}],"wp:attachment":[{"href":"https:\/\/turijnmagazijn.nl\/de\/wp-json\/wp\/v2\/media?parent=60232"}],"curies":[{"name":"wp","href":"https:\/\/api.w.org\/{rel}","templated":true}]}}