{"id":60272,"date":"2023-03-03T09:08:36","date_gmt":"2023-03-03T08:08:36","guid":{"rendered":"https:\/\/turijnmagazijn.nl\/product\/sicherungsmutter-m10x125-lancia-delta-integral-motorlager\/"},"modified":"2024-09-17T21:31:39","modified_gmt":"2024-09-17T19:31:39","slug":"borgmoer-m10x125-lancia-delta-integral-motorlager-neu","status":"publish","type":"product","link":"https:\/\/turijnmagazijn.nl\/de\/produkt\/borgmoer-m10x125-lancia-delta-integral-motorlager-neu\/","title":{"rendered":"Sicherungsmutter M10x1,25 Lancia Delta Integral Motorlager"},"content":{"rendered":"<p>Neuer Borgmoer M10x1,25 f\u00fcr Lancia Delta Integrale f\u00fcr den Einbau der Motorlager. Diese Sicherungsmuttern sind aus Stahl in der Qualit\u00e4t 8.8 gefertigt. Sie sind passiviert gelb f\u00fcr hervorragenden Rostschutz. Betrifft einen neuen Artikel, dies ist kein Originalprodukt von Lancia. Kann als Ersatz f\u00fcr dienen: OEM Lancia 15503721 Dieses Teil hat 8 verschiedene Anwendungen f\u00fcr den Lancia Delta Integrale: Teil Nummer 5 auf der technischen Zeichnung von EPER Zeichnungsnummer 1000200003. 2 St\u00fcck pro Auto erforderlich. Teil Nummer 9 auf der technischen Zeichnung von EPER Zeichnungsnummer 1000200004 f\u00fcr die Anwendung am Lancia Delta Integrale.<br \/>\nPro Fahrzeug werden zwei dieser Teile ben\u00f6tigt.<br \/>\nTeil Nummer 4 auf der technischen Zeichnung von EPER Zeichnungsnummer B282C8EDDAEE5F256DAF76728EA2EC59 bez\u00fcglich der Anwendung auf dem Lancia Delta Integrale.<br \/>\nVon diesem Artikel werden 6 St\u00fcck pro Auto ben\u00f6tigt.<br \/>\nTeil Nummer 10 auf der technischen Zeichnung von EPER Zeichnungsnummer CDDCE95D36F16827475BBF2156E132B1 bez\u00fcglich der Anwendung auf dem Lancia Delta Integrale.<br \/>\nVon diesem Artikel werden zwei St\u00fcck pro Auto ben\u00f6tigt.<br \/>\nTeil Nummer 16 auf der technischen Zeichnung von EPER Zeichnungsnummer C85E2A615D2876ECB0B05CDED66FA89C mbt Anwendung auf dem Lancia Delta Integrale.<br \/>\nVon diesem Artikel werden 6 St\u00fcck pro Auto ben\u00f6tigt.<br \/>\nTeil Nummer 5 auf der technischen Zeichnung von EPER Zeichnungsnummer 1924237C28E78614914B46B69E39D719 bez\u00fcglich der Anwendung am Lancia Delta Integrale.<br \/>\nVon diesem Teil werden 4 St\u00fcck pro Auto ben\u00f6tigt.<br \/>\nTeil Nummer 3 auf der technischen Zeichnung von EPER Zeichnungsnummer 5A271F0539ED26323019B863DA26DB57 bez\u00fcglich der Anwendung am Lancia Delta Integrale.<br \/>\nVon diesem Teil werden 10 St\u00fcck pro Auto ben\u00f6tigt.<br \/>\nTeil Nummer 13 auf der technischen Zeichnung von EPER Zeichnungsnummer 34EB00C773FFA518BDFDC97BA6356646 bez\u00fcglich der Anwendung auf dem Lancia Delta Integrale.<br \/>\nVon diesem Artikel werden 2 St\u00fcck pro Fahrzeug ben\u00f6tigt.<br \/>\nOEM Lancia 60805325 OEM-Nummern nur als Referenz!              <\/p>\n","protected":false},"excerpt":{"rendered":"<p>15503721 Sicherungsmutter M10x1.25 Lancia Delta Integrale Motorlager, Lenkgetriebe, Differenziallager, Lenkgetriebe, Querlenker, hintere Sto\u00dfstange.<\/p>\n","protected":false},"featured_media":34213,"comment_status":"closed","ping_status":"closed","template":"","meta":{"_acf_changed":false},"product_brand":[],"product_cat":[1807,1822,1826,1834,1829,1839],"product_tag":[],"class_list":{"0":"post-60272","1":"product","2":"type-product","3":"status-publish","4":"has-post-thumbnail","6":"product_cat-delta-1-831-de","7":"product_cat-hf-4wd-de","8":"product_cat-hf-turbo-de","9":"product_cat-integrale-16v-de","10":"product_cat-integrale-8v-de","11":"product_cat-integrale-evo-de","12":"pa_soort-onderdeel-steuerung","14":"first","15":"instock","16":"taxable","17":"shipping-taxable","18":"purchasable","19":"product-type-simple"},"acf":[],"yoast_head":"<!-- This site is optimized with the Yoast SEO plugin v27.2 - https:\/\/yoast.com\/product\/yoast-seo-wordpress\/ -->\n<title>Sicherungsmutter M10x1,25 Lancia Delta Integral Motorlager - Turijnmagazijn<\/title>\n<meta name=\"robots\" content=\"index, follow, max-snippet:-1, max-image-preview:large, max-video-preview:-1\" \/>\n<link rel=\"canonical\" href=\"https:\/\/turijnmagazijn.nl\/de\/produkt\/borgmoer-m10x125-lancia-delta-integral-motorlager-neu\/\" \/>\n<meta property=\"og:locale\" content=\"de_DE\" \/>\n<meta property=\"og:type\" content=\"article\" \/>\n<meta property=\"og:title\" content=\"Sicherungsmutter M10x1,25 Lancia Delta Integral Motorlager - Turijnmagazijn\" \/>\n<meta property=\"og:description\" content=\"15503721 Sicherungsmutter M10x1.25 Lancia Delta Integrale Motorlager, Lenkgetriebe, Differenziallager, Lenkgetriebe, Querlenker, hintere Sto\u00dfstange.\" \/>\n<meta property=\"og:url\" content=\"https:\/\/turijnmagazijn.nl\/de\/produkt\/borgmoer-m10x125-lancia-delta-integral-motorlager-neu\/\" \/>\n<meta property=\"og:site_name\" content=\"Turijnmagazijn\" \/>\n<meta property=\"article:publisher\" content=\"https:\/\/www.facebook.com\/turijnmagazijn\" \/>\n<meta property=\"article:modified_time\" content=\"2024-09-17T19:31:39+00:00\" \/>\n<meta property=\"og:image\" content=\"https:\/\/turijnmagazijn.nl\/wp-content\/uploads\/2023\/03\/DN00100014_Borgmoer_M10x125_Lancia_Delta_Integrale_motorsteunen_-NIEUW-_1.jpg\" \/>\n\t<meta property=\"og:image:width\" content=\"800\" \/>\n\t<meta property=\"og:image:height\" content=\"600\" \/>\n\t<meta property=\"og:image:type\" content=\"image\/jpeg\" \/>\n<meta name=\"twitter:card\" content=\"summary_large_image\" \/>\n<meta name=\"twitter:label1\" content=\"Gesch\u00e4tzte Lesezeit\" \/>\n\t<meta name=\"twitter:data1\" content=\"2\u00a0Minuten\" \/>\n<script type=\"application\/ld+json\" class=\"yoast-schema-graph\">{\"@context\":\"https:\/\/schema.org\",\"@graph\":[{\"@type\":\"WebPage\",\"@id\":\"https:\/\/turijnmagazijn.nl\/de\/produkt\/borgmoer-m10x125-lancia-delta-integral-motorlager-neu\/\",\"url\":\"https:\/\/turijnmagazijn.nl\/de\/produkt\/borgmoer-m10x125-lancia-delta-integral-motorlager-neu\/\",\"name\":\"Sicherungsmutter M10x1,25 Lancia Delta Integral Motorlager - Turijnmagazijn\",\"isPartOf\":{\"@id\":\"https:\/\/turijnmagazijn.jumpstone-dev.nl\/#website\"},\"primaryImageOfPage\":{\"@id\":\"https:\/\/turijnmagazijn.nl\/de\/produkt\/borgmoer-m10x125-lancia-delta-integral-motorlager-neu\/#primaryimage\"},\"image\":{\"@id\":\"https:\/\/turijnmagazijn.nl\/de\/produkt\/borgmoer-m10x125-lancia-delta-integral-motorlager-neu\/#primaryimage\"},\"thumbnailUrl\":\"https:\/\/turijnmagazijn.nl\/wp-content\/uploads\/2023\/03\/DN00100014_Borgmoer_M10x125_Lancia_Delta_Integrale_motorsteunen_-NIEUW-_1.jpg\",\"datePublished\":\"2023-03-03T08:08:36+00:00\",\"dateModified\":\"2024-09-17T19:31:39+00:00\",\"breadcrumb\":{\"@id\":\"https:\/\/turijnmagazijn.nl\/de\/produkt\/borgmoer-m10x125-lancia-delta-integral-motorlager-neu\/#breadcrumb\"},\"inLanguage\":\"de\",\"potentialAction\":[{\"@type\":\"ReadAction\",\"target\":[\"https:\/\/turijnmagazijn.nl\/de\/produkt\/borgmoer-m10x125-lancia-delta-integral-motorlager-neu\/\"]}]},{\"@type\":\"ImageObject\",\"inLanguage\":\"de\",\"@id\":\"https:\/\/turijnmagazijn.nl\/de\/produkt\/borgmoer-m10x125-lancia-delta-integral-motorlager-neu\/#primaryimage\",\"url\":\"https:\/\/turijnmagazijn.nl\/wp-content\/uploads\/2023\/03\/DN00100014_Borgmoer_M10x125_Lancia_Delta_Integrale_motorsteunen_-NIEUW-_1.jpg\",\"contentUrl\":\"https:\/\/turijnmagazijn.nl\/wp-content\/uploads\/2023\/03\/DN00100014_Borgmoer_M10x125_Lancia_Delta_Integrale_motorsteunen_-NIEUW-_1.jpg\",\"width\":800,\"height\":600},{\"@type\":\"BreadcrumbList\",\"@id\":\"https:\/\/turijnmagazijn.nl\/de\/produkt\/borgmoer-m10x125-lancia-delta-integral-motorlager-neu\/#breadcrumb\",\"itemListElement\":[{\"@type\":\"ListItem\",\"position\":1,\"name\":\"Home\",\"item\":\"https:\/\/turijnmagazijn.nl\/de\/\"},{\"@type\":\"ListItem\",\"position\":2,\"name\":\"Produkte\",\"item\":\"https:\/\/turijnmagazijn.nl\/de\/shop\/\"},{\"@type\":\"ListItem\",\"position\":3,\"name\":\"Sicherungsmutter M10x1,25 Lancia Delta Integral Motorlager\"}]},{\"@type\":\"WebSite\",\"@id\":\"https:\/\/turijnmagazijn.jumpstone-dev.nl\/#website\",\"url\":\"https:\/\/turijnmagazijn.jumpstone-dev.nl\/\",\"name\":\"Turijnmagazijn\",\"description\":\"Onderdelen nieuw en gebruikt - Fiat &amp; Lancia\",\"publisher\":{\"@id\":\"https:\/\/turijnmagazijn.jumpstone-dev.nl\/#organization\"},\"potentialAction\":[{\"@type\":\"SearchAction\",\"target\":{\"@type\":\"EntryPoint\",\"urlTemplate\":\"https:\/\/turijnmagazijn.jumpstone-dev.nl\/?s={search_term_string}\"},\"query-input\":{\"@type\":\"PropertyValueSpecification\",\"valueRequired\":true,\"valueName\":\"search_term_string\"}}],\"inLanguage\":\"de\"},{\"@type\":\"Organization\",\"@id\":\"https:\/\/turijnmagazijn.jumpstone-dev.nl\/#organization\",\"name\":\"Turijnmagazijn\",\"url\":\"https:\/\/turijnmagazijn.jumpstone-dev.nl\/\",\"logo\":{\"@type\":\"ImageObject\",\"inLanguage\":\"de\",\"@id\":\"https:\/\/turijnmagazijn.jumpstone-dev.nl\/#\/schema\/logo\/image\/\",\"url\":\"https:\/\/turijnmagazijn.nl\/wp-content\/uploads\/2021\/02\/turijnmagazijnlogo.png\",\"contentUrl\":\"https:\/\/turijnmagazijn.nl\/wp-content\/uploads\/2021\/02\/turijnmagazijnlogo.png\",\"width\":555,\"height\":270,\"caption\":\"Turijnmagazijn\"},\"image\":{\"@id\":\"https:\/\/turijnmagazijn.jumpstone-dev.nl\/#\/schema\/logo\/image\/\"},\"sameAs\":[\"https:\/\/www.facebook.com\/turijnmagazijn\"]}]}<\/script>\n<!-- \/ Yoast SEO plugin. -->","yoast_head_json":{"title":"Sicherungsmutter M10x1,25 Lancia Delta Integral Motorlager - Turijnmagazijn","robots":{"index":"index","follow":"follow","max-snippet":"max-snippet:-1","max-image-preview":"max-image-preview:large","max-video-preview":"max-video-preview:-1"},"canonical":"https:\/\/turijnmagazijn.nl\/de\/produkt\/borgmoer-m10x125-lancia-delta-integral-motorlager-neu\/","og_locale":"de_DE","og_type":"article","og_title":"Sicherungsmutter M10x1,25 Lancia Delta Integral Motorlager - Turijnmagazijn","og_description":"15503721 Sicherungsmutter M10x1.25 Lancia Delta Integrale Motorlager, Lenkgetriebe, Differenziallager, Lenkgetriebe, Querlenker, hintere Sto\u00dfstange.","og_url":"https:\/\/turijnmagazijn.nl\/de\/produkt\/borgmoer-m10x125-lancia-delta-integral-motorlager-neu\/","og_site_name":"Turijnmagazijn","article_publisher":"https:\/\/www.facebook.com\/turijnmagazijn","article_modified_time":"2024-09-17T19:31:39+00:00","og_image":[{"width":800,"height":600,"url":"https:\/\/turijnmagazijn.nl\/wp-content\/uploads\/2023\/03\/DN00100014_Borgmoer_M10x125_Lancia_Delta_Integrale_motorsteunen_-NIEUW-_1.jpg","type":"image\/jpeg"}],"twitter_card":"summary_large_image","twitter_misc":{"Gesch\u00e4tzte Lesezeit":"2\u00a0Minuten"},"schema":{"@context":"https:\/\/schema.org","@graph":[{"@type":"WebPage","@id":"https:\/\/turijnmagazijn.nl\/de\/produkt\/borgmoer-m10x125-lancia-delta-integral-motorlager-neu\/","url":"https:\/\/turijnmagazijn.nl\/de\/produkt\/borgmoer-m10x125-lancia-delta-integral-motorlager-neu\/","name":"Sicherungsmutter M10x1,25 Lancia Delta Integral Motorlager - Turijnmagazijn","isPartOf":{"@id":"https:\/\/turijnmagazijn.jumpstone-dev.nl\/#website"},"primaryImageOfPage":{"@id":"https:\/\/turijnmagazijn.nl\/de\/produkt\/borgmoer-m10x125-lancia-delta-integral-motorlager-neu\/#primaryimage"},"image":{"@id":"https:\/\/turijnmagazijn.nl\/de\/produkt\/borgmoer-m10x125-lancia-delta-integral-motorlager-neu\/#primaryimage"},"thumbnailUrl":"https:\/\/turijnmagazijn.nl\/wp-content\/uploads\/2023\/03\/DN00100014_Borgmoer_M10x125_Lancia_Delta_Integrale_motorsteunen_-NIEUW-_1.jpg","datePublished":"2023-03-03T08:08:36+00:00","dateModified":"2024-09-17T19:31:39+00:00","breadcrumb":{"@id":"https:\/\/turijnmagazijn.nl\/de\/produkt\/borgmoer-m10x125-lancia-delta-integral-motorlager-neu\/#breadcrumb"},"inLanguage":"de","potentialAction":[{"@type":"ReadAction","target":["https:\/\/turijnmagazijn.nl\/de\/produkt\/borgmoer-m10x125-lancia-delta-integral-motorlager-neu\/"]}]},{"@type":"ImageObject","inLanguage":"de","@id":"https:\/\/turijnmagazijn.nl\/de\/produkt\/borgmoer-m10x125-lancia-delta-integral-motorlager-neu\/#primaryimage","url":"https:\/\/turijnmagazijn.nl\/wp-content\/uploads\/2023\/03\/DN00100014_Borgmoer_M10x125_Lancia_Delta_Integrale_motorsteunen_-NIEUW-_1.jpg","contentUrl":"https:\/\/turijnmagazijn.nl\/wp-content\/uploads\/2023\/03\/DN00100014_Borgmoer_M10x125_Lancia_Delta_Integrale_motorsteunen_-NIEUW-_1.jpg","width":800,"height":600},{"@type":"BreadcrumbList","@id":"https:\/\/turijnmagazijn.nl\/de\/produkt\/borgmoer-m10x125-lancia-delta-integral-motorlager-neu\/#breadcrumb","itemListElement":[{"@type":"ListItem","position":1,"name":"Home","item":"https:\/\/turijnmagazijn.nl\/de\/"},{"@type":"ListItem","position":2,"name":"Produkte","item":"https:\/\/turijnmagazijn.nl\/de\/shop\/"},{"@type":"ListItem","position":3,"name":"Sicherungsmutter M10x1,25 Lancia Delta Integral Motorlager"}]},{"@type":"WebSite","@id":"https:\/\/turijnmagazijn.jumpstone-dev.nl\/#website","url":"https:\/\/turijnmagazijn.jumpstone-dev.nl\/","name":"Turijnmagazijn","description":"Onderdelen nieuw en gebruikt - Fiat &amp; Lancia","publisher":{"@id":"https:\/\/turijnmagazijn.jumpstone-dev.nl\/#organization"},"potentialAction":[{"@type":"SearchAction","target":{"@type":"EntryPoint","urlTemplate":"https:\/\/turijnmagazijn.jumpstone-dev.nl\/?s={search_term_string}"},"query-input":{"@type":"PropertyValueSpecification","valueRequired":true,"valueName":"search_term_string"}}],"inLanguage":"de"},{"@type":"Organization","@id":"https:\/\/turijnmagazijn.jumpstone-dev.nl\/#organization","name":"Turijnmagazijn","url":"https:\/\/turijnmagazijn.jumpstone-dev.nl\/","logo":{"@type":"ImageObject","inLanguage":"de","@id":"https:\/\/turijnmagazijn.jumpstone-dev.nl\/#\/schema\/logo\/image\/","url":"https:\/\/turijnmagazijn.nl\/wp-content\/uploads\/2021\/02\/turijnmagazijnlogo.png","contentUrl":"https:\/\/turijnmagazijn.nl\/wp-content\/uploads\/2021\/02\/turijnmagazijnlogo.png","width":555,"height":270,"caption":"Turijnmagazijn"},"image":{"@id":"https:\/\/turijnmagazijn.jumpstone-dev.nl\/#\/schema\/logo\/image\/"},"sameAs":["https:\/\/www.facebook.com\/turijnmagazijn"]}]}},"_links":{"self":[{"href":"https:\/\/turijnmagazijn.nl\/de\/wp-json\/wp\/v2\/product\/60272","targetHints":{"allow":["GET"]}}],"collection":[{"href":"https:\/\/turijnmagazijn.nl\/de\/wp-json\/wp\/v2\/product"}],"about":[{"href":"https:\/\/turijnmagazijn.nl\/de\/wp-json\/wp\/v2\/types\/product"}],"replies":[{"embeddable":true,"href":"https:\/\/turijnmagazijn.nl\/de\/wp-json\/wp\/v2\/comments?post=60272"}],"wp:featuredmedia":[{"embeddable":true,"href":"https:\/\/turijnmagazijn.nl\/de\/wp-json\/wp\/v2\/media\/34213"}],"wp:attachment":[{"href":"https:\/\/turijnmagazijn.nl\/de\/wp-json\/wp\/v2\/media?parent=60272"}],"wp:term":[{"taxonomy":"product_brand","embeddable":true,"href":"https:\/\/turijnmagazijn.nl\/de\/wp-json\/wp\/v2\/product_brand?post=60272"},{"taxonomy":"product_cat","embeddable":true,"href":"https:\/\/turijnmagazijn.nl\/de\/wp-json\/wp\/v2\/product_cat?post=60272"},{"taxonomy":"product_tag","embeddable":true,"href":"https:\/\/turijnmagazijn.nl\/de\/wp-json\/wp\/v2\/product_tag?post=60272"}],"curies":[{"name":"wp","href":"https:\/\/api.w.org\/{rel}","templated":true}]}}