{"id":60303,"date":"2023-03-13T14:23:32","date_gmt":"2023-03-13T13:23:32","guid":{"rendered":"https:\/\/turijnmagazijn.nl\/product\/nebelscheinwerferschutzhuelle-hella-comet-550-italienisches-design\/"},"modified":"2025-05-30T11:15:34","modified_gmt":"2025-05-30T09:15:34","slug":"nebelscheinwerfer-schutzkappe-hella-comet-550-italienisches-design","status":"publish","type":"product","link":"https:\/\/turijnmagazijn.nl\/de\/produkt\/nebelscheinwerfer-schutzkappe-hella-comet-550-italienisches-design\/","title":{"rendered":"Nebelscheinwerferschutzh\u00fclle Hella Comet 550 &#8211; italienisches Design"},"content":{"rendered":"<p>Flexible Kunststoffabdeckung f\u00fcr Hella Comet 550, Aftermarket runde Nebelscheinwerfer. Diese Nebelscheinwerfer wurden in den 1970er und 1980er Jahren h\u00e4ufig als zus\u00e4tzliches Zubeh\u00f6r f\u00fcr Sportwagen verwendet.<\/p>\n<p>Der Hella-Schriftzug kommt eher deutsch r\u00fcber, weshalb wir eine Variante entwickelt haben, die zur Hella passt, aber mit dem Carello-Schriftzug einen italienischen Akzent hat.<\/p>\n<p>Wir fertigen diese Hauben auf Bestellung, rechnen Sie also mit einer Lieferzeit von 4 Wochen ab Bestellung.<\/p>\n<p>Gegen Aufpreis ist es m\u00f6glich, die Hauben f\u00fcr einen anderen Typ von Aftermarket-Nebelscheinwerfern anzupassen oder den Druck auf ein Design Ihrer Wahl zu \u00e4ndern.<\/p>\n<p>Wenn Sie an einer kundenspezifischen Anpassung interessiert sind, wenden Sie sich bitte an sales@delenkorf.nl, um weitere Informationen zu erhalten und die M\u00f6glichkeiten zu besprechen.<\/p>\n<p>&nbsp;<\/p>\n<p>Aufgrund der Produktionsmethode ist es nicht m\u00f6glich, ein v\u00f6llig glattes Produkt zu liefern (die Originale auch nicht) und wir platzieren den Druck in Form eines Vinylaufklebers. Schauen Sie sich die Fotos genau an, um eine gute Vorstellung davon zu bekommen, was Sie von diesem Produkt erwarten k\u00f6nnen.<\/p>\n<p>&nbsp;<\/p>\n<p>Dieses Teil ist nicht markenspezifisch, die Hella Comet Nebelscheinwerfer sind an verschiedenen Autos zu finden, bitte kontaktieren Sie uns, wenn Sie sich nicht sicher sind.<\/p>\n","protected":false},"excerpt":{"rendered":"<p>Flexible Kunststoffabdeckung f\u00fcr Hella Comet 550, Aftermarket runde Nebelscheinwerfer. Diese Nebelscheinwerfer wurden in den 1970er und 1980er Jahren h\u00e4ufig als zus\u00e4tzliches Zubeh\u00f6r f\u00fcr Sportwagen verwendet.<\/p>\n","protected":false},"featured_media":58584,"comment_status":"open","ping_status":"closed","template":"","meta":{"_acf_changed":false},"product_brand":[],"product_cat":[1585,1591,1593,1672,1676,1584,1666,1807,1689,1638,1797,1755,1785,1790],"product_tag":[],"class_list":{"0":"post-60303","1":"product","2":"type-product","3":"status-publish","4":"has-post-thumbnail","6":"product_cat-33-905-de","7":"product_cat-75-161-de","8":"product_cat-90-162-de","9":"product_cat-a111-de","10":"product_cat-a112-112-de","11":"product_cat-alfa-romeo-de","12":"product_cat-autobianchi-de","13":"product_cat-delta-1-831-de","14":"product_cat-fiat-de","15":"product_cat-gtv6-669-de","16":"product_cat-lancia-de","17":"product_cat-ritmo-183-de","18":"product_cat-uno-1-146-de","19":"product_cat-x1-9-128-de","20":"pa_soort-onderdeel-beleuchtung","22":"first","23":"instock","24":"taxable","25":"shipping-taxable","26":"purchasable","27":"product-type-simple"},"acf":[],"yoast_head":"<!-- This site is optimized with the Yoast SEO plugin v27.2 - https:\/\/yoast.com\/product\/yoast-seo-wordpress\/ -->\n<title>Nebelscheinwerferschutzh\u00fclle Hella Comet 550 - italienisches Design - Turijnmagazijn<\/title>\n<meta name=\"robots\" content=\"index, follow, max-snippet:-1, max-image-preview:large, max-video-preview:-1\" \/>\n<link rel=\"canonical\" href=\"https:\/\/turijnmagazijn.nl\/de\/produkt\/nebelscheinwerfer-schutzkappe-hella-comet-550-italienisches-design\/\" \/>\n<meta property=\"og:locale\" content=\"de_DE\" \/>\n<meta property=\"og:type\" content=\"article\" \/>\n<meta property=\"og:title\" content=\"Nebelscheinwerferschutzh\u00fclle Hella Comet 550 - italienisches Design - Turijnmagazijn\" \/>\n<meta property=\"og:description\" content=\"Flexible Kunststoffabdeckung f\u00fcr Hella Comet 550, Aftermarket runde Nebelscheinwerfer. Diese Nebelscheinwerfer wurden in den 1970er und 1980er Jahren h\u00e4ufig als zus\u00e4tzliches Zubeh\u00f6r f\u00fcr Sportwagen verwendet.\" \/>\n<meta property=\"og:url\" content=\"https:\/\/turijnmagazijn.nl\/de\/produkt\/nebelscheinwerfer-schutzkappe-hella-comet-550-italienisches-design\/\" \/>\n<meta property=\"og:site_name\" content=\"Turijnmagazijn\" \/>\n<meta property=\"article:publisher\" content=\"https:\/\/www.facebook.com\/turijnmagazijn\" \/>\n<meta property=\"article:modified_time\" content=\"2025-05-30T09:15:34+00:00\" \/>\n<meta property=\"og:image\" content=\"https:\/\/turijnmagazijn.nl\/wp-content\/uploads\/2023\/03\/DN0100301-Mistlamp-beschermkap-Hella-Comet-550-Italian-design-2.jpeg\" \/>\n\t<meta property=\"og:image:width\" content=\"2000\" \/>\n\t<meta property=\"og:image:height\" content=\"1125\" \/>\n\t<meta property=\"og:image:type\" content=\"image\/jpeg\" \/>\n<meta name=\"twitter:card\" content=\"summary_large_image\" \/>\n<meta name=\"twitter:label1\" content=\"Gesch\u00e4tzte Lesezeit\" \/>\n\t<meta name=\"twitter:data1\" content=\"1\u00a0Minute\" \/>\n<script type=\"application\/ld+json\" class=\"yoast-schema-graph\">{\"@context\":\"https:\/\/schema.org\",\"@graph\":[{\"@type\":\"WebPage\",\"@id\":\"https:\/\/turijnmagazijn.nl\/de\/produkt\/nebelscheinwerfer-schutzkappe-hella-comet-550-italienisches-design\/\",\"url\":\"https:\/\/turijnmagazijn.nl\/de\/produkt\/nebelscheinwerfer-schutzkappe-hella-comet-550-italienisches-design\/\",\"name\":\"Nebelscheinwerferschutzh\u00fclle Hella Comet 550 - italienisches Design - Turijnmagazijn\",\"isPartOf\":{\"@id\":\"https:\/\/turijnmagazijn.jumpstone-dev.nl\/#website\"},\"primaryImageOfPage\":{\"@id\":\"https:\/\/turijnmagazijn.nl\/de\/produkt\/nebelscheinwerfer-schutzkappe-hella-comet-550-italienisches-design\/#primaryimage\"},\"image\":{\"@id\":\"https:\/\/turijnmagazijn.nl\/de\/produkt\/nebelscheinwerfer-schutzkappe-hella-comet-550-italienisches-design\/#primaryimage\"},\"thumbnailUrl\":\"https:\/\/turijnmagazijn.nl\/wp-content\/uploads\/2023\/03\/DN0100301-Mistlamp-beschermkap-Hella-Comet-550-Italian-design-2.jpeg\",\"datePublished\":\"2023-03-13T13:23:32+00:00\",\"dateModified\":\"2025-05-30T09:15:34+00:00\",\"breadcrumb\":{\"@id\":\"https:\/\/turijnmagazijn.nl\/de\/produkt\/nebelscheinwerfer-schutzkappe-hella-comet-550-italienisches-design\/#breadcrumb\"},\"inLanguage\":\"de\",\"potentialAction\":[{\"@type\":\"ReadAction\",\"target\":[\"https:\/\/turijnmagazijn.nl\/de\/produkt\/nebelscheinwerfer-schutzkappe-hella-comet-550-italienisches-design\/\"]}]},{\"@type\":\"ImageObject\",\"inLanguage\":\"de\",\"@id\":\"https:\/\/turijnmagazijn.nl\/de\/produkt\/nebelscheinwerfer-schutzkappe-hella-comet-550-italienisches-design\/#primaryimage\",\"url\":\"https:\/\/turijnmagazijn.nl\/wp-content\/uploads\/2023\/03\/DN0100301-Mistlamp-beschermkap-Hella-Comet-550-Italian-design-2.jpeg\",\"contentUrl\":\"https:\/\/turijnmagazijn.nl\/wp-content\/uploads\/2023\/03\/DN0100301-Mistlamp-beschermkap-Hella-Comet-550-Italian-design-2.jpeg\",\"width\":2000,\"height\":1125},{\"@type\":\"BreadcrumbList\",\"@id\":\"https:\/\/turijnmagazijn.nl\/de\/produkt\/nebelscheinwerfer-schutzkappe-hella-comet-550-italienisches-design\/#breadcrumb\",\"itemListElement\":[{\"@type\":\"ListItem\",\"position\":1,\"name\":\"Home\",\"item\":\"https:\/\/turijnmagazijn.nl\/de\/\"},{\"@type\":\"ListItem\",\"position\":2,\"name\":\"Produkte\",\"item\":\"https:\/\/turijnmagazijn.nl\/de\/shop\/\"},{\"@type\":\"ListItem\",\"position\":3,\"name\":\"Nebelscheinwerferschutzh\u00fclle Hella Comet 550 &#8211; italienisches Design\"}]},{\"@type\":\"WebSite\",\"@id\":\"https:\/\/turijnmagazijn.jumpstone-dev.nl\/#website\",\"url\":\"https:\/\/turijnmagazijn.jumpstone-dev.nl\/\",\"name\":\"Turijnmagazijn\",\"description\":\"Onderdelen nieuw en gebruikt - Fiat &amp; Lancia\",\"publisher\":{\"@id\":\"https:\/\/turijnmagazijn.jumpstone-dev.nl\/#organization\"},\"potentialAction\":[{\"@type\":\"SearchAction\",\"target\":{\"@type\":\"EntryPoint\",\"urlTemplate\":\"https:\/\/turijnmagazijn.jumpstone-dev.nl\/?s={search_term_string}\"},\"query-input\":{\"@type\":\"PropertyValueSpecification\",\"valueRequired\":true,\"valueName\":\"search_term_string\"}}],\"inLanguage\":\"de\"},{\"@type\":\"Organization\",\"@id\":\"https:\/\/turijnmagazijn.jumpstone-dev.nl\/#organization\",\"name\":\"Turijnmagazijn\",\"url\":\"https:\/\/turijnmagazijn.jumpstone-dev.nl\/\",\"logo\":{\"@type\":\"ImageObject\",\"inLanguage\":\"de\",\"@id\":\"https:\/\/turijnmagazijn.jumpstone-dev.nl\/#\/schema\/logo\/image\/\",\"url\":\"https:\/\/turijnmagazijn.nl\/wp-content\/uploads\/2021\/02\/turijnmagazijnlogo.png\",\"contentUrl\":\"https:\/\/turijnmagazijn.nl\/wp-content\/uploads\/2021\/02\/turijnmagazijnlogo.png\",\"width\":555,\"height\":270,\"caption\":\"Turijnmagazijn\"},\"image\":{\"@id\":\"https:\/\/turijnmagazijn.jumpstone-dev.nl\/#\/schema\/logo\/image\/\"},\"sameAs\":[\"https:\/\/www.facebook.com\/turijnmagazijn\"]}]}<\/script>\n<!-- \/ Yoast SEO plugin. -->","yoast_head_json":{"title":"Nebelscheinwerferschutzh\u00fclle Hella Comet 550 - italienisches Design - Turijnmagazijn","robots":{"index":"index","follow":"follow","max-snippet":"max-snippet:-1","max-image-preview":"max-image-preview:large","max-video-preview":"max-video-preview:-1"},"canonical":"https:\/\/turijnmagazijn.nl\/de\/produkt\/nebelscheinwerfer-schutzkappe-hella-comet-550-italienisches-design\/","og_locale":"de_DE","og_type":"article","og_title":"Nebelscheinwerferschutzh\u00fclle Hella Comet 550 - italienisches Design - Turijnmagazijn","og_description":"Flexible Kunststoffabdeckung f\u00fcr Hella Comet 550, Aftermarket runde Nebelscheinwerfer. Diese Nebelscheinwerfer wurden in den 1970er und 1980er Jahren h\u00e4ufig als zus\u00e4tzliches Zubeh\u00f6r f\u00fcr Sportwagen verwendet.","og_url":"https:\/\/turijnmagazijn.nl\/de\/produkt\/nebelscheinwerfer-schutzkappe-hella-comet-550-italienisches-design\/","og_site_name":"Turijnmagazijn","article_publisher":"https:\/\/www.facebook.com\/turijnmagazijn","article_modified_time":"2025-05-30T09:15:34+00:00","og_image":[{"width":2000,"height":1125,"url":"https:\/\/turijnmagazijn.nl\/wp-content\/uploads\/2023\/03\/DN0100301-Mistlamp-beschermkap-Hella-Comet-550-Italian-design-2.jpeg","type":"image\/jpeg"}],"twitter_card":"summary_large_image","twitter_misc":{"Gesch\u00e4tzte Lesezeit":"1\u00a0Minute"},"schema":{"@context":"https:\/\/schema.org","@graph":[{"@type":"WebPage","@id":"https:\/\/turijnmagazijn.nl\/de\/produkt\/nebelscheinwerfer-schutzkappe-hella-comet-550-italienisches-design\/","url":"https:\/\/turijnmagazijn.nl\/de\/produkt\/nebelscheinwerfer-schutzkappe-hella-comet-550-italienisches-design\/","name":"Nebelscheinwerferschutzh\u00fclle Hella Comet 550 - italienisches Design - Turijnmagazijn","isPartOf":{"@id":"https:\/\/turijnmagazijn.jumpstone-dev.nl\/#website"},"primaryImageOfPage":{"@id":"https:\/\/turijnmagazijn.nl\/de\/produkt\/nebelscheinwerfer-schutzkappe-hella-comet-550-italienisches-design\/#primaryimage"},"image":{"@id":"https:\/\/turijnmagazijn.nl\/de\/produkt\/nebelscheinwerfer-schutzkappe-hella-comet-550-italienisches-design\/#primaryimage"},"thumbnailUrl":"https:\/\/turijnmagazijn.nl\/wp-content\/uploads\/2023\/03\/DN0100301-Mistlamp-beschermkap-Hella-Comet-550-Italian-design-2.jpeg","datePublished":"2023-03-13T13:23:32+00:00","dateModified":"2025-05-30T09:15:34+00:00","breadcrumb":{"@id":"https:\/\/turijnmagazijn.nl\/de\/produkt\/nebelscheinwerfer-schutzkappe-hella-comet-550-italienisches-design\/#breadcrumb"},"inLanguage":"de","potentialAction":[{"@type":"ReadAction","target":["https:\/\/turijnmagazijn.nl\/de\/produkt\/nebelscheinwerfer-schutzkappe-hella-comet-550-italienisches-design\/"]}]},{"@type":"ImageObject","inLanguage":"de","@id":"https:\/\/turijnmagazijn.nl\/de\/produkt\/nebelscheinwerfer-schutzkappe-hella-comet-550-italienisches-design\/#primaryimage","url":"https:\/\/turijnmagazijn.nl\/wp-content\/uploads\/2023\/03\/DN0100301-Mistlamp-beschermkap-Hella-Comet-550-Italian-design-2.jpeg","contentUrl":"https:\/\/turijnmagazijn.nl\/wp-content\/uploads\/2023\/03\/DN0100301-Mistlamp-beschermkap-Hella-Comet-550-Italian-design-2.jpeg","width":2000,"height":1125},{"@type":"BreadcrumbList","@id":"https:\/\/turijnmagazijn.nl\/de\/produkt\/nebelscheinwerfer-schutzkappe-hella-comet-550-italienisches-design\/#breadcrumb","itemListElement":[{"@type":"ListItem","position":1,"name":"Home","item":"https:\/\/turijnmagazijn.nl\/de\/"},{"@type":"ListItem","position":2,"name":"Produkte","item":"https:\/\/turijnmagazijn.nl\/de\/shop\/"},{"@type":"ListItem","position":3,"name":"Nebelscheinwerferschutzh\u00fclle Hella Comet 550 &#8211; italienisches Design"}]},{"@type":"WebSite","@id":"https:\/\/turijnmagazijn.jumpstone-dev.nl\/#website","url":"https:\/\/turijnmagazijn.jumpstone-dev.nl\/","name":"Turijnmagazijn","description":"Onderdelen nieuw en gebruikt - Fiat &amp; Lancia","publisher":{"@id":"https:\/\/turijnmagazijn.jumpstone-dev.nl\/#organization"},"potentialAction":[{"@type":"SearchAction","target":{"@type":"EntryPoint","urlTemplate":"https:\/\/turijnmagazijn.jumpstone-dev.nl\/?s={search_term_string}"},"query-input":{"@type":"PropertyValueSpecification","valueRequired":true,"valueName":"search_term_string"}}],"inLanguage":"de"},{"@type":"Organization","@id":"https:\/\/turijnmagazijn.jumpstone-dev.nl\/#organization","name":"Turijnmagazijn","url":"https:\/\/turijnmagazijn.jumpstone-dev.nl\/","logo":{"@type":"ImageObject","inLanguage":"de","@id":"https:\/\/turijnmagazijn.jumpstone-dev.nl\/#\/schema\/logo\/image\/","url":"https:\/\/turijnmagazijn.nl\/wp-content\/uploads\/2021\/02\/turijnmagazijnlogo.png","contentUrl":"https:\/\/turijnmagazijn.nl\/wp-content\/uploads\/2021\/02\/turijnmagazijnlogo.png","width":555,"height":270,"caption":"Turijnmagazijn"},"image":{"@id":"https:\/\/turijnmagazijn.jumpstone-dev.nl\/#\/schema\/logo\/image\/"},"sameAs":["https:\/\/www.facebook.com\/turijnmagazijn"]}]}},"_links":{"self":[{"href":"https:\/\/turijnmagazijn.nl\/de\/wp-json\/wp\/v2\/product\/60303","targetHints":{"allow":["GET"]}}],"collection":[{"href":"https:\/\/turijnmagazijn.nl\/de\/wp-json\/wp\/v2\/product"}],"about":[{"href":"https:\/\/turijnmagazijn.nl\/de\/wp-json\/wp\/v2\/types\/product"}],"replies":[{"embeddable":true,"href":"https:\/\/turijnmagazijn.nl\/de\/wp-json\/wp\/v2\/comments?post=60303"}],"wp:featuredmedia":[{"embeddable":true,"href":"https:\/\/turijnmagazijn.nl\/de\/wp-json\/wp\/v2\/media\/58584"}],"wp:attachment":[{"href":"https:\/\/turijnmagazijn.nl\/de\/wp-json\/wp\/v2\/media?parent=60303"}],"wp:term":[{"taxonomy":"product_brand","embeddable":true,"href":"https:\/\/turijnmagazijn.nl\/de\/wp-json\/wp\/v2\/product_brand?post=60303"},{"taxonomy":"product_cat","embeddable":true,"href":"https:\/\/turijnmagazijn.nl\/de\/wp-json\/wp\/v2\/product_cat?post=60303"},{"taxonomy":"product_tag","embeddable":true,"href":"https:\/\/turijnmagazijn.nl\/de\/wp-json\/wp\/v2\/product_tag?post=60303"}],"curies":[{"name":"wp","href":"https:\/\/api.w.org\/{rel}","templated":true}]}}