{"id":60407,"date":"2023-03-03T09:09:41","date_gmt":"2023-03-03T08:09:41","guid":{"rendered":"https:\/\/turijnmagazijn.nl\/product\/schwarzes-relais-fuer-beleuchtung-und-hupe-lancia-verschiedene-modelle\/"},"modified":"2023-07-26T13:16:55","modified_gmt":"2023-07-26T11:16:55","slug":"schwarz-relais-fur-beleuchtung-und-horn-lancia-verschiedene-modelle","status":"publish","type":"product","link":"https:\/\/turijnmagazijn.nl\/de\/produkt\/schwarz-relais-fur-beleuchtung-und-horn-lancia-verschiedene-modelle\/","title":{"rendered":"Schwarzes Relais f\u00fcr Beleuchtung und Hupe Lancia verschiedene Modelle"},"content":{"rendered":"<p>Schwarzes quadratisches Relais 5-polige Relais f\u00fcr Beleuchtung und Hupe. Dieses Relais wurde in vielen verschiedenen Arten von Lancia Alfa und Fiat verwendet, einschlie\u00dflich des Lancia Delta HF integral 8V und 16V. Der Lancia Thema I und der Alfa Romeo GTV. Fiat Tempra, Fiat Coup\u00e9.<\/p>\n<p>Auch zweimal auf Lancia Delta Integrale im Sicherungskasten unter dem Armaturenbrett auf der Fahrerseite angewendet. Kann am Integrale als Relais zum Heizen verwendet werden.<\/p>\n<p>Die Relais stammen von einem Lancia Thema 8V IE und einem Delta integral 8V und sind in gutem Zustand.<\/p>\n<p>Italamec<br \/>12V<br \/>4320629<\/p>\n<p>Mafer Turin<br \/><span style=\"color: rgb(68, 68, 68); font-family: \"Open Sans\", Arial, Helvetica, sans-serif; font-size: 13px;\">MF524 12V 30A<\/span><\/p>\n<p>OEM Lancia 7686773<\/p>\n<p>Fr\u00fchere Ausgaben f\u00fcr dieses Produkt:<\/p>\n<p>4320629<\/p>\n<p>46470875<\/p>\n<p>60800552<\/p>\n<p>82417256<\/p>\n<p>82417257<\/p>\n<p><\/p>\n<p>Wird als Relais f\u00fcr die Heckscheibenheizung f\u00fcr Lancia Delta Integrale unter der Nummer verwendet:<\/p>\n<p>7686773<\/p>\n<div><\/div>\n<p><\/p>\n","protected":false},"excerpt":{"rendered":"<p>Relais f\u00fcr Beleuchtung und Horn Lancia verschiedene Modelle &#8211; Schwarzes quadratisches Relais f\u00fcr Beleuchtung und Hupe, unter anderem. Schwarzes Relais f\u00fcr Beleuchtung und Hupe Lancia verschiedene Modelle &#8211; Schwarzes quadratisches Relais 5-polige Relais f\u00fcr Beleuchtung und Cla<\/p>\n","protected":false},"featured_media":96558,"comment_status":"open","ping_status":"closed","template":"","meta":{"_acf_changed":false},"product_brand":[],"product_cat":[1584,1717,1721,1807,1689,1634,1829,1797,1777,1894,1904,1900],"product_tag":[],"class_list":{"0":"post-60407","1":"product","2":"type-product","3":"status-publish","4":"has-post-thumbnail","6":"product_cat-alfa-romeo-de","7":"product_cat-coupe-175-de","8":"product_cat-croma-1-154-de","9":"product_cat-delta-1-831-de","10":"product_cat-fiat-de","11":"product_cat-gtv-916-de","12":"product_cat-integrale-8v-de","13":"product_cat-lancia-de","14":"product_cat-tempra-159-de","15":"product_cat-thema-834-de","16":"product_cat-thema-sedan-de","17":"product_cat-thema-sw-de","18":"pa_soort-onderdeel-beleuchtung","19":"pa_soort-onderdeel-elektronik-und-kabel","21":"first","22":"instock","23":"shipping-taxable","24":"purchasable","25":"product-type-simple"},"acf":[],"yoast_head":"<!-- This site is optimized with the Yoast SEO plugin v27.3 - https:\/\/yoast.com\/product\/yoast-seo-wordpress\/ -->\n<title>Schwarzes Relais f\u00fcr Beleuchtung und Hupe Lancia verschiedene Modelle - Turijnmagazijn<\/title>\n<meta name=\"robots\" content=\"index, follow, max-snippet:-1, max-image-preview:large, max-video-preview:-1\" \/>\n<link rel=\"canonical\" href=\"https:\/\/turijnmagazijn.nl\/de\/produkt\/schwarz-relais-fur-beleuchtung-und-horn-lancia-verschiedene-modelle\/\" \/>\n<meta property=\"og:locale\" content=\"de_DE\" \/>\n<meta property=\"og:type\" content=\"article\" \/>\n<meta property=\"og:title\" content=\"Schwarzes Relais f\u00fcr Beleuchtung und Hupe Lancia verschiedene Modelle - Turijnmagazijn\" \/>\n<meta property=\"og:description\" content=\"Relais f\u00fcr Beleuchtung und Horn Lancia verschiedene Modelle - Schwarzes quadratisches Relais f\u00fcr Beleuchtung und Hupe, unter anderem. Schwarzes Relais f\u00fcr Beleuchtung und Hupe Lancia verschiedene Modelle - Schwarzes quadratisches Relais 5-polige Relais f\u00fcr Beleuchtung und Cla\" \/>\n<meta property=\"og:url\" content=\"https:\/\/turijnmagazijn.nl\/de\/produkt\/schwarz-relais-fur-beleuchtung-und-horn-lancia-verschiedene-modelle\/\" \/>\n<meta property=\"og:site_name\" content=\"Turijnmagazijn\" \/>\n<meta property=\"article:publisher\" content=\"https:\/\/www.facebook.com\/turijnmagazijn\" \/>\n<meta property=\"article:modified_time\" content=\"2023-07-26T11:16:55+00:00\" \/>\n<meta property=\"og:image\" content=\"https:\/\/turijnmagazijn.nl\/wp-content\/uploads\/2023\/03\/DK0100025_Zwart_Relais_4320629_7686773.jpg\" \/>\n\t<meta property=\"og:image:width\" content=\"800\" \/>\n\t<meta property=\"og:image:height\" content=\"600\" \/>\n\t<meta property=\"og:image:type\" content=\"image\/jpeg\" \/>\n<meta name=\"twitter:card\" content=\"summary_large_image\" \/>\n<meta name=\"twitter:label1\" content=\"Gesch\u00e4tzte Lesezeit\" \/>\n\t<meta name=\"twitter:data1\" content=\"1\u00a0Minute\" \/>\n<script type=\"application\/ld+json\" class=\"yoast-schema-graph\">{\"@context\":\"https:\\\/\\\/schema.org\",\"@graph\":[{\"@type\":\"WebPage\",\"@id\":\"https:\\\/\\\/turijnmagazijn.nl\\\/de\\\/produkt\\\/schwarz-relais-fur-beleuchtung-und-horn-lancia-verschiedene-modelle\\\/\",\"url\":\"https:\\\/\\\/turijnmagazijn.nl\\\/de\\\/produkt\\\/schwarz-relais-fur-beleuchtung-und-horn-lancia-verschiedene-modelle\\\/\",\"name\":\"Schwarzes Relais f\u00fcr Beleuchtung und Hupe Lancia verschiedene Modelle - Turijnmagazijn\",\"isPartOf\":{\"@id\":\"https:\\\/\\\/turijnmagazijn.jumpstone-dev.nl\\\/#website\"},\"primaryImageOfPage\":{\"@id\":\"https:\\\/\\\/turijnmagazijn.nl\\\/de\\\/produkt\\\/schwarz-relais-fur-beleuchtung-und-horn-lancia-verschiedene-modelle\\\/#primaryimage\"},\"image\":{\"@id\":\"https:\\\/\\\/turijnmagazijn.nl\\\/de\\\/produkt\\\/schwarz-relais-fur-beleuchtung-und-horn-lancia-verschiedene-modelle\\\/#primaryimage\"},\"thumbnailUrl\":\"https:\\\/\\\/turijnmagazijn.nl\\\/wp-content\\\/uploads\\\/2023\\\/03\\\/DK0100025_Zwart_Relais_4320629_7686773.jpg\",\"datePublished\":\"2023-03-03T08:09:41+00:00\",\"dateModified\":\"2023-07-26T11:16:55+00:00\",\"breadcrumb\":{\"@id\":\"https:\\\/\\\/turijnmagazijn.nl\\\/de\\\/produkt\\\/schwarz-relais-fur-beleuchtung-und-horn-lancia-verschiedene-modelle\\\/#breadcrumb\"},\"inLanguage\":\"de\",\"potentialAction\":[{\"@type\":\"ReadAction\",\"target\":[\"https:\\\/\\\/turijnmagazijn.nl\\\/de\\\/produkt\\\/schwarz-relais-fur-beleuchtung-und-horn-lancia-verschiedene-modelle\\\/\"]}]},{\"@type\":\"ImageObject\",\"inLanguage\":\"de\",\"@id\":\"https:\\\/\\\/turijnmagazijn.nl\\\/de\\\/produkt\\\/schwarz-relais-fur-beleuchtung-und-horn-lancia-verschiedene-modelle\\\/#primaryimage\",\"url\":\"https:\\\/\\\/turijnmagazijn.nl\\\/wp-content\\\/uploads\\\/2023\\\/03\\\/DK0100025_Zwart_Relais_4320629_7686773.jpg\",\"contentUrl\":\"https:\\\/\\\/turijnmagazijn.nl\\\/wp-content\\\/uploads\\\/2023\\\/03\\\/DK0100025_Zwart_Relais_4320629_7686773.jpg\",\"width\":800,\"height\":600},{\"@type\":\"BreadcrumbList\",\"@id\":\"https:\\\/\\\/turijnmagazijn.nl\\\/de\\\/produkt\\\/schwarz-relais-fur-beleuchtung-und-horn-lancia-verschiedene-modelle\\\/#breadcrumb\",\"itemListElement\":[{\"@type\":\"ListItem\",\"position\":1,\"name\":\"Home\",\"item\":\"https:\\\/\\\/turijnmagazijn.nl\\\/de\\\/\"},{\"@type\":\"ListItem\",\"position\":2,\"name\":\"Produkte\",\"item\":\"https:\\\/\\\/turijnmagazijn.nl\\\/de\\\/shop\\\/\"},{\"@type\":\"ListItem\",\"position\":3,\"name\":\"Schwarzes Relais f\u00fcr Beleuchtung und Hupe Lancia verschiedene Modelle\"}]},{\"@type\":\"WebSite\",\"@id\":\"https:\\\/\\\/turijnmagazijn.jumpstone-dev.nl\\\/#website\",\"url\":\"https:\\\/\\\/turijnmagazijn.jumpstone-dev.nl\\\/\",\"name\":\"Turijnmagazijn\",\"description\":\"Onderdelen nieuw en gebruikt - Fiat &amp; Lancia\",\"publisher\":{\"@id\":\"https:\\\/\\\/turijnmagazijn.jumpstone-dev.nl\\\/#organization\"},\"potentialAction\":[{\"@type\":\"SearchAction\",\"target\":{\"@type\":\"EntryPoint\",\"urlTemplate\":\"https:\\\/\\\/turijnmagazijn.jumpstone-dev.nl\\\/?s={search_term_string}\"},\"query-input\":{\"@type\":\"PropertyValueSpecification\",\"valueRequired\":true,\"valueName\":\"search_term_string\"}}],\"inLanguage\":\"de\"},{\"@type\":\"Organization\",\"@id\":\"https:\\\/\\\/turijnmagazijn.jumpstone-dev.nl\\\/#organization\",\"name\":\"Turijnmagazijn\",\"url\":\"https:\\\/\\\/turijnmagazijn.jumpstone-dev.nl\\\/\",\"logo\":{\"@type\":\"ImageObject\",\"inLanguage\":\"de\",\"@id\":\"https:\\\/\\\/turijnmagazijn.jumpstone-dev.nl\\\/#\\\/schema\\\/logo\\\/image\\\/\",\"url\":\"https:\\\/\\\/turijnmagazijn.nl\\\/wp-content\\\/uploads\\\/2021\\\/02\\\/turijnmagazijnlogo.png\",\"contentUrl\":\"https:\\\/\\\/turijnmagazijn.nl\\\/wp-content\\\/uploads\\\/2021\\\/02\\\/turijnmagazijnlogo.png\",\"width\":555,\"height\":270,\"caption\":\"Turijnmagazijn\"},\"image\":{\"@id\":\"https:\\\/\\\/turijnmagazijn.jumpstone-dev.nl\\\/#\\\/schema\\\/logo\\\/image\\\/\"},\"sameAs\":[\"https:\\\/\\\/www.facebook.com\\\/turijnmagazijn\"]}]}<\/script>\n<!-- \/ Yoast SEO plugin. -->","yoast_head_json":{"title":"Schwarzes Relais f\u00fcr Beleuchtung und Hupe Lancia verschiedene Modelle - Turijnmagazijn","robots":{"index":"index","follow":"follow","max-snippet":"max-snippet:-1","max-image-preview":"max-image-preview:large","max-video-preview":"max-video-preview:-1"},"canonical":"https:\/\/turijnmagazijn.nl\/de\/produkt\/schwarz-relais-fur-beleuchtung-und-horn-lancia-verschiedene-modelle\/","og_locale":"de_DE","og_type":"article","og_title":"Schwarzes Relais f\u00fcr Beleuchtung und Hupe Lancia verschiedene Modelle - Turijnmagazijn","og_description":"Relais f\u00fcr Beleuchtung und Horn Lancia verschiedene Modelle - Schwarzes quadratisches Relais f\u00fcr Beleuchtung und Hupe, unter anderem. Schwarzes Relais f\u00fcr Beleuchtung und Hupe Lancia verschiedene Modelle - Schwarzes quadratisches Relais 5-polige Relais f\u00fcr Beleuchtung und Cla","og_url":"https:\/\/turijnmagazijn.nl\/de\/produkt\/schwarz-relais-fur-beleuchtung-und-horn-lancia-verschiedene-modelle\/","og_site_name":"Turijnmagazijn","article_publisher":"https:\/\/www.facebook.com\/turijnmagazijn","article_modified_time":"2023-07-26T11:16:55+00:00","og_image":[{"width":800,"height":600,"url":"https:\/\/turijnmagazijn.nl\/wp-content\/uploads\/2023\/03\/DK0100025_Zwart_Relais_4320629_7686773.jpg","type":"image\/jpeg"}],"twitter_card":"summary_large_image","twitter_misc":{"Gesch\u00e4tzte Lesezeit":"1\u00a0Minute"},"schema":{"@context":"https:\/\/schema.org","@graph":[{"@type":"WebPage","@id":"https:\/\/turijnmagazijn.nl\/de\/produkt\/schwarz-relais-fur-beleuchtung-und-horn-lancia-verschiedene-modelle\/","url":"https:\/\/turijnmagazijn.nl\/de\/produkt\/schwarz-relais-fur-beleuchtung-und-horn-lancia-verschiedene-modelle\/","name":"Schwarzes Relais f\u00fcr Beleuchtung und Hupe Lancia verschiedene Modelle - Turijnmagazijn","isPartOf":{"@id":"https:\/\/turijnmagazijn.jumpstone-dev.nl\/#website"},"primaryImageOfPage":{"@id":"https:\/\/turijnmagazijn.nl\/de\/produkt\/schwarz-relais-fur-beleuchtung-und-horn-lancia-verschiedene-modelle\/#primaryimage"},"image":{"@id":"https:\/\/turijnmagazijn.nl\/de\/produkt\/schwarz-relais-fur-beleuchtung-und-horn-lancia-verschiedene-modelle\/#primaryimage"},"thumbnailUrl":"https:\/\/turijnmagazijn.nl\/wp-content\/uploads\/2023\/03\/DK0100025_Zwart_Relais_4320629_7686773.jpg","datePublished":"2023-03-03T08:09:41+00:00","dateModified":"2023-07-26T11:16:55+00:00","breadcrumb":{"@id":"https:\/\/turijnmagazijn.nl\/de\/produkt\/schwarz-relais-fur-beleuchtung-und-horn-lancia-verschiedene-modelle\/#breadcrumb"},"inLanguage":"de","potentialAction":[{"@type":"ReadAction","target":["https:\/\/turijnmagazijn.nl\/de\/produkt\/schwarz-relais-fur-beleuchtung-und-horn-lancia-verschiedene-modelle\/"]}]},{"@type":"ImageObject","inLanguage":"de","@id":"https:\/\/turijnmagazijn.nl\/de\/produkt\/schwarz-relais-fur-beleuchtung-und-horn-lancia-verschiedene-modelle\/#primaryimage","url":"https:\/\/turijnmagazijn.nl\/wp-content\/uploads\/2023\/03\/DK0100025_Zwart_Relais_4320629_7686773.jpg","contentUrl":"https:\/\/turijnmagazijn.nl\/wp-content\/uploads\/2023\/03\/DK0100025_Zwart_Relais_4320629_7686773.jpg","width":800,"height":600},{"@type":"BreadcrumbList","@id":"https:\/\/turijnmagazijn.nl\/de\/produkt\/schwarz-relais-fur-beleuchtung-und-horn-lancia-verschiedene-modelle\/#breadcrumb","itemListElement":[{"@type":"ListItem","position":1,"name":"Home","item":"https:\/\/turijnmagazijn.nl\/de\/"},{"@type":"ListItem","position":2,"name":"Produkte","item":"https:\/\/turijnmagazijn.nl\/de\/shop\/"},{"@type":"ListItem","position":3,"name":"Schwarzes Relais f\u00fcr Beleuchtung und Hupe Lancia verschiedene Modelle"}]},{"@type":"WebSite","@id":"https:\/\/turijnmagazijn.jumpstone-dev.nl\/#website","url":"https:\/\/turijnmagazijn.jumpstone-dev.nl\/","name":"Turijnmagazijn","description":"Onderdelen nieuw en gebruikt - Fiat &amp; Lancia","publisher":{"@id":"https:\/\/turijnmagazijn.jumpstone-dev.nl\/#organization"},"potentialAction":[{"@type":"SearchAction","target":{"@type":"EntryPoint","urlTemplate":"https:\/\/turijnmagazijn.jumpstone-dev.nl\/?s={search_term_string}"},"query-input":{"@type":"PropertyValueSpecification","valueRequired":true,"valueName":"search_term_string"}}],"inLanguage":"de"},{"@type":"Organization","@id":"https:\/\/turijnmagazijn.jumpstone-dev.nl\/#organization","name":"Turijnmagazijn","url":"https:\/\/turijnmagazijn.jumpstone-dev.nl\/","logo":{"@type":"ImageObject","inLanguage":"de","@id":"https:\/\/turijnmagazijn.jumpstone-dev.nl\/#\/schema\/logo\/image\/","url":"https:\/\/turijnmagazijn.nl\/wp-content\/uploads\/2021\/02\/turijnmagazijnlogo.png","contentUrl":"https:\/\/turijnmagazijn.nl\/wp-content\/uploads\/2021\/02\/turijnmagazijnlogo.png","width":555,"height":270,"caption":"Turijnmagazijn"},"image":{"@id":"https:\/\/turijnmagazijn.jumpstone-dev.nl\/#\/schema\/logo\/image\/"},"sameAs":["https:\/\/www.facebook.com\/turijnmagazijn"]}]}},"_links":{"self":[{"href":"https:\/\/turijnmagazijn.nl\/de\/wp-json\/wp\/v2\/product\/60407","targetHints":{"allow":["GET"]}}],"collection":[{"href":"https:\/\/turijnmagazijn.nl\/de\/wp-json\/wp\/v2\/product"}],"about":[{"href":"https:\/\/turijnmagazijn.nl\/de\/wp-json\/wp\/v2\/types\/product"}],"replies":[{"embeddable":true,"href":"https:\/\/turijnmagazijn.nl\/de\/wp-json\/wp\/v2\/comments?post=60407"}],"wp:featuredmedia":[{"embeddable":true,"href":"https:\/\/turijnmagazijn.nl\/de\/wp-json\/wp\/v2\/media\/96558"}],"wp:attachment":[{"href":"https:\/\/turijnmagazijn.nl\/de\/wp-json\/wp\/v2\/media?parent=60407"}],"wp:term":[{"taxonomy":"product_brand","embeddable":true,"href":"https:\/\/turijnmagazijn.nl\/de\/wp-json\/wp\/v2\/product_brand?post=60407"},{"taxonomy":"product_cat","embeddable":true,"href":"https:\/\/turijnmagazijn.nl\/de\/wp-json\/wp\/v2\/product_cat?post=60407"},{"taxonomy":"product_tag","embeddable":true,"href":"https:\/\/turijnmagazijn.nl\/de\/wp-json\/wp\/v2\/product_tag?post=60407"}],"curies":[{"name":"wp","href":"https:\/\/api.w.org\/{rel}","templated":true}]}}