{"id":60478,"date":"2023-03-03T09:09:42","date_gmt":"2023-03-03T08:09:42","guid":{"rendered":"https:\/\/turijnmagazijn.nl\/product\/abdeckplatte-schwarz-passiersairbag-alfa-166\/"},"modified":"2023-07-26T13:17:25","modified_gmt":"2023-07-26T11:17:25","slug":"abdeckplatte-schwarz-beifahrerairbag-alfa-166","status":"publish","type":"product","link":"https:\/\/turijnmagazijn.nl\/de\/produkt\/abdeckplatte-schwarz-beifahrerairbag-alfa-166\/","title":{"rendered":"Abdeckplatte Schwarz Passiersairbag Alfa 166"},"content":{"rendered":"<p>Dekoratives St\u00fcck \/ Abdeckplatte f\u00fcr das Armaturenbrett auf der Beifahrerseite. Aufschrift SRS AIRBAG. Aus einem 166 der eesrte-Serie, Baujahr 1999.&nbsp; Diese Platte ist speziell konstruiert, damit die Befestigungspunkte abbrechen k\u00f6nnen, wenn der Airbag ausgel\u00f6st wird. Diese Platte ist nicht klebrig, da die meisten Armaturenbretter auf eine Verschlechterung der Beschichtung zur\u00fcckzuf\u00fchren sind.<\/p>\n<p>Es ist ein Produkt von TRW mit folgenden Inschriften:<br \/>\nTRW Reydel Automobil<br \/>\n00062981<br \/>\n478000000<br \/>\n0006.2981<br \/>\nNL-251811MS24NM0298<br \/>\nS24NM0298<\/p>\n<p>Die Abdeckplatte wird in 3 verschiedenen Farben geliefert, dies ist eine schwarze Abdeckplatte.<\/p>\n<p>OEM-Nummer Alfa Romeo&nbsp;156018245<br \/>\n&nbsp;<\/p>\n","protected":false},"excerpt":{"rendered":"<p>Abdeckplatte Black Passer&#8217;s Airbag Alfa 166 &#8211; Verkleidung \/ Abdeckplatte f\u00fcr das Armaturenbrett auf der Beifahrerseite.<\/p>\n","protected":false},"featured_media":35373,"comment_status":"open","ping_status":"closed","template":"","meta":{"_acf_changed":false},"product_brand":[],"product_cat":[1651,1584],"product_tag":[],"class_list":{"0":"post-60478","1":"product","2":"type-product","3":"status-publish","4":"has-post-thumbnail","6":"product_cat-166-936-de","7":"product_cat-alfa-romeo-de","8":"pa_soort-onderdeel-dashboard-und-schalter","10":"first","11":"instock","12":"shipping-taxable","13":"purchasable","14":"product-type-simple"},"acf":[],"yoast_head":"<!-- This site is optimized with the Yoast SEO plugin v27.3 - https:\/\/yoast.com\/product\/yoast-seo-wordpress\/ -->\n<title>Abdeckplatte Schwarz Passiersairbag Alfa 166 - Turijnmagazijn<\/title>\n<meta name=\"robots\" content=\"index, follow, max-snippet:-1, max-image-preview:large, max-video-preview:-1\" \/>\n<link rel=\"canonical\" href=\"https:\/\/turijnmagazijn.nl\/de\/produkt\/abdeckplatte-schwarz-beifahrerairbag-alfa-166\/\" \/>\n<meta property=\"og:locale\" content=\"de_DE\" \/>\n<meta property=\"og:type\" content=\"article\" \/>\n<meta property=\"og:title\" content=\"Abdeckplatte Schwarz Passiersairbag Alfa 166 - Turijnmagazijn\" \/>\n<meta property=\"og:description\" content=\"Abdeckplatte Black Passer&#039;s Airbag Alfa 166 - Verkleidung \/ Abdeckplatte f\u00fcr das Armaturenbrett auf der Beifahrerseite.\" \/>\n<meta property=\"og:url\" content=\"https:\/\/turijnmagazijn.nl\/de\/produkt\/abdeckplatte-schwarz-beifahrerairbag-alfa-166\/\" \/>\n<meta property=\"og:site_name\" content=\"Turijnmagazijn\" \/>\n<meta property=\"article:publisher\" content=\"https:\/\/www.facebook.com\/turijnmagazijn\" \/>\n<meta property=\"article:modified_time\" content=\"2023-07-26T11:17:25+00:00\" \/>\n<meta property=\"og:image\" content=\"https:\/\/turijnmagazijn.jumpstone-dev.nl\/wp-content\/uploads\/2023\/03\/afdekplaat-zwart-passiersairbag-alfa-166-360.jpg\" \/>\n\t<meta property=\"og:image:width\" content=\"1440\" \/>\n\t<meta property=\"og:image:height\" content=\"1080\" \/>\n\t<meta property=\"og:image:type\" content=\"image\/jpeg\" \/>\n<meta name=\"twitter:card\" content=\"summary_large_image\" \/>\n<script type=\"application\/ld+json\" class=\"yoast-schema-graph\">{\"@context\":\"https:\\\/\\\/schema.org\",\"@graph\":[{\"@type\":\"WebPage\",\"@id\":\"https:\\\/\\\/turijnmagazijn.nl\\\/de\\\/produkt\\\/abdeckplatte-schwarz-beifahrerairbag-alfa-166\\\/\",\"url\":\"https:\\\/\\\/turijnmagazijn.nl\\\/de\\\/produkt\\\/abdeckplatte-schwarz-beifahrerairbag-alfa-166\\\/\",\"name\":\"Abdeckplatte Schwarz Passiersairbag Alfa 166 - Turijnmagazijn\",\"isPartOf\":{\"@id\":\"https:\\\/\\\/turijnmagazijn.jumpstone-dev.nl\\\/#website\"},\"primaryImageOfPage\":{\"@id\":\"https:\\\/\\\/turijnmagazijn.nl\\\/de\\\/produkt\\\/abdeckplatte-schwarz-beifahrerairbag-alfa-166\\\/#primaryimage\"},\"image\":{\"@id\":\"https:\\\/\\\/turijnmagazijn.nl\\\/de\\\/produkt\\\/abdeckplatte-schwarz-beifahrerairbag-alfa-166\\\/#primaryimage\"},\"thumbnailUrl\":\"https:\\\/\\\/turijnmagazijn.nl\\\/wp-content\\\/uploads\\\/2023\\\/03\\\/afdekplaat-zwart-passiersairbag-alfa-166-360.jpg\",\"datePublished\":\"2023-03-03T08:09:42+00:00\",\"dateModified\":\"2023-07-26T11:17:25+00:00\",\"breadcrumb\":{\"@id\":\"https:\\\/\\\/turijnmagazijn.nl\\\/de\\\/produkt\\\/abdeckplatte-schwarz-beifahrerairbag-alfa-166\\\/#breadcrumb\"},\"inLanguage\":\"de\",\"potentialAction\":[{\"@type\":\"ReadAction\",\"target\":[\"https:\\\/\\\/turijnmagazijn.nl\\\/de\\\/produkt\\\/abdeckplatte-schwarz-beifahrerairbag-alfa-166\\\/\"]}]},{\"@type\":\"ImageObject\",\"inLanguage\":\"de\",\"@id\":\"https:\\\/\\\/turijnmagazijn.nl\\\/de\\\/produkt\\\/abdeckplatte-schwarz-beifahrerairbag-alfa-166\\\/#primaryimage\",\"url\":\"https:\\\/\\\/turijnmagazijn.nl\\\/wp-content\\\/uploads\\\/2023\\\/03\\\/afdekplaat-zwart-passiersairbag-alfa-166-360.jpg\",\"contentUrl\":\"https:\\\/\\\/turijnmagazijn.nl\\\/wp-content\\\/uploads\\\/2023\\\/03\\\/afdekplaat-zwart-passiersairbag-alfa-166-360.jpg\",\"width\":1440,\"height\":1080},{\"@type\":\"BreadcrumbList\",\"@id\":\"https:\\\/\\\/turijnmagazijn.nl\\\/de\\\/produkt\\\/abdeckplatte-schwarz-beifahrerairbag-alfa-166\\\/#breadcrumb\",\"itemListElement\":[{\"@type\":\"ListItem\",\"position\":1,\"name\":\"Home\",\"item\":\"https:\\\/\\\/turijnmagazijn.nl\\\/de\\\/\"},{\"@type\":\"ListItem\",\"position\":2,\"name\":\"Produkte\",\"item\":\"https:\\\/\\\/turijnmagazijn.nl\\\/de\\\/shop\\\/\"},{\"@type\":\"ListItem\",\"position\":3,\"name\":\"Abdeckplatte Schwarz Passiersairbag Alfa 166\"}]},{\"@type\":\"WebSite\",\"@id\":\"https:\\\/\\\/turijnmagazijn.jumpstone-dev.nl\\\/#website\",\"url\":\"https:\\\/\\\/turijnmagazijn.jumpstone-dev.nl\\\/\",\"name\":\"Turijnmagazijn\",\"description\":\"Onderdelen nieuw en gebruikt - Fiat &amp; Lancia\",\"publisher\":{\"@id\":\"https:\\\/\\\/turijnmagazijn.jumpstone-dev.nl\\\/#organization\"},\"potentialAction\":[{\"@type\":\"SearchAction\",\"target\":{\"@type\":\"EntryPoint\",\"urlTemplate\":\"https:\\\/\\\/turijnmagazijn.jumpstone-dev.nl\\\/?s={search_term_string}\"},\"query-input\":{\"@type\":\"PropertyValueSpecification\",\"valueRequired\":true,\"valueName\":\"search_term_string\"}}],\"inLanguage\":\"de\"},{\"@type\":\"Organization\",\"@id\":\"https:\\\/\\\/turijnmagazijn.jumpstone-dev.nl\\\/#organization\",\"name\":\"Turijnmagazijn\",\"url\":\"https:\\\/\\\/turijnmagazijn.jumpstone-dev.nl\\\/\",\"logo\":{\"@type\":\"ImageObject\",\"inLanguage\":\"de\",\"@id\":\"https:\\\/\\\/turijnmagazijn.jumpstone-dev.nl\\\/#\\\/schema\\\/logo\\\/image\\\/\",\"url\":\"https:\\\/\\\/turijnmagazijn.nl\\\/wp-content\\\/uploads\\\/2021\\\/02\\\/turijnmagazijnlogo.png\",\"contentUrl\":\"https:\\\/\\\/turijnmagazijn.nl\\\/wp-content\\\/uploads\\\/2021\\\/02\\\/turijnmagazijnlogo.png\",\"width\":555,\"height\":270,\"caption\":\"Turijnmagazijn\"},\"image\":{\"@id\":\"https:\\\/\\\/turijnmagazijn.jumpstone-dev.nl\\\/#\\\/schema\\\/logo\\\/image\\\/\"},\"sameAs\":[\"https:\\\/\\\/www.facebook.com\\\/turijnmagazijn\"]}]}<\/script>\n<!-- \/ Yoast SEO plugin. -->","yoast_head_json":{"title":"Abdeckplatte Schwarz Passiersairbag Alfa 166 - Turijnmagazijn","robots":{"index":"index","follow":"follow","max-snippet":"max-snippet:-1","max-image-preview":"max-image-preview:large","max-video-preview":"max-video-preview:-1"},"canonical":"https:\/\/turijnmagazijn.nl\/de\/produkt\/abdeckplatte-schwarz-beifahrerairbag-alfa-166\/","og_locale":"de_DE","og_type":"article","og_title":"Abdeckplatte Schwarz Passiersairbag Alfa 166 - Turijnmagazijn","og_description":"Abdeckplatte Black Passer's Airbag Alfa 166 - Verkleidung \/ Abdeckplatte f\u00fcr das Armaturenbrett auf der Beifahrerseite.","og_url":"https:\/\/turijnmagazijn.nl\/de\/produkt\/abdeckplatte-schwarz-beifahrerairbag-alfa-166\/","og_site_name":"Turijnmagazijn","article_publisher":"https:\/\/www.facebook.com\/turijnmagazijn","article_modified_time":"2023-07-26T11:17:25+00:00","og_image":[{"width":1440,"height":1080,"url":"https:\/\/turijnmagazijn.jumpstone-dev.nl\/wp-content\/uploads\/2023\/03\/afdekplaat-zwart-passiersairbag-alfa-166-360.jpg","type":"image\/jpeg"}],"twitter_card":"summary_large_image","schema":{"@context":"https:\/\/schema.org","@graph":[{"@type":"WebPage","@id":"https:\/\/turijnmagazijn.nl\/de\/produkt\/abdeckplatte-schwarz-beifahrerairbag-alfa-166\/","url":"https:\/\/turijnmagazijn.nl\/de\/produkt\/abdeckplatte-schwarz-beifahrerairbag-alfa-166\/","name":"Abdeckplatte Schwarz Passiersairbag Alfa 166 - Turijnmagazijn","isPartOf":{"@id":"https:\/\/turijnmagazijn.jumpstone-dev.nl\/#website"},"primaryImageOfPage":{"@id":"https:\/\/turijnmagazijn.nl\/de\/produkt\/abdeckplatte-schwarz-beifahrerairbag-alfa-166\/#primaryimage"},"image":{"@id":"https:\/\/turijnmagazijn.nl\/de\/produkt\/abdeckplatte-schwarz-beifahrerairbag-alfa-166\/#primaryimage"},"thumbnailUrl":"https:\/\/turijnmagazijn.nl\/wp-content\/uploads\/2023\/03\/afdekplaat-zwart-passiersairbag-alfa-166-360.jpg","datePublished":"2023-03-03T08:09:42+00:00","dateModified":"2023-07-26T11:17:25+00:00","breadcrumb":{"@id":"https:\/\/turijnmagazijn.nl\/de\/produkt\/abdeckplatte-schwarz-beifahrerairbag-alfa-166\/#breadcrumb"},"inLanguage":"de","potentialAction":[{"@type":"ReadAction","target":["https:\/\/turijnmagazijn.nl\/de\/produkt\/abdeckplatte-schwarz-beifahrerairbag-alfa-166\/"]}]},{"@type":"ImageObject","inLanguage":"de","@id":"https:\/\/turijnmagazijn.nl\/de\/produkt\/abdeckplatte-schwarz-beifahrerairbag-alfa-166\/#primaryimage","url":"https:\/\/turijnmagazijn.nl\/wp-content\/uploads\/2023\/03\/afdekplaat-zwart-passiersairbag-alfa-166-360.jpg","contentUrl":"https:\/\/turijnmagazijn.nl\/wp-content\/uploads\/2023\/03\/afdekplaat-zwart-passiersairbag-alfa-166-360.jpg","width":1440,"height":1080},{"@type":"BreadcrumbList","@id":"https:\/\/turijnmagazijn.nl\/de\/produkt\/abdeckplatte-schwarz-beifahrerairbag-alfa-166\/#breadcrumb","itemListElement":[{"@type":"ListItem","position":1,"name":"Home","item":"https:\/\/turijnmagazijn.nl\/de\/"},{"@type":"ListItem","position":2,"name":"Produkte","item":"https:\/\/turijnmagazijn.nl\/de\/shop\/"},{"@type":"ListItem","position":3,"name":"Abdeckplatte Schwarz Passiersairbag Alfa 166"}]},{"@type":"WebSite","@id":"https:\/\/turijnmagazijn.jumpstone-dev.nl\/#website","url":"https:\/\/turijnmagazijn.jumpstone-dev.nl\/","name":"Turijnmagazijn","description":"Onderdelen nieuw en gebruikt - Fiat &amp; Lancia","publisher":{"@id":"https:\/\/turijnmagazijn.jumpstone-dev.nl\/#organization"},"potentialAction":[{"@type":"SearchAction","target":{"@type":"EntryPoint","urlTemplate":"https:\/\/turijnmagazijn.jumpstone-dev.nl\/?s={search_term_string}"},"query-input":{"@type":"PropertyValueSpecification","valueRequired":true,"valueName":"search_term_string"}}],"inLanguage":"de"},{"@type":"Organization","@id":"https:\/\/turijnmagazijn.jumpstone-dev.nl\/#organization","name":"Turijnmagazijn","url":"https:\/\/turijnmagazijn.jumpstone-dev.nl\/","logo":{"@type":"ImageObject","inLanguage":"de","@id":"https:\/\/turijnmagazijn.jumpstone-dev.nl\/#\/schema\/logo\/image\/","url":"https:\/\/turijnmagazijn.nl\/wp-content\/uploads\/2021\/02\/turijnmagazijnlogo.png","contentUrl":"https:\/\/turijnmagazijn.nl\/wp-content\/uploads\/2021\/02\/turijnmagazijnlogo.png","width":555,"height":270,"caption":"Turijnmagazijn"},"image":{"@id":"https:\/\/turijnmagazijn.jumpstone-dev.nl\/#\/schema\/logo\/image\/"},"sameAs":["https:\/\/www.facebook.com\/turijnmagazijn"]}]}},"_links":{"self":[{"href":"https:\/\/turijnmagazijn.nl\/de\/wp-json\/wp\/v2\/product\/60478","targetHints":{"allow":["GET"]}}],"collection":[{"href":"https:\/\/turijnmagazijn.nl\/de\/wp-json\/wp\/v2\/product"}],"about":[{"href":"https:\/\/turijnmagazijn.nl\/de\/wp-json\/wp\/v2\/types\/product"}],"replies":[{"embeddable":true,"href":"https:\/\/turijnmagazijn.nl\/de\/wp-json\/wp\/v2\/comments?post=60478"}],"wp:featuredmedia":[{"embeddable":true,"href":"https:\/\/turijnmagazijn.nl\/de\/wp-json\/wp\/v2\/media\/35373"}],"wp:attachment":[{"href":"https:\/\/turijnmagazijn.nl\/de\/wp-json\/wp\/v2\/media?parent=60478"}],"wp:term":[{"taxonomy":"product_brand","embeddable":true,"href":"https:\/\/turijnmagazijn.nl\/de\/wp-json\/wp\/v2\/product_brand?post=60478"},{"taxonomy":"product_cat","embeddable":true,"href":"https:\/\/turijnmagazijn.nl\/de\/wp-json\/wp\/v2\/product_cat?post=60478"},{"taxonomy":"product_tag","embeddable":true,"href":"https:\/\/turijnmagazijn.nl\/de\/wp-json\/wp\/v2\/product_tag?post=60478"}],"curies":[{"name":"wp","href":"https:\/\/api.w.org\/{rel}","templated":true}]}}