{"id":60496,"date":"2023-03-03T09:09:42","date_gmt":"2023-03-03T08:09:42","guid":{"rendered":"https:\/\/turijnmagazijn.nl\/product\/relais-schwarz-50a-alfa-lancia-fiat\/"},"modified":"2024-11-02T12:00:35","modified_gmt":"2024-11-02T11:00:35","slug":"relais-schwarz-50a-alpha-lancia-fiat","status":"publish","type":"product","link":"https:\/\/turijnmagazijn.nl\/de\/produkt\/relais-schwarz-50a-alpha-lancia-fiat\/","title":{"rendered":"Relais schwarz 50A Alfa Lancia Fiat"},"content":{"rendered":"<p>Relais, das die Entlastung des Z\u00fcndschlosses f\u00fcr den Alfa Romeo 166 steuert. Das Ger\u00e4t befindet sich an Position A im Sicherungskasten eines Alfa 166 am linken Knie des Fahrers, unterhalb des Armaturenbretts. Im Sicherungskasten eines Lancia Kappa befindet sich dieses Relais an Position E1 im Sicherungskasten unter dem Armaturenbrett.<\/p>\n<p>Das Ger\u00e4t ist in gutem Zustand und wurde aus einem Alfa 166 aus dem Jahr 1999 ausgebaut. Ein zweites Ger\u00e4t der Marke Siemens, das aus einer Lancia Kappa Limousine aus dem Jahr 1995 stammt, ist verf\u00fcgbar. Aufschriften: 12V-50A B365 2110 TRW Sipea<\/p>\n<p>Gilt auch f\u00fcr Fiat-Modelle;<\/p>\n<ul>\n<li>FIAT BARCHETTA<\/li>\n<li>FIAT BRAV<wbr><\/wbr>A\/BRAVO<\/li>\n<li>FIAT COUP\u00c9&#8220;<\/li>\n<\/ul>\n<p>OEM-Nummer Alfa Romeo 7606542<\/p>\n<p>OEM Lancia 60813779<\/p>\n","protected":false},"excerpt":{"rendered":"<p>60813779 Entlastungsrelais 50A Z\u00fcndschalter Alfa 166 Lancia Kappa &#8211; Relais zur Steuerung der Entlastung des Z\u00fcndschalters f\u00fcr den Alfa Romeo 166.Relais schwarz 50A Alfa Lancia Fiat &#8211; Relais zur Steuerung der Entlastung des Z\u00fcndschalters f\u00fcr den Alfa Rom<\/p>\n","protected":false},"featured_media":35361,"comment_status":"closed","ping_status":"closed","template":"","meta":{"_acf_changed":false},"product_brand":[],"product_cat":[1651,1584,1704,1864,1867,1717,1689,1859,1797,1869],"product_tag":[],"class_list":{"0":"post-60496","1":"product","2":"type-product","3":"status-publish","4":"has-post-thumbnail","6":"product_cat-166-936-de","7":"product_cat-alfa-romeo-de","8":"product_cat-barchetta-183-de","9":"product_cat-berlina-de","10":"product_cat-coupe-de","11":"product_cat-coupe-175-de","12":"product_cat-fiat-de","13":"product_cat-kappa-838-de","14":"product_cat-lancia-de","15":"product_cat-sw-de","16":"pa_soort-onderdeel-elektronik-und-kabel","18":"first","19":"instock","20":"shipping-taxable","21":"purchasable","22":"product-type-simple"},"acf":[],"yoast_head":"<!-- This site is optimized with the Yoast SEO plugin v27.3 - https:\/\/yoast.com\/product\/yoast-seo-wordpress\/ -->\n<title>Relais schwarz 50A Alfa Lancia Fiat - Turijnmagazijn<\/title>\n<meta name=\"robots\" content=\"index, follow, max-snippet:-1, max-image-preview:large, max-video-preview:-1\" \/>\n<link rel=\"canonical\" href=\"https:\/\/turijnmagazijn.nl\/de\/produkt\/relais-schwarz-50a-alpha-lancia-fiat\/\" \/>\n<meta property=\"og:locale\" content=\"de_DE\" \/>\n<meta property=\"og:type\" content=\"article\" \/>\n<meta property=\"og:title\" content=\"Relais schwarz 50A Alfa Lancia Fiat - Turijnmagazijn\" \/>\n<meta property=\"og:description\" content=\"60813779 Entlastungsrelais 50A Z\u00fcndschalter Alfa 166 Lancia Kappa - Relais zur Steuerung der Entlastung des Z\u00fcndschalters f\u00fcr den Alfa Romeo 166.Relais schwarz 50A Alfa Lancia Fiat - Relais zur Steuerung der Entlastung des Z\u00fcndschalters f\u00fcr den Alfa Rom\" \/>\n<meta property=\"og:url\" content=\"https:\/\/turijnmagazijn.nl\/de\/produkt\/relais-schwarz-50a-alpha-lancia-fiat\/\" \/>\n<meta property=\"og:site_name\" content=\"Turijnmagazijn\" \/>\n<meta property=\"article:publisher\" content=\"https:\/\/www.facebook.com\/turijnmagazijn\" \/>\n<meta property=\"article:modified_time\" content=\"2024-11-02T11:00:35+00:00\" \/>\n<meta property=\"og:image\" content=\"https:\/\/turijnmagazijn.nl\/wp-content\/uploads\/2023\/03\/ontlastingsrelais-contactslot-alfa-166-283.jpg\" \/>\n\t<meta property=\"og:image:width\" content=\"1440\" \/>\n\t<meta property=\"og:image:height\" content=\"1080\" \/>\n\t<meta property=\"og:image:type\" content=\"image\/jpeg\" \/>\n<meta name=\"twitter:card\" content=\"summary_large_image\" \/>\n<meta name=\"twitter:label1\" content=\"Gesch\u00e4tzte Lesezeit\" \/>\n\t<meta name=\"twitter:data1\" content=\"1\u00a0Minute\" \/>\n<script type=\"application\/ld+json\" class=\"yoast-schema-graph\">{\"@context\":\"https:\\\/\\\/schema.org\",\"@graph\":[{\"@type\":\"WebPage\",\"@id\":\"https:\\\/\\\/turijnmagazijn.nl\\\/de\\\/produkt\\\/relais-schwarz-50a-alpha-lancia-fiat\\\/\",\"url\":\"https:\\\/\\\/turijnmagazijn.nl\\\/de\\\/produkt\\\/relais-schwarz-50a-alpha-lancia-fiat\\\/\",\"name\":\"Relais schwarz 50A Alfa Lancia Fiat - Turijnmagazijn\",\"isPartOf\":{\"@id\":\"https:\\\/\\\/turijnmagazijn.jumpstone-dev.nl\\\/#website\"},\"primaryImageOfPage\":{\"@id\":\"https:\\\/\\\/turijnmagazijn.nl\\\/de\\\/produkt\\\/relais-schwarz-50a-alpha-lancia-fiat\\\/#primaryimage\"},\"image\":{\"@id\":\"https:\\\/\\\/turijnmagazijn.nl\\\/de\\\/produkt\\\/relais-schwarz-50a-alpha-lancia-fiat\\\/#primaryimage\"},\"thumbnailUrl\":\"https:\\\/\\\/turijnmagazijn.nl\\\/wp-content\\\/uploads\\\/2023\\\/03\\\/ontlastingsrelais-contactslot-alfa-166-283.jpg\",\"datePublished\":\"2023-03-03T08:09:42+00:00\",\"dateModified\":\"2024-11-02T11:00:35+00:00\",\"breadcrumb\":{\"@id\":\"https:\\\/\\\/turijnmagazijn.nl\\\/de\\\/produkt\\\/relais-schwarz-50a-alpha-lancia-fiat\\\/#breadcrumb\"},\"inLanguage\":\"de\",\"potentialAction\":[{\"@type\":\"ReadAction\",\"target\":[\"https:\\\/\\\/turijnmagazijn.nl\\\/de\\\/produkt\\\/relais-schwarz-50a-alpha-lancia-fiat\\\/\"]}]},{\"@type\":\"ImageObject\",\"inLanguage\":\"de\",\"@id\":\"https:\\\/\\\/turijnmagazijn.nl\\\/de\\\/produkt\\\/relais-schwarz-50a-alpha-lancia-fiat\\\/#primaryimage\",\"url\":\"https:\\\/\\\/turijnmagazijn.nl\\\/wp-content\\\/uploads\\\/2023\\\/03\\\/ontlastingsrelais-contactslot-alfa-166-283.jpg\",\"contentUrl\":\"https:\\\/\\\/turijnmagazijn.nl\\\/wp-content\\\/uploads\\\/2023\\\/03\\\/ontlastingsrelais-contactslot-alfa-166-283.jpg\",\"width\":1440,\"height\":1080},{\"@type\":\"BreadcrumbList\",\"@id\":\"https:\\\/\\\/turijnmagazijn.nl\\\/de\\\/produkt\\\/relais-schwarz-50a-alpha-lancia-fiat\\\/#breadcrumb\",\"itemListElement\":[{\"@type\":\"ListItem\",\"position\":1,\"name\":\"Home\",\"item\":\"https:\\\/\\\/turijnmagazijn.nl\\\/de\\\/\"},{\"@type\":\"ListItem\",\"position\":2,\"name\":\"Produkte\",\"item\":\"https:\\\/\\\/turijnmagazijn.nl\\\/de\\\/shop\\\/\"},{\"@type\":\"ListItem\",\"position\":3,\"name\":\"Relais schwarz 50A Alfa Lancia Fiat\"}]},{\"@type\":\"WebSite\",\"@id\":\"https:\\\/\\\/turijnmagazijn.jumpstone-dev.nl\\\/#website\",\"url\":\"https:\\\/\\\/turijnmagazijn.jumpstone-dev.nl\\\/\",\"name\":\"Turijnmagazijn\",\"description\":\"Onderdelen nieuw en gebruikt - Fiat &amp; Lancia\",\"publisher\":{\"@id\":\"https:\\\/\\\/turijnmagazijn.jumpstone-dev.nl\\\/#organization\"},\"potentialAction\":[{\"@type\":\"SearchAction\",\"target\":{\"@type\":\"EntryPoint\",\"urlTemplate\":\"https:\\\/\\\/turijnmagazijn.jumpstone-dev.nl\\\/?s={search_term_string}\"},\"query-input\":{\"@type\":\"PropertyValueSpecification\",\"valueRequired\":true,\"valueName\":\"search_term_string\"}}],\"inLanguage\":\"de\"},{\"@type\":\"Organization\",\"@id\":\"https:\\\/\\\/turijnmagazijn.jumpstone-dev.nl\\\/#organization\",\"name\":\"Turijnmagazijn\",\"url\":\"https:\\\/\\\/turijnmagazijn.jumpstone-dev.nl\\\/\",\"logo\":{\"@type\":\"ImageObject\",\"inLanguage\":\"de\",\"@id\":\"https:\\\/\\\/turijnmagazijn.jumpstone-dev.nl\\\/#\\\/schema\\\/logo\\\/image\\\/\",\"url\":\"https:\\\/\\\/turijnmagazijn.nl\\\/wp-content\\\/uploads\\\/2021\\\/02\\\/turijnmagazijnlogo.png\",\"contentUrl\":\"https:\\\/\\\/turijnmagazijn.nl\\\/wp-content\\\/uploads\\\/2021\\\/02\\\/turijnmagazijnlogo.png\",\"width\":555,\"height\":270,\"caption\":\"Turijnmagazijn\"},\"image\":{\"@id\":\"https:\\\/\\\/turijnmagazijn.jumpstone-dev.nl\\\/#\\\/schema\\\/logo\\\/image\\\/\"},\"sameAs\":[\"https:\\\/\\\/www.facebook.com\\\/turijnmagazijn\"]}]}<\/script>\n<!-- \/ Yoast SEO plugin. -->","yoast_head_json":{"title":"Relais schwarz 50A Alfa Lancia Fiat - Turijnmagazijn","robots":{"index":"index","follow":"follow","max-snippet":"max-snippet:-1","max-image-preview":"max-image-preview:large","max-video-preview":"max-video-preview:-1"},"canonical":"https:\/\/turijnmagazijn.nl\/de\/produkt\/relais-schwarz-50a-alpha-lancia-fiat\/","og_locale":"de_DE","og_type":"article","og_title":"Relais schwarz 50A Alfa Lancia Fiat - Turijnmagazijn","og_description":"60813779 Entlastungsrelais 50A Z\u00fcndschalter Alfa 166 Lancia Kappa - Relais zur Steuerung der Entlastung des Z\u00fcndschalters f\u00fcr den Alfa Romeo 166.Relais schwarz 50A Alfa Lancia Fiat - Relais zur Steuerung der Entlastung des Z\u00fcndschalters f\u00fcr den Alfa Rom","og_url":"https:\/\/turijnmagazijn.nl\/de\/produkt\/relais-schwarz-50a-alpha-lancia-fiat\/","og_site_name":"Turijnmagazijn","article_publisher":"https:\/\/www.facebook.com\/turijnmagazijn","article_modified_time":"2024-11-02T11:00:35+00:00","og_image":[{"width":1440,"height":1080,"url":"https:\/\/turijnmagazijn.nl\/wp-content\/uploads\/2023\/03\/ontlastingsrelais-contactslot-alfa-166-283.jpg","type":"image\/jpeg"}],"twitter_card":"summary_large_image","twitter_misc":{"Gesch\u00e4tzte Lesezeit":"1\u00a0Minute"},"schema":{"@context":"https:\/\/schema.org","@graph":[{"@type":"WebPage","@id":"https:\/\/turijnmagazijn.nl\/de\/produkt\/relais-schwarz-50a-alpha-lancia-fiat\/","url":"https:\/\/turijnmagazijn.nl\/de\/produkt\/relais-schwarz-50a-alpha-lancia-fiat\/","name":"Relais schwarz 50A Alfa Lancia Fiat - Turijnmagazijn","isPartOf":{"@id":"https:\/\/turijnmagazijn.jumpstone-dev.nl\/#website"},"primaryImageOfPage":{"@id":"https:\/\/turijnmagazijn.nl\/de\/produkt\/relais-schwarz-50a-alpha-lancia-fiat\/#primaryimage"},"image":{"@id":"https:\/\/turijnmagazijn.nl\/de\/produkt\/relais-schwarz-50a-alpha-lancia-fiat\/#primaryimage"},"thumbnailUrl":"https:\/\/turijnmagazijn.nl\/wp-content\/uploads\/2023\/03\/ontlastingsrelais-contactslot-alfa-166-283.jpg","datePublished":"2023-03-03T08:09:42+00:00","dateModified":"2024-11-02T11:00:35+00:00","breadcrumb":{"@id":"https:\/\/turijnmagazijn.nl\/de\/produkt\/relais-schwarz-50a-alpha-lancia-fiat\/#breadcrumb"},"inLanguage":"de","potentialAction":[{"@type":"ReadAction","target":["https:\/\/turijnmagazijn.nl\/de\/produkt\/relais-schwarz-50a-alpha-lancia-fiat\/"]}]},{"@type":"ImageObject","inLanguage":"de","@id":"https:\/\/turijnmagazijn.nl\/de\/produkt\/relais-schwarz-50a-alpha-lancia-fiat\/#primaryimage","url":"https:\/\/turijnmagazijn.nl\/wp-content\/uploads\/2023\/03\/ontlastingsrelais-contactslot-alfa-166-283.jpg","contentUrl":"https:\/\/turijnmagazijn.nl\/wp-content\/uploads\/2023\/03\/ontlastingsrelais-contactslot-alfa-166-283.jpg","width":1440,"height":1080},{"@type":"BreadcrumbList","@id":"https:\/\/turijnmagazijn.nl\/de\/produkt\/relais-schwarz-50a-alpha-lancia-fiat\/#breadcrumb","itemListElement":[{"@type":"ListItem","position":1,"name":"Home","item":"https:\/\/turijnmagazijn.nl\/de\/"},{"@type":"ListItem","position":2,"name":"Produkte","item":"https:\/\/turijnmagazijn.nl\/de\/shop\/"},{"@type":"ListItem","position":3,"name":"Relais schwarz 50A Alfa Lancia Fiat"}]},{"@type":"WebSite","@id":"https:\/\/turijnmagazijn.jumpstone-dev.nl\/#website","url":"https:\/\/turijnmagazijn.jumpstone-dev.nl\/","name":"Turijnmagazijn","description":"Onderdelen nieuw en gebruikt - Fiat &amp; Lancia","publisher":{"@id":"https:\/\/turijnmagazijn.jumpstone-dev.nl\/#organization"},"potentialAction":[{"@type":"SearchAction","target":{"@type":"EntryPoint","urlTemplate":"https:\/\/turijnmagazijn.jumpstone-dev.nl\/?s={search_term_string}"},"query-input":{"@type":"PropertyValueSpecification","valueRequired":true,"valueName":"search_term_string"}}],"inLanguage":"de"},{"@type":"Organization","@id":"https:\/\/turijnmagazijn.jumpstone-dev.nl\/#organization","name":"Turijnmagazijn","url":"https:\/\/turijnmagazijn.jumpstone-dev.nl\/","logo":{"@type":"ImageObject","inLanguage":"de","@id":"https:\/\/turijnmagazijn.jumpstone-dev.nl\/#\/schema\/logo\/image\/","url":"https:\/\/turijnmagazijn.nl\/wp-content\/uploads\/2021\/02\/turijnmagazijnlogo.png","contentUrl":"https:\/\/turijnmagazijn.nl\/wp-content\/uploads\/2021\/02\/turijnmagazijnlogo.png","width":555,"height":270,"caption":"Turijnmagazijn"},"image":{"@id":"https:\/\/turijnmagazijn.jumpstone-dev.nl\/#\/schema\/logo\/image\/"},"sameAs":["https:\/\/www.facebook.com\/turijnmagazijn"]}]}},"_links":{"self":[{"href":"https:\/\/turijnmagazijn.nl\/de\/wp-json\/wp\/v2\/product\/60496","targetHints":{"allow":["GET"]}}],"collection":[{"href":"https:\/\/turijnmagazijn.nl\/de\/wp-json\/wp\/v2\/product"}],"about":[{"href":"https:\/\/turijnmagazijn.nl\/de\/wp-json\/wp\/v2\/types\/product"}],"replies":[{"embeddable":true,"href":"https:\/\/turijnmagazijn.nl\/de\/wp-json\/wp\/v2\/comments?post=60496"}],"wp:featuredmedia":[{"embeddable":true,"href":"https:\/\/turijnmagazijn.nl\/de\/wp-json\/wp\/v2\/media\/35361"}],"wp:attachment":[{"href":"https:\/\/turijnmagazijn.nl\/de\/wp-json\/wp\/v2\/media?parent=60496"}],"wp:term":[{"taxonomy":"product_brand","embeddable":true,"href":"https:\/\/turijnmagazijn.nl\/de\/wp-json\/wp\/v2\/product_brand?post=60496"},{"taxonomy":"product_cat","embeddable":true,"href":"https:\/\/turijnmagazijn.nl\/de\/wp-json\/wp\/v2\/product_cat?post=60496"},{"taxonomy":"product_tag","embeddable":true,"href":"https:\/\/turijnmagazijn.nl\/de\/wp-json\/wp\/v2\/product_tag?post=60496"}],"curies":[{"name":"wp","href":"https:\/\/api.w.org\/{rel}","templated":true}]}}