{"id":60498,"date":"2023-03-03T09:10:01","date_gmt":"2023-03-03T08:10:01","guid":{"rendered":"https:\/\/turijnmagazijn.nl\/product\/lueftungsgitter-rund-um-den-alfa-166\/"},"modified":"2023-07-26T13:17:26","modified_gmt":"2023-07-26T11:17:26","slug":"luftungsgitter-rund-alpha-166","status":"publish","type":"product","link":"https:\/\/turijnmagazijn.nl\/de\/produkt\/luftungsgitter-rund-alpha-166\/","title":{"rendered":"L\u00fcftungsgitter rund um den Alfa 166"},"content":{"rendered":"<p>Rundes L\u00fcftungsgitter zur Montage im Armaturenbrett mit Verstellm\u00f6glichkeit f\u00fcr Alfa Romeo 166. Betrifft die Auslass\u00f6ffnung f\u00fcr die Montage im Armaturenbrett und in der hinteren Mittelkonsole. Insgesamt sieben Exemplare sind in jedem Alfa Romeo 166 verbaut. Alle Einheiten sind austauschbar. Ausgestattet mit einer verchromten Umrandung.<\/p>\n<p>Die Konzerne verwendeten Gitter aus verschiedenen 166er Baujahren 1999, 2001 und 2002.<\/p>\n<p><span style=\"font-weight: bold;\">Die Chromkante dieser gebrauchten Ger\u00e4te ist besch\u00e4digt. Erwarten Sie also ein gut funktionierendes, aber \u00e4u\u00dferlich besch\u00e4digtes Ger\u00e4t!<\/span><\/p>\n<p>Die beiden Gitterteile sind miteinander verbunden, so dass sie sich gleichzeitig \u00f6ffnen. Dieser Effekt wurde getestet und funktioniert in allen Netzen.<\/p>\n<p>OEM-Nummer Alfa Romeo 224706<\/p>\n","protected":false},"excerpt":{"rendered":"<p>L\u00fcftungsgitter Alfa 166 &#8211; L\u00fcftungsgitter mit Verstellm\u00f6glichkeit f\u00fcr Alfa 166.L\u00fcftungsgitter um Alfa 166 &#8211; L\u00fcftungsgitter mit Verstellm\u00f6glichkeit f\u00fcr Alfa 166.L\u00fcftungsgitter um Alfa 166 &#8211; Rundes L\u00fcftungsgitter zur Montage in der Krawatte<\/p>\n","protected":false},"featured_media":35425,"comment_status":"closed","ping_status":"closed","template":"","meta":{"_acf_changed":false},"product_brand":[],"product_cat":[1651,1584],"product_tag":[],"class_list":{"0":"post-60498","1":"product","2":"type-product","3":"status-publish","4":"has-post-thumbnail","6":"product_cat-166-936-de","7":"product_cat-alfa-romeo-de","8":"pa_soort-onderdeel-dashboard-und-schalter","10":"first","11":"outofstock","12":"shipping-taxable","13":"purchasable","14":"product-type-simple"},"acf":[],"yoast_head":"<!-- This site is optimized with the Yoast SEO plugin v27.2 - https:\/\/yoast.com\/product\/yoast-seo-wordpress\/ -->\n<title>L\u00fcftungsgitter rund um den Alfa 166 - Turijnmagazijn<\/title>\n<meta name=\"robots\" content=\"index, follow, max-snippet:-1, max-image-preview:large, max-video-preview:-1\" \/>\n<link rel=\"canonical\" href=\"https:\/\/turijnmagazijn.nl\/de\/produkt\/luftungsgitter-rund-alpha-166\/\" \/>\n<meta property=\"og:locale\" content=\"de_DE\" \/>\n<meta property=\"og:type\" content=\"article\" \/>\n<meta property=\"og:title\" content=\"L\u00fcftungsgitter rund um den Alfa 166 - Turijnmagazijn\" \/>\n<meta property=\"og:description\" content=\"L\u00fcftungsgitter Alfa 166 - L\u00fcftungsgitter mit Verstellm\u00f6glichkeit f\u00fcr Alfa 166.L\u00fcftungsgitter um Alfa 166 - L\u00fcftungsgitter mit Verstellm\u00f6glichkeit f\u00fcr Alfa 166.L\u00fcftungsgitter um Alfa 166 - Rundes L\u00fcftungsgitter zur Montage in der Krawatte\" \/>\n<meta property=\"og:url\" content=\"https:\/\/turijnmagazijn.nl\/de\/produkt\/luftungsgitter-rund-alpha-166\/\" \/>\n<meta property=\"og:site_name\" content=\"Turijnmagazijn\" \/>\n<meta property=\"article:publisher\" content=\"https:\/\/www.facebook.com\/turijnmagazijn\" \/>\n<meta property=\"article:modified_time\" content=\"2023-07-26T11:17:26+00:00\" \/>\n<meta property=\"og:image\" content=\"https:\/\/turijnmagazijn.jumpstone-dev.nl\/wp-content\/uploads\/2023\/03\/DK0010019220Ventilatierooster20Alfa201662028429.jpg\" \/>\n\t<meta property=\"og:image:width\" content=\"1024\" \/>\n\t<meta property=\"og:image:height\" content=\"768\" \/>\n\t<meta property=\"og:image:type\" content=\"image\/jpeg\" \/>\n<meta name=\"twitter:card\" content=\"summary_large_image\" \/>\n<meta name=\"twitter:label1\" content=\"Gesch\u00e4tzte Lesezeit\" \/>\n\t<meta name=\"twitter:data1\" content=\"1\u00a0Minute\" \/>\n<script type=\"application\/ld+json\" class=\"yoast-schema-graph\">{\"@context\":\"https:\/\/schema.org\",\"@graph\":[{\"@type\":\"WebPage\",\"@id\":\"https:\/\/turijnmagazijn.nl\/de\/produkt\/luftungsgitter-rund-alpha-166\/\",\"url\":\"https:\/\/turijnmagazijn.nl\/de\/produkt\/luftungsgitter-rund-alpha-166\/\",\"name\":\"L\u00fcftungsgitter rund um den Alfa 166 - Turijnmagazijn\",\"isPartOf\":{\"@id\":\"https:\/\/turijnmagazijn.jumpstone-dev.nl\/#website\"},\"primaryImageOfPage\":{\"@id\":\"https:\/\/turijnmagazijn.nl\/de\/produkt\/luftungsgitter-rund-alpha-166\/#primaryimage\"},\"image\":{\"@id\":\"https:\/\/turijnmagazijn.nl\/de\/produkt\/luftungsgitter-rund-alpha-166\/#primaryimage\"},\"thumbnailUrl\":\"https:\/\/turijnmagazijn.nl\/wp-content\/uploads\/2023\/03\/DK0010019220Ventilatierooster20Alfa201662028429.jpg\",\"datePublished\":\"2023-03-03T08:10:01+00:00\",\"dateModified\":\"2023-07-26T11:17:26+00:00\",\"breadcrumb\":{\"@id\":\"https:\/\/turijnmagazijn.nl\/de\/produkt\/luftungsgitter-rund-alpha-166\/#breadcrumb\"},\"inLanguage\":\"de\",\"potentialAction\":[{\"@type\":\"ReadAction\",\"target\":[\"https:\/\/turijnmagazijn.nl\/de\/produkt\/luftungsgitter-rund-alpha-166\/\"]}]},{\"@type\":\"ImageObject\",\"inLanguage\":\"de\",\"@id\":\"https:\/\/turijnmagazijn.nl\/de\/produkt\/luftungsgitter-rund-alpha-166\/#primaryimage\",\"url\":\"https:\/\/turijnmagazijn.nl\/wp-content\/uploads\/2023\/03\/DK0010019220Ventilatierooster20Alfa201662028429.jpg\",\"contentUrl\":\"https:\/\/turijnmagazijn.nl\/wp-content\/uploads\/2023\/03\/DK0010019220Ventilatierooster20Alfa201662028429.jpg\",\"width\":1024,\"height\":768},{\"@type\":\"BreadcrumbList\",\"@id\":\"https:\/\/turijnmagazijn.nl\/de\/produkt\/luftungsgitter-rund-alpha-166\/#breadcrumb\",\"itemListElement\":[{\"@type\":\"ListItem\",\"position\":1,\"name\":\"Home\",\"item\":\"https:\/\/turijnmagazijn.jumpstone-dev.nl\/\"},{\"@type\":\"ListItem\",\"position\":2,\"name\":\"Produkte\",\"item\":\"https:\/\/turijnmagazijn.nl\/de\/shop\/\"},{\"@type\":\"ListItem\",\"position\":3,\"name\":\"L\u00fcftungsgitter rund um den Alfa 166\"}]},{\"@type\":\"WebSite\",\"@id\":\"https:\/\/turijnmagazijn.jumpstone-dev.nl\/#website\",\"url\":\"https:\/\/turijnmagazijn.jumpstone-dev.nl\/\",\"name\":\"Turijnmagazijn\",\"description\":\"Onderdelen nieuw en gebruikt - Fiat &amp; Lancia\",\"publisher\":{\"@id\":\"https:\/\/turijnmagazijn.jumpstone-dev.nl\/#organization\"},\"potentialAction\":[{\"@type\":\"SearchAction\",\"target\":{\"@type\":\"EntryPoint\",\"urlTemplate\":\"https:\/\/turijnmagazijn.jumpstone-dev.nl\/?s={search_term_string}\"},\"query-input\":{\"@type\":\"PropertyValueSpecification\",\"valueRequired\":true,\"valueName\":\"search_term_string\"}}],\"inLanguage\":\"de\"},{\"@type\":\"Organization\",\"@id\":\"https:\/\/turijnmagazijn.jumpstone-dev.nl\/#organization\",\"name\":\"Turijnmagazijn\",\"url\":\"https:\/\/turijnmagazijn.jumpstone-dev.nl\/\",\"logo\":{\"@type\":\"ImageObject\",\"inLanguage\":\"de\",\"@id\":\"https:\/\/turijnmagazijn.jumpstone-dev.nl\/#\/schema\/logo\/image\/\",\"url\":\"https:\/\/turijnmagazijn.nl\/wp-content\/uploads\/2021\/02\/turijnmagazijnlogo.png\",\"contentUrl\":\"https:\/\/turijnmagazijn.nl\/wp-content\/uploads\/2021\/02\/turijnmagazijnlogo.png\",\"width\":555,\"height\":270,\"caption\":\"Turijnmagazijn\"},\"image\":{\"@id\":\"https:\/\/turijnmagazijn.jumpstone-dev.nl\/#\/schema\/logo\/image\/\"},\"sameAs\":[\"https:\/\/www.facebook.com\/turijnmagazijn\"]}]}<\/script>\n<!-- \/ Yoast SEO plugin. -->","yoast_head_json":{"title":"L\u00fcftungsgitter rund um den Alfa 166 - Turijnmagazijn","robots":{"index":"index","follow":"follow","max-snippet":"max-snippet:-1","max-image-preview":"max-image-preview:large","max-video-preview":"max-video-preview:-1"},"canonical":"https:\/\/turijnmagazijn.nl\/de\/produkt\/luftungsgitter-rund-alpha-166\/","og_locale":"de_DE","og_type":"article","og_title":"L\u00fcftungsgitter rund um den Alfa 166 - Turijnmagazijn","og_description":"L\u00fcftungsgitter Alfa 166 - L\u00fcftungsgitter mit Verstellm\u00f6glichkeit f\u00fcr Alfa 166.L\u00fcftungsgitter um Alfa 166 - L\u00fcftungsgitter mit Verstellm\u00f6glichkeit f\u00fcr Alfa 166.L\u00fcftungsgitter um Alfa 166 - Rundes L\u00fcftungsgitter zur Montage in der Krawatte","og_url":"https:\/\/turijnmagazijn.nl\/de\/produkt\/luftungsgitter-rund-alpha-166\/","og_site_name":"Turijnmagazijn","article_publisher":"https:\/\/www.facebook.com\/turijnmagazijn","article_modified_time":"2023-07-26T11:17:26+00:00","og_image":[{"width":1024,"height":768,"url":"https:\/\/turijnmagazijn.jumpstone-dev.nl\/wp-content\/uploads\/2023\/03\/DK0010019220Ventilatierooster20Alfa201662028429.jpg","type":"image\/jpeg"}],"twitter_card":"summary_large_image","twitter_misc":{"Gesch\u00e4tzte Lesezeit":"1\u00a0Minute"},"schema":{"@context":"https:\/\/schema.org","@graph":[{"@type":"WebPage","@id":"https:\/\/turijnmagazijn.nl\/de\/produkt\/luftungsgitter-rund-alpha-166\/","url":"https:\/\/turijnmagazijn.nl\/de\/produkt\/luftungsgitter-rund-alpha-166\/","name":"L\u00fcftungsgitter rund um den Alfa 166 - Turijnmagazijn","isPartOf":{"@id":"https:\/\/turijnmagazijn.jumpstone-dev.nl\/#website"},"primaryImageOfPage":{"@id":"https:\/\/turijnmagazijn.nl\/de\/produkt\/luftungsgitter-rund-alpha-166\/#primaryimage"},"image":{"@id":"https:\/\/turijnmagazijn.nl\/de\/produkt\/luftungsgitter-rund-alpha-166\/#primaryimage"},"thumbnailUrl":"https:\/\/turijnmagazijn.nl\/wp-content\/uploads\/2023\/03\/DK0010019220Ventilatierooster20Alfa201662028429.jpg","datePublished":"2023-03-03T08:10:01+00:00","dateModified":"2023-07-26T11:17:26+00:00","breadcrumb":{"@id":"https:\/\/turijnmagazijn.nl\/de\/produkt\/luftungsgitter-rund-alpha-166\/#breadcrumb"},"inLanguage":"de","potentialAction":[{"@type":"ReadAction","target":["https:\/\/turijnmagazijn.nl\/de\/produkt\/luftungsgitter-rund-alpha-166\/"]}]},{"@type":"ImageObject","inLanguage":"de","@id":"https:\/\/turijnmagazijn.nl\/de\/produkt\/luftungsgitter-rund-alpha-166\/#primaryimage","url":"https:\/\/turijnmagazijn.nl\/wp-content\/uploads\/2023\/03\/DK0010019220Ventilatierooster20Alfa201662028429.jpg","contentUrl":"https:\/\/turijnmagazijn.nl\/wp-content\/uploads\/2023\/03\/DK0010019220Ventilatierooster20Alfa201662028429.jpg","width":1024,"height":768},{"@type":"BreadcrumbList","@id":"https:\/\/turijnmagazijn.nl\/de\/produkt\/luftungsgitter-rund-alpha-166\/#breadcrumb","itemListElement":[{"@type":"ListItem","position":1,"name":"Home","item":"https:\/\/turijnmagazijn.jumpstone-dev.nl\/"},{"@type":"ListItem","position":2,"name":"Produkte","item":"https:\/\/turijnmagazijn.nl\/de\/shop\/"},{"@type":"ListItem","position":3,"name":"L\u00fcftungsgitter rund um den Alfa 166"}]},{"@type":"WebSite","@id":"https:\/\/turijnmagazijn.jumpstone-dev.nl\/#website","url":"https:\/\/turijnmagazijn.jumpstone-dev.nl\/","name":"Turijnmagazijn","description":"Onderdelen nieuw en gebruikt - Fiat &amp; Lancia","publisher":{"@id":"https:\/\/turijnmagazijn.jumpstone-dev.nl\/#organization"},"potentialAction":[{"@type":"SearchAction","target":{"@type":"EntryPoint","urlTemplate":"https:\/\/turijnmagazijn.jumpstone-dev.nl\/?s={search_term_string}"},"query-input":{"@type":"PropertyValueSpecification","valueRequired":true,"valueName":"search_term_string"}}],"inLanguage":"de"},{"@type":"Organization","@id":"https:\/\/turijnmagazijn.jumpstone-dev.nl\/#organization","name":"Turijnmagazijn","url":"https:\/\/turijnmagazijn.jumpstone-dev.nl\/","logo":{"@type":"ImageObject","inLanguage":"de","@id":"https:\/\/turijnmagazijn.jumpstone-dev.nl\/#\/schema\/logo\/image\/","url":"https:\/\/turijnmagazijn.nl\/wp-content\/uploads\/2021\/02\/turijnmagazijnlogo.png","contentUrl":"https:\/\/turijnmagazijn.nl\/wp-content\/uploads\/2021\/02\/turijnmagazijnlogo.png","width":555,"height":270,"caption":"Turijnmagazijn"},"image":{"@id":"https:\/\/turijnmagazijn.jumpstone-dev.nl\/#\/schema\/logo\/image\/"},"sameAs":["https:\/\/www.facebook.com\/turijnmagazijn"]}]}},"_links":{"self":[{"href":"https:\/\/turijnmagazijn.nl\/de\/wp-json\/wp\/v2\/product\/60498","targetHints":{"allow":["GET"]}}],"collection":[{"href":"https:\/\/turijnmagazijn.nl\/de\/wp-json\/wp\/v2\/product"}],"about":[{"href":"https:\/\/turijnmagazijn.nl\/de\/wp-json\/wp\/v2\/types\/product"}],"replies":[{"embeddable":true,"href":"https:\/\/turijnmagazijn.nl\/de\/wp-json\/wp\/v2\/comments?post=60498"}],"wp:featuredmedia":[{"embeddable":true,"href":"https:\/\/turijnmagazijn.nl\/de\/wp-json\/wp\/v2\/media\/35425"}],"wp:attachment":[{"href":"https:\/\/turijnmagazijn.nl\/de\/wp-json\/wp\/v2\/media?parent=60498"}],"wp:term":[{"taxonomy":"product_brand","embeddable":true,"href":"https:\/\/turijnmagazijn.nl\/de\/wp-json\/wp\/v2\/product_brand?post=60498"},{"taxonomy":"product_cat","embeddable":true,"href":"https:\/\/turijnmagazijn.nl\/de\/wp-json\/wp\/v2\/product_cat?post=60498"},{"taxonomy":"product_tag","embeddable":true,"href":"https:\/\/turijnmagazijn.nl\/de\/wp-json\/wp\/v2\/product_tag?post=60498"}],"curies":[{"name":"wp","href":"https:\/\/api.w.org\/{rel}","templated":true}]}}