{"id":60530,"date":"2023-03-03T09:13:11","date_gmt":"2023-03-03T08:13:11","guid":{"rendered":"https:\/\/turijnmagazijn.nl\/product\/ecu-motormanagement-computer-lancia-dedra-2-0-ie-1991\/"},"modified":"2024-08-19T11:52:18","modified_gmt":"2024-08-19T09:52:18","slug":"ecu-motormanagement-computer-lancia-dedra-2-0-ie-1991","status":"publish","type":"product","link":"https:\/\/turijnmagazijn.nl\/de\/produkt\/ecu-motormanagement-computer-lancia-dedra-2-0-ie-1991\/","title":{"rendered":"ECU Motormanagement-Computer Lancia Dedra 2.0 IE 1991"},"content":{"rendered":"<p>Motormanagement-Computer zur Steuerung von Einspritzung und Z\u00fcndung f\u00fcr Lancia Dedra. Anwendbar f\u00fcr den 2.0 I.E. Benzinmotor. Von einem Dedra aus dem Jahr 1991. Der Computer ist eine Aluminiumbox, die im Fu\u00dffach auf der Beifahrerseite montiert ist. Der Computer ist ein Weber-IAW-Produkt.<\/p>\n<div style=\"\"><\/div>\n<div style=\"\">\n<p>Aufschrift auf dem Ger\u00e4t: Weber Italy IAW 04J Fabriacato da Marelli Autronica<\/div>\n<div style=\"\">WH4J.07\/8SD. HT<\/div>\n<div><\/div>\n<div>OEM-Nummer Lancia unbekannt<\/div>\n<div><\/div>\n","protected":false},"excerpt":{"rendered":"<p>ECU Motorsteuerungsrechner Lancia Dedra 2.0 IE 1991 &#8211; Motorsteuerungsrechner zur Steuerung von Einspritzung und Z\u00fcndung f\u00fcr Lancia Dedra.<\/p>\n","protected":false},"featured_media":39513,"comment_status":"open","ping_status":"closed","template":"","meta":{"_acf_changed":false},"product_brand":[],"product_cat":[1803,1797],"product_tag":[],"class_list":{"0":"post-60530","1":"product","2":"type-product","3":"status-publish","4":"has-post-thumbnail","6":"product_cat-dedra-835-de","7":"product_cat-lancia-de","8":"pa_soort-onderdeel-kraftstoffsysteme","9":"pa_soort-onderdeel-motor-und-zubehor","11":"first","12":"instock","13":"shipping-taxable","14":"purchasable","15":"product-type-simple"},"acf":[],"yoast_head":"<!-- This site is optimized with the Yoast SEO plugin v27.2 - https:\/\/yoast.com\/product\/yoast-seo-wordpress\/ -->\n<title>ECU Motormanagement-Computer Lancia Dedra 2.0 IE 1991 - Turijnmagazijn<\/title>\n<meta name=\"robots\" content=\"index, follow, max-snippet:-1, max-image-preview:large, max-video-preview:-1\" \/>\n<link rel=\"canonical\" href=\"https:\/\/turijnmagazijn.nl\/de\/produkt\/ecu-motormanagement-computer-lancia-dedra-2-0-ie-1991\/\" \/>\n<meta property=\"og:locale\" content=\"de_DE\" \/>\n<meta property=\"og:type\" content=\"article\" \/>\n<meta property=\"og:title\" content=\"ECU Motormanagement-Computer Lancia Dedra 2.0 IE 1991 - Turijnmagazijn\" \/>\n<meta property=\"og:description\" content=\"ECU Motorsteuerungsrechner Lancia Dedra 2.0 IE 1991 - Motorsteuerungsrechner zur Steuerung von Einspritzung und Z\u00fcndung f\u00fcr Lancia Dedra.\" \/>\n<meta property=\"og:url\" content=\"https:\/\/turijnmagazijn.nl\/de\/produkt\/ecu-motormanagement-computer-lancia-dedra-2-0-ie-1991\/\" \/>\n<meta property=\"og:site_name\" content=\"Turijnmagazijn\" \/>\n<meta property=\"article:publisher\" content=\"https:\/\/www.facebook.com\/turijnmagazijn\" \/>\n<meta property=\"article:modified_time\" content=\"2024-08-19T09:52:18+00:00\" \/>\n<meta property=\"og:image\" content=\"https:\/\/turijnmagazijn.nl\/wp-content\/uploads\/2023\/03\/DK00101050_ECU_Motormanagement_computer_Lancia_Dedra_2.0_IE_1991_5.jpeg\" \/>\n\t<meta property=\"og:image:width\" content=\"800\" \/>\n\t<meta property=\"og:image:height\" content=\"600\" \/>\n\t<meta property=\"og:image:type\" content=\"image\/jpeg\" \/>\n<meta name=\"twitter:card\" content=\"summary_large_image\" \/>\n<script type=\"application\/ld+json\" class=\"yoast-schema-graph\">{\"@context\":\"https:\/\/schema.org\",\"@graph\":[{\"@type\":\"WebPage\",\"@id\":\"https:\/\/turijnmagazijn.nl\/de\/produkt\/ecu-motormanagement-computer-lancia-dedra-2-0-ie-1991\/\",\"url\":\"https:\/\/turijnmagazijn.nl\/de\/produkt\/ecu-motormanagement-computer-lancia-dedra-2-0-ie-1991\/\",\"name\":\"ECU Motormanagement-Computer Lancia Dedra 2.0 IE 1991 - Turijnmagazijn\",\"isPartOf\":{\"@id\":\"https:\/\/turijnmagazijn.jumpstone-dev.nl\/#website\"},\"primaryImageOfPage\":{\"@id\":\"https:\/\/turijnmagazijn.nl\/de\/produkt\/ecu-motormanagement-computer-lancia-dedra-2-0-ie-1991\/#primaryimage\"},\"image\":{\"@id\":\"https:\/\/turijnmagazijn.nl\/de\/produkt\/ecu-motormanagement-computer-lancia-dedra-2-0-ie-1991\/#primaryimage\"},\"thumbnailUrl\":\"https:\/\/turijnmagazijn.nl\/wp-content\/uploads\/2023\/03\/DK00101050_ECU_Motormanagement_computer_Lancia_Dedra_2.0_IE_1991_5.jpeg\",\"datePublished\":\"2023-03-03T08:13:11+00:00\",\"dateModified\":\"2024-08-19T09:52:18+00:00\",\"breadcrumb\":{\"@id\":\"https:\/\/turijnmagazijn.nl\/de\/produkt\/ecu-motormanagement-computer-lancia-dedra-2-0-ie-1991\/#breadcrumb\"},\"inLanguage\":\"de\",\"potentialAction\":[{\"@type\":\"ReadAction\",\"target\":[\"https:\/\/turijnmagazijn.nl\/de\/produkt\/ecu-motormanagement-computer-lancia-dedra-2-0-ie-1991\/\"]}]},{\"@type\":\"ImageObject\",\"inLanguage\":\"de\",\"@id\":\"https:\/\/turijnmagazijn.nl\/de\/produkt\/ecu-motormanagement-computer-lancia-dedra-2-0-ie-1991\/#primaryimage\",\"url\":\"https:\/\/turijnmagazijn.nl\/wp-content\/uploads\/2023\/03\/DK00101050_ECU_Motormanagement_computer_Lancia_Dedra_2.0_IE_1991_5.jpeg\",\"contentUrl\":\"https:\/\/turijnmagazijn.nl\/wp-content\/uploads\/2023\/03\/DK00101050_ECU_Motormanagement_computer_Lancia_Dedra_2.0_IE_1991_5.jpeg\",\"width\":800,\"height\":600},{\"@type\":\"BreadcrumbList\",\"@id\":\"https:\/\/turijnmagazijn.nl\/de\/produkt\/ecu-motormanagement-computer-lancia-dedra-2-0-ie-1991\/#breadcrumb\",\"itemListElement\":[{\"@type\":\"ListItem\",\"position\":1,\"name\":\"Home\",\"item\":\"https:\/\/turijnmagazijn.nl\/de\/\"},{\"@type\":\"ListItem\",\"position\":2,\"name\":\"Produkte\",\"item\":\"https:\/\/turijnmagazijn.nl\/de\/shop\/\"},{\"@type\":\"ListItem\",\"position\":3,\"name\":\"ECU Motormanagement-Computer Lancia Dedra 2.0 IE 1991\"}]},{\"@type\":\"WebSite\",\"@id\":\"https:\/\/turijnmagazijn.jumpstone-dev.nl\/#website\",\"url\":\"https:\/\/turijnmagazijn.jumpstone-dev.nl\/\",\"name\":\"Turijnmagazijn\",\"description\":\"Onderdelen nieuw en gebruikt - Fiat &amp; Lancia\",\"publisher\":{\"@id\":\"https:\/\/turijnmagazijn.jumpstone-dev.nl\/#organization\"},\"potentialAction\":[{\"@type\":\"SearchAction\",\"target\":{\"@type\":\"EntryPoint\",\"urlTemplate\":\"https:\/\/turijnmagazijn.jumpstone-dev.nl\/?s={search_term_string}\"},\"query-input\":{\"@type\":\"PropertyValueSpecification\",\"valueRequired\":true,\"valueName\":\"search_term_string\"}}],\"inLanguage\":\"de\"},{\"@type\":\"Organization\",\"@id\":\"https:\/\/turijnmagazijn.jumpstone-dev.nl\/#organization\",\"name\":\"Turijnmagazijn\",\"url\":\"https:\/\/turijnmagazijn.jumpstone-dev.nl\/\",\"logo\":{\"@type\":\"ImageObject\",\"inLanguage\":\"de\",\"@id\":\"https:\/\/turijnmagazijn.jumpstone-dev.nl\/#\/schema\/logo\/image\/\",\"url\":\"https:\/\/turijnmagazijn.nl\/wp-content\/uploads\/2021\/02\/turijnmagazijnlogo.png\",\"contentUrl\":\"https:\/\/turijnmagazijn.nl\/wp-content\/uploads\/2021\/02\/turijnmagazijnlogo.png\",\"width\":555,\"height\":270,\"caption\":\"Turijnmagazijn\"},\"image\":{\"@id\":\"https:\/\/turijnmagazijn.jumpstone-dev.nl\/#\/schema\/logo\/image\/\"},\"sameAs\":[\"https:\/\/www.facebook.com\/turijnmagazijn\"]}]}<\/script>\n<!-- \/ Yoast SEO plugin. -->","yoast_head_json":{"title":"ECU Motormanagement-Computer Lancia Dedra 2.0 IE 1991 - Turijnmagazijn","robots":{"index":"index","follow":"follow","max-snippet":"max-snippet:-1","max-image-preview":"max-image-preview:large","max-video-preview":"max-video-preview:-1"},"canonical":"https:\/\/turijnmagazijn.nl\/de\/produkt\/ecu-motormanagement-computer-lancia-dedra-2-0-ie-1991\/","og_locale":"de_DE","og_type":"article","og_title":"ECU Motormanagement-Computer Lancia Dedra 2.0 IE 1991 - Turijnmagazijn","og_description":"ECU Motorsteuerungsrechner Lancia Dedra 2.0 IE 1991 - Motorsteuerungsrechner zur Steuerung von Einspritzung und Z\u00fcndung f\u00fcr Lancia Dedra.","og_url":"https:\/\/turijnmagazijn.nl\/de\/produkt\/ecu-motormanagement-computer-lancia-dedra-2-0-ie-1991\/","og_site_name":"Turijnmagazijn","article_publisher":"https:\/\/www.facebook.com\/turijnmagazijn","article_modified_time":"2024-08-19T09:52:18+00:00","og_image":[{"width":800,"height":600,"url":"https:\/\/turijnmagazijn.nl\/wp-content\/uploads\/2023\/03\/DK00101050_ECU_Motormanagement_computer_Lancia_Dedra_2.0_IE_1991_5.jpeg","type":"image\/jpeg"}],"twitter_card":"summary_large_image","schema":{"@context":"https:\/\/schema.org","@graph":[{"@type":"WebPage","@id":"https:\/\/turijnmagazijn.nl\/de\/produkt\/ecu-motormanagement-computer-lancia-dedra-2-0-ie-1991\/","url":"https:\/\/turijnmagazijn.nl\/de\/produkt\/ecu-motormanagement-computer-lancia-dedra-2-0-ie-1991\/","name":"ECU Motormanagement-Computer Lancia Dedra 2.0 IE 1991 - Turijnmagazijn","isPartOf":{"@id":"https:\/\/turijnmagazijn.jumpstone-dev.nl\/#website"},"primaryImageOfPage":{"@id":"https:\/\/turijnmagazijn.nl\/de\/produkt\/ecu-motormanagement-computer-lancia-dedra-2-0-ie-1991\/#primaryimage"},"image":{"@id":"https:\/\/turijnmagazijn.nl\/de\/produkt\/ecu-motormanagement-computer-lancia-dedra-2-0-ie-1991\/#primaryimage"},"thumbnailUrl":"https:\/\/turijnmagazijn.nl\/wp-content\/uploads\/2023\/03\/DK00101050_ECU_Motormanagement_computer_Lancia_Dedra_2.0_IE_1991_5.jpeg","datePublished":"2023-03-03T08:13:11+00:00","dateModified":"2024-08-19T09:52:18+00:00","breadcrumb":{"@id":"https:\/\/turijnmagazijn.nl\/de\/produkt\/ecu-motormanagement-computer-lancia-dedra-2-0-ie-1991\/#breadcrumb"},"inLanguage":"de","potentialAction":[{"@type":"ReadAction","target":["https:\/\/turijnmagazijn.nl\/de\/produkt\/ecu-motormanagement-computer-lancia-dedra-2-0-ie-1991\/"]}]},{"@type":"ImageObject","inLanguage":"de","@id":"https:\/\/turijnmagazijn.nl\/de\/produkt\/ecu-motormanagement-computer-lancia-dedra-2-0-ie-1991\/#primaryimage","url":"https:\/\/turijnmagazijn.nl\/wp-content\/uploads\/2023\/03\/DK00101050_ECU_Motormanagement_computer_Lancia_Dedra_2.0_IE_1991_5.jpeg","contentUrl":"https:\/\/turijnmagazijn.nl\/wp-content\/uploads\/2023\/03\/DK00101050_ECU_Motormanagement_computer_Lancia_Dedra_2.0_IE_1991_5.jpeg","width":800,"height":600},{"@type":"BreadcrumbList","@id":"https:\/\/turijnmagazijn.nl\/de\/produkt\/ecu-motormanagement-computer-lancia-dedra-2-0-ie-1991\/#breadcrumb","itemListElement":[{"@type":"ListItem","position":1,"name":"Home","item":"https:\/\/turijnmagazijn.nl\/de\/"},{"@type":"ListItem","position":2,"name":"Produkte","item":"https:\/\/turijnmagazijn.nl\/de\/shop\/"},{"@type":"ListItem","position":3,"name":"ECU Motormanagement-Computer Lancia Dedra 2.0 IE 1991"}]},{"@type":"WebSite","@id":"https:\/\/turijnmagazijn.jumpstone-dev.nl\/#website","url":"https:\/\/turijnmagazijn.jumpstone-dev.nl\/","name":"Turijnmagazijn","description":"Onderdelen nieuw en gebruikt - Fiat &amp; Lancia","publisher":{"@id":"https:\/\/turijnmagazijn.jumpstone-dev.nl\/#organization"},"potentialAction":[{"@type":"SearchAction","target":{"@type":"EntryPoint","urlTemplate":"https:\/\/turijnmagazijn.jumpstone-dev.nl\/?s={search_term_string}"},"query-input":{"@type":"PropertyValueSpecification","valueRequired":true,"valueName":"search_term_string"}}],"inLanguage":"de"},{"@type":"Organization","@id":"https:\/\/turijnmagazijn.jumpstone-dev.nl\/#organization","name":"Turijnmagazijn","url":"https:\/\/turijnmagazijn.jumpstone-dev.nl\/","logo":{"@type":"ImageObject","inLanguage":"de","@id":"https:\/\/turijnmagazijn.jumpstone-dev.nl\/#\/schema\/logo\/image\/","url":"https:\/\/turijnmagazijn.nl\/wp-content\/uploads\/2021\/02\/turijnmagazijnlogo.png","contentUrl":"https:\/\/turijnmagazijn.nl\/wp-content\/uploads\/2021\/02\/turijnmagazijnlogo.png","width":555,"height":270,"caption":"Turijnmagazijn"},"image":{"@id":"https:\/\/turijnmagazijn.jumpstone-dev.nl\/#\/schema\/logo\/image\/"},"sameAs":["https:\/\/www.facebook.com\/turijnmagazijn"]}]}},"_links":{"self":[{"href":"https:\/\/turijnmagazijn.nl\/de\/wp-json\/wp\/v2\/product\/60530","targetHints":{"allow":["GET"]}}],"collection":[{"href":"https:\/\/turijnmagazijn.nl\/de\/wp-json\/wp\/v2\/product"}],"about":[{"href":"https:\/\/turijnmagazijn.nl\/de\/wp-json\/wp\/v2\/types\/product"}],"replies":[{"embeddable":true,"href":"https:\/\/turijnmagazijn.nl\/de\/wp-json\/wp\/v2\/comments?post=60530"}],"wp:featuredmedia":[{"embeddable":true,"href":"https:\/\/turijnmagazijn.nl\/de\/wp-json\/wp\/v2\/media\/39513"}],"wp:attachment":[{"href":"https:\/\/turijnmagazijn.nl\/de\/wp-json\/wp\/v2\/media?parent=60530"}],"wp:term":[{"taxonomy":"product_brand","embeddable":true,"href":"https:\/\/turijnmagazijn.nl\/de\/wp-json\/wp\/v2\/product_brand?post=60530"},{"taxonomy":"product_cat","embeddable":true,"href":"https:\/\/turijnmagazijn.nl\/de\/wp-json\/wp\/v2\/product_cat?post=60530"},{"taxonomy":"product_tag","embeddable":true,"href":"https:\/\/turijnmagazijn.nl\/de\/wp-json\/wp\/v2\/product_tag?post=60530"}],"curies":[{"name":"wp","href":"https:\/\/api.w.org\/{rel}","templated":true}]}}