{"id":60657,"date":"2023-03-03T09:18:25","date_gmt":"2023-03-03T08:18:25","guid":{"rendered":"https:\/\/turijnmagazijn.nl\/product\/verriegelungsplatte-antriebswelle-lancia-delta-hf-integrale-8v-16v-evo-neu\/"},"modified":"2024-11-01T17:38:27","modified_gmt":"2024-11-01T16:38:27","slug":"verriegelungsplatte-antriebswelle-lancia-delta-hf-integral-8v-16v-evo-neu","status":"publish","type":"product","link":"https:\/\/turijnmagazijn.nl\/de\/produkt\/verriegelungsplatte-antriebswelle-lancia-delta-hf-integral-8v-16v-evo-neu\/","title":{"rendered":"Verriegelungsplatte Antriebswelle Lancia Delta HF Integrale 8V 16V EVO -NEU-"},"content":{"rendered":"<p>Verriegelungsclip zur Befestigung der Antriebswellen f\u00fcr Lancia Delta HF Integrale f\u00fcr 8V 16V und EVO. Diese Verriegelungsplatten dienen zur gleichm\u00e4\u00dfigen Verteilung des Moments von zwei Schrauben f\u00fcr die Verbindung zwischen Antriebswelle CV-Gelenk auf der Schaufelseite. Wird auch mit der zentralen Antriebswelle oder Kardanwelle am CV-Gelenk verwendet.<\/p>\n<p>Es handelt sich um Neuteile original Lancia.<\/p>\n<p>Verkauf pro St\u00fcck.<\/p>\n<p>Teil Nummer 13 auf der technischen Zeichnung aus der EPER-Zeichnung Nummer 2430100001 bez\u00fcglich der Anwendung f\u00fcr den Lancia Delta Integrale. Von diesem Teil werden 3 St\u00fcck pro Auto ben\u00f6tigt. <\/p>\n<p>OEM Lancia 4315446<\/p>\n","protected":false},"excerpt":{"rendered":"<p>Verriegelungsplatte Antriebswelle Lancia Delta HF Integrale 8V 16V EVO &#8211; Verriegelungsclip zur Befestigung der Antriebswellen f\u00fcr Lancia Delta HF Integrale passend f\u00fcr 8V 16V und EVO. Verriegelungsplatte Antriebswelle Lancia Delta HF Integrale 8V 16V EVO NEU &#8211; Verriegelungsclip zur Befestigung d<\/p>\n","protected":false},"featured_media":45797,"comment_status":"open","ping_status":"closed","template":"","meta":{"_acf_changed":false},"product_brand":[],"product_cat":[1612,1584,1704,1642,1807,1689,1829,1797,1751,1894],"product_tag":[],"class_list":{"0":"post-60657","1":"product","2":"type-product","3":"status-publish","4":"has-post-thumbnail","6":"product_cat-155-167-de","7":"product_cat-alfa-romeo-de","8":"product_cat-barchetta-183-de","9":"product_cat-brera-939-de","10":"product_cat-delta-1-831-de","11":"product_cat-fiat-de","12":"product_cat-integrale-8v-de","13":"product_cat-lancia-de","14":"product_cat-punto-2-188-de","15":"product_cat-thema-834-de","16":"pa_soort-onderdeel-aufhangung-und-fahrwerk","17":"pa_soort-onderdeel-motor-und-zubehor","19":"first","20":"instock","21":"shipping-taxable","22":"purchasable","23":"product-type-simple"},"acf":[],"yoast_head":"<!-- This site is optimized with the Yoast SEO plugin v27.3 - https:\/\/yoast.com\/product\/yoast-seo-wordpress\/ -->\n<title>Verriegelungsplatte Antriebswelle Lancia Delta HF Integrale 8V 16V EVO -NEU- Turijnmagazijn<\/title>\n<meta name=\"robots\" content=\"index, follow, max-snippet:-1, max-image-preview:large, max-video-preview:-1\" \/>\n<link rel=\"canonical\" href=\"https:\/\/turijnmagazijn.nl\/de\/produkt\/verriegelungsplatte-antriebswelle-lancia-delta-hf-integral-8v-16v-evo-neu\/\" \/>\n<meta property=\"og:locale\" content=\"de_DE\" \/>\n<meta property=\"og:type\" content=\"article\" \/>\n<meta property=\"og:title\" content=\"Verriegelungsplatte Antriebswelle Lancia Delta HF Integrale 8V 16V EVO -NEU- Turijnmagazijn\" \/>\n<meta property=\"og:description\" content=\"Verriegelungsplatte Antriebswelle Lancia Delta HF Integrale 8V 16V EVO - Verriegelungsclip zur Befestigung der Antriebswellen f\u00fcr Lancia Delta HF Integrale passend f\u00fcr 8V 16V und EVO. Verriegelungsplatte Antriebswelle Lancia Delta HF Integrale 8V 16V EVO NEU - Verriegelungsclip zur Befestigung d\" \/>\n<meta property=\"og:url\" content=\"https:\/\/turijnmagazijn.nl\/de\/produkt\/verriegelungsplatte-antriebswelle-lancia-delta-hf-integral-8v-16v-evo-neu\/\" \/>\n<meta property=\"og:site_name\" content=\"Turijnmagazijn\" \/>\n<meta property=\"article:publisher\" content=\"https:\/\/www.facebook.com\/turijnmagazijn\" \/>\n<meta property=\"article:modified_time\" content=\"2024-11-01T16:38:27+00:00\" \/>\n<meta property=\"og:image\" content=\"https:\/\/turijnmagazijn.nl\/wp-content\/uploads\/2023\/03\/DK00102104-Borgplaat-aandrijfas-Lancia-Delta-HF-Integrale-8V-16V-EVO-NIEUW-2-1.jpg\" \/>\n\t<meta property=\"og:image:width\" content=\"1024\" \/>\n\t<meta property=\"og:image:height\" content=\"768\" \/>\n\t<meta property=\"og:image:type\" content=\"image\/jpeg\" \/>\n<meta name=\"twitter:card\" content=\"summary_large_image\" \/>\n<script type=\"application\/ld+json\" class=\"yoast-schema-graph\">{\"@context\":\"https:\\\/\\\/schema.org\",\"@graph\":[{\"@type\":\"WebPage\",\"@id\":\"https:\\\/\\\/turijnmagazijn.nl\\\/de\\\/produkt\\\/verriegelungsplatte-antriebswelle-lancia-delta-hf-integral-8v-16v-evo-neu\\\/\",\"url\":\"https:\\\/\\\/turijnmagazijn.nl\\\/de\\\/produkt\\\/verriegelungsplatte-antriebswelle-lancia-delta-hf-integral-8v-16v-evo-neu\\\/\",\"name\":\"Verriegelungsplatte Antriebswelle Lancia Delta HF Integrale 8V 16V EVO -NEU- Turijnmagazijn\",\"isPartOf\":{\"@id\":\"https:\\\/\\\/turijnmagazijn.jumpstone-dev.nl\\\/#website\"},\"primaryImageOfPage\":{\"@id\":\"https:\\\/\\\/turijnmagazijn.nl\\\/de\\\/produkt\\\/verriegelungsplatte-antriebswelle-lancia-delta-hf-integral-8v-16v-evo-neu\\\/#primaryimage\"},\"image\":{\"@id\":\"https:\\\/\\\/turijnmagazijn.nl\\\/de\\\/produkt\\\/verriegelungsplatte-antriebswelle-lancia-delta-hf-integral-8v-16v-evo-neu\\\/#primaryimage\"},\"thumbnailUrl\":\"https:\\\/\\\/turijnmagazijn.nl\\\/wp-content\\\/uploads\\\/2023\\\/03\\\/DK00102104-Borgplaat-aandrijfas-Lancia-Delta-HF-Integrale-8V-16V-EVO-NIEUW-2-1.jpg\",\"datePublished\":\"2023-03-03T08:18:25+00:00\",\"dateModified\":\"2024-11-01T16:38:27+00:00\",\"breadcrumb\":{\"@id\":\"https:\\\/\\\/turijnmagazijn.nl\\\/de\\\/produkt\\\/verriegelungsplatte-antriebswelle-lancia-delta-hf-integral-8v-16v-evo-neu\\\/#breadcrumb\"},\"inLanguage\":\"de\",\"potentialAction\":[{\"@type\":\"ReadAction\",\"target\":[\"https:\\\/\\\/turijnmagazijn.nl\\\/de\\\/produkt\\\/verriegelungsplatte-antriebswelle-lancia-delta-hf-integral-8v-16v-evo-neu\\\/\"]}]},{\"@type\":\"ImageObject\",\"inLanguage\":\"de\",\"@id\":\"https:\\\/\\\/turijnmagazijn.nl\\\/de\\\/produkt\\\/verriegelungsplatte-antriebswelle-lancia-delta-hf-integral-8v-16v-evo-neu\\\/#primaryimage\",\"url\":\"https:\\\/\\\/turijnmagazijn.nl\\\/wp-content\\\/uploads\\\/2023\\\/03\\\/DK00102104-Borgplaat-aandrijfas-Lancia-Delta-HF-Integrale-8V-16V-EVO-NIEUW-2-1.jpg\",\"contentUrl\":\"https:\\\/\\\/turijnmagazijn.nl\\\/wp-content\\\/uploads\\\/2023\\\/03\\\/DK00102104-Borgplaat-aandrijfas-Lancia-Delta-HF-Integrale-8V-16V-EVO-NIEUW-2-1.jpg\",\"width\":1024,\"height\":768},{\"@type\":\"BreadcrumbList\",\"@id\":\"https:\\\/\\\/turijnmagazijn.nl\\\/de\\\/produkt\\\/verriegelungsplatte-antriebswelle-lancia-delta-hf-integral-8v-16v-evo-neu\\\/#breadcrumb\",\"itemListElement\":[{\"@type\":\"ListItem\",\"position\":1,\"name\":\"Home\",\"item\":\"https:\\\/\\\/turijnmagazijn.nl\\\/de\\\/\"},{\"@type\":\"ListItem\",\"position\":2,\"name\":\"Produkte\",\"item\":\"https:\\\/\\\/turijnmagazijn.nl\\\/de\\\/shop\\\/\"},{\"@type\":\"ListItem\",\"position\":3,\"name\":\"Verriegelungsplatte Antriebswelle Lancia Delta HF Integrale 8V 16V EVO -NEU-\"}]},{\"@type\":\"WebSite\",\"@id\":\"https:\\\/\\\/turijnmagazijn.jumpstone-dev.nl\\\/#website\",\"url\":\"https:\\\/\\\/turijnmagazijn.jumpstone-dev.nl\\\/\",\"name\":\"Turijnmagazijn\",\"description\":\"Onderdelen nieuw en gebruikt - Fiat &amp; Lancia\",\"publisher\":{\"@id\":\"https:\\\/\\\/turijnmagazijn.jumpstone-dev.nl\\\/#organization\"},\"potentialAction\":[{\"@type\":\"SearchAction\",\"target\":{\"@type\":\"EntryPoint\",\"urlTemplate\":\"https:\\\/\\\/turijnmagazijn.jumpstone-dev.nl\\\/?s={search_term_string}\"},\"query-input\":{\"@type\":\"PropertyValueSpecification\",\"valueRequired\":true,\"valueName\":\"search_term_string\"}}],\"inLanguage\":\"de\"},{\"@type\":\"Organization\",\"@id\":\"https:\\\/\\\/turijnmagazijn.jumpstone-dev.nl\\\/#organization\",\"name\":\"Turijnmagazijn\",\"url\":\"https:\\\/\\\/turijnmagazijn.jumpstone-dev.nl\\\/\",\"logo\":{\"@type\":\"ImageObject\",\"inLanguage\":\"de\",\"@id\":\"https:\\\/\\\/turijnmagazijn.jumpstone-dev.nl\\\/#\\\/schema\\\/logo\\\/image\\\/\",\"url\":\"https:\\\/\\\/turijnmagazijn.nl\\\/wp-content\\\/uploads\\\/2021\\\/02\\\/turijnmagazijnlogo.png\",\"contentUrl\":\"https:\\\/\\\/turijnmagazijn.nl\\\/wp-content\\\/uploads\\\/2021\\\/02\\\/turijnmagazijnlogo.png\",\"width\":555,\"height\":270,\"caption\":\"Turijnmagazijn\"},\"image\":{\"@id\":\"https:\\\/\\\/turijnmagazijn.jumpstone-dev.nl\\\/#\\\/schema\\\/logo\\\/image\\\/\"},\"sameAs\":[\"https:\\\/\\\/www.facebook.com\\\/turijnmagazijn\"]}]}<\/script>\n<!-- \/ Yoast SEO plugin. -->","yoast_head_json":{"title":"Verriegelungsplatte Antriebswelle Lancia Delta HF Integrale 8V 16V EVO -NEU- Turijnmagazijn","robots":{"index":"index","follow":"follow","max-snippet":"max-snippet:-1","max-image-preview":"max-image-preview:large","max-video-preview":"max-video-preview:-1"},"canonical":"https:\/\/turijnmagazijn.nl\/de\/produkt\/verriegelungsplatte-antriebswelle-lancia-delta-hf-integral-8v-16v-evo-neu\/","og_locale":"de_DE","og_type":"article","og_title":"Verriegelungsplatte Antriebswelle Lancia Delta HF Integrale 8V 16V EVO -NEU- Turijnmagazijn","og_description":"Verriegelungsplatte Antriebswelle Lancia Delta HF Integrale 8V 16V EVO - Verriegelungsclip zur Befestigung der Antriebswellen f\u00fcr Lancia Delta HF Integrale passend f\u00fcr 8V 16V und EVO. Verriegelungsplatte Antriebswelle Lancia Delta HF Integrale 8V 16V EVO NEU - Verriegelungsclip zur Befestigung d","og_url":"https:\/\/turijnmagazijn.nl\/de\/produkt\/verriegelungsplatte-antriebswelle-lancia-delta-hf-integral-8v-16v-evo-neu\/","og_site_name":"Turijnmagazijn","article_publisher":"https:\/\/www.facebook.com\/turijnmagazijn","article_modified_time":"2024-11-01T16:38:27+00:00","og_image":[{"width":1024,"height":768,"url":"https:\/\/turijnmagazijn.nl\/wp-content\/uploads\/2023\/03\/DK00102104-Borgplaat-aandrijfas-Lancia-Delta-HF-Integrale-8V-16V-EVO-NIEUW-2-1.jpg","type":"image\/jpeg"}],"twitter_card":"summary_large_image","schema":{"@context":"https:\/\/schema.org","@graph":[{"@type":"WebPage","@id":"https:\/\/turijnmagazijn.nl\/de\/produkt\/verriegelungsplatte-antriebswelle-lancia-delta-hf-integral-8v-16v-evo-neu\/","url":"https:\/\/turijnmagazijn.nl\/de\/produkt\/verriegelungsplatte-antriebswelle-lancia-delta-hf-integral-8v-16v-evo-neu\/","name":"Verriegelungsplatte Antriebswelle Lancia Delta HF Integrale 8V 16V EVO -NEU- Turijnmagazijn","isPartOf":{"@id":"https:\/\/turijnmagazijn.jumpstone-dev.nl\/#website"},"primaryImageOfPage":{"@id":"https:\/\/turijnmagazijn.nl\/de\/produkt\/verriegelungsplatte-antriebswelle-lancia-delta-hf-integral-8v-16v-evo-neu\/#primaryimage"},"image":{"@id":"https:\/\/turijnmagazijn.nl\/de\/produkt\/verriegelungsplatte-antriebswelle-lancia-delta-hf-integral-8v-16v-evo-neu\/#primaryimage"},"thumbnailUrl":"https:\/\/turijnmagazijn.nl\/wp-content\/uploads\/2023\/03\/DK00102104-Borgplaat-aandrijfas-Lancia-Delta-HF-Integrale-8V-16V-EVO-NIEUW-2-1.jpg","datePublished":"2023-03-03T08:18:25+00:00","dateModified":"2024-11-01T16:38:27+00:00","breadcrumb":{"@id":"https:\/\/turijnmagazijn.nl\/de\/produkt\/verriegelungsplatte-antriebswelle-lancia-delta-hf-integral-8v-16v-evo-neu\/#breadcrumb"},"inLanguage":"de","potentialAction":[{"@type":"ReadAction","target":["https:\/\/turijnmagazijn.nl\/de\/produkt\/verriegelungsplatte-antriebswelle-lancia-delta-hf-integral-8v-16v-evo-neu\/"]}]},{"@type":"ImageObject","inLanguage":"de","@id":"https:\/\/turijnmagazijn.nl\/de\/produkt\/verriegelungsplatte-antriebswelle-lancia-delta-hf-integral-8v-16v-evo-neu\/#primaryimage","url":"https:\/\/turijnmagazijn.nl\/wp-content\/uploads\/2023\/03\/DK00102104-Borgplaat-aandrijfas-Lancia-Delta-HF-Integrale-8V-16V-EVO-NIEUW-2-1.jpg","contentUrl":"https:\/\/turijnmagazijn.nl\/wp-content\/uploads\/2023\/03\/DK00102104-Borgplaat-aandrijfas-Lancia-Delta-HF-Integrale-8V-16V-EVO-NIEUW-2-1.jpg","width":1024,"height":768},{"@type":"BreadcrumbList","@id":"https:\/\/turijnmagazijn.nl\/de\/produkt\/verriegelungsplatte-antriebswelle-lancia-delta-hf-integral-8v-16v-evo-neu\/#breadcrumb","itemListElement":[{"@type":"ListItem","position":1,"name":"Home","item":"https:\/\/turijnmagazijn.nl\/de\/"},{"@type":"ListItem","position":2,"name":"Produkte","item":"https:\/\/turijnmagazijn.nl\/de\/shop\/"},{"@type":"ListItem","position":3,"name":"Verriegelungsplatte Antriebswelle Lancia Delta HF Integrale 8V 16V EVO -NEU-"}]},{"@type":"WebSite","@id":"https:\/\/turijnmagazijn.jumpstone-dev.nl\/#website","url":"https:\/\/turijnmagazijn.jumpstone-dev.nl\/","name":"Turijnmagazijn","description":"Onderdelen nieuw en gebruikt - Fiat &amp; Lancia","publisher":{"@id":"https:\/\/turijnmagazijn.jumpstone-dev.nl\/#organization"},"potentialAction":[{"@type":"SearchAction","target":{"@type":"EntryPoint","urlTemplate":"https:\/\/turijnmagazijn.jumpstone-dev.nl\/?s={search_term_string}"},"query-input":{"@type":"PropertyValueSpecification","valueRequired":true,"valueName":"search_term_string"}}],"inLanguage":"de"},{"@type":"Organization","@id":"https:\/\/turijnmagazijn.jumpstone-dev.nl\/#organization","name":"Turijnmagazijn","url":"https:\/\/turijnmagazijn.jumpstone-dev.nl\/","logo":{"@type":"ImageObject","inLanguage":"de","@id":"https:\/\/turijnmagazijn.jumpstone-dev.nl\/#\/schema\/logo\/image\/","url":"https:\/\/turijnmagazijn.nl\/wp-content\/uploads\/2021\/02\/turijnmagazijnlogo.png","contentUrl":"https:\/\/turijnmagazijn.nl\/wp-content\/uploads\/2021\/02\/turijnmagazijnlogo.png","width":555,"height":270,"caption":"Turijnmagazijn"},"image":{"@id":"https:\/\/turijnmagazijn.jumpstone-dev.nl\/#\/schema\/logo\/image\/"},"sameAs":["https:\/\/www.facebook.com\/turijnmagazijn"]}]}},"_links":{"self":[{"href":"https:\/\/turijnmagazijn.nl\/de\/wp-json\/wp\/v2\/product\/60657","targetHints":{"allow":["GET"]}}],"collection":[{"href":"https:\/\/turijnmagazijn.nl\/de\/wp-json\/wp\/v2\/product"}],"about":[{"href":"https:\/\/turijnmagazijn.nl\/de\/wp-json\/wp\/v2\/types\/product"}],"replies":[{"embeddable":true,"href":"https:\/\/turijnmagazijn.nl\/de\/wp-json\/wp\/v2\/comments?post=60657"}],"wp:featuredmedia":[{"embeddable":true,"href":"https:\/\/turijnmagazijn.nl\/de\/wp-json\/wp\/v2\/media\/45797"}],"wp:attachment":[{"href":"https:\/\/turijnmagazijn.nl\/de\/wp-json\/wp\/v2\/media?parent=60657"}],"wp:term":[{"taxonomy":"product_brand","embeddable":true,"href":"https:\/\/turijnmagazijn.nl\/de\/wp-json\/wp\/v2\/product_brand?post=60657"},{"taxonomy":"product_cat","embeddable":true,"href":"https:\/\/turijnmagazijn.nl\/de\/wp-json\/wp\/v2\/product_cat?post=60657"},{"taxonomy":"product_tag","embeddable":true,"href":"https:\/\/turijnmagazijn.nl\/de\/wp-json\/wp\/v2\/product_tag?post=60657"}],"curies":[{"name":"wp","href":"https:\/\/api.w.org\/{rel}","templated":true}]}}