{"id":60704,"date":"2023-03-03T09:18:46","date_gmt":"2023-03-03T08:18:46","guid":{"rendered":"https:\/\/turijnmagazijn.nl\/product\/scheinwerfer-links-alfa-romeo-166-original\/"},"modified":"2023-07-26T14:17:47","modified_gmt":"2023-07-26T12:17:47","slug":"scheinwerfer-links-alpha-romeo-166-original","status":"publish","type":"product","link":"https:\/\/turijnmagazijn.nl\/de\/produkt\/scheinwerfer-links-alpha-romeo-166-original\/","title":{"rendered":"Scheinwerfer LINKS Alfa Romeo 166 Original"},"content":{"rendered":"<p style=\"margin-bottom: 10px;\">Gebrauchter linker Scheinwerfer f\u00fcr einen Alfa Romeo 166 des ersten Typs vor dem Facelift. Passend f\u00fcr die Modelle von 1998 bis 2002. Der Scheinwerfer ist in einem vern\u00fcnftigen Zustand.<br \/>\nEs handelt sich um eine originale Alfa Romeo Lampe, diese ist am Logo im Glas zu erkennen, siehe Fotos. Die Linse ist klar und der Scheinwerfer ist voll funktionsf\u00e4hig (Abblendlicht und Fernlicht) und mit Arbeitsscheinwerfern ausgestattet. Scheinwerferglas hat Schotter, ist aber sicherlich wiederverwendbar.<\/p>\n<p style=\"margin-bottom: 10px;\">Die Chromleiste unter der Leuchte ist leicht verwittert.<\/p>\n<p style=\"margin-bottom: 10px;\"><span style=\"font-weight: bold;\">Die Lampenfassungen fehlen an diesem Ger\u00e4t!<\/span><\/p>\n<p style=\"margin-bottom: 10px;\">Diese fehlenden Teile k\u00f6nnen leicht aus dem alten Ger\u00e4t \u00fcbernommen werden.<\/p>\n<p style=\"margin-bottom: 10px;\">Das Ger\u00e4t ist komplett mit Einstellmotor.<\/p>\n<p style=\"margin-bottom: 10px;\">OEM Alfa Romeo <span style=\"text-align: -webkit-right;\">60601235<\/span><\/p>\n","protected":false},"excerpt":{"rendered":"<p>Scheinwerfer LINKS Alfa Romeo 166 Original &#8211; Linker Scheinwerfer f\u00fcr einen Alfa Romeo 166 des ersten Typs vor dem Facelift. Scheinwerfer LINKS Alfa Romeo 166 Original &#8211; Gebrauchter linker Scheinwerfer f\u00fcr einen Alfa Romeo 166 des ersten Typs<\/p>\n","protected":false},"featured_media":46201,"comment_status":"closed","ping_status":"closed","template":"","meta":{"_acf_changed":false},"product_brand":[],"product_cat":[1651,1584],"product_tag":[],"class_list":{"0":"post-60704","1":"product","2":"type-product","3":"status-publish","4":"has-post-thumbnail","6":"product_cat-166-936-de","7":"product_cat-alfa-romeo-de","8":"pa_soort-onderdeel-beleuchtung","10":"first","11":"instock","12":"shipping-taxable","13":"purchasable","14":"product-type-simple"},"acf":[],"yoast_head":"<!-- This site is optimized with the Yoast SEO plugin v27.2 - https:\/\/yoast.com\/product\/yoast-seo-wordpress\/ -->\n<title>Scheinwerfer LINKS Alfa Romeo 166 Original - Turijnmagazijn<\/title>\n<meta name=\"robots\" content=\"index, follow, max-snippet:-1, max-image-preview:large, max-video-preview:-1\" \/>\n<link rel=\"canonical\" href=\"https:\/\/turijnmagazijn.nl\/de\/produkt\/scheinwerfer-links-alpha-romeo-166-original\/\" \/>\n<meta property=\"og:locale\" content=\"de_DE\" \/>\n<meta property=\"og:type\" content=\"article\" \/>\n<meta property=\"og:title\" content=\"Scheinwerfer LINKS Alfa Romeo 166 Original - Turijnmagazijn\" \/>\n<meta property=\"og:description\" content=\"Scheinwerfer LINKS Alfa Romeo 166 Original - Linker Scheinwerfer f\u00fcr einen Alfa Romeo 166 des ersten Typs vor dem Facelift. Scheinwerfer LINKS Alfa Romeo 166 Original - Gebrauchter linker Scheinwerfer f\u00fcr einen Alfa Romeo 166 des ersten Typs\" \/>\n<meta property=\"og:url\" content=\"https:\/\/turijnmagazijn.nl\/de\/produkt\/scheinwerfer-links-alpha-romeo-166-original\/\" \/>\n<meta property=\"og:site_name\" content=\"Turijnmagazijn\" \/>\n<meta property=\"article:publisher\" content=\"https:\/\/www.facebook.com\/turijnmagazijn\" \/>\n<meta property=\"article:modified_time\" content=\"2023-07-26T12:17:47+00:00\" \/>\n<meta property=\"og:image\" content=\"https:\/\/turijnmagazijn.jumpstone-dev.nl\/wp-content\/uploads\/2023\/03\/DK00102133-Koplamp-LINKS-Alfa-Romeo-166-Origineel-2-1.jpg\" \/>\n\t<meta property=\"og:image:width\" content=\"1024\" \/>\n\t<meta property=\"og:image:height\" content=\"768\" \/>\n\t<meta property=\"og:image:type\" content=\"image\/jpeg\" \/>\n<meta name=\"twitter:card\" content=\"summary_large_image\" \/>\n<meta name=\"twitter:label1\" content=\"Gesch\u00e4tzte Lesezeit\" \/>\n\t<meta name=\"twitter:data1\" content=\"1\u00a0Minute\" \/>\n<script type=\"application\/ld+json\" class=\"yoast-schema-graph\">{\"@context\":\"https:\/\/schema.org\",\"@graph\":[{\"@type\":\"WebPage\",\"@id\":\"https:\/\/turijnmagazijn.nl\/de\/produkt\/scheinwerfer-links-alpha-romeo-166-original\/\",\"url\":\"https:\/\/turijnmagazijn.nl\/de\/produkt\/scheinwerfer-links-alpha-romeo-166-original\/\",\"name\":\"Scheinwerfer LINKS Alfa Romeo 166 Original - Turijnmagazijn\",\"isPartOf\":{\"@id\":\"https:\/\/turijnmagazijn.jumpstone-dev.nl\/#website\"},\"primaryImageOfPage\":{\"@id\":\"https:\/\/turijnmagazijn.nl\/de\/produkt\/scheinwerfer-links-alpha-romeo-166-original\/#primaryimage\"},\"image\":{\"@id\":\"https:\/\/turijnmagazijn.nl\/de\/produkt\/scheinwerfer-links-alpha-romeo-166-original\/#primaryimage\"},\"thumbnailUrl\":\"https:\/\/turijnmagazijn.nl\/wp-content\/uploads\/2023\/03\/DK00102133-Koplamp-LINKS-Alfa-Romeo-166-Origineel-2-1.jpg\",\"datePublished\":\"2023-03-03T08:18:46+00:00\",\"dateModified\":\"2023-07-26T12:17:47+00:00\",\"breadcrumb\":{\"@id\":\"https:\/\/turijnmagazijn.nl\/de\/produkt\/scheinwerfer-links-alpha-romeo-166-original\/#breadcrumb\"},\"inLanguage\":\"de\",\"potentialAction\":[{\"@type\":\"ReadAction\",\"target\":[\"https:\/\/turijnmagazijn.nl\/de\/produkt\/scheinwerfer-links-alpha-romeo-166-original\/\"]}]},{\"@type\":\"ImageObject\",\"inLanguage\":\"de\",\"@id\":\"https:\/\/turijnmagazijn.nl\/de\/produkt\/scheinwerfer-links-alpha-romeo-166-original\/#primaryimage\",\"url\":\"https:\/\/turijnmagazijn.nl\/wp-content\/uploads\/2023\/03\/DK00102133-Koplamp-LINKS-Alfa-Romeo-166-Origineel-2-1.jpg\",\"contentUrl\":\"https:\/\/turijnmagazijn.nl\/wp-content\/uploads\/2023\/03\/DK00102133-Koplamp-LINKS-Alfa-Romeo-166-Origineel-2-1.jpg\",\"width\":1024,\"height\":768},{\"@type\":\"BreadcrumbList\",\"@id\":\"https:\/\/turijnmagazijn.nl\/de\/produkt\/scheinwerfer-links-alpha-romeo-166-original\/#breadcrumb\",\"itemListElement\":[{\"@type\":\"ListItem\",\"position\":1,\"name\":\"Home\",\"item\":\"https:\/\/turijnmagazijn.jumpstone-dev.nl\/\"},{\"@type\":\"ListItem\",\"position\":2,\"name\":\"Produkte\",\"item\":\"https:\/\/turijnmagazijn.nl\/de\/shop\/\"},{\"@type\":\"ListItem\",\"position\":3,\"name\":\"Scheinwerfer LINKS Alfa Romeo 166 Original\"}]},{\"@type\":\"WebSite\",\"@id\":\"https:\/\/turijnmagazijn.jumpstone-dev.nl\/#website\",\"url\":\"https:\/\/turijnmagazijn.jumpstone-dev.nl\/\",\"name\":\"Turijnmagazijn\",\"description\":\"Onderdelen nieuw en gebruikt - Fiat &amp; Lancia\",\"publisher\":{\"@id\":\"https:\/\/turijnmagazijn.jumpstone-dev.nl\/#organization\"},\"potentialAction\":[{\"@type\":\"SearchAction\",\"target\":{\"@type\":\"EntryPoint\",\"urlTemplate\":\"https:\/\/turijnmagazijn.jumpstone-dev.nl\/?s={search_term_string}\"},\"query-input\":{\"@type\":\"PropertyValueSpecification\",\"valueRequired\":true,\"valueName\":\"search_term_string\"}}],\"inLanguage\":\"de\"},{\"@type\":\"Organization\",\"@id\":\"https:\/\/turijnmagazijn.jumpstone-dev.nl\/#organization\",\"name\":\"Turijnmagazijn\",\"url\":\"https:\/\/turijnmagazijn.jumpstone-dev.nl\/\",\"logo\":{\"@type\":\"ImageObject\",\"inLanguage\":\"de\",\"@id\":\"https:\/\/turijnmagazijn.jumpstone-dev.nl\/#\/schema\/logo\/image\/\",\"url\":\"https:\/\/turijnmagazijn.nl\/wp-content\/uploads\/2021\/02\/turijnmagazijnlogo.png\",\"contentUrl\":\"https:\/\/turijnmagazijn.nl\/wp-content\/uploads\/2021\/02\/turijnmagazijnlogo.png\",\"width\":555,\"height\":270,\"caption\":\"Turijnmagazijn\"},\"image\":{\"@id\":\"https:\/\/turijnmagazijn.jumpstone-dev.nl\/#\/schema\/logo\/image\/\"},\"sameAs\":[\"https:\/\/www.facebook.com\/turijnmagazijn\"]}]}<\/script>\n<!-- \/ Yoast SEO plugin. -->","yoast_head_json":{"title":"Scheinwerfer LINKS Alfa Romeo 166 Original - Turijnmagazijn","robots":{"index":"index","follow":"follow","max-snippet":"max-snippet:-1","max-image-preview":"max-image-preview:large","max-video-preview":"max-video-preview:-1"},"canonical":"https:\/\/turijnmagazijn.nl\/de\/produkt\/scheinwerfer-links-alpha-romeo-166-original\/","og_locale":"de_DE","og_type":"article","og_title":"Scheinwerfer LINKS Alfa Romeo 166 Original - Turijnmagazijn","og_description":"Scheinwerfer LINKS Alfa Romeo 166 Original - Linker Scheinwerfer f\u00fcr einen Alfa Romeo 166 des ersten Typs vor dem Facelift. Scheinwerfer LINKS Alfa Romeo 166 Original - Gebrauchter linker Scheinwerfer f\u00fcr einen Alfa Romeo 166 des ersten Typs","og_url":"https:\/\/turijnmagazijn.nl\/de\/produkt\/scheinwerfer-links-alpha-romeo-166-original\/","og_site_name":"Turijnmagazijn","article_publisher":"https:\/\/www.facebook.com\/turijnmagazijn","article_modified_time":"2023-07-26T12:17:47+00:00","og_image":[{"width":1024,"height":768,"url":"https:\/\/turijnmagazijn.jumpstone-dev.nl\/wp-content\/uploads\/2023\/03\/DK00102133-Koplamp-LINKS-Alfa-Romeo-166-Origineel-2-1.jpg","type":"image\/jpeg"}],"twitter_card":"summary_large_image","twitter_misc":{"Gesch\u00e4tzte Lesezeit":"1\u00a0Minute"},"schema":{"@context":"https:\/\/schema.org","@graph":[{"@type":"WebPage","@id":"https:\/\/turijnmagazijn.nl\/de\/produkt\/scheinwerfer-links-alpha-romeo-166-original\/","url":"https:\/\/turijnmagazijn.nl\/de\/produkt\/scheinwerfer-links-alpha-romeo-166-original\/","name":"Scheinwerfer LINKS Alfa Romeo 166 Original - Turijnmagazijn","isPartOf":{"@id":"https:\/\/turijnmagazijn.jumpstone-dev.nl\/#website"},"primaryImageOfPage":{"@id":"https:\/\/turijnmagazijn.nl\/de\/produkt\/scheinwerfer-links-alpha-romeo-166-original\/#primaryimage"},"image":{"@id":"https:\/\/turijnmagazijn.nl\/de\/produkt\/scheinwerfer-links-alpha-romeo-166-original\/#primaryimage"},"thumbnailUrl":"https:\/\/turijnmagazijn.nl\/wp-content\/uploads\/2023\/03\/DK00102133-Koplamp-LINKS-Alfa-Romeo-166-Origineel-2-1.jpg","datePublished":"2023-03-03T08:18:46+00:00","dateModified":"2023-07-26T12:17:47+00:00","breadcrumb":{"@id":"https:\/\/turijnmagazijn.nl\/de\/produkt\/scheinwerfer-links-alpha-romeo-166-original\/#breadcrumb"},"inLanguage":"de","potentialAction":[{"@type":"ReadAction","target":["https:\/\/turijnmagazijn.nl\/de\/produkt\/scheinwerfer-links-alpha-romeo-166-original\/"]}]},{"@type":"ImageObject","inLanguage":"de","@id":"https:\/\/turijnmagazijn.nl\/de\/produkt\/scheinwerfer-links-alpha-romeo-166-original\/#primaryimage","url":"https:\/\/turijnmagazijn.nl\/wp-content\/uploads\/2023\/03\/DK00102133-Koplamp-LINKS-Alfa-Romeo-166-Origineel-2-1.jpg","contentUrl":"https:\/\/turijnmagazijn.nl\/wp-content\/uploads\/2023\/03\/DK00102133-Koplamp-LINKS-Alfa-Romeo-166-Origineel-2-1.jpg","width":1024,"height":768},{"@type":"BreadcrumbList","@id":"https:\/\/turijnmagazijn.nl\/de\/produkt\/scheinwerfer-links-alpha-romeo-166-original\/#breadcrumb","itemListElement":[{"@type":"ListItem","position":1,"name":"Home","item":"https:\/\/turijnmagazijn.jumpstone-dev.nl\/"},{"@type":"ListItem","position":2,"name":"Produkte","item":"https:\/\/turijnmagazijn.nl\/de\/shop\/"},{"@type":"ListItem","position":3,"name":"Scheinwerfer LINKS Alfa Romeo 166 Original"}]},{"@type":"WebSite","@id":"https:\/\/turijnmagazijn.jumpstone-dev.nl\/#website","url":"https:\/\/turijnmagazijn.jumpstone-dev.nl\/","name":"Turijnmagazijn","description":"Onderdelen nieuw en gebruikt - Fiat &amp; Lancia","publisher":{"@id":"https:\/\/turijnmagazijn.jumpstone-dev.nl\/#organization"},"potentialAction":[{"@type":"SearchAction","target":{"@type":"EntryPoint","urlTemplate":"https:\/\/turijnmagazijn.jumpstone-dev.nl\/?s={search_term_string}"},"query-input":{"@type":"PropertyValueSpecification","valueRequired":true,"valueName":"search_term_string"}}],"inLanguage":"de"},{"@type":"Organization","@id":"https:\/\/turijnmagazijn.jumpstone-dev.nl\/#organization","name":"Turijnmagazijn","url":"https:\/\/turijnmagazijn.jumpstone-dev.nl\/","logo":{"@type":"ImageObject","inLanguage":"de","@id":"https:\/\/turijnmagazijn.jumpstone-dev.nl\/#\/schema\/logo\/image\/","url":"https:\/\/turijnmagazijn.nl\/wp-content\/uploads\/2021\/02\/turijnmagazijnlogo.png","contentUrl":"https:\/\/turijnmagazijn.nl\/wp-content\/uploads\/2021\/02\/turijnmagazijnlogo.png","width":555,"height":270,"caption":"Turijnmagazijn"},"image":{"@id":"https:\/\/turijnmagazijn.jumpstone-dev.nl\/#\/schema\/logo\/image\/"},"sameAs":["https:\/\/www.facebook.com\/turijnmagazijn"]}]}},"_links":{"self":[{"href":"https:\/\/turijnmagazijn.nl\/de\/wp-json\/wp\/v2\/product\/60704","targetHints":{"allow":["GET"]}}],"collection":[{"href":"https:\/\/turijnmagazijn.nl\/de\/wp-json\/wp\/v2\/product"}],"about":[{"href":"https:\/\/turijnmagazijn.nl\/de\/wp-json\/wp\/v2\/types\/product"}],"replies":[{"embeddable":true,"href":"https:\/\/turijnmagazijn.nl\/de\/wp-json\/wp\/v2\/comments?post=60704"}],"wp:featuredmedia":[{"embeddable":true,"href":"https:\/\/turijnmagazijn.nl\/de\/wp-json\/wp\/v2\/media\/46201"}],"wp:attachment":[{"href":"https:\/\/turijnmagazijn.nl\/de\/wp-json\/wp\/v2\/media?parent=60704"}],"wp:term":[{"taxonomy":"product_brand","embeddable":true,"href":"https:\/\/turijnmagazijn.nl\/de\/wp-json\/wp\/v2\/product_brand?post=60704"},{"taxonomy":"product_cat","embeddable":true,"href":"https:\/\/turijnmagazijn.nl\/de\/wp-json\/wp\/v2\/product_cat?post=60704"},{"taxonomy":"product_tag","embeddable":true,"href":"https:\/\/turijnmagazijn.nl\/de\/wp-json\/wp\/v2\/product_tag?post=60704"}],"curies":[{"name":"wp","href":"https:\/\/api.w.org\/{rel}","templated":true}]}}