{"id":60710,"date":"2023-03-03T09:18:46","date_gmt":"2023-03-03T08:18:46","guid":{"rendered":"https:\/\/turijnmagazijn.nl\/product\/spiegelglas-beheizt-fiat-ducato\/"},"modified":"2023-07-26T13:34:04","modified_gmt":"2023-07-26T11:34:04","slug":"spiegelglas-beheizt-fiat-ducato","status":"publish","type":"product","link":"https:\/\/turijnmagazijn.nl\/de\/produkt\/spiegelglas-beheizt-fiat-ducato\/","title":{"rendered":"Spiegelglas beheizt Fiat Ducato"},"content":{"rendered":"<p><a href=\"https:\/\/turijnmagazijn.nl\/de\/postfachversand\/\" target=\"\" style=\"background-color: rgb(255, 255, 255); color: rgb(35, 82, 124); outline: 0px;\" rel=\"noopener\"><img decoding=\"async\" src=\"https:\/\/www.delenkorf.nl\/image\/catalog\/brievenbus.png\"><\/a><\/p>\n<p>Gebrauchtes und besch\u00e4digtes Spiegelglas f\u00fcr Fiat Ducato. Das Spiegelglas ist zerkratzt und enth\u00e4lt Kleberreste (evtl. noch zu polieren). Der Spiegel hat sich von der Halterung gel\u00f6st und die Halterung wurde besch\u00e4digt. Der Spiegel ist in Bezug auf das Sehen sehr wertvoll.&nbsp;&nbsp;<\/p>\n<p>Es handelt sich um ein Spiegelglasimitat!<\/p>\n<p>OEM Fiat 71748247<\/p>\n","protected":false},"excerpt":{"rendered":"<p>Spiegelglas beheizt Fiat Ducato &#8211; Gebrauchtes und besch\u00e4digtes Spiegelglas f\u00fcr Fiat Ducato.<\/p>\n","protected":false},"featured_media":46021,"comment_status":"open","ping_status":"closed","template":"","meta":{"_acf_changed":false},"product_brand":[],"product_cat":[1689],"product_tag":[],"class_list":{"0":"post-60710","1":"product","2":"type-product","3":"status-publish","4":"has-post-thumbnail","6":"product_cat-fiat-de","7":"pa_soort-onderdeel-karosserie-und-blech","8":"pa_soort-onderdeel-spiegel","10":"first","11":"instock","12":"shipping-taxable","13":"purchasable","14":"product-type-simple"},"acf":[],"yoast_head":"<!-- This site is optimized with the Yoast SEO plugin v27.2 - https:\/\/yoast.com\/product\/yoast-seo-wordpress\/ -->\n<title>Spiegelglas beheizt Fiat Ducato - Turijnmagazijn<\/title>\n<meta name=\"robots\" content=\"index, follow, max-snippet:-1, max-image-preview:large, max-video-preview:-1\" \/>\n<link rel=\"canonical\" href=\"https:\/\/turijnmagazijn.nl\/de\/produkt\/spiegelglas-beheizt-fiat-ducato\/\" \/>\n<meta property=\"og:locale\" content=\"de_DE\" \/>\n<meta property=\"og:type\" content=\"article\" \/>\n<meta property=\"og:title\" content=\"Spiegelglas beheizt Fiat Ducato - Turijnmagazijn\" \/>\n<meta property=\"og:description\" content=\"Spiegelglas beheizt Fiat Ducato - Gebrauchtes und besch\u00e4digtes Spiegelglas f\u00fcr Fiat Ducato.\" \/>\n<meta property=\"og:url\" content=\"https:\/\/turijnmagazijn.nl\/de\/produkt\/spiegelglas-beheizt-fiat-ducato\/\" \/>\n<meta property=\"og:site_name\" content=\"Turijnmagazijn\" \/>\n<meta property=\"article:publisher\" content=\"https:\/\/www.facebook.com\/turijnmagazijn\" \/>\n<meta property=\"article:modified_time\" content=\"2023-07-26T11:34:04+00:00\" \/>\n<meta property=\"og:image\" content=\"https:\/\/turijnmagazijn.jumpstone-dev.nl\/wp-content\/uploads\/2023\/03\/DK00102120-Spiegelglas-verwarmd-Fiat-Ducato-3-1.jpg\" \/>\n\t<meta property=\"og:image:width\" content=\"1024\" \/>\n\t<meta property=\"og:image:height\" content=\"768\" \/>\n\t<meta property=\"og:image:type\" content=\"image\/jpeg\" \/>\n<meta name=\"twitter:card\" content=\"summary_large_image\" \/>\n<script type=\"application\/ld+json\" class=\"yoast-schema-graph\">{\"@context\":\"https:\/\/schema.org\",\"@graph\":[{\"@type\":\"WebPage\",\"@id\":\"https:\/\/turijnmagazijn.nl\/de\/produkt\/spiegelglas-beheizt-fiat-ducato\/\",\"url\":\"https:\/\/turijnmagazijn.nl\/de\/produkt\/spiegelglas-beheizt-fiat-ducato\/\",\"name\":\"Spiegelglas beheizt Fiat Ducato - Turijnmagazijn\",\"isPartOf\":{\"@id\":\"https:\/\/turijnmagazijn.jumpstone-dev.nl\/#website\"},\"primaryImageOfPage\":{\"@id\":\"https:\/\/turijnmagazijn.nl\/de\/produkt\/spiegelglas-beheizt-fiat-ducato\/#primaryimage\"},\"image\":{\"@id\":\"https:\/\/turijnmagazijn.nl\/de\/produkt\/spiegelglas-beheizt-fiat-ducato\/#primaryimage\"},\"thumbnailUrl\":\"https:\/\/turijnmagazijn.nl\/wp-content\/uploads\/2023\/03\/DK00102120-Spiegelglas-verwarmd-Fiat-Ducato-3-1.jpg\",\"datePublished\":\"2023-03-03T08:18:46+00:00\",\"dateModified\":\"2023-07-26T11:34:04+00:00\",\"breadcrumb\":{\"@id\":\"https:\/\/turijnmagazijn.nl\/de\/produkt\/spiegelglas-beheizt-fiat-ducato\/#breadcrumb\"},\"inLanguage\":\"de\",\"potentialAction\":[{\"@type\":\"ReadAction\",\"target\":[\"https:\/\/turijnmagazijn.nl\/de\/produkt\/spiegelglas-beheizt-fiat-ducato\/\"]}]},{\"@type\":\"ImageObject\",\"inLanguage\":\"de\",\"@id\":\"https:\/\/turijnmagazijn.nl\/de\/produkt\/spiegelglas-beheizt-fiat-ducato\/#primaryimage\",\"url\":\"https:\/\/turijnmagazijn.nl\/wp-content\/uploads\/2023\/03\/DK00102120-Spiegelglas-verwarmd-Fiat-Ducato-3-1.jpg\",\"contentUrl\":\"https:\/\/turijnmagazijn.nl\/wp-content\/uploads\/2023\/03\/DK00102120-Spiegelglas-verwarmd-Fiat-Ducato-3-1.jpg\",\"width\":1024,\"height\":768},{\"@type\":\"BreadcrumbList\",\"@id\":\"https:\/\/turijnmagazijn.nl\/de\/produkt\/spiegelglas-beheizt-fiat-ducato\/#breadcrumb\",\"itemListElement\":[{\"@type\":\"ListItem\",\"position\":1,\"name\":\"Home\",\"item\":\"https:\/\/turijnmagazijn.nl\/de\/\"},{\"@type\":\"ListItem\",\"position\":2,\"name\":\"Produkte\",\"item\":\"https:\/\/turijnmagazijn.nl\/de\/shop\/\"},{\"@type\":\"ListItem\",\"position\":3,\"name\":\"Spiegelglas beheizt Fiat Ducato\"}]},{\"@type\":\"WebSite\",\"@id\":\"https:\/\/turijnmagazijn.jumpstone-dev.nl\/#website\",\"url\":\"https:\/\/turijnmagazijn.jumpstone-dev.nl\/\",\"name\":\"Turijnmagazijn\",\"description\":\"Onderdelen nieuw en gebruikt - Fiat &amp; Lancia\",\"publisher\":{\"@id\":\"https:\/\/turijnmagazijn.jumpstone-dev.nl\/#organization\"},\"potentialAction\":[{\"@type\":\"SearchAction\",\"target\":{\"@type\":\"EntryPoint\",\"urlTemplate\":\"https:\/\/turijnmagazijn.jumpstone-dev.nl\/?s={search_term_string}\"},\"query-input\":{\"@type\":\"PropertyValueSpecification\",\"valueRequired\":true,\"valueName\":\"search_term_string\"}}],\"inLanguage\":\"de\"},{\"@type\":\"Organization\",\"@id\":\"https:\/\/turijnmagazijn.jumpstone-dev.nl\/#organization\",\"name\":\"Turijnmagazijn\",\"url\":\"https:\/\/turijnmagazijn.jumpstone-dev.nl\/\",\"logo\":{\"@type\":\"ImageObject\",\"inLanguage\":\"de\",\"@id\":\"https:\/\/turijnmagazijn.jumpstone-dev.nl\/#\/schema\/logo\/image\/\",\"url\":\"https:\/\/turijnmagazijn.nl\/wp-content\/uploads\/2021\/02\/turijnmagazijnlogo.png\",\"contentUrl\":\"https:\/\/turijnmagazijn.nl\/wp-content\/uploads\/2021\/02\/turijnmagazijnlogo.png\",\"width\":555,\"height\":270,\"caption\":\"Turijnmagazijn\"},\"image\":{\"@id\":\"https:\/\/turijnmagazijn.jumpstone-dev.nl\/#\/schema\/logo\/image\/\"},\"sameAs\":[\"https:\/\/www.facebook.com\/turijnmagazijn\"]}]}<\/script>\n<!-- \/ Yoast SEO plugin. -->","yoast_head_json":{"title":"Spiegelglas beheizt Fiat Ducato - Turijnmagazijn","robots":{"index":"index","follow":"follow","max-snippet":"max-snippet:-1","max-image-preview":"max-image-preview:large","max-video-preview":"max-video-preview:-1"},"canonical":"https:\/\/turijnmagazijn.nl\/de\/produkt\/spiegelglas-beheizt-fiat-ducato\/","og_locale":"de_DE","og_type":"article","og_title":"Spiegelglas beheizt Fiat Ducato - Turijnmagazijn","og_description":"Spiegelglas beheizt Fiat Ducato - Gebrauchtes und besch\u00e4digtes Spiegelglas f\u00fcr Fiat Ducato.","og_url":"https:\/\/turijnmagazijn.nl\/de\/produkt\/spiegelglas-beheizt-fiat-ducato\/","og_site_name":"Turijnmagazijn","article_publisher":"https:\/\/www.facebook.com\/turijnmagazijn","article_modified_time":"2023-07-26T11:34:04+00:00","og_image":[{"width":1024,"height":768,"url":"https:\/\/turijnmagazijn.jumpstone-dev.nl\/wp-content\/uploads\/2023\/03\/DK00102120-Spiegelglas-verwarmd-Fiat-Ducato-3-1.jpg","type":"image\/jpeg"}],"twitter_card":"summary_large_image","schema":{"@context":"https:\/\/schema.org","@graph":[{"@type":"WebPage","@id":"https:\/\/turijnmagazijn.nl\/de\/produkt\/spiegelglas-beheizt-fiat-ducato\/","url":"https:\/\/turijnmagazijn.nl\/de\/produkt\/spiegelglas-beheizt-fiat-ducato\/","name":"Spiegelglas beheizt Fiat Ducato - Turijnmagazijn","isPartOf":{"@id":"https:\/\/turijnmagazijn.jumpstone-dev.nl\/#website"},"primaryImageOfPage":{"@id":"https:\/\/turijnmagazijn.nl\/de\/produkt\/spiegelglas-beheizt-fiat-ducato\/#primaryimage"},"image":{"@id":"https:\/\/turijnmagazijn.nl\/de\/produkt\/spiegelglas-beheizt-fiat-ducato\/#primaryimage"},"thumbnailUrl":"https:\/\/turijnmagazijn.nl\/wp-content\/uploads\/2023\/03\/DK00102120-Spiegelglas-verwarmd-Fiat-Ducato-3-1.jpg","datePublished":"2023-03-03T08:18:46+00:00","dateModified":"2023-07-26T11:34:04+00:00","breadcrumb":{"@id":"https:\/\/turijnmagazijn.nl\/de\/produkt\/spiegelglas-beheizt-fiat-ducato\/#breadcrumb"},"inLanguage":"de","potentialAction":[{"@type":"ReadAction","target":["https:\/\/turijnmagazijn.nl\/de\/produkt\/spiegelglas-beheizt-fiat-ducato\/"]}]},{"@type":"ImageObject","inLanguage":"de","@id":"https:\/\/turijnmagazijn.nl\/de\/produkt\/spiegelglas-beheizt-fiat-ducato\/#primaryimage","url":"https:\/\/turijnmagazijn.nl\/wp-content\/uploads\/2023\/03\/DK00102120-Spiegelglas-verwarmd-Fiat-Ducato-3-1.jpg","contentUrl":"https:\/\/turijnmagazijn.nl\/wp-content\/uploads\/2023\/03\/DK00102120-Spiegelglas-verwarmd-Fiat-Ducato-3-1.jpg","width":1024,"height":768},{"@type":"BreadcrumbList","@id":"https:\/\/turijnmagazijn.nl\/de\/produkt\/spiegelglas-beheizt-fiat-ducato\/#breadcrumb","itemListElement":[{"@type":"ListItem","position":1,"name":"Home","item":"https:\/\/turijnmagazijn.nl\/de\/"},{"@type":"ListItem","position":2,"name":"Produkte","item":"https:\/\/turijnmagazijn.nl\/de\/shop\/"},{"@type":"ListItem","position":3,"name":"Spiegelglas beheizt Fiat Ducato"}]},{"@type":"WebSite","@id":"https:\/\/turijnmagazijn.jumpstone-dev.nl\/#website","url":"https:\/\/turijnmagazijn.jumpstone-dev.nl\/","name":"Turijnmagazijn","description":"Onderdelen nieuw en gebruikt - Fiat &amp; Lancia","publisher":{"@id":"https:\/\/turijnmagazijn.jumpstone-dev.nl\/#organization"},"potentialAction":[{"@type":"SearchAction","target":{"@type":"EntryPoint","urlTemplate":"https:\/\/turijnmagazijn.jumpstone-dev.nl\/?s={search_term_string}"},"query-input":{"@type":"PropertyValueSpecification","valueRequired":true,"valueName":"search_term_string"}}],"inLanguage":"de"},{"@type":"Organization","@id":"https:\/\/turijnmagazijn.jumpstone-dev.nl\/#organization","name":"Turijnmagazijn","url":"https:\/\/turijnmagazijn.jumpstone-dev.nl\/","logo":{"@type":"ImageObject","inLanguage":"de","@id":"https:\/\/turijnmagazijn.jumpstone-dev.nl\/#\/schema\/logo\/image\/","url":"https:\/\/turijnmagazijn.nl\/wp-content\/uploads\/2021\/02\/turijnmagazijnlogo.png","contentUrl":"https:\/\/turijnmagazijn.nl\/wp-content\/uploads\/2021\/02\/turijnmagazijnlogo.png","width":555,"height":270,"caption":"Turijnmagazijn"},"image":{"@id":"https:\/\/turijnmagazijn.jumpstone-dev.nl\/#\/schema\/logo\/image\/"},"sameAs":["https:\/\/www.facebook.com\/turijnmagazijn"]}]}},"_links":{"self":[{"href":"https:\/\/turijnmagazijn.nl\/de\/wp-json\/wp\/v2\/product\/60710","targetHints":{"allow":["GET"]}}],"collection":[{"href":"https:\/\/turijnmagazijn.nl\/de\/wp-json\/wp\/v2\/product"}],"about":[{"href":"https:\/\/turijnmagazijn.nl\/de\/wp-json\/wp\/v2\/types\/product"}],"replies":[{"embeddable":true,"href":"https:\/\/turijnmagazijn.nl\/de\/wp-json\/wp\/v2\/comments?post=60710"}],"wp:featuredmedia":[{"embeddable":true,"href":"https:\/\/turijnmagazijn.nl\/de\/wp-json\/wp\/v2\/media\/46021"}],"wp:attachment":[{"href":"https:\/\/turijnmagazijn.nl\/de\/wp-json\/wp\/v2\/media?parent=60710"}],"wp:term":[{"taxonomy":"product_brand","embeddable":true,"href":"https:\/\/turijnmagazijn.nl\/de\/wp-json\/wp\/v2\/product_brand?post=60710"},{"taxonomy":"product_cat","embeddable":true,"href":"https:\/\/turijnmagazijn.nl\/de\/wp-json\/wp\/v2\/product_cat?post=60710"},{"taxonomy":"product_tag","embeddable":true,"href":"https:\/\/turijnmagazijn.nl\/de\/wp-json\/wp\/v2\/product_tag?post=60710"}],"curies":[{"name":"wp","href":"https:\/\/api.w.org\/{rel}","templated":true}]}}