{"id":60841,"date":"2023-03-25T20:58:21","date_gmt":"2023-03-25T19:58:21","guid":{"rendered":"https:\/\/turijnmagazijn.nl\/product\/clip-set-lr-fuer-hutablage-fiat-grande-punto\/"},"modified":"2025-05-29T11:43:13","modified_gmt":"2025-05-29T09:43:13","slug":"clip-set-lr-fuer-paketregal-fiat-grande-punto","status":"publish","type":"product","link":"https:\/\/turijnmagazijn.nl\/de\/produkt\/clip-set-lr-fuer-paketregal-fiat-grande-punto\/","title":{"rendered":"Clip SET L+R f\u00fcr Hutablage Fiat Grande Punto"},"content":{"rendered":"<p><a style=\"background-color: #ffffff; color: #23527c; outline: 0px;\" href=\"https:\/\/turijnmagazijn.nl\/de\/postfachversand\/\" target=\"\" rel=\"noopener\"><img decoding=\"async\" src=\"https:\/\/www.delenkorf.nl\/image\/catalog\/brievenbus.png\"><\/a><span style=\"font-size: 12px;\"><br \/>\n<\/span><\/p>\n<p>Set mit 2 neuen Imitat-Clips zur Montage der Hutablage f\u00fcr Fiat Grande Punto und Punto EVO. Diese Clips brechen oft und sorgen dann daf\u00fcr, dass sich die Hutablage beim \u00d6ffnen der Heckklappe nicht mehr sauber nach oben bewegt. Sie sind sehr einfach selbst zu ersetzen.<\/p>\n<p>Achten Sie genau auf den Unterschied zwischen links und rechts, es handelt sich um zwei verschiedene Versionen, f\u00fcr Ihre Bequemlichkeit haben wir die linken Exemplare mit einer wei\u00dfen Markierung auf der konkaven Seite der \u201ePyramide\u201c versehen.<\/p>\n<p>Direkt ab Lager in den Niederlanden verf\u00fcgbar, in wenigen Tagen geliefert. Verwenden Sie bei Bedarf die Option des Briefkastenversands, siehe Schaltfl\u00e4che oben f\u00fcr weitere Informationen, wie Sie dies arrangieren k\u00f6nnen. Satz OEM Nr. Fiat 71719953 und 71719952<\/p>\n<p>(Referenznummer, betrifft ein nachgeahmtes Teil nach den gleichen Spezifikationen, sind 1 zu 1 austauschbar)<\/p>\n","protected":false},"excerpt":{"rendered":"<p>71719953 717199532 Clip SET L+R f\u00fcr Hutablage Fiat Punto 3- Set mit 2 neuen Nachahmungsclips zur Befestigung der Hutablage f\u00fcr Fiat Punto 3.<\/p>\n","protected":false},"featured_media":53009,"comment_status":"closed","ping_status":"closed","template":"","meta":{"_acf_changed":false},"product_brand":[],"product_cat":[1765,1770,1689,1729,1797,1775,1762,1919],"product_tag":[],"class_list":{"0":"post-60841","1":"product","2":"type-product","3":"status-publish","4":"has-post-thumbnail","6":"product_cat-5drs-de","7":"product_cat-abarth-3drs-de","8":"product_cat-fiat-de","9":"product_cat-grande-punto-199-de","10":"product_cat-lancia-de","11":"product_cat-multiwagon-de","12":"product_cat-stilo-192-de","13":"product_cat-ypsilon-2-843-de","14":"pa_soort-onderdeel-interieur-und-polsterung","16":"first","17":"instock","18":"featured","19":"taxable","20":"shipping-taxable","21":"purchasable","22":"product-type-simple"},"acf":[],"yoast_head":"<!-- This site is optimized with the Yoast SEO plugin v27.2 - https:\/\/yoast.com\/product\/yoast-seo-wordpress\/ -->\n<title>Clip SET L+R f\u00fcr Hutablage Fiat Grande Punto - Turijnmagazijn<\/title>\n<meta name=\"robots\" content=\"index, follow, max-snippet:-1, max-image-preview:large, max-video-preview:-1\" \/>\n<link rel=\"canonical\" href=\"https:\/\/turijnmagazijn.nl\/de\/produkt\/clip-set-lr-fuer-paketregal-fiat-grande-punto\/\" \/>\n<meta property=\"og:locale\" content=\"de_DE\" \/>\n<meta property=\"og:type\" content=\"article\" \/>\n<meta property=\"og:title\" content=\"Clip SET L+R f\u00fcr Hutablage Fiat Grande Punto - Turijnmagazijn\" \/>\n<meta property=\"og:description\" content=\"71719953 717199532 Clip SET L+R f\u00fcr Hutablage Fiat Punto 3- Set mit 2 neuen Nachahmungsclips zur Befestigung der Hutablage f\u00fcr Fiat Punto 3.\" \/>\n<meta property=\"og:url\" content=\"https:\/\/turijnmagazijn.nl\/de\/produkt\/clip-set-lr-fuer-paketregal-fiat-grande-punto\/\" \/>\n<meta property=\"og:site_name\" content=\"Turijnmagazijn\" \/>\n<meta property=\"article:publisher\" content=\"https:\/\/www.facebook.com\/turijnmagazijn\" \/>\n<meta property=\"article:modified_time\" content=\"2025-05-29T09:43:13+00:00\" \/>\n<meta property=\"og:image\" content=\"https:\/\/turijnmagazijn.nl\/wp-content\/uploads\/2023\/03\/DN00100123-Clip-SET-LR-voor-hoedenplank-Fiat-Stilo-Grande-Punto-5.jpg\" \/>\n\t<meta property=\"og:image:width\" content=\"1024\" \/>\n\t<meta property=\"og:image:height\" content=\"768\" \/>\n\t<meta property=\"og:image:type\" content=\"image\/jpeg\" \/>\n<meta name=\"twitter:card\" content=\"summary_large_image\" \/>\n<meta name=\"twitter:label1\" content=\"Gesch\u00e4tzte Lesezeit\" \/>\n\t<meta name=\"twitter:data1\" content=\"1\u00a0Minute\" \/>\n<script type=\"application\/ld+json\" class=\"yoast-schema-graph\">{\"@context\":\"https:\/\/schema.org\",\"@graph\":[{\"@type\":\"WebPage\",\"@id\":\"https:\/\/turijnmagazijn.nl\/de\/produkt\/clip-set-lr-fuer-paketregal-fiat-grande-punto\/\",\"url\":\"https:\/\/turijnmagazijn.nl\/de\/produkt\/clip-set-lr-fuer-paketregal-fiat-grande-punto\/\",\"name\":\"Clip SET L+R f\u00fcr Hutablage Fiat Grande Punto - Turijnmagazijn\",\"isPartOf\":{\"@id\":\"https:\/\/turijnmagazijn.jumpstone-dev.nl\/#website\"},\"primaryImageOfPage\":{\"@id\":\"https:\/\/turijnmagazijn.nl\/de\/produkt\/clip-set-lr-fuer-paketregal-fiat-grande-punto\/#primaryimage\"},\"image\":{\"@id\":\"https:\/\/turijnmagazijn.nl\/de\/produkt\/clip-set-lr-fuer-paketregal-fiat-grande-punto\/#primaryimage\"},\"thumbnailUrl\":\"https:\/\/turijnmagazijn.nl\/wp-content\/uploads\/2023\/03\/DN00100123-Clip-SET-LR-voor-hoedenplank-Fiat-Stilo-Grande-Punto-5.jpg\",\"datePublished\":\"2023-03-25T19:58:21+00:00\",\"dateModified\":\"2025-05-29T09:43:13+00:00\",\"breadcrumb\":{\"@id\":\"https:\/\/turijnmagazijn.nl\/de\/produkt\/clip-set-lr-fuer-paketregal-fiat-grande-punto\/#breadcrumb\"},\"inLanguage\":\"de\",\"potentialAction\":[{\"@type\":\"ReadAction\",\"target\":[\"https:\/\/turijnmagazijn.nl\/de\/produkt\/clip-set-lr-fuer-paketregal-fiat-grande-punto\/\"]}]},{\"@type\":\"ImageObject\",\"inLanguage\":\"de\",\"@id\":\"https:\/\/turijnmagazijn.nl\/de\/produkt\/clip-set-lr-fuer-paketregal-fiat-grande-punto\/#primaryimage\",\"url\":\"https:\/\/turijnmagazijn.nl\/wp-content\/uploads\/2023\/03\/DN00100123-Clip-SET-LR-voor-hoedenplank-Fiat-Stilo-Grande-Punto-5.jpg\",\"contentUrl\":\"https:\/\/turijnmagazijn.nl\/wp-content\/uploads\/2023\/03\/DN00100123-Clip-SET-LR-voor-hoedenplank-Fiat-Stilo-Grande-Punto-5.jpg\",\"width\":1024,\"height\":768},{\"@type\":\"BreadcrumbList\",\"@id\":\"https:\/\/turijnmagazijn.nl\/de\/produkt\/clip-set-lr-fuer-paketregal-fiat-grande-punto\/#breadcrumb\",\"itemListElement\":[{\"@type\":\"ListItem\",\"position\":1,\"name\":\"Home\",\"item\":\"https:\/\/turijnmagazijn.jumpstone-dev.nl\/\"},{\"@type\":\"ListItem\",\"position\":2,\"name\":\"Produkte\",\"item\":\"https:\/\/turijnmagazijn.nl\/de\/shop\/\"},{\"@type\":\"ListItem\",\"position\":3,\"name\":\"Clip SET L+R f\u00fcr Hutablage Fiat Grande Punto\"}]},{\"@type\":\"WebSite\",\"@id\":\"https:\/\/turijnmagazijn.jumpstone-dev.nl\/#website\",\"url\":\"https:\/\/turijnmagazijn.jumpstone-dev.nl\/\",\"name\":\"Turijnmagazijn\",\"description\":\"Onderdelen nieuw en gebruikt - Fiat &amp; Lancia\",\"publisher\":{\"@id\":\"https:\/\/turijnmagazijn.jumpstone-dev.nl\/#organization\"},\"potentialAction\":[{\"@type\":\"SearchAction\",\"target\":{\"@type\":\"EntryPoint\",\"urlTemplate\":\"https:\/\/turijnmagazijn.jumpstone-dev.nl\/?s={search_term_string}\"},\"query-input\":{\"@type\":\"PropertyValueSpecification\",\"valueRequired\":true,\"valueName\":\"search_term_string\"}}],\"inLanguage\":\"de\"},{\"@type\":\"Organization\",\"@id\":\"https:\/\/turijnmagazijn.jumpstone-dev.nl\/#organization\",\"name\":\"Turijnmagazijn\",\"url\":\"https:\/\/turijnmagazijn.jumpstone-dev.nl\/\",\"logo\":{\"@type\":\"ImageObject\",\"inLanguage\":\"de\",\"@id\":\"https:\/\/turijnmagazijn.jumpstone-dev.nl\/#\/schema\/logo\/image\/\",\"url\":\"https:\/\/turijnmagazijn.nl\/wp-content\/uploads\/2021\/02\/turijnmagazijnlogo.png\",\"contentUrl\":\"https:\/\/turijnmagazijn.nl\/wp-content\/uploads\/2021\/02\/turijnmagazijnlogo.png\",\"width\":555,\"height\":270,\"caption\":\"Turijnmagazijn\"},\"image\":{\"@id\":\"https:\/\/turijnmagazijn.jumpstone-dev.nl\/#\/schema\/logo\/image\/\"},\"sameAs\":[\"https:\/\/www.facebook.com\/turijnmagazijn\"]}]}<\/script>\n<!-- \/ Yoast SEO plugin. -->","yoast_head_json":{"title":"Clip SET L+R f\u00fcr Hutablage Fiat Grande Punto - Turijnmagazijn","robots":{"index":"index","follow":"follow","max-snippet":"max-snippet:-1","max-image-preview":"max-image-preview:large","max-video-preview":"max-video-preview:-1"},"canonical":"https:\/\/turijnmagazijn.nl\/de\/produkt\/clip-set-lr-fuer-paketregal-fiat-grande-punto\/","og_locale":"de_DE","og_type":"article","og_title":"Clip SET L+R f\u00fcr Hutablage Fiat Grande Punto - Turijnmagazijn","og_description":"71719953 717199532 Clip SET L+R f\u00fcr Hutablage Fiat Punto 3- Set mit 2 neuen Nachahmungsclips zur Befestigung der Hutablage f\u00fcr Fiat Punto 3.","og_url":"https:\/\/turijnmagazijn.nl\/de\/produkt\/clip-set-lr-fuer-paketregal-fiat-grande-punto\/","og_site_name":"Turijnmagazijn","article_publisher":"https:\/\/www.facebook.com\/turijnmagazijn","article_modified_time":"2025-05-29T09:43:13+00:00","og_image":[{"width":1024,"height":768,"url":"https:\/\/turijnmagazijn.nl\/wp-content\/uploads\/2023\/03\/DN00100123-Clip-SET-LR-voor-hoedenplank-Fiat-Stilo-Grande-Punto-5.jpg","type":"image\/jpeg"}],"twitter_card":"summary_large_image","twitter_misc":{"Gesch\u00e4tzte Lesezeit":"1\u00a0Minute"},"schema":{"@context":"https:\/\/schema.org","@graph":[{"@type":"WebPage","@id":"https:\/\/turijnmagazijn.nl\/de\/produkt\/clip-set-lr-fuer-paketregal-fiat-grande-punto\/","url":"https:\/\/turijnmagazijn.nl\/de\/produkt\/clip-set-lr-fuer-paketregal-fiat-grande-punto\/","name":"Clip SET L+R f\u00fcr Hutablage Fiat Grande Punto - Turijnmagazijn","isPartOf":{"@id":"https:\/\/turijnmagazijn.jumpstone-dev.nl\/#website"},"primaryImageOfPage":{"@id":"https:\/\/turijnmagazijn.nl\/de\/produkt\/clip-set-lr-fuer-paketregal-fiat-grande-punto\/#primaryimage"},"image":{"@id":"https:\/\/turijnmagazijn.nl\/de\/produkt\/clip-set-lr-fuer-paketregal-fiat-grande-punto\/#primaryimage"},"thumbnailUrl":"https:\/\/turijnmagazijn.nl\/wp-content\/uploads\/2023\/03\/DN00100123-Clip-SET-LR-voor-hoedenplank-Fiat-Stilo-Grande-Punto-5.jpg","datePublished":"2023-03-25T19:58:21+00:00","dateModified":"2025-05-29T09:43:13+00:00","breadcrumb":{"@id":"https:\/\/turijnmagazijn.nl\/de\/produkt\/clip-set-lr-fuer-paketregal-fiat-grande-punto\/#breadcrumb"},"inLanguage":"de","potentialAction":[{"@type":"ReadAction","target":["https:\/\/turijnmagazijn.nl\/de\/produkt\/clip-set-lr-fuer-paketregal-fiat-grande-punto\/"]}]},{"@type":"ImageObject","inLanguage":"de","@id":"https:\/\/turijnmagazijn.nl\/de\/produkt\/clip-set-lr-fuer-paketregal-fiat-grande-punto\/#primaryimage","url":"https:\/\/turijnmagazijn.nl\/wp-content\/uploads\/2023\/03\/DN00100123-Clip-SET-LR-voor-hoedenplank-Fiat-Stilo-Grande-Punto-5.jpg","contentUrl":"https:\/\/turijnmagazijn.nl\/wp-content\/uploads\/2023\/03\/DN00100123-Clip-SET-LR-voor-hoedenplank-Fiat-Stilo-Grande-Punto-5.jpg","width":1024,"height":768},{"@type":"BreadcrumbList","@id":"https:\/\/turijnmagazijn.nl\/de\/produkt\/clip-set-lr-fuer-paketregal-fiat-grande-punto\/#breadcrumb","itemListElement":[{"@type":"ListItem","position":1,"name":"Home","item":"https:\/\/turijnmagazijn.jumpstone-dev.nl\/"},{"@type":"ListItem","position":2,"name":"Produkte","item":"https:\/\/turijnmagazijn.nl\/de\/shop\/"},{"@type":"ListItem","position":3,"name":"Clip SET L+R f\u00fcr Hutablage Fiat Grande Punto"}]},{"@type":"WebSite","@id":"https:\/\/turijnmagazijn.jumpstone-dev.nl\/#website","url":"https:\/\/turijnmagazijn.jumpstone-dev.nl\/","name":"Turijnmagazijn","description":"Onderdelen nieuw en gebruikt - Fiat &amp; Lancia","publisher":{"@id":"https:\/\/turijnmagazijn.jumpstone-dev.nl\/#organization"},"potentialAction":[{"@type":"SearchAction","target":{"@type":"EntryPoint","urlTemplate":"https:\/\/turijnmagazijn.jumpstone-dev.nl\/?s={search_term_string}"},"query-input":{"@type":"PropertyValueSpecification","valueRequired":true,"valueName":"search_term_string"}}],"inLanguage":"de"},{"@type":"Organization","@id":"https:\/\/turijnmagazijn.jumpstone-dev.nl\/#organization","name":"Turijnmagazijn","url":"https:\/\/turijnmagazijn.jumpstone-dev.nl\/","logo":{"@type":"ImageObject","inLanguage":"de","@id":"https:\/\/turijnmagazijn.jumpstone-dev.nl\/#\/schema\/logo\/image\/","url":"https:\/\/turijnmagazijn.nl\/wp-content\/uploads\/2021\/02\/turijnmagazijnlogo.png","contentUrl":"https:\/\/turijnmagazijn.nl\/wp-content\/uploads\/2021\/02\/turijnmagazijnlogo.png","width":555,"height":270,"caption":"Turijnmagazijn"},"image":{"@id":"https:\/\/turijnmagazijn.jumpstone-dev.nl\/#\/schema\/logo\/image\/"},"sameAs":["https:\/\/www.facebook.com\/turijnmagazijn"]}]}},"_links":{"self":[{"href":"https:\/\/turijnmagazijn.nl\/de\/wp-json\/wp\/v2\/product\/60841","targetHints":{"allow":["GET"]}}],"collection":[{"href":"https:\/\/turijnmagazijn.nl\/de\/wp-json\/wp\/v2\/product"}],"about":[{"href":"https:\/\/turijnmagazijn.nl\/de\/wp-json\/wp\/v2\/types\/product"}],"replies":[{"embeddable":true,"href":"https:\/\/turijnmagazijn.nl\/de\/wp-json\/wp\/v2\/comments?post=60841"}],"wp:featuredmedia":[{"embeddable":true,"href":"https:\/\/turijnmagazijn.nl\/de\/wp-json\/wp\/v2\/media\/53009"}],"wp:attachment":[{"href":"https:\/\/turijnmagazijn.nl\/de\/wp-json\/wp\/v2\/media?parent=60841"}],"wp:term":[{"taxonomy":"product_brand","embeddable":true,"href":"https:\/\/turijnmagazijn.nl\/de\/wp-json\/wp\/v2\/product_brand?post=60841"},{"taxonomy":"product_cat","embeddable":true,"href":"https:\/\/turijnmagazijn.nl\/de\/wp-json\/wp\/v2\/product_cat?post=60841"},{"taxonomy":"product_tag","embeddable":true,"href":"https:\/\/turijnmagazijn.nl\/de\/wp-json\/wp\/v2\/product_tag?post=60841"}],"curies":[{"name":"wp","href":"https:\/\/api.w.org\/{rel}","templated":true}]}}