{"id":62252,"date":"2023-03-03T08:08:36","date_gmt":"2023-03-03T07:08:36","guid":{"rendered":"https:\/\/turijnmagazijn.nl\/product\/schluessellogo-fiat-fuer-stilo-punto-ii-500-grande-punto-nachahmung-2-stueck-neu\/"},"modified":"2026-02-02T10:33:19","modified_gmt":"2026-02-02T09:33:19","slug":"key-logo-fiat-for-stilo-punto-ii-500-grande-punto-imitation-2-teilig-neu","status":"publish","type":"product","link":"https:\/\/turijnmagazijn.nl\/de\/produkt\/key-logo-fiat-for-stilo-punto-ii-500-grande-punto-imitation-2-teilig-neu\/","title":{"rendered":"Fiat Logoschl\u00fcssel BLACK Stilo Punto II 500 Grande Punto 2 St\u00fcck. 14mm"},"content":{"rendered":"<p>&#8222;Satz von 2 neuen Logos f\u00fcr den Schl\u00fcssel f\u00fcr Fiat 500, Stilo, Grande Punto und Punto II. Es handelt sich um ein rundes Logo aus gestanztem Aluminium, also nicht um einen einfachen Aufkleber, sondern um ein Logo mit Relief. Bei diesen Logos handelt es sich nicht um ein offizielles Fiat-Logo, sondern um ein passgenaues Nachahmungsprodukt. Siehe das Beispielfoto eines Schl\u00fcssels eines Punto II, auf dem das Logo angebracht wurde. Es folgt ein Beispielfoto eines Klappschl\u00fcssels f\u00fcr Fiat Stilo, Grande punto und Fiat nouva 500, auf dem das Logo angebracht wurde. Auf den meisten Fotos ist das Logo mit einer Schutzfolie bedeckt, was das Produkt weniger sch\u00f6n erscheinen l\u00e4sst als in Wirklichkeit. OEM-Nummer als Referenz (kein Originalteil) 71719162&#8220;<\/p>\n","protected":false},"excerpt":{"rendered":"<p>71719952 Alternative zum Original-Logo f\u00fcr den Schl\u00fcssel f\u00fcr Fiat Punto Typ 2.<\/p>\n","protected":false},"featured_media":33957,"comment_status":"closed","ping_status":"closed","template":"","meta":{"_acf_changed":false},"product_brand":[],"product_cat":[1693,1765,1770,1729,1775,1762],"product_tag":[],"class_list":{"0":"post-62252","1":"product","2":"type-product","3":"status-publish","4":"has-post-thumbnail","6":"product_cat-500-312-de","7":"product_cat-5drs-de","8":"product_cat-abarth-3drs-de","9":"product_cat-grande-punto-199-de","10":"product_cat-multiwagon-de","11":"product_cat-stilo-192-de","12":"pa_soort-onderdeel-schlusselanhanger-und-aufkleber","14":"first","15":"instock","16":"taxable","17":"shipping-taxable","18":"purchasable","19":"product-type-simple"},"acf":[],"yoast_head":"<!-- This site is optimized with the Yoast SEO plugin v27.3 - https:\/\/yoast.com\/product\/yoast-seo-wordpress\/ -->\n<title>Fiat Logoschl\u00fcssel BLACK Stilo Punto II 500 Grande Punto 2 St\u00fcck. 14mm - Turijnmagazijn<\/title>\n<meta name=\"robots\" content=\"index, follow, max-snippet:-1, max-image-preview:large, max-video-preview:-1\" \/>\n<link rel=\"canonical\" href=\"https:\/\/turijnmagazijn.nl\/de\/produkt\/key-logo-fiat-for-stilo-punto-ii-500-grande-punto-imitation-2-teilig-neu\/\" \/>\n<meta property=\"og:locale\" content=\"de_DE\" \/>\n<meta property=\"og:type\" content=\"article\" \/>\n<meta property=\"og:title\" content=\"Fiat Logoschl\u00fcssel BLACK Stilo Punto II 500 Grande Punto 2 St\u00fcck. 14mm - Turijnmagazijn\" \/>\n<meta property=\"og:description\" content=\"71719952 Alternative zum Original-Logo f\u00fcr den Schl\u00fcssel f\u00fcr Fiat Punto Typ 2.\" \/>\n<meta property=\"og:url\" content=\"https:\/\/turijnmagazijn.nl\/de\/produkt\/key-logo-fiat-for-stilo-punto-ii-500-grande-punto-imitation-2-teilig-neu\/\" \/>\n<meta property=\"og:site_name\" content=\"Turijnmagazijn\" \/>\n<meta property=\"article:publisher\" content=\"https:\/\/www.facebook.com\/turijnmagazijn\" \/>\n<meta property=\"article:modified_time\" content=\"2026-02-02T09:33:19+00:00\" \/>\n<meta property=\"og:image\" content=\"https:\/\/turijnmagazijn.nl\/wp-content\/uploads\/2023\/03\/DN00100001_Sleutel_logo_Fiat_voor_Stilo_Punto_II_500_Grande_Punto_immitatie_2_stuks_6.jpg\" \/>\n\t<meta property=\"og:image:width\" content=\"800\" \/>\n\t<meta property=\"og:image:height\" content=\"600\" \/>\n\t<meta property=\"og:image:type\" content=\"image\/jpeg\" \/>\n<meta name=\"twitter:card\" content=\"summary_large_image\" \/>\n<meta name=\"twitter:label1\" content=\"Gesch\u00e4tzte Lesezeit\" \/>\n\t<meta name=\"twitter:data1\" content=\"1\u00a0Minute\" \/>\n<script type=\"application\/ld+json\" class=\"yoast-schema-graph\">{\"@context\":\"https:\\\/\\\/schema.org\",\"@graph\":[{\"@type\":\"WebPage\",\"@id\":\"https:\\\/\\\/turijnmagazijn.nl\\\/de\\\/produkt\\\/key-logo-fiat-for-stilo-punto-ii-500-grande-punto-imitation-2-teilig-neu\\\/\",\"url\":\"https:\\\/\\\/turijnmagazijn.nl\\\/de\\\/produkt\\\/key-logo-fiat-for-stilo-punto-ii-500-grande-punto-imitation-2-teilig-neu\\\/\",\"name\":\"Fiat Logoschl\u00fcssel BLACK Stilo Punto II 500 Grande Punto 2 St\u00fcck. 14mm - Turijnmagazijn\",\"isPartOf\":{\"@id\":\"https:\\\/\\\/turijnmagazijn.jumpstone-dev.nl\\\/#website\"},\"primaryImageOfPage\":{\"@id\":\"https:\\\/\\\/turijnmagazijn.nl\\\/de\\\/produkt\\\/key-logo-fiat-for-stilo-punto-ii-500-grande-punto-imitation-2-teilig-neu\\\/#primaryimage\"},\"image\":{\"@id\":\"https:\\\/\\\/turijnmagazijn.nl\\\/de\\\/produkt\\\/key-logo-fiat-for-stilo-punto-ii-500-grande-punto-imitation-2-teilig-neu\\\/#primaryimage\"},\"thumbnailUrl\":\"https:\\\/\\\/turijnmagazijn.nl\\\/wp-content\\\/uploads\\\/2023\\\/03\\\/DN00100001_Sleutel_logo_Fiat_voor_Stilo_Punto_II_500_Grande_Punto_immitatie_2_stuks_6.jpg\",\"datePublished\":\"2023-03-03T07:08:36+00:00\",\"dateModified\":\"2026-02-02T09:33:19+00:00\",\"breadcrumb\":{\"@id\":\"https:\\\/\\\/turijnmagazijn.nl\\\/de\\\/produkt\\\/key-logo-fiat-for-stilo-punto-ii-500-grande-punto-imitation-2-teilig-neu\\\/#breadcrumb\"},\"inLanguage\":\"de\",\"potentialAction\":[{\"@type\":\"ReadAction\",\"target\":[\"https:\\\/\\\/turijnmagazijn.nl\\\/de\\\/produkt\\\/key-logo-fiat-for-stilo-punto-ii-500-grande-punto-imitation-2-teilig-neu\\\/\"]}]},{\"@type\":\"ImageObject\",\"inLanguage\":\"de\",\"@id\":\"https:\\\/\\\/turijnmagazijn.nl\\\/de\\\/produkt\\\/key-logo-fiat-for-stilo-punto-ii-500-grande-punto-imitation-2-teilig-neu\\\/#primaryimage\",\"url\":\"https:\\\/\\\/turijnmagazijn.nl\\\/wp-content\\\/uploads\\\/2023\\\/03\\\/DN00100001_Sleutel_logo_Fiat_voor_Stilo_Punto_II_500_Grande_Punto_immitatie_2_stuks_6.jpg\",\"contentUrl\":\"https:\\\/\\\/turijnmagazijn.nl\\\/wp-content\\\/uploads\\\/2023\\\/03\\\/DN00100001_Sleutel_logo_Fiat_voor_Stilo_Punto_II_500_Grande_Punto_immitatie_2_stuks_6.jpg\",\"width\":800,\"height\":600},{\"@type\":\"BreadcrumbList\",\"@id\":\"https:\\\/\\\/turijnmagazijn.nl\\\/de\\\/produkt\\\/key-logo-fiat-for-stilo-punto-ii-500-grande-punto-imitation-2-teilig-neu\\\/#breadcrumb\",\"itemListElement\":[{\"@type\":\"ListItem\",\"position\":1,\"name\":\"Home\",\"item\":\"https:\\\/\\\/turijnmagazijn.nl\\\/de\\\/\"},{\"@type\":\"ListItem\",\"position\":2,\"name\":\"Produkte\",\"item\":\"https:\\\/\\\/turijnmagazijn.nl\\\/de\\\/shop\\\/\"},{\"@type\":\"ListItem\",\"position\":3,\"name\":\"Fiat Logoschl\u00fcssel BLACK Stilo Punto II 500 Grande Punto 2 St\u00fcck. 14mm\"}]},{\"@type\":\"WebSite\",\"@id\":\"https:\\\/\\\/turijnmagazijn.jumpstone-dev.nl\\\/#website\",\"url\":\"https:\\\/\\\/turijnmagazijn.jumpstone-dev.nl\\\/\",\"name\":\"Turijnmagazijn\",\"description\":\"Onderdelen nieuw en gebruikt - Fiat &amp; Lancia\",\"publisher\":{\"@id\":\"https:\\\/\\\/turijnmagazijn.jumpstone-dev.nl\\\/#organization\"},\"potentialAction\":[{\"@type\":\"SearchAction\",\"target\":{\"@type\":\"EntryPoint\",\"urlTemplate\":\"https:\\\/\\\/turijnmagazijn.jumpstone-dev.nl\\\/?s={search_term_string}\"},\"query-input\":{\"@type\":\"PropertyValueSpecification\",\"valueRequired\":true,\"valueName\":\"search_term_string\"}}],\"inLanguage\":\"de\"},{\"@type\":\"Organization\",\"@id\":\"https:\\\/\\\/turijnmagazijn.jumpstone-dev.nl\\\/#organization\",\"name\":\"Turijnmagazijn\",\"url\":\"https:\\\/\\\/turijnmagazijn.jumpstone-dev.nl\\\/\",\"logo\":{\"@type\":\"ImageObject\",\"inLanguage\":\"de\",\"@id\":\"https:\\\/\\\/turijnmagazijn.jumpstone-dev.nl\\\/#\\\/schema\\\/logo\\\/image\\\/\",\"url\":\"https:\\\/\\\/turijnmagazijn.nl\\\/wp-content\\\/uploads\\\/2021\\\/02\\\/turijnmagazijnlogo.png\",\"contentUrl\":\"https:\\\/\\\/turijnmagazijn.nl\\\/wp-content\\\/uploads\\\/2021\\\/02\\\/turijnmagazijnlogo.png\",\"width\":555,\"height\":270,\"caption\":\"Turijnmagazijn\"},\"image\":{\"@id\":\"https:\\\/\\\/turijnmagazijn.jumpstone-dev.nl\\\/#\\\/schema\\\/logo\\\/image\\\/\"},\"sameAs\":[\"https:\\\/\\\/www.facebook.com\\\/turijnmagazijn\"]}]}<\/script>\n<!-- \/ Yoast SEO plugin. -->","yoast_head_json":{"title":"Fiat Logoschl\u00fcssel BLACK Stilo Punto II 500 Grande Punto 2 St\u00fcck. 14mm - Turijnmagazijn","robots":{"index":"index","follow":"follow","max-snippet":"max-snippet:-1","max-image-preview":"max-image-preview:large","max-video-preview":"max-video-preview:-1"},"canonical":"https:\/\/turijnmagazijn.nl\/de\/produkt\/key-logo-fiat-for-stilo-punto-ii-500-grande-punto-imitation-2-teilig-neu\/","og_locale":"de_DE","og_type":"article","og_title":"Fiat Logoschl\u00fcssel BLACK Stilo Punto II 500 Grande Punto 2 St\u00fcck. 14mm - Turijnmagazijn","og_description":"71719952 Alternative zum Original-Logo f\u00fcr den Schl\u00fcssel f\u00fcr Fiat Punto Typ 2.","og_url":"https:\/\/turijnmagazijn.nl\/de\/produkt\/key-logo-fiat-for-stilo-punto-ii-500-grande-punto-imitation-2-teilig-neu\/","og_site_name":"Turijnmagazijn","article_publisher":"https:\/\/www.facebook.com\/turijnmagazijn","article_modified_time":"2026-02-02T09:33:19+00:00","og_image":[{"width":800,"height":600,"url":"https:\/\/turijnmagazijn.nl\/wp-content\/uploads\/2023\/03\/DN00100001_Sleutel_logo_Fiat_voor_Stilo_Punto_II_500_Grande_Punto_immitatie_2_stuks_6.jpg","type":"image\/jpeg"}],"twitter_card":"summary_large_image","twitter_misc":{"Gesch\u00e4tzte Lesezeit":"1\u00a0Minute"},"schema":{"@context":"https:\/\/schema.org","@graph":[{"@type":"WebPage","@id":"https:\/\/turijnmagazijn.nl\/de\/produkt\/key-logo-fiat-for-stilo-punto-ii-500-grande-punto-imitation-2-teilig-neu\/","url":"https:\/\/turijnmagazijn.nl\/de\/produkt\/key-logo-fiat-for-stilo-punto-ii-500-grande-punto-imitation-2-teilig-neu\/","name":"Fiat Logoschl\u00fcssel BLACK Stilo Punto II 500 Grande Punto 2 St\u00fcck. 14mm - Turijnmagazijn","isPartOf":{"@id":"https:\/\/turijnmagazijn.jumpstone-dev.nl\/#website"},"primaryImageOfPage":{"@id":"https:\/\/turijnmagazijn.nl\/de\/produkt\/key-logo-fiat-for-stilo-punto-ii-500-grande-punto-imitation-2-teilig-neu\/#primaryimage"},"image":{"@id":"https:\/\/turijnmagazijn.nl\/de\/produkt\/key-logo-fiat-for-stilo-punto-ii-500-grande-punto-imitation-2-teilig-neu\/#primaryimage"},"thumbnailUrl":"https:\/\/turijnmagazijn.nl\/wp-content\/uploads\/2023\/03\/DN00100001_Sleutel_logo_Fiat_voor_Stilo_Punto_II_500_Grande_Punto_immitatie_2_stuks_6.jpg","datePublished":"2023-03-03T07:08:36+00:00","dateModified":"2026-02-02T09:33:19+00:00","breadcrumb":{"@id":"https:\/\/turijnmagazijn.nl\/de\/produkt\/key-logo-fiat-for-stilo-punto-ii-500-grande-punto-imitation-2-teilig-neu\/#breadcrumb"},"inLanguage":"de","potentialAction":[{"@type":"ReadAction","target":["https:\/\/turijnmagazijn.nl\/de\/produkt\/key-logo-fiat-for-stilo-punto-ii-500-grande-punto-imitation-2-teilig-neu\/"]}]},{"@type":"ImageObject","inLanguage":"de","@id":"https:\/\/turijnmagazijn.nl\/de\/produkt\/key-logo-fiat-for-stilo-punto-ii-500-grande-punto-imitation-2-teilig-neu\/#primaryimage","url":"https:\/\/turijnmagazijn.nl\/wp-content\/uploads\/2023\/03\/DN00100001_Sleutel_logo_Fiat_voor_Stilo_Punto_II_500_Grande_Punto_immitatie_2_stuks_6.jpg","contentUrl":"https:\/\/turijnmagazijn.nl\/wp-content\/uploads\/2023\/03\/DN00100001_Sleutel_logo_Fiat_voor_Stilo_Punto_II_500_Grande_Punto_immitatie_2_stuks_6.jpg","width":800,"height":600},{"@type":"BreadcrumbList","@id":"https:\/\/turijnmagazijn.nl\/de\/produkt\/key-logo-fiat-for-stilo-punto-ii-500-grande-punto-imitation-2-teilig-neu\/#breadcrumb","itemListElement":[{"@type":"ListItem","position":1,"name":"Home","item":"https:\/\/turijnmagazijn.nl\/de\/"},{"@type":"ListItem","position":2,"name":"Produkte","item":"https:\/\/turijnmagazijn.nl\/de\/shop\/"},{"@type":"ListItem","position":3,"name":"Fiat Logoschl\u00fcssel BLACK Stilo Punto II 500 Grande Punto 2 St\u00fcck. 14mm"}]},{"@type":"WebSite","@id":"https:\/\/turijnmagazijn.jumpstone-dev.nl\/#website","url":"https:\/\/turijnmagazijn.jumpstone-dev.nl\/","name":"Turijnmagazijn","description":"Onderdelen nieuw en gebruikt - Fiat &amp; Lancia","publisher":{"@id":"https:\/\/turijnmagazijn.jumpstone-dev.nl\/#organization"},"potentialAction":[{"@type":"SearchAction","target":{"@type":"EntryPoint","urlTemplate":"https:\/\/turijnmagazijn.jumpstone-dev.nl\/?s={search_term_string}"},"query-input":{"@type":"PropertyValueSpecification","valueRequired":true,"valueName":"search_term_string"}}],"inLanguage":"de"},{"@type":"Organization","@id":"https:\/\/turijnmagazijn.jumpstone-dev.nl\/#organization","name":"Turijnmagazijn","url":"https:\/\/turijnmagazijn.jumpstone-dev.nl\/","logo":{"@type":"ImageObject","inLanguage":"de","@id":"https:\/\/turijnmagazijn.jumpstone-dev.nl\/#\/schema\/logo\/image\/","url":"https:\/\/turijnmagazijn.nl\/wp-content\/uploads\/2021\/02\/turijnmagazijnlogo.png","contentUrl":"https:\/\/turijnmagazijn.nl\/wp-content\/uploads\/2021\/02\/turijnmagazijnlogo.png","width":555,"height":270,"caption":"Turijnmagazijn"},"image":{"@id":"https:\/\/turijnmagazijn.jumpstone-dev.nl\/#\/schema\/logo\/image\/"},"sameAs":["https:\/\/www.facebook.com\/turijnmagazijn"]}]}},"_links":{"self":[{"href":"https:\/\/turijnmagazijn.nl\/de\/wp-json\/wp\/v2\/product\/62252","targetHints":{"allow":["GET"]}}],"collection":[{"href":"https:\/\/turijnmagazijn.nl\/de\/wp-json\/wp\/v2\/product"}],"about":[{"href":"https:\/\/turijnmagazijn.nl\/de\/wp-json\/wp\/v2\/types\/product"}],"replies":[{"embeddable":true,"href":"https:\/\/turijnmagazijn.nl\/de\/wp-json\/wp\/v2\/comments?post=62252"}],"wp:featuredmedia":[{"embeddable":true,"href":"https:\/\/turijnmagazijn.nl\/de\/wp-json\/wp\/v2\/media\/33957"}],"wp:attachment":[{"href":"https:\/\/turijnmagazijn.nl\/de\/wp-json\/wp\/v2\/media?parent=62252"}],"wp:term":[{"taxonomy":"product_brand","embeddable":true,"href":"https:\/\/turijnmagazijn.nl\/de\/wp-json\/wp\/v2\/product_brand?post=62252"},{"taxonomy":"product_cat","embeddable":true,"href":"https:\/\/turijnmagazijn.nl\/de\/wp-json\/wp\/v2\/product_cat?post=62252"},{"taxonomy":"product_tag","embeddable":true,"href":"https:\/\/turijnmagazijn.nl\/de\/wp-json\/wp\/v2\/product_tag?post=62252"}],"curies":[{"name":"wp","href":"https:\/\/api.w.org\/{rel}","templated":true}]}}