{"id":62295,"date":"2023-03-03T08:08:37","date_gmt":"2023-03-03T07:08:37","guid":{"rendered":"https:\/\/turijnmagazijn.nl\/product\/reparaturset-scheibenwaschanlage-100-cm-schlauch-lancia-kappa-neu\/"},"modified":"2023-07-31T20:16:38","modified_gmt":"2023-07-31T18:16:38","slug":"reparatur-set-scheibenwaschanlage-100-cm-schlauch-lancia-kappa-neu","status":"publish","type":"product","link":"https:\/\/turijnmagazijn.nl\/de\/produkt\/reparatur-set-scheibenwaschanlage-100-cm-schlauch-lancia-kappa-neu\/","title":{"rendered":"Reparaturset Scheibenwaschanlage 100 cm Schlauch Fiat Lancia Alfa Romeo -NEU-"},"content":{"rendered":"<p>  Scheibenwaschschlauch-Reparaturset f\u00fcr Lancia Kappa, auch passend f\u00fcr Lybra und Delta. Ideal als Ersatz f\u00fcr einen durchstochenen Scheibenwaschschlauch. Wenn Sie den undichten Teil des Schlauchs erkannt haben, schneiden Sie diesen Teil des Schlauchs an zwei Stellen mit einem scharfen Messer ab. Sie k\u00f6nnen dann einfach eine neue Schlauchl\u00e4nge zuschneiden und die mitgelieferten Stecker auf beiden Seiten hineindr\u00fccken. Auf der anderen Seite des Steckers stellen Sie die Verbindung zu Ihrem Originalschlauch her, zwischen dem Sie das fehlerhafte Teil herausgeschnitten haben. Abgesehen von einem scharfen Hobbymesser ben\u00f6tigen Sie f\u00fcr diesen Job kein Werkzeug. Sehr einfach, selbst zu tun. Das Set besteht aus: 100 Zentimeter EPDM-Schlauch (4,2 mm Innendurchmesser und 8,5 mm Au\u00dfendurchmesser) 2 Anschl\u00fcsse passend f\u00fcr Schlauch mit einem Innendurchmesser zwischen 4 und 5 mm Handelt es sich um einen Universalschlauch, der ein guter Ersatz f\u00fcr OEM-Schlauch mit der Nummer: LANCIA 46418539  <\/p>\n","protected":false},"excerpt":{"rendered":"<p>Scheibenwaschschlauch-Reparaturset f\u00fcr Lancia Kappa, auch passend f\u00fcr Lybra und Delta. Ideal als Ersatz f\u00fcr einen durchstochenen Scheibenwaschschlauch. Wenn Sie den undichten Teil des Schlauchs erkannt haben, schneiden Sie diesen Teil des Schlauchs an zwei Stellen mit einem scharfen Messer ab. Sie k\u00f6nnen dann einfach eine neue Schlauchl\u00e4nge zuschneiden und die mitgelieferten Stecker auf beiden Seiten [&hellip;]<\/p>\n","protected":false},"featured_media":34265,"comment_status":"closed","ping_status":"closed","template":"","meta":{"_acf_changed":false},"product_brand":[],"product_cat":[1599,1603,1605,1612,1616,1657,1656,1651,1847,1849,1693,1765,1770,1584,1704,1864,1706,1715,1867,1717,1721,1844,1689,1729,1859,1797,1734,1775,1751,1619,1621,1762,1869],"product_tag":[],"class_list":{"0":"post-62295","1":"product","2":"type-product","3":"status-publish","4":"has-post-thumbnail","6":"product_cat-145-930a-de","7":"product_cat-146-930b-de","8":"product_cat-147-937-de","9":"product_cat-155-167-de","10":"product_cat-156-932-de","11":"product_cat-159-939-de","12":"product_cat-164-164-de","13":"product_cat-166-936-de","14":"product_cat-3-deurs-hpe-de","15":"product_cat-5-deurs-de","16":"product_cat-500-312-de","17":"product_cat-5drs-de","18":"product_cat-abarth-3drs-de","19":"product_cat-alfa-romeo-de","20":"product_cat-barchetta-183-de","21":"product_cat-berlina-de","22":"product_cat-brava-198-de","23":"product_cat-cinquecento-170-de","24":"product_cat-coupe-de","25":"product_cat-coupe-175-de","26":"product_cat-croma-1-154-de","27":"product_cat-delta-2-836-de","28":"product_cat-fiat-de","29":"product_cat-grande-punto-199-de","30":"product_cat-kappa-838-de","31":"product_cat-lancia-de","32":"product_cat-marea-185-de","33":"product_cat-multiwagon-de","34":"product_cat-punto-2-188-de","35":"product_cat-sedan-de","36":"product_cat-sportwagon-de","37":"product_cat-stilo-192-de","38":"product_cat-sw-de","39":"pa_soort-onderdeel-fenster-und-zubehor","41":"first","42":"instock","43":"taxable","44":"shipping-taxable","45":"purchasable","46":"product-type-simple"},"acf":[],"yoast_head":"<!-- This site is optimized with the Yoast SEO plugin v27.2 - https:\/\/yoast.com\/product\/yoast-seo-wordpress\/ -->\n<title>Reparaturset Scheibenwaschanlage 100 cm Schlauch Fiat Lancia Alfa Romeo -NEU- Turijnmagazijn<\/title>\n<meta name=\"robots\" content=\"index, follow, max-snippet:-1, max-image-preview:large, max-video-preview:-1\" \/>\n<link rel=\"canonical\" href=\"https:\/\/turijnmagazijn.nl\/de\/produkt\/reparatur-set-scheibenwaschanlage-100-cm-schlauch-lancia-kappa-neu\/\" \/>\n<meta property=\"og:locale\" content=\"de_DE\" \/>\n<meta property=\"og:type\" content=\"article\" \/>\n<meta property=\"og:title\" content=\"Reparaturset Scheibenwaschanlage 100 cm Schlauch Fiat Lancia Alfa Romeo -NEU- Turijnmagazijn\" \/>\n<meta property=\"og:description\" content=\"Scheibenwaschschlauch-Reparaturset f\u00fcr Lancia Kappa, auch passend f\u00fcr Lybra und Delta. Ideal als Ersatz f\u00fcr einen durchstochenen Scheibenwaschschlauch. Wenn Sie den undichten Teil des Schlauchs erkannt haben, schneiden Sie diesen Teil des Schlauchs an zwei Stellen mit einem scharfen Messer ab. Sie k\u00f6nnen dann einfach eine neue Schlauchl\u00e4nge zuschneiden und die mitgelieferten Stecker auf beiden Seiten [&hellip;]\" \/>\n<meta property=\"og:url\" content=\"https:\/\/turijnmagazijn.nl\/de\/produkt\/reparatur-set-scheibenwaschanlage-100-cm-schlauch-lancia-kappa-neu\/\" \/>\n<meta property=\"og:site_name\" content=\"Turijnmagazijn\" \/>\n<meta property=\"article:publisher\" content=\"https:\/\/www.facebook.com\/turijnmagazijn\" \/>\n<meta property=\"article:modified_time\" content=\"2023-07-31T18:16:38+00:00\" \/>\n<meta property=\"og:image\" content=\"https:\/\/turijnmagazijn.nl\/wp-content\/uploads\/2023\/03\/DN00100024_Reparatie_set_ruitensproeier_100_cm_slang_3.jpg\" \/>\n\t<meta property=\"og:image:width\" content=\"800\" \/>\n\t<meta property=\"og:image:height\" content=\"600\" \/>\n\t<meta property=\"og:image:type\" content=\"image\/jpeg\" \/>\n<meta name=\"twitter:card\" content=\"summary_large_image\" \/>\n<meta name=\"twitter:label1\" content=\"Gesch\u00e4tzte Lesezeit\" \/>\n\t<meta name=\"twitter:data1\" content=\"1\u00a0Minute\" \/>\n<script type=\"application\/ld+json\" class=\"yoast-schema-graph\">{\"@context\":\"https:\/\/schema.org\",\"@graph\":[{\"@type\":\"WebPage\",\"@id\":\"https:\/\/turijnmagazijn.nl\/de\/produkt\/reparatur-set-scheibenwaschanlage-100-cm-schlauch-lancia-kappa-neu\/\",\"url\":\"https:\/\/turijnmagazijn.nl\/de\/produkt\/reparatur-set-scheibenwaschanlage-100-cm-schlauch-lancia-kappa-neu\/\",\"name\":\"Reparaturset Scheibenwaschanlage 100 cm Schlauch Fiat Lancia Alfa Romeo -NEU- Turijnmagazijn\",\"isPartOf\":{\"@id\":\"https:\/\/turijnmagazijn.jumpstone-dev.nl\/#website\"},\"primaryImageOfPage\":{\"@id\":\"https:\/\/turijnmagazijn.nl\/de\/produkt\/reparatur-set-scheibenwaschanlage-100-cm-schlauch-lancia-kappa-neu\/#primaryimage\"},\"image\":{\"@id\":\"https:\/\/turijnmagazijn.nl\/de\/produkt\/reparatur-set-scheibenwaschanlage-100-cm-schlauch-lancia-kappa-neu\/#primaryimage\"},\"thumbnailUrl\":\"https:\/\/turijnmagazijn.nl\/wp-content\/uploads\/2023\/03\/DN00100024_Reparatie_set_ruitensproeier_100_cm_slang_3.jpg\",\"datePublished\":\"2023-03-03T07:08:37+00:00\",\"dateModified\":\"2023-07-31T18:16:38+00:00\",\"breadcrumb\":{\"@id\":\"https:\/\/turijnmagazijn.nl\/de\/produkt\/reparatur-set-scheibenwaschanlage-100-cm-schlauch-lancia-kappa-neu\/#breadcrumb\"},\"inLanguage\":\"de\",\"potentialAction\":[{\"@type\":\"ReadAction\",\"target\":[\"https:\/\/turijnmagazijn.nl\/de\/produkt\/reparatur-set-scheibenwaschanlage-100-cm-schlauch-lancia-kappa-neu\/\"]}]},{\"@type\":\"ImageObject\",\"inLanguage\":\"de\",\"@id\":\"https:\/\/turijnmagazijn.nl\/de\/produkt\/reparatur-set-scheibenwaschanlage-100-cm-schlauch-lancia-kappa-neu\/#primaryimage\",\"url\":\"https:\/\/turijnmagazijn.nl\/wp-content\/uploads\/2023\/03\/DN00100024_Reparatie_set_ruitensproeier_100_cm_slang_3.jpg\",\"contentUrl\":\"https:\/\/turijnmagazijn.nl\/wp-content\/uploads\/2023\/03\/DN00100024_Reparatie_set_ruitensproeier_100_cm_slang_3.jpg\",\"width\":800,\"height\":600},{\"@type\":\"BreadcrumbList\",\"@id\":\"https:\/\/turijnmagazijn.nl\/de\/produkt\/reparatur-set-scheibenwaschanlage-100-cm-schlauch-lancia-kappa-neu\/#breadcrumb\",\"itemListElement\":[{\"@type\":\"ListItem\",\"position\":1,\"name\":\"Home\",\"item\":\"https:\/\/turijnmagazijn.jumpstone-dev.nl\/\"},{\"@type\":\"ListItem\",\"position\":2,\"name\":\"Produkte\",\"item\":\"https:\/\/turijnmagazijn.nl\/de\/shop\/\"},{\"@type\":\"ListItem\",\"position\":3,\"name\":\"Reparaturset Scheibenwaschanlage 100 cm Schlauch Fiat Lancia Alfa Romeo -NEU-\"}]},{\"@type\":\"WebSite\",\"@id\":\"https:\/\/turijnmagazijn.jumpstone-dev.nl\/#website\",\"url\":\"https:\/\/turijnmagazijn.jumpstone-dev.nl\/\",\"name\":\"Turijnmagazijn\",\"description\":\"Onderdelen nieuw en gebruikt - Fiat &amp; Lancia\",\"publisher\":{\"@id\":\"https:\/\/turijnmagazijn.jumpstone-dev.nl\/#organization\"},\"potentialAction\":[{\"@type\":\"SearchAction\",\"target\":{\"@type\":\"EntryPoint\",\"urlTemplate\":\"https:\/\/turijnmagazijn.jumpstone-dev.nl\/?s={search_term_string}\"},\"query-input\":{\"@type\":\"PropertyValueSpecification\",\"valueRequired\":true,\"valueName\":\"search_term_string\"}}],\"inLanguage\":\"de\"},{\"@type\":\"Organization\",\"@id\":\"https:\/\/turijnmagazijn.jumpstone-dev.nl\/#organization\",\"name\":\"Turijnmagazijn\",\"url\":\"https:\/\/turijnmagazijn.jumpstone-dev.nl\/\",\"logo\":{\"@type\":\"ImageObject\",\"inLanguage\":\"de\",\"@id\":\"https:\/\/turijnmagazijn.jumpstone-dev.nl\/#\/schema\/logo\/image\/\",\"url\":\"https:\/\/turijnmagazijn.nl\/wp-content\/uploads\/2021\/02\/turijnmagazijnlogo.png\",\"contentUrl\":\"https:\/\/turijnmagazijn.nl\/wp-content\/uploads\/2021\/02\/turijnmagazijnlogo.png\",\"width\":555,\"height\":270,\"caption\":\"Turijnmagazijn\"},\"image\":{\"@id\":\"https:\/\/turijnmagazijn.jumpstone-dev.nl\/#\/schema\/logo\/image\/\"},\"sameAs\":[\"https:\/\/www.facebook.com\/turijnmagazijn\"]}]}<\/script>\n<!-- \/ Yoast SEO plugin. -->","yoast_head_json":{"title":"Reparaturset Scheibenwaschanlage 100 cm Schlauch Fiat Lancia Alfa Romeo -NEU- Turijnmagazijn","robots":{"index":"index","follow":"follow","max-snippet":"max-snippet:-1","max-image-preview":"max-image-preview:large","max-video-preview":"max-video-preview:-1"},"canonical":"https:\/\/turijnmagazijn.nl\/de\/produkt\/reparatur-set-scheibenwaschanlage-100-cm-schlauch-lancia-kappa-neu\/","og_locale":"de_DE","og_type":"article","og_title":"Reparaturset Scheibenwaschanlage 100 cm Schlauch Fiat Lancia Alfa Romeo -NEU- Turijnmagazijn","og_description":"Scheibenwaschschlauch-Reparaturset f\u00fcr Lancia Kappa, auch passend f\u00fcr Lybra und Delta. Ideal als Ersatz f\u00fcr einen durchstochenen Scheibenwaschschlauch. Wenn Sie den undichten Teil des Schlauchs erkannt haben, schneiden Sie diesen Teil des Schlauchs an zwei Stellen mit einem scharfen Messer ab. Sie k\u00f6nnen dann einfach eine neue Schlauchl\u00e4nge zuschneiden und die mitgelieferten Stecker auf beiden Seiten [&hellip;]","og_url":"https:\/\/turijnmagazijn.nl\/de\/produkt\/reparatur-set-scheibenwaschanlage-100-cm-schlauch-lancia-kappa-neu\/","og_site_name":"Turijnmagazijn","article_publisher":"https:\/\/www.facebook.com\/turijnmagazijn","article_modified_time":"2023-07-31T18:16:38+00:00","og_image":[{"width":800,"height":600,"url":"https:\/\/turijnmagazijn.nl\/wp-content\/uploads\/2023\/03\/DN00100024_Reparatie_set_ruitensproeier_100_cm_slang_3.jpg","type":"image\/jpeg"}],"twitter_card":"summary_large_image","twitter_misc":{"Gesch\u00e4tzte Lesezeit":"1\u00a0Minute"},"schema":{"@context":"https:\/\/schema.org","@graph":[{"@type":"WebPage","@id":"https:\/\/turijnmagazijn.nl\/de\/produkt\/reparatur-set-scheibenwaschanlage-100-cm-schlauch-lancia-kappa-neu\/","url":"https:\/\/turijnmagazijn.nl\/de\/produkt\/reparatur-set-scheibenwaschanlage-100-cm-schlauch-lancia-kappa-neu\/","name":"Reparaturset Scheibenwaschanlage 100 cm Schlauch Fiat Lancia Alfa Romeo -NEU- Turijnmagazijn","isPartOf":{"@id":"https:\/\/turijnmagazijn.jumpstone-dev.nl\/#website"},"primaryImageOfPage":{"@id":"https:\/\/turijnmagazijn.nl\/de\/produkt\/reparatur-set-scheibenwaschanlage-100-cm-schlauch-lancia-kappa-neu\/#primaryimage"},"image":{"@id":"https:\/\/turijnmagazijn.nl\/de\/produkt\/reparatur-set-scheibenwaschanlage-100-cm-schlauch-lancia-kappa-neu\/#primaryimage"},"thumbnailUrl":"https:\/\/turijnmagazijn.nl\/wp-content\/uploads\/2023\/03\/DN00100024_Reparatie_set_ruitensproeier_100_cm_slang_3.jpg","datePublished":"2023-03-03T07:08:37+00:00","dateModified":"2023-07-31T18:16:38+00:00","breadcrumb":{"@id":"https:\/\/turijnmagazijn.nl\/de\/produkt\/reparatur-set-scheibenwaschanlage-100-cm-schlauch-lancia-kappa-neu\/#breadcrumb"},"inLanguage":"de","potentialAction":[{"@type":"ReadAction","target":["https:\/\/turijnmagazijn.nl\/de\/produkt\/reparatur-set-scheibenwaschanlage-100-cm-schlauch-lancia-kappa-neu\/"]}]},{"@type":"ImageObject","inLanguage":"de","@id":"https:\/\/turijnmagazijn.nl\/de\/produkt\/reparatur-set-scheibenwaschanlage-100-cm-schlauch-lancia-kappa-neu\/#primaryimage","url":"https:\/\/turijnmagazijn.nl\/wp-content\/uploads\/2023\/03\/DN00100024_Reparatie_set_ruitensproeier_100_cm_slang_3.jpg","contentUrl":"https:\/\/turijnmagazijn.nl\/wp-content\/uploads\/2023\/03\/DN00100024_Reparatie_set_ruitensproeier_100_cm_slang_3.jpg","width":800,"height":600},{"@type":"BreadcrumbList","@id":"https:\/\/turijnmagazijn.nl\/de\/produkt\/reparatur-set-scheibenwaschanlage-100-cm-schlauch-lancia-kappa-neu\/#breadcrumb","itemListElement":[{"@type":"ListItem","position":1,"name":"Home","item":"https:\/\/turijnmagazijn.jumpstone-dev.nl\/"},{"@type":"ListItem","position":2,"name":"Produkte","item":"https:\/\/turijnmagazijn.nl\/de\/shop\/"},{"@type":"ListItem","position":3,"name":"Reparaturset Scheibenwaschanlage 100 cm Schlauch Fiat Lancia Alfa Romeo -NEU-"}]},{"@type":"WebSite","@id":"https:\/\/turijnmagazijn.jumpstone-dev.nl\/#website","url":"https:\/\/turijnmagazijn.jumpstone-dev.nl\/","name":"Turijnmagazijn","description":"Onderdelen nieuw en gebruikt - Fiat &amp; Lancia","publisher":{"@id":"https:\/\/turijnmagazijn.jumpstone-dev.nl\/#organization"},"potentialAction":[{"@type":"SearchAction","target":{"@type":"EntryPoint","urlTemplate":"https:\/\/turijnmagazijn.jumpstone-dev.nl\/?s={search_term_string}"},"query-input":{"@type":"PropertyValueSpecification","valueRequired":true,"valueName":"search_term_string"}}],"inLanguage":"de"},{"@type":"Organization","@id":"https:\/\/turijnmagazijn.jumpstone-dev.nl\/#organization","name":"Turijnmagazijn","url":"https:\/\/turijnmagazijn.jumpstone-dev.nl\/","logo":{"@type":"ImageObject","inLanguage":"de","@id":"https:\/\/turijnmagazijn.jumpstone-dev.nl\/#\/schema\/logo\/image\/","url":"https:\/\/turijnmagazijn.nl\/wp-content\/uploads\/2021\/02\/turijnmagazijnlogo.png","contentUrl":"https:\/\/turijnmagazijn.nl\/wp-content\/uploads\/2021\/02\/turijnmagazijnlogo.png","width":555,"height":270,"caption":"Turijnmagazijn"},"image":{"@id":"https:\/\/turijnmagazijn.jumpstone-dev.nl\/#\/schema\/logo\/image\/"},"sameAs":["https:\/\/www.facebook.com\/turijnmagazijn"]}]}},"_links":{"self":[{"href":"https:\/\/turijnmagazijn.nl\/de\/wp-json\/wp\/v2\/product\/62295","targetHints":{"allow":["GET"]}}],"collection":[{"href":"https:\/\/turijnmagazijn.nl\/de\/wp-json\/wp\/v2\/product"}],"about":[{"href":"https:\/\/turijnmagazijn.nl\/de\/wp-json\/wp\/v2\/types\/product"}],"replies":[{"embeddable":true,"href":"https:\/\/turijnmagazijn.nl\/de\/wp-json\/wp\/v2\/comments?post=62295"}],"wp:featuredmedia":[{"embeddable":true,"href":"https:\/\/turijnmagazijn.nl\/de\/wp-json\/wp\/v2\/media\/34265"}],"wp:attachment":[{"href":"https:\/\/turijnmagazijn.nl\/de\/wp-json\/wp\/v2\/media?parent=62295"}],"wp:term":[{"taxonomy":"product_brand","embeddable":true,"href":"https:\/\/turijnmagazijn.nl\/de\/wp-json\/wp\/v2\/product_brand?post=62295"},{"taxonomy":"product_cat","embeddable":true,"href":"https:\/\/turijnmagazijn.nl\/de\/wp-json\/wp\/v2\/product_cat?post=62295"},{"taxonomy":"product_tag","embeddable":true,"href":"https:\/\/turijnmagazijn.nl\/de\/wp-json\/wp\/v2\/product_tag?post=62295"}],"curies":[{"name":"wp","href":"https:\/\/api.w.org\/{rel}","templated":true}]}}