{"id":62297,"date":"2023-03-03T09:08:36","date_gmt":"2023-03-03T08:08:36","guid":{"rendered":"https:\/\/turijnmagazijn.nl\/product\/schraube-motorlager-lancia-delta-integrale-16043824-neu\/"},"modified":"2024-09-17T20:40:57","modified_gmt":"2024-09-17T18:40:57","slug":"bolzenmotorhalterung-lancia-delta-integral-16043824-neu","status":"publish","type":"product","link":"https:\/\/turijnmagazijn.nl\/de\/produkt\/bolzenmotorhalterung-lancia-delta-integral-16043824-neu\/","title":{"rendered":"Schraube Motorlager Differential und Aufh\u00e4ngung Lancia Delta Integrale 16043824 -NOW-"},"content":{"rendered":"<p>Neue originale M8 Schraube f\u00fcr Lancia Delta Integrale. Wird u.a. zur Befestigung eines Motorlagers verwendet. Verkauf pro St\u00fcck. STANDARD 8.8 Gewindel\u00e4nge 30 mm Gesamtl\u00e4nge 35 mm M8 Diese Schraube hat 6 Anwendungen am Lancia Delta Integrale: Teil Nummer 12 auf der technischen Zeichnung von EPER Zeichnung Nummer 1000200001 bez\u00fcglich der Anwendung am Lancia Delta Integrale. Pro Auto ist eine Kopie dieses Artikels erforderlich. Teil Nummer 13 auf der technischen Zeichnung von EPER Zeichnungsnummer 1011500001 bez\u00fcglich der Anwendung am Lancia Delta Integrale.<br \/>\nVon diesem Artikel werden zwei St\u00fcck pro Auto ben\u00f6tigt.<br \/>\nTeil Nummer 13 auf der technischen Zeichnung von EPER Zeichnungsnummer F789404C0A777F7F5B39D4F73EFB9F97 bez\u00fcglich der Anwendung auf dem Lancia Delta Integrale.<br \/>\nVon diesem Artikel werden zwei St\u00fcck pro Auto ben\u00f6tigt.<br \/>\nTeil Nummer 9 auf der technischen Zeichnung von EPER Zeichnungsnummer 9625FB3D04E29649D8111BB6477AE83F bez\u00fcglich der Anwendung auf dem Lancia Delta Integrale.<br \/>\nVon diesem Teil werden 3 St\u00fcck pro Auto ben\u00f6tigt.<br \/>\nTeil Nummer 15 auf der technischen Zeichnung von EPER Zeichnungsnummer E7B5CB701F74D6933519565673E132EB f\u00fcr die Anwendung auf dem Lancia Delta Integrale.       Pro Auto ist eine Kopie dieses Artikels erforderlich. Teil Nummer 9 auf der technischen Zeichnung von EPER mit der Zeichnungsnummer 5A271F0539ED26323019B863DA26DB57 f\u00fcr die Anwendung am Lancia Delta Integrale.<br \/>\nVon diesem Artikel werden 4 St\u00fcck pro Fahrzeug ben\u00f6tigt.<br \/>\nOEM Lancia 16043824    &nbsp;<\/p>\n","protected":false},"excerpt":{"rendered":"<p>16043824<\/p>\n","protected":false},"featured_media":34041,"comment_status":"open","ping_status":"closed","template":"","meta":{"_acf_changed":false},"product_brand":[],"product_cat":[1811,1807,1817,1822,1826,1834,1829,1839,1797],"product_tag":[],"class_list":{"0":"post-62297","1":"product","2":"type-product","3":"status-publish","4":"has-post-thumbnail","6":"product_cat-1-1-1-3-1-5-de","7":"product_cat-delta-1-831-de","8":"product_cat-gt-i-e-de","9":"product_cat-hf-4wd-de","10":"product_cat-hf-turbo-de","11":"product_cat-integrale-16v-de","12":"product_cat-integrale-8v-de","13":"product_cat-integrale-evo-de","14":"product_cat-lancia-de","15":"pa_soort-onderdeel-bucher-und-dokumentation","17":"first","18":"instock","19":"taxable","20":"shipping-taxable","21":"purchasable","22":"product-type-simple"},"acf":[],"yoast_head":"<!-- This site is optimized with the Yoast SEO plugin v27.3 - https:\/\/yoast.com\/product\/yoast-seo-wordpress\/ -->\n<title>Schraube Motorlager Differential und Aufh\u00e4ngung Lancia Delta Integrale 16043824 -NOW- Turijnmagazijn<\/title>\n<meta name=\"robots\" content=\"index, follow, max-snippet:-1, max-image-preview:large, max-video-preview:-1\" \/>\n<link rel=\"canonical\" href=\"https:\/\/turijnmagazijn.nl\/de\/produkt\/bolzenmotorhalterung-lancia-delta-integral-16043824-neu\/\" \/>\n<meta property=\"og:locale\" content=\"de_DE\" \/>\n<meta property=\"og:type\" content=\"article\" \/>\n<meta property=\"og:title\" content=\"Schraube Motorlager Differential und Aufh\u00e4ngung Lancia Delta Integrale 16043824 -NOW- Turijnmagazijn\" \/>\n<meta property=\"og:description\" content=\"16043824\" \/>\n<meta property=\"og:url\" content=\"https:\/\/turijnmagazijn.nl\/de\/produkt\/bolzenmotorhalterung-lancia-delta-integral-16043824-neu\/\" \/>\n<meta property=\"og:site_name\" content=\"Turijnmagazijn\" \/>\n<meta property=\"article:publisher\" content=\"https:\/\/www.facebook.com\/turijnmagazijn\" \/>\n<meta property=\"article:modified_time\" content=\"2024-09-17T18:40:57+00:00\" \/>\n<meta property=\"og:image\" content=\"https:\/\/turijnmagazijn.nl\/wp-content\/uploads\/2023\/03\/DN00100017_Bout_motorsteun_Lancia_Delta_Integrale_16043824_-NIEUW-_2.jpg\" \/>\n\t<meta property=\"og:image:width\" content=\"800\" \/>\n\t<meta property=\"og:image:height\" content=\"600\" \/>\n\t<meta property=\"og:image:type\" content=\"image\/jpeg\" \/>\n<meta name=\"twitter:card\" content=\"summary_large_image\" \/>\n<meta name=\"twitter:label1\" content=\"Gesch\u00e4tzte Lesezeit\" \/>\n\t<meta name=\"twitter:data1\" content=\"1\u00a0Minute\" \/>\n<script type=\"application\/ld+json\" class=\"yoast-schema-graph\">{\"@context\":\"https:\\\/\\\/schema.org\",\"@graph\":[{\"@type\":\"WebPage\",\"@id\":\"https:\\\/\\\/turijnmagazijn.nl\\\/de\\\/produkt\\\/bolzenmotorhalterung-lancia-delta-integral-16043824-neu\\\/\",\"url\":\"https:\\\/\\\/turijnmagazijn.nl\\\/de\\\/produkt\\\/bolzenmotorhalterung-lancia-delta-integral-16043824-neu\\\/\",\"name\":\"Schraube Motorlager Differential und Aufh\u00e4ngung Lancia Delta Integrale 16043824 -NOW- Turijnmagazijn\",\"isPartOf\":{\"@id\":\"https:\\\/\\\/turijnmagazijn.jumpstone-dev.nl\\\/#website\"},\"primaryImageOfPage\":{\"@id\":\"https:\\\/\\\/turijnmagazijn.nl\\\/de\\\/produkt\\\/bolzenmotorhalterung-lancia-delta-integral-16043824-neu\\\/#primaryimage\"},\"image\":{\"@id\":\"https:\\\/\\\/turijnmagazijn.nl\\\/de\\\/produkt\\\/bolzenmotorhalterung-lancia-delta-integral-16043824-neu\\\/#primaryimage\"},\"thumbnailUrl\":\"https:\\\/\\\/turijnmagazijn.nl\\\/wp-content\\\/uploads\\\/2023\\\/03\\\/DN00100017_Bout_motorsteun_Lancia_Delta_Integrale_16043824_-NIEUW-_2.jpg\",\"datePublished\":\"2023-03-03T08:08:36+00:00\",\"dateModified\":\"2024-09-17T18:40:57+00:00\",\"breadcrumb\":{\"@id\":\"https:\\\/\\\/turijnmagazijn.nl\\\/de\\\/produkt\\\/bolzenmotorhalterung-lancia-delta-integral-16043824-neu\\\/#breadcrumb\"},\"inLanguage\":\"de\",\"potentialAction\":[{\"@type\":\"ReadAction\",\"target\":[\"https:\\\/\\\/turijnmagazijn.nl\\\/de\\\/produkt\\\/bolzenmotorhalterung-lancia-delta-integral-16043824-neu\\\/\"]}]},{\"@type\":\"ImageObject\",\"inLanguage\":\"de\",\"@id\":\"https:\\\/\\\/turijnmagazijn.nl\\\/de\\\/produkt\\\/bolzenmotorhalterung-lancia-delta-integral-16043824-neu\\\/#primaryimage\",\"url\":\"https:\\\/\\\/turijnmagazijn.nl\\\/wp-content\\\/uploads\\\/2023\\\/03\\\/DN00100017_Bout_motorsteun_Lancia_Delta_Integrale_16043824_-NIEUW-_2.jpg\",\"contentUrl\":\"https:\\\/\\\/turijnmagazijn.nl\\\/wp-content\\\/uploads\\\/2023\\\/03\\\/DN00100017_Bout_motorsteun_Lancia_Delta_Integrale_16043824_-NIEUW-_2.jpg\",\"width\":800,\"height\":600},{\"@type\":\"BreadcrumbList\",\"@id\":\"https:\\\/\\\/turijnmagazijn.nl\\\/de\\\/produkt\\\/bolzenmotorhalterung-lancia-delta-integral-16043824-neu\\\/#breadcrumb\",\"itemListElement\":[{\"@type\":\"ListItem\",\"position\":1,\"name\":\"Home\",\"item\":\"https:\\\/\\\/turijnmagazijn.nl\\\/de\\\/\"},{\"@type\":\"ListItem\",\"position\":2,\"name\":\"Produkte\",\"item\":\"https:\\\/\\\/turijnmagazijn.nl\\\/de\\\/shop\\\/\"},{\"@type\":\"ListItem\",\"position\":3,\"name\":\"Schraube Motorlager Differential und Aufh\u00e4ngung Lancia Delta Integrale 16043824 -NOW-\"}]},{\"@type\":\"WebSite\",\"@id\":\"https:\\\/\\\/turijnmagazijn.jumpstone-dev.nl\\\/#website\",\"url\":\"https:\\\/\\\/turijnmagazijn.jumpstone-dev.nl\\\/\",\"name\":\"Turijnmagazijn\",\"description\":\"Onderdelen nieuw en gebruikt - Fiat &amp; Lancia\",\"publisher\":{\"@id\":\"https:\\\/\\\/turijnmagazijn.jumpstone-dev.nl\\\/#organization\"},\"potentialAction\":[{\"@type\":\"SearchAction\",\"target\":{\"@type\":\"EntryPoint\",\"urlTemplate\":\"https:\\\/\\\/turijnmagazijn.jumpstone-dev.nl\\\/?s={search_term_string}\"},\"query-input\":{\"@type\":\"PropertyValueSpecification\",\"valueRequired\":true,\"valueName\":\"search_term_string\"}}],\"inLanguage\":\"de\"},{\"@type\":\"Organization\",\"@id\":\"https:\\\/\\\/turijnmagazijn.jumpstone-dev.nl\\\/#organization\",\"name\":\"Turijnmagazijn\",\"url\":\"https:\\\/\\\/turijnmagazijn.jumpstone-dev.nl\\\/\",\"logo\":{\"@type\":\"ImageObject\",\"inLanguage\":\"de\",\"@id\":\"https:\\\/\\\/turijnmagazijn.jumpstone-dev.nl\\\/#\\\/schema\\\/logo\\\/image\\\/\",\"url\":\"https:\\\/\\\/turijnmagazijn.nl\\\/wp-content\\\/uploads\\\/2021\\\/02\\\/turijnmagazijnlogo.png\",\"contentUrl\":\"https:\\\/\\\/turijnmagazijn.nl\\\/wp-content\\\/uploads\\\/2021\\\/02\\\/turijnmagazijnlogo.png\",\"width\":555,\"height\":270,\"caption\":\"Turijnmagazijn\"},\"image\":{\"@id\":\"https:\\\/\\\/turijnmagazijn.jumpstone-dev.nl\\\/#\\\/schema\\\/logo\\\/image\\\/\"},\"sameAs\":[\"https:\\\/\\\/www.facebook.com\\\/turijnmagazijn\"]}]}<\/script>\n<!-- \/ Yoast SEO plugin. -->","yoast_head_json":{"title":"Schraube Motorlager Differential und Aufh\u00e4ngung Lancia Delta Integrale 16043824 -NOW- Turijnmagazijn","robots":{"index":"index","follow":"follow","max-snippet":"max-snippet:-1","max-image-preview":"max-image-preview:large","max-video-preview":"max-video-preview:-1"},"canonical":"https:\/\/turijnmagazijn.nl\/de\/produkt\/bolzenmotorhalterung-lancia-delta-integral-16043824-neu\/","og_locale":"de_DE","og_type":"article","og_title":"Schraube Motorlager Differential und Aufh\u00e4ngung Lancia Delta Integrale 16043824 -NOW- Turijnmagazijn","og_description":"16043824","og_url":"https:\/\/turijnmagazijn.nl\/de\/produkt\/bolzenmotorhalterung-lancia-delta-integral-16043824-neu\/","og_site_name":"Turijnmagazijn","article_publisher":"https:\/\/www.facebook.com\/turijnmagazijn","article_modified_time":"2024-09-17T18:40:57+00:00","og_image":[{"width":800,"height":600,"url":"https:\/\/turijnmagazijn.nl\/wp-content\/uploads\/2023\/03\/DN00100017_Bout_motorsteun_Lancia_Delta_Integrale_16043824_-NIEUW-_2.jpg","type":"image\/jpeg"}],"twitter_card":"summary_large_image","twitter_misc":{"Gesch\u00e4tzte Lesezeit":"1\u00a0Minute"},"schema":{"@context":"https:\/\/schema.org","@graph":[{"@type":"WebPage","@id":"https:\/\/turijnmagazijn.nl\/de\/produkt\/bolzenmotorhalterung-lancia-delta-integral-16043824-neu\/","url":"https:\/\/turijnmagazijn.nl\/de\/produkt\/bolzenmotorhalterung-lancia-delta-integral-16043824-neu\/","name":"Schraube Motorlager Differential und Aufh\u00e4ngung Lancia Delta Integrale 16043824 -NOW- Turijnmagazijn","isPartOf":{"@id":"https:\/\/turijnmagazijn.jumpstone-dev.nl\/#website"},"primaryImageOfPage":{"@id":"https:\/\/turijnmagazijn.nl\/de\/produkt\/bolzenmotorhalterung-lancia-delta-integral-16043824-neu\/#primaryimage"},"image":{"@id":"https:\/\/turijnmagazijn.nl\/de\/produkt\/bolzenmotorhalterung-lancia-delta-integral-16043824-neu\/#primaryimage"},"thumbnailUrl":"https:\/\/turijnmagazijn.nl\/wp-content\/uploads\/2023\/03\/DN00100017_Bout_motorsteun_Lancia_Delta_Integrale_16043824_-NIEUW-_2.jpg","datePublished":"2023-03-03T08:08:36+00:00","dateModified":"2024-09-17T18:40:57+00:00","breadcrumb":{"@id":"https:\/\/turijnmagazijn.nl\/de\/produkt\/bolzenmotorhalterung-lancia-delta-integral-16043824-neu\/#breadcrumb"},"inLanguage":"de","potentialAction":[{"@type":"ReadAction","target":["https:\/\/turijnmagazijn.nl\/de\/produkt\/bolzenmotorhalterung-lancia-delta-integral-16043824-neu\/"]}]},{"@type":"ImageObject","inLanguage":"de","@id":"https:\/\/turijnmagazijn.nl\/de\/produkt\/bolzenmotorhalterung-lancia-delta-integral-16043824-neu\/#primaryimage","url":"https:\/\/turijnmagazijn.nl\/wp-content\/uploads\/2023\/03\/DN00100017_Bout_motorsteun_Lancia_Delta_Integrale_16043824_-NIEUW-_2.jpg","contentUrl":"https:\/\/turijnmagazijn.nl\/wp-content\/uploads\/2023\/03\/DN00100017_Bout_motorsteun_Lancia_Delta_Integrale_16043824_-NIEUW-_2.jpg","width":800,"height":600},{"@type":"BreadcrumbList","@id":"https:\/\/turijnmagazijn.nl\/de\/produkt\/bolzenmotorhalterung-lancia-delta-integral-16043824-neu\/#breadcrumb","itemListElement":[{"@type":"ListItem","position":1,"name":"Home","item":"https:\/\/turijnmagazijn.nl\/de\/"},{"@type":"ListItem","position":2,"name":"Produkte","item":"https:\/\/turijnmagazijn.nl\/de\/shop\/"},{"@type":"ListItem","position":3,"name":"Schraube Motorlager Differential und Aufh\u00e4ngung Lancia Delta Integrale 16043824 -NOW-"}]},{"@type":"WebSite","@id":"https:\/\/turijnmagazijn.jumpstone-dev.nl\/#website","url":"https:\/\/turijnmagazijn.jumpstone-dev.nl\/","name":"Turijnmagazijn","description":"Onderdelen nieuw en gebruikt - Fiat &amp; Lancia","publisher":{"@id":"https:\/\/turijnmagazijn.jumpstone-dev.nl\/#organization"},"potentialAction":[{"@type":"SearchAction","target":{"@type":"EntryPoint","urlTemplate":"https:\/\/turijnmagazijn.jumpstone-dev.nl\/?s={search_term_string}"},"query-input":{"@type":"PropertyValueSpecification","valueRequired":true,"valueName":"search_term_string"}}],"inLanguage":"de"},{"@type":"Organization","@id":"https:\/\/turijnmagazijn.jumpstone-dev.nl\/#organization","name":"Turijnmagazijn","url":"https:\/\/turijnmagazijn.jumpstone-dev.nl\/","logo":{"@type":"ImageObject","inLanguage":"de","@id":"https:\/\/turijnmagazijn.jumpstone-dev.nl\/#\/schema\/logo\/image\/","url":"https:\/\/turijnmagazijn.nl\/wp-content\/uploads\/2021\/02\/turijnmagazijnlogo.png","contentUrl":"https:\/\/turijnmagazijn.nl\/wp-content\/uploads\/2021\/02\/turijnmagazijnlogo.png","width":555,"height":270,"caption":"Turijnmagazijn"},"image":{"@id":"https:\/\/turijnmagazijn.jumpstone-dev.nl\/#\/schema\/logo\/image\/"},"sameAs":["https:\/\/www.facebook.com\/turijnmagazijn"]}]}},"_links":{"self":[{"href":"https:\/\/turijnmagazijn.nl\/de\/wp-json\/wp\/v2\/product\/62297","targetHints":{"allow":["GET"]}}],"collection":[{"href":"https:\/\/turijnmagazijn.nl\/de\/wp-json\/wp\/v2\/product"}],"about":[{"href":"https:\/\/turijnmagazijn.nl\/de\/wp-json\/wp\/v2\/types\/product"}],"replies":[{"embeddable":true,"href":"https:\/\/turijnmagazijn.nl\/de\/wp-json\/wp\/v2\/comments?post=62297"}],"wp:featuredmedia":[{"embeddable":true,"href":"https:\/\/turijnmagazijn.nl\/de\/wp-json\/wp\/v2\/media\/34041"}],"wp:attachment":[{"href":"https:\/\/turijnmagazijn.nl\/de\/wp-json\/wp\/v2\/media?parent=62297"}],"wp:term":[{"taxonomy":"product_brand","embeddable":true,"href":"https:\/\/turijnmagazijn.nl\/de\/wp-json\/wp\/v2\/product_brand?post=62297"},{"taxonomy":"product_cat","embeddable":true,"href":"https:\/\/turijnmagazijn.nl\/de\/wp-json\/wp\/v2\/product_cat?post=62297"},{"taxonomy":"product_tag","embeddable":true,"href":"https:\/\/turijnmagazijn.nl\/de\/wp-json\/wp\/v2\/product_tag?post=62297"}],"curies":[{"name":"wp","href":"https:\/\/api.w.org\/{rel}","templated":true}]}}