{"id":62305,"date":"2023-03-03T09:08:36","date_gmt":"2023-03-03T08:08:36","guid":{"rendered":"https:\/\/turijnmagazijn.nl\/product\/schraube-motorlager-lancia-delta-integrale-16043424-neu\/"},"modified":"2024-09-17T21:01:32","modified_gmt":"2024-09-17T19:01:32","slug":"bolzenmotorhalterung-lancia-delta-integral-16043424-neu","status":"publish","type":"product","link":"https:\/\/turijnmagazijn.nl\/de\/produkt\/bolzenmotorhalterung-lancia-delta-integral-16043424-neu\/","title":{"rendered":"Schraube Motorlager Lancia Delta Integrale 16043424 -NEU-"},"content":{"rendered":"<p>Neue originale M8 Schraube f\u00fcr Lancia Delta Integrale. Wird u.a. zur Befestigung eines Motorlagers verwendet. Aufh\u00e4ngung, Differential, Motoranbauteile, Getriebe und Riemen. Verkauf pro St\u00fcck. LOBO 8.8 Gewindel\u00e4nge 20 mm Gesamtl\u00e4nge 25 mm M8 OEM Lancia 16043424 Dieses Teil hat 10 verschiedene Anwendungen f\u00fcr Lancia Delta Integrale: Teil Nummer 10 auf der technischen Zeichnung von EPER Zeichnungsnummer 1000200004. Pro Auto sind 3 St\u00fcck erforderlich. Teil Nummer 16 auf der technischen Zeichnung von EPER Zeichnungsnummer 1810300002 bez\u00fcglich der Anwendung auf den Lancia Delta Integrale.<br \/>\nVon diesem Artikel werden 3 St\u00fcck pro Auto ben\u00f6tigt.<br \/>\nTeil Nummer 14 auf der technischen Zeichnung von EPER Zeichnungsnummer 2120700001 bez\u00fcglich der Anwendung am Lancia Delta Integrale.<br \/>\nSie ben\u00f6tigen 2 St\u00fcck dieses Artikels pro Auto.<br \/>\nTeil Nummer 13 auf der technischen Zeichnung aus der EPER-Zeichnung Nummer 2121900001 f\u00fcr die Anwendung am Lancia Delta Integrale.<br \/>\nSie ben\u00f6tigen 2 St\u00fcck dieses Teils pro Fahrzeug.<br \/>\nTeil Nummer 7 auf der technischen Zeichnung von EPER Zeichnungsnummer F789404C0A777F7F5B39D4F73EFB9F97 bez\u00fcglich der Anwendung auf dem Lancia Delta Integrale.<br \/>\nVon diesem Artikel werden zwei St\u00fcck pro Auto ben\u00f6tigt.<br \/>\nTeil Nummer 9 auf der technischen Zeichnung von EPER Zeichnungsnummer EF8EE98A3A5FF0EAD160E15C44C51196 bez\u00fcglich der Anwendung auf dem Lancia Delta Integrale.<br \/>\nPro Fahrzeug werden sieben St\u00fcck dieses Artikels ben\u00f6tigt.<br \/>\nTeil Nummer 4 auf der technischen Zeichnung von EPER Zeichnungsnummer 9D545124BD2DBED149BF01C884314030 bez\u00fcglich der Anwendung auf dem Lancia Delta Integrale.<br \/>\nVon diesem Teil werden 4 St\u00fcck pro Auto ben\u00f6tigt.<br \/>\nTeil Nummer 6 auf der technischen Zeichnung von EPER mit der Zeichnungsnummer 0A537EE66D87B995AC297F269E3468DE f\u00fcr den Einsatz am Lancia Delta Integrale.<br \/>\nVon diesem Teil werden 4 St\u00fcck pro Auto ben\u00f6tigt.<br \/>\nTeil Nummer 13 auf der technischen Zeichnung von EPER Zeichnungsnummer 1025200001 f\u00fcr die Anwendung auf dem Lancia Delta Integrale.<br \/>\nPro Fahrzeug werden 3 St\u00fcck dieses Artikels ben\u00f6tigt.<br \/>\nTeil Nummer 11 auf der technischen Zeichnung von EPER Zeichnungsnummer 1030100002 bez\u00fcglich der Anwendung am Lancia Delta Integrale.<br \/>\nSie ben\u00f6tigen 2 St\u00fcck dieses Artikels pro Fahrzeug.                   &nbsp;<\/p>\n","protected":false},"excerpt":{"rendered":"<p>16043424 M8 Schraube Lancia Delta Integrale<\/p>\n","protected":false},"featured_media":34073,"comment_status":"open","ping_status":"closed","template":"","meta":{"_acf_changed":false},"product_brand":[],"product_cat":[1811,1807,1817,1822,1826,1834,1829,1839,1797],"product_tag":[],"class_list":{"0":"post-62305","1":"product","2":"type-product","3":"status-publish","4":"has-post-thumbnail","6":"product_cat-1-1-1-3-1-5-de","7":"product_cat-delta-1-831-de","8":"product_cat-gt-i-e-de","9":"product_cat-hf-4wd-de","10":"product_cat-hf-turbo-de","11":"product_cat-integrale-16v-de","12":"product_cat-integrale-8v-de","13":"product_cat-integrale-evo-de","14":"product_cat-lancia-de","15":"pa_soort-onderdeel-bucher-und-dokumentation","17":"first","18":"instock","19":"taxable","20":"shipping-taxable","21":"purchasable","22":"product-type-simple"},"acf":[],"yoast_head":"<!-- This site is optimized with the Yoast SEO plugin v27.2 - https:\/\/yoast.com\/product\/yoast-seo-wordpress\/ -->\n<title>Schraube Motorlager Lancia Delta Integrale 16043424 -NEU- Turijnmagazijn<\/title>\n<meta name=\"robots\" content=\"index, follow, max-snippet:-1, max-image-preview:large, max-video-preview:-1\" \/>\n<link rel=\"canonical\" href=\"https:\/\/turijnmagazijn.nl\/de\/produkt\/bolzenmotorhalterung-lancia-delta-integral-16043424-neu\/\" \/>\n<meta property=\"og:locale\" content=\"de_DE\" \/>\n<meta property=\"og:type\" content=\"article\" \/>\n<meta property=\"og:title\" content=\"Schraube Motorlager Lancia Delta Integrale 16043424 -NEU- Turijnmagazijn\" \/>\n<meta property=\"og:description\" content=\"16043424 M8 Schraube Lancia Delta Integrale\" \/>\n<meta property=\"og:url\" content=\"https:\/\/turijnmagazijn.nl\/de\/produkt\/bolzenmotorhalterung-lancia-delta-integral-16043424-neu\/\" \/>\n<meta property=\"og:site_name\" content=\"Turijnmagazijn\" \/>\n<meta property=\"article:publisher\" content=\"https:\/\/www.facebook.com\/turijnmagazijn\" \/>\n<meta property=\"article:modified_time\" content=\"2024-09-17T19:01:32+00:00\" \/>\n<meta property=\"og:image\" content=\"https:\/\/turijnmagazijn.nl\/wp-content\/uploads\/2023\/03\/DN00100019_Bout_motorsteun_Lancia_Delta_Integrale_16043424_-NIEUW-_1.jpg\" \/>\n\t<meta property=\"og:image:width\" content=\"800\" \/>\n\t<meta property=\"og:image:height\" content=\"600\" \/>\n\t<meta property=\"og:image:type\" content=\"image\/jpeg\" \/>\n<meta name=\"twitter:card\" content=\"summary_large_image\" \/>\n<meta name=\"twitter:label1\" content=\"Gesch\u00e4tzte Lesezeit\" \/>\n\t<meta name=\"twitter:data1\" content=\"2\u00a0Minuten\" \/>\n<script type=\"application\/ld+json\" class=\"yoast-schema-graph\">{\"@context\":\"https:\/\/schema.org\",\"@graph\":[{\"@type\":\"WebPage\",\"@id\":\"https:\/\/turijnmagazijn.nl\/de\/produkt\/bolzenmotorhalterung-lancia-delta-integral-16043424-neu\/\",\"url\":\"https:\/\/turijnmagazijn.nl\/de\/produkt\/bolzenmotorhalterung-lancia-delta-integral-16043424-neu\/\",\"name\":\"Schraube Motorlager Lancia Delta Integrale 16043424 -NEU- Turijnmagazijn\",\"isPartOf\":{\"@id\":\"https:\/\/turijnmagazijn.jumpstone-dev.nl\/#website\"},\"primaryImageOfPage\":{\"@id\":\"https:\/\/turijnmagazijn.nl\/de\/produkt\/bolzenmotorhalterung-lancia-delta-integral-16043424-neu\/#primaryimage\"},\"image\":{\"@id\":\"https:\/\/turijnmagazijn.nl\/de\/produkt\/bolzenmotorhalterung-lancia-delta-integral-16043424-neu\/#primaryimage\"},\"thumbnailUrl\":\"https:\/\/turijnmagazijn.nl\/wp-content\/uploads\/2023\/03\/DN00100019_Bout_motorsteun_Lancia_Delta_Integrale_16043424_-NIEUW-_1.jpg\",\"datePublished\":\"2023-03-03T08:08:36+00:00\",\"dateModified\":\"2024-09-17T19:01:32+00:00\",\"breadcrumb\":{\"@id\":\"https:\/\/turijnmagazijn.nl\/de\/produkt\/bolzenmotorhalterung-lancia-delta-integral-16043424-neu\/#breadcrumb\"},\"inLanguage\":\"de\",\"potentialAction\":[{\"@type\":\"ReadAction\",\"target\":[\"https:\/\/turijnmagazijn.nl\/de\/produkt\/bolzenmotorhalterung-lancia-delta-integral-16043424-neu\/\"]}]},{\"@type\":\"ImageObject\",\"inLanguage\":\"de\",\"@id\":\"https:\/\/turijnmagazijn.nl\/de\/produkt\/bolzenmotorhalterung-lancia-delta-integral-16043424-neu\/#primaryimage\",\"url\":\"https:\/\/turijnmagazijn.nl\/wp-content\/uploads\/2023\/03\/DN00100019_Bout_motorsteun_Lancia_Delta_Integrale_16043424_-NIEUW-_1.jpg\",\"contentUrl\":\"https:\/\/turijnmagazijn.nl\/wp-content\/uploads\/2023\/03\/DN00100019_Bout_motorsteun_Lancia_Delta_Integrale_16043424_-NIEUW-_1.jpg\",\"width\":800,\"height\":600},{\"@type\":\"BreadcrumbList\",\"@id\":\"https:\/\/turijnmagazijn.nl\/de\/produkt\/bolzenmotorhalterung-lancia-delta-integral-16043424-neu\/#breadcrumb\",\"itemListElement\":[{\"@type\":\"ListItem\",\"position\":1,\"name\":\"Home\",\"item\":\"https:\/\/turijnmagazijn.nl\/de\/\"},{\"@type\":\"ListItem\",\"position\":2,\"name\":\"Produkte\",\"item\":\"https:\/\/turijnmagazijn.nl\/de\/shop\/\"},{\"@type\":\"ListItem\",\"position\":3,\"name\":\"Schraube Motorlager Lancia Delta Integrale 16043424 -NEU-\"}]},{\"@type\":\"WebSite\",\"@id\":\"https:\/\/turijnmagazijn.jumpstone-dev.nl\/#website\",\"url\":\"https:\/\/turijnmagazijn.jumpstone-dev.nl\/\",\"name\":\"Turijnmagazijn\",\"description\":\"Onderdelen nieuw en gebruikt - Fiat &amp; Lancia\",\"publisher\":{\"@id\":\"https:\/\/turijnmagazijn.jumpstone-dev.nl\/#organization\"},\"potentialAction\":[{\"@type\":\"SearchAction\",\"target\":{\"@type\":\"EntryPoint\",\"urlTemplate\":\"https:\/\/turijnmagazijn.jumpstone-dev.nl\/?s={search_term_string}\"},\"query-input\":{\"@type\":\"PropertyValueSpecification\",\"valueRequired\":true,\"valueName\":\"search_term_string\"}}],\"inLanguage\":\"de\"},{\"@type\":\"Organization\",\"@id\":\"https:\/\/turijnmagazijn.jumpstone-dev.nl\/#organization\",\"name\":\"Turijnmagazijn\",\"url\":\"https:\/\/turijnmagazijn.jumpstone-dev.nl\/\",\"logo\":{\"@type\":\"ImageObject\",\"inLanguage\":\"de\",\"@id\":\"https:\/\/turijnmagazijn.jumpstone-dev.nl\/#\/schema\/logo\/image\/\",\"url\":\"https:\/\/turijnmagazijn.nl\/wp-content\/uploads\/2021\/02\/turijnmagazijnlogo.png\",\"contentUrl\":\"https:\/\/turijnmagazijn.nl\/wp-content\/uploads\/2021\/02\/turijnmagazijnlogo.png\",\"width\":555,\"height\":270,\"caption\":\"Turijnmagazijn\"},\"image\":{\"@id\":\"https:\/\/turijnmagazijn.jumpstone-dev.nl\/#\/schema\/logo\/image\/\"},\"sameAs\":[\"https:\/\/www.facebook.com\/turijnmagazijn\"]}]}<\/script>\n<!-- \/ Yoast SEO plugin. -->","yoast_head_json":{"title":"Schraube Motorlager Lancia Delta Integrale 16043424 -NEU- Turijnmagazijn","robots":{"index":"index","follow":"follow","max-snippet":"max-snippet:-1","max-image-preview":"max-image-preview:large","max-video-preview":"max-video-preview:-1"},"canonical":"https:\/\/turijnmagazijn.nl\/de\/produkt\/bolzenmotorhalterung-lancia-delta-integral-16043424-neu\/","og_locale":"de_DE","og_type":"article","og_title":"Schraube Motorlager Lancia Delta Integrale 16043424 -NEU- Turijnmagazijn","og_description":"16043424 M8 Schraube Lancia Delta Integrale","og_url":"https:\/\/turijnmagazijn.nl\/de\/produkt\/bolzenmotorhalterung-lancia-delta-integral-16043424-neu\/","og_site_name":"Turijnmagazijn","article_publisher":"https:\/\/www.facebook.com\/turijnmagazijn","article_modified_time":"2024-09-17T19:01:32+00:00","og_image":[{"width":800,"height":600,"url":"https:\/\/turijnmagazijn.nl\/wp-content\/uploads\/2023\/03\/DN00100019_Bout_motorsteun_Lancia_Delta_Integrale_16043424_-NIEUW-_1.jpg","type":"image\/jpeg"}],"twitter_card":"summary_large_image","twitter_misc":{"Gesch\u00e4tzte Lesezeit":"2\u00a0Minuten"},"schema":{"@context":"https:\/\/schema.org","@graph":[{"@type":"WebPage","@id":"https:\/\/turijnmagazijn.nl\/de\/produkt\/bolzenmotorhalterung-lancia-delta-integral-16043424-neu\/","url":"https:\/\/turijnmagazijn.nl\/de\/produkt\/bolzenmotorhalterung-lancia-delta-integral-16043424-neu\/","name":"Schraube Motorlager Lancia Delta Integrale 16043424 -NEU- Turijnmagazijn","isPartOf":{"@id":"https:\/\/turijnmagazijn.jumpstone-dev.nl\/#website"},"primaryImageOfPage":{"@id":"https:\/\/turijnmagazijn.nl\/de\/produkt\/bolzenmotorhalterung-lancia-delta-integral-16043424-neu\/#primaryimage"},"image":{"@id":"https:\/\/turijnmagazijn.nl\/de\/produkt\/bolzenmotorhalterung-lancia-delta-integral-16043424-neu\/#primaryimage"},"thumbnailUrl":"https:\/\/turijnmagazijn.nl\/wp-content\/uploads\/2023\/03\/DN00100019_Bout_motorsteun_Lancia_Delta_Integrale_16043424_-NIEUW-_1.jpg","datePublished":"2023-03-03T08:08:36+00:00","dateModified":"2024-09-17T19:01:32+00:00","breadcrumb":{"@id":"https:\/\/turijnmagazijn.nl\/de\/produkt\/bolzenmotorhalterung-lancia-delta-integral-16043424-neu\/#breadcrumb"},"inLanguage":"de","potentialAction":[{"@type":"ReadAction","target":["https:\/\/turijnmagazijn.nl\/de\/produkt\/bolzenmotorhalterung-lancia-delta-integral-16043424-neu\/"]}]},{"@type":"ImageObject","inLanguage":"de","@id":"https:\/\/turijnmagazijn.nl\/de\/produkt\/bolzenmotorhalterung-lancia-delta-integral-16043424-neu\/#primaryimage","url":"https:\/\/turijnmagazijn.nl\/wp-content\/uploads\/2023\/03\/DN00100019_Bout_motorsteun_Lancia_Delta_Integrale_16043424_-NIEUW-_1.jpg","contentUrl":"https:\/\/turijnmagazijn.nl\/wp-content\/uploads\/2023\/03\/DN00100019_Bout_motorsteun_Lancia_Delta_Integrale_16043424_-NIEUW-_1.jpg","width":800,"height":600},{"@type":"BreadcrumbList","@id":"https:\/\/turijnmagazijn.nl\/de\/produkt\/bolzenmotorhalterung-lancia-delta-integral-16043424-neu\/#breadcrumb","itemListElement":[{"@type":"ListItem","position":1,"name":"Home","item":"https:\/\/turijnmagazijn.nl\/de\/"},{"@type":"ListItem","position":2,"name":"Produkte","item":"https:\/\/turijnmagazijn.nl\/de\/shop\/"},{"@type":"ListItem","position":3,"name":"Schraube Motorlager Lancia Delta Integrale 16043424 -NEU-"}]},{"@type":"WebSite","@id":"https:\/\/turijnmagazijn.jumpstone-dev.nl\/#website","url":"https:\/\/turijnmagazijn.jumpstone-dev.nl\/","name":"Turijnmagazijn","description":"Onderdelen nieuw en gebruikt - Fiat &amp; Lancia","publisher":{"@id":"https:\/\/turijnmagazijn.jumpstone-dev.nl\/#organization"},"potentialAction":[{"@type":"SearchAction","target":{"@type":"EntryPoint","urlTemplate":"https:\/\/turijnmagazijn.jumpstone-dev.nl\/?s={search_term_string}"},"query-input":{"@type":"PropertyValueSpecification","valueRequired":true,"valueName":"search_term_string"}}],"inLanguage":"de"},{"@type":"Organization","@id":"https:\/\/turijnmagazijn.jumpstone-dev.nl\/#organization","name":"Turijnmagazijn","url":"https:\/\/turijnmagazijn.jumpstone-dev.nl\/","logo":{"@type":"ImageObject","inLanguage":"de","@id":"https:\/\/turijnmagazijn.jumpstone-dev.nl\/#\/schema\/logo\/image\/","url":"https:\/\/turijnmagazijn.nl\/wp-content\/uploads\/2021\/02\/turijnmagazijnlogo.png","contentUrl":"https:\/\/turijnmagazijn.nl\/wp-content\/uploads\/2021\/02\/turijnmagazijnlogo.png","width":555,"height":270,"caption":"Turijnmagazijn"},"image":{"@id":"https:\/\/turijnmagazijn.jumpstone-dev.nl\/#\/schema\/logo\/image\/"},"sameAs":["https:\/\/www.facebook.com\/turijnmagazijn"]}]}},"_links":{"self":[{"href":"https:\/\/turijnmagazijn.nl\/de\/wp-json\/wp\/v2\/product\/62305","targetHints":{"allow":["GET"]}}],"collection":[{"href":"https:\/\/turijnmagazijn.nl\/de\/wp-json\/wp\/v2\/product"}],"about":[{"href":"https:\/\/turijnmagazijn.nl\/de\/wp-json\/wp\/v2\/types\/product"}],"replies":[{"embeddable":true,"href":"https:\/\/turijnmagazijn.nl\/de\/wp-json\/wp\/v2\/comments?post=62305"}],"wp:featuredmedia":[{"embeddable":true,"href":"https:\/\/turijnmagazijn.nl\/de\/wp-json\/wp\/v2\/media\/34073"}],"wp:attachment":[{"href":"https:\/\/turijnmagazijn.nl\/de\/wp-json\/wp\/v2\/media?parent=62305"}],"wp:term":[{"taxonomy":"product_brand","embeddable":true,"href":"https:\/\/turijnmagazijn.nl\/de\/wp-json\/wp\/v2\/product_brand?post=62305"},{"taxonomy":"product_cat","embeddable":true,"href":"https:\/\/turijnmagazijn.nl\/de\/wp-json\/wp\/v2\/product_cat?post=62305"},{"taxonomy":"product_tag","embeddable":true,"href":"https:\/\/turijnmagazijn.nl\/de\/wp-json\/wp\/v2\/product_tag?post=62305"}],"curies":[{"name":"wp","href":"https:\/\/api.w.org\/{rel}","templated":true}]}}