{"id":62327,"date":"2023-03-03T08:08:59","date_gmt":"2023-03-03T07:08:59","guid":{"rendered":"https:\/\/turijnmagazijn.nl\/product\/widerstand-kuehlerluefter-fiat-lancia-alfa-romeo-neu\/"},"modified":"2025-05-29T16:13:29","modified_gmt":"2025-05-29T14:13:29","slug":"widerstandskuhler-lufter-fiat-lancia-alpha-romeo-neu","status":"publish","type":"product","link":"https:\/\/turijnmagazijn.nl\/de\/produkt\/widerstandskuhler-lufter-fiat-lancia-alpha-romeo-neu\/","title":{"rendered":"Widerstand K\u00fchlerl\u00fcfter Fiat\/Lancia\/Alfa Romeo -NEU-"},"content":{"rendered":"<p style=\"margin-bottom: 10px; line-height: 20.79px; font-size: 13px;\">Neuer Widerstand f\u00fcr den L\u00fcfter \/ L\u00fcfter des K\u00fchlers mit einem Widerstand von 0,18 Ohm. Diese Art von Widerstand wurde bei einer sehr gro\u00dfen Anzahl von Fiat Lancia- und Alfa Romeo-Modellen angewendet. Es handelt sich um ein in China hergestelltes Nachahmungsteil. Die Verarbeitungsqualit\u00e4t ist etwas geringer als die in Italien hergestellten Originalwiderst\u00e4nde, die der H\u00e4ndler liefert und vorschreibt. Allerdings kostet ein Originalwiderstand \u00fcber den H\u00e4ndler mindestens 60,-, selbst wenn man diesen Widerstand nur die halbe Lebensdauer eines Originalwiderstandes bekommt, ist man immer noch g\u00fcnstiger!<\/p>\n<p style=\"margin-bottom: 10px; line-height: 20.79px; font-size: 13px;\"><span style=\"line-height: 20.79px; font-size: 13.33px;\">L\u00fcfterwiderstand 0,18 Ohm Typ R19K Markierung A563<\/span><\/p>\n<p>  Teil Nummer 2 auf der technischen Zeichnung von EPER Zeichnungsnummer 1040900001 f\u00fcr die Anwendung am Lancia Delta Integrale.<br \/>\nPro Fahrzeug ist ein Exemplar dieses Teils erforderlich.   <\/p>\n<p style=\"margin-bottom: 10px; line-height: 20.79px; font-size: 13px;\">Anwendbar auf folgende Fahrzeuge:<\/p>\n<table class=\"table table-bordered\">\n<tbody>\n<tr>\n<td><span style=\"font-weight: bold;\">Alfa Romeo: <\/span><\/td>\n<td><span style=\"font-weight: bold;\">Lancia:<\/span><\/td>\n<td><span style=\"font-weight: bold;\">Fiat:<\/span><\/td>\n<\/tr>\n<tr>\n<td>145<\/td>\n<td>LANCIA DEDRA<\/td>\n<td>Barchetta<\/td>\n<\/tr>\n<tr>\n<td>146<\/td>\n<td>LANCIA DELTA<\/td>\n<td>Idee<\/td>\n<\/tr>\n<tr>\n<td>147<\/td>\n<td>LANCIA KAPPA<\/td>\n<td>Punto II (1999-2009)<\/td>\n<\/tr>\n<tr>\n<td>155<\/td>\n<td>LANCIA LYBRA<\/td>\n<td>Bravo (1995-2001)<\/td>\n<\/tr>\n<tr>\n<td>156<\/td>\n<td>LANCIA THEMA<\/td>\n<td>Brava (1995-2001)<\/td>\n<\/tr>\n<tr>\n<td>164<\/td>\n<td>LANCIA Y<\/td>\n<td>Stilo (2001-2007)<\/td>\n<\/tr>\n<tr>\n<td>166<\/td>\n<td><\/td>\n<td>Multipla (1998-2005)<\/td>\n<\/tr>\n<tr>\n<td>SPIDER<\/td>\n<td><\/td>\n<td>Marea<\/td>\n<\/tr>\n<tr>\n<td> GTV &#8211; GT<\/td>\n<td><\/td>\n<td>Coup\u00e9 (1996-2000)<\/td>\n<\/tr>\n<\/tbody>\n<\/table>\n<p style=\"margin-bottom: 10px; line-height: 20.79px; font-size: 13px;\">Wenn der Widerstand Ihres Autos defekt ist, funktioniert die Schaltfunktion des L\u00fcfters nicht mehr richtig und der L\u00fcfter kann nur noch mit voller Leistung oder ausgeschaltet laufen, nicht mehr mit halber Leistung. Der Austausch des Widerstands l\u00f6st dieses Problem und verhindert eine \u00dcberhitzung des K\u00fchlwassers.<\/p>\n<p style=\"margin-bottom: 10px; line-height: 20.79px; font-size: 13px;\"><span style=\"font-weight: bold;\">Wir haben dieses Teil in den Niederlanden auf Lager, also innerhalb von zwei Werktagen bei Ihnen zu Hause!<\/span><\/p>\n<p style=\"margin-bottom: 10px; line-height: 20.79px;\">OEM-Nr. ALFA ROMEO: 60692416<\/p>\n<p style=\"margin-bottom: 10px; line-height: 20.79px;\">OEM-NUMMER ALFA ROMEO: 60656300<\/p>\n<p style=\"margin-bottom: 10px; line-height: 20.79px;\">OEM-NUMMER ALFA ROMEO: 60617160<\/p>\n<p style=\"margin-bottom: 10px; line-height: 20.79px;\">Fiat OE-Nummer: 51736774<\/p>\n<p style=\"margin-bottom: 10px; line-height: 20.79px;\">Fiat OEM-Nummer: 46533716<\/p>\n<p style=\"margin-bottom: 10px; line-height: 20.79px;\">Fiat OEM-Nummer: 51736776<\/p>\n<p style=\"margin-bottom: 10px; line-height: 20.79px;\">Fiat OEM-Nummer: 7782831<\/p>\n<p style=\"margin-bottom: 10px; line-height: 20.79px;\">Fiat OEM-Nummer: 7739435<\/p>\n<p style=\"margin-bottom: 10px; line-height: 20.79px;\">Fiat OE-Nummer: 7606530<\/p>\n<p style=\"margin-bottom: 10px; line-height: 20.79px;\">OEM-Nr. LANCIA: 7739435<\/p>\n<p style=\"margin-bottom: 10px; line-height: 20.79px;\">OEM-Nr. LANCIA: 7782831<\/p>\n<p style=\"margin-bottom: 10px; line-height: 20.79px;\">OEM-Nr. LANCIA: 60811737<\/p>\n<p style=\"margin-bottom: 10px; line-height: 20.79px;\">OEM-Nr. LANCIA: 71740060<\/p>\n<p style=\"margin-bottom: 10px; line-height: 20.79px;\">OEM-Nr. LANCIA: 51736774<\/p>\n<p style=\"margin-bottom: 10px; line-height: 20.79px;\">OEM-Nr. LANCIA: 60658834<\/p>\n<p style=\"margin-bottom: 10px; line-height: 20.79px;\">OEM-Nr. LANCIA: 51736776<\/p>\n","protected":false},"excerpt":{"rendered":"<p>7739435 Widerstand K\u00fchlerl\u00fcfter Fiat\/Lancia\/Alfa Romeo -NEU- &#8211; Neuer Widerstand f\u00fcr den K\u00fchlgebl\u00e4se \/ L\u00fcfter des K\u00fchlers mit einem Widerstand von 0,18 Ohm.<\/p>\n","protected":false},"featured_media":34481,"comment_status":"closed","ping_status":"closed","template":"","meta":{"_acf_changed":false},"product_brand":[],"product_cat":[1811,1599,1603,1605,1612,1616,1656,1651,1847,1849,1765,1770,1584,1704,1864,1710,1867,1717,1803,1807,1844,1689,1632,1817,1634,1822,1826,1834,1829,1839,1859,1797,1874,1734,1737,1775,1751,1883,1619,1621,1762,1869,1878,1894,1904,1900,1913],"product_tag":[],"class_list":{"0":"post-62327","1":"product","2":"type-product","3":"status-publish","4":"has-post-thumbnail","6":"product_cat-1-1-1-3-1-5-de","7":"product_cat-145-930a-de","8":"product_cat-146-930b-de","9":"product_cat-147-937-de","10":"product_cat-155-167-de","11":"product_cat-156-932-de","12":"product_cat-164-164-de","13":"product_cat-166-936-de","14":"product_cat-3-deurs-hpe-de","15":"product_cat-5-deurs-de","16":"product_cat-5drs-de","17":"product_cat-abarth-3drs-de","18":"product_cat-alfa-romeo-de","19":"product_cat-barchetta-183-de","20":"product_cat-berlina-de","21":"product_cat-bravo-198-de","22":"product_cat-coupe-de","23":"product_cat-coupe-175-de","24":"product_cat-dedra-835-de","25":"product_cat-delta-1-831-de","26":"product_cat-delta-2-836-de","27":"product_cat-fiat-de","28":"product_cat-gt-937-de","29":"product_cat-gt-i-e-de","30":"product_cat-gtv-916-de","31":"product_cat-hf-4wd-de","32":"product_cat-hf-turbo-de","33":"product_cat-integrale-16v-de","34":"product_cat-integrale-8v-de","35":"product_cat-integrale-evo-de","36":"product_cat-kappa-838-de","37":"product_cat-lancia-de","38":"product_cat-lybra-839-de","39":"product_cat-marea-185-de","40":"product_cat-multipla-186-de","41":"product_cat-multiwagon-de","42":"product_cat-punto-2-188-de","43":"product_cat-sedan-lybra-839-de","44":"product_cat-sedan-de","45":"product_cat-sportwagon-de","46":"product_cat-stilo-192-de","47":"product_cat-sw-de","48":"product_cat-sw-lybra-839-de","49":"product_cat-thema-834-de","50":"product_cat-thema-sedan-de","51":"product_cat-thema-sw-de","52":"product_cat-ypsilon-1-840-de","53":"pa_soort-onderdeel-elektronik-und-kabel","55":"first","56":"instock","57":"taxable","58":"shipping-taxable","59":"purchasable","60":"product-type-simple"},"acf":[],"yoast_head":"<!-- This site is optimized with the Yoast SEO plugin v27.3 - https:\/\/yoast.com\/product\/yoast-seo-wordpress\/ -->\n<title>Widerstand K\u00fchlerl\u00fcfter Fiat\/Lancia\/Alfa Romeo -NEU- Turijnmagazijn<\/title>\n<meta name=\"robots\" content=\"index, follow, max-snippet:-1, max-image-preview:large, max-video-preview:-1\" \/>\n<link rel=\"canonical\" href=\"https:\/\/turijnmagazijn.nl\/de\/produkt\/widerstandskuhler-lufter-fiat-lancia-alpha-romeo-neu\/\" \/>\n<meta property=\"og:locale\" content=\"de_DE\" \/>\n<meta property=\"og:type\" content=\"article\" \/>\n<meta property=\"og:title\" content=\"Widerstand K\u00fchlerl\u00fcfter Fiat\/Lancia\/Alfa Romeo -NEU- Turijnmagazijn\" \/>\n<meta property=\"og:description\" content=\"7739435 Widerstand K\u00fchlerl\u00fcfter Fiat\/Lancia\/Alfa Romeo -NEU- - Neuer Widerstand f\u00fcr den K\u00fchlgebl\u00e4se \/ L\u00fcfter des K\u00fchlers mit einem Widerstand von 0,18 Ohm.\" \/>\n<meta property=\"og:url\" content=\"https:\/\/turijnmagazijn.nl\/de\/produkt\/widerstandskuhler-lufter-fiat-lancia-alpha-romeo-neu\/\" \/>\n<meta property=\"og:site_name\" content=\"Turijnmagazijn\" \/>\n<meta property=\"article:publisher\" content=\"https:\/\/www.facebook.com\/turijnmagazijn\" \/>\n<meta property=\"article:modified_time\" content=\"2025-05-29T14:13:29+00:00\" \/>\n<meta property=\"og:image\" content=\"https:\/\/turijnmagazijn.nl\/wp-content\/uploads\/2023\/03\/DN00100032-Weerstand-Radiateur-Ventilator-Fiat-Lancia-Alfa-Romeo-NIEUW-4.jpg\" \/>\n\t<meta property=\"og:image:width\" content=\"1024\" \/>\n\t<meta property=\"og:image:height\" content=\"768\" \/>\n\t<meta property=\"og:image:type\" content=\"image\/jpeg\" \/>\n<meta name=\"twitter:card\" content=\"summary_large_image\" \/>\n<meta name=\"twitter:label1\" content=\"Gesch\u00e4tzte Lesezeit\" \/>\n\t<meta name=\"twitter:data1\" content=\"1\u00a0Minute\" \/>\n<script type=\"application\/ld+json\" class=\"yoast-schema-graph\">{\"@context\":\"https:\\\/\\\/schema.org\",\"@graph\":[{\"@type\":\"WebPage\",\"@id\":\"https:\\\/\\\/turijnmagazijn.nl\\\/de\\\/produkt\\\/widerstandskuhler-lufter-fiat-lancia-alpha-romeo-neu\\\/\",\"url\":\"https:\\\/\\\/turijnmagazijn.nl\\\/de\\\/produkt\\\/widerstandskuhler-lufter-fiat-lancia-alpha-romeo-neu\\\/\",\"name\":\"Widerstand K\u00fchlerl\u00fcfter Fiat\\\/Lancia\\\/Alfa Romeo -NEU- Turijnmagazijn\",\"isPartOf\":{\"@id\":\"https:\\\/\\\/turijnmagazijn.jumpstone-dev.nl\\\/#website\"},\"primaryImageOfPage\":{\"@id\":\"https:\\\/\\\/turijnmagazijn.nl\\\/de\\\/produkt\\\/widerstandskuhler-lufter-fiat-lancia-alpha-romeo-neu\\\/#primaryimage\"},\"image\":{\"@id\":\"https:\\\/\\\/turijnmagazijn.nl\\\/de\\\/produkt\\\/widerstandskuhler-lufter-fiat-lancia-alpha-romeo-neu\\\/#primaryimage\"},\"thumbnailUrl\":\"https:\\\/\\\/turijnmagazijn.nl\\\/wp-content\\\/uploads\\\/2023\\\/03\\\/DN00100032-Weerstand-Radiateur-Ventilator-Fiat-Lancia-Alfa-Romeo-NIEUW-4.jpg\",\"datePublished\":\"2023-03-03T07:08:59+00:00\",\"dateModified\":\"2025-05-29T14:13:29+00:00\",\"breadcrumb\":{\"@id\":\"https:\\\/\\\/turijnmagazijn.nl\\\/de\\\/produkt\\\/widerstandskuhler-lufter-fiat-lancia-alpha-romeo-neu\\\/#breadcrumb\"},\"inLanguage\":\"de\",\"potentialAction\":[{\"@type\":\"ReadAction\",\"target\":[\"https:\\\/\\\/turijnmagazijn.nl\\\/de\\\/produkt\\\/widerstandskuhler-lufter-fiat-lancia-alpha-romeo-neu\\\/\"]}]},{\"@type\":\"ImageObject\",\"inLanguage\":\"de\",\"@id\":\"https:\\\/\\\/turijnmagazijn.nl\\\/de\\\/produkt\\\/widerstandskuhler-lufter-fiat-lancia-alpha-romeo-neu\\\/#primaryimage\",\"url\":\"https:\\\/\\\/turijnmagazijn.nl\\\/wp-content\\\/uploads\\\/2023\\\/03\\\/DN00100032-Weerstand-Radiateur-Ventilator-Fiat-Lancia-Alfa-Romeo-NIEUW-4.jpg\",\"contentUrl\":\"https:\\\/\\\/turijnmagazijn.nl\\\/wp-content\\\/uploads\\\/2023\\\/03\\\/DN00100032-Weerstand-Radiateur-Ventilator-Fiat-Lancia-Alfa-Romeo-NIEUW-4.jpg\",\"width\":1024,\"height\":768},{\"@type\":\"BreadcrumbList\",\"@id\":\"https:\\\/\\\/turijnmagazijn.nl\\\/de\\\/produkt\\\/widerstandskuhler-lufter-fiat-lancia-alpha-romeo-neu\\\/#breadcrumb\",\"itemListElement\":[{\"@type\":\"ListItem\",\"position\":1,\"name\":\"Home\",\"item\":\"https:\\\/\\\/turijnmagazijn.nl\\\/de\\\/\"},{\"@type\":\"ListItem\",\"position\":2,\"name\":\"Produkte\",\"item\":\"https:\\\/\\\/turijnmagazijn.nl\\\/de\\\/shop\\\/\"},{\"@type\":\"ListItem\",\"position\":3,\"name\":\"Widerstand K\u00fchlerl\u00fcfter Fiat\\\/Lancia\\\/Alfa Romeo -NEU-\"}]},{\"@type\":\"WebSite\",\"@id\":\"https:\\\/\\\/turijnmagazijn.jumpstone-dev.nl\\\/#website\",\"url\":\"https:\\\/\\\/turijnmagazijn.jumpstone-dev.nl\\\/\",\"name\":\"Turijnmagazijn\",\"description\":\"Onderdelen nieuw en gebruikt - Fiat &amp; Lancia\",\"publisher\":{\"@id\":\"https:\\\/\\\/turijnmagazijn.jumpstone-dev.nl\\\/#organization\"},\"potentialAction\":[{\"@type\":\"SearchAction\",\"target\":{\"@type\":\"EntryPoint\",\"urlTemplate\":\"https:\\\/\\\/turijnmagazijn.jumpstone-dev.nl\\\/?s={search_term_string}\"},\"query-input\":{\"@type\":\"PropertyValueSpecification\",\"valueRequired\":true,\"valueName\":\"search_term_string\"}}],\"inLanguage\":\"de\"},{\"@type\":\"Organization\",\"@id\":\"https:\\\/\\\/turijnmagazijn.jumpstone-dev.nl\\\/#organization\",\"name\":\"Turijnmagazijn\",\"url\":\"https:\\\/\\\/turijnmagazijn.jumpstone-dev.nl\\\/\",\"logo\":{\"@type\":\"ImageObject\",\"inLanguage\":\"de\",\"@id\":\"https:\\\/\\\/turijnmagazijn.jumpstone-dev.nl\\\/#\\\/schema\\\/logo\\\/image\\\/\",\"url\":\"https:\\\/\\\/turijnmagazijn.nl\\\/wp-content\\\/uploads\\\/2021\\\/02\\\/turijnmagazijnlogo.png\",\"contentUrl\":\"https:\\\/\\\/turijnmagazijn.nl\\\/wp-content\\\/uploads\\\/2021\\\/02\\\/turijnmagazijnlogo.png\",\"width\":555,\"height\":270,\"caption\":\"Turijnmagazijn\"},\"image\":{\"@id\":\"https:\\\/\\\/turijnmagazijn.jumpstone-dev.nl\\\/#\\\/schema\\\/logo\\\/image\\\/\"},\"sameAs\":[\"https:\\\/\\\/www.facebook.com\\\/turijnmagazijn\"]}]}<\/script>\n<!-- \/ Yoast SEO plugin. -->","yoast_head_json":{"title":"Widerstand K\u00fchlerl\u00fcfter Fiat\/Lancia\/Alfa Romeo -NEU- Turijnmagazijn","robots":{"index":"index","follow":"follow","max-snippet":"max-snippet:-1","max-image-preview":"max-image-preview:large","max-video-preview":"max-video-preview:-1"},"canonical":"https:\/\/turijnmagazijn.nl\/de\/produkt\/widerstandskuhler-lufter-fiat-lancia-alpha-romeo-neu\/","og_locale":"de_DE","og_type":"article","og_title":"Widerstand K\u00fchlerl\u00fcfter Fiat\/Lancia\/Alfa Romeo -NEU- Turijnmagazijn","og_description":"7739435 Widerstand K\u00fchlerl\u00fcfter Fiat\/Lancia\/Alfa Romeo -NEU- - Neuer Widerstand f\u00fcr den K\u00fchlgebl\u00e4se \/ L\u00fcfter des K\u00fchlers mit einem Widerstand von 0,18 Ohm.","og_url":"https:\/\/turijnmagazijn.nl\/de\/produkt\/widerstandskuhler-lufter-fiat-lancia-alpha-romeo-neu\/","og_site_name":"Turijnmagazijn","article_publisher":"https:\/\/www.facebook.com\/turijnmagazijn","article_modified_time":"2025-05-29T14:13:29+00:00","og_image":[{"width":1024,"height":768,"url":"https:\/\/turijnmagazijn.nl\/wp-content\/uploads\/2023\/03\/DN00100032-Weerstand-Radiateur-Ventilator-Fiat-Lancia-Alfa-Romeo-NIEUW-4.jpg","type":"image\/jpeg"}],"twitter_card":"summary_large_image","twitter_misc":{"Gesch\u00e4tzte Lesezeit":"1\u00a0Minute"},"schema":{"@context":"https:\/\/schema.org","@graph":[{"@type":"WebPage","@id":"https:\/\/turijnmagazijn.nl\/de\/produkt\/widerstandskuhler-lufter-fiat-lancia-alpha-romeo-neu\/","url":"https:\/\/turijnmagazijn.nl\/de\/produkt\/widerstandskuhler-lufter-fiat-lancia-alpha-romeo-neu\/","name":"Widerstand K\u00fchlerl\u00fcfter Fiat\/Lancia\/Alfa Romeo -NEU- Turijnmagazijn","isPartOf":{"@id":"https:\/\/turijnmagazijn.jumpstone-dev.nl\/#website"},"primaryImageOfPage":{"@id":"https:\/\/turijnmagazijn.nl\/de\/produkt\/widerstandskuhler-lufter-fiat-lancia-alpha-romeo-neu\/#primaryimage"},"image":{"@id":"https:\/\/turijnmagazijn.nl\/de\/produkt\/widerstandskuhler-lufter-fiat-lancia-alpha-romeo-neu\/#primaryimage"},"thumbnailUrl":"https:\/\/turijnmagazijn.nl\/wp-content\/uploads\/2023\/03\/DN00100032-Weerstand-Radiateur-Ventilator-Fiat-Lancia-Alfa-Romeo-NIEUW-4.jpg","datePublished":"2023-03-03T07:08:59+00:00","dateModified":"2025-05-29T14:13:29+00:00","breadcrumb":{"@id":"https:\/\/turijnmagazijn.nl\/de\/produkt\/widerstandskuhler-lufter-fiat-lancia-alpha-romeo-neu\/#breadcrumb"},"inLanguage":"de","potentialAction":[{"@type":"ReadAction","target":["https:\/\/turijnmagazijn.nl\/de\/produkt\/widerstandskuhler-lufter-fiat-lancia-alpha-romeo-neu\/"]}]},{"@type":"ImageObject","inLanguage":"de","@id":"https:\/\/turijnmagazijn.nl\/de\/produkt\/widerstandskuhler-lufter-fiat-lancia-alpha-romeo-neu\/#primaryimage","url":"https:\/\/turijnmagazijn.nl\/wp-content\/uploads\/2023\/03\/DN00100032-Weerstand-Radiateur-Ventilator-Fiat-Lancia-Alfa-Romeo-NIEUW-4.jpg","contentUrl":"https:\/\/turijnmagazijn.nl\/wp-content\/uploads\/2023\/03\/DN00100032-Weerstand-Radiateur-Ventilator-Fiat-Lancia-Alfa-Romeo-NIEUW-4.jpg","width":1024,"height":768},{"@type":"BreadcrumbList","@id":"https:\/\/turijnmagazijn.nl\/de\/produkt\/widerstandskuhler-lufter-fiat-lancia-alpha-romeo-neu\/#breadcrumb","itemListElement":[{"@type":"ListItem","position":1,"name":"Home","item":"https:\/\/turijnmagazijn.nl\/de\/"},{"@type":"ListItem","position":2,"name":"Produkte","item":"https:\/\/turijnmagazijn.nl\/de\/shop\/"},{"@type":"ListItem","position":3,"name":"Widerstand K\u00fchlerl\u00fcfter Fiat\/Lancia\/Alfa Romeo -NEU-"}]},{"@type":"WebSite","@id":"https:\/\/turijnmagazijn.jumpstone-dev.nl\/#website","url":"https:\/\/turijnmagazijn.jumpstone-dev.nl\/","name":"Turijnmagazijn","description":"Onderdelen nieuw en gebruikt - Fiat &amp; Lancia","publisher":{"@id":"https:\/\/turijnmagazijn.jumpstone-dev.nl\/#organization"},"potentialAction":[{"@type":"SearchAction","target":{"@type":"EntryPoint","urlTemplate":"https:\/\/turijnmagazijn.jumpstone-dev.nl\/?s={search_term_string}"},"query-input":{"@type":"PropertyValueSpecification","valueRequired":true,"valueName":"search_term_string"}}],"inLanguage":"de"},{"@type":"Organization","@id":"https:\/\/turijnmagazijn.jumpstone-dev.nl\/#organization","name":"Turijnmagazijn","url":"https:\/\/turijnmagazijn.jumpstone-dev.nl\/","logo":{"@type":"ImageObject","inLanguage":"de","@id":"https:\/\/turijnmagazijn.jumpstone-dev.nl\/#\/schema\/logo\/image\/","url":"https:\/\/turijnmagazijn.nl\/wp-content\/uploads\/2021\/02\/turijnmagazijnlogo.png","contentUrl":"https:\/\/turijnmagazijn.nl\/wp-content\/uploads\/2021\/02\/turijnmagazijnlogo.png","width":555,"height":270,"caption":"Turijnmagazijn"},"image":{"@id":"https:\/\/turijnmagazijn.jumpstone-dev.nl\/#\/schema\/logo\/image\/"},"sameAs":["https:\/\/www.facebook.com\/turijnmagazijn"]}]}},"_links":{"self":[{"href":"https:\/\/turijnmagazijn.nl\/de\/wp-json\/wp\/v2\/product\/62327","targetHints":{"allow":["GET"]}}],"collection":[{"href":"https:\/\/turijnmagazijn.nl\/de\/wp-json\/wp\/v2\/product"}],"about":[{"href":"https:\/\/turijnmagazijn.nl\/de\/wp-json\/wp\/v2\/types\/product"}],"replies":[{"embeddable":true,"href":"https:\/\/turijnmagazijn.nl\/de\/wp-json\/wp\/v2\/comments?post=62327"}],"wp:featuredmedia":[{"embeddable":true,"href":"https:\/\/turijnmagazijn.nl\/de\/wp-json\/wp\/v2\/media\/34481"}],"wp:attachment":[{"href":"https:\/\/turijnmagazijn.nl\/de\/wp-json\/wp\/v2\/media?parent=62327"}],"wp:term":[{"taxonomy":"product_brand","embeddable":true,"href":"https:\/\/turijnmagazijn.nl\/de\/wp-json\/wp\/v2\/product_brand?post=62327"},{"taxonomy":"product_cat","embeddable":true,"href":"https:\/\/turijnmagazijn.nl\/de\/wp-json\/wp\/v2\/product_cat?post=62327"},{"taxonomy":"product_tag","embeddable":true,"href":"https:\/\/turijnmagazijn.nl\/de\/wp-json\/wp\/v2\/product_tag?post=62327"}],"curies":[{"name":"wp","href":"https:\/\/api.w.org\/{rel}","templated":true}]}}