{"id":62338,"date":"2023-03-03T09:08:37","date_gmt":"2023-03-03T08:08:37","guid":{"rendered":"https:\/\/turijnmagazijn.nl\/product\/verstaerkung-grundplatte-vorn-querlenker-lancia-delta-integrale-2er-set-nieuw\/"},"modified":"2023-07-26T14:20:43","modified_gmt":"2023-07-26T12:20:43","slug":"verstarkung-bodenplatte-vorne-querlenker-lancia-delta-integral-set-of-2-neu","status":"publish","type":"product","link":"https:\/\/turijnmagazijn.nl\/de\/produkt\/verstarkung-bodenplatte-vorne-querlenker-lancia-delta-integral-set-of-2-neu\/","title":{"rendered":"Verst\u00e4rkung Grundplatte vorn Querlenker Lancia Delta Integrale (2er-Set) -NiEUW-"},"content":{"rendered":"<p><a href=\"https:\/\/turijnmagazijn.nl\/de\/postfachversand\/\" target=\"\" style=\"background-color: rgb(255, 255, 255); color: rgb(35, 82, 124); outline: 0px;\" rel=\"noopener\"><img decoding=\"async\" src=\"https:\/\/www.delenkorf.nl\/image\/catalog\/brievenbus.png\"><\/a><\/p>\n<p>Einzigartiges Produkt, das im eigenen Haus entwickelt wurde. Eine 4 mm dicke Edelstahlplatte lasergeschnitten f\u00fcr exakte Passform. Diese Platte kann wahlweise am hinteren Aufh\u00e4ngungspunkt der vorderen Querlenker links und rechts verschraubt oder geschwei\u00dft werden (zwei Platten werden pro Auto ben\u00f6tigt, wird von uns als Set geliefert). Durch das Aufbringen dieser Platte wird der von Natur aus schwache Befestigungspunkt an der Karosserie f\u00fcr die vorderen Querlenker deutlich verst\u00e4rkt.&nbsp;<br \/>Nach der Montage lassen sich die Enden am Auto leicht auf Ma\u00df biegen.<\/p>\n","protected":false},"excerpt":{"rendered":"<p>Verst\u00e4rkung Grundplatte Vordere Querlenker Lancia Delta Integrale (2er-Set) -NiEUW- &#8211; Einzigartiges Produkt aus eigener Entwicklung.<\/p>\n","protected":false},"featured_media":34361,"comment_status":"open","ping_status":"closed","template":"","meta":{"_acf_changed":false},"product_brand":[],"product_cat":[1807,1834,1829,1839,1797],"product_tag":[],"class_list":{"0":"post-62338","1":"product","2":"type-product","3":"status-publish","4":"has-post-thumbnail","6":"product_cat-delta-1-831-de","7":"product_cat-integrale-16v-de","8":"product_cat-integrale-8v-de","9":"product_cat-integrale-evo-de","10":"product_cat-lancia-de","11":"pa_soort-onderdeel-karosserie-und-blech","13":"first","14":"outofstock","15":"taxable","16":"shipping-taxable","17":"purchasable","18":"product-type-simple"},"acf":[],"yoast_head":"<!-- This site is optimized with the Yoast SEO plugin v27.2 - https:\/\/yoast.com\/product\/yoast-seo-wordpress\/ -->\n<title>Verst\u00e4rkung Grundplatte vorn Querlenker Lancia Delta Integrale (2er-Set) -NiEUW- Turijnmagazijn<\/title>\n<meta name=\"robots\" content=\"index, follow, max-snippet:-1, max-image-preview:large, max-video-preview:-1\" \/>\n<link rel=\"canonical\" href=\"https:\/\/turijnmagazijn.nl\/de\/produkt\/verstarkung-bodenplatte-vorne-querlenker-lancia-delta-integral-set-of-2-neu\/\" \/>\n<meta property=\"og:locale\" content=\"de_DE\" \/>\n<meta property=\"og:type\" content=\"article\" \/>\n<meta property=\"og:title\" content=\"Verst\u00e4rkung Grundplatte vorn Querlenker Lancia Delta Integrale (2er-Set) -NiEUW- Turijnmagazijn\" \/>\n<meta property=\"og:description\" content=\"Verst\u00e4rkung Grundplatte Vordere Querlenker Lancia Delta Integrale (2er-Set) -NiEUW- - Einzigartiges Produkt aus eigener Entwicklung.\" \/>\n<meta property=\"og:url\" content=\"https:\/\/turijnmagazijn.nl\/de\/produkt\/verstarkung-bodenplatte-vorne-querlenker-lancia-delta-integral-set-of-2-neu\/\" \/>\n<meta property=\"og:site_name\" content=\"Turijnmagazijn\" \/>\n<meta property=\"article:publisher\" content=\"https:\/\/www.facebook.com\/turijnmagazijn\" \/>\n<meta property=\"article:modified_time\" content=\"2023-07-26T12:20:43+00:00\" \/>\n<meta property=\"og:image\" content=\"https:\/\/turijnmagazijn.jumpstone-dev.nl\/wp-content\/uploads\/2023\/03\/DN00100036_Vloerplaat_versteviging_Lancia_Delta_Integrale_voorste_draagarm_2.jpg\" \/>\n\t<meta property=\"og:image:width\" content=\"520\" \/>\n\t<meta property=\"og:image:height\" content=\"368\" \/>\n\t<meta property=\"og:image:type\" content=\"image\/jpeg\" \/>\n<meta name=\"twitter:card\" content=\"summary_large_image\" \/>\n<script type=\"application\/ld+json\" class=\"yoast-schema-graph\">{\"@context\":\"https:\/\/schema.org\",\"@graph\":[{\"@type\":\"WebPage\",\"@id\":\"https:\/\/turijnmagazijn.nl\/de\/produkt\/verstarkung-bodenplatte-vorne-querlenker-lancia-delta-integral-set-of-2-neu\/\",\"url\":\"https:\/\/turijnmagazijn.nl\/de\/produkt\/verstarkung-bodenplatte-vorne-querlenker-lancia-delta-integral-set-of-2-neu\/\",\"name\":\"Verst\u00e4rkung Grundplatte vorn Querlenker Lancia Delta Integrale (2er-Set) -NiEUW- Turijnmagazijn\",\"isPartOf\":{\"@id\":\"https:\/\/turijnmagazijn.jumpstone-dev.nl\/#website\"},\"primaryImageOfPage\":{\"@id\":\"https:\/\/turijnmagazijn.nl\/de\/produkt\/verstarkung-bodenplatte-vorne-querlenker-lancia-delta-integral-set-of-2-neu\/#primaryimage\"},\"image\":{\"@id\":\"https:\/\/turijnmagazijn.nl\/de\/produkt\/verstarkung-bodenplatte-vorne-querlenker-lancia-delta-integral-set-of-2-neu\/#primaryimage\"},\"thumbnailUrl\":\"https:\/\/turijnmagazijn.nl\/wp-content\/uploads\/2023\/03\/DN00100036_Vloerplaat_versteviging_Lancia_Delta_Integrale_voorste_draagarm_2.jpg\",\"datePublished\":\"2023-03-03T08:08:37+00:00\",\"dateModified\":\"2023-07-26T12:20:43+00:00\",\"breadcrumb\":{\"@id\":\"https:\/\/turijnmagazijn.nl\/de\/produkt\/verstarkung-bodenplatte-vorne-querlenker-lancia-delta-integral-set-of-2-neu\/#breadcrumb\"},\"inLanguage\":\"de\",\"potentialAction\":[{\"@type\":\"ReadAction\",\"target\":[\"https:\/\/turijnmagazijn.nl\/de\/produkt\/verstarkung-bodenplatte-vorne-querlenker-lancia-delta-integral-set-of-2-neu\/\"]}]},{\"@type\":\"ImageObject\",\"inLanguage\":\"de\",\"@id\":\"https:\/\/turijnmagazijn.nl\/de\/produkt\/verstarkung-bodenplatte-vorne-querlenker-lancia-delta-integral-set-of-2-neu\/#primaryimage\",\"url\":\"https:\/\/turijnmagazijn.nl\/wp-content\/uploads\/2023\/03\/DN00100036_Vloerplaat_versteviging_Lancia_Delta_Integrale_voorste_draagarm_2.jpg\",\"contentUrl\":\"https:\/\/turijnmagazijn.nl\/wp-content\/uploads\/2023\/03\/DN00100036_Vloerplaat_versteviging_Lancia_Delta_Integrale_voorste_draagarm_2.jpg\",\"width\":520,\"height\":368},{\"@type\":\"BreadcrumbList\",\"@id\":\"https:\/\/turijnmagazijn.nl\/de\/produkt\/verstarkung-bodenplatte-vorne-querlenker-lancia-delta-integral-set-of-2-neu\/#breadcrumb\",\"itemListElement\":[{\"@type\":\"ListItem\",\"position\":1,\"name\":\"Home\",\"item\":\"https:\/\/turijnmagazijn.jumpstone-dev.nl\/\"},{\"@type\":\"ListItem\",\"position\":2,\"name\":\"Produkte\",\"item\":\"https:\/\/turijnmagazijn.nl\/de\/shop\/\"},{\"@type\":\"ListItem\",\"position\":3,\"name\":\"Verst\u00e4rkung Grundplatte vorn Querlenker Lancia Delta Integrale (2er-Set) -NiEUW-\"}]},{\"@type\":\"WebSite\",\"@id\":\"https:\/\/turijnmagazijn.jumpstone-dev.nl\/#website\",\"url\":\"https:\/\/turijnmagazijn.jumpstone-dev.nl\/\",\"name\":\"Turijnmagazijn\",\"description\":\"Onderdelen nieuw en gebruikt - Fiat &amp; Lancia\",\"publisher\":{\"@id\":\"https:\/\/turijnmagazijn.jumpstone-dev.nl\/#organization\"},\"potentialAction\":[{\"@type\":\"SearchAction\",\"target\":{\"@type\":\"EntryPoint\",\"urlTemplate\":\"https:\/\/turijnmagazijn.jumpstone-dev.nl\/?s={search_term_string}\"},\"query-input\":{\"@type\":\"PropertyValueSpecification\",\"valueRequired\":true,\"valueName\":\"search_term_string\"}}],\"inLanguage\":\"de\"},{\"@type\":\"Organization\",\"@id\":\"https:\/\/turijnmagazijn.jumpstone-dev.nl\/#organization\",\"name\":\"Turijnmagazijn\",\"url\":\"https:\/\/turijnmagazijn.jumpstone-dev.nl\/\",\"logo\":{\"@type\":\"ImageObject\",\"inLanguage\":\"de\",\"@id\":\"https:\/\/turijnmagazijn.jumpstone-dev.nl\/#\/schema\/logo\/image\/\",\"url\":\"https:\/\/turijnmagazijn.nl\/wp-content\/uploads\/2021\/02\/turijnmagazijnlogo.png\",\"contentUrl\":\"https:\/\/turijnmagazijn.nl\/wp-content\/uploads\/2021\/02\/turijnmagazijnlogo.png\",\"width\":555,\"height\":270,\"caption\":\"Turijnmagazijn\"},\"image\":{\"@id\":\"https:\/\/turijnmagazijn.jumpstone-dev.nl\/#\/schema\/logo\/image\/\"},\"sameAs\":[\"https:\/\/www.facebook.com\/turijnmagazijn\"]}]}<\/script>\n<!-- \/ Yoast SEO plugin. -->","yoast_head_json":{"title":"Verst\u00e4rkung Grundplatte vorn Querlenker Lancia Delta Integrale (2er-Set) -NiEUW- Turijnmagazijn","robots":{"index":"index","follow":"follow","max-snippet":"max-snippet:-1","max-image-preview":"max-image-preview:large","max-video-preview":"max-video-preview:-1"},"canonical":"https:\/\/turijnmagazijn.nl\/de\/produkt\/verstarkung-bodenplatte-vorne-querlenker-lancia-delta-integral-set-of-2-neu\/","og_locale":"de_DE","og_type":"article","og_title":"Verst\u00e4rkung Grundplatte vorn Querlenker Lancia Delta Integrale (2er-Set) -NiEUW- Turijnmagazijn","og_description":"Verst\u00e4rkung Grundplatte Vordere Querlenker Lancia Delta Integrale (2er-Set) -NiEUW- - Einzigartiges Produkt aus eigener Entwicklung.","og_url":"https:\/\/turijnmagazijn.nl\/de\/produkt\/verstarkung-bodenplatte-vorne-querlenker-lancia-delta-integral-set-of-2-neu\/","og_site_name":"Turijnmagazijn","article_publisher":"https:\/\/www.facebook.com\/turijnmagazijn","article_modified_time":"2023-07-26T12:20:43+00:00","og_image":[{"width":520,"height":368,"url":"https:\/\/turijnmagazijn.jumpstone-dev.nl\/wp-content\/uploads\/2023\/03\/DN00100036_Vloerplaat_versteviging_Lancia_Delta_Integrale_voorste_draagarm_2.jpg","type":"image\/jpeg"}],"twitter_card":"summary_large_image","schema":{"@context":"https:\/\/schema.org","@graph":[{"@type":"WebPage","@id":"https:\/\/turijnmagazijn.nl\/de\/produkt\/verstarkung-bodenplatte-vorne-querlenker-lancia-delta-integral-set-of-2-neu\/","url":"https:\/\/turijnmagazijn.nl\/de\/produkt\/verstarkung-bodenplatte-vorne-querlenker-lancia-delta-integral-set-of-2-neu\/","name":"Verst\u00e4rkung Grundplatte vorn Querlenker Lancia Delta Integrale (2er-Set) -NiEUW- Turijnmagazijn","isPartOf":{"@id":"https:\/\/turijnmagazijn.jumpstone-dev.nl\/#website"},"primaryImageOfPage":{"@id":"https:\/\/turijnmagazijn.nl\/de\/produkt\/verstarkung-bodenplatte-vorne-querlenker-lancia-delta-integral-set-of-2-neu\/#primaryimage"},"image":{"@id":"https:\/\/turijnmagazijn.nl\/de\/produkt\/verstarkung-bodenplatte-vorne-querlenker-lancia-delta-integral-set-of-2-neu\/#primaryimage"},"thumbnailUrl":"https:\/\/turijnmagazijn.nl\/wp-content\/uploads\/2023\/03\/DN00100036_Vloerplaat_versteviging_Lancia_Delta_Integrale_voorste_draagarm_2.jpg","datePublished":"2023-03-03T08:08:37+00:00","dateModified":"2023-07-26T12:20:43+00:00","breadcrumb":{"@id":"https:\/\/turijnmagazijn.nl\/de\/produkt\/verstarkung-bodenplatte-vorne-querlenker-lancia-delta-integral-set-of-2-neu\/#breadcrumb"},"inLanguage":"de","potentialAction":[{"@type":"ReadAction","target":["https:\/\/turijnmagazijn.nl\/de\/produkt\/verstarkung-bodenplatte-vorne-querlenker-lancia-delta-integral-set-of-2-neu\/"]}]},{"@type":"ImageObject","inLanguage":"de","@id":"https:\/\/turijnmagazijn.nl\/de\/produkt\/verstarkung-bodenplatte-vorne-querlenker-lancia-delta-integral-set-of-2-neu\/#primaryimage","url":"https:\/\/turijnmagazijn.nl\/wp-content\/uploads\/2023\/03\/DN00100036_Vloerplaat_versteviging_Lancia_Delta_Integrale_voorste_draagarm_2.jpg","contentUrl":"https:\/\/turijnmagazijn.nl\/wp-content\/uploads\/2023\/03\/DN00100036_Vloerplaat_versteviging_Lancia_Delta_Integrale_voorste_draagarm_2.jpg","width":520,"height":368},{"@type":"BreadcrumbList","@id":"https:\/\/turijnmagazijn.nl\/de\/produkt\/verstarkung-bodenplatte-vorne-querlenker-lancia-delta-integral-set-of-2-neu\/#breadcrumb","itemListElement":[{"@type":"ListItem","position":1,"name":"Home","item":"https:\/\/turijnmagazijn.jumpstone-dev.nl\/"},{"@type":"ListItem","position":2,"name":"Produkte","item":"https:\/\/turijnmagazijn.nl\/de\/shop\/"},{"@type":"ListItem","position":3,"name":"Verst\u00e4rkung Grundplatte vorn Querlenker Lancia Delta Integrale (2er-Set) -NiEUW-"}]},{"@type":"WebSite","@id":"https:\/\/turijnmagazijn.jumpstone-dev.nl\/#website","url":"https:\/\/turijnmagazijn.jumpstone-dev.nl\/","name":"Turijnmagazijn","description":"Onderdelen nieuw en gebruikt - Fiat &amp; Lancia","publisher":{"@id":"https:\/\/turijnmagazijn.jumpstone-dev.nl\/#organization"},"potentialAction":[{"@type":"SearchAction","target":{"@type":"EntryPoint","urlTemplate":"https:\/\/turijnmagazijn.jumpstone-dev.nl\/?s={search_term_string}"},"query-input":{"@type":"PropertyValueSpecification","valueRequired":true,"valueName":"search_term_string"}}],"inLanguage":"de"},{"@type":"Organization","@id":"https:\/\/turijnmagazijn.jumpstone-dev.nl\/#organization","name":"Turijnmagazijn","url":"https:\/\/turijnmagazijn.jumpstone-dev.nl\/","logo":{"@type":"ImageObject","inLanguage":"de","@id":"https:\/\/turijnmagazijn.jumpstone-dev.nl\/#\/schema\/logo\/image\/","url":"https:\/\/turijnmagazijn.nl\/wp-content\/uploads\/2021\/02\/turijnmagazijnlogo.png","contentUrl":"https:\/\/turijnmagazijn.nl\/wp-content\/uploads\/2021\/02\/turijnmagazijnlogo.png","width":555,"height":270,"caption":"Turijnmagazijn"},"image":{"@id":"https:\/\/turijnmagazijn.jumpstone-dev.nl\/#\/schema\/logo\/image\/"},"sameAs":["https:\/\/www.facebook.com\/turijnmagazijn"]}]}},"_links":{"self":[{"href":"https:\/\/turijnmagazijn.nl\/de\/wp-json\/wp\/v2\/product\/62338","targetHints":{"allow":["GET"]}}],"collection":[{"href":"https:\/\/turijnmagazijn.nl\/de\/wp-json\/wp\/v2\/product"}],"about":[{"href":"https:\/\/turijnmagazijn.nl\/de\/wp-json\/wp\/v2\/types\/product"}],"replies":[{"embeddable":true,"href":"https:\/\/turijnmagazijn.nl\/de\/wp-json\/wp\/v2\/comments?post=62338"}],"wp:featuredmedia":[{"embeddable":true,"href":"https:\/\/turijnmagazijn.nl\/de\/wp-json\/wp\/v2\/media\/34361"}],"wp:attachment":[{"href":"https:\/\/turijnmagazijn.nl\/de\/wp-json\/wp\/v2\/media?parent=62338"}],"wp:term":[{"taxonomy":"product_brand","embeddable":true,"href":"https:\/\/turijnmagazijn.nl\/de\/wp-json\/wp\/v2\/product_brand?post=62338"},{"taxonomy":"product_cat","embeddable":true,"href":"https:\/\/turijnmagazijn.nl\/de\/wp-json\/wp\/v2\/product_cat?post=62338"},{"taxonomy":"product_tag","embeddable":true,"href":"https:\/\/turijnmagazijn.nl\/de\/wp-json\/wp\/v2\/product_tag?post=62338"}],"curies":[{"name":"wp","href":"https:\/\/api.w.org\/{rel}","templated":true}]}}