{"id":62346,"date":"2023-03-03T09:08:37","date_gmt":"2023-03-03T08:08:37","guid":{"rendered":"https:\/\/turijnmagazijn.nl\/product\/rohrkuehlwasserrueckfuehrung-turbo-lancia-delta-integrale-neu\/"},"modified":"2025-05-29T16:12:47","modified_gmt":"2025-05-29T14:12:47","slug":"rohrkuhlung-wasserrucklauf-turbo-lancia-delta-integral-neu","status":"publish","type":"product","link":"https:\/\/turijnmagazijn.nl\/de\/produkt\/rohrkuhlung-wasserrucklauf-turbo-lancia-delta-integral-neu\/","title":{"rendered":"Rohrk\u00fchlwasserr\u00fcckf\u00fchrung Turbo Lancia Delta Integrale -NEU-"},"content":{"rendered":"<p>Neuer Artikel, betrifft eine Nachahmung als Ersatz f\u00fcr das nicht mehr erh\u00e4ltliche originale Metallrohr. Komplett aus Aluminium gefertigt. Banjokop mit einer Bohrung von 16,5 mm. Passt in Kombination mit der originalen Schraube am Turbo. Auf der anderen Seite befindet sich ein &#8222;Push-on&#8220;-Anschluss, an dem das Rohr mit einer Schlauchklemme befestigt werden kann. Der Innendurchmesser der Aufsteckseite betr\u00e4gt 9 mm und der Au\u00dfendurchmesser 12 mm.<\/p>\n<p>Als Referenz die OEM-Nummer, f\u00fcr die dieses Produkt die Alternative ist:<\/p>\n<p>OEM LANCIA 7726257<\/p>\n<p>&nbsp;<\/p>\n<p>Teil Nummer 2 auf der technischen Zeichnung von EPER Zeichnungsnummer 1040201003. Eine Kopie pro Auto erforderlich.<\/p>\n","protected":false},"excerpt":{"rendered":"<p>7726257 Rohr K\u00fchlwasserr\u00fccklauf Turbo Lancia Delta Integrale -NEU- &#8211; Neuer Artikel, handelt es sich um eine Nachahmung als Ersatz f\u00fcr das nicht mehr lieferbare originale Metallrohr.<\/p>\n","protected":false},"featured_media":34333,"comment_status":"closed","ping_status":"closed","template":"","meta":{"_acf_changed":false},"product_brand":[],"product_cat":[1807,1829,1797],"product_tag":[],"class_list":{"0":"post-62346","1":"product","2":"type-product","3":"status-publish","4":"has-post-thumbnail","6":"product_cat-delta-1-831-de","7":"product_cat-integrale-8v-de","8":"product_cat-lancia-de","9":"pa_soort-onderdeel-motor-und-zubehor","11":"first","12":"instock","13":"taxable","14":"shipping-taxable","15":"purchasable","16":"product-type-simple"},"acf":[],"yoast_head":"<!-- This site is optimized with the Yoast SEO plugin v27.2 - https:\/\/yoast.com\/product\/yoast-seo-wordpress\/ -->\n<title>Rohrk\u00fchlwasserr\u00fcckf\u00fchrung Turbo Lancia Delta Integrale -NEU- Turijnmagazijn<\/title>\n<meta name=\"robots\" content=\"index, follow, max-snippet:-1, max-image-preview:large, max-video-preview:-1\" \/>\n<link rel=\"canonical\" href=\"https:\/\/turijnmagazijn.nl\/de\/produkt\/rohrkuhlung-wasserrucklauf-turbo-lancia-delta-integral-neu\/\" \/>\n<meta property=\"og:locale\" content=\"de_DE\" \/>\n<meta property=\"og:type\" content=\"article\" \/>\n<meta property=\"og:title\" content=\"Rohrk\u00fchlwasserr\u00fcckf\u00fchrung Turbo Lancia Delta Integrale -NEU- Turijnmagazijn\" \/>\n<meta property=\"og:description\" content=\"7726257 Rohr K\u00fchlwasserr\u00fccklauf Turbo Lancia Delta Integrale -NEU- - Neuer Artikel, handelt es sich um eine Nachahmung als Ersatz f\u00fcr das nicht mehr lieferbare originale Metallrohr.\" \/>\n<meta property=\"og:url\" content=\"https:\/\/turijnmagazijn.nl\/de\/produkt\/rohrkuhlung-wasserrucklauf-turbo-lancia-delta-integral-neu\/\" \/>\n<meta property=\"og:site_name\" content=\"Turijnmagazijn\" \/>\n<meta property=\"article:publisher\" content=\"https:\/\/www.facebook.com\/turijnmagazijn\" \/>\n<meta property=\"article:modified_time\" content=\"2025-05-29T14:12:47+00:00\" \/>\n<meta property=\"og:image\" content=\"https:\/\/turijnmagazijn.nl\/wp-content\/uploads\/2023\/03\/DN00100033_Leiding_koelwater_retour_Turbo_Lancia_Delta_Integrale_-NIEUW-_3.jpg\" \/>\n\t<meta property=\"og:image:width\" content=\"800\" \/>\n\t<meta property=\"og:image:height\" content=\"600\" \/>\n\t<meta property=\"og:image:type\" content=\"image\/jpeg\" \/>\n<meta name=\"twitter:card\" content=\"summary_large_image\" \/>\n<script type=\"application\/ld+json\" class=\"yoast-schema-graph\">{\"@context\":\"https:\/\/schema.org\",\"@graph\":[{\"@type\":\"WebPage\",\"@id\":\"https:\/\/turijnmagazijn.nl\/de\/produkt\/rohrkuhlung-wasserrucklauf-turbo-lancia-delta-integral-neu\/\",\"url\":\"https:\/\/turijnmagazijn.nl\/de\/produkt\/rohrkuhlung-wasserrucklauf-turbo-lancia-delta-integral-neu\/\",\"name\":\"Rohrk\u00fchlwasserr\u00fcckf\u00fchrung Turbo Lancia Delta Integrale -NEU- Turijnmagazijn\",\"isPartOf\":{\"@id\":\"https:\/\/turijnmagazijn.jumpstone-dev.nl\/#website\"},\"primaryImageOfPage\":{\"@id\":\"https:\/\/turijnmagazijn.nl\/de\/produkt\/rohrkuhlung-wasserrucklauf-turbo-lancia-delta-integral-neu\/#primaryimage\"},\"image\":{\"@id\":\"https:\/\/turijnmagazijn.nl\/de\/produkt\/rohrkuhlung-wasserrucklauf-turbo-lancia-delta-integral-neu\/#primaryimage\"},\"thumbnailUrl\":\"https:\/\/turijnmagazijn.nl\/wp-content\/uploads\/2023\/03\/DN00100033_Leiding_koelwater_retour_Turbo_Lancia_Delta_Integrale_-NIEUW-_3.jpg\",\"datePublished\":\"2023-03-03T08:08:37+00:00\",\"dateModified\":\"2025-05-29T14:12:47+00:00\",\"breadcrumb\":{\"@id\":\"https:\/\/turijnmagazijn.nl\/de\/produkt\/rohrkuhlung-wasserrucklauf-turbo-lancia-delta-integral-neu\/#breadcrumb\"},\"inLanguage\":\"de\",\"potentialAction\":[{\"@type\":\"ReadAction\",\"target\":[\"https:\/\/turijnmagazijn.nl\/de\/produkt\/rohrkuhlung-wasserrucklauf-turbo-lancia-delta-integral-neu\/\"]}]},{\"@type\":\"ImageObject\",\"inLanguage\":\"de\",\"@id\":\"https:\/\/turijnmagazijn.nl\/de\/produkt\/rohrkuhlung-wasserrucklauf-turbo-lancia-delta-integral-neu\/#primaryimage\",\"url\":\"https:\/\/turijnmagazijn.nl\/wp-content\/uploads\/2023\/03\/DN00100033_Leiding_koelwater_retour_Turbo_Lancia_Delta_Integrale_-NIEUW-_3.jpg\",\"contentUrl\":\"https:\/\/turijnmagazijn.nl\/wp-content\/uploads\/2023\/03\/DN00100033_Leiding_koelwater_retour_Turbo_Lancia_Delta_Integrale_-NIEUW-_3.jpg\",\"width\":800,\"height\":600},{\"@type\":\"BreadcrumbList\",\"@id\":\"https:\/\/turijnmagazijn.nl\/de\/produkt\/rohrkuhlung-wasserrucklauf-turbo-lancia-delta-integral-neu\/#breadcrumb\",\"itemListElement\":[{\"@type\":\"ListItem\",\"position\":1,\"name\":\"Home\",\"item\":\"https:\/\/turijnmagazijn.jumpstone-dev.nl\/\"},{\"@type\":\"ListItem\",\"position\":2,\"name\":\"Produkte\",\"item\":\"https:\/\/turijnmagazijn.nl\/de\/shop\/\"},{\"@type\":\"ListItem\",\"position\":3,\"name\":\"Rohrk\u00fchlwasserr\u00fcckf\u00fchrung Turbo Lancia Delta Integrale -NEU-\"}]},{\"@type\":\"WebSite\",\"@id\":\"https:\/\/turijnmagazijn.jumpstone-dev.nl\/#website\",\"url\":\"https:\/\/turijnmagazijn.jumpstone-dev.nl\/\",\"name\":\"Turijnmagazijn\",\"description\":\"Onderdelen nieuw en gebruikt - Fiat &amp; Lancia\",\"publisher\":{\"@id\":\"https:\/\/turijnmagazijn.jumpstone-dev.nl\/#organization\"},\"potentialAction\":[{\"@type\":\"SearchAction\",\"target\":{\"@type\":\"EntryPoint\",\"urlTemplate\":\"https:\/\/turijnmagazijn.jumpstone-dev.nl\/?s={search_term_string}\"},\"query-input\":{\"@type\":\"PropertyValueSpecification\",\"valueRequired\":true,\"valueName\":\"search_term_string\"}}],\"inLanguage\":\"de\"},{\"@type\":\"Organization\",\"@id\":\"https:\/\/turijnmagazijn.jumpstone-dev.nl\/#organization\",\"name\":\"Turijnmagazijn\",\"url\":\"https:\/\/turijnmagazijn.jumpstone-dev.nl\/\",\"logo\":{\"@type\":\"ImageObject\",\"inLanguage\":\"de\",\"@id\":\"https:\/\/turijnmagazijn.jumpstone-dev.nl\/#\/schema\/logo\/image\/\",\"url\":\"https:\/\/turijnmagazijn.nl\/wp-content\/uploads\/2021\/02\/turijnmagazijnlogo.png\",\"contentUrl\":\"https:\/\/turijnmagazijn.nl\/wp-content\/uploads\/2021\/02\/turijnmagazijnlogo.png\",\"width\":555,\"height\":270,\"caption\":\"Turijnmagazijn\"},\"image\":{\"@id\":\"https:\/\/turijnmagazijn.jumpstone-dev.nl\/#\/schema\/logo\/image\/\"},\"sameAs\":[\"https:\/\/www.facebook.com\/turijnmagazijn\"]}]}<\/script>\n<!-- \/ Yoast SEO plugin. -->","yoast_head_json":{"title":"Rohrk\u00fchlwasserr\u00fcckf\u00fchrung Turbo Lancia Delta Integrale -NEU- Turijnmagazijn","robots":{"index":"index","follow":"follow","max-snippet":"max-snippet:-1","max-image-preview":"max-image-preview:large","max-video-preview":"max-video-preview:-1"},"canonical":"https:\/\/turijnmagazijn.nl\/de\/produkt\/rohrkuhlung-wasserrucklauf-turbo-lancia-delta-integral-neu\/","og_locale":"de_DE","og_type":"article","og_title":"Rohrk\u00fchlwasserr\u00fcckf\u00fchrung Turbo Lancia Delta Integrale -NEU- Turijnmagazijn","og_description":"7726257 Rohr K\u00fchlwasserr\u00fccklauf Turbo Lancia Delta Integrale -NEU- - Neuer Artikel, handelt es sich um eine Nachahmung als Ersatz f\u00fcr das nicht mehr lieferbare originale Metallrohr.","og_url":"https:\/\/turijnmagazijn.nl\/de\/produkt\/rohrkuhlung-wasserrucklauf-turbo-lancia-delta-integral-neu\/","og_site_name":"Turijnmagazijn","article_publisher":"https:\/\/www.facebook.com\/turijnmagazijn","article_modified_time":"2025-05-29T14:12:47+00:00","og_image":[{"width":800,"height":600,"url":"https:\/\/turijnmagazijn.nl\/wp-content\/uploads\/2023\/03\/DN00100033_Leiding_koelwater_retour_Turbo_Lancia_Delta_Integrale_-NIEUW-_3.jpg","type":"image\/jpeg"}],"twitter_card":"summary_large_image","schema":{"@context":"https:\/\/schema.org","@graph":[{"@type":"WebPage","@id":"https:\/\/turijnmagazijn.nl\/de\/produkt\/rohrkuhlung-wasserrucklauf-turbo-lancia-delta-integral-neu\/","url":"https:\/\/turijnmagazijn.nl\/de\/produkt\/rohrkuhlung-wasserrucklauf-turbo-lancia-delta-integral-neu\/","name":"Rohrk\u00fchlwasserr\u00fcckf\u00fchrung Turbo Lancia Delta Integrale -NEU- Turijnmagazijn","isPartOf":{"@id":"https:\/\/turijnmagazijn.jumpstone-dev.nl\/#website"},"primaryImageOfPage":{"@id":"https:\/\/turijnmagazijn.nl\/de\/produkt\/rohrkuhlung-wasserrucklauf-turbo-lancia-delta-integral-neu\/#primaryimage"},"image":{"@id":"https:\/\/turijnmagazijn.nl\/de\/produkt\/rohrkuhlung-wasserrucklauf-turbo-lancia-delta-integral-neu\/#primaryimage"},"thumbnailUrl":"https:\/\/turijnmagazijn.nl\/wp-content\/uploads\/2023\/03\/DN00100033_Leiding_koelwater_retour_Turbo_Lancia_Delta_Integrale_-NIEUW-_3.jpg","datePublished":"2023-03-03T08:08:37+00:00","dateModified":"2025-05-29T14:12:47+00:00","breadcrumb":{"@id":"https:\/\/turijnmagazijn.nl\/de\/produkt\/rohrkuhlung-wasserrucklauf-turbo-lancia-delta-integral-neu\/#breadcrumb"},"inLanguage":"de","potentialAction":[{"@type":"ReadAction","target":["https:\/\/turijnmagazijn.nl\/de\/produkt\/rohrkuhlung-wasserrucklauf-turbo-lancia-delta-integral-neu\/"]}]},{"@type":"ImageObject","inLanguage":"de","@id":"https:\/\/turijnmagazijn.nl\/de\/produkt\/rohrkuhlung-wasserrucklauf-turbo-lancia-delta-integral-neu\/#primaryimage","url":"https:\/\/turijnmagazijn.nl\/wp-content\/uploads\/2023\/03\/DN00100033_Leiding_koelwater_retour_Turbo_Lancia_Delta_Integrale_-NIEUW-_3.jpg","contentUrl":"https:\/\/turijnmagazijn.nl\/wp-content\/uploads\/2023\/03\/DN00100033_Leiding_koelwater_retour_Turbo_Lancia_Delta_Integrale_-NIEUW-_3.jpg","width":800,"height":600},{"@type":"BreadcrumbList","@id":"https:\/\/turijnmagazijn.nl\/de\/produkt\/rohrkuhlung-wasserrucklauf-turbo-lancia-delta-integral-neu\/#breadcrumb","itemListElement":[{"@type":"ListItem","position":1,"name":"Home","item":"https:\/\/turijnmagazijn.jumpstone-dev.nl\/"},{"@type":"ListItem","position":2,"name":"Produkte","item":"https:\/\/turijnmagazijn.nl\/de\/shop\/"},{"@type":"ListItem","position":3,"name":"Rohrk\u00fchlwasserr\u00fcckf\u00fchrung Turbo Lancia Delta Integrale -NEU-"}]},{"@type":"WebSite","@id":"https:\/\/turijnmagazijn.jumpstone-dev.nl\/#website","url":"https:\/\/turijnmagazijn.jumpstone-dev.nl\/","name":"Turijnmagazijn","description":"Onderdelen nieuw en gebruikt - Fiat &amp; Lancia","publisher":{"@id":"https:\/\/turijnmagazijn.jumpstone-dev.nl\/#organization"},"potentialAction":[{"@type":"SearchAction","target":{"@type":"EntryPoint","urlTemplate":"https:\/\/turijnmagazijn.jumpstone-dev.nl\/?s={search_term_string}"},"query-input":{"@type":"PropertyValueSpecification","valueRequired":true,"valueName":"search_term_string"}}],"inLanguage":"de"},{"@type":"Organization","@id":"https:\/\/turijnmagazijn.jumpstone-dev.nl\/#organization","name":"Turijnmagazijn","url":"https:\/\/turijnmagazijn.jumpstone-dev.nl\/","logo":{"@type":"ImageObject","inLanguage":"de","@id":"https:\/\/turijnmagazijn.jumpstone-dev.nl\/#\/schema\/logo\/image\/","url":"https:\/\/turijnmagazijn.nl\/wp-content\/uploads\/2021\/02\/turijnmagazijnlogo.png","contentUrl":"https:\/\/turijnmagazijn.nl\/wp-content\/uploads\/2021\/02\/turijnmagazijnlogo.png","width":555,"height":270,"caption":"Turijnmagazijn"},"image":{"@id":"https:\/\/turijnmagazijn.jumpstone-dev.nl\/#\/schema\/logo\/image\/"},"sameAs":["https:\/\/www.facebook.com\/turijnmagazijn"]}]}},"_links":{"self":[{"href":"https:\/\/turijnmagazijn.nl\/de\/wp-json\/wp\/v2\/product\/62346","targetHints":{"allow":["GET"]}}],"collection":[{"href":"https:\/\/turijnmagazijn.nl\/de\/wp-json\/wp\/v2\/product"}],"about":[{"href":"https:\/\/turijnmagazijn.nl\/de\/wp-json\/wp\/v2\/types\/product"}],"replies":[{"embeddable":true,"href":"https:\/\/turijnmagazijn.nl\/de\/wp-json\/wp\/v2\/comments?post=62346"}],"wp:featuredmedia":[{"embeddable":true,"href":"https:\/\/turijnmagazijn.nl\/de\/wp-json\/wp\/v2\/media\/34333"}],"wp:attachment":[{"href":"https:\/\/turijnmagazijn.nl\/de\/wp-json\/wp\/v2\/media?parent=62346"}],"wp:term":[{"taxonomy":"product_brand","embeddable":true,"href":"https:\/\/turijnmagazijn.nl\/de\/wp-json\/wp\/v2\/product_brand?post=62346"},{"taxonomy":"product_cat","embeddable":true,"href":"https:\/\/turijnmagazijn.nl\/de\/wp-json\/wp\/v2\/product_cat?post=62346"},{"taxonomy":"product_tag","embeddable":true,"href":"https:\/\/turijnmagazijn.nl\/de\/wp-json\/wp\/v2\/product_tag?post=62346"}],"curies":[{"name":"wp","href":"https:\/\/api.w.org\/{rel}","templated":true}]}}