{"id":62347,"date":"2023-03-03T09:08:59","date_gmt":"2023-03-03T08:08:59","guid":{"rendered":"https:\/\/turijnmagazijn.nl\/product\/rueckflussventil-verteiler-scheibenwaschanlage-fluessigkeitsrohr-alfa-fiat-lancia\/"},"modified":"2025-05-29T16:22:58","modified_gmt":"2025-05-29T14:22:58","slug":"ruckflussventil-verteiler-scheibenwaschanlage-fluid-rohr-alpha-fiat-lancia","status":"publish","type":"product","link":"https:\/\/turijnmagazijn.nl\/de\/produkt\/ruckflussventil-verteiler-scheibenwaschanlage-fluid-rohr-alpha-fiat-lancia\/","title":{"rendered":"R\u00fcckflussventil Verteiler Scheibenwaschanlage Fl\u00fcssigkeitsrohr Alfa Fiat Lancia"},"content":{"rendered":"<p>R\u00fcckflussventil mit Split f\u00fcr die Scheibenwaschfl\u00fcssigkeitsleitung f\u00fcr verschiedene Typen von Fiat Lancia und Alfa Romeo. Angewandt auf den Fiat Stilo, Alfa 156, 147 und 166, aber auch auf verschiedene Lancia-Modelle. Das Ventil verhindert den R\u00fcckfluss von Flohstaub in den Tank, sobald er den Spalt in den Rohren passiert hat.<\/p>\n<p>OEM-7667888<\/p>\n<p>Auch geeignet f\u00fcr den Lancia Delta integral als Splitter f\u00fcr die vorderen beiden D\u00fcsen am Parafan.<\/p>\n<p>In dieser Anwendung ersetzt dieser Verteiler die folgende Komponente:<\/p>\n<p>OEM Lancia 46418009<\/p>\n","protected":false},"excerpt":{"rendered":"<p>7667888 46418009 R\u00fcckflussventil Verteiler Scheibenwaschfl\u00fcssigkeitsleitung Alfa Fiat Lancia &#8211; R\u00fcckflussventil mit Split f\u00fcr die Scheibenwaschfl\u00fcssigkeitsleitung f\u00fcr verschiedene Typen von Fiat Lancia und Alfa Romeo.<\/p>\n","protected":false},"featured_media":34521,"comment_status":"closed","ping_status":"closed","template":"","meta":{"_acf_changed":false},"product_brand":[],"product_cat":[1612,1616,1584,1797,1874],"product_tag":[],"class_list":{"0":"post-62347","1":"product","2":"type-product","3":"status-publish","4":"has-post-thumbnail","6":"product_cat-155-167-de","7":"product_cat-156-932-de","8":"product_cat-alfa-romeo-de","9":"product_cat-lancia-de","10":"product_cat-lybra-839-de","11":"pa_soort-onderdeel-kleines-material","13":"first","14":"instock","15":"taxable","16":"shipping-taxable","17":"purchasable","18":"product-type-simple"},"acf":[],"yoast_head":"<!-- This site is optimized with the Yoast SEO plugin v27.3 - https:\/\/yoast.com\/product\/yoast-seo-wordpress\/ -->\n<title>R\u00fcckflussventil Verteiler Scheibenwaschanlage Fl\u00fcssigkeitsrohr Alfa Fiat Lancia - Turijnmagazijn<\/title>\n<meta name=\"robots\" content=\"index, follow, max-snippet:-1, max-image-preview:large, max-video-preview:-1\" \/>\n<link rel=\"canonical\" href=\"https:\/\/turijnmagazijn.nl\/de\/produkt\/ruckflussventil-verteiler-scheibenwaschanlage-fluid-rohr-alpha-fiat-lancia\/\" \/>\n<meta property=\"og:locale\" content=\"de_DE\" \/>\n<meta property=\"og:type\" content=\"article\" \/>\n<meta property=\"og:title\" content=\"R\u00fcckflussventil Verteiler Scheibenwaschanlage Fl\u00fcssigkeitsrohr Alfa Fiat Lancia - Turijnmagazijn\" \/>\n<meta property=\"og:description\" content=\"7667888 46418009 R\u00fcckflussventil Verteiler Scheibenwaschfl\u00fcssigkeitsleitung Alfa Fiat Lancia - R\u00fcckflussventil mit Split f\u00fcr die Scheibenwaschfl\u00fcssigkeitsleitung f\u00fcr verschiedene Typen von Fiat Lancia und Alfa Romeo.\" \/>\n<meta property=\"og:url\" content=\"https:\/\/turijnmagazijn.nl\/de\/produkt\/ruckflussventil-verteiler-scheibenwaschanlage-fluid-rohr-alpha-fiat-lancia\/\" \/>\n<meta property=\"og:site_name\" content=\"Turijnmagazijn\" \/>\n<meta property=\"article:publisher\" content=\"https:\/\/www.facebook.com\/turijnmagazijn\" \/>\n<meta property=\"article:modified_time\" content=\"2025-05-29T14:22:58+00:00\" \/>\n<meta property=\"og:image\" content=\"https:\/\/turijnmagazijn.nl\/wp-content\/uploads\/2023\/03\/DN00100046_Terugstroomklepje_verdeelstuk_ruitensproeiervloeistof_leiding_Alfa_Fiat_Lancia_3-800x600-1.jpg\" \/>\n\t<meta property=\"og:image:width\" content=\"800\" \/>\n\t<meta property=\"og:image:height\" content=\"600\" \/>\n\t<meta property=\"og:image:type\" content=\"image\/jpeg\" \/>\n<meta name=\"twitter:card\" content=\"summary_large_image\" \/>\n<script type=\"application\/ld+json\" class=\"yoast-schema-graph\">{\"@context\":\"https:\\\/\\\/schema.org\",\"@graph\":[{\"@type\":\"WebPage\",\"@id\":\"https:\\\/\\\/turijnmagazijn.nl\\\/de\\\/produkt\\\/ruckflussventil-verteiler-scheibenwaschanlage-fluid-rohr-alpha-fiat-lancia\\\/\",\"url\":\"https:\\\/\\\/turijnmagazijn.nl\\\/de\\\/produkt\\\/ruckflussventil-verteiler-scheibenwaschanlage-fluid-rohr-alpha-fiat-lancia\\\/\",\"name\":\"R\u00fcckflussventil Verteiler Scheibenwaschanlage Fl\u00fcssigkeitsrohr Alfa Fiat Lancia - Turijnmagazijn\",\"isPartOf\":{\"@id\":\"https:\\\/\\\/turijnmagazijn.jumpstone-dev.nl\\\/#website\"},\"primaryImageOfPage\":{\"@id\":\"https:\\\/\\\/turijnmagazijn.nl\\\/de\\\/produkt\\\/ruckflussventil-verteiler-scheibenwaschanlage-fluid-rohr-alpha-fiat-lancia\\\/#primaryimage\"},\"image\":{\"@id\":\"https:\\\/\\\/turijnmagazijn.nl\\\/de\\\/produkt\\\/ruckflussventil-verteiler-scheibenwaschanlage-fluid-rohr-alpha-fiat-lancia\\\/#primaryimage\"},\"thumbnailUrl\":\"https:\\\/\\\/turijnmagazijn.nl\\\/wp-content\\\/uploads\\\/2023\\\/03\\\/DN00100046_Terugstroomklepje_verdeelstuk_ruitensproeiervloeistof_leiding_Alfa_Fiat_Lancia_3-800x600-1.jpg\",\"datePublished\":\"2023-03-03T08:08:59+00:00\",\"dateModified\":\"2025-05-29T14:22:58+00:00\",\"breadcrumb\":{\"@id\":\"https:\\\/\\\/turijnmagazijn.nl\\\/de\\\/produkt\\\/ruckflussventil-verteiler-scheibenwaschanlage-fluid-rohr-alpha-fiat-lancia\\\/#breadcrumb\"},\"inLanguage\":\"de\",\"potentialAction\":[{\"@type\":\"ReadAction\",\"target\":[\"https:\\\/\\\/turijnmagazijn.nl\\\/de\\\/produkt\\\/ruckflussventil-verteiler-scheibenwaschanlage-fluid-rohr-alpha-fiat-lancia\\\/\"]}]},{\"@type\":\"ImageObject\",\"inLanguage\":\"de\",\"@id\":\"https:\\\/\\\/turijnmagazijn.nl\\\/de\\\/produkt\\\/ruckflussventil-verteiler-scheibenwaschanlage-fluid-rohr-alpha-fiat-lancia\\\/#primaryimage\",\"url\":\"https:\\\/\\\/turijnmagazijn.nl\\\/wp-content\\\/uploads\\\/2023\\\/03\\\/DN00100046_Terugstroomklepje_verdeelstuk_ruitensproeiervloeistof_leiding_Alfa_Fiat_Lancia_3-800x600-1.jpg\",\"contentUrl\":\"https:\\\/\\\/turijnmagazijn.nl\\\/wp-content\\\/uploads\\\/2023\\\/03\\\/DN00100046_Terugstroomklepje_verdeelstuk_ruitensproeiervloeistof_leiding_Alfa_Fiat_Lancia_3-800x600-1.jpg\",\"width\":800,\"height\":600},{\"@type\":\"BreadcrumbList\",\"@id\":\"https:\\\/\\\/turijnmagazijn.nl\\\/de\\\/produkt\\\/ruckflussventil-verteiler-scheibenwaschanlage-fluid-rohr-alpha-fiat-lancia\\\/#breadcrumb\",\"itemListElement\":[{\"@type\":\"ListItem\",\"position\":1,\"name\":\"Home\",\"item\":\"https:\\\/\\\/turijnmagazijn.nl\\\/de\\\/\"},{\"@type\":\"ListItem\",\"position\":2,\"name\":\"Produkte\",\"item\":\"https:\\\/\\\/turijnmagazijn.nl\\\/de\\\/shop\\\/\"},{\"@type\":\"ListItem\",\"position\":3,\"name\":\"R\u00fcckflussventil Verteiler Scheibenwaschanlage Fl\u00fcssigkeitsrohr Alfa Fiat Lancia\"}]},{\"@type\":\"WebSite\",\"@id\":\"https:\\\/\\\/turijnmagazijn.jumpstone-dev.nl\\\/#website\",\"url\":\"https:\\\/\\\/turijnmagazijn.jumpstone-dev.nl\\\/\",\"name\":\"Turijnmagazijn\",\"description\":\"Onderdelen nieuw en gebruikt - Fiat &amp; Lancia\",\"publisher\":{\"@id\":\"https:\\\/\\\/turijnmagazijn.jumpstone-dev.nl\\\/#organization\"},\"potentialAction\":[{\"@type\":\"SearchAction\",\"target\":{\"@type\":\"EntryPoint\",\"urlTemplate\":\"https:\\\/\\\/turijnmagazijn.jumpstone-dev.nl\\\/?s={search_term_string}\"},\"query-input\":{\"@type\":\"PropertyValueSpecification\",\"valueRequired\":true,\"valueName\":\"search_term_string\"}}],\"inLanguage\":\"de\"},{\"@type\":\"Organization\",\"@id\":\"https:\\\/\\\/turijnmagazijn.jumpstone-dev.nl\\\/#organization\",\"name\":\"Turijnmagazijn\",\"url\":\"https:\\\/\\\/turijnmagazijn.jumpstone-dev.nl\\\/\",\"logo\":{\"@type\":\"ImageObject\",\"inLanguage\":\"de\",\"@id\":\"https:\\\/\\\/turijnmagazijn.jumpstone-dev.nl\\\/#\\\/schema\\\/logo\\\/image\\\/\",\"url\":\"https:\\\/\\\/turijnmagazijn.nl\\\/wp-content\\\/uploads\\\/2021\\\/02\\\/turijnmagazijnlogo.png\",\"contentUrl\":\"https:\\\/\\\/turijnmagazijn.nl\\\/wp-content\\\/uploads\\\/2021\\\/02\\\/turijnmagazijnlogo.png\",\"width\":555,\"height\":270,\"caption\":\"Turijnmagazijn\"},\"image\":{\"@id\":\"https:\\\/\\\/turijnmagazijn.jumpstone-dev.nl\\\/#\\\/schema\\\/logo\\\/image\\\/\"},\"sameAs\":[\"https:\\\/\\\/www.facebook.com\\\/turijnmagazijn\"]}]}<\/script>\n<!-- \/ Yoast SEO plugin. -->","yoast_head_json":{"title":"R\u00fcckflussventil Verteiler Scheibenwaschanlage Fl\u00fcssigkeitsrohr Alfa Fiat Lancia - Turijnmagazijn","robots":{"index":"index","follow":"follow","max-snippet":"max-snippet:-1","max-image-preview":"max-image-preview:large","max-video-preview":"max-video-preview:-1"},"canonical":"https:\/\/turijnmagazijn.nl\/de\/produkt\/ruckflussventil-verteiler-scheibenwaschanlage-fluid-rohr-alpha-fiat-lancia\/","og_locale":"de_DE","og_type":"article","og_title":"R\u00fcckflussventil Verteiler Scheibenwaschanlage Fl\u00fcssigkeitsrohr Alfa Fiat Lancia - Turijnmagazijn","og_description":"7667888 46418009 R\u00fcckflussventil Verteiler Scheibenwaschfl\u00fcssigkeitsleitung Alfa Fiat Lancia - R\u00fcckflussventil mit Split f\u00fcr die Scheibenwaschfl\u00fcssigkeitsleitung f\u00fcr verschiedene Typen von Fiat Lancia und Alfa Romeo.","og_url":"https:\/\/turijnmagazijn.nl\/de\/produkt\/ruckflussventil-verteiler-scheibenwaschanlage-fluid-rohr-alpha-fiat-lancia\/","og_site_name":"Turijnmagazijn","article_publisher":"https:\/\/www.facebook.com\/turijnmagazijn","article_modified_time":"2025-05-29T14:22:58+00:00","og_image":[{"width":800,"height":600,"url":"https:\/\/turijnmagazijn.nl\/wp-content\/uploads\/2023\/03\/DN00100046_Terugstroomklepje_verdeelstuk_ruitensproeiervloeistof_leiding_Alfa_Fiat_Lancia_3-800x600-1.jpg","type":"image\/jpeg"}],"twitter_card":"summary_large_image","schema":{"@context":"https:\/\/schema.org","@graph":[{"@type":"WebPage","@id":"https:\/\/turijnmagazijn.nl\/de\/produkt\/ruckflussventil-verteiler-scheibenwaschanlage-fluid-rohr-alpha-fiat-lancia\/","url":"https:\/\/turijnmagazijn.nl\/de\/produkt\/ruckflussventil-verteiler-scheibenwaschanlage-fluid-rohr-alpha-fiat-lancia\/","name":"R\u00fcckflussventil Verteiler Scheibenwaschanlage Fl\u00fcssigkeitsrohr Alfa Fiat Lancia - Turijnmagazijn","isPartOf":{"@id":"https:\/\/turijnmagazijn.jumpstone-dev.nl\/#website"},"primaryImageOfPage":{"@id":"https:\/\/turijnmagazijn.nl\/de\/produkt\/ruckflussventil-verteiler-scheibenwaschanlage-fluid-rohr-alpha-fiat-lancia\/#primaryimage"},"image":{"@id":"https:\/\/turijnmagazijn.nl\/de\/produkt\/ruckflussventil-verteiler-scheibenwaschanlage-fluid-rohr-alpha-fiat-lancia\/#primaryimage"},"thumbnailUrl":"https:\/\/turijnmagazijn.nl\/wp-content\/uploads\/2023\/03\/DN00100046_Terugstroomklepje_verdeelstuk_ruitensproeiervloeistof_leiding_Alfa_Fiat_Lancia_3-800x600-1.jpg","datePublished":"2023-03-03T08:08:59+00:00","dateModified":"2025-05-29T14:22:58+00:00","breadcrumb":{"@id":"https:\/\/turijnmagazijn.nl\/de\/produkt\/ruckflussventil-verteiler-scheibenwaschanlage-fluid-rohr-alpha-fiat-lancia\/#breadcrumb"},"inLanguage":"de","potentialAction":[{"@type":"ReadAction","target":["https:\/\/turijnmagazijn.nl\/de\/produkt\/ruckflussventil-verteiler-scheibenwaschanlage-fluid-rohr-alpha-fiat-lancia\/"]}]},{"@type":"ImageObject","inLanguage":"de","@id":"https:\/\/turijnmagazijn.nl\/de\/produkt\/ruckflussventil-verteiler-scheibenwaschanlage-fluid-rohr-alpha-fiat-lancia\/#primaryimage","url":"https:\/\/turijnmagazijn.nl\/wp-content\/uploads\/2023\/03\/DN00100046_Terugstroomklepje_verdeelstuk_ruitensproeiervloeistof_leiding_Alfa_Fiat_Lancia_3-800x600-1.jpg","contentUrl":"https:\/\/turijnmagazijn.nl\/wp-content\/uploads\/2023\/03\/DN00100046_Terugstroomklepje_verdeelstuk_ruitensproeiervloeistof_leiding_Alfa_Fiat_Lancia_3-800x600-1.jpg","width":800,"height":600},{"@type":"BreadcrumbList","@id":"https:\/\/turijnmagazijn.nl\/de\/produkt\/ruckflussventil-verteiler-scheibenwaschanlage-fluid-rohr-alpha-fiat-lancia\/#breadcrumb","itemListElement":[{"@type":"ListItem","position":1,"name":"Home","item":"https:\/\/turijnmagazijn.nl\/de\/"},{"@type":"ListItem","position":2,"name":"Produkte","item":"https:\/\/turijnmagazijn.nl\/de\/shop\/"},{"@type":"ListItem","position":3,"name":"R\u00fcckflussventil Verteiler Scheibenwaschanlage Fl\u00fcssigkeitsrohr Alfa Fiat Lancia"}]},{"@type":"WebSite","@id":"https:\/\/turijnmagazijn.jumpstone-dev.nl\/#website","url":"https:\/\/turijnmagazijn.jumpstone-dev.nl\/","name":"Turijnmagazijn","description":"Onderdelen nieuw en gebruikt - Fiat &amp; Lancia","publisher":{"@id":"https:\/\/turijnmagazijn.jumpstone-dev.nl\/#organization"},"potentialAction":[{"@type":"SearchAction","target":{"@type":"EntryPoint","urlTemplate":"https:\/\/turijnmagazijn.jumpstone-dev.nl\/?s={search_term_string}"},"query-input":{"@type":"PropertyValueSpecification","valueRequired":true,"valueName":"search_term_string"}}],"inLanguage":"de"},{"@type":"Organization","@id":"https:\/\/turijnmagazijn.jumpstone-dev.nl\/#organization","name":"Turijnmagazijn","url":"https:\/\/turijnmagazijn.jumpstone-dev.nl\/","logo":{"@type":"ImageObject","inLanguage":"de","@id":"https:\/\/turijnmagazijn.jumpstone-dev.nl\/#\/schema\/logo\/image\/","url":"https:\/\/turijnmagazijn.nl\/wp-content\/uploads\/2021\/02\/turijnmagazijnlogo.png","contentUrl":"https:\/\/turijnmagazijn.nl\/wp-content\/uploads\/2021\/02\/turijnmagazijnlogo.png","width":555,"height":270,"caption":"Turijnmagazijn"},"image":{"@id":"https:\/\/turijnmagazijn.jumpstone-dev.nl\/#\/schema\/logo\/image\/"},"sameAs":["https:\/\/www.facebook.com\/turijnmagazijn"]}]}},"_links":{"self":[{"href":"https:\/\/turijnmagazijn.nl\/de\/wp-json\/wp\/v2\/product\/62347","targetHints":{"allow":["GET"]}}],"collection":[{"href":"https:\/\/turijnmagazijn.nl\/de\/wp-json\/wp\/v2\/product"}],"about":[{"href":"https:\/\/turijnmagazijn.nl\/de\/wp-json\/wp\/v2\/types\/product"}],"replies":[{"embeddable":true,"href":"https:\/\/turijnmagazijn.nl\/de\/wp-json\/wp\/v2\/comments?post=62347"}],"wp:featuredmedia":[{"embeddable":true,"href":"https:\/\/turijnmagazijn.nl\/de\/wp-json\/wp\/v2\/media\/34521"}],"wp:attachment":[{"href":"https:\/\/turijnmagazijn.nl\/de\/wp-json\/wp\/v2\/media?parent=62347"}],"wp:term":[{"taxonomy":"product_brand","embeddable":true,"href":"https:\/\/turijnmagazijn.nl\/de\/wp-json\/wp\/v2\/product_brand?post=62347"},{"taxonomy":"product_cat","embeddable":true,"href":"https:\/\/turijnmagazijn.nl\/de\/wp-json\/wp\/v2\/product_cat?post=62347"},{"taxonomy":"product_tag","embeddable":true,"href":"https:\/\/turijnmagazijn.nl\/de\/wp-json\/wp\/v2\/product_tag?post=62347"}],"curies":[{"name":"wp","href":"https:\/\/api.w.org\/{rel}","templated":true}]}}