{"id":62353,"date":"2023-03-03T09:08:59","date_gmt":"2023-03-03T08:08:59","guid":{"rendered":"https:\/\/turijnmagazijn.nl\/product\/seilhutablage-alfa-147-fiat-grande-punto\/"},"modified":"2024-01-01T19:28:57","modified_gmt":"2024-01-01T18:28:57","slug":"seil-paket-regal-alfa-147-fiat-grande-punto","status":"publish","type":"product","link":"https:\/\/turijnmagazijn.nl\/de\/produkt\/seil-paket-regal-alfa-147-fiat-grande-punto\/","title":{"rendered":"Seilhutablage Alfa 147 &#8211; Fiat Grande Punto"},"content":{"rendered":"<p>Schnur zum Aufh\u00e4ngen der Paketablage f\u00fcr Alfa 147, auch passend f\u00fcr Fiat Grande Punto Fiat Punto I und Fiat Punto II. Die Saiten sind leicht zu wechseln. Es handelt sich um einen Satz von 2 gebrauchten Saiten aus einem Alfa 147 Baujahr 2001.<\/p>\n<p>Verpackt pro 2 St\u00fcck.<\/p>\n<p>Betrifft einen neuen Artikel.<\/p>\n<p>OEM-7740229<\/p>\n","protected":false},"excerpt":{"rendered":"<p>7740229 Seil-Hutablage Alfa 147 &#8211; Fiat Grande Punto &#8211; Schnur zum Aufh\u00e4ngen der Hutablage f\u00fcr Alfa 147, auch f\u00fcr Fiat Grande Punto anwendbar.Seil-Hutablage Alfa 147 &#8211; Fiat Grande Punto &#8211; Schnur zum Aufh\u00e4ngen der Hutablage f\u00fcr Alfa 147, o<\/p>\n","protected":false},"featured_media":34533,"comment_status":"closed","ping_status":"closed","template":"","meta":{"_acf_changed":false},"product_brand":[],"product_cat":[1605,1584,1689,1729,1632,1745,1751],"product_tag":[],"class_list":{"0":"post-62353","1":"product","2":"type-product","3":"status-publish","4":"has-post-thumbnail","6":"product_cat-147-937-de","7":"product_cat-alfa-romeo-de","8":"product_cat-fiat-de","9":"product_cat-grande-punto-199-de","10":"product_cat-gt-937-de","11":"product_cat-punto-1-176-de","12":"product_cat-punto-2-188-de","13":"pa_soort-onderdeel-kleines-material","15":"first","16":"instock","17":"taxable","18":"shipping-taxable","19":"purchasable","20":"product-type-simple"},"acf":[],"yoast_head":"<!-- This site is optimized with the Yoast SEO plugin v27.3 - https:\/\/yoast.com\/product\/yoast-seo-wordpress\/ -->\n<title>Seilhutablage Alfa 147 - Fiat Grande Punto - Turijnmagazijn<\/title>\n<meta name=\"robots\" content=\"index, follow, max-snippet:-1, max-image-preview:large, max-video-preview:-1\" \/>\n<link rel=\"canonical\" href=\"https:\/\/turijnmagazijn.nl\/de\/produkt\/seil-paket-regal-alfa-147-fiat-grande-punto\/\" \/>\n<meta property=\"og:locale\" content=\"de_DE\" \/>\n<meta property=\"og:type\" content=\"article\" \/>\n<meta property=\"og:title\" content=\"Seilhutablage Alfa 147 - Fiat Grande Punto - Turijnmagazijn\" \/>\n<meta property=\"og:description\" content=\"7740229 Seil-Hutablage Alfa 147 - Fiat Grande Punto - Schnur zum Aufh\u00e4ngen der Hutablage f\u00fcr Alfa 147, auch f\u00fcr Fiat Grande Punto anwendbar.Seil-Hutablage Alfa 147 - Fiat Grande Punto - Schnur zum Aufh\u00e4ngen der Hutablage f\u00fcr Alfa 147, o\" \/>\n<meta property=\"og:url\" content=\"https:\/\/turijnmagazijn.nl\/de\/produkt\/seil-paket-regal-alfa-147-fiat-grande-punto\/\" \/>\n<meta property=\"og:site_name\" content=\"Turijnmagazijn\" \/>\n<meta property=\"article:publisher\" content=\"https:\/\/www.facebook.com\/turijnmagazijn\" \/>\n<meta property=\"article:modified_time\" content=\"2024-01-01T18:28:57+00:00\" \/>\n<meta property=\"og:image\" content=\"https:\/\/turijnmagazijn.nl\/wp-content\/uploads\/2023\/03\/DN00100047_Touw_hoedenplank_Alfa_147_-_Fiat_Grande_Punto_3-800x600-1.jpg\" \/>\n\t<meta property=\"og:image:width\" content=\"800\" \/>\n\t<meta property=\"og:image:height\" content=\"600\" \/>\n\t<meta property=\"og:image:type\" content=\"image\/jpeg\" \/>\n<meta name=\"twitter:card\" content=\"summary_large_image\" \/>\n<script type=\"application\/ld+json\" class=\"yoast-schema-graph\">{\"@context\":\"https:\\\/\\\/schema.org\",\"@graph\":[{\"@type\":\"WebPage\",\"@id\":\"https:\\\/\\\/turijnmagazijn.nl\\\/de\\\/produkt\\\/seil-paket-regal-alfa-147-fiat-grande-punto\\\/\",\"url\":\"https:\\\/\\\/turijnmagazijn.nl\\\/de\\\/produkt\\\/seil-paket-regal-alfa-147-fiat-grande-punto\\\/\",\"name\":\"Seilhutablage Alfa 147 - Fiat Grande Punto - Turijnmagazijn\",\"isPartOf\":{\"@id\":\"https:\\\/\\\/turijnmagazijn.jumpstone-dev.nl\\\/#website\"},\"primaryImageOfPage\":{\"@id\":\"https:\\\/\\\/turijnmagazijn.nl\\\/de\\\/produkt\\\/seil-paket-regal-alfa-147-fiat-grande-punto\\\/#primaryimage\"},\"image\":{\"@id\":\"https:\\\/\\\/turijnmagazijn.nl\\\/de\\\/produkt\\\/seil-paket-regal-alfa-147-fiat-grande-punto\\\/#primaryimage\"},\"thumbnailUrl\":\"https:\\\/\\\/turijnmagazijn.nl\\\/wp-content\\\/uploads\\\/2023\\\/03\\\/DN00100047_Touw_hoedenplank_Alfa_147_-_Fiat_Grande_Punto_3-800x600-1.jpg\",\"datePublished\":\"2023-03-03T08:08:59+00:00\",\"dateModified\":\"2024-01-01T18:28:57+00:00\",\"breadcrumb\":{\"@id\":\"https:\\\/\\\/turijnmagazijn.nl\\\/de\\\/produkt\\\/seil-paket-regal-alfa-147-fiat-grande-punto\\\/#breadcrumb\"},\"inLanguage\":\"de\",\"potentialAction\":[{\"@type\":\"ReadAction\",\"target\":[\"https:\\\/\\\/turijnmagazijn.nl\\\/de\\\/produkt\\\/seil-paket-regal-alfa-147-fiat-grande-punto\\\/\"]}]},{\"@type\":\"ImageObject\",\"inLanguage\":\"de\",\"@id\":\"https:\\\/\\\/turijnmagazijn.nl\\\/de\\\/produkt\\\/seil-paket-regal-alfa-147-fiat-grande-punto\\\/#primaryimage\",\"url\":\"https:\\\/\\\/turijnmagazijn.nl\\\/wp-content\\\/uploads\\\/2023\\\/03\\\/DN00100047_Touw_hoedenplank_Alfa_147_-_Fiat_Grande_Punto_3-800x600-1.jpg\",\"contentUrl\":\"https:\\\/\\\/turijnmagazijn.nl\\\/wp-content\\\/uploads\\\/2023\\\/03\\\/DN00100047_Touw_hoedenplank_Alfa_147_-_Fiat_Grande_Punto_3-800x600-1.jpg\",\"width\":800,\"height\":600},{\"@type\":\"BreadcrumbList\",\"@id\":\"https:\\\/\\\/turijnmagazijn.nl\\\/de\\\/produkt\\\/seil-paket-regal-alfa-147-fiat-grande-punto\\\/#breadcrumb\",\"itemListElement\":[{\"@type\":\"ListItem\",\"position\":1,\"name\":\"Home\",\"item\":\"https:\\\/\\\/turijnmagazijn.nl\\\/de\\\/\"},{\"@type\":\"ListItem\",\"position\":2,\"name\":\"Produkte\",\"item\":\"https:\\\/\\\/turijnmagazijn.nl\\\/de\\\/shop\\\/\"},{\"@type\":\"ListItem\",\"position\":3,\"name\":\"Seilhutablage Alfa 147 &#8211; Fiat Grande Punto\"}]},{\"@type\":\"WebSite\",\"@id\":\"https:\\\/\\\/turijnmagazijn.jumpstone-dev.nl\\\/#website\",\"url\":\"https:\\\/\\\/turijnmagazijn.jumpstone-dev.nl\\\/\",\"name\":\"Turijnmagazijn\",\"description\":\"Onderdelen nieuw en gebruikt - Fiat &amp; Lancia\",\"publisher\":{\"@id\":\"https:\\\/\\\/turijnmagazijn.jumpstone-dev.nl\\\/#organization\"},\"potentialAction\":[{\"@type\":\"SearchAction\",\"target\":{\"@type\":\"EntryPoint\",\"urlTemplate\":\"https:\\\/\\\/turijnmagazijn.jumpstone-dev.nl\\\/?s={search_term_string}\"},\"query-input\":{\"@type\":\"PropertyValueSpecification\",\"valueRequired\":true,\"valueName\":\"search_term_string\"}}],\"inLanguage\":\"de\"},{\"@type\":\"Organization\",\"@id\":\"https:\\\/\\\/turijnmagazijn.jumpstone-dev.nl\\\/#organization\",\"name\":\"Turijnmagazijn\",\"url\":\"https:\\\/\\\/turijnmagazijn.jumpstone-dev.nl\\\/\",\"logo\":{\"@type\":\"ImageObject\",\"inLanguage\":\"de\",\"@id\":\"https:\\\/\\\/turijnmagazijn.jumpstone-dev.nl\\\/#\\\/schema\\\/logo\\\/image\\\/\",\"url\":\"https:\\\/\\\/turijnmagazijn.nl\\\/wp-content\\\/uploads\\\/2021\\\/02\\\/turijnmagazijnlogo.png\",\"contentUrl\":\"https:\\\/\\\/turijnmagazijn.nl\\\/wp-content\\\/uploads\\\/2021\\\/02\\\/turijnmagazijnlogo.png\",\"width\":555,\"height\":270,\"caption\":\"Turijnmagazijn\"},\"image\":{\"@id\":\"https:\\\/\\\/turijnmagazijn.jumpstone-dev.nl\\\/#\\\/schema\\\/logo\\\/image\\\/\"},\"sameAs\":[\"https:\\\/\\\/www.facebook.com\\\/turijnmagazijn\"]}]}<\/script>\n<!-- \/ Yoast SEO plugin. -->","yoast_head_json":{"title":"Seilhutablage Alfa 147 - Fiat Grande Punto - Turijnmagazijn","robots":{"index":"index","follow":"follow","max-snippet":"max-snippet:-1","max-image-preview":"max-image-preview:large","max-video-preview":"max-video-preview:-1"},"canonical":"https:\/\/turijnmagazijn.nl\/de\/produkt\/seil-paket-regal-alfa-147-fiat-grande-punto\/","og_locale":"de_DE","og_type":"article","og_title":"Seilhutablage Alfa 147 - Fiat Grande Punto - Turijnmagazijn","og_description":"7740229 Seil-Hutablage Alfa 147 - Fiat Grande Punto - Schnur zum Aufh\u00e4ngen der Hutablage f\u00fcr Alfa 147, auch f\u00fcr Fiat Grande Punto anwendbar.Seil-Hutablage Alfa 147 - Fiat Grande Punto - Schnur zum Aufh\u00e4ngen der Hutablage f\u00fcr Alfa 147, o","og_url":"https:\/\/turijnmagazijn.nl\/de\/produkt\/seil-paket-regal-alfa-147-fiat-grande-punto\/","og_site_name":"Turijnmagazijn","article_publisher":"https:\/\/www.facebook.com\/turijnmagazijn","article_modified_time":"2024-01-01T18:28:57+00:00","og_image":[{"width":800,"height":600,"url":"https:\/\/turijnmagazijn.nl\/wp-content\/uploads\/2023\/03\/DN00100047_Touw_hoedenplank_Alfa_147_-_Fiat_Grande_Punto_3-800x600-1.jpg","type":"image\/jpeg"}],"twitter_card":"summary_large_image","schema":{"@context":"https:\/\/schema.org","@graph":[{"@type":"WebPage","@id":"https:\/\/turijnmagazijn.nl\/de\/produkt\/seil-paket-regal-alfa-147-fiat-grande-punto\/","url":"https:\/\/turijnmagazijn.nl\/de\/produkt\/seil-paket-regal-alfa-147-fiat-grande-punto\/","name":"Seilhutablage Alfa 147 - Fiat Grande Punto - Turijnmagazijn","isPartOf":{"@id":"https:\/\/turijnmagazijn.jumpstone-dev.nl\/#website"},"primaryImageOfPage":{"@id":"https:\/\/turijnmagazijn.nl\/de\/produkt\/seil-paket-regal-alfa-147-fiat-grande-punto\/#primaryimage"},"image":{"@id":"https:\/\/turijnmagazijn.nl\/de\/produkt\/seil-paket-regal-alfa-147-fiat-grande-punto\/#primaryimage"},"thumbnailUrl":"https:\/\/turijnmagazijn.nl\/wp-content\/uploads\/2023\/03\/DN00100047_Touw_hoedenplank_Alfa_147_-_Fiat_Grande_Punto_3-800x600-1.jpg","datePublished":"2023-03-03T08:08:59+00:00","dateModified":"2024-01-01T18:28:57+00:00","breadcrumb":{"@id":"https:\/\/turijnmagazijn.nl\/de\/produkt\/seil-paket-regal-alfa-147-fiat-grande-punto\/#breadcrumb"},"inLanguage":"de","potentialAction":[{"@type":"ReadAction","target":["https:\/\/turijnmagazijn.nl\/de\/produkt\/seil-paket-regal-alfa-147-fiat-grande-punto\/"]}]},{"@type":"ImageObject","inLanguage":"de","@id":"https:\/\/turijnmagazijn.nl\/de\/produkt\/seil-paket-regal-alfa-147-fiat-grande-punto\/#primaryimage","url":"https:\/\/turijnmagazijn.nl\/wp-content\/uploads\/2023\/03\/DN00100047_Touw_hoedenplank_Alfa_147_-_Fiat_Grande_Punto_3-800x600-1.jpg","contentUrl":"https:\/\/turijnmagazijn.nl\/wp-content\/uploads\/2023\/03\/DN00100047_Touw_hoedenplank_Alfa_147_-_Fiat_Grande_Punto_3-800x600-1.jpg","width":800,"height":600},{"@type":"BreadcrumbList","@id":"https:\/\/turijnmagazijn.nl\/de\/produkt\/seil-paket-regal-alfa-147-fiat-grande-punto\/#breadcrumb","itemListElement":[{"@type":"ListItem","position":1,"name":"Home","item":"https:\/\/turijnmagazijn.nl\/de\/"},{"@type":"ListItem","position":2,"name":"Produkte","item":"https:\/\/turijnmagazijn.nl\/de\/shop\/"},{"@type":"ListItem","position":3,"name":"Seilhutablage Alfa 147 &#8211; Fiat Grande Punto"}]},{"@type":"WebSite","@id":"https:\/\/turijnmagazijn.jumpstone-dev.nl\/#website","url":"https:\/\/turijnmagazijn.jumpstone-dev.nl\/","name":"Turijnmagazijn","description":"Onderdelen nieuw en gebruikt - Fiat &amp; Lancia","publisher":{"@id":"https:\/\/turijnmagazijn.jumpstone-dev.nl\/#organization"},"potentialAction":[{"@type":"SearchAction","target":{"@type":"EntryPoint","urlTemplate":"https:\/\/turijnmagazijn.jumpstone-dev.nl\/?s={search_term_string}"},"query-input":{"@type":"PropertyValueSpecification","valueRequired":true,"valueName":"search_term_string"}}],"inLanguage":"de"},{"@type":"Organization","@id":"https:\/\/turijnmagazijn.jumpstone-dev.nl\/#organization","name":"Turijnmagazijn","url":"https:\/\/turijnmagazijn.jumpstone-dev.nl\/","logo":{"@type":"ImageObject","inLanguage":"de","@id":"https:\/\/turijnmagazijn.jumpstone-dev.nl\/#\/schema\/logo\/image\/","url":"https:\/\/turijnmagazijn.nl\/wp-content\/uploads\/2021\/02\/turijnmagazijnlogo.png","contentUrl":"https:\/\/turijnmagazijn.nl\/wp-content\/uploads\/2021\/02\/turijnmagazijnlogo.png","width":555,"height":270,"caption":"Turijnmagazijn"},"image":{"@id":"https:\/\/turijnmagazijn.jumpstone-dev.nl\/#\/schema\/logo\/image\/"},"sameAs":["https:\/\/www.facebook.com\/turijnmagazijn"]}]}},"_links":{"self":[{"href":"https:\/\/turijnmagazijn.nl\/de\/wp-json\/wp\/v2\/product\/62353","targetHints":{"allow":["GET"]}}],"collection":[{"href":"https:\/\/turijnmagazijn.nl\/de\/wp-json\/wp\/v2\/product"}],"about":[{"href":"https:\/\/turijnmagazijn.nl\/de\/wp-json\/wp\/v2\/types\/product"}],"replies":[{"embeddable":true,"href":"https:\/\/turijnmagazijn.nl\/de\/wp-json\/wp\/v2\/comments?post=62353"}],"wp:featuredmedia":[{"embeddable":true,"href":"https:\/\/turijnmagazijn.nl\/de\/wp-json\/wp\/v2\/media\/34533"}],"wp:attachment":[{"href":"https:\/\/turijnmagazijn.nl\/de\/wp-json\/wp\/v2\/media?parent=62353"}],"wp:term":[{"taxonomy":"product_brand","embeddable":true,"href":"https:\/\/turijnmagazijn.nl\/de\/wp-json\/wp\/v2\/product_brand?post=62353"},{"taxonomy":"product_cat","embeddable":true,"href":"https:\/\/turijnmagazijn.nl\/de\/wp-json\/wp\/v2\/product_cat?post=62353"},{"taxonomy":"product_tag","embeddable":true,"href":"https:\/\/turijnmagazijn.nl\/de\/wp-json\/wp\/v2\/product_tag?post=62353"}],"curies":[{"name":"wp","href":"https:\/\/api.w.org\/{rel}","templated":true}]}}