{"id":62505,"date":"2023-03-03T09:11:46","date_gmt":"2023-03-03T08:11:46","guid":{"rendered":"https:\/\/turijnmagazijn.nl\/product\/schalttafel-sekundaerbeleuchtung-lancia-kappa-schwarz\/"},"modified":"2023-07-26T13:46:09","modified_gmt":"2023-07-26T11:46:09","slug":"schalttafel-sekundarbeleuchtung-lancia-kappa-schwarz","status":"publish","type":"product","link":"https:\/\/turijnmagazijn.nl\/de\/produkt\/schalttafel-sekundarbeleuchtung-lancia-kappa-schwarz\/","title":{"rendered":"Schalttafel Sekund\u00e4rbeleuchtung Lancia Kappa schwarz"},"content":{"rendered":"<p>Schaltfeld f\u00fcr die Montage im Armaturenbrett links neben dem Lenkrad f\u00fcr Lancia Kappa, das gleiche f\u00fcr alle Modelle, also auch f\u00fcr Coup\u00e9 und SW anwendbar. Das Schaltpad enth\u00e4lt Schalter f\u00fcr Nebelscheinwerfer und Nebelschlussleuchten. Dar\u00fcber hinaus ist der Block mit dem H\u00f6henschalter zum Einstellen der Scheinwerferh\u00f6he ausgestattet. Das Ger\u00e4t ist in einem sehr gepflegten Zustand.<\/p>\n<p>Er stammt aus einer Lancia Kappa Limousine aus dem Jahr 2000.<\/p>\n<p>OEM-Nummer Lancia <span style=\"color: #1e1e22; font-family: Arial, Helvetica, sans-serif; font-weight: bold; line-height: 24px;\">177255464<\/span><\/p>\n","protected":false},"excerpt":{"rendered":"<p>Schalttafel Sekund\u00e4rbeleuchtung Lancia Kappa &#8211; Schaltbelag f\u00fcr die Montage im Armaturenbrett links neben dem Lenkrad f\u00fcr Lancia Kappa, das gleiche f\u00fcr alle Modelle, also auch f\u00fcr Coup\u00e9 und SW anwendbar.<\/p>\n","protected":false},"featured_media":37757,"comment_status":"open","ping_status":"closed","template":"","meta":{"_acf_changed":false},"product_brand":[],"product_cat":[1864,1867,1859,1797,1869],"product_tag":[],"class_list":{"0":"post-62505","1":"product","2":"type-product","3":"status-publish","4":"has-post-thumbnail","6":"product_cat-berlina-de","7":"product_cat-coupe-de","8":"product_cat-kappa-838-de","9":"product_cat-lancia-de","10":"product_cat-sw-de","11":"pa_soort-onderdeel-beleuchtung","12":"pa_soort-onderdeel-dashboard-und-schalter","14":"first","15":"instock","16":"shipping-taxable","17":"purchasable","18":"product-type-simple"},"acf":[],"yoast_head":"<!-- This site is optimized with the Yoast SEO plugin v27.2 - https:\/\/yoast.com\/product\/yoast-seo-wordpress\/ -->\n<title>Schalttafel Sekund\u00e4rbeleuchtung Lancia Kappa schwarz - Turijnmagazijn<\/title>\n<meta name=\"robots\" content=\"index, follow, max-snippet:-1, max-image-preview:large, max-video-preview:-1\" \/>\n<link rel=\"canonical\" href=\"https:\/\/turijnmagazijn.nl\/de\/produkt\/schalttafel-sekundarbeleuchtung-lancia-kappa-schwarz\/\" \/>\n<meta property=\"og:locale\" content=\"de_DE\" \/>\n<meta property=\"og:type\" content=\"article\" \/>\n<meta property=\"og:title\" content=\"Schalttafel Sekund\u00e4rbeleuchtung Lancia Kappa schwarz - Turijnmagazijn\" \/>\n<meta property=\"og:description\" content=\"Schalttafel Sekund\u00e4rbeleuchtung Lancia Kappa - Schaltbelag f\u00fcr die Montage im Armaturenbrett links neben dem Lenkrad f\u00fcr Lancia Kappa, das gleiche f\u00fcr alle Modelle, also auch f\u00fcr Coup\u00e9 und SW anwendbar.\" \/>\n<meta property=\"og:url\" content=\"https:\/\/turijnmagazijn.nl\/de\/produkt\/schalttafel-sekundarbeleuchtung-lancia-kappa-schwarz\/\" \/>\n<meta property=\"og:site_name\" content=\"Turijnmagazijn\" \/>\n<meta property=\"article:publisher\" content=\"https:\/\/www.facebook.com\/turijnmagazijn\" \/>\n<meta property=\"article:modified_time\" content=\"2023-07-26T11:46:09+00:00\" \/>\n<meta property=\"og:image\" content=\"https:\/\/turijnmagazijn.jumpstone-dev.nl\/wp-content\/uploads\/2023\/03\/DK0010084520Schakelaarpaneel20secundaire20verlichting20Lancia20Kappa202-rotated-1-e1685037047718.jpg\" \/>\n\t<meta property=\"og:image:width\" content=\"600\" \/>\n\t<meta property=\"og:image:height\" content=\"800\" \/>\n\t<meta property=\"og:image:type\" content=\"image\/jpeg\" \/>\n<meta name=\"twitter:card\" content=\"summary_large_image\" \/>\n<script type=\"application\/ld+json\" class=\"yoast-schema-graph\">{\"@context\":\"https:\/\/schema.org\",\"@graph\":[{\"@type\":\"WebPage\",\"@id\":\"https:\/\/turijnmagazijn.nl\/de\/produkt\/schalttafel-sekundarbeleuchtung-lancia-kappa-schwarz\/\",\"url\":\"https:\/\/turijnmagazijn.nl\/de\/produkt\/schalttafel-sekundarbeleuchtung-lancia-kappa-schwarz\/\",\"name\":\"Schalttafel Sekund\u00e4rbeleuchtung Lancia Kappa schwarz - Turijnmagazijn\",\"isPartOf\":{\"@id\":\"https:\/\/turijnmagazijn.jumpstone-dev.nl\/#website\"},\"primaryImageOfPage\":{\"@id\":\"https:\/\/turijnmagazijn.nl\/de\/produkt\/schalttafel-sekundarbeleuchtung-lancia-kappa-schwarz\/#primaryimage\"},\"image\":{\"@id\":\"https:\/\/turijnmagazijn.nl\/de\/produkt\/schalttafel-sekundarbeleuchtung-lancia-kappa-schwarz\/#primaryimage\"},\"thumbnailUrl\":\"https:\/\/turijnmagazijn.nl\/wp-content\/uploads\/2023\/03\/DK0010084520Schakelaarpaneel20secundaire20verlichting20Lancia20Kappa202-rotated-1-e1685037047718.jpg\",\"datePublished\":\"2023-03-03T08:11:46+00:00\",\"dateModified\":\"2023-07-26T11:46:09+00:00\",\"breadcrumb\":{\"@id\":\"https:\/\/turijnmagazijn.nl\/de\/produkt\/schalttafel-sekundarbeleuchtung-lancia-kappa-schwarz\/#breadcrumb\"},\"inLanguage\":\"de\",\"potentialAction\":[{\"@type\":\"ReadAction\",\"target\":[\"https:\/\/turijnmagazijn.nl\/de\/produkt\/schalttafel-sekundarbeleuchtung-lancia-kappa-schwarz\/\"]}]},{\"@type\":\"ImageObject\",\"inLanguage\":\"de\",\"@id\":\"https:\/\/turijnmagazijn.nl\/de\/produkt\/schalttafel-sekundarbeleuchtung-lancia-kappa-schwarz\/#primaryimage\",\"url\":\"https:\/\/turijnmagazijn.nl\/wp-content\/uploads\/2023\/03\/DK0010084520Schakelaarpaneel20secundaire20verlichting20Lancia20Kappa202-rotated-1-e1685037047718.jpg\",\"contentUrl\":\"https:\/\/turijnmagazijn.nl\/wp-content\/uploads\/2023\/03\/DK0010084520Schakelaarpaneel20secundaire20verlichting20Lancia20Kappa202-rotated-1-e1685037047718.jpg\",\"width\":600,\"height\":800},{\"@type\":\"BreadcrumbList\",\"@id\":\"https:\/\/turijnmagazijn.nl\/de\/produkt\/schalttafel-sekundarbeleuchtung-lancia-kappa-schwarz\/#breadcrumb\",\"itemListElement\":[{\"@type\":\"ListItem\",\"position\":1,\"name\":\"Home\",\"item\":\"https:\/\/turijnmagazijn.jumpstone-dev.nl\/\"},{\"@type\":\"ListItem\",\"position\":2,\"name\":\"Produkte\",\"item\":\"https:\/\/turijnmagazijn.nl\/de\/shop\/\"},{\"@type\":\"ListItem\",\"position\":3,\"name\":\"Schalttafel Sekund\u00e4rbeleuchtung Lancia Kappa schwarz\"}]},{\"@type\":\"WebSite\",\"@id\":\"https:\/\/turijnmagazijn.jumpstone-dev.nl\/#website\",\"url\":\"https:\/\/turijnmagazijn.jumpstone-dev.nl\/\",\"name\":\"Turijnmagazijn\",\"description\":\"Onderdelen nieuw en gebruikt - Fiat &amp; Lancia\",\"publisher\":{\"@id\":\"https:\/\/turijnmagazijn.jumpstone-dev.nl\/#organization\"},\"potentialAction\":[{\"@type\":\"SearchAction\",\"target\":{\"@type\":\"EntryPoint\",\"urlTemplate\":\"https:\/\/turijnmagazijn.jumpstone-dev.nl\/?s={search_term_string}\"},\"query-input\":{\"@type\":\"PropertyValueSpecification\",\"valueRequired\":true,\"valueName\":\"search_term_string\"}}],\"inLanguage\":\"de\"},{\"@type\":\"Organization\",\"@id\":\"https:\/\/turijnmagazijn.jumpstone-dev.nl\/#organization\",\"name\":\"Turijnmagazijn\",\"url\":\"https:\/\/turijnmagazijn.jumpstone-dev.nl\/\",\"logo\":{\"@type\":\"ImageObject\",\"inLanguage\":\"de\",\"@id\":\"https:\/\/turijnmagazijn.jumpstone-dev.nl\/#\/schema\/logo\/image\/\",\"url\":\"https:\/\/turijnmagazijn.nl\/wp-content\/uploads\/2021\/02\/turijnmagazijnlogo.png\",\"contentUrl\":\"https:\/\/turijnmagazijn.nl\/wp-content\/uploads\/2021\/02\/turijnmagazijnlogo.png\",\"width\":555,\"height\":270,\"caption\":\"Turijnmagazijn\"},\"image\":{\"@id\":\"https:\/\/turijnmagazijn.jumpstone-dev.nl\/#\/schema\/logo\/image\/\"},\"sameAs\":[\"https:\/\/www.facebook.com\/turijnmagazijn\"]}]}<\/script>\n<!-- \/ Yoast SEO plugin. -->","yoast_head_json":{"title":"Schalttafel Sekund\u00e4rbeleuchtung Lancia Kappa schwarz - Turijnmagazijn","robots":{"index":"index","follow":"follow","max-snippet":"max-snippet:-1","max-image-preview":"max-image-preview:large","max-video-preview":"max-video-preview:-1"},"canonical":"https:\/\/turijnmagazijn.nl\/de\/produkt\/schalttafel-sekundarbeleuchtung-lancia-kappa-schwarz\/","og_locale":"de_DE","og_type":"article","og_title":"Schalttafel Sekund\u00e4rbeleuchtung Lancia Kappa schwarz - Turijnmagazijn","og_description":"Schalttafel Sekund\u00e4rbeleuchtung Lancia Kappa - Schaltbelag f\u00fcr die Montage im Armaturenbrett links neben dem Lenkrad f\u00fcr Lancia Kappa, das gleiche f\u00fcr alle Modelle, also auch f\u00fcr Coup\u00e9 und SW anwendbar.","og_url":"https:\/\/turijnmagazijn.nl\/de\/produkt\/schalttafel-sekundarbeleuchtung-lancia-kappa-schwarz\/","og_site_name":"Turijnmagazijn","article_publisher":"https:\/\/www.facebook.com\/turijnmagazijn","article_modified_time":"2023-07-26T11:46:09+00:00","og_image":[{"width":600,"height":800,"url":"https:\/\/turijnmagazijn.jumpstone-dev.nl\/wp-content\/uploads\/2023\/03\/DK0010084520Schakelaarpaneel20secundaire20verlichting20Lancia20Kappa202-rotated-1-e1685037047718.jpg","type":"image\/jpeg"}],"twitter_card":"summary_large_image","schema":{"@context":"https:\/\/schema.org","@graph":[{"@type":"WebPage","@id":"https:\/\/turijnmagazijn.nl\/de\/produkt\/schalttafel-sekundarbeleuchtung-lancia-kappa-schwarz\/","url":"https:\/\/turijnmagazijn.nl\/de\/produkt\/schalttafel-sekundarbeleuchtung-lancia-kappa-schwarz\/","name":"Schalttafel Sekund\u00e4rbeleuchtung Lancia Kappa schwarz - Turijnmagazijn","isPartOf":{"@id":"https:\/\/turijnmagazijn.jumpstone-dev.nl\/#website"},"primaryImageOfPage":{"@id":"https:\/\/turijnmagazijn.nl\/de\/produkt\/schalttafel-sekundarbeleuchtung-lancia-kappa-schwarz\/#primaryimage"},"image":{"@id":"https:\/\/turijnmagazijn.nl\/de\/produkt\/schalttafel-sekundarbeleuchtung-lancia-kappa-schwarz\/#primaryimage"},"thumbnailUrl":"https:\/\/turijnmagazijn.nl\/wp-content\/uploads\/2023\/03\/DK0010084520Schakelaarpaneel20secundaire20verlichting20Lancia20Kappa202-rotated-1-e1685037047718.jpg","datePublished":"2023-03-03T08:11:46+00:00","dateModified":"2023-07-26T11:46:09+00:00","breadcrumb":{"@id":"https:\/\/turijnmagazijn.nl\/de\/produkt\/schalttafel-sekundarbeleuchtung-lancia-kappa-schwarz\/#breadcrumb"},"inLanguage":"de","potentialAction":[{"@type":"ReadAction","target":["https:\/\/turijnmagazijn.nl\/de\/produkt\/schalttafel-sekundarbeleuchtung-lancia-kappa-schwarz\/"]}]},{"@type":"ImageObject","inLanguage":"de","@id":"https:\/\/turijnmagazijn.nl\/de\/produkt\/schalttafel-sekundarbeleuchtung-lancia-kappa-schwarz\/#primaryimage","url":"https:\/\/turijnmagazijn.nl\/wp-content\/uploads\/2023\/03\/DK0010084520Schakelaarpaneel20secundaire20verlichting20Lancia20Kappa202-rotated-1-e1685037047718.jpg","contentUrl":"https:\/\/turijnmagazijn.nl\/wp-content\/uploads\/2023\/03\/DK0010084520Schakelaarpaneel20secundaire20verlichting20Lancia20Kappa202-rotated-1-e1685037047718.jpg","width":600,"height":800},{"@type":"BreadcrumbList","@id":"https:\/\/turijnmagazijn.nl\/de\/produkt\/schalttafel-sekundarbeleuchtung-lancia-kappa-schwarz\/#breadcrumb","itemListElement":[{"@type":"ListItem","position":1,"name":"Home","item":"https:\/\/turijnmagazijn.jumpstone-dev.nl\/"},{"@type":"ListItem","position":2,"name":"Produkte","item":"https:\/\/turijnmagazijn.nl\/de\/shop\/"},{"@type":"ListItem","position":3,"name":"Schalttafel Sekund\u00e4rbeleuchtung Lancia Kappa schwarz"}]},{"@type":"WebSite","@id":"https:\/\/turijnmagazijn.jumpstone-dev.nl\/#website","url":"https:\/\/turijnmagazijn.jumpstone-dev.nl\/","name":"Turijnmagazijn","description":"Onderdelen nieuw en gebruikt - Fiat &amp; Lancia","publisher":{"@id":"https:\/\/turijnmagazijn.jumpstone-dev.nl\/#organization"},"potentialAction":[{"@type":"SearchAction","target":{"@type":"EntryPoint","urlTemplate":"https:\/\/turijnmagazijn.jumpstone-dev.nl\/?s={search_term_string}"},"query-input":{"@type":"PropertyValueSpecification","valueRequired":true,"valueName":"search_term_string"}}],"inLanguage":"de"},{"@type":"Organization","@id":"https:\/\/turijnmagazijn.jumpstone-dev.nl\/#organization","name":"Turijnmagazijn","url":"https:\/\/turijnmagazijn.jumpstone-dev.nl\/","logo":{"@type":"ImageObject","inLanguage":"de","@id":"https:\/\/turijnmagazijn.jumpstone-dev.nl\/#\/schema\/logo\/image\/","url":"https:\/\/turijnmagazijn.nl\/wp-content\/uploads\/2021\/02\/turijnmagazijnlogo.png","contentUrl":"https:\/\/turijnmagazijn.nl\/wp-content\/uploads\/2021\/02\/turijnmagazijnlogo.png","width":555,"height":270,"caption":"Turijnmagazijn"},"image":{"@id":"https:\/\/turijnmagazijn.jumpstone-dev.nl\/#\/schema\/logo\/image\/"},"sameAs":["https:\/\/www.facebook.com\/turijnmagazijn"]}]}},"_links":{"self":[{"href":"https:\/\/turijnmagazijn.nl\/de\/wp-json\/wp\/v2\/product\/62505","targetHints":{"allow":["GET"]}}],"collection":[{"href":"https:\/\/turijnmagazijn.nl\/de\/wp-json\/wp\/v2\/product"}],"about":[{"href":"https:\/\/turijnmagazijn.nl\/de\/wp-json\/wp\/v2\/types\/product"}],"replies":[{"embeddable":true,"href":"https:\/\/turijnmagazijn.nl\/de\/wp-json\/wp\/v2\/comments?post=62505"}],"wp:featuredmedia":[{"embeddable":true,"href":"https:\/\/turijnmagazijn.nl\/de\/wp-json\/wp\/v2\/media\/37757"}],"wp:attachment":[{"href":"https:\/\/turijnmagazijn.nl\/de\/wp-json\/wp\/v2\/media?parent=62505"}],"wp:term":[{"taxonomy":"product_brand","embeddable":true,"href":"https:\/\/turijnmagazijn.nl\/de\/wp-json\/wp\/v2\/product_brand?post=62505"},{"taxonomy":"product_cat","embeddable":true,"href":"https:\/\/turijnmagazijn.nl\/de\/wp-json\/wp\/v2\/product_cat?post=62505"},{"taxonomy":"product_tag","embeddable":true,"href":"https:\/\/turijnmagazijn.nl\/de\/wp-json\/wp\/v2\/product_tag?post=62505"}],"curies":[{"name":"wp","href":"https:\/\/api.w.org\/{rel}","templated":true}]}}