{"id":62508,"date":"2023-03-03T09:10:02","date_gmt":"2023-03-03T08:10:02","guid":{"rendered":"https:\/\/turijnmagazijn.nl\/product\/kuehlerluefter-alfa-romeo-166\/"},"modified":"2023-07-26T13:38:40","modified_gmt":"2023-07-26T11:38:40","slug":"kuhlerlufter-alpha-romeo-166","status":"publish","type":"product","link":"https:\/\/turijnmagazijn.nl\/de\/produkt\/kuhlerlufter-alpha-romeo-166\/","title":{"rendered":"K\u00fchlerl\u00fcfter Alfa Romeo 166"},"content":{"rendered":"<p style=\"color: rgb(0, 0, 0); line-height: normal; font-family: Arial, Helvetica, sans-serif; margin-top: 0px; margin-bottom: 20px;\">Kompletter L\u00fcfter \/ L\u00fcfter f\u00fcr den K\u00fchler eines Alfa Romeo 166 der ersten Serie. Der L\u00fcfter wurde auf Betrieb getestet und f\u00fcr gut befunden. Der L\u00fcfter ist komplett mit Kunststoffgeh\u00e4use f\u00fcr die Montage am Radiator, jedoch ohne den Widerstand. Diese kann ganz einfach aus einem bestehenden Geh\u00e4use \u00fcbernommen oder separat in unserem Webshop bestellt werden.<\/p>\n<p style=\"color: rgb(0, 0, 0); line-height: normal; font-family: Arial, Helvetica, sans-serif; margin-top: 0px; margin-bottom: 20px;\">Von einem <span style=\"color: rgb(0, 0, 0); line-height: normal; font-family: Arial, Helvetica, sans-serif; font-size: 13px;\">Alfa Romeo 166<\/span>&nbsp;2.0&nbsp;16V Twin Spark Baujahr 1999<\/p>\n<p style=\"color: rgb(0, 0, 0); line-height: normal; font-family: Arial, Helvetica, sans-serif; margin-top: 0px; margin-bottom: 20px;\">Der L\u00fcfter ist ein 12-Volt-Ger\u00e4t von Magneti Marelli. Der Ventilator hat einen gro\u00dfen Durchmesser und ist ein schweres Modell, da er auch den Klimak\u00fchler k\u00fchlt.<\/p>\n<p style=\"color: rgb(0, 0, 0); line-height: normal; font-family: Arial, Helvetica, sans-serif; margin-top: 0px; margin-bottom: 20px;\">OEM-Nummer Alfa Romeo&nbsp;<span style=\"color: rgb(6, 45, 104); text-transform: uppercase; line-height: normal; font-family: Verdana; font-size: 10px; background-color: rgb(229, 229, 229);\">60692418<\/span><\/p>\n","protected":false},"excerpt":{"rendered":"<p>K\u00fchlerl\u00fcfter Alfa Romeo 166 &#8211; Kompletter L\u00fcfter \/ L\u00fcfter f\u00fcr den K\u00fchler eines Alfa Romeo 166 der ersten Serie.<\/p>\n","protected":false},"featured_media":35653,"comment_status":"open","ping_status":"closed","template":"","meta":{"_acf_changed":false},"product_brand":[],"product_cat":[1651,1584],"product_tag":[],"class_list":{"0":"post-62508","1":"product","2":"type-product","3":"status-publish","4":"has-post-thumbnail","6":"product_cat-166-936-de","7":"product_cat-alfa-romeo-de","8":"pa_soort-onderdeel-motor-und-zubehor","10":"first","11":"instock","12":"sale","13":"shipping-taxable","14":"purchasable","15":"product-type-simple"},"acf":[],"yoast_head":"<!-- This site is optimized with the Yoast SEO plugin v27.3 - https:\/\/yoast.com\/product\/yoast-seo-wordpress\/ -->\n<title>K\u00fchlerl\u00fcfter Alfa Romeo 166 - Turijnmagazijn<\/title>\n<meta name=\"robots\" content=\"index, follow, max-snippet:-1, max-image-preview:large, max-video-preview:-1\" \/>\n<link rel=\"canonical\" href=\"https:\/\/turijnmagazijn.nl\/de\/produkt\/kuhlerlufter-alpha-romeo-166\/\" \/>\n<meta property=\"og:locale\" content=\"de_DE\" \/>\n<meta property=\"og:type\" content=\"article\" \/>\n<meta property=\"og:title\" content=\"K\u00fchlerl\u00fcfter Alfa Romeo 166 - Turijnmagazijn\" \/>\n<meta property=\"og:description\" content=\"K\u00fchlerl\u00fcfter Alfa Romeo 166 - Kompletter L\u00fcfter \/ L\u00fcfter f\u00fcr den K\u00fchler eines Alfa Romeo 166 der ersten Serie.\" \/>\n<meta property=\"og:url\" content=\"https:\/\/turijnmagazijn.nl\/de\/produkt\/kuhlerlufter-alpha-romeo-166\/\" \/>\n<meta property=\"og:site_name\" content=\"Turijnmagazijn\" \/>\n<meta property=\"article:publisher\" content=\"https:\/\/www.facebook.com\/turijnmagazijn\" \/>\n<meta property=\"article:modified_time\" content=\"2023-07-26T11:38:40+00:00\" \/>\n<meta property=\"og:image\" content=\"https:\/\/turijnmagazijn.jumpstone-dev.nl\/wp-content\/uploads\/2023\/03\/radiateurfan-ventilator-alfa-romeo-166-369.jpg\" \/>\n\t<meta property=\"og:image:width\" content=\"1440\" \/>\n\t<meta property=\"og:image:height\" content=\"1080\" \/>\n\t<meta property=\"og:image:type\" content=\"image\/jpeg\" \/>\n<meta name=\"twitter:card\" content=\"summary_large_image\" \/>\n<meta name=\"twitter:label1\" content=\"Gesch\u00e4tzte Lesezeit\" \/>\n\t<meta name=\"twitter:data1\" content=\"1\u00a0Minute\" \/>\n<script type=\"application\/ld+json\" class=\"yoast-schema-graph\">{\"@context\":\"https:\\\/\\\/schema.org\",\"@graph\":[{\"@type\":\"WebPage\",\"@id\":\"https:\\\/\\\/turijnmagazijn.nl\\\/de\\\/produkt\\\/kuhlerlufter-alpha-romeo-166\\\/\",\"url\":\"https:\\\/\\\/turijnmagazijn.nl\\\/de\\\/produkt\\\/kuhlerlufter-alpha-romeo-166\\\/\",\"name\":\"K\u00fchlerl\u00fcfter Alfa Romeo 166 - Turijnmagazijn\",\"isPartOf\":{\"@id\":\"https:\\\/\\\/turijnmagazijn.jumpstone-dev.nl\\\/#website\"},\"primaryImageOfPage\":{\"@id\":\"https:\\\/\\\/turijnmagazijn.nl\\\/de\\\/produkt\\\/kuhlerlufter-alpha-romeo-166\\\/#primaryimage\"},\"image\":{\"@id\":\"https:\\\/\\\/turijnmagazijn.nl\\\/de\\\/produkt\\\/kuhlerlufter-alpha-romeo-166\\\/#primaryimage\"},\"thumbnailUrl\":\"https:\\\/\\\/turijnmagazijn.nl\\\/wp-content\\\/uploads\\\/2023\\\/03\\\/radiateurfan-ventilator-alfa-romeo-166-369.jpg\",\"datePublished\":\"2023-03-03T08:10:02+00:00\",\"dateModified\":\"2023-07-26T11:38:40+00:00\",\"breadcrumb\":{\"@id\":\"https:\\\/\\\/turijnmagazijn.nl\\\/de\\\/produkt\\\/kuhlerlufter-alpha-romeo-166\\\/#breadcrumb\"},\"inLanguage\":\"de\",\"potentialAction\":[{\"@type\":\"ReadAction\",\"target\":[\"https:\\\/\\\/turijnmagazijn.nl\\\/de\\\/produkt\\\/kuhlerlufter-alpha-romeo-166\\\/\"]}]},{\"@type\":\"ImageObject\",\"inLanguage\":\"de\",\"@id\":\"https:\\\/\\\/turijnmagazijn.nl\\\/de\\\/produkt\\\/kuhlerlufter-alpha-romeo-166\\\/#primaryimage\",\"url\":\"https:\\\/\\\/turijnmagazijn.nl\\\/wp-content\\\/uploads\\\/2023\\\/03\\\/radiateurfan-ventilator-alfa-romeo-166-369.jpg\",\"contentUrl\":\"https:\\\/\\\/turijnmagazijn.nl\\\/wp-content\\\/uploads\\\/2023\\\/03\\\/radiateurfan-ventilator-alfa-romeo-166-369.jpg\",\"width\":1440,\"height\":1080},{\"@type\":\"BreadcrumbList\",\"@id\":\"https:\\\/\\\/turijnmagazijn.nl\\\/de\\\/produkt\\\/kuhlerlufter-alpha-romeo-166\\\/#breadcrumb\",\"itemListElement\":[{\"@type\":\"ListItem\",\"position\":1,\"name\":\"Home\",\"item\":\"https:\\\/\\\/turijnmagazijn.nl\\\/de\\\/\"},{\"@type\":\"ListItem\",\"position\":2,\"name\":\"Produkte\",\"item\":\"https:\\\/\\\/turijnmagazijn.nl\\\/de\\\/shop\\\/\"},{\"@type\":\"ListItem\",\"position\":3,\"name\":\"K\u00fchlerl\u00fcfter Alfa Romeo 166\"}]},{\"@type\":\"WebSite\",\"@id\":\"https:\\\/\\\/turijnmagazijn.jumpstone-dev.nl\\\/#website\",\"url\":\"https:\\\/\\\/turijnmagazijn.jumpstone-dev.nl\\\/\",\"name\":\"Turijnmagazijn\",\"description\":\"Onderdelen nieuw en gebruikt - Fiat &amp; Lancia\",\"publisher\":{\"@id\":\"https:\\\/\\\/turijnmagazijn.jumpstone-dev.nl\\\/#organization\"},\"potentialAction\":[{\"@type\":\"SearchAction\",\"target\":{\"@type\":\"EntryPoint\",\"urlTemplate\":\"https:\\\/\\\/turijnmagazijn.jumpstone-dev.nl\\\/?s={search_term_string}\"},\"query-input\":{\"@type\":\"PropertyValueSpecification\",\"valueRequired\":true,\"valueName\":\"search_term_string\"}}],\"inLanguage\":\"de\"},{\"@type\":\"Organization\",\"@id\":\"https:\\\/\\\/turijnmagazijn.jumpstone-dev.nl\\\/#organization\",\"name\":\"Turijnmagazijn\",\"url\":\"https:\\\/\\\/turijnmagazijn.jumpstone-dev.nl\\\/\",\"logo\":{\"@type\":\"ImageObject\",\"inLanguage\":\"de\",\"@id\":\"https:\\\/\\\/turijnmagazijn.jumpstone-dev.nl\\\/#\\\/schema\\\/logo\\\/image\\\/\",\"url\":\"https:\\\/\\\/turijnmagazijn.nl\\\/wp-content\\\/uploads\\\/2021\\\/02\\\/turijnmagazijnlogo.png\",\"contentUrl\":\"https:\\\/\\\/turijnmagazijn.nl\\\/wp-content\\\/uploads\\\/2021\\\/02\\\/turijnmagazijnlogo.png\",\"width\":555,\"height\":270,\"caption\":\"Turijnmagazijn\"},\"image\":{\"@id\":\"https:\\\/\\\/turijnmagazijn.jumpstone-dev.nl\\\/#\\\/schema\\\/logo\\\/image\\\/\"},\"sameAs\":[\"https:\\\/\\\/www.facebook.com\\\/turijnmagazijn\"]}]}<\/script>\n<!-- \/ Yoast SEO plugin. -->","yoast_head_json":{"title":"K\u00fchlerl\u00fcfter Alfa Romeo 166 - Turijnmagazijn","robots":{"index":"index","follow":"follow","max-snippet":"max-snippet:-1","max-image-preview":"max-image-preview:large","max-video-preview":"max-video-preview:-1"},"canonical":"https:\/\/turijnmagazijn.nl\/de\/produkt\/kuhlerlufter-alpha-romeo-166\/","og_locale":"de_DE","og_type":"article","og_title":"K\u00fchlerl\u00fcfter Alfa Romeo 166 - Turijnmagazijn","og_description":"K\u00fchlerl\u00fcfter Alfa Romeo 166 - Kompletter L\u00fcfter \/ L\u00fcfter f\u00fcr den K\u00fchler eines Alfa Romeo 166 der ersten Serie.","og_url":"https:\/\/turijnmagazijn.nl\/de\/produkt\/kuhlerlufter-alpha-romeo-166\/","og_site_name":"Turijnmagazijn","article_publisher":"https:\/\/www.facebook.com\/turijnmagazijn","article_modified_time":"2023-07-26T11:38:40+00:00","og_image":[{"width":1440,"height":1080,"url":"https:\/\/turijnmagazijn.jumpstone-dev.nl\/wp-content\/uploads\/2023\/03\/radiateurfan-ventilator-alfa-romeo-166-369.jpg","type":"image\/jpeg"}],"twitter_card":"summary_large_image","twitter_misc":{"Gesch\u00e4tzte Lesezeit":"1\u00a0Minute"},"schema":{"@context":"https:\/\/schema.org","@graph":[{"@type":"WebPage","@id":"https:\/\/turijnmagazijn.nl\/de\/produkt\/kuhlerlufter-alpha-romeo-166\/","url":"https:\/\/turijnmagazijn.nl\/de\/produkt\/kuhlerlufter-alpha-romeo-166\/","name":"K\u00fchlerl\u00fcfter Alfa Romeo 166 - Turijnmagazijn","isPartOf":{"@id":"https:\/\/turijnmagazijn.jumpstone-dev.nl\/#website"},"primaryImageOfPage":{"@id":"https:\/\/turijnmagazijn.nl\/de\/produkt\/kuhlerlufter-alpha-romeo-166\/#primaryimage"},"image":{"@id":"https:\/\/turijnmagazijn.nl\/de\/produkt\/kuhlerlufter-alpha-romeo-166\/#primaryimage"},"thumbnailUrl":"https:\/\/turijnmagazijn.nl\/wp-content\/uploads\/2023\/03\/radiateurfan-ventilator-alfa-romeo-166-369.jpg","datePublished":"2023-03-03T08:10:02+00:00","dateModified":"2023-07-26T11:38:40+00:00","breadcrumb":{"@id":"https:\/\/turijnmagazijn.nl\/de\/produkt\/kuhlerlufter-alpha-romeo-166\/#breadcrumb"},"inLanguage":"de","potentialAction":[{"@type":"ReadAction","target":["https:\/\/turijnmagazijn.nl\/de\/produkt\/kuhlerlufter-alpha-romeo-166\/"]}]},{"@type":"ImageObject","inLanguage":"de","@id":"https:\/\/turijnmagazijn.nl\/de\/produkt\/kuhlerlufter-alpha-romeo-166\/#primaryimage","url":"https:\/\/turijnmagazijn.nl\/wp-content\/uploads\/2023\/03\/radiateurfan-ventilator-alfa-romeo-166-369.jpg","contentUrl":"https:\/\/turijnmagazijn.nl\/wp-content\/uploads\/2023\/03\/radiateurfan-ventilator-alfa-romeo-166-369.jpg","width":1440,"height":1080},{"@type":"BreadcrumbList","@id":"https:\/\/turijnmagazijn.nl\/de\/produkt\/kuhlerlufter-alpha-romeo-166\/#breadcrumb","itemListElement":[{"@type":"ListItem","position":1,"name":"Home","item":"https:\/\/turijnmagazijn.nl\/de\/"},{"@type":"ListItem","position":2,"name":"Produkte","item":"https:\/\/turijnmagazijn.nl\/de\/shop\/"},{"@type":"ListItem","position":3,"name":"K\u00fchlerl\u00fcfter Alfa Romeo 166"}]},{"@type":"WebSite","@id":"https:\/\/turijnmagazijn.jumpstone-dev.nl\/#website","url":"https:\/\/turijnmagazijn.jumpstone-dev.nl\/","name":"Turijnmagazijn","description":"Onderdelen nieuw en gebruikt - Fiat &amp; Lancia","publisher":{"@id":"https:\/\/turijnmagazijn.jumpstone-dev.nl\/#organization"},"potentialAction":[{"@type":"SearchAction","target":{"@type":"EntryPoint","urlTemplate":"https:\/\/turijnmagazijn.jumpstone-dev.nl\/?s={search_term_string}"},"query-input":{"@type":"PropertyValueSpecification","valueRequired":true,"valueName":"search_term_string"}}],"inLanguage":"de"},{"@type":"Organization","@id":"https:\/\/turijnmagazijn.jumpstone-dev.nl\/#organization","name":"Turijnmagazijn","url":"https:\/\/turijnmagazijn.jumpstone-dev.nl\/","logo":{"@type":"ImageObject","inLanguage":"de","@id":"https:\/\/turijnmagazijn.jumpstone-dev.nl\/#\/schema\/logo\/image\/","url":"https:\/\/turijnmagazijn.nl\/wp-content\/uploads\/2021\/02\/turijnmagazijnlogo.png","contentUrl":"https:\/\/turijnmagazijn.nl\/wp-content\/uploads\/2021\/02\/turijnmagazijnlogo.png","width":555,"height":270,"caption":"Turijnmagazijn"},"image":{"@id":"https:\/\/turijnmagazijn.jumpstone-dev.nl\/#\/schema\/logo\/image\/"},"sameAs":["https:\/\/www.facebook.com\/turijnmagazijn"]}]}},"_links":{"self":[{"href":"https:\/\/turijnmagazijn.nl\/de\/wp-json\/wp\/v2\/product\/62508","targetHints":{"allow":["GET"]}}],"collection":[{"href":"https:\/\/turijnmagazijn.nl\/de\/wp-json\/wp\/v2\/product"}],"about":[{"href":"https:\/\/turijnmagazijn.nl\/de\/wp-json\/wp\/v2\/types\/product"}],"replies":[{"embeddable":true,"href":"https:\/\/turijnmagazijn.nl\/de\/wp-json\/wp\/v2\/comments?post=62508"}],"wp:featuredmedia":[{"embeddable":true,"href":"https:\/\/turijnmagazijn.nl\/de\/wp-json\/wp\/v2\/media\/35653"}],"wp:attachment":[{"href":"https:\/\/turijnmagazijn.nl\/de\/wp-json\/wp\/v2\/media?parent=62508"}],"wp:term":[{"taxonomy":"product_brand","embeddable":true,"href":"https:\/\/turijnmagazijn.nl\/de\/wp-json\/wp\/v2\/product_brand?post=62508"},{"taxonomy":"product_cat","embeddable":true,"href":"https:\/\/turijnmagazijn.nl\/de\/wp-json\/wp\/v2\/product_cat?post=62508"},{"taxonomy":"product_tag","embeddable":true,"href":"https:\/\/turijnmagazijn.nl\/de\/wp-json\/wp\/v2\/product_tag?post=62508"}],"curies":[{"name":"wp","href":"https:\/\/api.w.org\/{rel}","templated":true}]}}