{"id":62537,"date":"2023-03-03T09:10:02","date_gmt":"2023-03-03T08:10:02","guid":{"rendered":"https:\/\/turijnmagazijn.nl\/product\/relais-kuehlerluefter-lancia-delta-e-2\/"},"modified":"2024-09-17T11:11:01","modified_gmt":"2024-09-17T09:11:01","slug":"relais-kuhlerlufter-lancia-delta-e-2","status":"publish","type":"product","link":"https:\/\/turijnmagazijn.nl\/de\/produkt\/relais-kuhlerlufter-lancia-delta-e-2\/","title":{"rendered":"Relais K\u00fchlerl\u00fcfter Lancia Delta e.2 und Delta Integrale"},"content":{"rendered":"<p>Relais zum Einschalten des K\u00fchlerl\u00fcfters f\u00fcr einen Lancia Delta Typ 2 Baujahr 1993 bis 2000 mit einem Benzinmotor. Farbe wei\u00df. 4-polige Relais. OEM-Nummer Lancia 82461739 Teilenummer 13 auf der technischen Zeichnung von EPER Zeichnungsnummer 1040900001 bez\u00fcglich der Anwendung auf den Lancia Delta Integrale. Eine Kopie pro Auto erforderlich. Teil Nummer 10 auf der technischen Zeichnung von EPER mit der Zeichnungsnummer 46B56B1A8B590736F0FFCA9B0449D544 f\u00fcr die Anwendung am Lancia Delta Integrale. Pro Auto ist eine Kopie dieses Artikels erforderlich.<\/p>\n","protected":false},"excerpt":{"rendered":"<p>&gt; [116]82461739 Relais K\u00fchlerl\u00fcfter Lancia Delta e.2 &#8211; Relais zum Einschalten des K\u00fchlerl\u00fcfters f\u00fcr einen Lancia Delta Typ 2 Modelljahre 1993 bis 2000 mit einem Alfa Romeo, Alfa Romeo Alfetta ,0 16V Benzinmotor.<\/p>\n","protected":false},"featured_media":35693,"comment_status":"open","ping_status":"closed","template":"","meta":{"_acf_changed":false},"product_brand":[],"product_cat":[1811,1807,1844,1817,1822,1826,1834,1829,1839,1797],"product_tag":[],"class_list":{"0":"post-62537","1":"product","2":"type-product","3":"status-publish","4":"has-post-thumbnail","6":"product_cat-1-1-1-3-1-5-de","7":"product_cat-delta-1-831-de","8":"product_cat-delta-2-836-de","9":"product_cat-gt-i-e-de","10":"product_cat-hf-4wd-de","11":"product_cat-hf-turbo-de","12":"product_cat-integrale-16v-de","13":"product_cat-integrale-8v-de","14":"product_cat-integrale-evo-de","15":"product_cat-lancia-de","16":"pa_soort-onderdeel-elektronik-und-kabel","18":"first","19":"instock","20":"shipping-taxable","21":"purchasable","22":"product-type-simple"},"acf":[],"yoast_head":"<!-- This site is optimized with the Yoast SEO plugin v27.2 - https:\/\/yoast.com\/product\/yoast-seo-wordpress\/ -->\n<title>Relais K\u00fchlerl\u00fcfter Lancia Delta e.2 und Delta Integrale - Turijnmagazijn<\/title>\n<meta name=\"robots\" content=\"index, follow, max-snippet:-1, max-image-preview:large, max-video-preview:-1\" \/>\n<link rel=\"canonical\" href=\"https:\/\/turijnmagazijn.nl\/de\/produkt\/relais-kuhlerlufter-lancia-delta-e-2\/\" \/>\n<meta property=\"og:locale\" content=\"de_DE\" \/>\n<meta property=\"og:type\" content=\"article\" \/>\n<meta property=\"og:title\" content=\"Relais K\u00fchlerl\u00fcfter Lancia Delta e.2 und Delta Integrale - Turijnmagazijn\" \/>\n<meta property=\"og:description\" content=\"&gt; [116]82461739 Relais K\u00fchlerl\u00fcfter Lancia Delta e.2 - Relais zum Einschalten des K\u00fchlerl\u00fcfters f\u00fcr einen Lancia Delta Typ 2 Modelljahre 1993 bis 2000 mit einem Alfa Romeo, Alfa Romeo Alfetta ,0 16V Benzinmotor.\" \/>\n<meta property=\"og:url\" content=\"https:\/\/turijnmagazijn.nl\/de\/produkt\/relais-kuhlerlufter-lancia-delta-e-2\/\" \/>\n<meta property=\"og:site_name\" content=\"Turijnmagazijn\" \/>\n<meta property=\"article:publisher\" content=\"https:\/\/www.facebook.com\/turijnmagazijn\" \/>\n<meta property=\"article:modified_time\" content=\"2024-09-17T09:11:01+00:00\" \/>\n<meta property=\"og:image\" content=\"https:\/\/turijnmagazijn.nl\/wp-content\/uploads\/2023\/03\/relais-radiateurventilator-lancia-delta-e-2-377.jpg\" \/>\n\t<meta property=\"og:image:width\" content=\"1440\" \/>\n\t<meta property=\"og:image:height\" content=\"1080\" \/>\n\t<meta property=\"og:image:type\" content=\"image\/jpeg\" \/>\n<meta name=\"twitter:card\" content=\"summary_large_image\" \/>\n<script type=\"application\/ld+json\" class=\"yoast-schema-graph\">{\"@context\":\"https:\/\/schema.org\",\"@graph\":[{\"@type\":\"WebPage\",\"@id\":\"https:\/\/turijnmagazijn.nl\/de\/produkt\/relais-kuhlerlufter-lancia-delta-e-2\/\",\"url\":\"https:\/\/turijnmagazijn.nl\/de\/produkt\/relais-kuhlerlufter-lancia-delta-e-2\/\",\"name\":\"Relais K\u00fchlerl\u00fcfter Lancia Delta e.2 und Delta Integrale - Turijnmagazijn\",\"isPartOf\":{\"@id\":\"https:\/\/turijnmagazijn.jumpstone-dev.nl\/#website\"},\"primaryImageOfPage\":{\"@id\":\"https:\/\/turijnmagazijn.nl\/de\/produkt\/relais-kuhlerlufter-lancia-delta-e-2\/#primaryimage\"},\"image\":{\"@id\":\"https:\/\/turijnmagazijn.nl\/de\/produkt\/relais-kuhlerlufter-lancia-delta-e-2\/#primaryimage\"},\"thumbnailUrl\":\"https:\/\/turijnmagazijn.nl\/wp-content\/uploads\/2023\/03\/relais-radiateurventilator-lancia-delta-e-2-377.jpg\",\"datePublished\":\"2023-03-03T08:10:02+00:00\",\"dateModified\":\"2024-09-17T09:11:01+00:00\",\"breadcrumb\":{\"@id\":\"https:\/\/turijnmagazijn.nl\/de\/produkt\/relais-kuhlerlufter-lancia-delta-e-2\/#breadcrumb\"},\"inLanguage\":\"de\",\"potentialAction\":[{\"@type\":\"ReadAction\",\"target\":[\"https:\/\/turijnmagazijn.nl\/de\/produkt\/relais-kuhlerlufter-lancia-delta-e-2\/\"]}]},{\"@type\":\"ImageObject\",\"inLanguage\":\"de\",\"@id\":\"https:\/\/turijnmagazijn.nl\/de\/produkt\/relais-kuhlerlufter-lancia-delta-e-2\/#primaryimage\",\"url\":\"https:\/\/turijnmagazijn.nl\/wp-content\/uploads\/2023\/03\/relais-radiateurventilator-lancia-delta-e-2-377.jpg\",\"contentUrl\":\"https:\/\/turijnmagazijn.nl\/wp-content\/uploads\/2023\/03\/relais-radiateurventilator-lancia-delta-e-2-377.jpg\",\"width\":1440,\"height\":1080},{\"@type\":\"BreadcrumbList\",\"@id\":\"https:\/\/turijnmagazijn.nl\/de\/produkt\/relais-kuhlerlufter-lancia-delta-e-2\/#breadcrumb\",\"itemListElement\":[{\"@type\":\"ListItem\",\"position\":1,\"name\":\"Home\",\"item\":\"https:\/\/turijnmagazijn.nl\/de\/\"},{\"@type\":\"ListItem\",\"position\":2,\"name\":\"Produkte\",\"item\":\"https:\/\/turijnmagazijn.nl\/de\/shop\/\"},{\"@type\":\"ListItem\",\"position\":3,\"name\":\"Relais K\u00fchlerl\u00fcfter Lancia Delta e.2 und Delta Integrale\"}]},{\"@type\":\"WebSite\",\"@id\":\"https:\/\/turijnmagazijn.jumpstone-dev.nl\/#website\",\"url\":\"https:\/\/turijnmagazijn.jumpstone-dev.nl\/\",\"name\":\"Turijnmagazijn\",\"description\":\"Onderdelen nieuw en gebruikt - Fiat &amp; Lancia\",\"publisher\":{\"@id\":\"https:\/\/turijnmagazijn.jumpstone-dev.nl\/#organization\"},\"potentialAction\":[{\"@type\":\"SearchAction\",\"target\":{\"@type\":\"EntryPoint\",\"urlTemplate\":\"https:\/\/turijnmagazijn.jumpstone-dev.nl\/?s={search_term_string}\"},\"query-input\":{\"@type\":\"PropertyValueSpecification\",\"valueRequired\":true,\"valueName\":\"search_term_string\"}}],\"inLanguage\":\"de\"},{\"@type\":\"Organization\",\"@id\":\"https:\/\/turijnmagazijn.jumpstone-dev.nl\/#organization\",\"name\":\"Turijnmagazijn\",\"url\":\"https:\/\/turijnmagazijn.jumpstone-dev.nl\/\",\"logo\":{\"@type\":\"ImageObject\",\"inLanguage\":\"de\",\"@id\":\"https:\/\/turijnmagazijn.jumpstone-dev.nl\/#\/schema\/logo\/image\/\",\"url\":\"https:\/\/turijnmagazijn.nl\/wp-content\/uploads\/2021\/02\/turijnmagazijnlogo.png\",\"contentUrl\":\"https:\/\/turijnmagazijn.nl\/wp-content\/uploads\/2021\/02\/turijnmagazijnlogo.png\",\"width\":555,\"height\":270,\"caption\":\"Turijnmagazijn\"},\"image\":{\"@id\":\"https:\/\/turijnmagazijn.jumpstone-dev.nl\/#\/schema\/logo\/image\/\"},\"sameAs\":[\"https:\/\/www.facebook.com\/turijnmagazijn\"]}]}<\/script>\n<!-- \/ Yoast SEO plugin. -->","yoast_head_json":{"title":"Relais K\u00fchlerl\u00fcfter Lancia Delta e.2 und Delta Integrale - Turijnmagazijn","robots":{"index":"index","follow":"follow","max-snippet":"max-snippet:-1","max-image-preview":"max-image-preview:large","max-video-preview":"max-video-preview:-1"},"canonical":"https:\/\/turijnmagazijn.nl\/de\/produkt\/relais-kuhlerlufter-lancia-delta-e-2\/","og_locale":"de_DE","og_type":"article","og_title":"Relais K\u00fchlerl\u00fcfter Lancia Delta e.2 und Delta Integrale - Turijnmagazijn","og_description":"&gt; [116]82461739 Relais K\u00fchlerl\u00fcfter Lancia Delta e.2 - Relais zum Einschalten des K\u00fchlerl\u00fcfters f\u00fcr einen Lancia Delta Typ 2 Modelljahre 1993 bis 2000 mit einem Alfa Romeo, Alfa Romeo Alfetta ,0 16V Benzinmotor.","og_url":"https:\/\/turijnmagazijn.nl\/de\/produkt\/relais-kuhlerlufter-lancia-delta-e-2\/","og_site_name":"Turijnmagazijn","article_publisher":"https:\/\/www.facebook.com\/turijnmagazijn","article_modified_time":"2024-09-17T09:11:01+00:00","og_image":[{"width":1440,"height":1080,"url":"https:\/\/turijnmagazijn.nl\/wp-content\/uploads\/2023\/03\/relais-radiateurventilator-lancia-delta-e-2-377.jpg","type":"image\/jpeg"}],"twitter_card":"summary_large_image","schema":{"@context":"https:\/\/schema.org","@graph":[{"@type":"WebPage","@id":"https:\/\/turijnmagazijn.nl\/de\/produkt\/relais-kuhlerlufter-lancia-delta-e-2\/","url":"https:\/\/turijnmagazijn.nl\/de\/produkt\/relais-kuhlerlufter-lancia-delta-e-2\/","name":"Relais K\u00fchlerl\u00fcfter Lancia Delta e.2 und Delta Integrale - Turijnmagazijn","isPartOf":{"@id":"https:\/\/turijnmagazijn.jumpstone-dev.nl\/#website"},"primaryImageOfPage":{"@id":"https:\/\/turijnmagazijn.nl\/de\/produkt\/relais-kuhlerlufter-lancia-delta-e-2\/#primaryimage"},"image":{"@id":"https:\/\/turijnmagazijn.nl\/de\/produkt\/relais-kuhlerlufter-lancia-delta-e-2\/#primaryimage"},"thumbnailUrl":"https:\/\/turijnmagazijn.nl\/wp-content\/uploads\/2023\/03\/relais-radiateurventilator-lancia-delta-e-2-377.jpg","datePublished":"2023-03-03T08:10:02+00:00","dateModified":"2024-09-17T09:11:01+00:00","breadcrumb":{"@id":"https:\/\/turijnmagazijn.nl\/de\/produkt\/relais-kuhlerlufter-lancia-delta-e-2\/#breadcrumb"},"inLanguage":"de","potentialAction":[{"@type":"ReadAction","target":["https:\/\/turijnmagazijn.nl\/de\/produkt\/relais-kuhlerlufter-lancia-delta-e-2\/"]}]},{"@type":"ImageObject","inLanguage":"de","@id":"https:\/\/turijnmagazijn.nl\/de\/produkt\/relais-kuhlerlufter-lancia-delta-e-2\/#primaryimage","url":"https:\/\/turijnmagazijn.nl\/wp-content\/uploads\/2023\/03\/relais-radiateurventilator-lancia-delta-e-2-377.jpg","contentUrl":"https:\/\/turijnmagazijn.nl\/wp-content\/uploads\/2023\/03\/relais-radiateurventilator-lancia-delta-e-2-377.jpg","width":1440,"height":1080},{"@type":"BreadcrumbList","@id":"https:\/\/turijnmagazijn.nl\/de\/produkt\/relais-kuhlerlufter-lancia-delta-e-2\/#breadcrumb","itemListElement":[{"@type":"ListItem","position":1,"name":"Home","item":"https:\/\/turijnmagazijn.nl\/de\/"},{"@type":"ListItem","position":2,"name":"Produkte","item":"https:\/\/turijnmagazijn.nl\/de\/shop\/"},{"@type":"ListItem","position":3,"name":"Relais K\u00fchlerl\u00fcfter Lancia Delta e.2 und Delta Integrale"}]},{"@type":"WebSite","@id":"https:\/\/turijnmagazijn.jumpstone-dev.nl\/#website","url":"https:\/\/turijnmagazijn.jumpstone-dev.nl\/","name":"Turijnmagazijn","description":"Onderdelen nieuw en gebruikt - Fiat &amp; Lancia","publisher":{"@id":"https:\/\/turijnmagazijn.jumpstone-dev.nl\/#organization"},"potentialAction":[{"@type":"SearchAction","target":{"@type":"EntryPoint","urlTemplate":"https:\/\/turijnmagazijn.jumpstone-dev.nl\/?s={search_term_string}"},"query-input":{"@type":"PropertyValueSpecification","valueRequired":true,"valueName":"search_term_string"}}],"inLanguage":"de"},{"@type":"Organization","@id":"https:\/\/turijnmagazijn.jumpstone-dev.nl\/#organization","name":"Turijnmagazijn","url":"https:\/\/turijnmagazijn.jumpstone-dev.nl\/","logo":{"@type":"ImageObject","inLanguage":"de","@id":"https:\/\/turijnmagazijn.jumpstone-dev.nl\/#\/schema\/logo\/image\/","url":"https:\/\/turijnmagazijn.nl\/wp-content\/uploads\/2021\/02\/turijnmagazijnlogo.png","contentUrl":"https:\/\/turijnmagazijn.nl\/wp-content\/uploads\/2021\/02\/turijnmagazijnlogo.png","width":555,"height":270,"caption":"Turijnmagazijn"},"image":{"@id":"https:\/\/turijnmagazijn.jumpstone-dev.nl\/#\/schema\/logo\/image\/"},"sameAs":["https:\/\/www.facebook.com\/turijnmagazijn"]}]}},"_links":{"self":[{"href":"https:\/\/turijnmagazijn.nl\/de\/wp-json\/wp\/v2\/product\/62537","targetHints":{"allow":["GET"]}}],"collection":[{"href":"https:\/\/turijnmagazijn.nl\/de\/wp-json\/wp\/v2\/product"}],"about":[{"href":"https:\/\/turijnmagazijn.nl\/de\/wp-json\/wp\/v2\/types\/product"}],"replies":[{"embeddable":true,"href":"https:\/\/turijnmagazijn.nl\/de\/wp-json\/wp\/v2\/comments?post=62537"}],"wp:featuredmedia":[{"embeddable":true,"href":"https:\/\/turijnmagazijn.nl\/de\/wp-json\/wp\/v2\/media\/35693"}],"wp:attachment":[{"href":"https:\/\/turijnmagazijn.nl\/de\/wp-json\/wp\/v2\/media?parent=62537"}],"wp:term":[{"taxonomy":"product_brand","embeddable":true,"href":"https:\/\/turijnmagazijn.nl\/de\/wp-json\/wp\/v2\/product_brand?post=62537"},{"taxonomy":"product_cat","embeddable":true,"href":"https:\/\/turijnmagazijn.nl\/de\/wp-json\/wp\/v2\/product_cat?post=62537"},{"taxonomy":"product_tag","embeddable":true,"href":"https:\/\/turijnmagazijn.nl\/de\/wp-json\/wp\/v2\/product_tag?post=62537"}],"curies":[{"name":"wp","href":"https:\/\/api.w.org\/{rel}","templated":true}]}}