{"id":62565,"date":"2023-03-03T09:10:23","date_gmt":"2023-03-03T08:10:23","guid":{"rendered":"https:\/\/turijnmagazijn.nl\/product\/scheibenwischerarm-hinten-lancia-delta-e-2-hpe\/"},"modified":"2023-07-26T13:39:44","modified_gmt":"2023-07-26T11:39:44","slug":"scheibenwischerarm-hinten-lancia-delta-e-2-hpe","status":"publish","type":"product","link":"https:\/\/turijnmagazijn.nl\/de\/produkt\/scheibenwischerarm-hinten-lancia-delta-e-2-hpe\/","title":{"rendered":"Scheibenwischerarm hinten Lancia Delta e.2 HPE"},"content":{"rendered":"<p>Scheibenwischerarm an der Vorderseite der Heckscheibe f\u00fcr Lancia Delta E.2. Von einem HPE Baujahr 1999. Der Wischerarm ist in einem sehr guten Zustand, der Lack ist rundum in gutem Zustand.<\/p>\n<p>Dieser Arm passt nur auf das HPE-Modell, die 5-t\u00fcrigen Deltas des zweiten Typs haben einen anderen Arm.<\/p>\n<p>OEM-Nummer Lancia&nbsp;<span style=\"color: rgb(6, 45, 104); text-transform: uppercase; line-height: normal; font-family: Verdana; font-size: 10px; background-color: rgb(229, 229, 229);\">5911197<\/span><\/p>\n","protected":false},"excerpt":{"rendered":"<p>Scheibenwischerarm hinten Lancia Delta e.2 HPE &#8211; Scheibenwischerarm f\u00fcr die Heckscheibe f\u00fcr Lancia Delta E.Scheibenwischerarm hinten Lancia Delta e.2 HPE &#8211; Scheibenwischerarm f\u00fcr die Heckscheibe des Lancia Delta E.<\/p>\n","protected":false},"featured_media":35869,"comment_status":"open","ping_status":"closed","template":"","meta":{"_acf_changed":false},"product_brand":[],"product_cat":[1844,1797],"product_tag":[],"class_list":{"0":"post-62565","1":"product","2":"type-product","3":"status-publish","4":"has-post-thumbnail","6":"product_cat-delta-2-836-de","7":"product_cat-lancia-de","8":"pa_soort-onderdeel-fenster-und-zubehor","9":"pa_soort-onderdeel-interieur-und-polsterung","11":"first","12":"instock","13":"shipping-taxable","14":"purchasable","15":"product-type-simple"},"acf":[],"yoast_head":"<!-- This site is optimized with the Yoast SEO plugin v27.3 - https:\/\/yoast.com\/product\/yoast-seo-wordpress\/ -->\n<title>Scheibenwischerarm hinten Lancia Delta e.2 HPE - Turijnmagazijn<\/title>\n<meta name=\"robots\" content=\"index, follow, max-snippet:-1, max-image-preview:large, max-video-preview:-1\" \/>\n<link rel=\"canonical\" href=\"https:\/\/turijnmagazijn.nl\/de\/produkt\/scheibenwischerarm-hinten-lancia-delta-e-2-hpe\/\" \/>\n<meta property=\"og:locale\" content=\"de_DE\" \/>\n<meta property=\"og:type\" content=\"article\" \/>\n<meta property=\"og:title\" content=\"Scheibenwischerarm hinten Lancia Delta e.2 HPE - Turijnmagazijn\" \/>\n<meta property=\"og:description\" content=\"Scheibenwischerarm hinten Lancia Delta e.2 HPE - Scheibenwischerarm f\u00fcr die Heckscheibe f\u00fcr Lancia Delta E.Scheibenwischerarm hinten Lancia Delta e.2 HPE - Scheibenwischerarm f\u00fcr die Heckscheibe des Lancia Delta E.\" \/>\n<meta property=\"og:url\" content=\"https:\/\/turijnmagazijn.nl\/de\/produkt\/scheibenwischerarm-hinten-lancia-delta-e-2-hpe\/\" \/>\n<meta property=\"og:site_name\" content=\"Turijnmagazijn\" \/>\n<meta property=\"article:publisher\" content=\"https:\/\/www.facebook.com\/turijnmagazijn\" \/>\n<meta property=\"article:modified_time\" content=\"2023-07-26T11:39:44+00:00\" \/>\n<meta property=\"og:image\" content=\"https:\/\/turijnmagazijn.jumpstone-dev.nl\/wp-content\/uploads\/2023\/03\/DK0010033520Ruitenwisserarm20achterzijde20Lancia20Delta20e.220HPE20283292028Large29.jpg\" \/>\n\t<meta property=\"og:image:width\" content=\"1440\" \/>\n\t<meta property=\"og:image:height\" content=\"1080\" \/>\n\t<meta property=\"og:image:type\" content=\"image\/jpeg\" \/>\n<meta name=\"twitter:card\" content=\"summary_large_image\" \/>\n<script type=\"application\/ld+json\" class=\"yoast-schema-graph\">{\"@context\":\"https:\\\/\\\/schema.org\",\"@graph\":[{\"@type\":\"WebPage\",\"@id\":\"https:\\\/\\\/turijnmagazijn.nl\\\/de\\\/produkt\\\/scheibenwischerarm-hinten-lancia-delta-e-2-hpe\\\/\",\"url\":\"https:\\\/\\\/turijnmagazijn.nl\\\/de\\\/produkt\\\/scheibenwischerarm-hinten-lancia-delta-e-2-hpe\\\/\",\"name\":\"Scheibenwischerarm hinten Lancia Delta e.2 HPE - Turijnmagazijn\",\"isPartOf\":{\"@id\":\"https:\\\/\\\/turijnmagazijn.jumpstone-dev.nl\\\/#website\"},\"primaryImageOfPage\":{\"@id\":\"https:\\\/\\\/turijnmagazijn.nl\\\/de\\\/produkt\\\/scheibenwischerarm-hinten-lancia-delta-e-2-hpe\\\/#primaryimage\"},\"image\":{\"@id\":\"https:\\\/\\\/turijnmagazijn.nl\\\/de\\\/produkt\\\/scheibenwischerarm-hinten-lancia-delta-e-2-hpe\\\/#primaryimage\"},\"thumbnailUrl\":\"https:\\\/\\\/turijnmagazijn.nl\\\/wp-content\\\/uploads\\\/2023\\\/03\\\/DK0010033520Ruitenwisserarm20achterzijde20Lancia20Delta20e.220HPE20283292028Large29.jpg\",\"datePublished\":\"2023-03-03T08:10:23+00:00\",\"dateModified\":\"2023-07-26T11:39:44+00:00\",\"breadcrumb\":{\"@id\":\"https:\\\/\\\/turijnmagazijn.nl\\\/de\\\/produkt\\\/scheibenwischerarm-hinten-lancia-delta-e-2-hpe\\\/#breadcrumb\"},\"inLanguage\":\"de\",\"potentialAction\":[{\"@type\":\"ReadAction\",\"target\":[\"https:\\\/\\\/turijnmagazijn.nl\\\/de\\\/produkt\\\/scheibenwischerarm-hinten-lancia-delta-e-2-hpe\\\/\"]}]},{\"@type\":\"ImageObject\",\"inLanguage\":\"de\",\"@id\":\"https:\\\/\\\/turijnmagazijn.nl\\\/de\\\/produkt\\\/scheibenwischerarm-hinten-lancia-delta-e-2-hpe\\\/#primaryimage\",\"url\":\"https:\\\/\\\/turijnmagazijn.nl\\\/wp-content\\\/uploads\\\/2023\\\/03\\\/DK0010033520Ruitenwisserarm20achterzijde20Lancia20Delta20e.220HPE20283292028Large29.jpg\",\"contentUrl\":\"https:\\\/\\\/turijnmagazijn.nl\\\/wp-content\\\/uploads\\\/2023\\\/03\\\/DK0010033520Ruitenwisserarm20achterzijde20Lancia20Delta20e.220HPE20283292028Large29.jpg\",\"width\":1440,\"height\":1080},{\"@type\":\"BreadcrumbList\",\"@id\":\"https:\\\/\\\/turijnmagazijn.nl\\\/de\\\/produkt\\\/scheibenwischerarm-hinten-lancia-delta-e-2-hpe\\\/#breadcrumb\",\"itemListElement\":[{\"@type\":\"ListItem\",\"position\":1,\"name\":\"Home\",\"item\":\"https:\\\/\\\/turijnmagazijn.nl\\\/de\\\/\"},{\"@type\":\"ListItem\",\"position\":2,\"name\":\"Produkte\",\"item\":\"https:\\\/\\\/turijnmagazijn.nl\\\/de\\\/shop\\\/\"},{\"@type\":\"ListItem\",\"position\":3,\"name\":\"Scheibenwischerarm hinten Lancia Delta e.2 HPE\"}]},{\"@type\":\"WebSite\",\"@id\":\"https:\\\/\\\/turijnmagazijn.jumpstone-dev.nl\\\/#website\",\"url\":\"https:\\\/\\\/turijnmagazijn.jumpstone-dev.nl\\\/\",\"name\":\"Turijnmagazijn\",\"description\":\"Onderdelen nieuw en gebruikt - Fiat &amp; Lancia\",\"publisher\":{\"@id\":\"https:\\\/\\\/turijnmagazijn.jumpstone-dev.nl\\\/#organization\"},\"potentialAction\":[{\"@type\":\"SearchAction\",\"target\":{\"@type\":\"EntryPoint\",\"urlTemplate\":\"https:\\\/\\\/turijnmagazijn.jumpstone-dev.nl\\\/?s={search_term_string}\"},\"query-input\":{\"@type\":\"PropertyValueSpecification\",\"valueRequired\":true,\"valueName\":\"search_term_string\"}}],\"inLanguage\":\"de\"},{\"@type\":\"Organization\",\"@id\":\"https:\\\/\\\/turijnmagazijn.jumpstone-dev.nl\\\/#organization\",\"name\":\"Turijnmagazijn\",\"url\":\"https:\\\/\\\/turijnmagazijn.jumpstone-dev.nl\\\/\",\"logo\":{\"@type\":\"ImageObject\",\"inLanguage\":\"de\",\"@id\":\"https:\\\/\\\/turijnmagazijn.jumpstone-dev.nl\\\/#\\\/schema\\\/logo\\\/image\\\/\",\"url\":\"https:\\\/\\\/turijnmagazijn.nl\\\/wp-content\\\/uploads\\\/2021\\\/02\\\/turijnmagazijnlogo.png\",\"contentUrl\":\"https:\\\/\\\/turijnmagazijn.nl\\\/wp-content\\\/uploads\\\/2021\\\/02\\\/turijnmagazijnlogo.png\",\"width\":555,\"height\":270,\"caption\":\"Turijnmagazijn\"},\"image\":{\"@id\":\"https:\\\/\\\/turijnmagazijn.jumpstone-dev.nl\\\/#\\\/schema\\\/logo\\\/image\\\/\"},\"sameAs\":[\"https:\\\/\\\/www.facebook.com\\\/turijnmagazijn\"]}]}<\/script>\n<!-- \/ Yoast SEO plugin. -->","yoast_head_json":{"title":"Scheibenwischerarm hinten Lancia Delta e.2 HPE - Turijnmagazijn","robots":{"index":"index","follow":"follow","max-snippet":"max-snippet:-1","max-image-preview":"max-image-preview:large","max-video-preview":"max-video-preview:-1"},"canonical":"https:\/\/turijnmagazijn.nl\/de\/produkt\/scheibenwischerarm-hinten-lancia-delta-e-2-hpe\/","og_locale":"de_DE","og_type":"article","og_title":"Scheibenwischerarm hinten Lancia Delta e.2 HPE - Turijnmagazijn","og_description":"Scheibenwischerarm hinten Lancia Delta e.2 HPE - Scheibenwischerarm f\u00fcr die Heckscheibe f\u00fcr Lancia Delta E.Scheibenwischerarm hinten Lancia Delta e.2 HPE - Scheibenwischerarm f\u00fcr die Heckscheibe des Lancia Delta E.","og_url":"https:\/\/turijnmagazijn.nl\/de\/produkt\/scheibenwischerarm-hinten-lancia-delta-e-2-hpe\/","og_site_name":"Turijnmagazijn","article_publisher":"https:\/\/www.facebook.com\/turijnmagazijn","article_modified_time":"2023-07-26T11:39:44+00:00","og_image":[{"width":1440,"height":1080,"url":"https:\/\/turijnmagazijn.jumpstone-dev.nl\/wp-content\/uploads\/2023\/03\/DK0010033520Ruitenwisserarm20achterzijde20Lancia20Delta20e.220HPE20283292028Large29.jpg","type":"image\/jpeg"}],"twitter_card":"summary_large_image","schema":{"@context":"https:\/\/schema.org","@graph":[{"@type":"WebPage","@id":"https:\/\/turijnmagazijn.nl\/de\/produkt\/scheibenwischerarm-hinten-lancia-delta-e-2-hpe\/","url":"https:\/\/turijnmagazijn.nl\/de\/produkt\/scheibenwischerarm-hinten-lancia-delta-e-2-hpe\/","name":"Scheibenwischerarm hinten Lancia Delta e.2 HPE - Turijnmagazijn","isPartOf":{"@id":"https:\/\/turijnmagazijn.jumpstone-dev.nl\/#website"},"primaryImageOfPage":{"@id":"https:\/\/turijnmagazijn.nl\/de\/produkt\/scheibenwischerarm-hinten-lancia-delta-e-2-hpe\/#primaryimage"},"image":{"@id":"https:\/\/turijnmagazijn.nl\/de\/produkt\/scheibenwischerarm-hinten-lancia-delta-e-2-hpe\/#primaryimage"},"thumbnailUrl":"https:\/\/turijnmagazijn.nl\/wp-content\/uploads\/2023\/03\/DK0010033520Ruitenwisserarm20achterzijde20Lancia20Delta20e.220HPE20283292028Large29.jpg","datePublished":"2023-03-03T08:10:23+00:00","dateModified":"2023-07-26T11:39:44+00:00","breadcrumb":{"@id":"https:\/\/turijnmagazijn.nl\/de\/produkt\/scheibenwischerarm-hinten-lancia-delta-e-2-hpe\/#breadcrumb"},"inLanguage":"de","potentialAction":[{"@type":"ReadAction","target":["https:\/\/turijnmagazijn.nl\/de\/produkt\/scheibenwischerarm-hinten-lancia-delta-e-2-hpe\/"]}]},{"@type":"ImageObject","inLanguage":"de","@id":"https:\/\/turijnmagazijn.nl\/de\/produkt\/scheibenwischerarm-hinten-lancia-delta-e-2-hpe\/#primaryimage","url":"https:\/\/turijnmagazijn.nl\/wp-content\/uploads\/2023\/03\/DK0010033520Ruitenwisserarm20achterzijde20Lancia20Delta20e.220HPE20283292028Large29.jpg","contentUrl":"https:\/\/turijnmagazijn.nl\/wp-content\/uploads\/2023\/03\/DK0010033520Ruitenwisserarm20achterzijde20Lancia20Delta20e.220HPE20283292028Large29.jpg","width":1440,"height":1080},{"@type":"BreadcrumbList","@id":"https:\/\/turijnmagazijn.nl\/de\/produkt\/scheibenwischerarm-hinten-lancia-delta-e-2-hpe\/#breadcrumb","itemListElement":[{"@type":"ListItem","position":1,"name":"Home","item":"https:\/\/turijnmagazijn.nl\/de\/"},{"@type":"ListItem","position":2,"name":"Produkte","item":"https:\/\/turijnmagazijn.nl\/de\/shop\/"},{"@type":"ListItem","position":3,"name":"Scheibenwischerarm hinten Lancia Delta e.2 HPE"}]},{"@type":"WebSite","@id":"https:\/\/turijnmagazijn.jumpstone-dev.nl\/#website","url":"https:\/\/turijnmagazijn.jumpstone-dev.nl\/","name":"Turijnmagazijn","description":"Onderdelen nieuw en gebruikt - Fiat &amp; Lancia","publisher":{"@id":"https:\/\/turijnmagazijn.jumpstone-dev.nl\/#organization"},"potentialAction":[{"@type":"SearchAction","target":{"@type":"EntryPoint","urlTemplate":"https:\/\/turijnmagazijn.jumpstone-dev.nl\/?s={search_term_string}"},"query-input":{"@type":"PropertyValueSpecification","valueRequired":true,"valueName":"search_term_string"}}],"inLanguage":"de"},{"@type":"Organization","@id":"https:\/\/turijnmagazijn.jumpstone-dev.nl\/#organization","name":"Turijnmagazijn","url":"https:\/\/turijnmagazijn.jumpstone-dev.nl\/","logo":{"@type":"ImageObject","inLanguage":"de","@id":"https:\/\/turijnmagazijn.jumpstone-dev.nl\/#\/schema\/logo\/image\/","url":"https:\/\/turijnmagazijn.nl\/wp-content\/uploads\/2021\/02\/turijnmagazijnlogo.png","contentUrl":"https:\/\/turijnmagazijn.nl\/wp-content\/uploads\/2021\/02\/turijnmagazijnlogo.png","width":555,"height":270,"caption":"Turijnmagazijn"},"image":{"@id":"https:\/\/turijnmagazijn.jumpstone-dev.nl\/#\/schema\/logo\/image\/"},"sameAs":["https:\/\/www.facebook.com\/turijnmagazijn"]}]}},"_links":{"self":[{"href":"https:\/\/turijnmagazijn.nl\/de\/wp-json\/wp\/v2\/product\/62565","targetHints":{"allow":["GET"]}}],"collection":[{"href":"https:\/\/turijnmagazijn.nl\/de\/wp-json\/wp\/v2\/product"}],"about":[{"href":"https:\/\/turijnmagazijn.nl\/de\/wp-json\/wp\/v2\/types\/product"}],"replies":[{"embeddable":true,"href":"https:\/\/turijnmagazijn.nl\/de\/wp-json\/wp\/v2\/comments?post=62565"}],"wp:featuredmedia":[{"embeddable":true,"href":"https:\/\/turijnmagazijn.nl\/de\/wp-json\/wp\/v2\/media\/35869"}],"wp:attachment":[{"href":"https:\/\/turijnmagazijn.nl\/de\/wp-json\/wp\/v2\/media?parent=62565"}],"wp:term":[{"taxonomy":"product_brand","embeddable":true,"href":"https:\/\/turijnmagazijn.nl\/de\/wp-json\/wp\/v2\/product_brand?post=62565"},{"taxonomy":"product_cat","embeddable":true,"href":"https:\/\/turijnmagazijn.nl\/de\/wp-json\/wp\/v2\/product_cat?post=62565"},{"taxonomy":"product_tag","embeddable":true,"href":"https:\/\/turijnmagazijn.nl\/de\/wp-json\/wp\/v2\/product_tag?post=62565"}],"curies":[{"name":"wp","href":"https:\/\/api.w.org\/{rel}","templated":true}]}}