{"id":62635,"date":"2023-03-03T09:10:24","date_gmt":"2023-03-03T08:10:24","guid":{"rendered":"https:\/\/turijnmagazijn.nl\/product\/kraftstoffentlueftungsventil-alfa-romeo-1-8-und-2-0-16v-ts\/"},"modified":"2025-04-24T19:10:55","modified_gmt":"2025-04-24T17:10:55","slug":"kraftstoffentluftungsventil-alpha-romeo-1-8-de-2-0-16v-ts","status":"publish","type":"product","link":"https:\/\/turijnmagazijn.nl\/de\/produkt\/kraftstoffentluftungsventil-alpha-romeo-1-8-de-2-0-16v-ts\/","title":{"rendered":"Kraftstoffentl\u00fcftungsventil Alfa Romeo 1.8 und 2.0 16V TS"},"content":{"rendered":"<p>Elektrisch gesteuertes Entl\u00fcftungsventil des Benzineinspritzsystems&nbsp;zur Montage an der Einlassd\u00fcse des 2.0 16V Twin Spark Motors im Alfa 156 und 166. Dieses Entl\u00fcftungsventil wurde auch bei einigen Fiat-Modellen wie Brava, Bravo und Punto eingesetzt. \u00dcberpr\u00fcfen Sie Eper auf Anwendbarkeit auf diese Fahrzeuge. Das Aggregat stammt von einem Alfa Romeo 166 aus dem Jahr 1999. Das Ventil verf\u00fcgt \u00fcber eine zweipolige Steckverbindung. Elektrisches Kraftstoffventil in der Leitung.<\/p>\n<p>Das zweite Exemplar auf Lager stammt von einem Alfa Romeo 156 mit 1.8 16V TS Motor aus dem Jahr 1998.<\/p>\n<p>Hersteller des Ventils ist Bosch, Beschriftung auf dem Ger\u00e4t ist&nbsp;0280142336<\/p>\n<p>OEM-Nummer Alfa Romeo&nbsp;<span style=\"color: rgb(6, 45, 104); font-family: Verdana; font-size: 10px; line-height: normal; text-align: -webkit-right; text-transform: uppercase; background-color: rgb(229, 229, 229);\">46469913<\/span><\/p>\n","protected":false},"excerpt":{"rendered":"<p>Kraftstoffentl\u00fcftungsventil Alfa Romeo 1.8 und 2.0 16V TS &#8211; Elektrisch gesteuertes Entl\u00fcftungsventil des Benzineinspritzsystems zur Montage an der Einlassd\u00fcse des 2. Kraftstoffentl\u00fcftungsventils Alfa Romeo 1.8 und 2.0 16V TS &#8211; Elektrisch<\/p>\n","protected":false},"featured_media":36061,"comment_status":"open","ping_status":"closed","template":"","meta":{"_acf_changed":false},"product_brand":[],"product_cat":[1616,1651,1584],"product_tag":[],"class_list":{"0":"post-62635","1":"product","2":"type-product","3":"status-publish","4":"has-post-thumbnail","6":"product_cat-156-932-de","7":"product_cat-166-936-de","8":"product_cat-alfa-romeo-de","9":"pa_soort-onderdeel-kraftstoffsysteme","10":"pa_soort-onderdeel-motor-und-zubehor","12":"first","13":"instock","14":"shipping-taxable","15":"purchasable","16":"product-type-simple"},"acf":[],"yoast_head":"<!-- This site is optimized with the Yoast SEO plugin v27.3 - https:\/\/yoast.com\/product\/yoast-seo-wordpress\/ -->\n<title>Kraftstoffentl\u00fcftungsventil Alfa Romeo 1.8 und 2.0 16V TS - Turijnmagazijn<\/title>\n<meta name=\"robots\" content=\"index, follow, max-snippet:-1, max-image-preview:large, max-video-preview:-1\" \/>\n<link rel=\"canonical\" href=\"https:\/\/turijnmagazijn.nl\/de\/produkt\/kraftstoffentluftungsventil-alpha-romeo-1-8-de-2-0-16v-ts\/\" \/>\n<meta property=\"og:locale\" content=\"de_DE\" \/>\n<meta property=\"og:type\" content=\"article\" \/>\n<meta property=\"og:title\" content=\"Kraftstoffentl\u00fcftungsventil Alfa Romeo 1.8 und 2.0 16V TS - Turijnmagazijn\" \/>\n<meta property=\"og:description\" content=\"Kraftstoffentl\u00fcftungsventil Alfa Romeo 1.8 und 2.0 16V TS - Elektrisch gesteuertes Entl\u00fcftungsventil des Benzineinspritzsystems zur Montage an der Einlassd\u00fcse des 2. Kraftstoffentl\u00fcftungsventils Alfa Romeo 1.8 und 2.0 16V TS - Elektrisch\" \/>\n<meta property=\"og:url\" content=\"https:\/\/turijnmagazijn.nl\/de\/produkt\/kraftstoffentluftungsventil-alpha-romeo-1-8-de-2-0-16v-ts\/\" \/>\n<meta property=\"og:site_name\" content=\"Turijnmagazijn\" \/>\n<meta property=\"article:publisher\" content=\"https:\/\/www.facebook.com\/turijnmagazijn\" \/>\n<meta property=\"article:modified_time\" content=\"2025-04-24T17:10:55+00:00\" \/>\n<meta property=\"og:image\" content=\"https:\/\/turijnmagazijn.jumpstone-dev.nl\/wp-content\/uploads\/2023\/03\/DK0010037620Brandstof20ontluchtingsventiel20Alfa20Romeo202.02016V20TS20220Large.jpg\" \/>\n\t<meta property=\"og:image:width\" content=\"1440\" \/>\n\t<meta property=\"og:image:height\" content=\"1080\" \/>\n\t<meta property=\"og:image:type\" content=\"image\/jpeg\" \/>\n<meta name=\"twitter:card\" content=\"summary_large_image\" \/>\n<meta name=\"twitter:label1\" content=\"Gesch\u00e4tzte Lesezeit\" \/>\n\t<meta name=\"twitter:data1\" content=\"1\u00a0Minute\" \/>\n<script type=\"application\/ld+json\" class=\"yoast-schema-graph\">{\"@context\":\"https:\\\/\\\/schema.org\",\"@graph\":[{\"@type\":\"WebPage\",\"@id\":\"https:\\\/\\\/turijnmagazijn.nl\\\/de\\\/produkt\\\/kraftstoffentluftungsventil-alpha-romeo-1-8-de-2-0-16v-ts\\\/\",\"url\":\"https:\\\/\\\/turijnmagazijn.nl\\\/de\\\/produkt\\\/kraftstoffentluftungsventil-alpha-romeo-1-8-de-2-0-16v-ts\\\/\",\"name\":\"Kraftstoffentl\u00fcftungsventil Alfa Romeo 1.8 und 2.0 16V TS - Turijnmagazijn\",\"isPartOf\":{\"@id\":\"https:\\\/\\\/turijnmagazijn.jumpstone-dev.nl\\\/#website\"},\"primaryImageOfPage\":{\"@id\":\"https:\\\/\\\/turijnmagazijn.nl\\\/de\\\/produkt\\\/kraftstoffentluftungsventil-alpha-romeo-1-8-de-2-0-16v-ts\\\/#primaryimage\"},\"image\":{\"@id\":\"https:\\\/\\\/turijnmagazijn.nl\\\/de\\\/produkt\\\/kraftstoffentluftungsventil-alpha-romeo-1-8-de-2-0-16v-ts\\\/#primaryimage\"},\"thumbnailUrl\":\"https:\\\/\\\/turijnmagazijn.nl\\\/wp-content\\\/uploads\\\/2023\\\/03\\\/DK0010037620Brandstof20ontluchtingsventiel20Alfa20Romeo202.02016V20TS20220Large.jpg\",\"datePublished\":\"2023-03-03T08:10:24+00:00\",\"dateModified\":\"2025-04-24T17:10:55+00:00\",\"breadcrumb\":{\"@id\":\"https:\\\/\\\/turijnmagazijn.nl\\\/de\\\/produkt\\\/kraftstoffentluftungsventil-alpha-romeo-1-8-de-2-0-16v-ts\\\/#breadcrumb\"},\"inLanguage\":\"de\",\"potentialAction\":[{\"@type\":\"ReadAction\",\"target\":[\"https:\\\/\\\/turijnmagazijn.nl\\\/de\\\/produkt\\\/kraftstoffentluftungsventil-alpha-romeo-1-8-de-2-0-16v-ts\\\/\"]}]},{\"@type\":\"ImageObject\",\"inLanguage\":\"de\",\"@id\":\"https:\\\/\\\/turijnmagazijn.nl\\\/de\\\/produkt\\\/kraftstoffentluftungsventil-alpha-romeo-1-8-de-2-0-16v-ts\\\/#primaryimage\",\"url\":\"https:\\\/\\\/turijnmagazijn.nl\\\/wp-content\\\/uploads\\\/2023\\\/03\\\/DK0010037620Brandstof20ontluchtingsventiel20Alfa20Romeo202.02016V20TS20220Large.jpg\",\"contentUrl\":\"https:\\\/\\\/turijnmagazijn.nl\\\/wp-content\\\/uploads\\\/2023\\\/03\\\/DK0010037620Brandstof20ontluchtingsventiel20Alfa20Romeo202.02016V20TS20220Large.jpg\",\"width\":1440,\"height\":1080},{\"@type\":\"BreadcrumbList\",\"@id\":\"https:\\\/\\\/turijnmagazijn.nl\\\/de\\\/produkt\\\/kraftstoffentluftungsventil-alpha-romeo-1-8-de-2-0-16v-ts\\\/#breadcrumb\",\"itemListElement\":[{\"@type\":\"ListItem\",\"position\":1,\"name\":\"Home\",\"item\":\"https:\\\/\\\/turijnmagazijn.nl\\\/de\\\/\"},{\"@type\":\"ListItem\",\"position\":2,\"name\":\"Produkte\",\"item\":\"https:\\\/\\\/turijnmagazijn.nl\\\/de\\\/shop\\\/\"},{\"@type\":\"ListItem\",\"position\":3,\"name\":\"Kraftstoffentl\u00fcftungsventil Alfa Romeo 1.8 und 2.0 16V TS\"}]},{\"@type\":\"WebSite\",\"@id\":\"https:\\\/\\\/turijnmagazijn.jumpstone-dev.nl\\\/#website\",\"url\":\"https:\\\/\\\/turijnmagazijn.jumpstone-dev.nl\\\/\",\"name\":\"Turijnmagazijn\",\"description\":\"Onderdelen nieuw en gebruikt - Fiat &amp; Lancia\",\"publisher\":{\"@id\":\"https:\\\/\\\/turijnmagazijn.jumpstone-dev.nl\\\/#organization\"},\"potentialAction\":[{\"@type\":\"SearchAction\",\"target\":{\"@type\":\"EntryPoint\",\"urlTemplate\":\"https:\\\/\\\/turijnmagazijn.jumpstone-dev.nl\\\/?s={search_term_string}\"},\"query-input\":{\"@type\":\"PropertyValueSpecification\",\"valueRequired\":true,\"valueName\":\"search_term_string\"}}],\"inLanguage\":\"de\"},{\"@type\":\"Organization\",\"@id\":\"https:\\\/\\\/turijnmagazijn.jumpstone-dev.nl\\\/#organization\",\"name\":\"Turijnmagazijn\",\"url\":\"https:\\\/\\\/turijnmagazijn.jumpstone-dev.nl\\\/\",\"logo\":{\"@type\":\"ImageObject\",\"inLanguage\":\"de\",\"@id\":\"https:\\\/\\\/turijnmagazijn.jumpstone-dev.nl\\\/#\\\/schema\\\/logo\\\/image\\\/\",\"url\":\"https:\\\/\\\/turijnmagazijn.nl\\\/wp-content\\\/uploads\\\/2021\\\/02\\\/turijnmagazijnlogo.png\",\"contentUrl\":\"https:\\\/\\\/turijnmagazijn.nl\\\/wp-content\\\/uploads\\\/2021\\\/02\\\/turijnmagazijnlogo.png\",\"width\":555,\"height\":270,\"caption\":\"Turijnmagazijn\"},\"image\":{\"@id\":\"https:\\\/\\\/turijnmagazijn.jumpstone-dev.nl\\\/#\\\/schema\\\/logo\\\/image\\\/\"},\"sameAs\":[\"https:\\\/\\\/www.facebook.com\\\/turijnmagazijn\"]}]}<\/script>\n<!-- \/ Yoast SEO plugin. -->","yoast_head_json":{"title":"Kraftstoffentl\u00fcftungsventil Alfa Romeo 1.8 und 2.0 16V TS - Turijnmagazijn","robots":{"index":"index","follow":"follow","max-snippet":"max-snippet:-1","max-image-preview":"max-image-preview:large","max-video-preview":"max-video-preview:-1"},"canonical":"https:\/\/turijnmagazijn.nl\/de\/produkt\/kraftstoffentluftungsventil-alpha-romeo-1-8-de-2-0-16v-ts\/","og_locale":"de_DE","og_type":"article","og_title":"Kraftstoffentl\u00fcftungsventil Alfa Romeo 1.8 und 2.0 16V TS - Turijnmagazijn","og_description":"Kraftstoffentl\u00fcftungsventil Alfa Romeo 1.8 und 2.0 16V TS - Elektrisch gesteuertes Entl\u00fcftungsventil des Benzineinspritzsystems zur Montage an der Einlassd\u00fcse des 2. Kraftstoffentl\u00fcftungsventils Alfa Romeo 1.8 und 2.0 16V TS - Elektrisch","og_url":"https:\/\/turijnmagazijn.nl\/de\/produkt\/kraftstoffentluftungsventil-alpha-romeo-1-8-de-2-0-16v-ts\/","og_site_name":"Turijnmagazijn","article_publisher":"https:\/\/www.facebook.com\/turijnmagazijn","article_modified_time":"2025-04-24T17:10:55+00:00","og_image":[{"width":1440,"height":1080,"url":"https:\/\/turijnmagazijn.jumpstone-dev.nl\/wp-content\/uploads\/2023\/03\/DK0010037620Brandstof20ontluchtingsventiel20Alfa20Romeo202.02016V20TS20220Large.jpg","type":"image\/jpeg"}],"twitter_card":"summary_large_image","twitter_misc":{"Gesch\u00e4tzte Lesezeit":"1\u00a0Minute"},"schema":{"@context":"https:\/\/schema.org","@graph":[{"@type":"WebPage","@id":"https:\/\/turijnmagazijn.nl\/de\/produkt\/kraftstoffentluftungsventil-alpha-romeo-1-8-de-2-0-16v-ts\/","url":"https:\/\/turijnmagazijn.nl\/de\/produkt\/kraftstoffentluftungsventil-alpha-romeo-1-8-de-2-0-16v-ts\/","name":"Kraftstoffentl\u00fcftungsventil Alfa Romeo 1.8 und 2.0 16V TS - Turijnmagazijn","isPartOf":{"@id":"https:\/\/turijnmagazijn.jumpstone-dev.nl\/#website"},"primaryImageOfPage":{"@id":"https:\/\/turijnmagazijn.nl\/de\/produkt\/kraftstoffentluftungsventil-alpha-romeo-1-8-de-2-0-16v-ts\/#primaryimage"},"image":{"@id":"https:\/\/turijnmagazijn.nl\/de\/produkt\/kraftstoffentluftungsventil-alpha-romeo-1-8-de-2-0-16v-ts\/#primaryimage"},"thumbnailUrl":"https:\/\/turijnmagazijn.nl\/wp-content\/uploads\/2023\/03\/DK0010037620Brandstof20ontluchtingsventiel20Alfa20Romeo202.02016V20TS20220Large.jpg","datePublished":"2023-03-03T08:10:24+00:00","dateModified":"2025-04-24T17:10:55+00:00","breadcrumb":{"@id":"https:\/\/turijnmagazijn.nl\/de\/produkt\/kraftstoffentluftungsventil-alpha-romeo-1-8-de-2-0-16v-ts\/#breadcrumb"},"inLanguage":"de","potentialAction":[{"@type":"ReadAction","target":["https:\/\/turijnmagazijn.nl\/de\/produkt\/kraftstoffentluftungsventil-alpha-romeo-1-8-de-2-0-16v-ts\/"]}]},{"@type":"ImageObject","inLanguage":"de","@id":"https:\/\/turijnmagazijn.nl\/de\/produkt\/kraftstoffentluftungsventil-alpha-romeo-1-8-de-2-0-16v-ts\/#primaryimage","url":"https:\/\/turijnmagazijn.nl\/wp-content\/uploads\/2023\/03\/DK0010037620Brandstof20ontluchtingsventiel20Alfa20Romeo202.02016V20TS20220Large.jpg","contentUrl":"https:\/\/turijnmagazijn.nl\/wp-content\/uploads\/2023\/03\/DK0010037620Brandstof20ontluchtingsventiel20Alfa20Romeo202.02016V20TS20220Large.jpg","width":1440,"height":1080},{"@type":"BreadcrumbList","@id":"https:\/\/turijnmagazijn.nl\/de\/produkt\/kraftstoffentluftungsventil-alpha-romeo-1-8-de-2-0-16v-ts\/#breadcrumb","itemListElement":[{"@type":"ListItem","position":1,"name":"Home","item":"https:\/\/turijnmagazijn.nl\/de\/"},{"@type":"ListItem","position":2,"name":"Produkte","item":"https:\/\/turijnmagazijn.nl\/de\/shop\/"},{"@type":"ListItem","position":3,"name":"Kraftstoffentl\u00fcftungsventil Alfa Romeo 1.8 und 2.0 16V TS"}]},{"@type":"WebSite","@id":"https:\/\/turijnmagazijn.jumpstone-dev.nl\/#website","url":"https:\/\/turijnmagazijn.jumpstone-dev.nl\/","name":"Turijnmagazijn","description":"Onderdelen nieuw en gebruikt - Fiat &amp; Lancia","publisher":{"@id":"https:\/\/turijnmagazijn.jumpstone-dev.nl\/#organization"},"potentialAction":[{"@type":"SearchAction","target":{"@type":"EntryPoint","urlTemplate":"https:\/\/turijnmagazijn.jumpstone-dev.nl\/?s={search_term_string}"},"query-input":{"@type":"PropertyValueSpecification","valueRequired":true,"valueName":"search_term_string"}}],"inLanguage":"de"},{"@type":"Organization","@id":"https:\/\/turijnmagazijn.jumpstone-dev.nl\/#organization","name":"Turijnmagazijn","url":"https:\/\/turijnmagazijn.jumpstone-dev.nl\/","logo":{"@type":"ImageObject","inLanguage":"de","@id":"https:\/\/turijnmagazijn.jumpstone-dev.nl\/#\/schema\/logo\/image\/","url":"https:\/\/turijnmagazijn.nl\/wp-content\/uploads\/2021\/02\/turijnmagazijnlogo.png","contentUrl":"https:\/\/turijnmagazijn.nl\/wp-content\/uploads\/2021\/02\/turijnmagazijnlogo.png","width":555,"height":270,"caption":"Turijnmagazijn"},"image":{"@id":"https:\/\/turijnmagazijn.jumpstone-dev.nl\/#\/schema\/logo\/image\/"},"sameAs":["https:\/\/www.facebook.com\/turijnmagazijn"]}]}},"_links":{"self":[{"href":"https:\/\/turijnmagazijn.nl\/de\/wp-json\/wp\/v2\/product\/62635","targetHints":{"allow":["GET"]}}],"collection":[{"href":"https:\/\/turijnmagazijn.nl\/de\/wp-json\/wp\/v2\/product"}],"about":[{"href":"https:\/\/turijnmagazijn.nl\/de\/wp-json\/wp\/v2\/types\/product"}],"replies":[{"embeddable":true,"href":"https:\/\/turijnmagazijn.nl\/de\/wp-json\/wp\/v2\/comments?post=62635"}],"wp:featuredmedia":[{"embeddable":true,"href":"https:\/\/turijnmagazijn.nl\/de\/wp-json\/wp\/v2\/media\/36061"}],"wp:attachment":[{"href":"https:\/\/turijnmagazijn.nl\/de\/wp-json\/wp\/v2\/media?parent=62635"}],"wp:term":[{"taxonomy":"product_brand","embeddable":true,"href":"https:\/\/turijnmagazijn.nl\/de\/wp-json\/wp\/v2\/product_brand?post=62635"},{"taxonomy":"product_cat","embeddable":true,"href":"https:\/\/turijnmagazijn.nl\/de\/wp-json\/wp\/v2\/product_cat?post=62635"},{"taxonomy":"product_tag","embeddable":true,"href":"https:\/\/turijnmagazijn.nl\/de\/wp-json\/wp\/v2\/product_tag?post=62635"}],"curies":[{"name":"wp","href":"https:\/\/api.w.org\/{rel}","templated":true}]}}