{"id":62733,"date":"2023-03-03T09:10:44","date_gmt":"2023-03-03T08:10:44","guid":{"rendered":"https:\/\/turijnmagazijn.nl\/product\/steuergeraete-motorsteuerungsrechner-alfa-145-146\/"},"modified":"2023-07-26T14:19:11","modified_gmt":"2023-07-26T12:19:11","slug":"steuergerate-motorsteuerungsrechner-alpha-145-146-2","status":"publish","type":"product","link":"https:\/\/turijnmagazijn.nl\/de\/produkt\/steuergerate-motorsteuerungsrechner-alpha-145-146-2\/","title":{"rendered":"Steuerger\u00e4te-Motorsteuerungsrechner Alfa 145 \/ 146"},"content":{"rendered":"<p>Steuerger\u00e4t f\u00fcr Regeleinspritzung und Motormanagement f\u00fcr den Alfa Romeo 145 und 146 mit 1,6-Liter-Boxermotor. Von einem 145 Baujahr 1996. Es handelt sich um ein Originalger\u00e4t von GM. Das Ger\u00e4t verf\u00fcgt \u00fcber eine rot-wei\u00dfe Steckverbindung.<\/p>\n<p>Inschriften auf dem Computer sind:<br \/>\n16222949<br \/>\n07\/03\/69<br \/>\n8642949LG60650206<\/p>\n<p>OEM-Nummer Alfa Romeo&nbsp;<span style=\"line-height: 20.79px; font-size: 13px;\">16222949<\/span><\/p>\n","protected":false},"excerpt":{"rendered":"<p>Steuerger\u00e4t Motorsteuerger\u00e4t Alfa 145 \/ 146 &#8211; Steuerger\u00e4t f\u00fcr Steuereinspritzung und Motormanagement f\u00fcr den Alfa Romeo 145 und 146 mit 1.<\/p>\n","protected":false},"featured_media":36501,"comment_status":"open","ping_status":"closed","template":"","meta":{"_acf_changed":false},"product_brand":[],"product_cat":[1599,1584,1689,1737],"product_tag":[],"class_list":{"0":"post-62733","1":"product","2":"type-product","3":"status-publish","4":"has-post-thumbnail","6":"product_cat-145-930a-de","7":"product_cat-alfa-romeo-de","8":"product_cat-fiat-de","9":"product_cat-multipla-186-de","10":"pa_soort-onderdeel-beleuchtung","11":"pa_soort-onderdeel-motor-und-zubehor","13":"first","14":"instock","15":"shipping-taxable","16":"purchasable","17":"product-type-simple"},"acf":[],"yoast_head":"<!-- This site is optimized with the Yoast SEO plugin v27.3 - https:\/\/yoast.com\/product\/yoast-seo-wordpress\/ -->\n<title>Steuerger\u00e4te-Motorsteuerungsrechner Alfa 145 \/ 146 - Turijnmagazijn<\/title>\n<meta name=\"robots\" content=\"index, follow, max-snippet:-1, max-image-preview:large, max-video-preview:-1\" \/>\n<link rel=\"canonical\" href=\"https:\/\/turijnmagazijn.nl\/de\/produkt\/steuergerate-motorsteuerungsrechner-alpha-145-146-2\/\" \/>\n<meta property=\"og:locale\" content=\"de_DE\" \/>\n<meta property=\"og:type\" content=\"article\" \/>\n<meta property=\"og:title\" content=\"Steuerger\u00e4te-Motorsteuerungsrechner Alfa 145 \/ 146 - Turijnmagazijn\" \/>\n<meta property=\"og:description\" content=\"Steuerger\u00e4t Motorsteuerger\u00e4t Alfa 145 \/ 146 - Steuerger\u00e4t f\u00fcr Steuereinspritzung und Motormanagement f\u00fcr den Alfa Romeo 145 und 146 mit 1.\" \/>\n<meta property=\"og:url\" content=\"https:\/\/turijnmagazijn.nl\/de\/produkt\/steuergerate-motorsteuerungsrechner-alpha-145-146-2\/\" \/>\n<meta property=\"og:site_name\" content=\"Turijnmagazijn\" \/>\n<meta property=\"article:publisher\" content=\"https:\/\/www.facebook.com\/turijnmagazijn\" \/>\n<meta property=\"article:modified_time\" content=\"2023-07-26T12:19:11+00:00\" \/>\n<meta property=\"og:image\" content=\"https:\/\/turijnmagazijn.jumpstone-dev.nl\/wp-content\/uploads\/2023\/03\/ecu-motormanagement-computer-alfa-145-146-695.jpg\" \/>\n\t<meta property=\"og:image:width\" content=\"1440\" \/>\n\t<meta property=\"og:image:height\" content=\"1080\" \/>\n\t<meta property=\"og:image:type\" content=\"image\/jpeg\" \/>\n<meta name=\"twitter:card\" content=\"summary_large_image\" \/>\n<script type=\"application\/ld+json\" class=\"yoast-schema-graph\">{\"@context\":\"https:\\\/\\\/schema.org\",\"@graph\":[{\"@type\":\"WebPage\",\"@id\":\"https:\\\/\\\/turijnmagazijn.nl\\\/de\\\/produkt\\\/steuergerate-motorsteuerungsrechner-alpha-145-146-2\\\/\",\"url\":\"https:\\\/\\\/turijnmagazijn.nl\\\/de\\\/produkt\\\/steuergerate-motorsteuerungsrechner-alpha-145-146-2\\\/\",\"name\":\"Steuerger\u00e4te-Motorsteuerungsrechner Alfa 145 \\\/ 146 - Turijnmagazijn\",\"isPartOf\":{\"@id\":\"https:\\\/\\\/turijnmagazijn.jumpstone-dev.nl\\\/#website\"},\"primaryImageOfPage\":{\"@id\":\"https:\\\/\\\/turijnmagazijn.nl\\\/de\\\/produkt\\\/steuergerate-motorsteuerungsrechner-alpha-145-146-2\\\/#primaryimage\"},\"image\":{\"@id\":\"https:\\\/\\\/turijnmagazijn.nl\\\/de\\\/produkt\\\/steuergerate-motorsteuerungsrechner-alpha-145-146-2\\\/#primaryimage\"},\"thumbnailUrl\":\"https:\\\/\\\/turijnmagazijn.nl\\\/wp-content\\\/uploads\\\/2023\\\/03\\\/ecu-motormanagement-computer-alfa-145-146-695.jpg\",\"datePublished\":\"2023-03-03T08:10:44+00:00\",\"dateModified\":\"2023-07-26T12:19:11+00:00\",\"breadcrumb\":{\"@id\":\"https:\\\/\\\/turijnmagazijn.nl\\\/de\\\/produkt\\\/steuergerate-motorsteuerungsrechner-alpha-145-146-2\\\/#breadcrumb\"},\"inLanguage\":\"de\",\"potentialAction\":[{\"@type\":\"ReadAction\",\"target\":[\"https:\\\/\\\/turijnmagazijn.nl\\\/de\\\/produkt\\\/steuergerate-motorsteuerungsrechner-alpha-145-146-2\\\/\"]}]},{\"@type\":\"ImageObject\",\"inLanguage\":\"de\",\"@id\":\"https:\\\/\\\/turijnmagazijn.nl\\\/de\\\/produkt\\\/steuergerate-motorsteuerungsrechner-alpha-145-146-2\\\/#primaryimage\",\"url\":\"https:\\\/\\\/turijnmagazijn.nl\\\/wp-content\\\/uploads\\\/2023\\\/03\\\/ecu-motormanagement-computer-alfa-145-146-695.jpg\",\"contentUrl\":\"https:\\\/\\\/turijnmagazijn.nl\\\/wp-content\\\/uploads\\\/2023\\\/03\\\/ecu-motormanagement-computer-alfa-145-146-695.jpg\",\"width\":1440,\"height\":1080},{\"@type\":\"BreadcrumbList\",\"@id\":\"https:\\\/\\\/turijnmagazijn.nl\\\/de\\\/produkt\\\/steuergerate-motorsteuerungsrechner-alpha-145-146-2\\\/#breadcrumb\",\"itemListElement\":[{\"@type\":\"ListItem\",\"position\":1,\"name\":\"Home\",\"item\":\"https:\\\/\\\/turijnmagazijn.nl\\\/de\\\/\"},{\"@type\":\"ListItem\",\"position\":2,\"name\":\"Produkte\",\"item\":\"https:\\\/\\\/turijnmagazijn.nl\\\/de\\\/shop\\\/\"},{\"@type\":\"ListItem\",\"position\":3,\"name\":\"Steuerger\u00e4te-Motorsteuerungsrechner Alfa 145 \\\/ 146\"}]},{\"@type\":\"WebSite\",\"@id\":\"https:\\\/\\\/turijnmagazijn.jumpstone-dev.nl\\\/#website\",\"url\":\"https:\\\/\\\/turijnmagazijn.jumpstone-dev.nl\\\/\",\"name\":\"Turijnmagazijn\",\"description\":\"Onderdelen nieuw en gebruikt - Fiat &amp; Lancia\",\"publisher\":{\"@id\":\"https:\\\/\\\/turijnmagazijn.jumpstone-dev.nl\\\/#organization\"},\"potentialAction\":[{\"@type\":\"SearchAction\",\"target\":{\"@type\":\"EntryPoint\",\"urlTemplate\":\"https:\\\/\\\/turijnmagazijn.jumpstone-dev.nl\\\/?s={search_term_string}\"},\"query-input\":{\"@type\":\"PropertyValueSpecification\",\"valueRequired\":true,\"valueName\":\"search_term_string\"}}],\"inLanguage\":\"de\"},{\"@type\":\"Organization\",\"@id\":\"https:\\\/\\\/turijnmagazijn.jumpstone-dev.nl\\\/#organization\",\"name\":\"Turijnmagazijn\",\"url\":\"https:\\\/\\\/turijnmagazijn.jumpstone-dev.nl\\\/\",\"logo\":{\"@type\":\"ImageObject\",\"inLanguage\":\"de\",\"@id\":\"https:\\\/\\\/turijnmagazijn.jumpstone-dev.nl\\\/#\\\/schema\\\/logo\\\/image\\\/\",\"url\":\"https:\\\/\\\/turijnmagazijn.nl\\\/wp-content\\\/uploads\\\/2021\\\/02\\\/turijnmagazijnlogo.png\",\"contentUrl\":\"https:\\\/\\\/turijnmagazijn.nl\\\/wp-content\\\/uploads\\\/2021\\\/02\\\/turijnmagazijnlogo.png\",\"width\":555,\"height\":270,\"caption\":\"Turijnmagazijn\"},\"image\":{\"@id\":\"https:\\\/\\\/turijnmagazijn.jumpstone-dev.nl\\\/#\\\/schema\\\/logo\\\/image\\\/\"},\"sameAs\":[\"https:\\\/\\\/www.facebook.com\\\/turijnmagazijn\"]}]}<\/script>\n<!-- \/ Yoast SEO plugin. -->","yoast_head_json":{"title":"Steuerger\u00e4te-Motorsteuerungsrechner Alfa 145 \/ 146 - Turijnmagazijn","robots":{"index":"index","follow":"follow","max-snippet":"max-snippet:-1","max-image-preview":"max-image-preview:large","max-video-preview":"max-video-preview:-1"},"canonical":"https:\/\/turijnmagazijn.nl\/de\/produkt\/steuergerate-motorsteuerungsrechner-alpha-145-146-2\/","og_locale":"de_DE","og_type":"article","og_title":"Steuerger\u00e4te-Motorsteuerungsrechner Alfa 145 \/ 146 - Turijnmagazijn","og_description":"Steuerger\u00e4t Motorsteuerger\u00e4t Alfa 145 \/ 146 - Steuerger\u00e4t f\u00fcr Steuereinspritzung und Motormanagement f\u00fcr den Alfa Romeo 145 und 146 mit 1.","og_url":"https:\/\/turijnmagazijn.nl\/de\/produkt\/steuergerate-motorsteuerungsrechner-alpha-145-146-2\/","og_site_name":"Turijnmagazijn","article_publisher":"https:\/\/www.facebook.com\/turijnmagazijn","article_modified_time":"2023-07-26T12:19:11+00:00","og_image":[{"width":1440,"height":1080,"url":"https:\/\/turijnmagazijn.jumpstone-dev.nl\/wp-content\/uploads\/2023\/03\/ecu-motormanagement-computer-alfa-145-146-695.jpg","type":"image\/jpeg"}],"twitter_card":"summary_large_image","schema":{"@context":"https:\/\/schema.org","@graph":[{"@type":"WebPage","@id":"https:\/\/turijnmagazijn.nl\/de\/produkt\/steuergerate-motorsteuerungsrechner-alpha-145-146-2\/","url":"https:\/\/turijnmagazijn.nl\/de\/produkt\/steuergerate-motorsteuerungsrechner-alpha-145-146-2\/","name":"Steuerger\u00e4te-Motorsteuerungsrechner Alfa 145 \/ 146 - Turijnmagazijn","isPartOf":{"@id":"https:\/\/turijnmagazijn.jumpstone-dev.nl\/#website"},"primaryImageOfPage":{"@id":"https:\/\/turijnmagazijn.nl\/de\/produkt\/steuergerate-motorsteuerungsrechner-alpha-145-146-2\/#primaryimage"},"image":{"@id":"https:\/\/turijnmagazijn.nl\/de\/produkt\/steuergerate-motorsteuerungsrechner-alpha-145-146-2\/#primaryimage"},"thumbnailUrl":"https:\/\/turijnmagazijn.nl\/wp-content\/uploads\/2023\/03\/ecu-motormanagement-computer-alfa-145-146-695.jpg","datePublished":"2023-03-03T08:10:44+00:00","dateModified":"2023-07-26T12:19:11+00:00","breadcrumb":{"@id":"https:\/\/turijnmagazijn.nl\/de\/produkt\/steuergerate-motorsteuerungsrechner-alpha-145-146-2\/#breadcrumb"},"inLanguage":"de","potentialAction":[{"@type":"ReadAction","target":["https:\/\/turijnmagazijn.nl\/de\/produkt\/steuergerate-motorsteuerungsrechner-alpha-145-146-2\/"]}]},{"@type":"ImageObject","inLanguage":"de","@id":"https:\/\/turijnmagazijn.nl\/de\/produkt\/steuergerate-motorsteuerungsrechner-alpha-145-146-2\/#primaryimage","url":"https:\/\/turijnmagazijn.nl\/wp-content\/uploads\/2023\/03\/ecu-motormanagement-computer-alfa-145-146-695.jpg","contentUrl":"https:\/\/turijnmagazijn.nl\/wp-content\/uploads\/2023\/03\/ecu-motormanagement-computer-alfa-145-146-695.jpg","width":1440,"height":1080},{"@type":"BreadcrumbList","@id":"https:\/\/turijnmagazijn.nl\/de\/produkt\/steuergerate-motorsteuerungsrechner-alpha-145-146-2\/#breadcrumb","itemListElement":[{"@type":"ListItem","position":1,"name":"Home","item":"https:\/\/turijnmagazijn.nl\/de\/"},{"@type":"ListItem","position":2,"name":"Produkte","item":"https:\/\/turijnmagazijn.nl\/de\/shop\/"},{"@type":"ListItem","position":3,"name":"Steuerger\u00e4te-Motorsteuerungsrechner Alfa 145 \/ 146"}]},{"@type":"WebSite","@id":"https:\/\/turijnmagazijn.jumpstone-dev.nl\/#website","url":"https:\/\/turijnmagazijn.jumpstone-dev.nl\/","name":"Turijnmagazijn","description":"Onderdelen nieuw en gebruikt - Fiat &amp; Lancia","publisher":{"@id":"https:\/\/turijnmagazijn.jumpstone-dev.nl\/#organization"},"potentialAction":[{"@type":"SearchAction","target":{"@type":"EntryPoint","urlTemplate":"https:\/\/turijnmagazijn.jumpstone-dev.nl\/?s={search_term_string}"},"query-input":{"@type":"PropertyValueSpecification","valueRequired":true,"valueName":"search_term_string"}}],"inLanguage":"de"},{"@type":"Organization","@id":"https:\/\/turijnmagazijn.jumpstone-dev.nl\/#organization","name":"Turijnmagazijn","url":"https:\/\/turijnmagazijn.jumpstone-dev.nl\/","logo":{"@type":"ImageObject","inLanguage":"de","@id":"https:\/\/turijnmagazijn.jumpstone-dev.nl\/#\/schema\/logo\/image\/","url":"https:\/\/turijnmagazijn.nl\/wp-content\/uploads\/2021\/02\/turijnmagazijnlogo.png","contentUrl":"https:\/\/turijnmagazijn.nl\/wp-content\/uploads\/2021\/02\/turijnmagazijnlogo.png","width":555,"height":270,"caption":"Turijnmagazijn"},"image":{"@id":"https:\/\/turijnmagazijn.jumpstone-dev.nl\/#\/schema\/logo\/image\/"},"sameAs":["https:\/\/www.facebook.com\/turijnmagazijn"]}]}},"_links":{"self":[{"href":"https:\/\/turijnmagazijn.nl\/de\/wp-json\/wp\/v2\/product\/62733","targetHints":{"allow":["GET"]}}],"collection":[{"href":"https:\/\/turijnmagazijn.nl\/de\/wp-json\/wp\/v2\/product"}],"about":[{"href":"https:\/\/turijnmagazijn.nl\/de\/wp-json\/wp\/v2\/types\/product"}],"replies":[{"embeddable":true,"href":"https:\/\/turijnmagazijn.nl\/de\/wp-json\/wp\/v2\/comments?post=62733"}],"wp:featuredmedia":[{"embeddable":true,"href":"https:\/\/turijnmagazijn.nl\/de\/wp-json\/wp\/v2\/media\/36501"}],"wp:attachment":[{"href":"https:\/\/turijnmagazijn.nl\/de\/wp-json\/wp\/v2\/media?parent=62733"}],"wp:term":[{"taxonomy":"product_brand","embeddable":true,"href":"https:\/\/turijnmagazijn.nl\/de\/wp-json\/wp\/v2\/product_brand?post=62733"},{"taxonomy":"product_cat","embeddable":true,"href":"https:\/\/turijnmagazijn.nl\/de\/wp-json\/wp\/v2\/product_cat?post=62733"},{"taxonomy":"product_tag","embeddable":true,"href":"https:\/\/turijnmagazijn.nl\/de\/wp-json\/wp\/v2\/product_tag?post=62733"}],"curies":[{"name":"wp","href":"https:\/\/api.w.org\/{rel}","templated":true}]}}