{"id":62739,"date":"2023-03-03T09:10:44","date_gmt":"2023-03-03T08:10:44","guid":{"rendered":"https:\/\/turijnmagazijn.nl\/product\/aussenspiegel-links-fiat-uno-3-5-drs\/"},"modified":"2023-07-26T13:42:04","modified_gmt":"2023-07-26T11:42:04","slug":"ausenspiegel-links-fiat-uno-3-5-drs","status":"publish","type":"product","link":"https:\/\/turijnmagazijn.nl\/de\/produkt\/ausenspiegel-links-fiat-uno-3-5-drs\/","title":{"rendered":"Au\u00dfenspiegel links Fiat Uno 3\/5 drs"},"content":{"rendered":"<p>Kompletter linker Au\u00dfenspiegel, Spiegel, Spiegelgeh\u00e4use aus schwarzem Kunststoff und Befestigungsmaterial f\u00fcr Fiat Uno.&nbsp;<\/p>\n<p>Im Gegensatz zu den anderen Produkten auf dieser Website handelt es sich um einen neuen, unbenutzten Artikel in der Originalverpackung. Dabei handelt es sich um sogenannte NOS, New Old Stock Artifices from Old Stocks.<\/p>\n<p>Bei diesem Spiegel handelt es sich um ein markenloses Imitationsprodukt mit einer guten Passform in \u00dcbereinstimmung mit dem Original.<\/p>\n<p>OEM-Nummer Fiat als Referenz 7603392<\/p>\n<p>&nbsp;<\/p>\n","protected":false},"excerpt":{"rendered":"<p>Au\u00dfenspiegel links Fiat Uno 3\/5 drs &#8211; Komplett Linker Au\u00dfenspiegel, Spiegel, Spiegelgeh\u00e4use aus schwarzem Kunststoff und Befestigungsmaterial f\u00fcr Fiat Uno.<\/p>\n","protected":false},"featured_media":36553,"comment_status":"open","ping_status":"closed","template":"","meta":{"_acf_changed":false},"product_brand":[],"product_cat":[1689,1785],"product_tag":[],"class_list":{"0":"post-62739","1":"product","2":"type-product","3":"status-publish","4":"has-post-thumbnail","6":"product_cat-fiat-de","7":"product_cat-uno-1-146-de","8":"pa_soort-onderdeel-beleuchtung","9":"pa_soort-onderdeel-spiegel","11":"first","12":"instock","13":"shipping-taxable","14":"purchasable","15":"product-type-simple"},"acf":[],"yoast_head":"<!-- This site is optimized with the Yoast SEO plugin v27.2 - https:\/\/yoast.com\/product\/yoast-seo-wordpress\/ -->\n<title>Au\u00dfenspiegel links Fiat Uno 3\/5 drs - Turijnmagazijn<\/title>\n<meta name=\"robots\" content=\"index, follow, max-snippet:-1, max-image-preview:large, max-video-preview:-1\" \/>\n<link rel=\"canonical\" href=\"https:\/\/turijnmagazijn.nl\/de\/produkt\/ausenspiegel-links-fiat-uno-3-5-drs\/\" \/>\n<meta property=\"og:locale\" content=\"de_DE\" \/>\n<meta property=\"og:type\" content=\"article\" \/>\n<meta property=\"og:title\" content=\"Au\u00dfenspiegel links Fiat Uno 3\/5 drs - Turijnmagazijn\" \/>\n<meta property=\"og:description\" content=\"Au\u00dfenspiegel links Fiat Uno 3\/5 drs - Komplett Linker Au\u00dfenspiegel, Spiegel, Spiegelgeh\u00e4use aus schwarzem Kunststoff und Befestigungsmaterial f\u00fcr Fiat Uno.\" \/>\n<meta property=\"og:url\" content=\"https:\/\/turijnmagazijn.nl\/de\/produkt\/ausenspiegel-links-fiat-uno-3-5-drs\/\" \/>\n<meta property=\"og:site_name\" content=\"Turijnmagazijn\" \/>\n<meta property=\"article:publisher\" content=\"https:\/\/www.facebook.com\/turijnmagazijn\" \/>\n<meta property=\"article:modified_time\" content=\"2023-07-26T11:42:04+00:00\" \/>\n<meta property=\"og:image\" content=\"https:\/\/turijnmagazijn.jumpstone-dev.nl\/wp-content\/uploads\/2023\/03\/buitenspiegel-links-fiat-uno-3-5-drs-737.jpg\" \/>\n\t<meta property=\"og:image:width\" content=\"1440\" \/>\n\t<meta property=\"og:image:height\" content=\"1080\" \/>\n\t<meta property=\"og:image:type\" content=\"image\/jpeg\" \/>\n<meta name=\"twitter:card\" content=\"summary_large_image\" \/>\n<script type=\"application\/ld+json\" class=\"yoast-schema-graph\">{\"@context\":\"https:\/\/schema.org\",\"@graph\":[{\"@type\":\"WebPage\",\"@id\":\"https:\/\/turijnmagazijn.nl\/de\/produkt\/ausenspiegel-links-fiat-uno-3-5-drs\/\",\"url\":\"https:\/\/turijnmagazijn.nl\/de\/produkt\/ausenspiegel-links-fiat-uno-3-5-drs\/\",\"name\":\"Au\u00dfenspiegel links Fiat Uno 3\/5 drs - Turijnmagazijn\",\"isPartOf\":{\"@id\":\"https:\/\/turijnmagazijn.jumpstone-dev.nl\/#website\"},\"primaryImageOfPage\":{\"@id\":\"https:\/\/turijnmagazijn.nl\/de\/produkt\/ausenspiegel-links-fiat-uno-3-5-drs\/#primaryimage\"},\"image\":{\"@id\":\"https:\/\/turijnmagazijn.nl\/de\/produkt\/ausenspiegel-links-fiat-uno-3-5-drs\/#primaryimage\"},\"thumbnailUrl\":\"https:\/\/turijnmagazijn.nl\/wp-content\/uploads\/2023\/03\/buitenspiegel-links-fiat-uno-3-5-drs-737.jpg\",\"datePublished\":\"2023-03-03T08:10:44+00:00\",\"dateModified\":\"2023-07-26T11:42:04+00:00\",\"breadcrumb\":{\"@id\":\"https:\/\/turijnmagazijn.nl\/de\/produkt\/ausenspiegel-links-fiat-uno-3-5-drs\/#breadcrumb\"},\"inLanguage\":\"de\",\"potentialAction\":[{\"@type\":\"ReadAction\",\"target\":[\"https:\/\/turijnmagazijn.nl\/de\/produkt\/ausenspiegel-links-fiat-uno-3-5-drs\/\"]}]},{\"@type\":\"ImageObject\",\"inLanguage\":\"de\",\"@id\":\"https:\/\/turijnmagazijn.nl\/de\/produkt\/ausenspiegel-links-fiat-uno-3-5-drs\/#primaryimage\",\"url\":\"https:\/\/turijnmagazijn.nl\/wp-content\/uploads\/2023\/03\/buitenspiegel-links-fiat-uno-3-5-drs-737.jpg\",\"contentUrl\":\"https:\/\/turijnmagazijn.nl\/wp-content\/uploads\/2023\/03\/buitenspiegel-links-fiat-uno-3-5-drs-737.jpg\",\"width\":1440,\"height\":1080},{\"@type\":\"BreadcrumbList\",\"@id\":\"https:\/\/turijnmagazijn.nl\/de\/produkt\/ausenspiegel-links-fiat-uno-3-5-drs\/#breadcrumb\",\"itemListElement\":[{\"@type\":\"ListItem\",\"position\":1,\"name\":\"Home\",\"item\":\"https:\/\/turijnmagazijn.nl\/de\/\"},{\"@type\":\"ListItem\",\"position\":2,\"name\":\"Produkte\",\"item\":\"https:\/\/turijnmagazijn.nl\/de\/shop\/\"},{\"@type\":\"ListItem\",\"position\":3,\"name\":\"Au\u00dfenspiegel links Fiat Uno 3\/5 drs\"}]},{\"@type\":\"WebSite\",\"@id\":\"https:\/\/turijnmagazijn.jumpstone-dev.nl\/#website\",\"url\":\"https:\/\/turijnmagazijn.jumpstone-dev.nl\/\",\"name\":\"Turijnmagazijn\",\"description\":\"Onderdelen nieuw en gebruikt - Fiat &amp; Lancia\",\"publisher\":{\"@id\":\"https:\/\/turijnmagazijn.jumpstone-dev.nl\/#organization\"},\"potentialAction\":[{\"@type\":\"SearchAction\",\"target\":{\"@type\":\"EntryPoint\",\"urlTemplate\":\"https:\/\/turijnmagazijn.jumpstone-dev.nl\/?s={search_term_string}\"},\"query-input\":{\"@type\":\"PropertyValueSpecification\",\"valueRequired\":true,\"valueName\":\"search_term_string\"}}],\"inLanguage\":\"de\"},{\"@type\":\"Organization\",\"@id\":\"https:\/\/turijnmagazijn.jumpstone-dev.nl\/#organization\",\"name\":\"Turijnmagazijn\",\"url\":\"https:\/\/turijnmagazijn.jumpstone-dev.nl\/\",\"logo\":{\"@type\":\"ImageObject\",\"inLanguage\":\"de\",\"@id\":\"https:\/\/turijnmagazijn.jumpstone-dev.nl\/#\/schema\/logo\/image\/\",\"url\":\"https:\/\/turijnmagazijn.nl\/wp-content\/uploads\/2021\/02\/turijnmagazijnlogo.png\",\"contentUrl\":\"https:\/\/turijnmagazijn.nl\/wp-content\/uploads\/2021\/02\/turijnmagazijnlogo.png\",\"width\":555,\"height\":270,\"caption\":\"Turijnmagazijn\"},\"image\":{\"@id\":\"https:\/\/turijnmagazijn.jumpstone-dev.nl\/#\/schema\/logo\/image\/\"},\"sameAs\":[\"https:\/\/www.facebook.com\/turijnmagazijn\"]}]}<\/script>\n<!-- \/ Yoast SEO plugin. -->","yoast_head_json":{"title":"Au\u00dfenspiegel links Fiat Uno 3\/5 drs - Turijnmagazijn","robots":{"index":"index","follow":"follow","max-snippet":"max-snippet:-1","max-image-preview":"max-image-preview:large","max-video-preview":"max-video-preview:-1"},"canonical":"https:\/\/turijnmagazijn.nl\/de\/produkt\/ausenspiegel-links-fiat-uno-3-5-drs\/","og_locale":"de_DE","og_type":"article","og_title":"Au\u00dfenspiegel links Fiat Uno 3\/5 drs - Turijnmagazijn","og_description":"Au\u00dfenspiegel links Fiat Uno 3\/5 drs - Komplett Linker Au\u00dfenspiegel, Spiegel, Spiegelgeh\u00e4use aus schwarzem Kunststoff und Befestigungsmaterial f\u00fcr Fiat Uno.","og_url":"https:\/\/turijnmagazijn.nl\/de\/produkt\/ausenspiegel-links-fiat-uno-3-5-drs\/","og_site_name":"Turijnmagazijn","article_publisher":"https:\/\/www.facebook.com\/turijnmagazijn","article_modified_time":"2023-07-26T11:42:04+00:00","og_image":[{"width":1440,"height":1080,"url":"https:\/\/turijnmagazijn.jumpstone-dev.nl\/wp-content\/uploads\/2023\/03\/buitenspiegel-links-fiat-uno-3-5-drs-737.jpg","type":"image\/jpeg"}],"twitter_card":"summary_large_image","schema":{"@context":"https:\/\/schema.org","@graph":[{"@type":"WebPage","@id":"https:\/\/turijnmagazijn.nl\/de\/produkt\/ausenspiegel-links-fiat-uno-3-5-drs\/","url":"https:\/\/turijnmagazijn.nl\/de\/produkt\/ausenspiegel-links-fiat-uno-3-5-drs\/","name":"Au\u00dfenspiegel links Fiat Uno 3\/5 drs - Turijnmagazijn","isPartOf":{"@id":"https:\/\/turijnmagazijn.jumpstone-dev.nl\/#website"},"primaryImageOfPage":{"@id":"https:\/\/turijnmagazijn.nl\/de\/produkt\/ausenspiegel-links-fiat-uno-3-5-drs\/#primaryimage"},"image":{"@id":"https:\/\/turijnmagazijn.nl\/de\/produkt\/ausenspiegel-links-fiat-uno-3-5-drs\/#primaryimage"},"thumbnailUrl":"https:\/\/turijnmagazijn.nl\/wp-content\/uploads\/2023\/03\/buitenspiegel-links-fiat-uno-3-5-drs-737.jpg","datePublished":"2023-03-03T08:10:44+00:00","dateModified":"2023-07-26T11:42:04+00:00","breadcrumb":{"@id":"https:\/\/turijnmagazijn.nl\/de\/produkt\/ausenspiegel-links-fiat-uno-3-5-drs\/#breadcrumb"},"inLanguage":"de","potentialAction":[{"@type":"ReadAction","target":["https:\/\/turijnmagazijn.nl\/de\/produkt\/ausenspiegel-links-fiat-uno-3-5-drs\/"]}]},{"@type":"ImageObject","inLanguage":"de","@id":"https:\/\/turijnmagazijn.nl\/de\/produkt\/ausenspiegel-links-fiat-uno-3-5-drs\/#primaryimage","url":"https:\/\/turijnmagazijn.nl\/wp-content\/uploads\/2023\/03\/buitenspiegel-links-fiat-uno-3-5-drs-737.jpg","contentUrl":"https:\/\/turijnmagazijn.nl\/wp-content\/uploads\/2023\/03\/buitenspiegel-links-fiat-uno-3-5-drs-737.jpg","width":1440,"height":1080},{"@type":"BreadcrumbList","@id":"https:\/\/turijnmagazijn.nl\/de\/produkt\/ausenspiegel-links-fiat-uno-3-5-drs\/#breadcrumb","itemListElement":[{"@type":"ListItem","position":1,"name":"Home","item":"https:\/\/turijnmagazijn.nl\/de\/"},{"@type":"ListItem","position":2,"name":"Produkte","item":"https:\/\/turijnmagazijn.nl\/de\/shop\/"},{"@type":"ListItem","position":3,"name":"Au\u00dfenspiegel links Fiat Uno 3\/5 drs"}]},{"@type":"WebSite","@id":"https:\/\/turijnmagazijn.jumpstone-dev.nl\/#website","url":"https:\/\/turijnmagazijn.jumpstone-dev.nl\/","name":"Turijnmagazijn","description":"Onderdelen nieuw en gebruikt - Fiat &amp; Lancia","publisher":{"@id":"https:\/\/turijnmagazijn.jumpstone-dev.nl\/#organization"},"potentialAction":[{"@type":"SearchAction","target":{"@type":"EntryPoint","urlTemplate":"https:\/\/turijnmagazijn.jumpstone-dev.nl\/?s={search_term_string}"},"query-input":{"@type":"PropertyValueSpecification","valueRequired":true,"valueName":"search_term_string"}}],"inLanguage":"de"},{"@type":"Organization","@id":"https:\/\/turijnmagazijn.jumpstone-dev.nl\/#organization","name":"Turijnmagazijn","url":"https:\/\/turijnmagazijn.jumpstone-dev.nl\/","logo":{"@type":"ImageObject","inLanguage":"de","@id":"https:\/\/turijnmagazijn.jumpstone-dev.nl\/#\/schema\/logo\/image\/","url":"https:\/\/turijnmagazijn.nl\/wp-content\/uploads\/2021\/02\/turijnmagazijnlogo.png","contentUrl":"https:\/\/turijnmagazijn.nl\/wp-content\/uploads\/2021\/02\/turijnmagazijnlogo.png","width":555,"height":270,"caption":"Turijnmagazijn"},"image":{"@id":"https:\/\/turijnmagazijn.jumpstone-dev.nl\/#\/schema\/logo\/image\/"},"sameAs":["https:\/\/www.facebook.com\/turijnmagazijn"]}]}},"_links":{"self":[{"href":"https:\/\/turijnmagazijn.nl\/de\/wp-json\/wp\/v2\/product\/62739","targetHints":{"allow":["GET"]}}],"collection":[{"href":"https:\/\/turijnmagazijn.nl\/de\/wp-json\/wp\/v2\/product"}],"about":[{"href":"https:\/\/turijnmagazijn.nl\/de\/wp-json\/wp\/v2\/types\/product"}],"replies":[{"embeddable":true,"href":"https:\/\/turijnmagazijn.nl\/de\/wp-json\/wp\/v2\/comments?post=62739"}],"wp:featuredmedia":[{"embeddable":true,"href":"https:\/\/turijnmagazijn.nl\/de\/wp-json\/wp\/v2\/media\/36553"}],"wp:attachment":[{"href":"https:\/\/turijnmagazijn.nl\/de\/wp-json\/wp\/v2\/media?parent=62739"}],"wp:term":[{"taxonomy":"product_brand","embeddable":true,"href":"https:\/\/turijnmagazijn.nl\/de\/wp-json\/wp\/v2\/product_brand?post=62739"},{"taxonomy":"product_cat","embeddable":true,"href":"https:\/\/turijnmagazijn.nl\/de\/wp-json\/wp\/v2\/product_cat?post=62739"},{"taxonomy":"product_tag","embeddable":true,"href":"https:\/\/turijnmagazijn.nl\/de\/wp-json\/wp\/v2\/product_tag?post=62739"}],"curies":[{"name":"wp","href":"https:\/\/api.w.org\/{rel}","templated":true}]}}