{"id":62788,"date":"2023-03-03T08:11:06","date_gmt":"2023-03-03T07:11:06","guid":{"rendered":"https:\/\/turijnmagazijn.nl\/product\/ecu-motorsteuergeraet-fiat-brava-bravo-1-4-12v\/"},"modified":"2023-07-26T13:42:32","modified_gmt":"2023-07-26T11:42:32","slug":"ecu-motormanagement-computer-fiat-brava-bravo-1-4-12v","status":"publish","type":"product","link":"https:\/\/turijnmagazijn.nl\/de\/produkt\/ecu-motormanagement-computer-fiat-brava-bravo-1-4-12v\/","title":{"rendered":"ECU Motorsteuerger\u00e4t Fiat Brava Bravo 1.4 12V"},"content":{"rendered":"<p>Steuerger\u00e4te-Motorsteuerungsrechner zur Einspritz- und Leerlaufsteuerung f\u00fcr Fiat Brava und Bravo Modelle&nbsp;mit 1,4&nbsp;Liter 12V Benzinmotor. Das Ger\u00e4t ist in einem guten Betriebszustand und stammt von einem Bravo Baujahr 1997.&nbsp;<\/p>\n<p>Bei dem Computer handelt es sich um eine Bosch Motornic Einheit. Rubriken der ECU:<\/p>\n<p>0 261 204&nbsp;405<br \/>\n97.12.11<br \/>\nSoftwareversion 26SA4578<br \/>\n1736 0641<br \/>\n000<\/p>\n<p>OEM-Nummer Fiat <strong style=\"color: rgb(18, 18, 18); line-height: 17.02px; font-family: arial, sans-serif; font-size: 12.15px;\"><br \/>\n  <span style=\"font-size: 12pt;\">46467005<\/span><br \/>\n<\/strong><\/p>\n<p>&nbsp;<\/p>\n","protected":false},"excerpt":{"rendered":"<p>Steuerger\u00e4t Motormanagement Fiat Brava Bravo 1.4 12V &#8211; Steuerger\u00e4t Motorsteuerger\u00e4t zur Einspritz- und Leerlaufsteuerung f\u00fcr Fiat Brava und Bravo Modelle mit 1.ECU Motormanagement Fiat Brava Bravo 1.4 12V &#8211; Steuerger\u00e4te-Motorsteuerungsrechner f\u00fcr AA<\/p>\n","protected":false},"featured_media":36777,"comment_status":"open","ping_status":"closed","template":"","meta":{"_acf_changed":false},"product_brand":[],"product_cat":[1706,1689],"product_tag":[],"class_list":{"0":"post-62788","1":"product","2":"type-product","3":"status-publish","4":"has-post-thumbnail","6":"product_cat-brava-198-de","7":"product_cat-fiat-de","8":"pa_soort-onderdeel-klimaanlage-und-heizung","9":"pa_soort-onderdeel-motor-und-zubehor","11":"first","12":"instock","13":"shipping-taxable","14":"purchasable","15":"product-type-simple"},"acf":[],"yoast_head":"<!-- This site is optimized with the Yoast SEO plugin v27.2 - https:\/\/yoast.com\/product\/yoast-seo-wordpress\/ -->\n<title>ECU Motorsteuerger\u00e4t Fiat Brava Bravo 1.4 12V - Turijnmagazijn<\/title>\n<meta name=\"robots\" content=\"index, follow, max-snippet:-1, max-image-preview:large, max-video-preview:-1\" \/>\n<link rel=\"canonical\" href=\"https:\/\/turijnmagazijn.nl\/de\/produkt\/ecu-motormanagement-computer-fiat-brava-bravo-1-4-12v\/\" \/>\n<meta property=\"og:locale\" content=\"de_DE\" \/>\n<meta property=\"og:type\" content=\"article\" \/>\n<meta property=\"og:title\" content=\"ECU Motorsteuerger\u00e4t Fiat Brava Bravo 1.4 12V - Turijnmagazijn\" \/>\n<meta property=\"og:description\" content=\"Steuerger\u00e4t Motormanagement Fiat Brava Bravo 1.4 12V - Steuerger\u00e4t Motorsteuerger\u00e4t zur Einspritz- und Leerlaufsteuerung f\u00fcr Fiat Brava und Bravo Modelle mit 1.ECU Motormanagement Fiat Brava Bravo 1.4 12V - Steuerger\u00e4te-Motorsteuerungsrechner f\u00fcr AA\" \/>\n<meta property=\"og:url\" content=\"https:\/\/turijnmagazijn.nl\/de\/produkt\/ecu-motormanagement-computer-fiat-brava-bravo-1-4-12v\/\" \/>\n<meta property=\"og:site_name\" content=\"Turijnmagazijn\" \/>\n<meta property=\"article:publisher\" content=\"https:\/\/www.facebook.com\/turijnmagazijn\" \/>\n<meta property=\"article:modified_time\" content=\"2023-07-26T11:42:32+00:00\" \/>\n<meta property=\"og:image\" content=\"https:\/\/turijnmagazijn.jumpstone-dev.nl\/wp-content\/uploads\/2023\/03\/DK00100568_ECU_Motormanagement_Fiat_Brava_Bravo_1.4_12V_1-1.jpg\" \/>\n\t<meta property=\"og:image:width\" content=\"800\" \/>\n\t<meta property=\"og:image:height\" content=\"600\" \/>\n\t<meta property=\"og:image:type\" content=\"image\/jpeg\" \/>\n<meta name=\"twitter:card\" content=\"summary_large_image\" \/>\n<script type=\"application\/ld+json\" class=\"yoast-schema-graph\">{\"@context\":\"https:\/\/schema.org\",\"@graph\":[{\"@type\":\"WebPage\",\"@id\":\"https:\/\/turijnmagazijn.nl\/de\/produkt\/ecu-motormanagement-computer-fiat-brava-bravo-1-4-12v\/\",\"url\":\"https:\/\/turijnmagazijn.nl\/de\/produkt\/ecu-motormanagement-computer-fiat-brava-bravo-1-4-12v\/\",\"name\":\"ECU Motorsteuerger\u00e4t Fiat Brava Bravo 1.4 12V - Turijnmagazijn\",\"isPartOf\":{\"@id\":\"https:\/\/turijnmagazijn.jumpstone-dev.nl\/#website\"},\"primaryImageOfPage\":{\"@id\":\"https:\/\/turijnmagazijn.nl\/de\/produkt\/ecu-motormanagement-computer-fiat-brava-bravo-1-4-12v\/#primaryimage\"},\"image\":{\"@id\":\"https:\/\/turijnmagazijn.nl\/de\/produkt\/ecu-motormanagement-computer-fiat-brava-bravo-1-4-12v\/#primaryimage\"},\"thumbnailUrl\":\"https:\/\/turijnmagazijn.nl\/wp-content\/uploads\/2023\/03\/DK00100568_ECU_Motormanagement_Fiat_Brava_Bravo_1.4_12V_1-1.jpg\",\"datePublished\":\"2023-03-03T07:11:06+00:00\",\"dateModified\":\"2023-07-26T11:42:32+00:00\",\"breadcrumb\":{\"@id\":\"https:\/\/turijnmagazijn.nl\/de\/produkt\/ecu-motormanagement-computer-fiat-brava-bravo-1-4-12v\/#breadcrumb\"},\"inLanguage\":\"de\",\"potentialAction\":[{\"@type\":\"ReadAction\",\"target\":[\"https:\/\/turijnmagazijn.nl\/de\/produkt\/ecu-motormanagement-computer-fiat-brava-bravo-1-4-12v\/\"]}]},{\"@type\":\"ImageObject\",\"inLanguage\":\"de\",\"@id\":\"https:\/\/turijnmagazijn.nl\/de\/produkt\/ecu-motormanagement-computer-fiat-brava-bravo-1-4-12v\/#primaryimage\",\"url\":\"https:\/\/turijnmagazijn.nl\/wp-content\/uploads\/2023\/03\/DK00100568_ECU_Motormanagement_Fiat_Brava_Bravo_1.4_12V_1-1.jpg\",\"contentUrl\":\"https:\/\/turijnmagazijn.nl\/wp-content\/uploads\/2023\/03\/DK00100568_ECU_Motormanagement_Fiat_Brava_Bravo_1.4_12V_1-1.jpg\",\"width\":800,\"height\":600},{\"@type\":\"BreadcrumbList\",\"@id\":\"https:\/\/turijnmagazijn.nl\/de\/produkt\/ecu-motormanagement-computer-fiat-brava-bravo-1-4-12v\/#breadcrumb\",\"itemListElement\":[{\"@type\":\"ListItem\",\"position\":1,\"name\":\"Home\",\"item\":\"https:\/\/turijnmagazijn.nl\/de\/\"},{\"@type\":\"ListItem\",\"position\":2,\"name\":\"Produkte\",\"item\":\"https:\/\/turijnmagazijn.nl\/de\/shop\/\"},{\"@type\":\"ListItem\",\"position\":3,\"name\":\"ECU Motorsteuerger\u00e4t Fiat Brava Bravo 1.4 12V\"}]},{\"@type\":\"WebSite\",\"@id\":\"https:\/\/turijnmagazijn.jumpstone-dev.nl\/#website\",\"url\":\"https:\/\/turijnmagazijn.jumpstone-dev.nl\/\",\"name\":\"Turijnmagazijn\",\"description\":\"Onderdelen nieuw en gebruikt - Fiat &amp; Lancia\",\"publisher\":{\"@id\":\"https:\/\/turijnmagazijn.jumpstone-dev.nl\/#organization\"},\"potentialAction\":[{\"@type\":\"SearchAction\",\"target\":{\"@type\":\"EntryPoint\",\"urlTemplate\":\"https:\/\/turijnmagazijn.jumpstone-dev.nl\/?s={search_term_string}\"},\"query-input\":{\"@type\":\"PropertyValueSpecification\",\"valueRequired\":true,\"valueName\":\"search_term_string\"}}],\"inLanguage\":\"de\"},{\"@type\":\"Organization\",\"@id\":\"https:\/\/turijnmagazijn.jumpstone-dev.nl\/#organization\",\"name\":\"Turijnmagazijn\",\"url\":\"https:\/\/turijnmagazijn.jumpstone-dev.nl\/\",\"logo\":{\"@type\":\"ImageObject\",\"inLanguage\":\"de\",\"@id\":\"https:\/\/turijnmagazijn.jumpstone-dev.nl\/#\/schema\/logo\/image\/\",\"url\":\"https:\/\/turijnmagazijn.nl\/wp-content\/uploads\/2021\/02\/turijnmagazijnlogo.png\",\"contentUrl\":\"https:\/\/turijnmagazijn.nl\/wp-content\/uploads\/2021\/02\/turijnmagazijnlogo.png\",\"width\":555,\"height\":270,\"caption\":\"Turijnmagazijn\"},\"image\":{\"@id\":\"https:\/\/turijnmagazijn.jumpstone-dev.nl\/#\/schema\/logo\/image\/\"},\"sameAs\":[\"https:\/\/www.facebook.com\/turijnmagazijn\"]}]}<\/script>\n<!-- \/ Yoast SEO plugin. -->","yoast_head_json":{"title":"ECU Motorsteuerger\u00e4t Fiat Brava Bravo 1.4 12V - Turijnmagazijn","robots":{"index":"index","follow":"follow","max-snippet":"max-snippet:-1","max-image-preview":"max-image-preview:large","max-video-preview":"max-video-preview:-1"},"canonical":"https:\/\/turijnmagazijn.nl\/de\/produkt\/ecu-motormanagement-computer-fiat-brava-bravo-1-4-12v\/","og_locale":"de_DE","og_type":"article","og_title":"ECU Motorsteuerger\u00e4t Fiat Brava Bravo 1.4 12V - Turijnmagazijn","og_description":"Steuerger\u00e4t Motormanagement Fiat Brava Bravo 1.4 12V - Steuerger\u00e4t Motorsteuerger\u00e4t zur Einspritz- und Leerlaufsteuerung f\u00fcr Fiat Brava und Bravo Modelle mit 1.ECU Motormanagement Fiat Brava Bravo 1.4 12V - Steuerger\u00e4te-Motorsteuerungsrechner f\u00fcr AA","og_url":"https:\/\/turijnmagazijn.nl\/de\/produkt\/ecu-motormanagement-computer-fiat-brava-bravo-1-4-12v\/","og_site_name":"Turijnmagazijn","article_publisher":"https:\/\/www.facebook.com\/turijnmagazijn","article_modified_time":"2023-07-26T11:42:32+00:00","og_image":[{"width":800,"height":600,"url":"https:\/\/turijnmagazijn.jumpstone-dev.nl\/wp-content\/uploads\/2023\/03\/DK00100568_ECU_Motormanagement_Fiat_Brava_Bravo_1.4_12V_1-1.jpg","type":"image\/jpeg"}],"twitter_card":"summary_large_image","schema":{"@context":"https:\/\/schema.org","@graph":[{"@type":"WebPage","@id":"https:\/\/turijnmagazijn.nl\/de\/produkt\/ecu-motormanagement-computer-fiat-brava-bravo-1-4-12v\/","url":"https:\/\/turijnmagazijn.nl\/de\/produkt\/ecu-motormanagement-computer-fiat-brava-bravo-1-4-12v\/","name":"ECU Motorsteuerger\u00e4t Fiat Brava Bravo 1.4 12V - Turijnmagazijn","isPartOf":{"@id":"https:\/\/turijnmagazijn.jumpstone-dev.nl\/#website"},"primaryImageOfPage":{"@id":"https:\/\/turijnmagazijn.nl\/de\/produkt\/ecu-motormanagement-computer-fiat-brava-bravo-1-4-12v\/#primaryimage"},"image":{"@id":"https:\/\/turijnmagazijn.nl\/de\/produkt\/ecu-motormanagement-computer-fiat-brava-bravo-1-4-12v\/#primaryimage"},"thumbnailUrl":"https:\/\/turijnmagazijn.nl\/wp-content\/uploads\/2023\/03\/DK00100568_ECU_Motormanagement_Fiat_Brava_Bravo_1.4_12V_1-1.jpg","datePublished":"2023-03-03T07:11:06+00:00","dateModified":"2023-07-26T11:42:32+00:00","breadcrumb":{"@id":"https:\/\/turijnmagazijn.nl\/de\/produkt\/ecu-motormanagement-computer-fiat-brava-bravo-1-4-12v\/#breadcrumb"},"inLanguage":"de","potentialAction":[{"@type":"ReadAction","target":["https:\/\/turijnmagazijn.nl\/de\/produkt\/ecu-motormanagement-computer-fiat-brava-bravo-1-4-12v\/"]}]},{"@type":"ImageObject","inLanguage":"de","@id":"https:\/\/turijnmagazijn.nl\/de\/produkt\/ecu-motormanagement-computer-fiat-brava-bravo-1-4-12v\/#primaryimage","url":"https:\/\/turijnmagazijn.nl\/wp-content\/uploads\/2023\/03\/DK00100568_ECU_Motormanagement_Fiat_Brava_Bravo_1.4_12V_1-1.jpg","contentUrl":"https:\/\/turijnmagazijn.nl\/wp-content\/uploads\/2023\/03\/DK00100568_ECU_Motormanagement_Fiat_Brava_Bravo_1.4_12V_1-1.jpg","width":800,"height":600},{"@type":"BreadcrumbList","@id":"https:\/\/turijnmagazijn.nl\/de\/produkt\/ecu-motormanagement-computer-fiat-brava-bravo-1-4-12v\/#breadcrumb","itemListElement":[{"@type":"ListItem","position":1,"name":"Home","item":"https:\/\/turijnmagazijn.nl\/de\/"},{"@type":"ListItem","position":2,"name":"Produkte","item":"https:\/\/turijnmagazijn.nl\/de\/shop\/"},{"@type":"ListItem","position":3,"name":"ECU Motorsteuerger\u00e4t Fiat Brava Bravo 1.4 12V"}]},{"@type":"WebSite","@id":"https:\/\/turijnmagazijn.jumpstone-dev.nl\/#website","url":"https:\/\/turijnmagazijn.jumpstone-dev.nl\/","name":"Turijnmagazijn","description":"Onderdelen nieuw en gebruikt - Fiat &amp; Lancia","publisher":{"@id":"https:\/\/turijnmagazijn.jumpstone-dev.nl\/#organization"},"potentialAction":[{"@type":"SearchAction","target":{"@type":"EntryPoint","urlTemplate":"https:\/\/turijnmagazijn.jumpstone-dev.nl\/?s={search_term_string}"},"query-input":{"@type":"PropertyValueSpecification","valueRequired":true,"valueName":"search_term_string"}}],"inLanguage":"de"},{"@type":"Organization","@id":"https:\/\/turijnmagazijn.jumpstone-dev.nl\/#organization","name":"Turijnmagazijn","url":"https:\/\/turijnmagazijn.jumpstone-dev.nl\/","logo":{"@type":"ImageObject","inLanguage":"de","@id":"https:\/\/turijnmagazijn.jumpstone-dev.nl\/#\/schema\/logo\/image\/","url":"https:\/\/turijnmagazijn.nl\/wp-content\/uploads\/2021\/02\/turijnmagazijnlogo.png","contentUrl":"https:\/\/turijnmagazijn.nl\/wp-content\/uploads\/2021\/02\/turijnmagazijnlogo.png","width":555,"height":270,"caption":"Turijnmagazijn"},"image":{"@id":"https:\/\/turijnmagazijn.jumpstone-dev.nl\/#\/schema\/logo\/image\/"},"sameAs":["https:\/\/www.facebook.com\/turijnmagazijn"]}]}},"_links":{"self":[{"href":"https:\/\/turijnmagazijn.nl\/de\/wp-json\/wp\/v2\/product\/62788","targetHints":{"allow":["GET"]}}],"collection":[{"href":"https:\/\/turijnmagazijn.nl\/de\/wp-json\/wp\/v2\/product"}],"about":[{"href":"https:\/\/turijnmagazijn.nl\/de\/wp-json\/wp\/v2\/types\/product"}],"replies":[{"embeddable":true,"href":"https:\/\/turijnmagazijn.nl\/de\/wp-json\/wp\/v2\/comments?post=62788"}],"wp:featuredmedia":[{"embeddable":true,"href":"https:\/\/turijnmagazijn.nl\/de\/wp-json\/wp\/v2\/media\/36777"}],"wp:attachment":[{"href":"https:\/\/turijnmagazijn.nl\/de\/wp-json\/wp\/v2\/media?parent=62788"}],"wp:term":[{"taxonomy":"product_brand","embeddable":true,"href":"https:\/\/turijnmagazijn.nl\/de\/wp-json\/wp\/v2\/product_brand?post=62788"},{"taxonomy":"product_cat","embeddable":true,"href":"https:\/\/turijnmagazijn.nl\/de\/wp-json\/wp\/v2\/product_cat?post=62788"},{"taxonomy":"product_tag","embeddable":true,"href":"https:\/\/turijnmagazijn.nl\/de\/wp-json\/wp\/v2\/product_tag?post=62788"}],"curies":[{"name":"wp","href":"https:\/\/api.w.org\/{rel}","templated":true}]}}