{"id":62861,"date":"2023-03-03T09:11:27","date_gmt":"2023-03-03T08:11:27","guid":{"rendered":"https:\/\/turijnmagazijn.nl\/product\/steuergeraet-motorsteuerrechner-fiat-uno-1-5-automatik\/"},"modified":"2023-08-16T12:01:46","modified_gmt":"2023-08-16T10:01:46","slug":"steuergerate-motormanagement-computer-fiat-uno-1-5-automatik","status":"publish","type":"product","link":"https:\/\/turijnmagazijn.nl\/de\/produkt\/steuergerate-motormanagement-computer-fiat-uno-1-5-automatik\/","title":{"rendered":"Steuerger\u00e4t Motorsteuerrechner Fiat Uno 1.5 Automatik"},"content":{"rendered":"<p>Steuerger\u00e4te-Motorsteuerungsrechner zur Steuerung von Einspritzung, Z\u00fcndung und Leerlaufsteuerung f\u00fcr Fiat Uno mit 1500 ccm Benzinmotor. Das Ger\u00e4t funktioniert einwandfrei und stammt von einem Fiat Uno 1.5 Automatic aus dem Jahr 1992.<\/p>\n<p>Das Bosch-Modul ist eine schwarze Kunststoffbox mit vier Lochl\u00f6chern, einem Aluminium-K\u00fchlfach und einem mehrpoligen Stecker.<\/p>\n<p>Inschriften auf dem Ger\u00e4t:<br \/>\nBosch<br \/>\n0 280 000 710<br \/>\nhergestellt in Frankreich<\/p>\n<p>167.03<br \/>\nSoftwareversion 28SA1618<br \/>\n7009000378<\/p>\n<p>OEM-Nummer Fiat 7612304<\/p>\n","protected":false},"excerpt":{"rendered":"<p>7612304 ECU Motormanagement Fiat Uno 1.5 Automatic &#8211; ECU-Motormanagement-Computer zur Steuerung von Einspritzung, Z\u00fcndung und Leerlaufsteuerung f\u00fcr Fiat Uno mit 1500 ccm Benzinmotor.<\/p>\n","protected":false},"featured_media":37157,"comment_status":"open","ping_status":"closed","template":"","meta":{"_acf_changed":false},"product_brand":[],"product_cat":[1689,1797,1785,1912],"product_tag":[],"class_list":{"0":"post-62861","1":"product","2":"type-product","3":"status-publish","4":"has-post-thumbnail","6":"product_cat-fiat-de","7":"product_cat-lancia-de","8":"product_cat-uno-1-146-de","9":"product_cat-y10-156-de","10":"pa_soort-onderdeel-elektronik-und-kabel","11":"pa_soort-onderdeel-motor-und-zubehor","13":"first","14":"instock","15":"shipping-taxable","16":"purchasable","17":"product-type-simple"},"acf":[],"yoast_head":"<!-- This site is optimized with the Yoast SEO plugin v27.2 - https:\/\/yoast.com\/product\/yoast-seo-wordpress\/ -->\n<title>Steuerger\u00e4t Motorsteuerrechner Fiat Uno 1.5 Automatik - Turijnmagazijn<\/title>\n<meta name=\"robots\" content=\"index, follow, max-snippet:-1, max-image-preview:large, max-video-preview:-1\" \/>\n<link rel=\"canonical\" href=\"https:\/\/turijnmagazijn.nl\/de\/produkt\/steuergerate-motormanagement-computer-fiat-uno-1-5-automatik\/\" \/>\n<meta property=\"og:locale\" content=\"de_DE\" \/>\n<meta property=\"og:type\" content=\"article\" \/>\n<meta property=\"og:title\" content=\"Steuerger\u00e4t Motorsteuerrechner Fiat Uno 1.5 Automatik - Turijnmagazijn\" \/>\n<meta property=\"og:description\" content=\"7612304 ECU Motormanagement Fiat Uno 1.5 Automatic - ECU-Motormanagement-Computer zur Steuerung von Einspritzung, Z\u00fcndung und Leerlaufsteuerung f\u00fcr Fiat Uno mit 1500 ccm Benzinmotor.\" \/>\n<meta property=\"og:url\" content=\"https:\/\/turijnmagazijn.nl\/de\/produkt\/steuergerate-motormanagement-computer-fiat-uno-1-5-automatik\/\" \/>\n<meta property=\"og:site_name\" content=\"Turijnmagazijn\" \/>\n<meta property=\"article:publisher\" content=\"https:\/\/www.facebook.com\/turijnmagazijn\" \/>\n<meta property=\"article:modified_time\" content=\"2023-08-16T10:01:46+00:00\" \/>\n<meta property=\"og:image\" content=\"https:\/\/turijnmagazijn.nl\/wp-content\/uploads\/2023\/03\/Dk0010076620ECU20Motormanagement20Fiat20Uno201.520Automaat20620Large.jpg\" \/>\n\t<meta property=\"og:image:width\" content=\"1440\" \/>\n\t<meta property=\"og:image:height\" content=\"1080\" \/>\n\t<meta property=\"og:image:type\" content=\"image\/jpeg\" \/>\n<meta name=\"twitter:card\" content=\"summary_large_image\" \/>\n<script type=\"application\/ld+json\" class=\"yoast-schema-graph\">{\"@context\":\"https:\/\/schema.org\",\"@graph\":[{\"@type\":\"WebPage\",\"@id\":\"https:\/\/turijnmagazijn.nl\/de\/produkt\/steuergerate-motormanagement-computer-fiat-uno-1-5-automatik\/\",\"url\":\"https:\/\/turijnmagazijn.nl\/de\/produkt\/steuergerate-motormanagement-computer-fiat-uno-1-5-automatik\/\",\"name\":\"Steuerger\u00e4t Motorsteuerrechner Fiat Uno 1.5 Automatik - Turijnmagazijn\",\"isPartOf\":{\"@id\":\"https:\/\/turijnmagazijn.jumpstone-dev.nl\/#website\"},\"primaryImageOfPage\":{\"@id\":\"https:\/\/turijnmagazijn.nl\/de\/produkt\/steuergerate-motormanagement-computer-fiat-uno-1-5-automatik\/#primaryimage\"},\"image\":{\"@id\":\"https:\/\/turijnmagazijn.nl\/de\/produkt\/steuergerate-motormanagement-computer-fiat-uno-1-5-automatik\/#primaryimage\"},\"thumbnailUrl\":\"https:\/\/turijnmagazijn.nl\/wp-content\/uploads\/2023\/03\/Dk0010076620ECU20Motormanagement20Fiat20Uno201.520Automaat20620Large.jpg\",\"datePublished\":\"2023-03-03T08:11:27+00:00\",\"dateModified\":\"2023-08-16T10:01:46+00:00\",\"breadcrumb\":{\"@id\":\"https:\/\/turijnmagazijn.nl\/de\/produkt\/steuergerate-motormanagement-computer-fiat-uno-1-5-automatik\/#breadcrumb\"},\"inLanguage\":\"de\",\"potentialAction\":[{\"@type\":\"ReadAction\",\"target\":[\"https:\/\/turijnmagazijn.nl\/de\/produkt\/steuergerate-motormanagement-computer-fiat-uno-1-5-automatik\/\"]}]},{\"@type\":\"ImageObject\",\"inLanguage\":\"de\",\"@id\":\"https:\/\/turijnmagazijn.nl\/de\/produkt\/steuergerate-motormanagement-computer-fiat-uno-1-5-automatik\/#primaryimage\",\"url\":\"https:\/\/turijnmagazijn.nl\/wp-content\/uploads\/2023\/03\/Dk0010076620ECU20Motormanagement20Fiat20Uno201.520Automaat20620Large.jpg\",\"contentUrl\":\"https:\/\/turijnmagazijn.nl\/wp-content\/uploads\/2023\/03\/Dk0010076620ECU20Motormanagement20Fiat20Uno201.520Automaat20620Large.jpg\",\"width\":1440,\"height\":1080},{\"@type\":\"BreadcrumbList\",\"@id\":\"https:\/\/turijnmagazijn.nl\/de\/produkt\/steuergerate-motormanagement-computer-fiat-uno-1-5-automatik\/#breadcrumb\",\"itemListElement\":[{\"@type\":\"ListItem\",\"position\":1,\"name\":\"Home\",\"item\":\"https:\/\/turijnmagazijn.nl\/de\/\"},{\"@type\":\"ListItem\",\"position\":2,\"name\":\"Produkte\",\"item\":\"https:\/\/turijnmagazijn.nl\/de\/shop\/\"},{\"@type\":\"ListItem\",\"position\":3,\"name\":\"Steuerger\u00e4t Motorsteuerrechner Fiat Uno 1.5 Automatik\"}]},{\"@type\":\"WebSite\",\"@id\":\"https:\/\/turijnmagazijn.jumpstone-dev.nl\/#website\",\"url\":\"https:\/\/turijnmagazijn.jumpstone-dev.nl\/\",\"name\":\"Turijnmagazijn\",\"description\":\"Onderdelen nieuw en gebruikt - Fiat &amp; Lancia\",\"publisher\":{\"@id\":\"https:\/\/turijnmagazijn.jumpstone-dev.nl\/#organization\"},\"potentialAction\":[{\"@type\":\"SearchAction\",\"target\":{\"@type\":\"EntryPoint\",\"urlTemplate\":\"https:\/\/turijnmagazijn.jumpstone-dev.nl\/?s={search_term_string}\"},\"query-input\":{\"@type\":\"PropertyValueSpecification\",\"valueRequired\":true,\"valueName\":\"search_term_string\"}}],\"inLanguage\":\"de\"},{\"@type\":\"Organization\",\"@id\":\"https:\/\/turijnmagazijn.jumpstone-dev.nl\/#organization\",\"name\":\"Turijnmagazijn\",\"url\":\"https:\/\/turijnmagazijn.jumpstone-dev.nl\/\",\"logo\":{\"@type\":\"ImageObject\",\"inLanguage\":\"de\",\"@id\":\"https:\/\/turijnmagazijn.jumpstone-dev.nl\/#\/schema\/logo\/image\/\",\"url\":\"https:\/\/turijnmagazijn.nl\/wp-content\/uploads\/2021\/02\/turijnmagazijnlogo.png\",\"contentUrl\":\"https:\/\/turijnmagazijn.nl\/wp-content\/uploads\/2021\/02\/turijnmagazijnlogo.png\",\"width\":555,\"height\":270,\"caption\":\"Turijnmagazijn\"},\"image\":{\"@id\":\"https:\/\/turijnmagazijn.jumpstone-dev.nl\/#\/schema\/logo\/image\/\"},\"sameAs\":[\"https:\/\/www.facebook.com\/turijnmagazijn\"]}]}<\/script>\n<!-- \/ Yoast SEO plugin. -->","yoast_head_json":{"title":"Steuerger\u00e4t Motorsteuerrechner Fiat Uno 1.5 Automatik - Turijnmagazijn","robots":{"index":"index","follow":"follow","max-snippet":"max-snippet:-1","max-image-preview":"max-image-preview:large","max-video-preview":"max-video-preview:-1"},"canonical":"https:\/\/turijnmagazijn.nl\/de\/produkt\/steuergerate-motormanagement-computer-fiat-uno-1-5-automatik\/","og_locale":"de_DE","og_type":"article","og_title":"Steuerger\u00e4t Motorsteuerrechner Fiat Uno 1.5 Automatik - Turijnmagazijn","og_description":"7612304 ECU Motormanagement Fiat Uno 1.5 Automatic - ECU-Motormanagement-Computer zur Steuerung von Einspritzung, Z\u00fcndung und Leerlaufsteuerung f\u00fcr Fiat Uno mit 1500 ccm Benzinmotor.","og_url":"https:\/\/turijnmagazijn.nl\/de\/produkt\/steuergerate-motormanagement-computer-fiat-uno-1-5-automatik\/","og_site_name":"Turijnmagazijn","article_publisher":"https:\/\/www.facebook.com\/turijnmagazijn","article_modified_time":"2023-08-16T10:01:46+00:00","og_image":[{"width":1440,"height":1080,"url":"https:\/\/turijnmagazijn.nl\/wp-content\/uploads\/2023\/03\/Dk0010076620ECU20Motormanagement20Fiat20Uno201.520Automaat20620Large.jpg","type":"image\/jpeg"}],"twitter_card":"summary_large_image","schema":{"@context":"https:\/\/schema.org","@graph":[{"@type":"WebPage","@id":"https:\/\/turijnmagazijn.nl\/de\/produkt\/steuergerate-motormanagement-computer-fiat-uno-1-5-automatik\/","url":"https:\/\/turijnmagazijn.nl\/de\/produkt\/steuergerate-motormanagement-computer-fiat-uno-1-5-automatik\/","name":"Steuerger\u00e4t Motorsteuerrechner Fiat Uno 1.5 Automatik - Turijnmagazijn","isPartOf":{"@id":"https:\/\/turijnmagazijn.jumpstone-dev.nl\/#website"},"primaryImageOfPage":{"@id":"https:\/\/turijnmagazijn.nl\/de\/produkt\/steuergerate-motormanagement-computer-fiat-uno-1-5-automatik\/#primaryimage"},"image":{"@id":"https:\/\/turijnmagazijn.nl\/de\/produkt\/steuergerate-motormanagement-computer-fiat-uno-1-5-automatik\/#primaryimage"},"thumbnailUrl":"https:\/\/turijnmagazijn.nl\/wp-content\/uploads\/2023\/03\/Dk0010076620ECU20Motormanagement20Fiat20Uno201.520Automaat20620Large.jpg","datePublished":"2023-03-03T08:11:27+00:00","dateModified":"2023-08-16T10:01:46+00:00","breadcrumb":{"@id":"https:\/\/turijnmagazijn.nl\/de\/produkt\/steuergerate-motormanagement-computer-fiat-uno-1-5-automatik\/#breadcrumb"},"inLanguage":"de","potentialAction":[{"@type":"ReadAction","target":["https:\/\/turijnmagazijn.nl\/de\/produkt\/steuergerate-motormanagement-computer-fiat-uno-1-5-automatik\/"]}]},{"@type":"ImageObject","inLanguage":"de","@id":"https:\/\/turijnmagazijn.nl\/de\/produkt\/steuergerate-motormanagement-computer-fiat-uno-1-5-automatik\/#primaryimage","url":"https:\/\/turijnmagazijn.nl\/wp-content\/uploads\/2023\/03\/Dk0010076620ECU20Motormanagement20Fiat20Uno201.520Automaat20620Large.jpg","contentUrl":"https:\/\/turijnmagazijn.nl\/wp-content\/uploads\/2023\/03\/Dk0010076620ECU20Motormanagement20Fiat20Uno201.520Automaat20620Large.jpg","width":1440,"height":1080},{"@type":"BreadcrumbList","@id":"https:\/\/turijnmagazijn.nl\/de\/produkt\/steuergerate-motormanagement-computer-fiat-uno-1-5-automatik\/#breadcrumb","itemListElement":[{"@type":"ListItem","position":1,"name":"Home","item":"https:\/\/turijnmagazijn.nl\/de\/"},{"@type":"ListItem","position":2,"name":"Produkte","item":"https:\/\/turijnmagazijn.nl\/de\/shop\/"},{"@type":"ListItem","position":3,"name":"Steuerger\u00e4t Motorsteuerrechner Fiat Uno 1.5 Automatik"}]},{"@type":"WebSite","@id":"https:\/\/turijnmagazijn.jumpstone-dev.nl\/#website","url":"https:\/\/turijnmagazijn.jumpstone-dev.nl\/","name":"Turijnmagazijn","description":"Onderdelen nieuw en gebruikt - Fiat &amp; Lancia","publisher":{"@id":"https:\/\/turijnmagazijn.jumpstone-dev.nl\/#organization"},"potentialAction":[{"@type":"SearchAction","target":{"@type":"EntryPoint","urlTemplate":"https:\/\/turijnmagazijn.jumpstone-dev.nl\/?s={search_term_string}"},"query-input":{"@type":"PropertyValueSpecification","valueRequired":true,"valueName":"search_term_string"}}],"inLanguage":"de"},{"@type":"Organization","@id":"https:\/\/turijnmagazijn.jumpstone-dev.nl\/#organization","name":"Turijnmagazijn","url":"https:\/\/turijnmagazijn.jumpstone-dev.nl\/","logo":{"@type":"ImageObject","inLanguage":"de","@id":"https:\/\/turijnmagazijn.jumpstone-dev.nl\/#\/schema\/logo\/image\/","url":"https:\/\/turijnmagazijn.nl\/wp-content\/uploads\/2021\/02\/turijnmagazijnlogo.png","contentUrl":"https:\/\/turijnmagazijn.nl\/wp-content\/uploads\/2021\/02\/turijnmagazijnlogo.png","width":555,"height":270,"caption":"Turijnmagazijn"},"image":{"@id":"https:\/\/turijnmagazijn.jumpstone-dev.nl\/#\/schema\/logo\/image\/"},"sameAs":["https:\/\/www.facebook.com\/turijnmagazijn"]}]}},"_links":{"self":[{"href":"https:\/\/turijnmagazijn.nl\/de\/wp-json\/wp\/v2\/product\/62861","targetHints":{"allow":["GET"]}}],"collection":[{"href":"https:\/\/turijnmagazijn.nl\/de\/wp-json\/wp\/v2\/product"}],"about":[{"href":"https:\/\/turijnmagazijn.nl\/de\/wp-json\/wp\/v2\/types\/product"}],"replies":[{"embeddable":true,"href":"https:\/\/turijnmagazijn.nl\/de\/wp-json\/wp\/v2\/comments?post=62861"}],"wp:featuredmedia":[{"embeddable":true,"href":"https:\/\/turijnmagazijn.nl\/de\/wp-json\/wp\/v2\/media\/37157"}],"wp:attachment":[{"href":"https:\/\/turijnmagazijn.nl\/de\/wp-json\/wp\/v2\/media?parent=62861"}],"wp:term":[{"taxonomy":"product_brand","embeddable":true,"href":"https:\/\/turijnmagazijn.nl\/de\/wp-json\/wp\/v2\/product_brand?post=62861"},{"taxonomy":"product_cat","embeddable":true,"href":"https:\/\/turijnmagazijn.nl\/de\/wp-json\/wp\/v2\/product_cat?post=62861"},{"taxonomy":"product_tag","embeddable":true,"href":"https:\/\/turijnmagazijn.nl\/de\/wp-json\/wp\/v2\/product_tag?post=62861"}],"curies":[{"name":"wp","href":"https:\/\/api.w.org\/{rel}","templated":true}]}}