{"id":62869,"date":"2023-03-03T09:11:27","date_gmt":"2023-03-03T08:11:27","guid":{"rendered":"https:\/\/turijnmagazijn.nl\/product\/steuergeraet-motormanagement-rechner-fiat-tempra-1-6-i-e\/"},"modified":"2023-08-16T20:23:07","modified_gmt":"2023-08-16T18:23:07","slug":"steuergerate-motormanagement-computer-fiat-tempra-1-6-i-e","status":"publish","type":"product","link":"https:\/\/turijnmagazijn.nl\/de\/produkt\/steuergerate-motormanagement-computer-fiat-tempra-1-6-i-e\/","title":{"rendered":"Steuerger\u00e4t Motormanagement-Rechner Fiat Tempra 1.6 I.E."},"content":{"rendered":"<p>Steuerger\u00e4te-Motorsteuerungsrechner zur Steuerung von Einspritzung, Z\u00fcndung und Leerlaufsteuerung f\u00fcr Fiat Tempra mit 1.6 I.E. Benzinmotor. Das Ger\u00e4t funktioniert gut und stammt von einem Fiat Tempra aus dem Jahr 1991.<\/p>\n<p>Das Bosch-Modul ist eine schwarze Kunststoffbox mit vier Lochl\u00f6chern, einem Aluminium-K\u00fchlfach und einem mehrpoligen Stecker.<\/p>\n<p>Inschriften auf dem Ger\u00e4t:<br \/>\nBosch<br \/>\n0 280 000 758<br \/>\nhergestellt in Frankreich<\/p>\n<p>263.19<br \/>\nSoftwareversion 28SA2050<br \/>\n70Alfa Romeo, Alfa Romeo &gt; Alfetta [116],00289<\/p>\n<p>OEM-Nummer Fiat 7745413<\/p>\n","protected":false},"excerpt":{"rendered":"<p>7745413 ECU Motormanagement Fiat Tempra 1.6 I.E. &#8211; ECU Motorsteuerungscomputer zur Steuerung von Einspritzung, Z\u00fcndung und Leerlaufsteuerung f\u00fcr Fiat Tempra mit 1.<\/p>\n","protected":false},"featured_media":37193,"comment_status":"open","ping_status":"closed","template":"","meta":{"_acf_changed":false},"product_brand":[],"product_cat":[1803,1689,1797,1777,1784],"product_tag":[],"class_list":{"0":"post-62869","1":"product","2":"type-product","3":"status-publish","4":"has-post-thumbnail","6":"product_cat-dedra-835-de","7":"product_cat-fiat-de","8":"product_cat-lancia-de","9":"product_cat-tempra-159-de","10":"product_cat-tipo-1-160-de","11":"pa_soort-onderdeel-motor-und-zubehor","13":"first","14":"instock","15":"shipping-taxable","16":"purchasable","17":"product-type-simple"},"acf":[],"yoast_head":"<!-- This site is optimized with the Yoast SEO plugin v27.3 - https:\/\/yoast.com\/product\/yoast-seo-wordpress\/ -->\n<title>Steuerger\u00e4t Motormanagement-Rechner Fiat Tempra 1.6 I.E. - Turijnmagazijn<\/title>\n<meta name=\"robots\" content=\"index, follow, max-snippet:-1, max-image-preview:large, max-video-preview:-1\" \/>\n<link rel=\"canonical\" href=\"https:\/\/turijnmagazijn.nl\/de\/produkt\/steuergerate-motormanagement-computer-fiat-tempra-1-6-i-e\/\" \/>\n<meta property=\"og:locale\" content=\"de_DE\" \/>\n<meta property=\"og:type\" content=\"article\" \/>\n<meta property=\"og:title\" content=\"Steuerger\u00e4t Motormanagement-Rechner Fiat Tempra 1.6 I.E. - Turijnmagazijn\" \/>\n<meta property=\"og:description\" content=\"7745413 ECU Motormanagement Fiat Tempra 1.6 I.E. - ECU Motorsteuerungscomputer zur Steuerung von Einspritzung, Z\u00fcndung und Leerlaufsteuerung f\u00fcr Fiat Tempra mit 1.\" \/>\n<meta property=\"og:url\" content=\"https:\/\/turijnmagazijn.nl\/de\/produkt\/steuergerate-motormanagement-computer-fiat-tempra-1-6-i-e\/\" \/>\n<meta property=\"og:site_name\" content=\"Turijnmagazijn\" \/>\n<meta property=\"article:publisher\" content=\"https:\/\/www.facebook.com\/turijnmagazijn\" \/>\n<meta property=\"article:modified_time\" content=\"2023-08-16T18:23:07+00:00\" \/>\n<meta property=\"og:image\" content=\"https:\/\/turijnmagazijn.nl\/wp-content\/uploads\/2023\/03\/Dk0010076920ECU20Motormanagement20Fiat20Tempra201.620I.E20520Large.jpg\" \/>\n\t<meta property=\"og:image:width\" content=\"1440\" \/>\n\t<meta property=\"og:image:height\" content=\"1080\" \/>\n\t<meta property=\"og:image:type\" content=\"image\/jpeg\" \/>\n<meta name=\"twitter:card\" content=\"summary_large_image\" \/>\n<script type=\"application\/ld+json\" class=\"yoast-schema-graph\">{\"@context\":\"https:\\\/\\\/schema.org\",\"@graph\":[{\"@type\":\"WebPage\",\"@id\":\"https:\\\/\\\/turijnmagazijn.nl\\\/de\\\/produkt\\\/steuergerate-motormanagement-computer-fiat-tempra-1-6-i-e\\\/\",\"url\":\"https:\\\/\\\/turijnmagazijn.nl\\\/de\\\/produkt\\\/steuergerate-motormanagement-computer-fiat-tempra-1-6-i-e\\\/\",\"name\":\"Steuerger\u00e4t Motormanagement-Rechner Fiat Tempra 1.6 I.E. - Turijnmagazijn\",\"isPartOf\":{\"@id\":\"https:\\\/\\\/turijnmagazijn.jumpstone-dev.nl\\\/#website\"},\"primaryImageOfPage\":{\"@id\":\"https:\\\/\\\/turijnmagazijn.nl\\\/de\\\/produkt\\\/steuergerate-motormanagement-computer-fiat-tempra-1-6-i-e\\\/#primaryimage\"},\"image\":{\"@id\":\"https:\\\/\\\/turijnmagazijn.nl\\\/de\\\/produkt\\\/steuergerate-motormanagement-computer-fiat-tempra-1-6-i-e\\\/#primaryimage\"},\"thumbnailUrl\":\"https:\\\/\\\/turijnmagazijn.nl\\\/wp-content\\\/uploads\\\/2023\\\/03\\\/Dk0010076920ECU20Motormanagement20Fiat20Tempra201.620I.E20520Large.jpg\",\"datePublished\":\"2023-03-03T08:11:27+00:00\",\"dateModified\":\"2023-08-16T18:23:07+00:00\",\"breadcrumb\":{\"@id\":\"https:\\\/\\\/turijnmagazijn.nl\\\/de\\\/produkt\\\/steuergerate-motormanagement-computer-fiat-tempra-1-6-i-e\\\/#breadcrumb\"},\"inLanguage\":\"de\",\"potentialAction\":[{\"@type\":\"ReadAction\",\"target\":[\"https:\\\/\\\/turijnmagazijn.nl\\\/de\\\/produkt\\\/steuergerate-motormanagement-computer-fiat-tempra-1-6-i-e\\\/\"]}]},{\"@type\":\"ImageObject\",\"inLanguage\":\"de\",\"@id\":\"https:\\\/\\\/turijnmagazijn.nl\\\/de\\\/produkt\\\/steuergerate-motormanagement-computer-fiat-tempra-1-6-i-e\\\/#primaryimage\",\"url\":\"https:\\\/\\\/turijnmagazijn.nl\\\/wp-content\\\/uploads\\\/2023\\\/03\\\/Dk0010076920ECU20Motormanagement20Fiat20Tempra201.620I.E20520Large.jpg\",\"contentUrl\":\"https:\\\/\\\/turijnmagazijn.nl\\\/wp-content\\\/uploads\\\/2023\\\/03\\\/Dk0010076920ECU20Motormanagement20Fiat20Tempra201.620I.E20520Large.jpg\",\"width\":1440,\"height\":1080},{\"@type\":\"BreadcrumbList\",\"@id\":\"https:\\\/\\\/turijnmagazijn.nl\\\/de\\\/produkt\\\/steuergerate-motormanagement-computer-fiat-tempra-1-6-i-e\\\/#breadcrumb\",\"itemListElement\":[{\"@type\":\"ListItem\",\"position\":1,\"name\":\"Home\",\"item\":\"https:\\\/\\\/turijnmagazijn.nl\\\/de\\\/\"},{\"@type\":\"ListItem\",\"position\":2,\"name\":\"Produkte\",\"item\":\"https:\\\/\\\/turijnmagazijn.nl\\\/de\\\/shop\\\/\"},{\"@type\":\"ListItem\",\"position\":3,\"name\":\"Steuerger\u00e4t Motormanagement-Rechner Fiat Tempra 1.6 I.E.\"}]},{\"@type\":\"WebSite\",\"@id\":\"https:\\\/\\\/turijnmagazijn.jumpstone-dev.nl\\\/#website\",\"url\":\"https:\\\/\\\/turijnmagazijn.jumpstone-dev.nl\\\/\",\"name\":\"Turijnmagazijn\",\"description\":\"Onderdelen nieuw en gebruikt - Fiat &amp; Lancia\",\"publisher\":{\"@id\":\"https:\\\/\\\/turijnmagazijn.jumpstone-dev.nl\\\/#organization\"},\"potentialAction\":[{\"@type\":\"SearchAction\",\"target\":{\"@type\":\"EntryPoint\",\"urlTemplate\":\"https:\\\/\\\/turijnmagazijn.jumpstone-dev.nl\\\/?s={search_term_string}\"},\"query-input\":{\"@type\":\"PropertyValueSpecification\",\"valueRequired\":true,\"valueName\":\"search_term_string\"}}],\"inLanguage\":\"de\"},{\"@type\":\"Organization\",\"@id\":\"https:\\\/\\\/turijnmagazijn.jumpstone-dev.nl\\\/#organization\",\"name\":\"Turijnmagazijn\",\"url\":\"https:\\\/\\\/turijnmagazijn.jumpstone-dev.nl\\\/\",\"logo\":{\"@type\":\"ImageObject\",\"inLanguage\":\"de\",\"@id\":\"https:\\\/\\\/turijnmagazijn.jumpstone-dev.nl\\\/#\\\/schema\\\/logo\\\/image\\\/\",\"url\":\"https:\\\/\\\/turijnmagazijn.nl\\\/wp-content\\\/uploads\\\/2021\\\/02\\\/turijnmagazijnlogo.png\",\"contentUrl\":\"https:\\\/\\\/turijnmagazijn.nl\\\/wp-content\\\/uploads\\\/2021\\\/02\\\/turijnmagazijnlogo.png\",\"width\":555,\"height\":270,\"caption\":\"Turijnmagazijn\"},\"image\":{\"@id\":\"https:\\\/\\\/turijnmagazijn.jumpstone-dev.nl\\\/#\\\/schema\\\/logo\\\/image\\\/\"},\"sameAs\":[\"https:\\\/\\\/www.facebook.com\\\/turijnmagazijn\"]}]}<\/script>\n<!-- \/ Yoast SEO plugin. -->","yoast_head_json":{"title":"Steuerger\u00e4t Motormanagement-Rechner Fiat Tempra 1.6 I.E. - Turijnmagazijn","robots":{"index":"index","follow":"follow","max-snippet":"max-snippet:-1","max-image-preview":"max-image-preview:large","max-video-preview":"max-video-preview:-1"},"canonical":"https:\/\/turijnmagazijn.nl\/de\/produkt\/steuergerate-motormanagement-computer-fiat-tempra-1-6-i-e\/","og_locale":"de_DE","og_type":"article","og_title":"Steuerger\u00e4t Motormanagement-Rechner Fiat Tempra 1.6 I.E. - Turijnmagazijn","og_description":"7745413 ECU Motormanagement Fiat Tempra 1.6 I.E. - ECU Motorsteuerungscomputer zur Steuerung von Einspritzung, Z\u00fcndung und Leerlaufsteuerung f\u00fcr Fiat Tempra mit 1.","og_url":"https:\/\/turijnmagazijn.nl\/de\/produkt\/steuergerate-motormanagement-computer-fiat-tempra-1-6-i-e\/","og_site_name":"Turijnmagazijn","article_publisher":"https:\/\/www.facebook.com\/turijnmagazijn","article_modified_time":"2023-08-16T18:23:07+00:00","og_image":[{"width":1440,"height":1080,"url":"https:\/\/turijnmagazijn.nl\/wp-content\/uploads\/2023\/03\/Dk0010076920ECU20Motormanagement20Fiat20Tempra201.620I.E20520Large.jpg","type":"image\/jpeg"}],"twitter_card":"summary_large_image","schema":{"@context":"https:\/\/schema.org","@graph":[{"@type":"WebPage","@id":"https:\/\/turijnmagazijn.nl\/de\/produkt\/steuergerate-motormanagement-computer-fiat-tempra-1-6-i-e\/","url":"https:\/\/turijnmagazijn.nl\/de\/produkt\/steuergerate-motormanagement-computer-fiat-tempra-1-6-i-e\/","name":"Steuerger\u00e4t Motormanagement-Rechner Fiat Tempra 1.6 I.E. - Turijnmagazijn","isPartOf":{"@id":"https:\/\/turijnmagazijn.jumpstone-dev.nl\/#website"},"primaryImageOfPage":{"@id":"https:\/\/turijnmagazijn.nl\/de\/produkt\/steuergerate-motormanagement-computer-fiat-tempra-1-6-i-e\/#primaryimage"},"image":{"@id":"https:\/\/turijnmagazijn.nl\/de\/produkt\/steuergerate-motormanagement-computer-fiat-tempra-1-6-i-e\/#primaryimage"},"thumbnailUrl":"https:\/\/turijnmagazijn.nl\/wp-content\/uploads\/2023\/03\/Dk0010076920ECU20Motormanagement20Fiat20Tempra201.620I.E20520Large.jpg","datePublished":"2023-03-03T08:11:27+00:00","dateModified":"2023-08-16T18:23:07+00:00","breadcrumb":{"@id":"https:\/\/turijnmagazijn.nl\/de\/produkt\/steuergerate-motormanagement-computer-fiat-tempra-1-6-i-e\/#breadcrumb"},"inLanguage":"de","potentialAction":[{"@type":"ReadAction","target":["https:\/\/turijnmagazijn.nl\/de\/produkt\/steuergerate-motormanagement-computer-fiat-tempra-1-6-i-e\/"]}]},{"@type":"ImageObject","inLanguage":"de","@id":"https:\/\/turijnmagazijn.nl\/de\/produkt\/steuergerate-motormanagement-computer-fiat-tempra-1-6-i-e\/#primaryimage","url":"https:\/\/turijnmagazijn.nl\/wp-content\/uploads\/2023\/03\/Dk0010076920ECU20Motormanagement20Fiat20Tempra201.620I.E20520Large.jpg","contentUrl":"https:\/\/turijnmagazijn.nl\/wp-content\/uploads\/2023\/03\/Dk0010076920ECU20Motormanagement20Fiat20Tempra201.620I.E20520Large.jpg","width":1440,"height":1080},{"@type":"BreadcrumbList","@id":"https:\/\/turijnmagazijn.nl\/de\/produkt\/steuergerate-motormanagement-computer-fiat-tempra-1-6-i-e\/#breadcrumb","itemListElement":[{"@type":"ListItem","position":1,"name":"Home","item":"https:\/\/turijnmagazijn.nl\/de\/"},{"@type":"ListItem","position":2,"name":"Produkte","item":"https:\/\/turijnmagazijn.nl\/de\/shop\/"},{"@type":"ListItem","position":3,"name":"Steuerger\u00e4t Motormanagement-Rechner Fiat Tempra 1.6 I.E."}]},{"@type":"WebSite","@id":"https:\/\/turijnmagazijn.jumpstone-dev.nl\/#website","url":"https:\/\/turijnmagazijn.jumpstone-dev.nl\/","name":"Turijnmagazijn","description":"Onderdelen nieuw en gebruikt - Fiat &amp; Lancia","publisher":{"@id":"https:\/\/turijnmagazijn.jumpstone-dev.nl\/#organization"},"potentialAction":[{"@type":"SearchAction","target":{"@type":"EntryPoint","urlTemplate":"https:\/\/turijnmagazijn.jumpstone-dev.nl\/?s={search_term_string}"},"query-input":{"@type":"PropertyValueSpecification","valueRequired":true,"valueName":"search_term_string"}}],"inLanguage":"de"},{"@type":"Organization","@id":"https:\/\/turijnmagazijn.jumpstone-dev.nl\/#organization","name":"Turijnmagazijn","url":"https:\/\/turijnmagazijn.jumpstone-dev.nl\/","logo":{"@type":"ImageObject","inLanguage":"de","@id":"https:\/\/turijnmagazijn.jumpstone-dev.nl\/#\/schema\/logo\/image\/","url":"https:\/\/turijnmagazijn.nl\/wp-content\/uploads\/2021\/02\/turijnmagazijnlogo.png","contentUrl":"https:\/\/turijnmagazijn.nl\/wp-content\/uploads\/2021\/02\/turijnmagazijnlogo.png","width":555,"height":270,"caption":"Turijnmagazijn"},"image":{"@id":"https:\/\/turijnmagazijn.jumpstone-dev.nl\/#\/schema\/logo\/image\/"},"sameAs":["https:\/\/www.facebook.com\/turijnmagazijn"]}]}},"_links":{"self":[{"href":"https:\/\/turijnmagazijn.nl\/de\/wp-json\/wp\/v2\/product\/62869","targetHints":{"allow":["GET"]}}],"collection":[{"href":"https:\/\/turijnmagazijn.nl\/de\/wp-json\/wp\/v2\/product"}],"about":[{"href":"https:\/\/turijnmagazijn.nl\/de\/wp-json\/wp\/v2\/types\/product"}],"replies":[{"embeddable":true,"href":"https:\/\/turijnmagazijn.nl\/de\/wp-json\/wp\/v2\/comments?post=62869"}],"wp:featuredmedia":[{"embeddable":true,"href":"https:\/\/turijnmagazijn.nl\/de\/wp-json\/wp\/v2\/media\/37193"}],"wp:attachment":[{"href":"https:\/\/turijnmagazijn.nl\/de\/wp-json\/wp\/v2\/media?parent=62869"}],"wp:term":[{"taxonomy":"product_brand","embeddable":true,"href":"https:\/\/turijnmagazijn.nl\/de\/wp-json\/wp\/v2\/product_brand?post=62869"},{"taxonomy":"product_cat","embeddable":true,"href":"https:\/\/turijnmagazijn.nl\/de\/wp-json\/wp\/v2\/product_cat?post=62869"},{"taxonomy":"product_tag","embeddable":true,"href":"https:\/\/turijnmagazijn.nl\/de\/wp-json\/wp\/v2\/product_tag?post=62869"}],"curies":[{"name":"wp","href":"https:\/\/api.w.org\/{rel}","templated":true}]}}