{"id":63066,"date":"2023-03-03T09:12:08","date_gmt":"2023-03-03T08:12:08","guid":{"rendered":"https:\/\/turijnmagazijn.nl\/product\/kabelbaum-blinklicht-frontstossstange-alfa-147\/"},"modified":"2023-07-26T13:48:23","modified_gmt":"2023-07-26T11:48:23","slug":"kabelbaum-blinklicht-frontstosstange-alfa-147","status":"publish","type":"product","link":"https:\/\/turijnmagazijn.nl\/de\/produkt\/kabelbaum-blinklicht-frontstosstange-alfa-147\/","title":{"rendered":"Kabelbaum Blinklicht Frontsto\u00dfstange Alfa 147"},"content":{"rendered":"<p><a href=\"https:\/\/turijnmagazijn.nl\/de\/postfachversand\/\" target=\"\" style=\"background-color: rgb(255, 255, 255); color: rgb(35, 82, 124); outline: 0px;\" rel=\"noopener\"><img decoding=\"async\" src=\"https:\/\/www.delenkorf.nl\/image\/catalog\/brievenbus.png\"><\/a><\/p>\n<p>Kabelbaum f\u00fcr Blinkleuchten im vorderen Sto\u00dff\u00e4nger. Betrifft den Teil des Kabelbaums, der im Sto\u00dff\u00e4nger montiert bleiben kann, indem der Stecker vom zentralen Anschluss getrennt wird. Korrekt funktionierender Kabelbaum von einem 147 Baujahr 2001. Auflage.<\/p>\n<p>OEM Alfa Romeo 46759482<\/p>\n","protected":false},"excerpt":{"rendered":"<p>Kabelbaum vordere Sto\u00dfstange vordere Sto\u00dfstange Alfa 147 &#8211; Kabelbaum f\u00fcr Blinker in der vorderen Sto\u00dfstange.<\/p>\n","protected":false},"featured_media":38281,"comment_status":"open","ping_status":"closed","template":"","meta":{"_acf_changed":false},"product_brand":[],"product_cat":[1605,1584],"product_tag":[],"class_list":{"0":"post-63066","1":"product","2":"type-product","3":"status-publish","4":"has-post-thumbnail","6":"product_cat-147-937-de","7":"product_cat-alfa-romeo-de","8":"pa_soort-onderdeel-beleuchtung","10":"first","11":"instock","12":"shipping-taxable","13":"purchasable","14":"product-type-simple"},"acf":[],"yoast_head":"<!-- This site is optimized with the Yoast SEO plugin v27.3 - https:\/\/yoast.com\/product\/yoast-seo-wordpress\/ -->\n<title>Kabelbaum Blinklicht Frontsto\u00dfstange Alfa 147 - Turijnmagazijn<\/title>\n<meta name=\"robots\" content=\"index, follow, max-snippet:-1, max-image-preview:large, max-video-preview:-1\" \/>\n<link rel=\"canonical\" href=\"https:\/\/turijnmagazijn.nl\/de\/produkt\/kabelbaum-blinklicht-frontstosstange-alfa-147\/\" \/>\n<meta property=\"og:locale\" content=\"de_DE\" \/>\n<meta property=\"og:type\" content=\"article\" \/>\n<meta property=\"og:title\" content=\"Kabelbaum Blinklicht Frontsto\u00dfstange Alfa 147 - Turijnmagazijn\" \/>\n<meta property=\"og:description\" content=\"Kabelbaum vordere Sto\u00dfstange vordere Sto\u00dfstange Alfa 147 - Kabelbaum f\u00fcr Blinker in der vorderen Sto\u00dfstange.\" \/>\n<meta property=\"og:url\" content=\"https:\/\/turijnmagazijn.nl\/de\/produkt\/kabelbaum-blinklicht-frontstosstange-alfa-147\/\" \/>\n<meta property=\"og:site_name\" content=\"Turijnmagazijn\" \/>\n<meta property=\"article:publisher\" content=\"https:\/\/www.facebook.com\/turijnmagazijn\" \/>\n<meta property=\"article:modified_time\" content=\"2023-07-26T11:48:23+00:00\" \/>\n<meta property=\"og:image\" content=\"https:\/\/turijnmagazijn.jumpstone-dev.nl\/wp-content\/uploads\/2023\/03\/DK00100933_Kabelboom_knipperlicht_voorbumper_Alfa_147_3-1.jpg\" \/>\n\t<meta property=\"og:image:width\" content=\"800\" \/>\n\t<meta property=\"og:image:height\" content=\"600\" \/>\n\t<meta property=\"og:image:type\" content=\"image\/jpeg\" \/>\n<meta name=\"twitter:card\" content=\"summary_large_image\" \/>\n<script type=\"application\/ld+json\" class=\"yoast-schema-graph\">{\"@context\":\"https:\\\/\\\/schema.org\",\"@graph\":[{\"@type\":\"WebPage\",\"@id\":\"https:\\\/\\\/turijnmagazijn.nl\\\/de\\\/produkt\\\/kabelbaum-blinklicht-frontstosstange-alfa-147\\\/\",\"url\":\"https:\\\/\\\/turijnmagazijn.nl\\\/de\\\/produkt\\\/kabelbaum-blinklicht-frontstosstange-alfa-147\\\/\",\"name\":\"Kabelbaum Blinklicht Frontsto\u00dfstange Alfa 147 - Turijnmagazijn\",\"isPartOf\":{\"@id\":\"https:\\\/\\\/turijnmagazijn.jumpstone-dev.nl\\\/#website\"},\"primaryImageOfPage\":{\"@id\":\"https:\\\/\\\/turijnmagazijn.nl\\\/de\\\/produkt\\\/kabelbaum-blinklicht-frontstosstange-alfa-147\\\/#primaryimage\"},\"image\":{\"@id\":\"https:\\\/\\\/turijnmagazijn.nl\\\/de\\\/produkt\\\/kabelbaum-blinklicht-frontstosstange-alfa-147\\\/#primaryimage\"},\"thumbnailUrl\":\"https:\\\/\\\/turijnmagazijn.nl\\\/wp-content\\\/uploads\\\/2023\\\/03\\\/DK00100933_Kabelboom_knipperlicht_voorbumper_Alfa_147_3-1.jpg\",\"datePublished\":\"2023-03-03T08:12:08+00:00\",\"dateModified\":\"2023-07-26T11:48:23+00:00\",\"breadcrumb\":{\"@id\":\"https:\\\/\\\/turijnmagazijn.nl\\\/de\\\/produkt\\\/kabelbaum-blinklicht-frontstosstange-alfa-147\\\/#breadcrumb\"},\"inLanguage\":\"de\",\"potentialAction\":[{\"@type\":\"ReadAction\",\"target\":[\"https:\\\/\\\/turijnmagazijn.nl\\\/de\\\/produkt\\\/kabelbaum-blinklicht-frontstosstange-alfa-147\\\/\"]}]},{\"@type\":\"ImageObject\",\"inLanguage\":\"de\",\"@id\":\"https:\\\/\\\/turijnmagazijn.nl\\\/de\\\/produkt\\\/kabelbaum-blinklicht-frontstosstange-alfa-147\\\/#primaryimage\",\"url\":\"https:\\\/\\\/turijnmagazijn.nl\\\/wp-content\\\/uploads\\\/2023\\\/03\\\/DK00100933_Kabelboom_knipperlicht_voorbumper_Alfa_147_3-1.jpg\",\"contentUrl\":\"https:\\\/\\\/turijnmagazijn.nl\\\/wp-content\\\/uploads\\\/2023\\\/03\\\/DK00100933_Kabelboom_knipperlicht_voorbumper_Alfa_147_3-1.jpg\",\"width\":800,\"height\":600},{\"@type\":\"BreadcrumbList\",\"@id\":\"https:\\\/\\\/turijnmagazijn.nl\\\/de\\\/produkt\\\/kabelbaum-blinklicht-frontstosstange-alfa-147\\\/#breadcrumb\",\"itemListElement\":[{\"@type\":\"ListItem\",\"position\":1,\"name\":\"Home\",\"item\":\"https:\\\/\\\/turijnmagazijn.nl\\\/de\\\/\"},{\"@type\":\"ListItem\",\"position\":2,\"name\":\"Produkte\",\"item\":\"https:\\\/\\\/turijnmagazijn.nl\\\/de\\\/shop\\\/\"},{\"@type\":\"ListItem\",\"position\":3,\"name\":\"Kabelbaum Blinklicht Frontsto\u00dfstange Alfa 147\"}]},{\"@type\":\"WebSite\",\"@id\":\"https:\\\/\\\/turijnmagazijn.jumpstone-dev.nl\\\/#website\",\"url\":\"https:\\\/\\\/turijnmagazijn.jumpstone-dev.nl\\\/\",\"name\":\"Turijnmagazijn\",\"description\":\"Onderdelen nieuw en gebruikt - Fiat &amp; Lancia\",\"publisher\":{\"@id\":\"https:\\\/\\\/turijnmagazijn.jumpstone-dev.nl\\\/#organization\"},\"potentialAction\":[{\"@type\":\"SearchAction\",\"target\":{\"@type\":\"EntryPoint\",\"urlTemplate\":\"https:\\\/\\\/turijnmagazijn.jumpstone-dev.nl\\\/?s={search_term_string}\"},\"query-input\":{\"@type\":\"PropertyValueSpecification\",\"valueRequired\":true,\"valueName\":\"search_term_string\"}}],\"inLanguage\":\"de\"},{\"@type\":\"Organization\",\"@id\":\"https:\\\/\\\/turijnmagazijn.jumpstone-dev.nl\\\/#organization\",\"name\":\"Turijnmagazijn\",\"url\":\"https:\\\/\\\/turijnmagazijn.jumpstone-dev.nl\\\/\",\"logo\":{\"@type\":\"ImageObject\",\"inLanguage\":\"de\",\"@id\":\"https:\\\/\\\/turijnmagazijn.jumpstone-dev.nl\\\/#\\\/schema\\\/logo\\\/image\\\/\",\"url\":\"https:\\\/\\\/turijnmagazijn.nl\\\/wp-content\\\/uploads\\\/2021\\\/02\\\/turijnmagazijnlogo.png\",\"contentUrl\":\"https:\\\/\\\/turijnmagazijn.nl\\\/wp-content\\\/uploads\\\/2021\\\/02\\\/turijnmagazijnlogo.png\",\"width\":555,\"height\":270,\"caption\":\"Turijnmagazijn\"},\"image\":{\"@id\":\"https:\\\/\\\/turijnmagazijn.jumpstone-dev.nl\\\/#\\\/schema\\\/logo\\\/image\\\/\"},\"sameAs\":[\"https:\\\/\\\/www.facebook.com\\\/turijnmagazijn\"]}]}<\/script>\n<!-- \/ Yoast SEO plugin. -->","yoast_head_json":{"title":"Kabelbaum Blinklicht Frontsto\u00dfstange Alfa 147 - Turijnmagazijn","robots":{"index":"index","follow":"follow","max-snippet":"max-snippet:-1","max-image-preview":"max-image-preview:large","max-video-preview":"max-video-preview:-1"},"canonical":"https:\/\/turijnmagazijn.nl\/de\/produkt\/kabelbaum-blinklicht-frontstosstange-alfa-147\/","og_locale":"de_DE","og_type":"article","og_title":"Kabelbaum Blinklicht Frontsto\u00dfstange Alfa 147 - Turijnmagazijn","og_description":"Kabelbaum vordere Sto\u00dfstange vordere Sto\u00dfstange Alfa 147 - Kabelbaum f\u00fcr Blinker in der vorderen Sto\u00dfstange.","og_url":"https:\/\/turijnmagazijn.nl\/de\/produkt\/kabelbaum-blinklicht-frontstosstange-alfa-147\/","og_site_name":"Turijnmagazijn","article_publisher":"https:\/\/www.facebook.com\/turijnmagazijn","article_modified_time":"2023-07-26T11:48:23+00:00","og_image":[{"width":800,"height":600,"url":"https:\/\/turijnmagazijn.jumpstone-dev.nl\/wp-content\/uploads\/2023\/03\/DK00100933_Kabelboom_knipperlicht_voorbumper_Alfa_147_3-1.jpg","type":"image\/jpeg"}],"twitter_card":"summary_large_image","schema":{"@context":"https:\/\/schema.org","@graph":[{"@type":"WebPage","@id":"https:\/\/turijnmagazijn.nl\/de\/produkt\/kabelbaum-blinklicht-frontstosstange-alfa-147\/","url":"https:\/\/turijnmagazijn.nl\/de\/produkt\/kabelbaum-blinklicht-frontstosstange-alfa-147\/","name":"Kabelbaum Blinklicht Frontsto\u00dfstange Alfa 147 - Turijnmagazijn","isPartOf":{"@id":"https:\/\/turijnmagazijn.jumpstone-dev.nl\/#website"},"primaryImageOfPage":{"@id":"https:\/\/turijnmagazijn.nl\/de\/produkt\/kabelbaum-blinklicht-frontstosstange-alfa-147\/#primaryimage"},"image":{"@id":"https:\/\/turijnmagazijn.nl\/de\/produkt\/kabelbaum-blinklicht-frontstosstange-alfa-147\/#primaryimage"},"thumbnailUrl":"https:\/\/turijnmagazijn.nl\/wp-content\/uploads\/2023\/03\/DK00100933_Kabelboom_knipperlicht_voorbumper_Alfa_147_3-1.jpg","datePublished":"2023-03-03T08:12:08+00:00","dateModified":"2023-07-26T11:48:23+00:00","breadcrumb":{"@id":"https:\/\/turijnmagazijn.nl\/de\/produkt\/kabelbaum-blinklicht-frontstosstange-alfa-147\/#breadcrumb"},"inLanguage":"de","potentialAction":[{"@type":"ReadAction","target":["https:\/\/turijnmagazijn.nl\/de\/produkt\/kabelbaum-blinklicht-frontstosstange-alfa-147\/"]}]},{"@type":"ImageObject","inLanguage":"de","@id":"https:\/\/turijnmagazijn.nl\/de\/produkt\/kabelbaum-blinklicht-frontstosstange-alfa-147\/#primaryimage","url":"https:\/\/turijnmagazijn.nl\/wp-content\/uploads\/2023\/03\/DK00100933_Kabelboom_knipperlicht_voorbumper_Alfa_147_3-1.jpg","contentUrl":"https:\/\/turijnmagazijn.nl\/wp-content\/uploads\/2023\/03\/DK00100933_Kabelboom_knipperlicht_voorbumper_Alfa_147_3-1.jpg","width":800,"height":600},{"@type":"BreadcrumbList","@id":"https:\/\/turijnmagazijn.nl\/de\/produkt\/kabelbaum-blinklicht-frontstosstange-alfa-147\/#breadcrumb","itemListElement":[{"@type":"ListItem","position":1,"name":"Home","item":"https:\/\/turijnmagazijn.nl\/de\/"},{"@type":"ListItem","position":2,"name":"Produkte","item":"https:\/\/turijnmagazijn.nl\/de\/shop\/"},{"@type":"ListItem","position":3,"name":"Kabelbaum Blinklicht Frontsto\u00dfstange Alfa 147"}]},{"@type":"WebSite","@id":"https:\/\/turijnmagazijn.jumpstone-dev.nl\/#website","url":"https:\/\/turijnmagazijn.jumpstone-dev.nl\/","name":"Turijnmagazijn","description":"Onderdelen nieuw en gebruikt - Fiat &amp; Lancia","publisher":{"@id":"https:\/\/turijnmagazijn.jumpstone-dev.nl\/#organization"},"potentialAction":[{"@type":"SearchAction","target":{"@type":"EntryPoint","urlTemplate":"https:\/\/turijnmagazijn.jumpstone-dev.nl\/?s={search_term_string}"},"query-input":{"@type":"PropertyValueSpecification","valueRequired":true,"valueName":"search_term_string"}}],"inLanguage":"de"},{"@type":"Organization","@id":"https:\/\/turijnmagazijn.jumpstone-dev.nl\/#organization","name":"Turijnmagazijn","url":"https:\/\/turijnmagazijn.jumpstone-dev.nl\/","logo":{"@type":"ImageObject","inLanguage":"de","@id":"https:\/\/turijnmagazijn.jumpstone-dev.nl\/#\/schema\/logo\/image\/","url":"https:\/\/turijnmagazijn.nl\/wp-content\/uploads\/2021\/02\/turijnmagazijnlogo.png","contentUrl":"https:\/\/turijnmagazijn.nl\/wp-content\/uploads\/2021\/02\/turijnmagazijnlogo.png","width":555,"height":270,"caption":"Turijnmagazijn"},"image":{"@id":"https:\/\/turijnmagazijn.jumpstone-dev.nl\/#\/schema\/logo\/image\/"},"sameAs":["https:\/\/www.facebook.com\/turijnmagazijn"]}]}},"_links":{"self":[{"href":"https:\/\/turijnmagazijn.nl\/de\/wp-json\/wp\/v2\/product\/63066","targetHints":{"allow":["GET"]}}],"collection":[{"href":"https:\/\/turijnmagazijn.nl\/de\/wp-json\/wp\/v2\/product"}],"about":[{"href":"https:\/\/turijnmagazijn.nl\/de\/wp-json\/wp\/v2\/types\/product"}],"replies":[{"embeddable":true,"href":"https:\/\/turijnmagazijn.nl\/de\/wp-json\/wp\/v2\/comments?post=63066"}],"wp:featuredmedia":[{"embeddable":true,"href":"https:\/\/turijnmagazijn.nl\/de\/wp-json\/wp\/v2\/media\/38281"}],"wp:attachment":[{"href":"https:\/\/turijnmagazijn.nl\/de\/wp-json\/wp\/v2\/media?parent=63066"}],"wp:term":[{"taxonomy":"product_brand","embeddable":true,"href":"https:\/\/turijnmagazijn.nl\/de\/wp-json\/wp\/v2\/product_brand?post=63066"},{"taxonomy":"product_cat","embeddable":true,"href":"https:\/\/turijnmagazijn.nl\/de\/wp-json\/wp\/v2\/product_cat?post=63066"},{"taxonomy":"product_tag","embeddable":true,"href":"https:\/\/turijnmagazijn.nl\/de\/wp-json\/wp\/v2\/product_tag?post=63066"}],"curies":[{"name":"wp","href":"https:\/\/api.w.org\/{rel}","templated":true}]}}