{"id":63085,"date":"2023-03-03T09:12:08","date_gmt":"2023-03-03T08:12:08","guid":{"rendered":"https:\/\/turijnmagazijn.nl\/product\/oeldrucksensor-alfa-romeo-und-fiat\/"},"modified":"2024-04-22T22:17:56","modified_gmt":"2024-04-22T20:17:56","slug":"oldrucksensor-alpha-romeo-de-fiat-2","status":"publish","type":"product","link":"https:\/\/turijnmagazijn.nl\/de\/produkt\/oldrucksensor-alpha-romeo-de-fiat-2\/","title":{"rendered":"\u00d6ldrucksensor Alfa Romeo und Fiat"},"content":{"rendered":"<p><a style=\"background-color: #ffffff; color: #23527c; outline: 0px;\" href=\"https:\/\/turijnmagazijn.nl\/brievenbusverzending\/\" target=\"\" rel=\"noopener\"><img decoding=\"async\" src=\"https:\/\/www.delenkorf.nl\/image\/catalog\/brievenbus.png\"><\/a><\/p>\n<p>\u00d6ldrucksensor von Sipea weit verbreitet in Modellen von Alfa Romeo und Fiat. Dieses Aggregat stammt von einem Alfa Romeo 156 aus dem Jahr 1998 mit einem 1.8 Twin Spark Benzinmotor. Der Sensor ist f\u00fcr eine breite Palette von Typen geeignet:<\/p>\n<ul>\n<li>Fiat <span style=\"text-align: justify;\">COUPE 1.8 2.0 16v &amp; 20v &amp; Turbo.<\/span><\/li>\n<\/ul>\n<ul>\n<li><span style=\"text-align: justify;\">Alfa Romeo <\/span><span style=\"text-align: justify;\">147 1.6 2.0 Twin Spark 3.2 GTA 1.9Jtd und <\/span> <\/li>\n<\/ul>\n<ul>\n<li><span style=\"text-align: justify;\">Alfa Romeo 156 1.6 1.8 2.0 TwinSpark 2.5 V6 3.2 GTA 1.9Jtd 2.4Jtd und  <\/span><\/li>\n<\/ul>\n<ul>\n<li><span style=\"text-align: justify;\">Alfa Romeo 1<\/span><span style=\"text-align: justify;\">59 1.9Jtdm 8v &amp; 16v 2.4Jtdm und <\/span> <\/li>\n<\/ul>\n<ul>\n<li><span style=\"text-align: justify;\">Alfa Romeo 166 2.0 TS 2.5 3.0 3.2 V6 2.4Jtd und  <\/span><\/li>\n<\/ul>\n<ul>\n<li><span style=\"text-align: justify;\">Alfa Romeo Alfa GT 1.8 TS 2.0JTS 3.2 GTA 1.9Jtd und  <\/span><\/li>\n<\/ul>\n<ul>\n<li><span style=\"text-align: justify;\">Alfa Romeo GTV (916) 1.8 2.0 TwinSpark 2.0JTS 3.0 3.2 V6 und  <\/span><\/li>\n<\/ul>\n<ul>\n<li><span style=\"text-align: justify;\">Alfa Romeo MITO 1.4 tb 1.6Jtdm und  <\/span><\/li>\n<\/ul>\n<ul>\n<li><span style=\"text-align: justify;\">Alfa Romeo SPIDER (916) 1.8 2.0 TwinSpark 2.0Jts 3.0 3.2 V6 2.4Jtdm<\/span><\/li>\n<\/ul>\n<p><span style=\"text-align: justify;\">OEM-Nummer Alfa Romeo und Fiat <\/span>7705830<\/p>\n<p>Teil Nummer 1 auf der technischen Zeichnung von EPER Zeichnungsnummer 1030100004. Eine Kopie pro Auto erforderlich.<\/p>\n","protected":false},"excerpt":{"rendered":"<p>\u00d6ldrucksensor Alfa Romeo und Fiat &#8211; \u00d6ldrucksensor weit verbreitet in Modellen von Alfa Romeo und Fiat.\u00d6ldrucksensor Alfa Romeo und Fiat &#8211; \u00d6ldrucksensor von Sipea weit verbreitet in Modellen von Alfa Romeo und Fiat.<\/p>\n","protected":false},"featured_media":35981,"comment_status":"open","ping_status":"closed","template":"","meta":{"_acf_changed":false},"product_brand":[],"product_cat":[1605,1616,1651,1584],"product_tag":[],"class_list":{"0":"post-63085","1":"product","2":"type-product","3":"status-publish","4":"has-post-thumbnail","6":"product_cat-147-937-de","7":"product_cat-156-932-de","8":"product_cat-166-936-de","9":"product_cat-alfa-romeo-de","10":"pa_soort-onderdeel-motor-und-zubehor","12":"first","13":"instock","14":"shipping-taxable","15":"purchasable","16":"product-type-simple"},"acf":[],"yoast_head":"<!-- This site is optimized with the Yoast SEO plugin v27.2 - https:\/\/yoast.com\/product\/yoast-seo-wordpress\/ -->\n<title>\u00d6ldrucksensor Alfa Romeo und Fiat - Turijnmagazijn<\/title>\n<meta name=\"robots\" content=\"index, follow, max-snippet:-1, max-image-preview:large, max-video-preview:-1\" \/>\n<link rel=\"canonical\" href=\"https:\/\/turijnmagazijn.nl\/de\/produkt\/oldrucksensor-alpha-romeo-de-fiat-2\/\" \/>\n<meta property=\"og:locale\" content=\"de_DE\" \/>\n<meta property=\"og:type\" content=\"article\" \/>\n<meta property=\"og:title\" content=\"\u00d6ldrucksensor Alfa Romeo und Fiat - Turijnmagazijn\" \/>\n<meta property=\"og:description\" content=\"\u00d6ldrucksensor Alfa Romeo und Fiat - \u00d6ldrucksensor weit verbreitet in Modellen von Alfa Romeo und Fiat.\u00d6ldrucksensor Alfa Romeo und Fiat - \u00d6ldrucksensor von Sipea weit verbreitet in Modellen von Alfa Romeo und Fiat.\" \/>\n<meta property=\"og:url\" content=\"https:\/\/turijnmagazijn.nl\/de\/produkt\/oldrucksensor-alpha-romeo-de-fiat-2\/\" \/>\n<meta property=\"og:site_name\" content=\"Turijnmagazijn\" \/>\n<meta property=\"article:publisher\" content=\"https:\/\/www.facebook.com\/turijnmagazijn\" \/>\n<meta property=\"article:modified_time\" content=\"2024-04-22T20:17:56+00:00\" \/>\n<meta property=\"og:image\" content=\"https:\/\/turijnmagazijn.nl\/wp-content\/uploads\/2023\/03\/oliedruksensor-alfa-romeo-en-fiat-961.jpg\" \/>\n\t<meta property=\"og:image:width\" content=\"1440\" \/>\n\t<meta property=\"og:image:height\" content=\"1080\" \/>\n\t<meta property=\"og:image:type\" content=\"image\/jpeg\" \/>\n<meta name=\"twitter:card\" content=\"summary_large_image\" \/>\n<meta name=\"twitter:label1\" content=\"Gesch\u00e4tzte Lesezeit\" \/>\n\t<meta name=\"twitter:data1\" content=\"1\u00a0Minute\" \/>\n<script type=\"application\/ld+json\" class=\"yoast-schema-graph\">{\"@context\":\"https:\/\/schema.org\",\"@graph\":[{\"@type\":\"WebPage\",\"@id\":\"https:\/\/turijnmagazijn.nl\/de\/produkt\/oldrucksensor-alpha-romeo-de-fiat-2\/\",\"url\":\"https:\/\/turijnmagazijn.nl\/de\/produkt\/oldrucksensor-alpha-romeo-de-fiat-2\/\",\"name\":\"\u00d6ldrucksensor Alfa Romeo und Fiat - Turijnmagazijn\",\"isPartOf\":{\"@id\":\"https:\/\/turijnmagazijn.jumpstone-dev.nl\/#website\"},\"primaryImageOfPage\":{\"@id\":\"https:\/\/turijnmagazijn.nl\/de\/produkt\/oldrucksensor-alpha-romeo-de-fiat-2\/#primaryimage\"},\"image\":{\"@id\":\"https:\/\/turijnmagazijn.nl\/de\/produkt\/oldrucksensor-alpha-romeo-de-fiat-2\/#primaryimage\"},\"thumbnailUrl\":\"https:\/\/turijnmagazijn.nl\/wp-content\/uploads\/2023\/03\/oliedruksensor-alfa-romeo-en-fiat-961.jpg\",\"datePublished\":\"2023-03-03T08:12:08+00:00\",\"dateModified\":\"2024-04-22T20:17:56+00:00\",\"breadcrumb\":{\"@id\":\"https:\/\/turijnmagazijn.nl\/de\/produkt\/oldrucksensor-alpha-romeo-de-fiat-2\/#breadcrumb\"},\"inLanguage\":\"de\",\"potentialAction\":[{\"@type\":\"ReadAction\",\"target\":[\"https:\/\/turijnmagazijn.nl\/de\/produkt\/oldrucksensor-alpha-romeo-de-fiat-2\/\"]}]},{\"@type\":\"ImageObject\",\"inLanguage\":\"de\",\"@id\":\"https:\/\/turijnmagazijn.nl\/de\/produkt\/oldrucksensor-alpha-romeo-de-fiat-2\/#primaryimage\",\"url\":\"https:\/\/turijnmagazijn.nl\/wp-content\/uploads\/2023\/03\/oliedruksensor-alfa-romeo-en-fiat-961.jpg\",\"contentUrl\":\"https:\/\/turijnmagazijn.nl\/wp-content\/uploads\/2023\/03\/oliedruksensor-alfa-romeo-en-fiat-961.jpg\",\"width\":1440,\"height\":1080},{\"@type\":\"BreadcrumbList\",\"@id\":\"https:\/\/turijnmagazijn.nl\/de\/produkt\/oldrucksensor-alpha-romeo-de-fiat-2\/#breadcrumb\",\"itemListElement\":[{\"@type\":\"ListItem\",\"position\":1,\"name\":\"Home\",\"item\":\"https:\/\/turijnmagazijn.nl\/de\/\"},{\"@type\":\"ListItem\",\"position\":2,\"name\":\"Produkte\",\"item\":\"https:\/\/turijnmagazijn.nl\/de\/shop\/\"},{\"@type\":\"ListItem\",\"position\":3,\"name\":\"\u00d6ldrucksensor Alfa Romeo und Fiat\"}]},{\"@type\":\"WebSite\",\"@id\":\"https:\/\/turijnmagazijn.jumpstone-dev.nl\/#website\",\"url\":\"https:\/\/turijnmagazijn.jumpstone-dev.nl\/\",\"name\":\"Turijnmagazijn\",\"description\":\"Onderdelen nieuw en gebruikt - Fiat &amp; Lancia\",\"publisher\":{\"@id\":\"https:\/\/turijnmagazijn.jumpstone-dev.nl\/#organization\"},\"potentialAction\":[{\"@type\":\"SearchAction\",\"target\":{\"@type\":\"EntryPoint\",\"urlTemplate\":\"https:\/\/turijnmagazijn.jumpstone-dev.nl\/?s={search_term_string}\"},\"query-input\":{\"@type\":\"PropertyValueSpecification\",\"valueRequired\":true,\"valueName\":\"search_term_string\"}}],\"inLanguage\":\"de\"},{\"@type\":\"Organization\",\"@id\":\"https:\/\/turijnmagazijn.jumpstone-dev.nl\/#organization\",\"name\":\"Turijnmagazijn\",\"url\":\"https:\/\/turijnmagazijn.jumpstone-dev.nl\/\",\"logo\":{\"@type\":\"ImageObject\",\"inLanguage\":\"de\",\"@id\":\"https:\/\/turijnmagazijn.jumpstone-dev.nl\/#\/schema\/logo\/image\/\",\"url\":\"https:\/\/turijnmagazijn.nl\/wp-content\/uploads\/2021\/02\/turijnmagazijnlogo.png\",\"contentUrl\":\"https:\/\/turijnmagazijn.nl\/wp-content\/uploads\/2021\/02\/turijnmagazijnlogo.png\",\"width\":555,\"height\":270,\"caption\":\"Turijnmagazijn\"},\"image\":{\"@id\":\"https:\/\/turijnmagazijn.jumpstone-dev.nl\/#\/schema\/logo\/image\/\"},\"sameAs\":[\"https:\/\/www.facebook.com\/turijnmagazijn\"]}]}<\/script>\n<!-- \/ Yoast SEO plugin. -->","yoast_head_json":{"title":"\u00d6ldrucksensor Alfa Romeo und Fiat - Turijnmagazijn","robots":{"index":"index","follow":"follow","max-snippet":"max-snippet:-1","max-image-preview":"max-image-preview:large","max-video-preview":"max-video-preview:-1"},"canonical":"https:\/\/turijnmagazijn.nl\/de\/produkt\/oldrucksensor-alpha-romeo-de-fiat-2\/","og_locale":"de_DE","og_type":"article","og_title":"\u00d6ldrucksensor Alfa Romeo und Fiat - Turijnmagazijn","og_description":"\u00d6ldrucksensor Alfa Romeo und Fiat - \u00d6ldrucksensor weit verbreitet in Modellen von Alfa Romeo und Fiat.\u00d6ldrucksensor Alfa Romeo und Fiat - \u00d6ldrucksensor von Sipea weit verbreitet in Modellen von Alfa Romeo und Fiat.","og_url":"https:\/\/turijnmagazijn.nl\/de\/produkt\/oldrucksensor-alpha-romeo-de-fiat-2\/","og_site_name":"Turijnmagazijn","article_publisher":"https:\/\/www.facebook.com\/turijnmagazijn","article_modified_time":"2024-04-22T20:17:56+00:00","og_image":[{"width":1440,"height":1080,"url":"https:\/\/turijnmagazijn.nl\/wp-content\/uploads\/2023\/03\/oliedruksensor-alfa-romeo-en-fiat-961.jpg","type":"image\/jpeg"}],"twitter_card":"summary_large_image","twitter_misc":{"Gesch\u00e4tzte Lesezeit":"1\u00a0Minute"},"schema":{"@context":"https:\/\/schema.org","@graph":[{"@type":"WebPage","@id":"https:\/\/turijnmagazijn.nl\/de\/produkt\/oldrucksensor-alpha-romeo-de-fiat-2\/","url":"https:\/\/turijnmagazijn.nl\/de\/produkt\/oldrucksensor-alpha-romeo-de-fiat-2\/","name":"\u00d6ldrucksensor Alfa Romeo und Fiat - Turijnmagazijn","isPartOf":{"@id":"https:\/\/turijnmagazijn.jumpstone-dev.nl\/#website"},"primaryImageOfPage":{"@id":"https:\/\/turijnmagazijn.nl\/de\/produkt\/oldrucksensor-alpha-romeo-de-fiat-2\/#primaryimage"},"image":{"@id":"https:\/\/turijnmagazijn.nl\/de\/produkt\/oldrucksensor-alpha-romeo-de-fiat-2\/#primaryimage"},"thumbnailUrl":"https:\/\/turijnmagazijn.nl\/wp-content\/uploads\/2023\/03\/oliedruksensor-alfa-romeo-en-fiat-961.jpg","datePublished":"2023-03-03T08:12:08+00:00","dateModified":"2024-04-22T20:17:56+00:00","breadcrumb":{"@id":"https:\/\/turijnmagazijn.nl\/de\/produkt\/oldrucksensor-alpha-romeo-de-fiat-2\/#breadcrumb"},"inLanguage":"de","potentialAction":[{"@type":"ReadAction","target":["https:\/\/turijnmagazijn.nl\/de\/produkt\/oldrucksensor-alpha-romeo-de-fiat-2\/"]}]},{"@type":"ImageObject","inLanguage":"de","@id":"https:\/\/turijnmagazijn.nl\/de\/produkt\/oldrucksensor-alpha-romeo-de-fiat-2\/#primaryimage","url":"https:\/\/turijnmagazijn.nl\/wp-content\/uploads\/2023\/03\/oliedruksensor-alfa-romeo-en-fiat-961.jpg","contentUrl":"https:\/\/turijnmagazijn.nl\/wp-content\/uploads\/2023\/03\/oliedruksensor-alfa-romeo-en-fiat-961.jpg","width":1440,"height":1080},{"@type":"BreadcrumbList","@id":"https:\/\/turijnmagazijn.nl\/de\/produkt\/oldrucksensor-alpha-romeo-de-fiat-2\/#breadcrumb","itemListElement":[{"@type":"ListItem","position":1,"name":"Home","item":"https:\/\/turijnmagazijn.nl\/de\/"},{"@type":"ListItem","position":2,"name":"Produkte","item":"https:\/\/turijnmagazijn.nl\/de\/shop\/"},{"@type":"ListItem","position":3,"name":"\u00d6ldrucksensor Alfa Romeo und Fiat"}]},{"@type":"WebSite","@id":"https:\/\/turijnmagazijn.jumpstone-dev.nl\/#website","url":"https:\/\/turijnmagazijn.jumpstone-dev.nl\/","name":"Turijnmagazijn","description":"Onderdelen nieuw en gebruikt - Fiat &amp; Lancia","publisher":{"@id":"https:\/\/turijnmagazijn.jumpstone-dev.nl\/#organization"},"potentialAction":[{"@type":"SearchAction","target":{"@type":"EntryPoint","urlTemplate":"https:\/\/turijnmagazijn.jumpstone-dev.nl\/?s={search_term_string}"},"query-input":{"@type":"PropertyValueSpecification","valueRequired":true,"valueName":"search_term_string"}}],"inLanguage":"de"},{"@type":"Organization","@id":"https:\/\/turijnmagazijn.jumpstone-dev.nl\/#organization","name":"Turijnmagazijn","url":"https:\/\/turijnmagazijn.jumpstone-dev.nl\/","logo":{"@type":"ImageObject","inLanguage":"de","@id":"https:\/\/turijnmagazijn.jumpstone-dev.nl\/#\/schema\/logo\/image\/","url":"https:\/\/turijnmagazijn.nl\/wp-content\/uploads\/2021\/02\/turijnmagazijnlogo.png","contentUrl":"https:\/\/turijnmagazijn.nl\/wp-content\/uploads\/2021\/02\/turijnmagazijnlogo.png","width":555,"height":270,"caption":"Turijnmagazijn"},"image":{"@id":"https:\/\/turijnmagazijn.jumpstone-dev.nl\/#\/schema\/logo\/image\/"},"sameAs":["https:\/\/www.facebook.com\/turijnmagazijn"]}]}},"_links":{"self":[{"href":"https:\/\/turijnmagazijn.nl\/de\/wp-json\/wp\/v2\/product\/63085","targetHints":{"allow":["GET"]}}],"collection":[{"href":"https:\/\/turijnmagazijn.nl\/de\/wp-json\/wp\/v2\/product"}],"about":[{"href":"https:\/\/turijnmagazijn.nl\/de\/wp-json\/wp\/v2\/types\/product"}],"replies":[{"embeddable":true,"href":"https:\/\/turijnmagazijn.nl\/de\/wp-json\/wp\/v2\/comments?post=63085"}],"wp:featuredmedia":[{"embeddable":true,"href":"https:\/\/turijnmagazijn.nl\/de\/wp-json\/wp\/v2\/media\/35981"}],"wp:attachment":[{"href":"https:\/\/turijnmagazijn.nl\/de\/wp-json\/wp\/v2\/media?parent=63085"}],"wp:term":[{"taxonomy":"product_brand","embeddable":true,"href":"https:\/\/turijnmagazijn.nl\/de\/wp-json\/wp\/v2\/product_brand?post=63085"},{"taxonomy":"product_cat","embeddable":true,"href":"https:\/\/turijnmagazijn.nl\/de\/wp-json\/wp\/v2\/product_cat?post=63085"},{"taxonomy":"product_tag","embeddable":true,"href":"https:\/\/turijnmagazijn.nl\/de\/wp-json\/wp\/v2\/product_tag?post=63085"}],"curies":[{"name":"wp","href":"https:\/\/api.w.org\/{rel}","templated":true}]}}