{"id":63094,"date":"2023-03-03T09:12:08","date_gmt":"2023-03-03T08:12:08","guid":{"rendered":"https:\/\/turijnmagazijn.nl\/product\/beifahrergurt-mitte-alfa-156\/"},"modified":"2023-07-26T13:48:29","modified_gmt":"2023-07-26T11:48:29","slug":"sicherheitsgurt-beifahrer-hinten-mid-alpha-156","status":"publish","type":"product","link":"https:\/\/turijnmagazijn.nl\/de\/produkt\/sicherheitsgurt-beifahrer-hinten-mid-alpha-156\/","title":{"rendered":"Beifahrergurt Mitte Alfa 156"},"content":{"rendered":"<p>Sicherheitsgurt f\u00fcr die R\u00fcckbank in der Mitte f\u00fcr Alfa Romeo 156 Limousine ohne Airbag-Sensor f\u00fcr den Gurtstraffer (Mitte). Es ist ein Beckengurt. Das Set besteht aus Komplett-, Riegel- und Endteil. Funktioniert gut. Stammt aus einer 156er Limousine aus dem Jahr 1998.<\/p>\n<p>Hersteller ist Alliiedsignal<\/p>\n<p>OEM-Nummer Alfa Romeo <span style=\"line-height: normal;\">10442084<\/span>&nbsp;DE<span style=\"line-height: normal;\">7670839<\/span>&nbsp;<\/p>\n<p>&nbsp;<\/p>\n","protected":false},"excerpt":{"rendered":"<p>Sicherheitsgurt hinter der Mitte Alfa Sicherheitsgurt f\u00fcr den R\u00fccksitz in der Mitte (Mitte). Gurtmitte hinten Alfa 156 &#8211; Sicherheitsgurt f\u00fcr den R\u00fccksitz in der Mitte f\u00fcr Alfa Romeo 156 Limousine ohne Airbagsensor f\u00fcr den Gurt Spa<\/p>\n","protected":false},"featured_media":38325,"comment_status":"open","ping_status":"closed","template":"","meta":{"_acf_changed":false},"product_brand":[],"product_cat":[1616,1584],"product_tag":[],"class_list":{"0":"post-63094","1":"product","2":"type-product","3":"status-publish","4":"has-post-thumbnail","6":"product_cat-156-932-de","7":"product_cat-alfa-romeo-de","8":"pa_soort-onderdeel-interieur-und-polsterung","9":"pa_soort-onderdeel-motor-und-zubehor","11":"first","12":"instock","13":"shipping-taxable","14":"purchasable","15":"product-type-simple"},"acf":[],"yoast_head":"<!-- This site is optimized with the Yoast SEO plugin v27.3 - https:\/\/yoast.com\/product\/yoast-seo-wordpress\/ -->\n<title>Beifahrergurt Mitte Alfa 156 - Turijnmagazijn<\/title>\n<meta name=\"robots\" content=\"index, follow, max-snippet:-1, max-image-preview:large, max-video-preview:-1\" \/>\n<link rel=\"canonical\" href=\"https:\/\/turijnmagazijn.nl\/de\/produkt\/sicherheitsgurt-beifahrer-hinten-mid-alpha-156\/\" \/>\n<meta property=\"og:locale\" content=\"de_DE\" \/>\n<meta property=\"og:type\" content=\"article\" \/>\n<meta property=\"og:title\" content=\"Beifahrergurt Mitte Alfa 156 - Turijnmagazijn\" \/>\n<meta property=\"og:description\" content=\"Sicherheitsgurt hinter der Mitte Alfa Sicherheitsgurt f\u00fcr den R\u00fccksitz in der Mitte (Mitte). Gurtmitte hinten Alfa 156 - Sicherheitsgurt f\u00fcr den R\u00fccksitz in der Mitte f\u00fcr Alfa Romeo 156 Limousine ohne Airbagsensor f\u00fcr den Gurt Spa\" \/>\n<meta property=\"og:url\" content=\"https:\/\/turijnmagazijn.nl\/de\/produkt\/sicherheitsgurt-beifahrer-hinten-mid-alpha-156\/\" \/>\n<meta property=\"og:site_name\" content=\"Turijnmagazijn\" \/>\n<meta property=\"article:publisher\" content=\"https:\/\/www.facebook.com\/turijnmagazijn\" \/>\n<meta property=\"article:modified_time\" content=\"2023-07-26T11:48:29+00:00\" \/>\n<meta property=\"og:image\" content=\"https:\/\/turijnmagazijn.jumpstone-dev.nl\/wp-content\/uploads\/2023\/03\/DK0010094020Veiligheidsgordel20achter20midden20Alfa20156202.jpg\" \/>\n\t<meta property=\"og:image:width\" content=\"800\" \/>\n\t<meta property=\"og:image:height\" content=\"600\" \/>\n\t<meta property=\"og:image:type\" content=\"image\/jpeg\" \/>\n<meta name=\"twitter:card\" content=\"summary_large_image\" \/>\n<script type=\"application\/ld+json\" class=\"yoast-schema-graph\">{\"@context\":\"https:\\\/\\\/schema.org\",\"@graph\":[{\"@type\":\"WebPage\",\"@id\":\"https:\\\/\\\/turijnmagazijn.nl\\\/de\\\/produkt\\\/sicherheitsgurt-beifahrer-hinten-mid-alpha-156\\\/\",\"url\":\"https:\\\/\\\/turijnmagazijn.nl\\\/de\\\/produkt\\\/sicherheitsgurt-beifahrer-hinten-mid-alpha-156\\\/\",\"name\":\"Beifahrergurt Mitte Alfa 156 - Turijnmagazijn\",\"isPartOf\":{\"@id\":\"https:\\\/\\\/turijnmagazijn.jumpstone-dev.nl\\\/#website\"},\"primaryImageOfPage\":{\"@id\":\"https:\\\/\\\/turijnmagazijn.nl\\\/de\\\/produkt\\\/sicherheitsgurt-beifahrer-hinten-mid-alpha-156\\\/#primaryimage\"},\"image\":{\"@id\":\"https:\\\/\\\/turijnmagazijn.nl\\\/de\\\/produkt\\\/sicherheitsgurt-beifahrer-hinten-mid-alpha-156\\\/#primaryimage\"},\"thumbnailUrl\":\"https:\\\/\\\/turijnmagazijn.nl\\\/wp-content\\\/uploads\\\/2023\\\/03\\\/DK0010094020Veiligheidsgordel20achter20midden20Alfa20156202.jpg\",\"datePublished\":\"2023-03-03T08:12:08+00:00\",\"dateModified\":\"2023-07-26T11:48:29+00:00\",\"breadcrumb\":{\"@id\":\"https:\\\/\\\/turijnmagazijn.nl\\\/de\\\/produkt\\\/sicherheitsgurt-beifahrer-hinten-mid-alpha-156\\\/#breadcrumb\"},\"inLanguage\":\"de\",\"potentialAction\":[{\"@type\":\"ReadAction\",\"target\":[\"https:\\\/\\\/turijnmagazijn.nl\\\/de\\\/produkt\\\/sicherheitsgurt-beifahrer-hinten-mid-alpha-156\\\/\"]}]},{\"@type\":\"ImageObject\",\"inLanguage\":\"de\",\"@id\":\"https:\\\/\\\/turijnmagazijn.nl\\\/de\\\/produkt\\\/sicherheitsgurt-beifahrer-hinten-mid-alpha-156\\\/#primaryimage\",\"url\":\"https:\\\/\\\/turijnmagazijn.nl\\\/wp-content\\\/uploads\\\/2023\\\/03\\\/DK0010094020Veiligheidsgordel20achter20midden20Alfa20156202.jpg\",\"contentUrl\":\"https:\\\/\\\/turijnmagazijn.nl\\\/wp-content\\\/uploads\\\/2023\\\/03\\\/DK0010094020Veiligheidsgordel20achter20midden20Alfa20156202.jpg\",\"width\":800,\"height\":600},{\"@type\":\"BreadcrumbList\",\"@id\":\"https:\\\/\\\/turijnmagazijn.nl\\\/de\\\/produkt\\\/sicherheitsgurt-beifahrer-hinten-mid-alpha-156\\\/#breadcrumb\",\"itemListElement\":[{\"@type\":\"ListItem\",\"position\":1,\"name\":\"Home\",\"item\":\"https:\\\/\\\/turijnmagazijn.nl\\\/de\\\/\"},{\"@type\":\"ListItem\",\"position\":2,\"name\":\"Produkte\",\"item\":\"https:\\\/\\\/turijnmagazijn.nl\\\/de\\\/shop\\\/\"},{\"@type\":\"ListItem\",\"position\":3,\"name\":\"Beifahrergurt Mitte Alfa 156\"}]},{\"@type\":\"WebSite\",\"@id\":\"https:\\\/\\\/turijnmagazijn.jumpstone-dev.nl\\\/#website\",\"url\":\"https:\\\/\\\/turijnmagazijn.jumpstone-dev.nl\\\/\",\"name\":\"Turijnmagazijn\",\"description\":\"Onderdelen nieuw en gebruikt - Fiat &amp; Lancia\",\"publisher\":{\"@id\":\"https:\\\/\\\/turijnmagazijn.jumpstone-dev.nl\\\/#organization\"},\"potentialAction\":[{\"@type\":\"SearchAction\",\"target\":{\"@type\":\"EntryPoint\",\"urlTemplate\":\"https:\\\/\\\/turijnmagazijn.jumpstone-dev.nl\\\/?s={search_term_string}\"},\"query-input\":{\"@type\":\"PropertyValueSpecification\",\"valueRequired\":true,\"valueName\":\"search_term_string\"}}],\"inLanguage\":\"de\"},{\"@type\":\"Organization\",\"@id\":\"https:\\\/\\\/turijnmagazijn.jumpstone-dev.nl\\\/#organization\",\"name\":\"Turijnmagazijn\",\"url\":\"https:\\\/\\\/turijnmagazijn.jumpstone-dev.nl\\\/\",\"logo\":{\"@type\":\"ImageObject\",\"inLanguage\":\"de\",\"@id\":\"https:\\\/\\\/turijnmagazijn.jumpstone-dev.nl\\\/#\\\/schema\\\/logo\\\/image\\\/\",\"url\":\"https:\\\/\\\/turijnmagazijn.nl\\\/wp-content\\\/uploads\\\/2021\\\/02\\\/turijnmagazijnlogo.png\",\"contentUrl\":\"https:\\\/\\\/turijnmagazijn.nl\\\/wp-content\\\/uploads\\\/2021\\\/02\\\/turijnmagazijnlogo.png\",\"width\":555,\"height\":270,\"caption\":\"Turijnmagazijn\"},\"image\":{\"@id\":\"https:\\\/\\\/turijnmagazijn.jumpstone-dev.nl\\\/#\\\/schema\\\/logo\\\/image\\\/\"},\"sameAs\":[\"https:\\\/\\\/www.facebook.com\\\/turijnmagazijn\"]}]}<\/script>\n<!-- \/ Yoast SEO plugin. -->","yoast_head_json":{"title":"Beifahrergurt Mitte Alfa 156 - Turijnmagazijn","robots":{"index":"index","follow":"follow","max-snippet":"max-snippet:-1","max-image-preview":"max-image-preview:large","max-video-preview":"max-video-preview:-1"},"canonical":"https:\/\/turijnmagazijn.nl\/de\/produkt\/sicherheitsgurt-beifahrer-hinten-mid-alpha-156\/","og_locale":"de_DE","og_type":"article","og_title":"Beifahrergurt Mitte Alfa 156 - Turijnmagazijn","og_description":"Sicherheitsgurt hinter der Mitte Alfa Sicherheitsgurt f\u00fcr den R\u00fccksitz in der Mitte (Mitte). Gurtmitte hinten Alfa 156 - Sicherheitsgurt f\u00fcr den R\u00fccksitz in der Mitte f\u00fcr Alfa Romeo 156 Limousine ohne Airbagsensor f\u00fcr den Gurt Spa","og_url":"https:\/\/turijnmagazijn.nl\/de\/produkt\/sicherheitsgurt-beifahrer-hinten-mid-alpha-156\/","og_site_name":"Turijnmagazijn","article_publisher":"https:\/\/www.facebook.com\/turijnmagazijn","article_modified_time":"2023-07-26T11:48:29+00:00","og_image":[{"width":800,"height":600,"url":"https:\/\/turijnmagazijn.jumpstone-dev.nl\/wp-content\/uploads\/2023\/03\/DK0010094020Veiligheidsgordel20achter20midden20Alfa20156202.jpg","type":"image\/jpeg"}],"twitter_card":"summary_large_image","schema":{"@context":"https:\/\/schema.org","@graph":[{"@type":"WebPage","@id":"https:\/\/turijnmagazijn.nl\/de\/produkt\/sicherheitsgurt-beifahrer-hinten-mid-alpha-156\/","url":"https:\/\/turijnmagazijn.nl\/de\/produkt\/sicherheitsgurt-beifahrer-hinten-mid-alpha-156\/","name":"Beifahrergurt Mitte Alfa 156 - Turijnmagazijn","isPartOf":{"@id":"https:\/\/turijnmagazijn.jumpstone-dev.nl\/#website"},"primaryImageOfPage":{"@id":"https:\/\/turijnmagazijn.nl\/de\/produkt\/sicherheitsgurt-beifahrer-hinten-mid-alpha-156\/#primaryimage"},"image":{"@id":"https:\/\/turijnmagazijn.nl\/de\/produkt\/sicherheitsgurt-beifahrer-hinten-mid-alpha-156\/#primaryimage"},"thumbnailUrl":"https:\/\/turijnmagazijn.nl\/wp-content\/uploads\/2023\/03\/DK0010094020Veiligheidsgordel20achter20midden20Alfa20156202.jpg","datePublished":"2023-03-03T08:12:08+00:00","dateModified":"2023-07-26T11:48:29+00:00","breadcrumb":{"@id":"https:\/\/turijnmagazijn.nl\/de\/produkt\/sicherheitsgurt-beifahrer-hinten-mid-alpha-156\/#breadcrumb"},"inLanguage":"de","potentialAction":[{"@type":"ReadAction","target":["https:\/\/turijnmagazijn.nl\/de\/produkt\/sicherheitsgurt-beifahrer-hinten-mid-alpha-156\/"]}]},{"@type":"ImageObject","inLanguage":"de","@id":"https:\/\/turijnmagazijn.nl\/de\/produkt\/sicherheitsgurt-beifahrer-hinten-mid-alpha-156\/#primaryimage","url":"https:\/\/turijnmagazijn.nl\/wp-content\/uploads\/2023\/03\/DK0010094020Veiligheidsgordel20achter20midden20Alfa20156202.jpg","contentUrl":"https:\/\/turijnmagazijn.nl\/wp-content\/uploads\/2023\/03\/DK0010094020Veiligheidsgordel20achter20midden20Alfa20156202.jpg","width":800,"height":600},{"@type":"BreadcrumbList","@id":"https:\/\/turijnmagazijn.nl\/de\/produkt\/sicherheitsgurt-beifahrer-hinten-mid-alpha-156\/#breadcrumb","itemListElement":[{"@type":"ListItem","position":1,"name":"Home","item":"https:\/\/turijnmagazijn.nl\/de\/"},{"@type":"ListItem","position":2,"name":"Produkte","item":"https:\/\/turijnmagazijn.nl\/de\/shop\/"},{"@type":"ListItem","position":3,"name":"Beifahrergurt Mitte Alfa 156"}]},{"@type":"WebSite","@id":"https:\/\/turijnmagazijn.jumpstone-dev.nl\/#website","url":"https:\/\/turijnmagazijn.jumpstone-dev.nl\/","name":"Turijnmagazijn","description":"Onderdelen nieuw en gebruikt - Fiat &amp; Lancia","publisher":{"@id":"https:\/\/turijnmagazijn.jumpstone-dev.nl\/#organization"},"potentialAction":[{"@type":"SearchAction","target":{"@type":"EntryPoint","urlTemplate":"https:\/\/turijnmagazijn.jumpstone-dev.nl\/?s={search_term_string}"},"query-input":{"@type":"PropertyValueSpecification","valueRequired":true,"valueName":"search_term_string"}}],"inLanguage":"de"},{"@type":"Organization","@id":"https:\/\/turijnmagazijn.jumpstone-dev.nl\/#organization","name":"Turijnmagazijn","url":"https:\/\/turijnmagazijn.jumpstone-dev.nl\/","logo":{"@type":"ImageObject","inLanguage":"de","@id":"https:\/\/turijnmagazijn.jumpstone-dev.nl\/#\/schema\/logo\/image\/","url":"https:\/\/turijnmagazijn.nl\/wp-content\/uploads\/2021\/02\/turijnmagazijnlogo.png","contentUrl":"https:\/\/turijnmagazijn.nl\/wp-content\/uploads\/2021\/02\/turijnmagazijnlogo.png","width":555,"height":270,"caption":"Turijnmagazijn"},"image":{"@id":"https:\/\/turijnmagazijn.jumpstone-dev.nl\/#\/schema\/logo\/image\/"},"sameAs":["https:\/\/www.facebook.com\/turijnmagazijn"]}]}},"_links":{"self":[{"href":"https:\/\/turijnmagazijn.nl\/de\/wp-json\/wp\/v2\/product\/63094","targetHints":{"allow":["GET"]}}],"collection":[{"href":"https:\/\/turijnmagazijn.nl\/de\/wp-json\/wp\/v2\/product"}],"about":[{"href":"https:\/\/turijnmagazijn.nl\/de\/wp-json\/wp\/v2\/types\/product"}],"replies":[{"embeddable":true,"href":"https:\/\/turijnmagazijn.nl\/de\/wp-json\/wp\/v2\/comments?post=63094"}],"wp:featuredmedia":[{"embeddable":true,"href":"https:\/\/turijnmagazijn.nl\/de\/wp-json\/wp\/v2\/media\/38325"}],"wp:attachment":[{"href":"https:\/\/turijnmagazijn.nl\/de\/wp-json\/wp\/v2\/media?parent=63094"}],"wp:term":[{"taxonomy":"product_brand","embeddable":true,"href":"https:\/\/turijnmagazijn.nl\/de\/wp-json\/wp\/v2\/product_brand?post=63094"},{"taxonomy":"product_cat","embeddable":true,"href":"https:\/\/turijnmagazijn.nl\/de\/wp-json\/wp\/v2\/product_cat?post=63094"},{"taxonomy":"product_tag","embeddable":true,"href":"https:\/\/turijnmagazijn.nl\/de\/wp-json\/wp\/v2\/product_tag?post=63094"}],"curies":[{"name":"wp","href":"https:\/\/api.w.org\/{rel}","templated":true}]}}