{"id":63096,"date":"2023-03-03T09:12:27","date_gmt":"2023-03-03T08:12:27","guid":{"rendered":"https:\/\/turijnmagazijn.nl\/product\/maf-alfa-1-9-jtd\/"},"modified":"2023-07-26T13:48:29","modified_gmt":"2023-07-26T11:48:29","slug":"luftmassenmesser-alpha-1-9-jtd","status":"publish","type":"product","link":"https:\/\/turijnmagazijn.nl\/de\/produkt\/luftmassenmesser-alpha-1-9-jtd\/","title":{"rendered":"MAF Alfa 1.9 JTD"},"content":{"rendered":"<p style=\"font-size: 13px; line-height: 20.8000011444092px;\">Luftmassenmesser f\u00fcr Alfa Romeo 156 gilt f\u00fcr die TS-Benzinmotoren 1.6 \/ 1.8 \/ 2.0 und JTD-Motoren 1.9 und 2.4. \u00dcberpr\u00fcfen Sie immer die Anwendbarkeit Ihres Autos \u00fcber EPER, denn es gibt verschiedene Baureihen des JTD mit unterschiedlichen Massenmessern!<\/p>\n<p style=\"font-size: 13px; line-height: 20.8000011444092px;\">Ausgestattet mit 5-poliger Steckverbindung.&nbsp;<span style=\"line-height: 1.6em;\">Der Massemesser stammt von einem <\/span><span style=\"line-height: 20.8000011444092px;\">Alfa Romeo 156 1.9 JTD&nbsp;<\/span><span style=\"line-height: 1.6em;\">ab Baujahr 1999. Der Massenmesser funktionierte gut. Ein gut funktionierender Luftmassenmesser ist f\u00fcr einen reibungslosen Motorablauf unerl\u00e4sslich. In vielen F\u00e4llen ist ein defektes Massenmessger\u00e4t die Ursache&nbsp;f\u00fcr&nbsp;einen stotternden Motor.&nbsp;<\/span><\/p>\n<p>Ein neuer Luftmassenmesser kostet \u00fcber den H\u00e4ndler mehr als 150 Euro.<\/p>\n<p>Der Hersteller des Ger\u00e4tes ist Bosch.<br \/>\nBeschriftungen: Bosch-Teilenummer 0281002309<\/p>\n<p>OEM-Nummer Alfa Romeo&nbsp;<span style=\"color: rgb(6, 45, 104); text-transform: uppercase; line-height: normal; font-family: Verdana; font-size: 10px; background-color: rgb(229, 229, 229);\">46407008<\/span><\/p>\n","protected":false},"excerpt":{"rendered":"<p>Luftmassenmesser Alfa 1.9 JTD &#8211; Luftmassenmesser f\u00fcr Alfa Romeo 156 f\u00fcr die TS-Benzinmotoren 1.<\/p>\n","protected":false},"featured_media":38389,"comment_status":"open","ping_status":"closed","template":"","meta":{"_acf_changed":false},"product_brand":[],"product_cat":[1616,1584],"product_tag":[],"class_list":{"0":"post-63096","1":"product","2":"type-product","3":"status-publish","4":"has-post-thumbnail","6":"product_cat-156-932-de","7":"product_cat-alfa-romeo-de","8":"pa_soort-onderdeel-karosserie-und-blech","9":"pa_soort-onderdeel-motor-und-zubehor","11":"first","12":"instock","13":"shipping-taxable","14":"purchasable","15":"product-type-simple"},"acf":[],"yoast_head":"<!-- This site is optimized with the Yoast SEO plugin v27.3 - https:\/\/yoast.com\/product\/yoast-seo-wordpress\/ -->\n<title>MAF Alfa 1.9 JTD - Turijnmagazijn<\/title>\n<meta name=\"robots\" content=\"index, follow, max-snippet:-1, max-image-preview:large, max-video-preview:-1\" \/>\n<link rel=\"canonical\" href=\"https:\/\/turijnmagazijn.nl\/de\/produkt\/luftmassenmesser-alpha-1-9-jtd\/\" \/>\n<meta property=\"og:locale\" content=\"de_DE\" \/>\n<meta property=\"og:type\" content=\"article\" \/>\n<meta property=\"og:title\" content=\"MAF Alfa 1.9 JTD - Turijnmagazijn\" \/>\n<meta property=\"og:description\" content=\"Luftmassenmesser Alfa 1.9 JTD - Luftmassenmesser f\u00fcr Alfa Romeo 156 f\u00fcr die TS-Benzinmotoren 1.\" \/>\n<meta property=\"og:url\" content=\"https:\/\/turijnmagazijn.nl\/de\/produkt\/luftmassenmesser-alpha-1-9-jtd\/\" \/>\n<meta property=\"og:site_name\" content=\"Turijnmagazijn\" \/>\n<meta property=\"article:publisher\" content=\"https:\/\/www.facebook.com\/turijnmagazijn\" \/>\n<meta property=\"article:modified_time\" content=\"2023-07-26T11:48:29+00:00\" \/>\n<meta property=\"og:image\" content=\"https:\/\/turijnmagazijn.jumpstone-dev.nl\/wp-content\/uploads\/2023\/03\/luchtmassameter-alfa-156-416.jpg\" \/>\n\t<meta property=\"og:image:width\" content=\"1440\" \/>\n\t<meta property=\"og:image:height\" content=\"1080\" \/>\n\t<meta property=\"og:image:type\" content=\"image\/jpeg\" \/>\n<meta name=\"twitter:card\" content=\"summary_large_image\" \/>\n<meta name=\"twitter:label1\" content=\"Gesch\u00e4tzte Lesezeit\" \/>\n\t<meta name=\"twitter:data1\" content=\"1\u00a0Minute\" \/>\n<script type=\"application\/ld+json\" class=\"yoast-schema-graph\">{\"@context\":\"https:\\\/\\\/schema.org\",\"@graph\":[{\"@type\":\"WebPage\",\"@id\":\"https:\\\/\\\/turijnmagazijn.nl\\\/de\\\/produkt\\\/luftmassenmesser-alpha-1-9-jtd\\\/\",\"url\":\"https:\\\/\\\/turijnmagazijn.nl\\\/de\\\/produkt\\\/luftmassenmesser-alpha-1-9-jtd\\\/\",\"name\":\"MAF Alfa 1.9 JTD - Turijnmagazijn\",\"isPartOf\":{\"@id\":\"https:\\\/\\\/turijnmagazijn.jumpstone-dev.nl\\\/#website\"},\"primaryImageOfPage\":{\"@id\":\"https:\\\/\\\/turijnmagazijn.nl\\\/de\\\/produkt\\\/luftmassenmesser-alpha-1-9-jtd\\\/#primaryimage\"},\"image\":{\"@id\":\"https:\\\/\\\/turijnmagazijn.nl\\\/de\\\/produkt\\\/luftmassenmesser-alpha-1-9-jtd\\\/#primaryimage\"},\"thumbnailUrl\":\"https:\\\/\\\/turijnmagazijn.nl\\\/wp-content\\\/uploads\\\/2023\\\/03\\\/luchtmassameter-alfa-156-416.jpg\",\"datePublished\":\"2023-03-03T08:12:27+00:00\",\"dateModified\":\"2023-07-26T11:48:29+00:00\",\"breadcrumb\":{\"@id\":\"https:\\\/\\\/turijnmagazijn.nl\\\/de\\\/produkt\\\/luftmassenmesser-alpha-1-9-jtd\\\/#breadcrumb\"},\"inLanguage\":\"de\",\"potentialAction\":[{\"@type\":\"ReadAction\",\"target\":[\"https:\\\/\\\/turijnmagazijn.nl\\\/de\\\/produkt\\\/luftmassenmesser-alpha-1-9-jtd\\\/\"]}]},{\"@type\":\"ImageObject\",\"inLanguage\":\"de\",\"@id\":\"https:\\\/\\\/turijnmagazijn.nl\\\/de\\\/produkt\\\/luftmassenmesser-alpha-1-9-jtd\\\/#primaryimage\",\"url\":\"https:\\\/\\\/turijnmagazijn.nl\\\/wp-content\\\/uploads\\\/2023\\\/03\\\/luchtmassameter-alfa-156-416.jpg\",\"contentUrl\":\"https:\\\/\\\/turijnmagazijn.nl\\\/wp-content\\\/uploads\\\/2023\\\/03\\\/luchtmassameter-alfa-156-416.jpg\",\"width\":1440,\"height\":1080},{\"@type\":\"BreadcrumbList\",\"@id\":\"https:\\\/\\\/turijnmagazijn.nl\\\/de\\\/produkt\\\/luftmassenmesser-alpha-1-9-jtd\\\/#breadcrumb\",\"itemListElement\":[{\"@type\":\"ListItem\",\"position\":1,\"name\":\"Home\",\"item\":\"https:\\\/\\\/turijnmagazijn.nl\\\/de\\\/\"},{\"@type\":\"ListItem\",\"position\":2,\"name\":\"Produkte\",\"item\":\"https:\\\/\\\/turijnmagazijn.nl\\\/de\\\/shop\\\/\"},{\"@type\":\"ListItem\",\"position\":3,\"name\":\"MAF Alfa 1.9 JTD\"}]},{\"@type\":\"WebSite\",\"@id\":\"https:\\\/\\\/turijnmagazijn.jumpstone-dev.nl\\\/#website\",\"url\":\"https:\\\/\\\/turijnmagazijn.jumpstone-dev.nl\\\/\",\"name\":\"Turijnmagazijn\",\"description\":\"Onderdelen nieuw en gebruikt - Fiat &amp; Lancia\",\"publisher\":{\"@id\":\"https:\\\/\\\/turijnmagazijn.jumpstone-dev.nl\\\/#organization\"},\"potentialAction\":[{\"@type\":\"SearchAction\",\"target\":{\"@type\":\"EntryPoint\",\"urlTemplate\":\"https:\\\/\\\/turijnmagazijn.jumpstone-dev.nl\\\/?s={search_term_string}\"},\"query-input\":{\"@type\":\"PropertyValueSpecification\",\"valueRequired\":true,\"valueName\":\"search_term_string\"}}],\"inLanguage\":\"de\"},{\"@type\":\"Organization\",\"@id\":\"https:\\\/\\\/turijnmagazijn.jumpstone-dev.nl\\\/#organization\",\"name\":\"Turijnmagazijn\",\"url\":\"https:\\\/\\\/turijnmagazijn.jumpstone-dev.nl\\\/\",\"logo\":{\"@type\":\"ImageObject\",\"inLanguage\":\"de\",\"@id\":\"https:\\\/\\\/turijnmagazijn.jumpstone-dev.nl\\\/#\\\/schema\\\/logo\\\/image\\\/\",\"url\":\"https:\\\/\\\/turijnmagazijn.nl\\\/wp-content\\\/uploads\\\/2021\\\/02\\\/turijnmagazijnlogo.png\",\"contentUrl\":\"https:\\\/\\\/turijnmagazijn.nl\\\/wp-content\\\/uploads\\\/2021\\\/02\\\/turijnmagazijnlogo.png\",\"width\":555,\"height\":270,\"caption\":\"Turijnmagazijn\"},\"image\":{\"@id\":\"https:\\\/\\\/turijnmagazijn.jumpstone-dev.nl\\\/#\\\/schema\\\/logo\\\/image\\\/\"},\"sameAs\":[\"https:\\\/\\\/www.facebook.com\\\/turijnmagazijn\"]}]}<\/script>\n<!-- \/ Yoast SEO plugin. -->","yoast_head_json":{"title":"MAF Alfa 1.9 JTD - Turijnmagazijn","robots":{"index":"index","follow":"follow","max-snippet":"max-snippet:-1","max-image-preview":"max-image-preview:large","max-video-preview":"max-video-preview:-1"},"canonical":"https:\/\/turijnmagazijn.nl\/de\/produkt\/luftmassenmesser-alpha-1-9-jtd\/","og_locale":"de_DE","og_type":"article","og_title":"MAF Alfa 1.9 JTD - Turijnmagazijn","og_description":"Luftmassenmesser Alfa 1.9 JTD - Luftmassenmesser f\u00fcr Alfa Romeo 156 f\u00fcr die TS-Benzinmotoren 1.","og_url":"https:\/\/turijnmagazijn.nl\/de\/produkt\/luftmassenmesser-alpha-1-9-jtd\/","og_site_name":"Turijnmagazijn","article_publisher":"https:\/\/www.facebook.com\/turijnmagazijn","article_modified_time":"2023-07-26T11:48:29+00:00","og_image":[{"width":1440,"height":1080,"url":"https:\/\/turijnmagazijn.jumpstone-dev.nl\/wp-content\/uploads\/2023\/03\/luchtmassameter-alfa-156-416.jpg","type":"image\/jpeg"}],"twitter_card":"summary_large_image","twitter_misc":{"Gesch\u00e4tzte Lesezeit":"1\u00a0Minute"},"schema":{"@context":"https:\/\/schema.org","@graph":[{"@type":"WebPage","@id":"https:\/\/turijnmagazijn.nl\/de\/produkt\/luftmassenmesser-alpha-1-9-jtd\/","url":"https:\/\/turijnmagazijn.nl\/de\/produkt\/luftmassenmesser-alpha-1-9-jtd\/","name":"MAF Alfa 1.9 JTD - Turijnmagazijn","isPartOf":{"@id":"https:\/\/turijnmagazijn.jumpstone-dev.nl\/#website"},"primaryImageOfPage":{"@id":"https:\/\/turijnmagazijn.nl\/de\/produkt\/luftmassenmesser-alpha-1-9-jtd\/#primaryimage"},"image":{"@id":"https:\/\/turijnmagazijn.nl\/de\/produkt\/luftmassenmesser-alpha-1-9-jtd\/#primaryimage"},"thumbnailUrl":"https:\/\/turijnmagazijn.nl\/wp-content\/uploads\/2023\/03\/luchtmassameter-alfa-156-416.jpg","datePublished":"2023-03-03T08:12:27+00:00","dateModified":"2023-07-26T11:48:29+00:00","breadcrumb":{"@id":"https:\/\/turijnmagazijn.nl\/de\/produkt\/luftmassenmesser-alpha-1-9-jtd\/#breadcrumb"},"inLanguage":"de","potentialAction":[{"@type":"ReadAction","target":["https:\/\/turijnmagazijn.nl\/de\/produkt\/luftmassenmesser-alpha-1-9-jtd\/"]}]},{"@type":"ImageObject","inLanguage":"de","@id":"https:\/\/turijnmagazijn.nl\/de\/produkt\/luftmassenmesser-alpha-1-9-jtd\/#primaryimage","url":"https:\/\/turijnmagazijn.nl\/wp-content\/uploads\/2023\/03\/luchtmassameter-alfa-156-416.jpg","contentUrl":"https:\/\/turijnmagazijn.nl\/wp-content\/uploads\/2023\/03\/luchtmassameter-alfa-156-416.jpg","width":1440,"height":1080},{"@type":"BreadcrumbList","@id":"https:\/\/turijnmagazijn.nl\/de\/produkt\/luftmassenmesser-alpha-1-9-jtd\/#breadcrumb","itemListElement":[{"@type":"ListItem","position":1,"name":"Home","item":"https:\/\/turijnmagazijn.nl\/de\/"},{"@type":"ListItem","position":2,"name":"Produkte","item":"https:\/\/turijnmagazijn.nl\/de\/shop\/"},{"@type":"ListItem","position":3,"name":"MAF Alfa 1.9 JTD"}]},{"@type":"WebSite","@id":"https:\/\/turijnmagazijn.jumpstone-dev.nl\/#website","url":"https:\/\/turijnmagazijn.jumpstone-dev.nl\/","name":"Turijnmagazijn","description":"Onderdelen nieuw en gebruikt - Fiat &amp; Lancia","publisher":{"@id":"https:\/\/turijnmagazijn.jumpstone-dev.nl\/#organization"},"potentialAction":[{"@type":"SearchAction","target":{"@type":"EntryPoint","urlTemplate":"https:\/\/turijnmagazijn.jumpstone-dev.nl\/?s={search_term_string}"},"query-input":{"@type":"PropertyValueSpecification","valueRequired":true,"valueName":"search_term_string"}}],"inLanguage":"de"},{"@type":"Organization","@id":"https:\/\/turijnmagazijn.jumpstone-dev.nl\/#organization","name":"Turijnmagazijn","url":"https:\/\/turijnmagazijn.jumpstone-dev.nl\/","logo":{"@type":"ImageObject","inLanguage":"de","@id":"https:\/\/turijnmagazijn.jumpstone-dev.nl\/#\/schema\/logo\/image\/","url":"https:\/\/turijnmagazijn.nl\/wp-content\/uploads\/2021\/02\/turijnmagazijnlogo.png","contentUrl":"https:\/\/turijnmagazijn.nl\/wp-content\/uploads\/2021\/02\/turijnmagazijnlogo.png","width":555,"height":270,"caption":"Turijnmagazijn"},"image":{"@id":"https:\/\/turijnmagazijn.jumpstone-dev.nl\/#\/schema\/logo\/image\/"},"sameAs":["https:\/\/www.facebook.com\/turijnmagazijn"]}]}},"_links":{"self":[{"href":"https:\/\/turijnmagazijn.nl\/de\/wp-json\/wp\/v2\/product\/63096","targetHints":{"allow":["GET"]}}],"collection":[{"href":"https:\/\/turijnmagazijn.nl\/de\/wp-json\/wp\/v2\/product"}],"about":[{"href":"https:\/\/turijnmagazijn.nl\/de\/wp-json\/wp\/v2\/types\/product"}],"replies":[{"embeddable":true,"href":"https:\/\/turijnmagazijn.nl\/de\/wp-json\/wp\/v2\/comments?post=63096"}],"wp:featuredmedia":[{"embeddable":true,"href":"https:\/\/turijnmagazijn.nl\/de\/wp-json\/wp\/v2\/media\/38389"}],"wp:attachment":[{"href":"https:\/\/turijnmagazijn.nl\/de\/wp-json\/wp\/v2\/media?parent=63096"}],"wp:term":[{"taxonomy":"product_brand","embeddable":true,"href":"https:\/\/turijnmagazijn.nl\/de\/wp-json\/wp\/v2\/product_brand?post=63096"},{"taxonomy":"product_cat","embeddable":true,"href":"https:\/\/turijnmagazijn.nl\/de\/wp-json\/wp\/v2\/product_cat?post=63096"},{"taxonomy":"product_tag","embeddable":true,"href":"https:\/\/turijnmagazijn.nl\/de\/wp-json\/wp\/v2\/product_tag?post=63096"}],"curies":[{"name":"wp","href":"https:\/\/api.w.org\/{rel}","templated":true}]}}