{"id":63161,"date":"2023-03-03T09:12:48","date_gmt":"2023-03-03T08:12:48","guid":{"rendered":"https:\/\/turijnmagazijn.nl\/product\/lueftungsgitter-zentrales-oberes-armaturenbrett-lancia-kappa\/"},"modified":"2024-10-13T20:41:51","modified_gmt":"2024-10-13T18:41:51","slug":"luftungsgitter-mittig-oben-armaturenbrett-lancia-kappa","status":"publish","type":"product","link":"https:\/\/turijnmagazijn.nl\/de\/produkt\/luftungsgitter-mittig-oben-armaturenbrett-lancia-kappa\/","title":{"rendered":"L\u00fcftungsgitter zentrales oberes Armaturenbrett Lancia Kappa"},"content":{"rendered":"<p>Schwarzes Kunststoff-L\u00fcftungsgitter zur Montage im oberen Armaturenbrett mittig unter der Windschutzscheibe f\u00fcr Lancia Kappa. Von einer Lancia Kappa Limousine aus dem Jahr 1998 stammend, gilt aber f\u00fcr alle Typen aller Baujahre, also Limousine, SW und Coup\u00e9.<\/p>\n<p>Das Ger\u00e4t ist in gutem Zustand.<\/p>\n<p>OEM-Nummer Lancia&nbsp;<span style=\"color: rgb(6, 45, 104); font-family: Verdana; font-size: 10px; line-height: normal; text-align: -webkit-right; text-transform: uppercase; background-color: rgb(229, 229, 229);\">715514060<\/span><\/p>\n","protected":false},"excerpt":{"rendered":"<p>L\u00fcftungsgitter zentrales oberes Armaturenbrett Lancia Kappa &#8211; L\u00fcftungsgitter aus schwarzem Kunststoff zur Montage im oberen Armaturenbrett mittig unter der Windschutzscheibe f\u00fcr Lancia Kappa.<\/p>\n","protected":false},"featured_media":38893,"comment_status":"open","ping_status":"closed","template":"","meta":{"_acf_changed":false},"product_brand":[],"product_cat":[1867,1859,1797,1869],"product_tag":[],"class_list":{"0":"post-63161","1":"product","2":"type-product","3":"status-publish","4":"has-post-thumbnail","6":"product_cat-coupe-de","7":"product_cat-kappa-838-de","8":"product_cat-lancia-de","9":"product_cat-sw-de","10":"pa_soort-onderdeel-dashboard-und-schalter","11":"pa_soort-onderdeel-elektronik-und-kabel","13":"first","14":"instock","15":"shipping-taxable","16":"purchasable","17":"product-type-simple"},"acf":[],"yoast_head":"<!-- This site is optimized with the Yoast SEO plugin v27.2 - https:\/\/yoast.com\/product\/yoast-seo-wordpress\/ -->\n<title>L\u00fcftungsgitter zentrales oberes Armaturenbrett Lancia Kappa - Turijnmagazijn<\/title>\n<meta name=\"robots\" content=\"index, follow, max-snippet:-1, max-image-preview:large, max-video-preview:-1\" \/>\n<link rel=\"canonical\" href=\"https:\/\/turijnmagazijn.nl\/de\/produkt\/luftungsgitter-mittig-oben-armaturenbrett-lancia-kappa\/\" \/>\n<meta property=\"og:locale\" content=\"de_DE\" \/>\n<meta property=\"og:type\" content=\"article\" \/>\n<meta property=\"og:title\" content=\"L\u00fcftungsgitter zentrales oberes Armaturenbrett Lancia Kappa - Turijnmagazijn\" \/>\n<meta property=\"og:description\" content=\"L\u00fcftungsgitter zentrales oberes Armaturenbrett Lancia Kappa - L\u00fcftungsgitter aus schwarzem Kunststoff zur Montage im oberen Armaturenbrett mittig unter der Windschutzscheibe f\u00fcr Lancia Kappa.\" \/>\n<meta property=\"og:url\" content=\"https:\/\/turijnmagazijn.nl\/de\/produkt\/luftungsgitter-mittig-oben-armaturenbrett-lancia-kappa\/\" \/>\n<meta property=\"og:site_name\" content=\"Turijnmagazijn\" \/>\n<meta property=\"article:publisher\" content=\"https:\/\/www.facebook.com\/turijnmagazijn\" \/>\n<meta property=\"article:modified_time\" content=\"2024-10-13T18:41:51+00:00\" \/>\n<meta property=\"og:image\" content=\"https:\/\/turijnmagazijn.nl\/wp-content\/uploads\/2023\/03\/DK00101008_Ventilatierooster_centraal_bovenzijde_dashboard_Lancia_Kappa_3-1.jpg\" \/>\n\t<meta property=\"og:image:width\" content=\"800\" \/>\n\t<meta property=\"og:image:height\" content=\"600\" \/>\n\t<meta property=\"og:image:type\" content=\"image\/jpeg\" \/>\n<meta name=\"twitter:card\" content=\"summary_large_image\" \/>\n<script type=\"application\/ld+json\" class=\"yoast-schema-graph\">{\"@context\":\"https:\/\/schema.org\",\"@graph\":[{\"@type\":\"WebPage\",\"@id\":\"https:\/\/turijnmagazijn.nl\/de\/produkt\/luftungsgitter-mittig-oben-armaturenbrett-lancia-kappa\/\",\"url\":\"https:\/\/turijnmagazijn.nl\/de\/produkt\/luftungsgitter-mittig-oben-armaturenbrett-lancia-kappa\/\",\"name\":\"L\u00fcftungsgitter zentrales oberes Armaturenbrett Lancia Kappa - Turijnmagazijn\",\"isPartOf\":{\"@id\":\"https:\/\/turijnmagazijn.jumpstone-dev.nl\/#website\"},\"primaryImageOfPage\":{\"@id\":\"https:\/\/turijnmagazijn.nl\/de\/produkt\/luftungsgitter-mittig-oben-armaturenbrett-lancia-kappa\/#primaryimage\"},\"image\":{\"@id\":\"https:\/\/turijnmagazijn.nl\/de\/produkt\/luftungsgitter-mittig-oben-armaturenbrett-lancia-kappa\/#primaryimage\"},\"thumbnailUrl\":\"https:\/\/turijnmagazijn.nl\/wp-content\/uploads\/2023\/03\/DK00101008_Ventilatierooster_centraal_bovenzijde_dashboard_Lancia_Kappa_3-1.jpg\",\"datePublished\":\"2023-03-03T08:12:48+00:00\",\"dateModified\":\"2024-10-13T18:41:51+00:00\",\"breadcrumb\":{\"@id\":\"https:\/\/turijnmagazijn.nl\/de\/produkt\/luftungsgitter-mittig-oben-armaturenbrett-lancia-kappa\/#breadcrumb\"},\"inLanguage\":\"de\",\"potentialAction\":[{\"@type\":\"ReadAction\",\"target\":[\"https:\/\/turijnmagazijn.nl\/de\/produkt\/luftungsgitter-mittig-oben-armaturenbrett-lancia-kappa\/\"]}]},{\"@type\":\"ImageObject\",\"inLanguage\":\"de\",\"@id\":\"https:\/\/turijnmagazijn.nl\/de\/produkt\/luftungsgitter-mittig-oben-armaturenbrett-lancia-kappa\/#primaryimage\",\"url\":\"https:\/\/turijnmagazijn.nl\/wp-content\/uploads\/2023\/03\/DK00101008_Ventilatierooster_centraal_bovenzijde_dashboard_Lancia_Kappa_3-1.jpg\",\"contentUrl\":\"https:\/\/turijnmagazijn.nl\/wp-content\/uploads\/2023\/03\/DK00101008_Ventilatierooster_centraal_bovenzijde_dashboard_Lancia_Kappa_3-1.jpg\",\"width\":800,\"height\":600},{\"@type\":\"BreadcrumbList\",\"@id\":\"https:\/\/turijnmagazijn.nl\/de\/produkt\/luftungsgitter-mittig-oben-armaturenbrett-lancia-kappa\/#breadcrumb\",\"itemListElement\":[{\"@type\":\"ListItem\",\"position\":1,\"name\":\"Home\",\"item\":\"https:\/\/turijnmagazijn.nl\/de\/\"},{\"@type\":\"ListItem\",\"position\":2,\"name\":\"Produkte\",\"item\":\"https:\/\/turijnmagazijn.nl\/de\/shop\/\"},{\"@type\":\"ListItem\",\"position\":3,\"name\":\"L\u00fcftungsgitter zentrales oberes Armaturenbrett Lancia Kappa\"}]},{\"@type\":\"WebSite\",\"@id\":\"https:\/\/turijnmagazijn.jumpstone-dev.nl\/#website\",\"url\":\"https:\/\/turijnmagazijn.jumpstone-dev.nl\/\",\"name\":\"Turijnmagazijn\",\"description\":\"Onderdelen nieuw en gebruikt - Fiat &amp; Lancia\",\"publisher\":{\"@id\":\"https:\/\/turijnmagazijn.jumpstone-dev.nl\/#organization\"},\"potentialAction\":[{\"@type\":\"SearchAction\",\"target\":{\"@type\":\"EntryPoint\",\"urlTemplate\":\"https:\/\/turijnmagazijn.jumpstone-dev.nl\/?s={search_term_string}\"},\"query-input\":{\"@type\":\"PropertyValueSpecification\",\"valueRequired\":true,\"valueName\":\"search_term_string\"}}],\"inLanguage\":\"de\"},{\"@type\":\"Organization\",\"@id\":\"https:\/\/turijnmagazijn.jumpstone-dev.nl\/#organization\",\"name\":\"Turijnmagazijn\",\"url\":\"https:\/\/turijnmagazijn.jumpstone-dev.nl\/\",\"logo\":{\"@type\":\"ImageObject\",\"inLanguage\":\"de\",\"@id\":\"https:\/\/turijnmagazijn.jumpstone-dev.nl\/#\/schema\/logo\/image\/\",\"url\":\"https:\/\/turijnmagazijn.nl\/wp-content\/uploads\/2021\/02\/turijnmagazijnlogo.png\",\"contentUrl\":\"https:\/\/turijnmagazijn.nl\/wp-content\/uploads\/2021\/02\/turijnmagazijnlogo.png\",\"width\":555,\"height\":270,\"caption\":\"Turijnmagazijn\"},\"image\":{\"@id\":\"https:\/\/turijnmagazijn.jumpstone-dev.nl\/#\/schema\/logo\/image\/\"},\"sameAs\":[\"https:\/\/www.facebook.com\/turijnmagazijn\"]}]}<\/script>\n<!-- \/ Yoast SEO plugin. -->","yoast_head_json":{"title":"L\u00fcftungsgitter zentrales oberes Armaturenbrett Lancia Kappa - Turijnmagazijn","robots":{"index":"index","follow":"follow","max-snippet":"max-snippet:-1","max-image-preview":"max-image-preview:large","max-video-preview":"max-video-preview:-1"},"canonical":"https:\/\/turijnmagazijn.nl\/de\/produkt\/luftungsgitter-mittig-oben-armaturenbrett-lancia-kappa\/","og_locale":"de_DE","og_type":"article","og_title":"L\u00fcftungsgitter zentrales oberes Armaturenbrett Lancia Kappa - Turijnmagazijn","og_description":"L\u00fcftungsgitter zentrales oberes Armaturenbrett Lancia Kappa - L\u00fcftungsgitter aus schwarzem Kunststoff zur Montage im oberen Armaturenbrett mittig unter der Windschutzscheibe f\u00fcr Lancia Kappa.","og_url":"https:\/\/turijnmagazijn.nl\/de\/produkt\/luftungsgitter-mittig-oben-armaturenbrett-lancia-kappa\/","og_site_name":"Turijnmagazijn","article_publisher":"https:\/\/www.facebook.com\/turijnmagazijn","article_modified_time":"2024-10-13T18:41:51+00:00","og_image":[{"width":800,"height":600,"url":"https:\/\/turijnmagazijn.nl\/wp-content\/uploads\/2023\/03\/DK00101008_Ventilatierooster_centraal_bovenzijde_dashboard_Lancia_Kappa_3-1.jpg","type":"image\/jpeg"}],"twitter_card":"summary_large_image","schema":{"@context":"https:\/\/schema.org","@graph":[{"@type":"WebPage","@id":"https:\/\/turijnmagazijn.nl\/de\/produkt\/luftungsgitter-mittig-oben-armaturenbrett-lancia-kappa\/","url":"https:\/\/turijnmagazijn.nl\/de\/produkt\/luftungsgitter-mittig-oben-armaturenbrett-lancia-kappa\/","name":"L\u00fcftungsgitter zentrales oberes Armaturenbrett Lancia Kappa - Turijnmagazijn","isPartOf":{"@id":"https:\/\/turijnmagazijn.jumpstone-dev.nl\/#website"},"primaryImageOfPage":{"@id":"https:\/\/turijnmagazijn.nl\/de\/produkt\/luftungsgitter-mittig-oben-armaturenbrett-lancia-kappa\/#primaryimage"},"image":{"@id":"https:\/\/turijnmagazijn.nl\/de\/produkt\/luftungsgitter-mittig-oben-armaturenbrett-lancia-kappa\/#primaryimage"},"thumbnailUrl":"https:\/\/turijnmagazijn.nl\/wp-content\/uploads\/2023\/03\/DK00101008_Ventilatierooster_centraal_bovenzijde_dashboard_Lancia_Kappa_3-1.jpg","datePublished":"2023-03-03T08:12:48+00:00","dateModified":"2024-10-13T18:41:51+00:00","breadcrumb":{"@id":"https:\/\/turijnmagazijn.nl\/de\/produkt\/luftungsgitter-mittig-oben-armaturenbrett-lancia-kappa\/#breadcrumb"},"inLanguage":"de","potentialAction":[{"@type":"ReadAction","target":["https:\/\/turijnmagazijn.nl\/de\/produkt\/luftungsgitter-mittig-oben-armaturenbrett-lancia-kappa\/"]}]},{"@type":"ImageObject","inLanguage":"de","@id":"https:\/\/turijnmagazijn.nl\/de\/produkt\/luftungsgitter-mittig-oben-armaturenbrett-lancia-kappa\/#primaryimage","url":"https:\/\/turijnmagazijn.nl\/wp-content\/uploads\/2023\/03\/DK00101008_Ventilatierooster_centraal_bovenzijde_dashboard_Lancia_Kappa_3-1.jpg","contentUrl":"https:\/\/turijnmagazijn.nl\/wp-content\/uploads\/2023\/03\/DK00101008_Ventilatierooster_centraal_bovenzijde_dashboard_Lancia_Kappa_3-1.jpg","width":800,"height":600},{"@type":"BreadcrumbList","@id":"https:\/\/turijnmagazijn.nl\/de\/produkt\/luftungsgitter-mittig-oben-armaturenbrett-lancia-kappa\/#breadcrumb","itemListElement":[{"@type":"ListItem","position":1,"name":"Home","item":"https:\/\/turijnmagazijn.nl\/de\/"},{"@type":"ListItem","position":2,"name":"Produkte","item":"https:\/\/turijnmagazijn.nl\/de\/shop\/"},{"@type":"ListItem","position":3,"name":"L\u00fcftungsgitter zentrales oberes Armaturenbrett Lancia Kappa"}]},{"@type":"WebSite","@id":"https:\/\/turijnmagazijn.jumpstone-dev.nl\/#website","url":"https:\/\/turijnmagazijn.jumpstone-dev.nl\/","name":"Turijnmagazijn","description":"Onderdelen nieuw en gebruikt - Fiat &amp; Lancia","publisher":{"@id":"https:\/\/turijnmagazijn.jumpstone-dev.nl\/#organization"},"potentialAction":[{"@type":"SearchAction","target":{"@type":"EntryPoint","urlTemplate":"https:\/\/turijnmagazijn.jumpstone-dev.nl\/?s={search_term_string}"},"query-input":{"@type":"PropertyValueSpecification","valueRequired":true,"valueName":"search_term_string"}}],"inLanguage":"de"},{"@type":"Organization","@id":"https:\/\/turijnmagazijn.jumpstone-dev.nl\/#organization","name":"Turijnmagazijn","url":"https:\/\/turijnmagazijn.jumpstone-dev.nl\/","logo":{"@type":"ImageObject","inLanguage":"de","@id":"https:\/\/turijnmagazijn.jumpstone-dev.nl\/#\/schema\/logo\/image\/","url":"https:\/\/turijnmagazijn.nl\/wp-content\/uploads\/2021\/02\/turijnmagazijnlogo.png","contentUrl":"https:\/\/turijnmagazijn.nl\/wp-content\/uploads\/2021\/02\/turijnmagazijnlogo.png","width":555,"height":270,"caption":"Turijnmagazijn"},"image":{"@id":"https:\/\/turijnmagazijn.jumpstone-dev.nl\/#\/schema\/logo\/image\/"},"sameAs":["https:\/\/www.facebook.com\/turijnmagazijn"]}]}},"_links":{"self":[{"href":"https:\/\/turijnmagazijn.nl\/de\/wp-json\/wp\/v2\/product\/63161","targetHints":{"allow":["GET"]}}],"collection":[{"href":"https:\/\/turijnmagazijn.nl\/de\/wp-json\/wp\/v2\/product"}],"about":[{"href":"https:\/\/turijnmagazijn.nl\/de\/wp-json\/wp\/v2\/types\/product"}],"replies":[{"embeddable":true,"href":"https:\/\/turijnmagazijn.nl\/de\/wp-json\/wp\/v2\/comments?post=63161"}],"wp:featuredmedia":[{"embeddable":true,"href":"https:\/\/turijnmagazijn.nl\/de\/wp-json\/wp\/v2\/media\/38893"}],"wp:attachment":[{"href":"https:\/\/turijnmagazijn.nl\/de\/wp-json\/wp\/v2\/media?parent=63161"}],"wp:term":[{"taxonomy":"product_brand","embeddable":true,"href":"https:\/\/turijnmagazijn.nl\/de\/wp-json\/wp\/v2\/product_brand?post=63161"},{"taxonomy":"product_cat","embeddable":true,"href":"https:\/\/turijnmagazijn.nl\/de\/wp-json\/wp\/v2\/product_cat?post=63161"},{"taxonomy":"product_tag","embeddable":true,"href":"https:\/\/turijnmagazijn.nl\/de\/wp-json\/wp\/v2\/product_tag?post=63161"}],"curies":[{"name":"wp","href":"https:\/\/api.w.org\/{rel}","templated":true}]}}