{"id":63240,"date":"2023-03-03T09:12:49","date_gmt":"2023-03-03T08:12:49","guid":{"rendered":"https:\/\/turijnmagazijn.nl\/product\/druckregler-klimaanlage-alfa-147-156-und-166\/"},"modified":"2023-07-26T14:19:40","modified_gmt":"2023-07-26T12:19:40","slug":"druckregler-airco-alfa-147-156-de-166","status":"publish","type":"product","link":"https:\/\/turijnmagazijn.nl\/de\/produkt\/druckregler-airco-alfa-147-156-de-166\/","title":{"rendered":"Druckregler Klimaanlage Alfa 147, 156 und 166"},"content":{"rendered":"<p>Druckregler f\u00fcr Klimaanlage f\u00fcr Alfa Romeo 166. Er stammt aus einer ersten Baureihe 166 aus dem Jahr 1999 mit einem 2.0 TS Benzinmotor. Das zweite Exemplar in unserem Lager ist baugleich und stammt von einem Alfa Romeo 156 Baujahr 1999 mit einem 1.9 JTD Motor. Gilt auch f\u00fcr Alfa Romeo 147 und Lancia Lybra.<\/p>\n<p>Der Druckregler hat ein Aluminiumgeh\u00e4use und ist mit einem 5-poligen Anschluss ausgestattet. Sleutmaat ist 19mm.<\/p>\n<p>Beschriftungen auf dem Controller:<br \/>Magneti Marelli Eltron<br \/>B837<br \/>283001<br \/>R134a<br \/>12 V Gleichspannung<br \/>544274000<\/p>\n<p>OEM-Nummer Alfa Romeo&nbsp;<span style=\"color: rgb(6, 45, 104); font-family: Verdana; font-size: 10px; line-height: normal; text-align: -webkit-right; text-transform: uppercase; background-color: rgb(229, 229, 229);\">60665196<\/span><\/p>\n<p><span style=\"font-size: 11.9999990463257px;\">OEM-Nummer Alfa Romeo&nbsp;<\/span> <span style=\"color: rgb(6, 45, 104); font-family: Verdana; font-size: 10px; line-height: normal; text-align: -webkit-right; text-transform: uppercase; background-color: rgb(229, 229, 229);\">60625482<\/span><span style=\"color: rgb(6, 45, 104); font-family: Verdana; font-size: 10px; line-height: normal; text-align: -webkit-right; text-transform: uppercase; background-color: rgb(229, 229, 229);\"><br \/><\/span><\/p>\n","protected":false},"excerpt":{"rendered":"<p>Druckregler Klimaanlage Alfa 166 &#8211; Druckregler f\u00fcr Klimaanlage f\u00fcr Alfa Romeo 166.Druckregler Klimaanlage Alfa 156 und 166 &#8211; Druckregler f\u00fcr Klimaanlage f\u00fcr Alfa Romeo 166.Druckregler Klimaanlage Alfa 147 156 und 166 &#8211; Druckregler f\u00fcr Klimaanlage f\u00fcr Alfa Rome<\/p>\n","protected":false},"featured_media":39305,"comment_status":"open","ping_status":"closed","template":"","meta":{"_acf_changed":false},"product_brand":[],"product_cat":[1605,1616,1651,1584,1797,1874,1619,1883,1621,1878],"product_tag":[],"class_list":{"0":"post-63240","1":"product","2":"type-product","3":"status-publish","4":"has-post-thumbnail","6":"product_cat-147-937-de","7":"product_cat-156-932-de","8":"product_cat-166-936-de","9":"product_cat-alfa-romeo-de","10":"product_cat-lancia-de","11":"product_cat-lybra-839-de","12":"product_cat-sedan-de","13":"product_cat-sedan-lybra-839-de","14":"product_cat-sportwagon-de","15":"product_cat-sw-lybra-839-de","16":"pa_soort-onderdeel-klimaanlage-und-heizung","17":"pa_soort-onderdeel-motor-und-zubehor","19":"first","20":"instock","21":"shipping-taxable","22":"purchasable","23":"product-type-simple"},"acf":[],"yoast_head":"<!-- This site is optimized with the Yoast SEO plugin v27.3 - https:\/\/yoast.com\/product\/yoast-seo-wordpress\/ -->\n<title>Druckregler Klimaanlage Alfa 147, 156 und 166 - Turijnmagazijn<\/title>\n<meta name=\"robots\" content=\"index, follow, max-snippet:-1, max-image-preview:large, max-video-preview:-1\" \/>\n<link rel=\"canonical\" href=\"https:\/\/turijnmagazijn.nl\/de\/produkt\/druckregler-airco-alfa-147-156-de-166\/\" \/>\n<meta property=\"og:locale\" content=\"de_DE\" \/>\n<meta property=\"og:type\" content=\"article\" \/>\n<meta property=\"og:title\" content=\"Druckregler Klimaanlage Alfa 147, 156 und 166 - Turijnmagazijn\" \/>\n<meta property=\"og:description\" content=\"Druckregler Klimaanlage Alfa 166 - Druckregler f\u00fcr Klimaanlage f\u00fcr Alfa Romeo 166.Druckregler Klimaanlage Alfa 156 und 166 - Druckregler f\u00fcr Klimaanlage f\u00fcr Alfa Romeo 166.Druckregler Klimaanlage Alfa 147 156 und 166 - Druckregler f\u00fcr Klimaanlage f\u00fcr Alfa Rome\" \/>\n<meta property=\"og:url\" content=\"https:\/\/turijnmagazijn.nl\/de\/produkt\/druckregler-airco-alfa-147-156-de-166\/\" \/>\n<meta property=\"og:site_name\" content=\"Turijnmagazijn\" \/>\n<meta property=\"article:publisher\" content=\"https:\/\/www.facebook.com\/turijnmagazijn\" \/>\n<meta property=\"article:modified_time\" content=\"2023-07-26T12:19:40+00:00\" \/>\n<meta property=\"og:image\" content=\"https:\/\/turijnmagazijn.jumpstone-dev.nl\/wp-content\/uploads\/2023\/03\/DK00101037_Drukregelaar_Airco_Alfa_166_6-1.jpg\" \/>\n\t<meta property=\"og:image:width\" content=\"800\" \/>\n\t<meta property=\"og:image:height\" content=\"600\" \/>\n\t<meta property=\"og:image:type\" content=\"image\/jpeg\" \/>\n<meta name=\"twitter:card\" content=\"summary_large_image\" \/>\n<script type=\"application\/ld+json\" class=\"yoast-schema-graph\">{\"@context\":\"https:\\\/\\\/schema.org\",\"@graph\":[{\"@type\":\"WebPage\",\"@id\":\"https:\\\/\\\/turijnmagazijn.nl\\\/de\\\/produkt\\\/druckregler-airco-alfa-147-156-de-166\\\/\",\"url\":\"https:\\\/\\\/turijnmagazijn.nl\\\/de\\\/produkt\\\/druckregler-airco-alfa-147-156-de-166\\\/\",\"name\":\"Druckregler Klimaanlage Alfa 147, 156 und 166 - Turijnmagazijn\",\"isPartOf\":{\"@id\":\"https:\\\/\\\/turijnmagazijn.jumpstone-dev.nl\\\/#website\"},\"primaryImageOfPage\":{\"@id\":\"https:\\\/\\\/turijnmagazijn.nl\\\/de\\\/produkt\\\/druckregler-airco-alfa-147-156-de-166\\\/#primaryimage\"},\"image\":{\"@id\":\"https:\\\/\\\/turijnmagazijn.nl\\\/de\\\/produkt\\\/druckregler-airco-alfa-147-156-de-166\\\/#primaryimage\"},\"thumbnailUrl\":\"https:\\\/\\\/turijnmagazijn.nl\\\/wp-content\\\/uploads\\\/2023\\\/03\\\/DK00101037_Drukregelaar_Airco_Alfa_166_6-1.jpg\",\"datePublished\":\"2023-03-03T08:12:49+00:00\",\"dateModified\":\"2023-07-26T12:19:40+00:00\",\"breadcrumb\":{\"@id\":\"https:\\\/\\\/turijnmagazijn.nl\\\/de\\\/produkt\\\/druckregler-airco-alfa-147-156-de-166\\\/#breadcrumb\"},\"inLanguage\":\"de\",\"potentialAction\":[{\"@type\":\"ReadAction\",\"target\":[\"https:\\\/\\\/turijnmagazijn.nl\\\/de\\\/produkt\\\/druckregler-airco-alfa-147-156-de-166\\\/\"]}]},{\"@type\":\"ImageObject\",\"inLanguage\":\"de\",\"@id\":\"https:\\\/\\\/turijnmagazijn.nl\\\/de\\\/produkt\\\/druckregler-airco-alfa-147-156-de-166\\\/#primaryimage\",\"url\":\"https:\\\/\\\/turijnmagazijn.nl\\\/wp-content\\\/uploads\\\/2023\\\/03\\\/DK00101037_Drukregelaar_Airco_Alfa_166_6-1.jpg\",\"contentUrl\":\"https:\\\/\\\/turijnmagazijn.nl\\\/wp-content\\\/uploads\\\/2023\\\/03\\\/DK00101037_Drukregelaar_Airco_Alfa_166_6-1.jpg\",\"width\":800,\"height\":600},{\"@type\":\"BreadcrumbList\",\"@id\":\"https:\\\/\\\/turijnmagazijn.nl\\\/de\\\/produkt\\\/druckregler-airco-alfa-147-156-de-166\\\/#breadcrumb\",\"itemListElement\":[{\"@type\":\"ListItem\",\"position\":1,\"name\":\"Home\",\"item\":\"https:\\\/\\\/turijnmagazijn.nl\\\/de\\\/\"},{\"@type\":\"ListItem\",\"position\":2,\"name\":\"Produkte\",\"item\":\"https:\\\/\\\/turijnmagazijn.nl\\\/de\\\/shop\\\/\"},{\"@type\":\"ListItem\",\"position\":3,\"name\":\"Druckregler Klimaanlage Alfa 147, 156 und 166\"}]},{\"@type\":\"WebSite\",\"@id\":\"https:\\\/\\\/turijnmagazijn.jumpstone-dev.nl\\\/#website\",\"url\":\"https:\\\/\\\/turijnmagazijn.jumpstone-dev.nl\\\/\",\"name\":\"Turijnmagazijn\",\"description\":\"Onderdelen nieuw en gebruikt - Fiat &amp; Lancia\",\"publisher\":{\"@id\":\"https:\\\/\\\/turijnmagazijn.jumpstone-dev.nl\\\/#organization\"},\"potentialAction\":[{\"@type\":\"SearchAction\",\"target\":{\"@type\":\"EntryPoint\",\"urlTemplate\":\"https:\\\/\\\/turijnmagazijn.jumpstone-dev.nl\\\/?s={search_term_string}\"},\"query-input\":{\"@type\":\"PropertyValueSpecification\",\"valueRequired\":true,\"valueName\":\"search_term_string\"}}],\"inLanguage\":\"de\"},{\"@type\":\"Organization\",\"@id\":\"https:\\\/\\\/turijnmagazijn.jumpstone-dev.nl\\\/#organization\",\"name\":\"Turijnmagazijn\",\"url\":\"https:\\\/\\\/turijnmagazijn.jumpstone-dev.nl\\\/\",\"logo\":{\"@type\":\"ImageObject\",\"inLanguage\":\"de\",\"@id\":\"https:\\\/\\\/turijnmagazijn.jumpstone-dev.nl\\\/#\\\/schema\\\/logo\\\/image\\\/\",\"url\":\"https:\\\/\\\/turijnmagazijn.nl\\\/wp-content\\\/uploads\\\/2021\\\/02\\\/turijnmagazijnlogo.png\",\"contentUrl\":\"https:\\\/\\\/turijnmagazijn.nl\\\/wp-content\\\/uploads\\\/2021\\\/02\\\/turijnmagazijnlogo.png\",\"width\":555,\"height\":270,\"caption\":\"Turijnmagazijn\"},\"image\":{\"@id\":\"https:\\\/\\\/turijnmagazijn.jumpstone-dev.nl\\\/#\\\/schema\\\/logo\\\/image\\\/\"},\"sameAs\":[\"https:\\\/\\\/www.facebook.com\\\/turijnmagazijn\"]}]}<\/script>\n<!-- \/ Yoast SEO plugin. -->","yoast_head_json":{"title":"Druckregler Klimaanlage Alfa 147, 156 und 166 - Turijnmagazijn","robots":{"index":"index","follow":"follow","max-snippet":"max-snippet:-1","max-image-preview":"max-image-preview:large","max-video-preview":"max-video-preview:-1"},"canonical":"https:\/\/turijnmagazijn.nl\/de\/produkt\/druckregler-airco-alfa-147-156-de-166\/","og_locale":"de_DE","og_type":"article","og_title":"Druckregler Klimaanlage Alfa 147, 156 und 166 - Turijnmagazijn","og_description":"Druckregler Klimaanlage Alfa 166 - Druckregler f\u00fcr Klimaanlage f\u00fcr Alfa Romeo 166.Druckregler Klimaanlage Alfa 156 und 166 - Druckregler f\u00fcr Klimaanlage f\u00fcr Alfa Romeo 166.Druckregler Klimaanlage Alfa 147 156 und 166 - Druckregler f\u00fcr Klimaanlage f\u00fcr Alfa Rome","og_url":"https:\/\/turijnmagazijn.nl\/de\/produkt\/druckregler-airco-alfa-147-156-de-166\/","og_site_name":"Turijnmagazijn","article_publisher":"https:\/\/www.facebook.com\/turijnmagazijn","article_modified_time":"2023-07-26T12:19:40+00:00","og_image":[{"width":800,"height":600,"url":"https:\/\/turijnmagazijn.jumpstone-dev.nl\/wp-content\/uploads\/2023\/03\/DK00101037_Drukregelaar_Airco_Alfa_166_6-1.jpg","type":"image\/jpeg"}],"twitter_card":"summary_large_image","schema":{"@context":"https:\/\/schema.org","@graph":[{"@type":"WebPage","@id":"https:\/\/turijnmagazijn.nl\/de\/produkt\/druckregler-airco-alfa-147-156-de-166\/","url":"https:\/\/turijnmagazijn.nl\/de\/produkt\/druckregler-airco-alfa-147-156-de-166\/","name":"Druckregler Klimaanlage Alfa 147, 156 und 166 - Turijnmagazijn","isPartOf":{"@id":"https:\/\/turijnmagazijn.jumpstone-dev.nl\/#website"},"primaryImageOfPage":{"@id":"https:\/\/turijnmagazijn.nl\/de\/produkt\/druckregler-airco-alfa-147-156-de-166\/#primaryimage"},"image":{"@id":"https:\/\/turijnmagazijn.nl\/de\/produkt\/druckregler-airco-alfa-147-156-de-166\/#primaryimage"},"thumbnailUrl":"https:\/\/turijnmagazijn.nl\/wp-content\/uploads\/2023\/03\/DK00101037_Drukregelaar_Airco_Alfa_166_6-1.jpg","datePublished":"2023-03-03T08:12:49+00:00","dateModified":"2023-07-26T12:19:40+00:00","breadcrumb":{"@id":"https:\/\/turijnmagazijn.nl\/de\/produkt\/druckregler-airco-alfa-147-156-de-166\/#breadcrumb"},"inLanguage":"de","potentialAction":[{"@type":"ReadAction","target":["https:\/\/turijnmagazijn.nl\/de\/produkt\/druckregler-airco-alfa-147-156-de-166\/"]}]},{"@type":"ImageObject","inLanguage":"de","@id":"https:\/\/turijnmagazijn.nl\/de\/produkt\/druckregler-airco-alfa-147-156-de-166\/#primaryimage","url":"https:\/\/turijnmagazijn.nl\/wp-content\/uploads\/2023\/03\/DK00101037_Drukregelaar_Airco_Alfa_166_6-1.jpg","contentUrl":"https:\/\/turijnmagazijn.nl\/wp-content\/uploads\/2023\/03\/DK00101037_Drukregelaar_Airco_Alfa_166_6-1.jpg","width":800,"height":600},{"@type":"BreadcrumbList","@id":"https:\/\/turijnmagazijn.nl\/de\/produkt\/druckregler-airco-alfa-147-156-de-166\/#breadcrumb","itemListElement":[{"@type":"ListItem","position":1,"name":"Home","item":"https:\/\/turijnmagazijn.nl\/de\/"},{"@type":"ListItem","position":2,"name":"Produkte","item":"https:\/\/turijnmagazijn.nl\/de\/shop\/"},{"@type":"ListItem","position":3,"name":"Druckregler Klimaanlage Alfa 147, 156 und 166"}]},{"@type":"WebSite","@id":"https:\/\/turijnmagazijn.jumpstone-dev.nl\/#website","url":"https:\/\/turijnmagazijn.jumpstone-dev.nl\/","name":"Turijnmagazijn","description":"Onderdelen nieuw en gebruikt - Fiat &amp; Lancia","publisher":{"@id":"https:\/\/turijnmagazijn.jumpstone-dev.nl\/#organization"},"potentialAction":[{"@type":"SearchAction","target":{"@type":"EntryPoint","urlTemplate":"https:\/\/turijnmagazijn.jumpstone-dev.nl\/?s={search_term_string}"},"query-input":{"@type":"PropertyValueSpecification","valueRequired":true,"valueName":"search_term_string"}}],"inLanguage":"de"},{"@type":"Organization","@id":"https:\/\/turijnmagazijn.jumpstone-dev.nl\/#organization","name":"Turijnmagazijn","url":"https:\/\/turijnmagazijn.jumpstone-dev.nl\/","logo":{"@type":"ImageObject","inLanguage":"de","@id":"https:\/\/turijnmagazijn.jumpstone-dev.nl\/#\/schema\/logo\/image\/","url":"https:\/\/turijnmagazijn.nl\/wp-content\/uploads\/2021\/02\/turijnmagazijnlogo.png","contentUrl":"https:\/\/turijnmagazijn.nl\/wp-content\/uploads\/2021\/02\/turijnmagazijnlogo.png","width":555,"height":270,"caption":"Turijnmagazijn"},"image":{"@id":"https:\/\/turijnmagazijn.jumpstone-dev.nl\/#\/schema\/logo\/image\/"},"sameAs":["https:\/\/www.facebook.com\/turijnmagazijn"]}]}},"_links":{"self":[{"href":"https:\/\/turijnmagazijn.nl\/de\/wp-json\/wp\/v2\/product\/63240","targetHints":{"allow":["GET"]}}],"collection":[{"href":"https:\/\/turijnmagazijn.nl\/de\/wp-json\/wp\/v2\/product"}],"about":[{"href":"https:\/\/turijnmagazijn.nl\/de\/wp-json\/wp\/v2\/types\/product"}],"replies":[{"embeddable":true,"href":"https:\/\/turijnmagazijn.nl\/de\/wp-json\/wp\/v2\/comments?post=63240"}],"wp:featuredmedia":[{"embeddable":true,"href":"https:\/\/turijnmagazijn.nl\/de\/wp-json\/wp\/v2\/media\/39305"}],"wp:attachment":[{"href":"https:\/\/turijnmagazijn.nl\/de\/wp-json\/wp\/v2\/media?parent=63240"}],"wp:term":[{"taxonomy":"product_brand","embeddable":true,"href":"https:\/\/turijnmagazijn.nl\/de\/wp-json\/wp\/v2\/product_brand?post=63240"},{"taxonomy":"product_cat","embeddable":true,"href":"https:\/\/turijnmagazijn.nl\/de\/wp-json\/wp\/v2\/product_cat?post=63240"},{"taxonomy":"product_tag","embeddable":true,"href":"https:\/\/turijnmagazijn.nl\/de\/wp-json\/wp\/v2\/product_tag?post=63240"}],"curies":[{"name":"wp","href":"https:\/\/api.w.org\/{rel}","templated":true}]}}