{"id":63252,"date":"2023-03-03T09:13:12","date_gmt":"2023-03-03T08:13:12","guid":{"rendered":"https:\/\/turijnmagazijn.nl\/product\/rahmen-rechte-vordere-stossstange-alfa-156-ohne-nebelscheinwerfer\/"},"modified":"2023-07-26T13:53:02","modified_gmt":"2023-07-26T11:53:02","slug":"rahmen-rechts-frontstosstange-alfa-156-ohne-nebelscheinwerfer","status":"publish","type":"product","link":"https:\/\/turijnmagazijn.nl\/de\/produkt\/rahmen-rechts-frontstosstange-alfa-156-ohne-nebelscheinwerfer\/","title":{"rendered":"Rahmen Rechte vordere Sto\u00dfstange Alfa 156 ohne Nebelscheinwerfer"},"content":{"rendered":"<p><span style=\"font-size: 12px;\">Kunststoffrahmen rechts zur Montage in der vorderen Sto\u00dfstange ohne Aussparung f\u00fcr Nebelscheinwerfer f\u00fcr Alfa Romeo 156. Von einer Limousine aus dem Jahr 1999. Der Rahmen ist mit einer K\u00fchl\u00f6ffnung ohne Wabengitter ausgestattet (es gibt auch Versionen mit einem Gitter im Umlauf). Befindet sich in einem angemessenen Zustand.<\/span><\/p>\n<p><\/p>\n<p>OEM-Nummer Alfa Romeo 156024082<\/p>\n","protected":false},"excerpt":{"rendered":"<p>Rahmen Rechte vordere Sto\u00dfstange Alfa 156 ohne Nebelscheinwerfer &#8211; Kunststoffrahmen rechts f\u00fcr die Montage in der vorderen Sto\u00dfstange ohne Ausschnitt f\u00fcr Nebelscheinwerfer f\u00fcr Alfa Romeo 156.<\/p>\n","protected":false},"featured_media":39861,"comment_status":"open","ping_status":"closed","template":"","meta":{"_acf_changed":false},"product_brand":[],"product_cat":[1616,1584,1619,1621],"product_tag":[],"class_list":{"0":"post-63252","1":"product","2":"type-product","3":"status-publish","4":"has-post-thumbnail","6":"product_cat-156-932-de","7":"product_cat-alfa-romeo-de","8":"product_cat-sedan-de","9":"product_cat-sportwagon-de","10":"pa_soort-onderdeel-elektronik-und-kabel","11":"pa_soort-onderdeel-karosserie-und-blech","13":"first","14":"instock","15":"shipping-taxable","16":"purchasable","17":"product-type-simple"},"acf":[],"yoast_head":"<!-- This site is optimized with the Yoast SEO plugin v27.2 - https:\/\/yoast.com\/product\/yoast-seo-wordpress\/ -->\n<title>Rahmen Rechte vordere Sto\u00dfstange Alfa 156 ohne Nebelscheinwerfer - Turijnmagazijn<\/title>\n<meta name=\"robots\" content=\"index, follow, max-snippet:-1, max-image-preview:large, max-video-preview:-1\" \/>\n<link rel=\"canonical\" href=\"https:\/\/turijnmagazijn.nl\/de\/produkt\/rahmen-rechts-frontstosstange-alfa-156-ohne-nebelscheinwerfer\/\" \/>\n<meta property=\"og:locale\" content=\"de_DE\" \/>\n<meta property=\"og:type\" content=\"article\" \/>\n<meta property=\"og:title\" content=\"Rahmen Rechte vordere Sto\u00dfstange Alfa 156 ohne Nebelscheinwerfer - Turijnmagazijn\" \/>\n<meta property=\"og:description\" content=\"Rahmen Rechte vordere Sto\u00dfstange Alfa 156 ohne Nebelscheinwerfer - Kunststoffrahmen rechts f\u00fcr die Montage in der vorderen Sto\u00dfstange ohne Ausschnitt f\u00fcr Nebelscheinwerfer f\u00fcr Alfa Romeo 156.\" \/>\n<meta property=\"og:url\" content=\"https:\/\/turijnmagazijn.nl\/de\/produkt\/rahmen-rechts-frontstosstange-alfa-156-ohne-nebelscheinwerfer\/\" \/>\n<meta property=\"og:site_name\" content=\"Turijnmagazijn\" \/>\n<meta property=\"article:publisher\" content=\"https:\/\/www.facebook.com\/turijnmagazijn\" \/>\n<meta property=\"article:modified_time\" content=\"2023-07-26T11:53:02+00:00\" \/>\n<meta property=\"og:image\" content=\"https:\/\/turijnmagazijn.jumpstone-dev.nl\/wp-content\/uploads\/2023\/03\/DK00101172_Frame_Rechts_voorbumper_Alfa_156_zonder_mistlicht_1-1.jpg\" \/>\n\t<meta property=\"og:image:width\" content=\"800\" \/>\n\t<meta property=\"og:image:height\" content=\"600\" \/>\n\t<meta property=\"og:image:type\" content=\"image\/jpeg\" \/>\n<meta name=\"twitter:card\" content=\"summary_large_image\" \/>\n<script type=\"application\/ld+json\" class=\"yoast-schema-graph\">{\"@context\":\"https:\/\/schema.org\",\"@graph\":[{\"@type\":\"WebPage\",\"@id\":\"https:\/\/turijnmagazijn.nl\/de\/produkt\/rahmen-rechts-frontstosstange-alfa-156-ohne-nebelscheinwerfer\/\",\"url\":\"https:\/\/turijnmagazijn.nl\/de\/produkt\/rahmen-rechts-frontstosstange-alfa-156-ohne-nebelscheinwerfer\/\",\"name\":\"Rahmen Rechte vordere Sto\u00dfstange Alfa 156 ohne Nebelscheinwerfer - Turijnmagazijn\",\"isPartOf\":{\"@id\":\"https:\/\/turijnmagazijn.jumpstone-dev.nl\/#website\"},\"primaryImageOfPage\":{\"@id\":\"https:\/\/turijnmagazijn.nl\/de\/produkt\/rahmen-rechts-frontstosstange-alfa-156-ohne-nebelscheinwerfer\/#primaryimage\"},\"image\":{\"@id\":\"https:\/\/turijnmagazijn.nl\/de\/produkt\/rahmen-rechts-frontstosstange-alfa-156-ohne-nebelscheinwerfer\/#primaryimage\"},\"thumbnailUrl\":\"https:\/\/turijnmagazijn.nl\/wp-content\/uploads\/2023\/03\/DK00101172_Frame_Rechts_voorbumper_Alfa_156_zonder_mistlicht_1-1.jpg\",\"datePublished\":\"2023-03-03T08:13:12+00:00\",\"dateModified\":\"2023-07-26T11:53:02+00:00\",\"breadcrumb\":{\"@id\":\"https:\/\/turijnmagazijn.nl\/de\/produkt\/rahmen-rechts-frontstosstange-alfa-156-ohne-nebelscheinwerfer\/#breadcrumb\"},\"inLanguage\":\"de\",\"potentialAction\":[{\"@type\":\"ReadAction\",\"target\":[\"https:\/\/turijnmagazijn.nl\/de\/produkt\/rahmen-rechts-frontstosstange-alfa-156-ohne-nebelscheinwerfer\/\"]}]},{\"@type\":\"ImageObject\",\"inLanguage\":\"de\",\"@id\":\"https:\/\/turijnmagazijn.nl\/de\/produkt\/rahmen-rechts-frontstosstange-alfa-156-ohne-nebelscheinwerfer\/#primaryimage\",\"url\":\"https:\/\/turijnmagazijn.nl\/wp-content\/uploads\/2023\/03\/DK00101172_Frame_Rechts_voorbumper_Alfa_156_zonder_mistlicht_1-1.jpg\",\"contentUrl\":\"https:\/\/turijnmagazijn.nl\/wp-content\/uploads\/2023\/03\/DK00101172_Frame_Rechts_voorbumper_Alfa_156_zonder_mistlicht_1-1.jpg\",\"width\":800,\"height\":600},{\"@type\":\"BreadcrumbList\",\"@id\":\"https:\/\/turijnmagazijn.nl\/de\/produkt\/rahmen-rechts-frontstosstange-alfa-156-ohne-nebelscheinwerfer\/#breadcrumb\",\"itemListElement\":[{\"@type\":\"ListItem\",\"position\":1,\"name\":\"Home\",\"item\":\"https:\/\/turijnmagazijn.jumpstone-dev.nl\/\"},{\"@type\":\"ListItem\",\"position\":2,\"name\":\"Produkte\",\"item\":\"https:\/\/turijnmagazijn.nl\/de\/shop\/\"},{\"@type\":\"ListItem\",\"position\":3,\"name\":\"Rahmen Rechte vordere Sto\u00dfstange Alfa 156 ohne Nebelscheinwerfer\"}]},{\"@type\":\"WebSite\",\"@id\":\"https:\/\/turijnmagazijn.jumpstone-dev.nl\/#website\",\"url\":\"https:\/\/turijnmagazijn.jumpstone-dev.nl\/\",\"name\":\"Turijnmagazijn\",\"description\":\"Onderdelen nieuw en gebruikt - Fiat &amp; Lancia\",\"publisher\":{\"@id\":\"https:\/\/turijnmagazijn.jumpstone-dev.nl\/#organization\"},\"potentialAction\":[{\"@type\":\"SearchAction\",\"target\":{\"@type\":\"EntryPoint\",\"urlTemplate\":\"https:\/\/turijnmagazijn.jumpstone-dev.nl\/?s={search_term_string}\"},\"query-input\":{\"@type\":\"PropertyValueSpecification\",\"valueRequired\":true,\"valueName\":\"search_term_string\"}}],\"inLanguage\":\"de\"},{\"@type\":\"Organization\",\"@id\":\"https:\/\/turijnmagazijn.jumpstone-dev.nl\/#organization\",\"name\":\"Turijnmagazijn\",\"url\":\"https:\/\/turijnmagazijn.jumpstone-dev.nl\/\",\"logo\":{\"@type\":\"ImageObject\",\"inLanguage\":\"de\",\"@id\":\"https:\/\/turijnmagazijn.jumpstone-dev.nl\/#\/schema\/logo\/image\/\",\"url\":\"https:\/\/turijnmagazijn.nl\/wp-content\/uploads\/2021\/02\/turijnmagazijnlogo.png\",\"contentUrl\":\"https:\/\/turijnmagazijn.nl\/wp-content\/uploads\/2021\/02\/turijnmagazijnlogo.png\",\"width\":555,\"height\":270,\"caption\":\"Turijnmagazijn\"},\"image\":{\"@id\":\"https:\/\/turijnmagazijn.jumpstone-dev.nl\/#\/schema\/logo\/image\/\"},\"sameAs\":[\"https:\/\/www.facebook.com\/turijnmagazijn\"]}]}<\/script>\n<!-- \/ Yoast SEO plugin. -->","yoast_head_json":{"title":"Rahmen Rechte vordere Sto\u00dfstange Alfa 156 ohne Nebelscheinwerfer - Turijnmagazijn","robots":{"index":"index","follow":"follow","max-snippet":"max-snippet:-1","max-image-preview":"max-image-preview:large","max-video-preview":"max-video-preview:-1"},"canonical":"https:\/\/turijnmagazijn.nl\/de\/produkt\/rahmen-rechts-frontstosstange-alfa-156-ohne-nebelscheinwerfer\/","og_locale":"de_DE","og_type":"article","og_title":"Rahmen Rechte vordere Sto\u00dfstange Alfa 156 ohne Nebelscheinwerfer - Turijnmagazijn","og_description":"Rahmen Rechte vordere Sto\u00dfstange Alfa 156 ohne Nebelscheinwerfer - Kunststoffrahmen rechts f\u00fcr die Montage in der vorderen Sto\u00dfstange ohne Ausschnitt f\u00fcr Nebelscheinwerfer f\u00fcr Alfa Romeo 156.","og_url":"https:\/\/turijnmagazijn.nl\/de\/produkt\/rahmen-rechts-frontstosstange-alfa-156-ohne-nebelscheinwerfer\/","og_site_name":"Turijnmagazijn","article_publisher":"https:\/\/www.facebook.com\/turijnmagazijn","article_modified_time":"2023-07-26T11:53:02+00:00","og_image":[{"width":800,"height":600,"url":"https:\/\/turijnmagazijn.jumpstone-dev.nl\/wp-content\/uploads\/2023\/03\/DK00101172_Frame_Rechts_voorbumper_Alfa_156_zonder_mistlicht_1-1.jpg","type":"image\/jpeg"}],"twitter_card":"summary_large_image","schema":{"@context":"https:\/\/schema.org","@graph":[{"@type":"WebPage","@id":"https:\/\/turijnmagazijn.nl\/de\/produkt\/rahmen-rechts-frontstosstange-alfa-156-ohne-nebelscheinwerfer\/","url":"https:\/\/turijnmagazijn.nl\/de\/produkt\/rahmen-rechts-frontstosstange-alfa-156-ohne-nebelscheinwerfer\/","name":"Rahmen Rechte vordere Sto\u00dfstange Alfa 156 ohne Nebelscheinwerfer - Turijnmagazijn","isPartOf":{"@id":"https:\/\/turijnmagazijn.jumpstone-dev.nl\/#website"},"primaryImageOfPage":{"@id":"https:\/\/turijnmagazijn.nl\/de\/produkt\/rahmen-rechts-frontstosstange-alfa-156-ohne-nebelscheinwerfer\/#primaryimage"},"image":{"@id":"https:\/\/turijnmagazijn.nl\/de\/produkt\/rahmen-rechts-frontstosstange-alfa-156-ohne-nebelscheinwerfer\/#primaryimage"},"thumbnailUrl":"https:\/\/turijnmagazijn.nl\/wp-content\/uploads\/2023\/03\/DK00101172_Frame_Rechts_voorbumper_Alfa_156_zonder_mistlicht_1-1.jpg","datePublished":"2023-03-03T08:13:12+00:00","dateModified":"2023-07-26T11:53:02+00:00","breadcrumb":{"@id":"https:\/\/turijnmagazijn.nl\/de\/produkt\/rahmen-rechts-frontstosstange-alfa-156-ohne-nebelscheinwerfer\/#breadcrumb"},"inLanguage":"de","potentialAction":[{"@type":"ReadAction","target":["https:\/\/turijnmagazijn.nl\/de\/produkt\/rahmen-rechts-frontstosstange-alfa-156-ohne-nebelscheinwerfer\/"]}]},{"@type":"ImageObject","inLanguage":"de","@id":"https:\/\/turijnmagazijn.nl\/de\/produkt\/rahmen-rechts-frontstosstange-alfa-156-ohne-nebelscheinwerfer\/#primaryimage","url":"https:\/\/turijnmagazijn.nl\/wp-content\/uploads\/2023\/03\/DK00101172_Frame_Rechts_voorbumper_Alfa_156_zonder_mistlicht_1-1.jpg","contentUrl":"https:\/\/turijnmagazijn.nl\/wp-content\/uploads\/2023\/03\/DK00101172_Frame_Rechts_voorbumper_Alfa_156_zonder_mistlicht_1-1.jpg","width":800,"height":600},{"@type":"BreadcrumbList","@id":"https:\/\/turijnmagazijn.nl\/de\/produkt\/rahmen-rechts-frontstosstange-alfa-156-ohne-nebelscheinwerfer\/#breadcrumb","itemListElement":[{"@type":"ListItem","position":1,"name":"Home","item":"https:\/\/turijnmagazijn.jumpstone-dev.nl\/"},{"@type":"ListItem","position":2,"name":"Produkte","item":"https:\/\/turijnmagazijn.nl\/de\/shop\/"},{"@type":"ListItem","position":3,"name":"Rahmen Rechte vordere Sto\u00dfstange Alfa 156 ohne Nebelscheinwerfer"}]},{"@type":"WebSite","@id":"https:\/\/turijnmagazijn.jumpstone-dev.nl\/#website","url":"https:\/\/turijnmagazijn.jumpstone-dev.nl\/","name":"Turijnmagazijn","description":"Onderdelen nieuw en gebruikt - Fiat &amp; Lancia","publisher":{"@id":"https:\/\/turijnmagazijn.jumpstone-dev.nl\/#organization"},"potentialAction":[{"@type":"SearchAction","target":{"@type":"EntryPoint","urlTemplate":"https:\/\/turijnmagazijn.jumpstone-dev.nl\/?s={search_term_string}"},"query-input":{"@type":"PropertyValueSpecification","valueRequired":true,"valueName":"search_term_string"}}],"inLanguage":"de"},{"@type":"Organization","@id":"https:\/\/turijnmagazijn.jumpstone-dev.nl\/#organization","name":"Turijnmagazijn","url":"https:\/\/turijnmagazijn.jumpstone-dev.nl\/","logo":{"@type":"ImageObject","inLanguage":"de","@id":"https:\/\/turijnmagazijn.jumpstone-dev.nl\/#\/schema\/logo\/image\/","url":"https:\/\/turijnmagazijn.nl\/wp-content\/uploads\/2021\/02\/turijnmagazijnlogo.png","contentUrl":"https:\/\/turijnmagazijn.nl\/wp-content\/uploads\/2021\/02\/turijnmagazijnlogo.png","width":555,"height":270,"caption":"Turijnmagazijn"},"image":{"@id":"https:\/\/turijnmagazijn.jumpstone-dev.nl\/#\/schema\/logo\/image\/"},"sameAs":["https:\/\/www.facebook.com\/turijnmagazijn"]}]}},"_links":{"self":[{"href":"https:\/\/turijnmagazijn.nl\/de\/wp-json\/wp\/v2\/product\/63252","targetHints":{"allow":["GET"]}}],"collection":[{"href":"https:\/\/turijnmagazijn.nl\/de\/wp-json\/wp\/v2\/product"}],"about":[{"href":"https:\/\/turijnmagazijn.nl\/de\/wp-json\/wp\/v2\/types\/product"}],"replies":[{"embeddable":true,"href":"https:\/\/turijnmagazijn.nl\/de\/wp-json\/wp\/v2\/comments?post=63252"}],"wp:featuredmedia":[{"embeddable":true,"href":"https:\/\/turijnmagazijn.nl\/de\/wp-json\/wp\/v2\/media\/39861"}],"wp:attachment":[{"href":"https:\/\/turijnmagazijn.nl\/de\/wp-json\/wp\/v2\/media?parent=63252"}],"wp:term":[{"taxonomy":"product_brand","embeddable":true,"href":"https:\/\/turijnmagazijn.nl\/de\/wp-json\/wp\/v2\/product_brand?post=63252"},{"taxonomy":"product_cat","embeddable":true,"href":"https:\/\/turijnmagazijn.nl\/de\/wp-json\/wp\/v2\/product_cat?post=63252"},{"taxonomy":"product_tag","embeddable":true,"href":"https:\/\/turijnmagazijn.nl\/de\/wp-json\/wp\/v2\/product_tag?post=63252"}],"curies":[{"name":"wp","href":"https:\/\/api.w.org\/{rel}","templated":true}]}}