{"id":63308,"date":"2023-03-03T09:13:33","date_gmt":"2023-03-03T08:13:33","guid":{"rendered":"https:\/\/turijnmagazijn.nl\/product\/steuergeraetezuendung-fiat-croma-2-0-i-e-turbo\/"},"modified":"2024-08-19T12:30:14","modified_gmt":"2024-08-19T10:30:14","slug":"steuergerate-zundung-fiat-croma-2-0-i-e-turbo","status":"publish","type":"product","link":"https:\/\/turijnmagazijn.nl\/de\/produkt\/steuergerate-zundung-fiat-croma-2-0-i-e-turbo\/","title":{"rendered":"Steuerger\u00e4tez\u00fcndung Fiat Croma 2.0 I.E. Turbo"},"content":{"rendered":"<p><span style=\"font-size: 12px;\">Computer zur Steuerung der elektronischen Z\u00fcndung f\u00fcr Fiat Croma mit 2.0 d.h. Turbobenzinmotor aus dem Jahr 1990. Es handelt sich um eine Einheit des Herstellers Magneti Marelli namens Microplex. Die Box hat ein Aluminiumgeh\u00e4use mit K\u00fchlrippen und ist mit einem 11-poligen Anschluss zur Steuerung der Z\u00fcndung ausgestattet. Der Schrank wird mit drei Schrauben montiert.<\/span><\/p>\n<p>Aufschrift auf dem Aufkleber auf diesem Ger\u00e4t:<\/p>\n<p>Magneti Marelli Microplex<\/p>\n<p>MED601B<\/p>\n<p>6346<\/p>\n<p>OEM-Nummer Fiat Unbekannt<\/p>\n","protected":false},"excerpt":{"rendered":"<p>ECU Z\u00fcndung Fiat Croma 2.0 I.E. Turbo &#8211; Computer zur Steuerung der elektronischen Z\u00fcndung f\u00fcr Fiat Croma ausgestattet mit 2.<\/p>\n","protected":false},"featured_media":40181,"comment_status":"open","ping_status":"closed","template":"","meta":{"_acf_changed":false},"product_brand":[],"product_cat":[1721,1689],"product_tag":[],"class_list":{"0":"post-63308","1":"product","2":"type-product","3":"status-publish","4":"has-post-thumbnail","6":"product_cat-croma-1-154-de","7":"product_cat-fiat-de","8":"pa_soort-onderdeel-interieur-und-polsterung","9":"pa_soort-onderdeel-motor-und-zubehor","11":"first","12":"instock","13":"shipping-taxable","14":"purchasable","15":"product-type-simple"},"acf":[],"yoast_head":"<!-- This site is optimized with the Yoast SEO plugin v27.2 - https:\/\/yoast.com\/product\/yoast-seo-wordpress\/ -->\n<title>Steuerger\u00e4tez\u00fcndung Fiat Croma 2.0 I.E. Turbo - Turijnmagazijn<\/title>\n<meta name=\"robots\" content=\"index, follow, max-snippet:-1, max-image-preview:large, max-video-preview:-1\" \/>\n<link rel=\"canonical\" href=\"https:\/\/turijnmagazijn.nl\/de\/produkt\/steuergerate-zundung-fiat-croma-2-0-i-e-turbo\/\" \/>\n<meta property=\"og:locale\" content=\"de_DE\" \/>\n<meta property=\"og:type\" content=\"article\" \/>\n<meta property=\"og:title\" content=\"Steuerger\u00e4tez\u00fcndung Fiat Croma 2.0 I.E. Turbo - Turijnmagazijn\" \/>\n<meta property=\"og:description\" content=\"ECU Z\u00fcndung Fiat Croma 2.0 I.E. Turbo - Computer zur Steuerung der elektronischen Z\u00fcndung f\u00fcr Fiat Croma ausgestattet mit 2.\" \/>\n<meta property=\"og:url\" content=\"https:\/\/turijnmagazijn.nl\/de\/produkt\/steuergerate-zundung-fiat-croma-2-0-i-e-turbo\/\" \/>\n<meta property=\"og:site_name\" content=\"Turijnmagazijn\" \/>\n<meta property=\"article:publisher\" content=\"https:\/\/www.facebook.com\/turijnmagazijn\" \/>\n<meta property=\"article:modified_time\" content=\"2024-08-19T10:30:14+00:00\" \/>\n<meta property=\"og:image\" content=\"https:\/\/turijnmagazijn.nl\/wp-content\/uploads\/2023\/03\/DK00101237_ECU_ontsteking_Fiat_Croma_2.0_I.E._Turbo_3-1.jpg\" \/>\n\t<meta property=\"og:image:width\" content=\"800\" \/>\n\t<meta property=\"og:image:height\" content=\"600\" \/>\n\t<meta property=\"og:image:type\" content=\"image\/jpeg\" \/>\n<meta name=\"twitter:card\" content=\"summary_large_image\" \/>\n<script type=\"application\/ld+json\" class=\"yoast-schema-graph\">{\"@context\":\"https:\/\/schema.org\",\"@graph\":[{\"@type\":\"WebPage\",\"@id\":\"https:\/\/turijnmagazijn.nl\/de\/produkt\/steuergerate-zundung-fiat-croma-2-0-i-e-turbo\/\",\"url\":\"https:\/\/turijnmagazijn.nl\/de\/produkt\/steuergerate-zundung-fiat-croma-2-0-i-e-turbo\/\",\"name\":\"Steuerger\u00e4tez\u00fcndung Fiat Croma 2.0 I.E. Turbo - Turijnmagazijn\",\"isPartOf\":{\"@id\":\"https:\/\/turijnmagazijn.jumpstone-dev.nl\/#website\"},\"primaryImageOfPage\":{\"@id\":\"https:\/\/turijnmagazijn.nl\/de\/produkt\/steuergerate-zundung-fiat-croma-2-0-i-e-turbo\/#primaryimage\"},\"image\":{\"@id\":\"https:\/\/turijnmagazijn.nl\/de\/produkt\/steuergerate-zundung-fiat-croma-2-0-i-e-turbo\/#primaryimage\"},\"thumbnailUrl\":\"https:\/\/turijnmagazijn.nl\/wp-content\/uploads\/2023\/03\/DK00101237_ECU_ontsteking_Fiat_Croma_2.0_I.E._Turbo_3-1.jpg\",\"datePublished\":\"2023-03-03T08:13:33+00:00\",\"dateModified\":\"2024-08-19T10:30:14+00:00\",\"breadcrumb\":{\"@id\":\"https:\/\/turijnmagazijn.nl\/de\/produkt\/steuergerate-zundung-fiat-croma-2-0-i-e-turbo\/#breadcrumb\"},\"inLanguage\":\"de\",\"potentialAction\":[{\"@type\":\"ReadAction\",\"target\":[\"https:\/\/turijnmagazijn.nl\/de\/produkt\/steuergerate-zundung-fiat-croma-2-0-i-e-turbo\/\"]}]},{\"@type\":\"ImageObject\",\"inLanguage\":\"de\",\"@id\":\"https:\/\/turijnmagazijn.nl\/de\/produkt\/steuergerate-zundung-fiat-croma-2-0-i-e-turbo\/#primaryimage\",\"url\":\"https:\/\/turijnmagazijn.nl\/wp-content\/uploads\/2023\/03\/DK00101237_ECU_ontsteking_Fiat_Croma_2.0_I.E._Turbo_3-1.jpg\",\"contentUrl\":\"https:\/\/turijnmagazijn.nl\/wp-content\/uploads\/2023\/03\/DK00101237_ECU_ontsteking_Fiat_Croma_2.0_I.E._Turbo_3-1.jpg\",\"width\":800,\"height\":600},{\"@type\":\"BreadcrumbList\",\"@id\":\"https:\/\/turijnmagazijn.nl\/de\/produkt\/steuergerate-zundung-fiat-croma-2-0-i-e-turbo\/#breadcrumb\",\"itemListElement\":[{\"@type\":\"ListItem\",\"position\":1,\"name\":\"Home\",\"item\":\"https:\/\/turijnmagazijn.nl\/de\/\"},{\"@type\":\"ListItem\",\"position\":2,\"name\":\"Produkte\",\"item\":\"https:\/\/turijnmagazijn.nl\/de\/shop\/\"},{\"@type\":\"ListItem\",\"position\":3,\"name\":\"Steuerger\u00e4tez\u00fcndung Fiat Croma 2.0 I.E. Turbo\"}]},{\"@type\":\"WebSite\",\"@id\":\"https:\/\/turijnmagazijn.jumpstone-dev.nl\/#website\",\"url\":\"https:\/\/turijnmagazijn.jumpstone-dev.nl\/\",\"name\":\"Turijnmagazijn\",\"description\":\"Onderdelen nieuw en gebruikt - Fiat &amp; Lancia\",\"publisher\":{\"@id\":\"https:\/\/turijnmagazijn.jumpstone-dev.nl\/#organization\"},\"potentialAction\":[{\"@type\":\"SearchAction\",\"target\":{\"@type\":\"EntryPoint\",\"urlTemplate\":\"https:\/\/turijnmagazijn.jumpstone-dev.nl\/?s={search_term_string}\"},\"query-input\":{\"@type\":\"PropertyValueSpecification\",\"valueRequired\":true,\"valueName\":\"search_term_string\"}}],\"inLanguage\":\"de\"},{\"@type\":\"Organization\",\"@id\":\"https:\/\/turijnmagazijn.jumpstone-dev.nl\/#organization\",\"name\":\"Turijnmagazijn\",\"url\":\"https:\/\/turijnmagazijn.jumpstone-dev.nl\/\",\"logo\":{\"@type\":\"ImageObject\",\"inLanguage\":\"de\",\"@id\":\"https:\/\/turijnmagazijn.jumpstone-dev.nl\/#\/schema\/logo\/image\/\",\"url\":\"https:\/\/turijnmagazijn.nl\/wp-content\/uploads\/2021\/02\/turijnmagazijnlogo.png\",\"contentUrl\":\"https:\/\/turijnmagazijn.nl\/wp-content\/uploads\/2021\/02\/turijnmagazijnlogo.png\",\"width\":555,\"height\":270,\"caption\":\"Turijnmagazijn\"},\"image\":{\"@id\":\"https:\/\/turijnmagazijn.jumpstone-dev.nl\/#\/schema\/logo\/image\/\"},\"sameAs\":[\"https:\/\/www.facebook.com\/turijnmagazijn\"]}]}<\/script>\n<!-- \/ Yoast SEO plugin. -->","yoast_head_json":{"title":"Steuerger\u00e4tez\u00fcndung Fiat Croma 2.0 I.E. Turbo - Turijnmagazijn","robots":{"index":"index","follow":"follow","max-snippet":"max-snippet:-1","max-image-preview":"max-image-preview:large","max-video-preview":"max-video-preview:-1"},"canonical":"https:\/\/turijnmagazijn.nl\/de\/produkt\/steuergerate-zundung-fiat-croma-2-0-i-e-turbo\/","og_locale":"de_DE","og_type":"article","og_title":"Steuerger\u00e4tez\u00fcndung Fiat Croma 2.0 I.E. Turbo - Turijnmagazijn","og_description":"ECU Z\u00fcndung Fiat Croma 2.0 I.E. Turbo - Computer zur Steuerung der elektronischen Z\u00fcndung f\u00fcr Fiat Croma ausgestattet mit 2.","og_url":"https:\/\/turijnmagazijn.nl\/de\/produkt\/steuergerate-zundung-fiat-croma-2-0-i-e-turbo\/","og_site_name":"Turijnmagazijn","article_publisher":"https:\/\/www.facebook.com\/turijnmagazijn","article_modified_time":"2024-08-19T10:30:14+00:00","og_image":[{"width":800,"height":600,"url":"https:\/\/turijnmagazijn.nl\/wp-content\/uploads\/2023\/03\/DK00101237_ECU_ontsteking_Fiat_Croma_2.0_I.E._Turbo_3-1.jpg","type":"image\/jpeg"}],"twitter_card":"summary_large_image","schema":{"@context":"https:\/\/schema.org","@graph":[{"@type":"WebPage","@id":"https:\/\/turijnmagazijn.nl\/de\/produkt\/steuergerate-zundung-fiat-croma-2-0-i-e-turbo\/","url":"https:\/\/turijnmagazijn.nl\/de\/produkt\/steuergerate-zundung-fiat-croma-2-0-i-e-turbo\/","name":"Steuerger\u00e4tez\u00fcndung Fiat Croma 2.0 I.E. Turbo - Turijnmagazijn","isPartOf":{"@id":"https:\/\/turijnmagazijn.jumpstone-dev.nl\/#website"},"primaryImageOfPage":{"@id":"https:\/\/turijnmagazijn.nl\/de\/produkt\/steuergerate-zundung-fiat-croma-2-0-i-e-turbo\/#primaryimage"},"image":{"@id":"https:\/\/turijnmagazijn.nl\/de\/produkt\/steuergerate-zundung-fiat-croma-2-0-i-e-turbo\/#primaryimage"},"thumbnailUrl":"https:\/\/turijnmagazijn.nl\/wp-content\/uploads\/2023\/03\/DK00101237_ECU_ontsteking_Fiat_Croma_2.0_I.E._Turbo_3-1.jpg","datePublished":"2023-03-03T08:13:33+00:00","dateModified":"2024-08-19T10:30:14+00:00","breadcrumb":{"@id":"https:\/\/turijnmagazijn.nl\/de\/produkt\/steuergerate-zundung-fiat-croma-2-0-i-e-turbo\/#breadcrumb"},"inLanguage":"de","potentialAction":[{"@type":"ReadAction","target":["https:\/\/turijnmagazijn.nl\/de\/produkt\/steuergerate-zundung-fiat-croma-2-0-i-e-turbo\/"]}]},{"@type":"ImageObject","inLanguage":"de","@id":"https:\/\/turijnmagazijn.nl\/de\/produkt\/steuergerate-zundung-fiat-croma-2-0-i-e-turbo\/#primaryimage","url":"https:\/\/turijnmagazijn.nl\/wp-content\/uploads\/2023\/03\/DK00101237_ECU_ontsteking_Fiat_Croma_2.0_I.E._Turbo_3-1.jpg","contentUrl":"https:\/\/turijnmagazijn.nl\/wp-content\/uploads\/2023\/03\/DK00101237_ECU_ontsteking_Fiat_Croma_2.0_I.E._Turbo_3-1.jpg","width":800,"height":600},{"@type":"BreadcrumbList","@id":"https:\/\/turijnmagazijn.nl\/de\/produkt\/steuergerate-zundung-fiat-croma-2-0-i-e-turbo\/#breadcrumb","itemListElement":[{"@type":"ListItem","position":1,"name":"Home","item":"https:\/\/turijnmagazijn.nl\/de\/"},{"@type":"ListItem","position":2,"name":"Produkte","item":"https:\/\/turijnmagazijn.nl\/de\/shop\/"},{"@type":"ListItem","position":3,"name":"Steuerger\u00e4tez\u00fcndung Fiat Croma 2.0 I.E. Turbo"}]},{"@type":"WebSite","@id":"https:\/\/turijnmagazijn.jumpstone-dev.nl\/#website","url":"https:\/\/turijnmagazijn.jumpstone-dev.nl\/","name":"Turijnmagazijn","description":"Onderdelen nieuw en gebruikt - Fiat &amp; Lancia","publisher":{"@id":"https:\/\/turijnmagazijn.jumpstone-dev.nl\/#organization"},"potentialAction":[{"@type":"SearchAction","target":{"@type":"EntryPoint","urlTemplate":"https:\/\/turijnmagazijn.jumpstone-dev.nl\/?s={search_term_string}"},"query-input":{"@type":"PropertyValueSpecification","valueRequired":true,"valueName":"search_term_string"}}],"inLanguage":"de"},{"@type":"Organization","@id":"https:\/\/turijnmagazijn.jumpstone-dev.nl\/#organization","name":"Turijnmagazijn","url":"https:\/\/turijnmagazijn.jumpstone-dev.nl\/","logo":{"@type":"ImageObject","inLanguage":"de","@id":"https:\/\/turijnmagazijn.jumpstone-dev.nl\/#\/schema\/logo\/image\/","url":"https:\/\/turijnmagazijn.nl\/wp-content\/uploads\/2021\/02\/turijnmagazijnlogo.png","contentUrl":"https:\/\/turijnmagazijn.nl\/wp-content\/uploads\/2021\/02\/turijnmagazijnlogo.png","width":555,"height":270,"caption":"Turijnmagazijn"},"image":{"@id":"https:\/\/turijnmagazijn.jumpstone-dev.nl\/#\/schema\/logo\/image\/"},"sameAs":["https:\/\/www.facebook.com\/turijnmagazijn"]}]}},"_links":{"self":[{"href":"https:\/\/turijnmagazijn.nl\/de\/wp-json\/wp\/v2\/product\/63308","targetHints":{"allow":["GET"]}}],"collection":[{"href":"https:\/\/turijnmagazijn.nl\/de\/wp-json\/wp\/v2\/product"}],"about":[{"href":"https:\/\/turijnmagazijn.nl\/de\/wp-json\/wp\/v2\/types\/product"}],"replies":[{"embeddable":true,"href":"https:\/\/turijnmagazijn.nl\/de\/wp-json\/wp\/v2\/comments?post=63308"}],"wp:featuredmedia":[{"embeddable":true,"href":"https:\/\/turijnmagazijn.nl\/de\/wp-json\/wp\/v2\/media\/40181"}],"wp:attachment":[{"href":"https:\/\/turijnmagazijn.nl\/de\/wp-json\/wp\/v2\/media?parent=63308"}],"wp:term":[{"taxonomy":"product_brand","embeddable":true,"href":"https:\/\/turijnmagazijn.nl\/de\/wp-json\/wp\/v2\/product_brand?post=63308"},{"taxonomy":"product_cat","embeddable":true,"href":"https:\/\/turijnmagazijn.nl\/de\/wp-json\/wp\/v2\/product_cat?post=63308"},{"taxonomy":"product_tag","embeddable":true,"href":"https:\/\/turijnmagazijn.nl\/de\/wp-json\/wp\/v2\/product_tag?post=63308"}],"curies":[{"name":"wp","href":"https:\/\/api.w.org\/{rel}","templated":true}]}}