{"id":63389,"date":"2023-03-03T09:13:34","date_gmt":"2023-03-03T08:13:34","guid":{"rendered":"https:\/\/turijnmagazijn.nl\/product\/bedienungsanleitung-mit-anbauteilen-und-deckel-fiat-stilo\/"},"modified":"2023-07-26T13:55:14","modified_gmt":"2023-07-26T11:55:14","slug":"bedienungsanleitung-mit-anhangen-und-deckel-fiat-stilo","status":"publish","type":"product","link":"https:\/\/turijnmagazijn.nl\/de\/produkt\/bedienungsanleitung-mit-anhangen-und-deckel-fiat-stilo\/","title":{"rendered":"Bedienungsanleitung mit Anbauteilen und Deckel Fiat Stilo"},"content":{"rendered":"<p><a style=\"background-color: #ffffff; color: #23527c; outline: 0px;\" href=\"https:\/\/turijnmagazijn.nl\/de\/postfachversand\/\" target=\"\" rel=\"noopener\"><img decoding=\"async\" src=\"https:\/\/www.delenkorf.nl\/image\/catalog\/brievenbus.png\"><\/a><span style=\"font-size: 12px;\"><br \/>\n<\/span><\/p>\n<p><span style=\"font-size: 12px;\">Bedienungsanleitung in gutem Zustand und mit Anh\u00e4ngen, Serviceadressen und Wartungsheft, Lineaccesoiri-Heft mit optionalem Zubeh\u00f6r f\u00fcr den Stilo. Auch mit der Bedienungsanleitung f\u00fcr CONNECT nav ausgestattet, f\u00fcr Stilo mit gro\u00dfem Navigationssystem ausgestattet. Die Bedienungsanleitung geh\u00f6rte zu einem Fiat Stilo Abarth Baujahr 2003 und ist in niederl\u00e4ndischer Sprache verfasst. Das Set wird in der originalen stabilen orangefarbenen H\u00fclle geliefert, die sich noch in einem recht ordentlichen Zustand befindet.  <\/span><\/p>\n<p><span style=\"font-size: 12px;\">Die Bedienungsanleitung stammt aus einem Raucherauto und ist daher nicht &#8222;frisch&#8220;.<\/span><\/p>\n<p>VII-2001 1. Auflage<\/p>\n<p><span style=\"font-size: 12px;\">OEM FIAT 60345328<\/span><\/p>\n","protected":false},"excerpt":{"rendered":"<p>Bedienungsanleitung mit Anbauteilen und Deckel Fiat Stilo &#8211; Bedienungsanleitung in gutem Zustand und mit Anbauteilen, Serviceadressen und Wartungsheft, Lineaccesoiri-Heft mit optionalem Zubeh\u00f6r f\u00fcr den Stilo.<\/p>\n","protected":false},"featured_media":33857,"comment_status":"closed","ping_status":"closed","template":"","meta":{"_acf_changed":false},"product_brand":[],"product_cat":[1765,1770,1689,1775,1762],"product_tag":[],"class_list":{"0":"post-63389","1":"product","2":"type-product","3":"status-publish","4":"has-post-thumbnail","6":"product_cat-5drs-de","7":"product_cat-abarth-3drs-de","8":"product_cat-fiat-de","9":"product_cat-multiwagon-de","10":"product_cat-stilo-192-de","11":"pa_soort-onderdeel-bucher-und-dokumentation","12":"pa_soort-onderdeel-interieur-und-polsterung","14":"first","15":"instock","16":"shipping-taxable","17":"purchasable","18":"product-type-simple"},"acf":[],"yoast_head":"<!-- This site is optimized with the Yoast SEO plugin v27.2 - https:\/\/yoast.com\/product\/yoast-seo-wordpress\/ -->\n<title>Bedienungsanleitung mit Anbauteilen und Deckel Fiat Stilo - Turijnmagazijn<\/title>\n<meta name=\"robots\" content=\"index, follow, max-snippet:-1, max-image-preview:large, max-video-preview:-1\" \/>\n<link rel=\"canonical\" href=\"https:\/\/turijnmagazijn.nl\/de\/produkt\/bedienungsanleitung-mit-anhangen-und-deckel-fiat-stilo\/\" \/>\n<meta property=\"og:locale\" content=\"de_DE\" \/>\n<meta property=\"og:type\" content=\"article\" \/>\n<meta property=\"og:title\" content=\"Bedienungsanleitung mit Anbauteilen und Deckel Fiat Stilo - Turijnmagazijn\" \/>\n<meta property=\"og:description\" content=\"Bedienungsanleitung mit Anbauteilen und Deckel Fiat Stilo - Bedienungsanleitung in gutem Zustand und mit Anbauteilen, Serviceadressen und Wartungsheft, Lineaccesoiri-Heft mit optionalem Zubeh\u00f6r f\u00fcr den Stilo.\" \/>\n<meta property=\"og:url\" content=\"https:\/\/turijnmagazijn.nl\/de\/produkt\/bedienungsanleitung-mit-anhangen-und-deckel-fiat-stilo\/\" \/>\n<meta property=\"og:site_name\" content=\"Turijnmagazijn\" \/>\n<meta property=\"article:publisher\" content=\"https:\/\/www.facebook.com\/turijnmagazijn\" \/>\n<meta property=\"article:modified_time\" content=\"2023-07-26T11:55:14+00:00\" \/>\n<meta property=\"og:image\" content=\"https:\/\/turijnmagazijn.jumpstone-dev.nl\/wp-content\/uploads\/2023\/03\/DK00101292-Instructieboekje-met-bijlagen-en-hoes-Fiat-Stilo-455-600x600-1.jpg\" \/>\n\t<meta property=\"og:image:width\" content=\"600\" \/>\n\t<meta property=\"og:image:height\" content=\"600\" \/>\n\t<meta property=\"og:image:type\" content=\"image\/jpeg\" \/>\n<meta name=\"twitter:card\" content=\"summary_large_image\" \/>\n<script type=\"application\/ld+json\" class=\"yoast-schema-graph\">{\"@context\":\"https:\/\/schema.org\",\"@graph\":[{\"@type\":\"WebPage\",\"@id\":\"https:\/\/turijnmagazijn.nl\/de\/produkt\/bedienungsanleitung-mit-anhangen-und-deckel-fiat-stilo\/\",\"url\":\"https:\/\/turijnmagazijn.nl\/de\/produkt\/bedienungsanleitung-mit-anhangen-und-deckel-fiat-stilo\/\",\"name\":\"Bedienungsanleitung mit Anbauteilen und Deckel Fiat Stilo - Turijnmagazijn\",\"isPartOf\":{\"@id\":\"https:\/\/turijnmagazijn.jumpstone-dev.nl\/#website\"},\"primaryImageOfPage\":{\"@id\":\"https:\/\/turijnmagazijn.nl\/de\/produkt\/bedienungsanleitung-mit-anhangen-und-deckel-fiat-stilo\/#primaryimage\"},\"image\":{\"@id\":\"https:\/\/turijnmagazijn.nl\/de\/produkt\/bedienungsanleitung-mit-anhangen-und-deckel-fiat-stilo\/#primaryimage\"},\"thumbnailUrl\":\"https:\/\/turijnmagazijn.nl\/wp-content\/uploads\/2023\/03\/DK00101292-Instructieboekje-met-bijlagen-en-hoes-Fiat-Stilo-455-600x600-1.jpg\",\"datePublished\":\"2023-03-03T08:13:34+00:00\",\"dateModified\":\"2023-07-26T11:55:14+00:00\",\"breadcrumb\":{\"@id\":\"https:\/\/turijnmagazijn.nl\/de\/produkt\/bedienungsanleitung-mit-anhangen-und-deckel-fiat-stilo\/#breadcrumb\"},\"inLanguage\":\"de\",\"potentialAction\":[{\"@type\":\"ReadAction\",\"target\":[\"https:\/\/turijnmagazijn.nl\/de\/produkt\/bedienungsanleitung-mit-anhangen-und-deckel-fiat-stilo\/\"]}]},{\"@type\":\"ImageObject\",\"inLanguage\":\"de\",\"@id\":\"https:\/\/turijnmagazijn.nl\/de\/produkt\/bedienungsanleitung-mit-anhangen-und-deckel-fiat-stilo\/#primaryimage\",\"url\":\"https:\/\/turijnmagazijn.nl\/wp-content\/uploads\/2023\/03\/DK00101292-Instructieboekje-met-bijlagen-en-hoes-Fiat-Stilo-455-600x600-1.jpg\",\"contentUrl\":\"https:\/\/turijnmagazijn.nl\/wp-content\/uploads\/2023\/03\/DK00101292-Instructieboekje-met-bijlagen-en-hoes-Fiat-Stilo-455-600x600-1.jpg\",\"width\":600,\"height\":600},{\"@type\":\"BreadcrumbList\",\"@id\":\"https:\/\/turijnmagazijn.nl\/de\/produkt\/bedienungsanleitung-mit-anhangen-und-deckel-fiat-stilo\/#breadcrumb\",\"itemListElement\":[{\"@type\":\"ListItem\",\"position\":1,\"name\":\"Home\",\"item\":\"https:\/\/turijnmagazijn.nl\/de\/\"},{\"@type\":\"ListItem\",\"position\":2,\"name\":\"Produkte\",\"item\":\"https:\/\/turijnmagazijn.nl\/de\/shop\/\"},{\"@type\":\"ListItem\",\"position\":3,\"name\":\"Bedienungsanleitung mit Anbauteilen und Deckel Fiat Stilo\"}]},{\"@type\":\"WebSite\",\"@id\":\"https:\/\/turijnmagazijn.jumpstone-dev.nl\/#website\",\"url\":\"https:\/\/turijnmagazijn.jumpstone-dev.nl\/\",\"name\":\"Turijnmagazijn\",\"description\":\"Onderdelen nieuw en gebruikt - Fiat &amp; Lancia\",\"publisher\":{\"@id\":\"https:\/\/turijnmagazijn.jumpstone-dev.nl\/#organization\"},\"potentialAction\":[{\"@type\":\"SearchAction\",\"target\":{\"@type\":\"EntryPoint\",\"urlTemplate\":\"https:\/\/turijnmagazijn.jumpstone-dev.nl\/?s={search_term_string}\"},\"query-input\":{\"@type\":\"PropertyValueSpecification\",\"valueRequired\":true,\"valueName\":\"search_term_string\"}}],\"inLanguage\":\"de\"},{\"@type\":\"Organization\",\"@id\":\"https:\/\/turijnmagazijn.jumpstone-dev.nl\/#organization\",\"name\":\"Turijnmagazijn\",\"url\":\"https:\/\/turijnmagazijn.jumpstone-dev.nl\/\",\"logo\":{\"@type\":\"ImageObject\",\"inLanguage\":\"de\",\"@id\":\"https:\/\/turijnmagazijn.jumpstone-dev.nl\/#\/schema\/logo\/image\/\",\"url\":\"https:\/\/turijnmagazijn.nl\/wp-content\/uploads\/2021\/02\/turijnmagazijnlogo.png\",\"contentUrl\":\"https:\/\/turijnmagazijn.nl\/wp-content\/uploads\/2021\/02\/turijnmagazijnlogo.png\",\"width\":555,\"height\":270,\"caption\":\"Turijnmagazijn\"},\"image\":{\"@id\":\"https:\/\/turijnmagazijn.jumpstone-dev.nl\/#\/schema\/logo\/image\/\"},\"sameAs\":[\"https:\/\/www.facebook.com\/turijnmagazijn\"]}]}<\/script>\n<!-- \/ Yoast SEO plugin. -->","yoast_head_json":{"title":"Bedienungsanleitung mit Anbauteilen und Deckel Fiat Stilo - Turijnmagazijn","robots":{"index":"index","follow":"follow","max-snippet":"max-snippet:-1","max-image-preview":"max-image-preview:large","max-video-preview":"max-video-preview:-1"},"canonical":"https:\/\/turijnmagazijn.nl\/de\/produkt\/bedienungsanleitung-mit-anhangen-und-deckel-fiat-stilo\/","og_locale":"de_DE","og_type":"article","og_title":"Bedienungsanleitung mit Anbauteilen und Deckel Fiat Stilo - Turijnmagazijn","og_description":"Bedienungsanleitung mit Anbauteilen und Deckel Fiat Stilo - Bedienungsanleitung in gutem Zustand und mit Anbauteilen, Serviceadressen und Wartungsheft, Lineaccesoiri-Heft mit optionalem Zubeh\u00f6r f\u00fcr den Stilo.","og_url":"https:\/\/turijnmagazijn.nl\/de\/produkt\/bedienungsanleitung-mit-anhangen-und-deckel-fiat-stilo\/","og_site_name":"Turijnmagazijn","article_publisher":"https:\/\/www.facebook.com\/turijnmagazijn","article_modified_time":"2023-07-26T11:55:14+00:00","og_image":[{"width":600,"height":600,"url":"https:\/\/turijnmagazijn.jumpstone-dev.nl\/wp-content\/uploads\/2023\/03\/DK00101292-Instructieboekje-met-bijlagen-en-hoes-Fiat-Stilo-455-600x600-1.jpg","type":"image\/jpeg"}],"twitter_card":"summary_large_image","schema":{"@context":"https:\/\/schema.org","@graph":[{"@type":"WebPage","@id":"https:\/\/turijnmagazijn.nl\/de\/produkt\/bedienungsanleitung-mit-anhangen-und-deckel-fiat-stilo\/","url":"https:\/\/turijnmagazijn.nl\/de\/produkt\/bedienungsanleitung-mit-anhangen-und-deckel-fiat-stilo\/","name":"Bedienungsanleitung mit Anbauteilen und Deckel Fiat Stilo - Turijnmagazijn","isPartOf":{"@id":"https:\/\/turijnmagazijn.jumpstone-dev.nl\/#website"},"primaryImageOfPage":{"@id":"https:\/\/turijnmagazijn.nl\/de\/produkt\/bedienungsanleitung-mit-anhangen-und-deckel-fiat-stilo\/#primaryimage"},"image":{"@id":"https:\/\/turijnmagazijn.nl\/de\/produkt\/bedienungsanleitung-mit-anhangen-und-deckel-fiat-stilo\/#primaryimage"},"thumbnailUrl":"https:\/\/turijnmagazijn.nl\/wp-content\/uploads\/2023\/03\/DK00101292-Instructieboekje-met-bijlagen-en-hoes-Fiat-Stilo-455-600x600-1.jpg","datePublished":"2023-03-03T08:13:34+00:00","dateModified":"2023-07-26T11:55:14+00:00","breadcrumb":{"@id":"https:\/\/turijnmagazijn.nl\/de\/produkt\/bedienungsanleitung-mit-anhangen-und-deckel-fiat-stilo\/#breadcrumb"},"inLanguage":"de","potentialAction":[{"@type":"ReadAction","target":["https:\/\/turijnmagazijn.nl\/de\/produkt\/bedienungsanleitung-mit-anhangen-und-deckel-fiat-stilo\/"]}]},{"@type":"ImageObject","inLanguage":"de","@id":"https:\/\/turijnmagazijn.nl\/de\/produkt\/bedienungsanleitung-mit-anhangen-und-deckel-fiat-stilo\/#primaryimage","url":"https:\/\/turijnmagazijn.nl\/wp-content\/uploads\/2023\/03\/DK00101292-Instructieboekje-met-bijlagen-en-hoes-Fiat-Stilo-455-600x600-1.jpg","contentUrl":"https:\/\/turijnmagazijn.nl\/wp-content\/uploads\/2023\/03\/DK00101292-Instructieboekje-met-bijlagen-en-hoes-Fiat-Stilo-455-600x600-1.jpg","width":600,"height":600},{"@type":"BreadcrumbList","@id":"https:\/\/turijnmagazijn.nl\/de\/produkt\/bedienungsanleitung-mit-anhangen-und-deckel-fiat-stilo\/#breadcrumb","itemListElement":[{"@type":"ListItem","position":1,"name":"Home","item":"https:\/\/turijnmagazijn.nl\/de\/"},{"@type":"ListItem","position":2,"name":"Produkte","item":"https:\/\/turijnmagazijn.nl\/de\/shop\/"},{"@type":"ListItem","position":3,"name":"Bedienungsanleitung mit Anbauteilen und Deckel Fiat Stilo"}]},{"@type":"WebSite","@id":"https:\/\/turijnmagazijn.jumpstone-dev.nl\/#website","url":"https:\/\/turijnmagazijn.jumpstone-dev.nl\/","name":"Turijnmagazijn","description":"Onderdelen nieuw en gebruikt - Fiat &amp; Lancia","publisher":{"@id":"https:\/\/turijnmagazijn.jumpstone-dev.nl\/#organization"},"potentialAction":[{"@type":"SearchAction","target":{"@type":"EntryPoint","urlTemplate":"https:\/\/turijnmagazijn.jumpstone-dev.nl\/?s={search_term_string}"},"query-input":{"@type":"PropertyValueSpecification","valueRequired":true,"valueName":"search_term_string"}}],"inLanguage":"de"},{"@type":"Organization","@id":"https:\/\/turijnmagazijn.jumpstone-dev.nl\/#organization","name":"Turijnmagazijn","url":"https:\/\/turijnmagazijn.jumpstone-dev.nl\/","logo":{"@type":"ImageObject","inLanguage":"de","@id":"https:\/\/turijnmagazijn.jumpstone-dev.nl\/#\/schema\/logo\/image\/","url":"https:\/\/turijnmagazijn.nl\/wp-content\/uploads\/2021\/02\/turijnmagazijnlogo.png","contentUrl":"https:\/\/turijnmagazijn.nl\/wp-content\/uploads\/2021\/02\/turijnmagazijnlogo.png","width":555,"height":270,"caption":"Turijnmagazijn"},"image":{"@id":"https:\/\/turijnmagazijn.jumpstone-dev.nl\/#\/schema\/logo\/image\/"},"sameAs":["https:\/\/www.facebook.com\/turijnmagazijn"]}]}},"_links":{"self":[{"href":"https:\/\/turijnmagazijn.nl\/de\/wp-json\/wp\/v2\/product\/63389","targetHints":{"allow":["GET"]}}],"collection":[{"href":"https:\/\/turijnmagazijn.nl\/de\/wp-json\/wp\/v2\/product"}],"about":[{"href":"https:\/\/turijnmagazijn.nl\/de\/wp-json\/wp\/v2\/types\/product"}],"replies":[{"embeddable":true,"href":"https:\/\/turijnmagazijn.nl\/de\/wp-json\/wp\/v2\/comments?post=63389"}],"wp:featuredmedia":[{"embeddable":true,"href":"https:\/\/turijnmagazijn.nl\/de\/wp-json\/wp\/v2\/media\/33857"}],"wp:attachment":[{"href":"https:\/\/turijnmagazijn.nl\/de\/wp-json\/wp\/v2\/media?parent=63389"}],"wp:term":[{"taxonomy":"product_brand","embeddable":true,"href":"https:\/\/turijnmagazijn.nl\/de\/wp-json\/wp\/v2\/product_brand?post=63389"},{"taxonomy":"product_cat","embeddable":true,"href":"https:\/\/turijnmagazijn.nl\/de\/wp-json\/wp\/v2\/product_cat?post=63389"},{"taxonomy":"product_tag","embeddable":true,"href":"https:\/\/turijnmagazijn.nl\/de\/wp-json\/wp\/v2\/product_tag?post=63389"}],"curies":[{"name":"wp","href":"https:\/\/api.w.org\/{rel}","templated":true}]}}