{"id":63396,"date":"2023-03-03T09:13:34","date_gmt":"2023-03-03T08:13:34","guid":{"rendered":"https:\/\/turijnmagazijn.nl\/product\/besitzerheft-mit-anhaengen-und-alfa-147-cover\/"},"modified":"2023-07-26T13:55:04","modified_gmt":"2023-07-26T11:55:04","slug":"bedienungsanleitung-mit-aufsatzen-und-deckel-alfa-147","status":"publish","type":"product","link":"https:\/\/turijnmagazijn.nl\/de\/produkt\/bedienungsanleitung-mit-aufsatzen-und-deckel-alfa-147\/","title":{"rendered":"Besitzerheft mit Anh\u00e4ngen und Alfa 147 Cover"},"content":{"rendered":"<p><a style=\"background-color: #ffffff; color: #23527c; outline: 0px;\" href=\"https:\/\/turijnmagazijn.nl\/de\/postfachversand\/\" target=\"\" rel=\"noopener\"><img decoding=\"async\" src=\"https:\/\/www.delenkorf.nl\/image\/catalog\/brievenbus.png\"><\/a><span style=\"font-size: 12px;\"><br \/>\n<\/span><\/p>\n<p><span style=\"font-size: 12px;\">Bedienungsanleitung in gutem Zustand und mit Anh\u00e4ngen, Serviceadressen und Wartungsheft versehen. Die Bedienungsanleitung geh\u00f6rte zu einem Alfa Romeo 147 aus dem Jahr 2002 und ist in niederl\u00e4ndischer Sprache verfasst. Das Set wird im Original-Cover geliefert, das sich noch in einem recht ordentlichen Zustand befindet.  <\/span><\/p>\n<p><span style=\"font-size: 12px;\">Die Bedienungsanleitung stammt von einem rauchenden Auto und ist daher nicht &#8222;frisch&#8220;<\/span><\/p>\n<p><span style=\"font-size: 12px;\">1. AUFLAGE. NL<\/span><\/p>\n<p><span style=\"font-size: 12px;\">OEM-Nummer Alfa Romeo 60490983<\/span><\/p>\n","protected":false},"excerpt":{"rendered":"<p>Bedienungsanleitung mit Anbauteilen und Deckel Alfa 147 &#8211; Bedienungsanleitung in gutem Zustand, mit Anbauteilen, Serviceadressen und Wartungsheft.<\/p>\n","protected":false},"featured_media":40541,"comment_status":"closed","ping_status":"closed","template":"","meta":{"_acf_changed":false},"product_brand":[],"product_cat":[1605,1584],"product_tag":[],"class_list":{"0":"post-63396","1":"product","2":"type-product","3":"status-publish","4":"has-post-thumbnail","6":"product_cat-147-937-de","7":"product_cat-alfa-romeo-de","8":"pa_soort-onderdeel-bucher-und-dokumentation","9":"pa_soort-onderdeel-interieur-und-polsterung","11":"first","12":"instock","13":"shipping-taxable","14":"purchasable","15":"product-type-simple"},"acf":[],"yoast_head":"<!-- This site is optimized with the Yoast SEO plugin v27.2 - https:\/\/yoast.com\/product\/yoast-seo-wordpress\/ -->\n<title>Besitzerheft mit Anh\u00e4ngen und Alfa 147 Cover - Turijnmagazijn<\/title>\n<meta name=\"robots\" content=\"index, follow, max-snippet:-1, max-image-preview:large, max-video-preview:-1\" \/>\n<link rel=\"canonical\" href=\"https:\/\/turijnmagazijn.nl\/de\/produkt\/bedienungsanleitung-mit-aufsatzen-und-deckel-alfa-147\/\" \/>\n<meta property=\"og:locale\" content=\"de_DE\" \/>\n<meta property=\"og:type\" content=\"article\" \/>\n<meta property=\"og:title\" content=\"Besitzerheft mit Anh\u00e4ngen und Alfa 147 Cover - Turijnmagazijn\" \/>\n<meta property=\"og:description\" content=\"Bedienungsanleitung mit Anbauteilen und Deckel Alfa 147 - Bedienungsanleitung in gutem Zustand, mit Anbauteilen, Serviceadressen und Wartungsheft.\" \/>\n<meta property=\"og:url\" content=\"https:\/\/turijnmagazijn.nl\/de\/produkt\/bedienungsanleitung-mit-aufsatzen-und-deckel-alfa-147\/\" \/>\n<meta property=\"og:site_name\" content=\"Turijnmagazijn\" \/>\n<meta property=\"article:publisher\" content=\"https:\/\/www.facebook.com\/turijnmagazijn\" \/>\n<meta property=\"article:modified_time\" content=\"2023-07-26T11:55:04+00:00\" \/>\n<meta property=\"og:image\" content=\"https:\/\/turijnmagazijn.jumpstone-dev.nl\/wp-content\/uploads\/2023\/03\/DK00101291-Instructieboekje-met-bijlagen-en-hoes-Alfa-147-5.jpg\" \/>\n\t<meta property=\"og:image:width\" content=\"800\" \/>\n\t<meta property=\"og:image:height\" content=\"600\" \/>\n\t<meta property=\"og:image:type\" content=\"image\/jpeg\" \/>\n<meta name=\"twitter:card\" content=\"summary_large_image\" \/>\n<script type=\"application\/ld+json\" class=\"yoast-schema-graph\">{\"@context\":\"https:\/\/schema.org\",\"@graph\":[{\"@type\":\"WebPage\",\"@id\":\"https:\/\/turijnmagazijn.nl\/de\/produkt\/bedienungsanleitung-mit-aufsatzen-und-deckel-alfa-147\/\",\"url\":\"https:\/\/turijnmagazijn.nl\/de\/produkt\/bedienungsanleitung-mit-aufsatzen-und-deckel-alfa-147\/\",\"name\":\"Besitzerheft mit Anh\u00e4ngen und Alfa 147 Cover - Turijnmagazijn\",\"isPartOf\":{\"@id\":\"https:\/\/turijnmagazijn.jumpstone-dev.nl\/#website\"},\"primaryImageOfPage\":{\"@id\":\"https:\/\/turijnmagazijn.nl\/de\/produkt\/bedienungsanleitung-mit-aufsatzen-und-deckel-alfa-147\/#primaryimage\"},\"image\":{\"@id\":\"https:\/\/turijnmagazijn.nl\/de\/produkt\/bedienungsanleitung-mit-aufsatzen-und-deckel-alfa-147\/#primaryimage\"},\"thumbnailUrl\":\"https:\/\/turijnmagazijn.nl\/wp-content\/uploads\/2023\/03\/DK00101291-Instructieboekje-met-bijlagen-en-hoes-Alfa-147-5.jpg\",\"datePublished\":\"2023-03-03T08:13:34+00:00\",\"dateModified\":\"2023-07-26T11:55:04+00:00\",\"breadcrumb\":{\"@id\":\"https:\/\/turijnmagazijn.nl\/de\/produkt\/bedienungsanleitung-mit-aufsatzen-und-deckel-alfa-147\/#breadcrumb\"},\"inLanguage\":\"de\",\"potentialAction\":[{\"@type\":\"ReadAction\",\"target\":[\"https:\/\/turijnmagazijn.nl\/de\/produkt\/bedienungsanleitung-mit-aufsatzen-und-deckel-alfa-147\/\"]}]},{\"@type\":\"ImageObject\",\"inLanguage\":\"de\",\"@id\":\"https:\/\/turijnmagazijn.nl\/de\/produkt\/bedienungsanleitung-mit-aufsatzen-und-deckel-alfa-147\/#primaryimage\",\"url\":\"https:\/\/turijnmagazijn.nl\/wp-content\/uploads\/2023\/03\/DK00101291-Instructieboekje-met-bijlagen-en-hoes-Alfa-147-5.jpg\",\"contentUrl\":\"https:\/\/turijnmagazijn.nl\/wp-content\/uploads\/2023\/03\/DK00101291-Instructieboekje-met-bijlagen-en-hoes-Alfa-147-5.jpg\",\"width\":800,\"height\":600},{\"@type\":\"BreadcrumbList\",\"@id\":\"https:\/\/turijnmagazijn.nl\/de\/produkt\/bedienungsanleitung-mit-aufsatzen-und-deckel-alfa-147\/#breadcrumb\",\"itemListElement\":[{\"@type\":\"ListItem\",\"position\":1,\"name\":\"Home\",\"item\":\"https:\/\/turijnmagazijn.nl\/de\/\"},{\"@type\":\"ListItem\",\"position\":2,\"name\":\"Produkte\",\"item\":\"https:\/\/turijnmagazijn.nl\/de\/shop\/\"},{\"@type\":\"ListItem\",\"position\":3,\"name\":\"Besitzerheft mit Anh\u00e4ngen und Alfa 147 Cover\"}]},{\"@type\":\"WebSite\",\"@id\":\"https:\/\/turijnmagazijn.jumpstone-dev.nl\/#website\",\"url\":\"https:\/\/turijnmagazijn.jumpstone-dev.nl\/\",\"name\":\"Turijnmagazijn\",\"description\":\"Onderdelen nieuw en gebruikt - Fiat &amp; Lancia\",\"publisher\":{\"@id\":\"https:\/\/turijnmagazijn.jumpstone-dev.nl\/#organization\"},\"potentialAction\":[{\"@type\":\"SearchAction\",\"target\":{\"@type\":\"EntryPoint\",\"urlTemplate\":\"https:\/\/turijnmagazijn.jumpstone-dev.nl\/?s={search_term_string}\"},\"query-input\":{\"@type\":\"PropertyValueSpecification\",\"valueRequired\":true,\"valueName\":\"search_term_string\"}}],\"inLanguage\":\"de\"},{\"@type\":\"Organization\",\"@id\":\"https:\/\/turijnmagazijn.jumpstone-dev.nl\/#organization\",\"name\":\"Turijnmagazijn\",\"url\":\"https:\/\/turijnmagazijn.jumpstone-dev.nl\/\",\"logo\":{\"@type\":\"ImageObject\",\"inLanguage\":\"de\",\"@id\":\"https:\/\/turijnmagazijn.jumpstone-dev.nl\/#\/schema\/logo\/image\/\",\"url\":\"https:\/\/turijnmagazijn.nl\/wp-content\/uploads\/2021\/02\/turijnmagazijnlogo.png\",\"contentUrl\":\"https:\/\/turijnmagazijn.nl\/wp-content\/uploads\/2021\/02\/turijnmagazijnlogo.png\",\"width\":555,\"height\":270,\"caption\":\"Turijnmagazijn\"},\"image\":{\"@id\":\"https:\/\/turijnmagazijn.jumpstone-dev.nl\/#\/schema\/logo\/image\/\"},\"sameAs\":[\"https:\/\/www.facebook.com\/turijnmagazijn\"]}]}<\/script>\n<!-- \/ Yoast SEO plugin. -->","yoast_head_json":{"title":"Besitzerheft mit Anh\u00e4ngen und Alfa 147 Cover - Turijnmagazijn","robots":{"index":"index","follow":"follow","max-snippet":"max-snippet:-1","max-image-preview":"max-image-preview:large","max-video-preview":"max-video-preview:-1"},"canonical":"https:\/\/turijnmagazijn.nl\/de\/produkt\/bedienungsanleitung-mit-aufsatzen-und-deckel-alfa-147\/","og_locale":"de_DE","og_type":"article","og_title":"Besitzerheft mit Anh\u00e4ngen und Alfa 147 Cover - Turijnmagazijn","og_description":"Bedienungsanleitung mit Anbauteilen und Deckel Alfa 147 - Bedienungsanleitung in gutem Zustand, mit Anbauteilen, Serviceadressen und Wartungsheft.","og_url":"https:\/\/turijnmagazijn.nl\/de\/produkt\/bedienungsanleitung-mit-aufsatzen-und-deckel-alfa-147\/","og_site_name":"Turijnmagazijn","article_publisher":"https:\/\/www.facebook.com\/turijnmagazijn","article_modified_time":"2023-07-26T11:55:04+00:00","og_image":[{"width":800,"height":600,"url":"https:\/\/turijnmagazijn.jumpstone-dev.nl\/wp-content\/uploads\/2023\/03\/DK00101291-Instructieboekje-met-bijlagen-en-hoes-Alfa-147-5.jpg","type":"image\/jpeg"}],"twitter_card":"summary_large_image","schema":{"@context":"https:\/\/schema.org","@graph":[{"@type":"WebPage","@id":"https:\/\/turijnmagazijn.nl\/de\/produkt\/bedienungsanleitung-mit-aufsatzen-und-deckel-alfa-147\/","url":"https:\/\/turijnmagazijn.nl\/de\/produkt\/bedienungsanleitung-mit-aufsatzen-und-deckel-alfa-147\/","name":"Besitzerheft mit Anh\u00e4ngen und Alfa 147 Cover - Turijnmagazijn","isPartOf":{"@id":"https:\/\/turijnmagazijn.jumpstone-dev.nl\/#website"},"primaryImageOfPage":{"@id":"https:\/\/turijnmagazijn.nl\/de\/produkt\/bedienungsanleitung-mit-aufsatzen-und-deckel-alfa-147\/#primaryimage"},"image":{"@id":"https:\/\/turijnmagazijn.nl\/de\/produkt\/bedienungsanleitung-mit-aufsatzen-und-deckel-alfa-147\/#primaryimage"},"thumbnailUrl":"https:\/\/turijnmagazijn.nl\/wp-content\/uploads\/2023\/03\/DK00101291-Instructieboekje-met-bijlagen-en-hoes-Alfa-147-5.jpg","datePublished":"2023-03-03T08:13:34+00:00","dateModified":"2023-07-26T11:55:04+00:00","breadcrumb":{"@id":"https:\/\/turijnmagazijn.nl\/de\/produkt\/bedienungsanleitung-mit-aufsatzen-und-deckel-alfa-147\/#breadcrumb"},"inLanguage":"de","potentialAction":[{"@type":"ReadAction","target":["https:\/\/turijnmagazijn.nl\/de\/produkt\/bedienungsanleitung-mit-aufsatzen-und-deckel-alfa-147\/"]}]},{"@type":"ImageObject","inLanguage":"de","@id":"https:\/\/turijnmagazijn.nl\/de\/produkt\/bedienungsanleitung-mit-aufsatzen-und-deckel-alfa-147\/#primaryimage","url":"https:\/\/turijnmagazijn.nl\/wp-content\/uploads\/2023\/03\/DK00101291-Instructieboekje-met-bijlagen-en-hoes-Alfa-147-5.jpg","contentUrl":"https:\/\/turijnmagazijn.nl\/wp-content\/uploads\/2023\/03\/DK00101291-Instructieboekje-met-bijlagen-en-hoes-Alfa-147-5.jpg","width":800,"height":600},{"@type":"BreadcrumbList","@id":"https:\/\/turijnmagazijn.nl\/de\/produkt\/bedienungsanleitung-mit-aufsatzen-und-deckel-alfa-147\/#breadcrumb","itemListElement":[{"@type":"ListItem","position":1,"name":"Home","item":"https:\/\/turijnmagazijn.nl\/de\/"},{"@type":"ListItem","position":2,"name":"Produkte","item":"https:\/\/turijnmagazijn.nl\/de\/shop\/"},{"@type":"ListItem","position":3,"name":"Besitzerheft mit Anh\u00e4ngen und Alfa 147 Cover"}]},{"@type":"WebSite","@id":"https:\/\/turijnmagazijn.jumpstone-dev.nl\/#website","url":"https:\/\/turijnmagazijn.jumpstone-dev.nl\/","name":"Turijnmagazijn","description":"Onderdelen nieuw en gebruikt - Fiat &amp; Lancia","publisher":{"@id":"https:\/\/turijnmagazijn.jumpstone-dev.nl\/#organization"},"potentialAction":[{"@type":"SearchAction","target":{"@type":"EntryPoint","urlTemplate":"https:\/\/turijnmagazijn.jumpstone-dev.nl\/?s={search_term_string}"},"query-input":{"@type":"PropertyValueSpecification","valueRequired":true,"valueName":"search_term_string"}}],"inLanguage":"de"},{"@type":"Organization","@id":"https:\/\/turijnmagazijn.jumpstone-dev.nl\/#organization","name":"Turijnmagazijn","url":"https:\/\/turijnmagazijn.jumpstone-dev.nl\/","logo":{"@type":"ImageObject","inLanguage":"de","@id":"https:\/\/turijnmagazijn.jumpstone-dev.nl\/#\/schema\/logo\/image\/","url":"https:\/\/turijnmagazijn.nl\/wp-content\/uploads\/2021\/02\/turijnmagazijnlogo.png","contentUrl":"https:\/\/turijnmagazijn.nl\/wp-content\/uploads\/2021\/02\/turijnmagazijnlogo.png","width":555,"height":270,"caption":"Turijnmagazijn"},"image":{"@id":"https:\/\/turijnmagazijn.jumpstone-dev.nl\/#\/schema\/logo\/image\/"},"sameAs":["https:\/\/www.facebook.com\/turijnmagazijn"]}]}},"_links":{"self":[{"href":"https:\/\/turijnmagazijn.nl\/de\/wp-json\/wp\/v2\/product\/63396","targetHints":{"allow":["GET"]}}],"collection":[{"href":"https:\/\/turijnmagazijn.nl\/de\/wp-json\/wp\/v2\/product"}],"about":[{"href":"https:\/\/turijnmagazijn.nl\/de\/wp-json\/wp\/v2\/types\/product"}],"replies":[{"embeddable":true,"href":"https:\/\/turijnmagazijn.nl\/de\/wp-json\/wp\/v2\/comments?post=63396"}],"wp:featuredmedia":[{"embeddable":true,"href":"https:\/\/turijnmagazijn.nl\/de\/wp-json\/wp\/v2\/media\/40541"}],"wp:attachment":[{"href":"https:\/\/turijnmagazijn.nl\/de\/wp-json\/wp\/v2\/media?parent=63396"}],"wp:term":[{"taxonomy":"product_brand","embeddable":true,"href":"https:\/\/turijnmagazijn.nl\/de\/wp-json\/wp\/v2\/product_brand?post=63396"},{"taxonomy":"product_cat","embeddable":true,"href":"https:\/\/turijnmagazijn.nl\/de\/wp-json\/wp\/v2\/product_cat?post=63396"},{"taxonomy":"product_tag","embeddable":true,"href":"https:\/\/turijnmagazijn.nl\/de\/wp-json\/wp\/v2\/product_tag?post=63396"}],"curies":[{"name":"wp","href":"https:\/\/api.w.org\/{rel}","templated":true}]}}