{"id":63402,"date":"2023-03-03T09:13:34","date_gmt":"2023-03-03T08:13:34","guid":{"rendered":"https:\/\/turijnmagazijn.nl\/product\/ruecklicht-links-lancia-kappa-limousine-und-sw\/"},"modified":"2023-07-26T13:55:13","modified_gmt":"2023-07-26T11:55:13","slug":"rucklicht-in-linker-lancia-kappa-limousine-de-sw","status":"publish","type":"product","link":"https:\/\/turijnmagazijn.nl\/de\/produkt\/rucklicht-in-linker-lancia-kappa-limousine-de-sw\/","title":{"rendered":"R\u00fccklicht links Lancia Kappa Limousine und SW"},"content":{"rendered":"<p style=\"margin-bottom: 10px; font-size: 12px; line-height: 20px;\">R\u00fcckleuchten-Innenteil links f\u00fcr Lancia Kappa. Das R\u00fccklicht passt zum SW und zur Limousine, NICHT zum Coup. \u00a9 Es betrifft den Teil des R\u00fccklichts, der in die Heckklappe eingebaut ist. Dieses R\u00fccklicht ist in gutem Zustand und stammt von einer Lancia Kappa Limousine aus dem Jahr 1995.<\/p>\n<p style=\"margin-bottom: 10px; font-size: 12px; line-height: 20px;\"><\/p>\n<p style=\"margin-bottom: 10px; font-size: 12px; line-height: 20px;\"><span style=\"font-weight: bold; background-color: yellow;\">Dieses R\u00fccklicht wurde besch\u00e4digt und daher diskontiert.  <\/span><\/p>\n<p style=\"margin-bottom: 10px; font-size: 12px; line-height: 20px;\"><span style=\"font-weight: bold; background-color: yellow;\">Es gibt einen Riss in der Mitte des Glases (auf den Fotos nicht sichtbar!) und ist nur f\u00fcr Teile verwendbar!<\/span><\/p>\n<p style=\"margin-bottom: 10px; font-size: 12px; line-height: 20px;\"><\/p>\n<p style=\"margin-bottom: 10px;\"><span style=\"font-size: 12px; line-height: 20px;\">Lancia&nbsp; OEM<\/span> <span style=\"text-align: -webkit-right;\">7780141<\/span><\/p>\n","protected":false},"excerpt":{"rendered":"<p>R\u00fccklicht links Lancia Kappa Limousine und SW &#8211; R\u00fccklicht Innenteil links f\u00fcr Lancia Kappa.<\/p>\n","protected":false},"featured_media":40561,"comment_status":"open","ping_status":"closed","template":"","meta":{"_acf_changed":false},"product_brand":[],"product_cat":[1864,1859,1797,1869],"product_tag":[],"class_list":{"0":"post-63402","1":"product","2":"type-product","3":"status-publish","4":"has-post-thumbnail","6":"product_cat-berlina-de","7":"product_cat-kappa-838-de","8":"product_cat-lancia-de","9":"product_cat-sw-de","10":"pa_soort-onderdeel-beleuchtung","12":"first","13":"instock","14":"shipping-taxable","15":"purchasable","16":"product-type-simple"},"acf":[],"yoast_head":"<!-- This site is optimized with the Yoast SEO plugin v27.3 - https:\/\/yoast.com\/product\/yoast-seo-wordpress\/ -->\n<title>R\u00fccklicht links Lancia Kappa Limousine und SW - Turijnmagazijn<\/title>\n<meta name=\"robots\" content=\"index, follow, max-snippet:-1, max-image-preview:large, max-video-preview:-1\" \/>\n<link rel=\"canonical\" href=\"https:\/\/turijnmagazijn.nl\/de\/produkt\/rucklicht-in-linker-lancia-kappa-limousine-de-sw\/\" \/>\n<meta property=\"og:locale\" content=\"de_DE\" \/>\n<meta property=\"og:type\" content=\"article\" \/>\n<meta property=\"og:title\" content=\"R\u00fccklicht links Lancia Kappa Limousine und SW - Turijnmagazijn\" \/>\n<meta property=\"og:description\" content=\"R\u00fccklicht links Lancia Kappa Limousine und SW - R\u00fccklicht Innenteil links f\u00fcr Lancia Kappa.\" \/>\n<meta property=\"og:url\" content=\"https:\/\/turijnmagazijn.nl\/de\/produkt\/rucklicht-in-linker-lancia-kappa-limousine-de-sw\/\" \/>\n<meta property=\"og:site_name\" content=\"Turijnmagazijn\" \/>\n<meta property=\"article:publisher\" content=\"https:\/\/www.facebook.com\/turijnmagazijn\" \/>\n<meta property=\"article:modified_time\" content=\"2023-07-26T11:55:13+00:00\" \/>\n<meta property=\"og:image\" content=\"https:\/\/turijnmagazijn.jumpstone-dev.nl\/wp-content\/uploads\/2023\/03\/DK00101296-Achterlicht-binnen-links-Lancia-Kappa-sedan-en-SW-3-1.jpg\" \/>\n\t<meta property=\"og:image:width\" content=\"800\" \/>\n\t<meta property=\"og:image:height\" content=\"600\" \/>\n\t<meta property=\"og:image:type\" content=\"image\/jpeg\" \/>\n<meta name=\"twitter:card\" content=\"summary_large_image\" \/>\n<script type=\"application\/ld+json\" class=\"yoast-schema-graph\">{\"@context\":\"https:\\\/\\\/schema.org\",\"@graph\":[{\"@type\":\"WebPage\",\"@id\":\"https:\\\/\\\/turijnmagazijn.nl\\\/de\\\/produkt\\\/rucklicht-in-linker-lancia-kappa-limousine-de-sw\\\/\",\"url\":\"https:\\\/\\\/turijnmagazijn.nl\\\/de\\\/produkt\\\/rucklicht-in-linker-lancia-kappa-limousine-de-sw\\\/\",\"name\":\"R\u00fccklicht links Lancia Kappa Limousine und SW - Turijnmagazijn\",\"isPartOf\":{\"@id\":\"https:\\\/\\\/turijnmagazijn.jumpstone-dev.nl\\\/#website\"},\"primaryImageOfPage\":{\"@id\":\"https:\\\/\\\/turijnmagazijn.nl\\\/de\\\/produkt\\\/rucklicht-in-linker-lancia-kappa-limousine-de-sw\\\/#primaryimage\"},\"image\":{\"@id\":\"https:\\\/\\\/turijnmagazijn.nl\\\/de\\\/produkt\\\/rucklicht-in-linker-lancia-kappa-limousine-de-sw\\\/#primaryimage\"},\"thumbnailUrl\":\"https:\\\/\\\/turijnmagazijn.nl\\\/wp-content\\\/uploads\\\/2023\\\/03\\\/DK00101296-Achterlicht-binnen-links-Lancia-Kappa-sedan-en-SW-3-1.jpg\",\"datePublished\":\"2023-03-03T08:13:34+00:00\",\"dateModified\":\"2023-07-26T11:55:13+00:00\",\"breadcrumb\":{\"@id\":\"https:\\\/\\\/turijnmagazijn.nl\\\/de\\\/produkt\\\/rucklicht-in-linker-lancia-kappa-limousine-de-sw\\\/#breadcrumb\"},\"inLanguage\":\"de\",\"potentialAction\":[{\"@type\":\"ReadAction\",\"target\":[\"https:\\\/\\\/turijnmagazijn.nl\\\/de\\\/produkt\\\/rucklicht-in-linker-lancia-kappa-limousine-de-sw\\\/\"]}]},{\"@type\":\"ImageObject\",\"inLanguage\":\"de\",\"@id\":\"https:\\\/\\\/turijnmagazijn.nl\\\/de\\\/produkt\\\/rucklicht-in-linker-lancia-kappa-limousine-de-sw\\\/#primaryimage\",\"url\":\"https:\\\/\\\/turijnmagazijn.nl\\\/wp-content\\\/uploads\\\/2023\\\/03\\\/DK00101296-Achterlicht-binnen-links-Lancia-Kappa-sedan-en-SW-3-1.jpg\",\"contentUrl\":\"https:\\\/\\\/turijnmagazijn.nl\\\/wp-content\\\/uploads\\\/2023\\\/03\\\/DK00101296-Achterlicht-binnen-links-Lancia-Kappa-sedan-en-SW-3-1.jpg\",\"width\":800,\"height\":600},{\"@type\":\"BreadcrumbList\",\"@id\":\"https:\\\/\\\/turijnmagazijn.nl\\\/de\\\/produkt\\\/rucklicht-in-linker-lancia-kappa-limousine-de-sw\\\/#breadcrumb\",\"itemListElement\":[{\"@type\":\"ListItem\",\"position\":1,\"name\":\"Home\",\"item\":\"https:\\\/\\\/turijnmagazijn.nl\\\/de\\\/\"},{\"@type\":\"ListItem\",\"position\":2,\"name\":\"Produkte\",\"item\":\"https:\\\/\\\/turijnmagazijn.nl\\\/de\\\/shop\\\/\"},{\"@type\":\"ListItem\",\"position\":3,\"name\":\"R\u00fccklicht links Lancia Kappa Limousine und SW\"}]},{\"@type\":\"WebSite\",\"@id\":\"https:\\\/\\\/turijnmagazijn.jumpstone-dev.nl\\\/#website\",\"url\":\"https:\\\/\\\/turijnmagazijn.jumpstone-dev.nl\\\/\",\"name\":\"Turijnmagazijn\",\"description\":\"Onderdelen nieuw en gebruikt - Fiat &amp; Lancia\",\"publisher\":{\"@id\":\"https:\\\/\\\/turijnmagazijn.jumpstone-dev.nl\\\/#organization\"},\"potentialAction\":[{\"@type\":\"SearchAction\",\"target\":{\"@type\":\"EntryPoint\",\"urlTemplate\":\"https:\\\/\\\/turijnmagazijn.jumpstone-dev.nl\\\/?s={search_term_string}\"},\"query-input\":{\"@type\":\"PropertyValueSpecification\",\"valueRequired\":true,\"valueName\":\"search_term_string\"}}],\"inLanguage\":\"de\"},{\"@type\":\"Organization\",\"@id\":\"https:\\\/\\\/turijnmagazijn.jumpstone-dev.nl\\\/#organization\",\"name\":\"Turijnmagazijn\",\"url\":\"https:\\\/\\\/turijnmagazijn.jumpstone-dev.nl\\\/\",\"logo\":{\"@type\":\"ImageObject\",\"inLanguage\":\"de\",\"@id\":\"https:\\\/\\\/turijnmagazijn.jumpstone-dev.nl\\\/#\\\/schema\\\/logo\\\/image\\\/\",\"url\":\"https:\\\/\\\/turijnmagazijn.nl\\\/wp-content\\\/uploads\\\/2021\\\/02\\\/turijnmagazijnlogo.png\",\"contentUrl\":\"https:\\\/\\\/turijnmagazijn.nl\\\/wp-content\\\/uploads\\\/2021\\\/02\\\/turijnmagazijnlogo.png\",\"width\":555,\"height\":270,\"caption\":\"Turijnmagazijn\"},\"image\":{\"@id\":\"https:\\\/\\\/turijnmagazijn.jumpstone-dev.nl\\\/#\\\/schema\\\/logo\\\/image\\\/\"},\"sameAs\":[\"https:\\\/\\\/www.facebook.com\\\/turijnmagazijn\"]}]}<\/script>\n<!-- \/ Yoast SEO plugin. -->","yoast_head_json":{"title":"R\u00fccklicht links Lancia Kappa Limousine und SW - Turijnmagazijn","robots":{"index":"index","follow":"follow","max-snippet":"max-snippet:-1","max-image-preview":"max-image-preview:large","max-video-preview":"max-video-preview:-1"},"canonical":"https:\/\/turijnmagazijn.nl\/de\/produkt\/rucklicht-in-linker-lancia-kappa-limousine-de-sw\/","og_locale":"de_DE","og_type":"article","og_title":"R\u00fccklicht links Lancia Kappa Limousine und SW - Turijnmagazijn","og_description":"R\u00fccklicht links Lancia Kappa Limousine und SW - R\u00fccklicht Innenteil links f\u00fcr Lancia Kappa.","og_url":"https:\/\/turijnmagazijn.nl\/de\/produkt\/rucklicht-in-linker-lancia-kappa-limousine-de-sw\/","og_site_name":"Turijnmagazijn","article_publisher":"https:\/\/www.facebook.com\/turijnmagazijn","article_modified_time":"2023-07-26T11:55:13+00:00","og_image":[{"width":800,"height":600,"url":"https:\/\/turijnmagazijn.jumpstone-dev.nl\/wp-content\/uploads\/2023\/03\/DK00101296-Achterlicht-binnen-links-Lancia-Kappa-sedan-en-SW-3-1.jpg","type":"image\/jpeg"}],"twitter_card":"summary_large_image","schema":{"@context":"https:\/\/schema.org","@graph":[{"@type":"WebPage","@id":"https:\/\/turijnmagazijn.nl\/de\/produkt\/rucklicht-in-linker-lancia-kappa-limousine-de-sw\/","url":"https:\/\/turijnmagazijn.nl\/de\/produkt\/rucklicht-in-linker-lancia-kappa-limousine-de-sw\/","name":"R\u00fccklicht links Lancia Kappa Limousine und SW - Turijnmagazijn","isPartOf":{"@id":"https:\/\/turijnmagazijn.jumpstone-dev.nl\/#website"},"primaryImageOfPage":{"@id":"https:\/\/turijnmagazijn.nl\/de\/produkt\/rucklicht-in-linker-lancia-kappa-limousine-de-sw\/#primaryimage"},"image":{"@id":"https:\/\/turijnmagazijn.nl\/de\/produkt\/rucklicht-in-linker-lancia-kappa-limousine-de-sw\/#primaryimage"},"thumbnailUrl":"https:\/\/turijnmagazijn.nl\/wp-content\/uploads\/2023\/03\/DK00101296-Achterlicht-binnen-links-Lancia-Kappa-sedan-en-SW-3-1.jpg","datePublished":"2023-03-03T08:13:34+00:00","dateModified":"2023-07-26T11:55:13+00:00","breadcrumb":{"@id":"https:\/\/turijnmagazijn.nl\/de\/produkt\/rucklicht-in-linker-lancia-kappa-limousine-de-sw\/#breadcrumb"},"inLanguage":"de","potentialAction":[{"@type":"ReadAction","target":["https:\/\/turijnmagazijn.nl\/de\/produkt\/rucklicht-in-linker-lancia-kappa-limousine-de-sw\/"]}]},{"@type":"ImageObject","inLanguage":"de","@id":"https:\/\/turijnmagazijn.nl\/de\/produkt\/rucklicht-in-linker-lancia-kappa-limousine-de-sw\/#primaryimage","url":"https:\/\/turijnmagazijn.nl\/wp-content\/uploads\/2023\/03\/DK00101296-Achterlicht-binnen-links-Lancia-Kappa-sedan-en-SW-3-1.jpg","contentUrl":"https:\/\/turijnmagazijn.nl\/wp-content\/uploads\/2023\/03\/DK00101296-Achterlicht-binnen-links-Lancia-Kappa-sedan-en-SW-3-1.jpg","width":800,"height":600},{"@type":"BreadcrumbList","@id":"https:\/\/turijnmagazijn.nl\/de\/produkt\/rucklicht-in-linker-lancia-kappa-limousine-de-sw\/#breadcrumb","itemListElement":[{"@type":"ListItem","position":1,"name":"Home","item":"https:\/\/turijnmagazijn.nl\/de\/"},{"@type":"ListItem","position":2,"name":"Produkte","item":"https:\/\/turijnmagazijn.nl\/de\/shop\/"},{"@type":"ListItem","position":3,"name":"R\u00fccklicht links Lancia Kappa Limousine und SW"}]},{"@type":"WebSite","@id":"https:\/\/turijnmagazijn.jumpstone-dev.nl\/#website","url":"https:\/\/turijnmagazijn.jumpstone-dev.nl\/","name":"Turijnmagazijn","description":"Onderdelen nieuw en gebruikt - Fiat &amp; Lancia","publisher":{"@id":"https:\/\/turijnmagazijn.jumpstone-dev.nl\/#organization"},"potentialAction":[{"@type":"SearchAction","target":{"@type":"EntryPoint","urlTemplate":"https:\/\/turijnmagazijn.jumpstone-dev.nl\/?s={search_term_string}"},"query-input":{"@type":"PropertyValueSpecification","valueRequired":true,"valueName":"search_term_string"}}],"inLanguage":"de"},{"@type":"Organization","@id":"https:\/\/turijnmagazijn.jumpstone-dev.nl\/#organization","name":"Turijnmagazijn","url":"https:\/\/turijnmagazijn.jumpstone-dev.nl\/","logo":{"@type":"ImageObject","inLanguage":"de","@id":"https:\/\/turijnmagazijn.jumpstone-dev.nl\/#\/schema\/logo\/image\/","url":"https:\/\/turijnmagazijn.nl\/wp-content\/uploads\/2021\/02\/turijnmagazijnlogo.png","contentUrl":"https:\/\/turijnmagazijn.nl\/wp-content\/uploads\/2021\/02\/turijnmagazijnlogo.png","width":555,"height":270,"caption":"Turijnmagazijn"},"image":{"@id":"https:\/\/turijnmagazijn.jumpstone-dev.nl\/#\/schema\/logo\/image\/"},"sameAs":["https:\/\/www.facebook.com\/turijnmagazijn"]}]}},"_links":{"self":[{"href":"https:\/\/turijnmagazijn.nl\/de\/wp-json\/wp\/v2\/product\/63402","targetHints":{"allow":["GET"]}}],"collection":[{"href":"https:\/\/turijnmagazijn.nl\/de\/wp-json\/wp\/v2\/product"}],"about":[{"href":"https:\/\/turijnmagazijn.nl\/de\/wp-json\/wp\/v2\/types\/product"}],"replies":[{"embeddable":true,"href":"https:\/\/turijnmagazijn.nl\/de\/wp-json\/wp\/v2\/comments?post=63402"}],"wp:featuredmedia":[{"embeddable":true,"href":"https:\/\/turijnmagazijn.nl\/de\/wp-json\/wp\/v2\/media\/40561"}],"wp:attachment":[{"href":"https:\/\/turijnmagazijn.nl\/de\/wp-json\/wp\/v2\/media?parent=63402"}],"wp:term":[{"taxonomy":"product_brand","embeddable":true,"href":"https:\/\/turijnmagazijn.nl\/de\/wp-json\/wp\/v2\/product_brand?post=63402"},{"taxonomy":"product_cat","embeddable":true,"href":"https:\/\/turijnmagazijn.nl\/de\/wp-json\/wp\/v2\/product_cat?post=63402"},{"taxonomy":"product_tag","embeddable":true,"href":"https:\/\/turijnmagazijn.nl\/de\/wp-json\/wp\/v2\/product_tag?post=63402"}],"curies":[{"name":"wp","href":"https:\/\/api.w.org\/{rel}","templated":true}]}}