{"id":63476,"date":"2023-03-03T09:13:55","date_gmt":"2023-03-03T08:13:55","guid":{"rendered":"https:\/\/turijnmagazijn.nl\/product\/sitzairbag-rv-alfa-romeo-166-elektrisch-verstellbare-sitze\/"},"modified":"2023-07-26T13:56:26","modified_gmt":"2023-07-26T11:56:26","slug":"sitzairbag-rv-alfa-romeo-166-elektrisch-verstellbare-sitze","status":"publish","type":"product","link":"https:\/\/turijnmagazijn.nl\/de\/produkt\/sitzairbag-rv-alfa-romeo-166-elektrisch-verstellbare-sitze\/","title":{"rendered":"Sitzairbag RV Alfa Romeo 166 elektrisch verstellbare Sitze"},"content":{"rendered":"<p><span style=\"font-size: 12px;\">Airbag f\u00fcr die Montage auf dem Vordersitz auf der rechten Seite (Beifahrersitz) von Alfa Romeo 166 f\u00fcr Versionen mit den zweiten, elektrisch verstellbaren Sitzen, mit ergonomischen Bedienkn\u00f6pfen, aber ohne Speicher und ohne verstellbare Lordosenst\u00fctze. Der Airbag wurde von einem Alfa 166 aus dem Jahr 1999 zerlegt.<\/span><\/p>\n<p>Aufschrift auf den Aufklebern am Airbag:<br \/>\n5Fiat, Fiat &gt; Grande Punto [199], 356F0390<br \/>\nSidebag Modul<br \/>\nTRW<\/p>\n<p>OEM-Nummer Alfa Romeo 60655476<\/p>\n","protected":false},"excerpt":{"rendered":"<p>Sitzairbag RV Alfa Romeo 166 elektrisch verstellbare Sitze &#8211; Airbag zur Montage auf dem Vordersitz rechts (Beifahrersitz) von Alfa Romeo 166 f\u00fcr Versionen mit der zweiten sehr elektrisch verstellbaren Sitze, mit ergonomischen Bedienkn\u00f6pfen, aber Sonne<\/p>\n","protected":false},"featured_media":40945,"comment_status":"open","ping_status":"closed","template":"","meta":{"_acf_changed":false},"product_brand":[],"product_cat":[1651,1584],"product_tag":[],"class_list":{"0":"post-63476","1":"product","2":"type-product","3":"status-publish","4":"has-post-thumbnail","6":"product_cat-166-936-de","7":"product_cat-alfa-romeo-de","8":"pa_soort-onderdeel-airbags-und-zubehor","9":"pa_soort-onderdeel-karosserie-und-blech","11":"first","12":"instock","13":"shipping-taxable","14":"purchasable","15":"product-type-simple"},"acf":[],"yoast_head":"<!-- This site is optimized with the Yoast SEO plugin v27.3 - https:\/\/yoast.com\/product\/yoast-seo-wordpress\/ -->\n<title>Sitzairbag RV Alfa Romeo 166 elektrisch verstellbare Sitze - Turijnmagazijn<\/title>\n<meta name=\"robots\" content=\"index, follow, max-snippet:-1, max-image-preview:large, max-video-preview:-1\" \/>\n<link rel=\"canonical\" href=\"https:\/\/turijnmagazijn.nl\/de\/produkt\/sitzairbag-rv-alfa-romeo-166-elektrisch-verstellbare-sitze\/\" \/>\n<meta property=\"og:locale\" content=\"de_DE\" \/>\n<meta property=\"og:type\" content=\"article\" \/>\n<meta property=\"og:title\" content=\"Sitzairbag RV Alfa Romeo 166 elektrisch verstellbare Sitze - Turijnmagazijn\" \/>\n<meta property=\"og:description\" content=\"Sitzairbag RV Alfa Romeo 166 elektrisch verstellbare Sitze - Airbag zur Montage auf dem Vordersitz rechts (Beifahrersitz) von Alfa Romeo 166 f\u00fcr Versionen mit der zweiten sehr elektrisch verstellbaren Sitze, mit ergonomischen Bedienkn\u00f6pfen, aber Sonne\" \/>\n<meta property=\"og:url\" content=\"https:\/\/turijnmagazijn.nl\/de\/produkt\/sitzairbag-rv-alfa-romeo-166-elektrisch-verstellbare-sitze\/\" \/>\n<meta property=\"og:site_name\" content=\"Turijnmagazijn\" \/>\n<meta property=\"article:publisher\" content=\"https:\/\/www.facebook.com\/turijnmagazijn\" \/>\n<meta property=\"article:modified_time\" content=\"2023-07-26T11:56:26+00:00\" \/>\n<meta property=\"og:image\" content=\"https:\/\/turijnmagazijn.jumpstone-dev.nl\/wp-content\/uploads\/2023\/03\/DK00101360-Stoelairbag-RV-Alfa-Romeo-166-elektrisch-verstelbare-stoelen-3-1.jpg\" \/>\n\t<meta property=\"og:image:width\" content=\"800\" \/>\n\t<meta property=\"og:image:height\" content=\"600\" \/>\n\t<meta property=\"og:image:type\" content=\"image\/jpeg\" \/>\n<meta name=\"twitter:card\" content=\"summary_large_image\" \/>\n<script type=\"application\/ld+json\" class=\"yoast-schema-graph\">{\"@context\":\"https:\\\/\\\/schema.org\",\"@graph\":[{\"@type\":\"WebPage\",\"@id\":\"https:\\\/\\\/turijnmagazijn.nl\\\/de\\\/produkt\\\/sitzairbag-rv-alfa-romeo-166-elektrisch-verstellbare-sitze\\\/\",\"url\":\"https:\\\/\\\/turijnmagazijn.nl\\\/de\\\/produkt\\\/sitzairbag-rv-alfa-romeo-166-elektrisch-verstellbare-sitze\\\/\",\"name\":\"Sitzairbag RV Alfa Romeo 166 elektrisch verstellbare Sitze - Turijnmagazijn\",\"isPartOf\":{\"@id\":\"https:\\\/\\\/turijnmagazijn.jumpstone-dev.nl\\\/#website\"},\"primaryImageOfPage\":{\"@id\":\"https:\\\/\\\/turijnmagazijn.nl\\\/de\\\/produkt\\\/sitzairbag-rv-alfa-romeo-166-elektrisch-verstellbare-sitze\\\/#primaryimage\"},\"image\":{\"@id\":\"https:\\\/\\\/turijnmagazijn.nl\\\/de\\\/produkt\\\/sitzairbag-rv-alfa-romeo-166-elektrisch-verstellbare-sitze\\\/#primaryimage\"},\"thumbnailUrl\":\"https:\\\/\\\/turijnmagazijn.nl\\\/wp-content\\\/uploads\\\/2023\\\/03\\\/DK00101360-Stoelairbag-RV-Alfa-Romeo-166-elektrisch-verstelbare-stoelen-3-1.jpg\",\"datePublished\":\"2023-03-03T08:13:55+00:00\",\"dateModified\":\"2023-07-26T11:56:26+00:00\",\"breadcrumb\":{\"@id\":\"https:\\\/\\\/turijnmagazijn.nl\\\/de\\\/produkt\\\/sitzairbag-rv-alfa-romeo-166-elektrisch-verstellbare-sitze\\\/#breadcrumb\"},\"inLanguage\":\"de\",\"potentialAction\":[{\"@type\":\"ReadAction\",\"target\":[\"https:\\\/\\\/turijnmagazijn.nl\\\/de\\\/produkt\\\/sitzairbag-rv-alfa-romeo-166-elektrisch-verstellbare-sitze\\\/\"]}]},{\"@type\":\"ImageObject\",\"inLanguage\":\"de\",\"@id\":\"https:\\\/\\\/turijnmagazijn.nl\\\/de\\\/produkt\\\/sitzairbag-rv-alfa-romeo-166-elektrisch-verstellbare-sitze\\\/#primaryimage\",\"url\":\"https:\\\/\\\/turijnmagazijn.nl\\\/wp-content\\\/uploads\\\/2023\\\/03\\\/DK00101360-Stoelairbag-RV-Alfa-Romeo-166-elektrisch-verstelbare-stoelen-3-1.jpg\",\"contentUrl\":\"https:\\\/\\\/turijnmagazijn.nl\\\/wp-content\\\/uploads\\\/2023\\\/03\\\/DK00101360-Stoelairbag-RV-Alfa-Romeo-166-elektrisch-verstelbare-stoelen-3-1.jpg\",\"width\":800,\"height\":600},{\"@type\":\"BreadcrumbList\",\"@id\":\"https:\\\/\\\/turijnmagazijn.nl\\\/de\\\/produkt\\\/sitzairbag-rv-alfa-romeo-166-elektrisch-verstellbare-sitze\\\/#breadcrumb\",\"itemListElement\":[{\"@type\":\"ListItem\",\"position\":1,\"name\":\"Home\",\"item\":\"https:\\\/\\\/turijnmagazijn.nl\\\/de\\\/\"},{\"@type\":\"ListItem\",\"position\":2,\"name\":\"Produkte\",\"item\":\"https:\\\/\\\/turijnmagazijn.nl\\\/de\\\/shop\\\/\"},{\"@type\":\"ListItem\",\"position\":3,\"name\":\"Sitzairbag RV Alfa Romeo 166 elektrisch verstellbare Sitze\"}]},{\"@type\":\"WebSite\",\"@id\":\"https:\\\/\\\/turijnmagazijn.jumpstone-dev.nl\\\/#website\",\"url\":\"https:\\\/\\\/turijnmagazijn.jumpstone-dev.nl\\\/\",\"name\":\"Turijnmagazijn\",\"description\":\"Onderdelen nieuw en gebruikt - Fiat &amp; Lancia\",\"publisher\":{\"@id\":\"https:\\\/\\\/turijnmagazijn.jumpstone-dev.nl\\\/#organization\"},\"potentialAction\":[{\"@type\":\"SearchAction\",\"target\":{\"@type\":\"EntryPoint\",\"urlTemplate\":\"https:\\\/\\\/turijnmagazijn.jumpstone-dev.nl\\\/?s={search_term_string}\"},\"query-input\":{\"@type\":\"PropertyValueSpecification\",\"valueRequired\":true,\"valueName\":\"search_term_string\"}}],\"inLanguage\":\"de\"},{\"@type\":\"Organization\",\"@id\":\"https:\\\/\\\/turijnmagazijn.jumpstone-dev.nl\\\/#organization\",\"name\":\"Turijnmagazijn\",\"url\":\"https:\\\/\\\/turijnmagazijn.jumpstone-dev.nl\\\/\",\"logo\":{\"@type\":\"ImageObject\",\"inLanguage\":\"de\",\"@id\":\"https:\\\/\\\/turijnmagazijn.jumpstone-dev.nl\\\/#\\\/schema\\\/logo\\\/image\\\/\",\"url\":\"https:\\\/\\\/turijnmagazijn.nl\\\/wp-content\\\/uploads\\\/2021\\\/02\\\/turijnmagazijnlogo.png\",\"contentUrl\":\"https:\\\/\\\/turijnmagazijn.nl\\\/wp-content\\\/uploads\\\/2021\\\/02\\\/turijnmagazijnlogo.png\",\"width\":555,\"height\":270,\"caption\":\"Turijnmagazijn\"},\"image\":{\"@id\":\"https:\\\/\\\/turijnmagazijn.jumpstone-dev.nl\\\/#\\\/schema\\\/logo\\\/image\\\/\"},\"sameAs\":[\"https:\\\/\\\/www.facebook.com\\\/turijnmagazijn\"]}]}<\/script>\n<!-- \/ Yoast SEO plugin. -->","yoast_head_json":{"title":"Sitzairbag RV Alfa Romeo 166 elektrisch verstellbare Sitze - Turijnmagazijn","robots":{"index":"index","follow":"follow","max-snippet":"max-snippet:-1","max-image-preview":"max-image-preview:large","max-video-preview":"max-video-preview:-1"},"canonical":"https:\/\/turijnmagazijn.nl\/de\/produkt\/sitzairbag-rv-alfa-romeo-166-elektrisch-verstellbare-sitze\/","og_locale":"de_DE","og_type":"article","og_title":"Sitzairbag RV Alfa Romeo 166 elektrisch verstellbare Sitze - Turijnmagazijn","og_description":"Sitzairbag RV Alfa Romeo 166 elektrisch verstellbare Sitze - Airbag zur Montage auf dem Vordersitz rechts (Beifahrersitz) von Alfa Romeo 166 f\u00fcr Versionen mit der zweiten sehr elektrisch verstellbaren Sitze, mit ergonomischen Bedienkn\u00f6pfen, aber Sonne","og_url":"https:\/\/turijnmagazijn.nl\/de\/produkt\/sitzairbag-rv-alfa-romeo-166-elektrisch-verstellbare-sitze\/","og_site_name":"Turijnmagazijn","article_publisher":"https:\/\/www.facebook.com\/turijnmagazijn","article_modified_time":"2023-07-26T11:56:26+00:00","og_image":[{"width":800,"height":600,"url":"https:\/\/turijnmagazijn.jumpstone-dev.nl\/wp-content\/uploads\/2023\/03\/DK00101360-Stoelairbag-RV-Alfa-Romeo-166-elektrisch-verstelbare-stoelen-3-1.jpg","type":"image\/jpeg"}],"twitter_card":"summary_large_image","schema":{"@context":"https:\/\/schema.org","@graph":[{"@type":"WebPage","@id":"https:\/\/turijnmagazijn.nl\/de\/produkt\/sitzairbag-rv-alfa-romeo-166-elektrisch-verstellbare-sitze\/","url":"https:\/\/turijnmagazijn.nl\/de\/produkt\/sitzairbag-rv-alfa-romeo-166-elektrisch-verstellbare-sitze\/","name":"Sitzairbag RV Alfa Romeo 166 elektrisch verstellbare Sitze - Turijnmagazijn","isPartOf":{"@id":"https:\/\/turijnmagazijn.jumpstone-dev.nl\/#website"},"primaryImageOfPage":{"@id":"https:\/\/turijnmagazijn.nl\/de\/produkt\/sitzairbag-rv-alfa-romeo-166-elektrisch-verstellbare-sitze\/#primaryimage"},"image":{"@id":"https:\/\/turijnmagazijn.nl\/de\/produkt\/sitzairbag-rv-alfa-romeo-166-elektrisch-verstellbare-sitze\/#primaryimage"},"thumbnailUrl":"https:\/\/turijnmagazijn.nl\/wp-content\/uploads\/2023\/03\/DK00101360-Stoelairbag-RV-Alfa-Romeo-166-elektrisch-verstelbare-stoelen-3-1.jpg","datePublished":"2023-03-03T08:13:55+00:00","dateModified":"2023-07-26T11:56:26+00:00","breadcrumb":{"@id":"https:\/\/turijnmagazijn.nl\/de\/produkt\/sitzairbag-rv-alfa-romeo-166-elektrisch-verstellbare-sitze\/#breadcrumb"},"inLanguage":"de","potentialAction":[{"@type":"ReadAction","target":["https:\/\/turijnmagazijn.nl\/de\/produkt\/sitzairbag-rv-alfa-romeo-166-elektrisch-verstellbare-sitze\/"]}]},{"@type":"ImageObject","inLanguage":"de","@id":"https:\/\/turijnmagazijn.nl\/de\/produkt\/sitzairbag-rv-alfa-romeo-166-elektrisch-verstellbare-sitze\/#primaryimage","url":"https:\/\/turijnmagazijn.nl\/wp-content\/uploads\/2023\/03\/DK00101360-Stoelairbag-RV-Alfa-Romeo-166-elektrisch-verstelbare-stoelen-3-1.jpg","contentUrl":"https:\/\/turijnmagazijn.nl\/wp-content\/uploads\/2023\/03\/DK00101360-Stoelairbag-RV-Alfa-Romeo-166-elektrisch-verstelbare-stoelen-3-1.jpg","width":800,"height":600},{"@type":"BreadcrumbList","@id":"https:\/\/turijnmagazijn.nl\/de\/produkt\/sitzairbag-rv-alfa-romeo-166-elektrisch-verstellbare-sitze\/#breadcrumb","itemListElement":[{"@type":"ListItem","position":1,"name":"Home","item":"https:\/\/turijnmagazijn.nl\/de\/"},{"@type":"ListItem","position":2,"name":"Produkte","item":"https:\/\/turijnmagazijn.nl\/de\/shop\/"},{"@type":"ListItem","position":3,"name":"Sitzairbag RV Alfa Romeo 166 elektrisch verstellbare Sitze"}]},{"@type":"WebSite","@id":"https:\/\/turijnmagazijn.jumpstone-dev.nl\/#website","url":"https:\/\/turijnmagazijn.jumpstone-dev.nl\/","name":"Turijnmagazijn","description":"Onderdelen nieuw en gebruikt - Fiat &amp; Lancia","publisher":{"@id":"https:\/\/turijnmagazijn.jumpstone-dev.nl\/#organization"},"potentialAction":[{"@type":"SearchAction","target":{"@type":"EntryPoint","urlTemplate":"https:\/\/turijnmagazijn.jumpstone-dev.nl\/?s={search_term_string}"},"query-input":{"@type":"PropertyValueSpecification","valueRequired":true,"valueName":"search_term_string"}}],"inLanguage":"de"},{"@type":"Organization","@id":"https:\/\/turijnmagazijn.jumpstone-dev.nl\/#organization","name":"Turijnmagazijn","url":"https:\/\/turijnmagazijn.jumpstone-dev.nl\/","logo":{"@type":"ImageObject","inLanguage":"de","@id":"https:\/\/turijnmagazijn.jumpstone-dev.nl\/#\/schema\/logo\/image\/","url":"https:\/\/turijnmagazijn.nl\/wp-content\/uploads\/2021\/02\/turijnmagazijnlogo.png","contentUrl":"https:\/\/turijnmagazijn.nl\/wp-content\/uploads\/2021\/02\/turijnmagazijnlogo.png","width":555,"height":270,"caption":"Turijnmagazijn"},"image":{"@id":"https:\/\/turijnmagazijn.jumpstone-dev.nl\/#\/schema\/logo\/image\/"},"sameAs":["https:\/\/www.facebook.com\/turijnmagazijn"]}]}},"_links":{"self":[{"href":"https:\/\/turijnmagazijn.nl\/de\/wp-json\/wp\/v2\/product\/63476","targetHints":{"allow":["GET"]}}],"collection":[{"href":"https:\/\/turijnmagazijn.nl\/de\/wp-json\/wp\/v2\/product"}],"about":[{"href":"https:\/\/turijnmagazijn.nl\/de\/wp-json\/wp\/v2\/types\/product"}],"replies":[{"embeddable":true,"href":"https:\/\/turijnmagazijn.nl\/de\/wp-json\/wp\/v2\/comments?post=63476"}],"wp:featuredmedia":[{"embeddable":true,"href":"https:\/\/turijnmagazijn.nl\/de\/wp-json\/wp\/v2\/media\/40945"}],"wp:attachment":[{"href":"https:\/\/turijnmagazijn.nl\/de\/wp-json\/wp\/v2\/media?parent=63476"}],"wp:term":[{"taxonomy":"product_brand","embeddable":true,"href":"https:\/\/turijnmagazijn.nl\/de\/wp-json\/wp\/v2\/product_brand?post=63476"},{"taxonomy":"product_cat","embeddable":true,"href":"https:\/\/turijnmagazijn.nl\/de\/wp-json\/wp\/v2\/product_cat?post=63476"},{"taxonomy":"product_tag","embeddable":true,"href":"https:\/\/turijnmagazijn.nl\/de\/wp-json\/wp\/v2\/product_tag?post=63476"}],"curies":[{"name":"wp","href":"https:\/\/api.w.org\/{rel}","templated":true}]}}