{"id":63485,"date":"2023-03-03T09:13:55","date_gmt":"2023-03-03T08:13:55","guid":{"rendered":"https:\/\/turijnmagazijn.nl\/product\/einspritzgalerie-turbodieselmotoren-fiat-alfa-lancia\/"},"modified":"2023-07-26T13:56:26","modified_gmt":"2023-07-26T11:56:26","slug":"einspritz-galerie-turbodiesel-motoren-fiat-alfa-lancia","status":"publish","type":"product","link":"https:\/\/turijnmagazijn.nl\/de\/produkt\/einspritz-galerie-turbodiesel-motoren-fiat-alfa-lancia\/","title":{"rendered":"Einspritzgalerie Turbodieselmotoren Fiat Alfa Lancia"},"content":{"rendered":"<p>Einspritzstollen zur Versorgung mit Diesel unter Hochdruck (1500 bar) f\u00fcr JTD-Motoren. Er stammt aus einem Alfa 156 aus dem Jahr 1999 mit einem 1,9-Liter-JTD-Motor, der jedoch f\u00fcr viele verschiedene Automodelle geeignet ist, in denen JTD-Dieselmotoren verwendet wurden. Pr\u00fcfen Sie immer vorg\u00e4ngig \u00fcber EPER, ob diese Galerie f\u00fcr Ihre spezifische Version anwendbar ist.<\/p>\n<p>Teil von Bosch mit Inschriften:<br \/>96718<\/p>\n<p>V=30cm2<br \/>13839<br \/>0455214012<\/p>\n<p>OEM-Nummer Alfa Fiat Lancia&nbsp;<span style=\"text-align: -webkit-right;\">46542551<\/span><\/p>\n","protected":false},"excerpt":{"rendered":"<p>Einspritzstollen Turbodieselmotoren Fiat Alfa Lancia &#8211; Einspritzstollen f\u00fcr die Versorgung mit Diesel unter Hochdruck (1500 bar) f\u00fcr JTD-Motoren.<\/p>\n","protected":false},"featured_media":40853,"comment_status":"open","ping_status":"closed","template":"","meta":{"_acf_changed":false},"product_brand":[],"product_cat":[1605,1616,1765,1770,1584,1689,1797,1874,1734,1737,1775,1751,1883,1619,1621,1762,1878],"product_tag":[],"class_list":{"0":"post-63485","1":"product","2":"type-product","3":"status-publish","4":"has-post-thumbnail","6":"product_cat-147-937-de","7":"product_cat-156-932-de","8":"product_cat-5drs-de","9":"product_cat-abarth-3drs-de","10":"product_cat-alfa-romeo-de","11":"product_cat-fiat-de","12":"product_cat-lancia-de","13":"product_cat-lybra-839-de","14":"product_cat-marea-185-de","15":"product_cat-multipla-186-de","16":"product_cat-multiwagon-de","17":"product_cat-punto-2-188-de","18":"product_cat-sedan-lybra-839-de","19":"product_cat-sedan-de","20":"product_cat-sportwagon-de","21":"product_cat-stilo-192-de","22":"product_cat-sw-lybra-839-de","23":"pa_soort-onderdeel-andere-autoteile","24":"pa_soort-onderdeel-motor-und-zubehor","26":"first","27":"instock","28":"shipping-taxable","29":"purchasable","30":"product-type-simple"},"acf":[],"yoast_head":"<!-- This site is optimized with the Yoast SEO plugin v27.3 - https:\/\/yoast.com\/product\/yoast-seo-wordpress\/ -->\n<title>Einspritzgalerie Turbodieselmotoren Fiat Alfa Lancia - Turijnmagazijn<\/title>\n<meta name=\"robots\" content=\"index, follow, max-snippet:-1, max-image-preview:large, max-video-preview:-1\" \/>\n<link rel=\"canonical\" href=\"https:\/\/turijnmagazijn.nl\/de\/produkt\/einspritz-galerie-turbodiesel-motoren-fiat-alfa-lancia\/\" \/>\n<meta property=\"og:locale\" content=\"de_DE\" \/>\n<meta property=\"og:type\" content=\"article\" \/>\n<meta property=\"og:title\" content=\"Einspritzgalerie Turbodieselmotoren Fiat Alfa Lancia - Turijnmagazijn\" \/>\n<meta property=\"og:description\" content=\"Einspritzstollen Turbodieselmotoren Fiat Alfa Lancia - Einspritzstollen f\u00fcr die Versorgung mit Diesel unter Hochdruck (1500 bar) f\u00fcr JTD-Motoren.\" \/>\n<meta property=\"og:url\" content=\"https:\/\/turijnmagazijn.nl\/de\/produkt\/einspritz-galerie-turbodiesel-motoren-fiat-alfa-lancia\/\" \/>\n<meta property=\"og:site_name\" content=\"Turijnmagazijn\" \/>\n<meta property=\"article:publisher\" content=\"https:\/\/www.facebook.com\/turijnmagazijn\" \/>\n<meta property=\"article:modified_time\" content=\"2023-07-26T11:56:26+00:00\" \/>\n<meta property=\"og:image\" content=\"https:\/\/turijnmagazijn.jumpstone-dev.nl\/wp-content\/uploads\/2023\/03\/DK00101353-Injectie-gallerij-Turbodiesel-motoren-Fiat-Alfa-Lancia-3-1.jpg\" \/>\n\t<meta property=\"og:image:width\" content=\"800\" \/>\n\t<meta property=\"og:image:height\" content=\"600\" \/>\n\t<meta property=\"og:image:type\" content=\"image\/jpeg\" \/>\n<meta name=\"twitter:card\" content=\"summary_large_image\" \/>\n<script type=\"application\/ld+json\" class=\"yoast-schema-graph\">{\"@context\":\"https:\\\/\\\/schema.org\",\"@graph\":[{\"@type\":\"WebPage\",\"@id\":\"https:\\\/\\\/turijnmagazijn.nl\\\/de\\\/produkt\\\/einspritz-galerie-turbodiesel-motoren-fiat-alfa-lancia\\\/\",\"url\":\"https:\\\/\\\/turijnmagazijn.nl\\\/de\\\/produkt\\\/einspritz-galerie-turbodiesel-motoren-fiat-alfa-lancia\\\/\",\"name\":\"Einspritzgalerie Turbodieselmotoren Fiat Alfa Lancia - Turijnmagazijn\",\"isPartOf\":{\"@id\":\"https:\\\/\\\/turijnmagazijn.jumpstone-dev.nl\\\/#website\"},\"primaryImageOfPage\":{\"@id\":\"https:\\\/\\\/turijnmagazijn.nl\\\/de\\\/produkt\\\/einspritz-galerie-turbodiesel-motoren-fiat-alfa-lancia\\\/#primaryimage\"},\"image\":{\"@id\":\"https:\\\/\\\/turijnmagazijn.nl\\\/de\\\/produkt\\\/einspritz-galerie-turbodiesel-motoren-fiat-alfa-lancia\\\/#primaryimage\"},\"thumbnailUrl\":\"https:\\\/\\\/turijnmagazijn.nl\\\/wp-content\\\/uploads\\\/2023\\\/03\\\/DK00101353-Injectie-gallerij-Turbodiesel-motoren-Fiat-Alfa-Lancia-3-1.jpg\",\"datePublished\":\"2023-03-03T08:13:55+00:00\",\"dateModified\":\"2023-07-26T11:56:26+00:00\",\"breadcrumb\":{\"@id\":\"https:\\\/\\\/turijnmagazijn.nl\\\/de\\\/produkt\\\/einspritz-galerie-turbodiesel-motoren-fiat-alfa-lancia\\\/#breadcrumb\"},\"inLanguage\":\"de\",\"potentialAction\":[{\"@type\":\"ReadAction\",\"target\":[\"https:\\\/\\\/turijnmagazijn.nl\\\/de\\\/produkt\\\/einspritz-galerie-turbodiesel-motoren-fiat-alfa-lancia\\\/\"]}]},{\"@type\":\"ImageObject\",\"inLanguage\":\"de\",\"@id\":\"https:\\\/\\\/turijnmagazijn.nl\\\/de\\\/produkt\\\/einspritz-galerie-turbodiesel-motoren-fiat-alfa-lancia\\\/#primaryimage\",\"url\":\"https:\\\/\\\/turijnmagazijn.nl\\\/wp-content\\\/uploads\\\/2023\\\/03\\\/DK00101353-Injectie-gallerij-Turbodiesel-motoren-Fiat-Alfa-Lancia-3-1.jpg\",\"contentUrl\":\"https:\\\/\\\/turijnmagazijn.nl\\\/wp-content\\\/uploads\\\/2023\\\/03\\\/DK00101353-Injectie-gallerij-Turbodiesel-motoren-Fiat-Alfa-Lancia-3-1.jpg\",\"width\":800,\"height\":600},{\"@type\":\"BreadcrumbList\",\"@id\":\"https:\\\/\\\/turijnmagazijn.nl\\\/de\\\/produkt\\\/einspritz-galerie-turbodiesel-motoren-fiat-alfa-lancia\\\/#breadcrumb\",\"itemListElement\":[{\"@type\":\"ListItem\",\"position\":1,\"name\":\"Home\",\"item\":\"https:\\\/\\\/turijnmagazijn.nl\\\/de\\\/\"},{\"@type\":\"ListItem\",\"position\":2,\"name\":\"Produkte\",\"item\":\"https:\\\/\\\/turijnmagazijn.nl\\\/de\\\/shop\\\/\"},{\"@type\":\"ListItem\",\"position\":3,\"name\":\"Einspritzgalerie Turbodieselmotoren Fiat Alfa Lancia\"}]},{\"@type\":\"WebSite\",\"@id\":\"https:\\\/\\\/turijnmagazijn.jumpstone-dev.nl\\\/#website\",\"url\":\"https:\\\/\\\/turijnmagazijn.jumpstone-dev.nl\\\/\",\"name\":\"Turijnmagazijn\",\"description\":\"Onderdelen nieuw en gebruikt - Fiat &amp; Lancia\",\"publisher\":{\"@id\":\"https:\\\/\\\/turijnmagazijn.jumpstone-dev.nl\\\/#organization\"},\"potentialAction\":[{\"@type\":\"SearchAction\",\"target\":{\"@type\":\"EntryPoint\",\"urlTemplate\":\"https:\\\/\\\/turijnmagazijn.jumpstone-dev.nl\\\/?s={search_term_string}\"},\"query-input\":{\"@type\":\"PropertyValueSpecification\",\"valueRequired\":true,\"valueName\":\"search_term_string\"}}],\"inLanguage\":\"de\"},{\"@type\":\"Organization\",\"@id\":\"https:\\\/\\\/turijnmagazijn.jumpstone-dev.nl\\\/#organization\",\"name\":\"Turijnmagazijn\",\"url\":\"https:\\\/\\\/turijnmagazijn.jumpstone-dev.nl\\\/\",\"logo\":{\"@type\":\"ImageObject\",\"inLanguage\":\"de\",\"@id\":\"https:\\\/\\\/turijnmagazijn.jumpstone-dev.nl\\\/#\\\/schema\\\/logo\\\/image\\\/\",\"url\":\"https:\\\/\\\/turijnmagazijn.nl\\\/wp-content\\\/uploads\\\/2021\\\/02\\\/turijnmagazijnlogo.png\",\"contentUrl\":\"https:\\\/\\\/turijnmagazijn.nl\\\/wp-content\\\/uploads\\\/2021\\\/02\\\/turijnmagazijnlogo.png\",\"width\":555,\"height\":270,\"caption\":\"Turijnmagazijn\"},\"image\":{\"@id\":\"https:\\\/\\\/turijnmagazijn.jumpstone-dev.nl\\\/#\\\/schema\\\/logo\\\/image\\\/\"},\"sameAs\":[\"https:\\\/\\\/www.facebook.com\\\/turijnmagazijn\"]}]}<\/script>\n<!-- \/ Yoast SEO plugin. -->","yoast_head_json":{"title":"Einspritzgalerie Turbodieselmotoren Fiat Alfa Lancia - Turijnmagazijn","robots":{"index":"index","follow":"follow","max-snippet":"max-snippet:-1","max-image-preview":"max-image-preview:large","max-video-preview":"max-video-preview:-1"},"canonical":"https:\/\/turijnmagazijn.nl\/de\/produkt\/einspritz-galerie-turbodiesel-motoren-fiat-alfa-lancia\/","og_locale":"de_DE","og_type":"article","og_title":"Einspritzgalerie Turbodieselmotoren Fiat Alfa Lancia - Turijnmagazijn","og_description":"Einspritzstollen Turbodieselmotoren Fiat Alfa Lancia - Einspritzstollen f\u00fcr die Versorgung mit Diesel unter Hochdruck (1500 bar) f\u00fcr JTD-Motoren.","og_url":"https:\/\/turijnmagazijn.nl\/de\/produkt\/einspritz-galerie-turbodiesel-motoren-fiat-alfa-lancia\/","og_site_name":"Turijnmagazijn","article_publisher":"https:\/\/www.facebook.com\/turijnmagazijn","article_modified_time":"2023-07-26T11:56:26+00:00","og_image":[{"width":800,"height":600,"url":"https:\/\/turijnmagazijn.jumpstone-dev.nl\/wp-content\/uploads\/2023\/03\/DK00101353-Injectie-gallerij-Turbodiesel-motoren-Fiat-Alfa-Lancia-3-1.jpg","type":"image\/jpeg"}],"twitter_card":"summary_large_image","schema":{"@context":"https:\/\/schema.org","@graph":[{"@type":"WebPage","@id":"https:\/\/turijnmagazijn.nl\/de\/produkt\/einspritz-galerie-turbodiesel-motoren-fiat-alfa-lancia\/","url":"https:\/\/turijnmagazijn.nl\/de\/produkt\/einspritz-galerie-turbodiesel-motoren-fiat-alfa-lancia\/","name":"Einspritzgalerie Turbodieselmotoren Fiat Alfa Lancia - Turijnmagazijn","isPartOf":{"@id":"https:\/\/turijnmagazijn.jumpstone-dev.nl\/#website"},"primaryImageOfPage":{"@id":"https:\/\/turijnmagazijn.nl\/de\/produkt\/einspritz-galerie-turbodiesel-motoren-fiat-alfa-lancia\/#primaryimage"},"image":{"@id":"https:\/\/turijnmagazijn.nl\/de\/produkt\/einspritz-galerie-turbodiesel-motoren-fiat-alfa-lancia\/#primaryimage"},"thumbnailUrl":"https:\/\/turijnmagazijn.nl\/wp-content\/uploads\/2023\/03\/DK00101353-Injectie-gallerij-Turbodiesel-motoren-Fiat-Alfa-Lancia-3-1.jpg","datePublished":"2023-03-03T08:13:55+00:00","dateModified":"2023-07-26T11:56:26+00:00","breadcrumb":{"@id":"https:\/\/turijnmagazijn.nl\/de\/produkt\/einspritz-galerie-turbodiesel-motoren-fiat-alfa-lancia\/#breadcrumb"},"inLanguage":"de","potentialAction":[{"@type":"ReadAction","target":["https:\/\/turijnmagazijn.nl\/de\/produkt\/einspritz-galerie-turbodiesel-motoren-fiat-alfa-lancia\/"]}]},{"@type":"ImageObject","inLanguage":"de","@id":"https:\/\/turijnmagazijn.nl\/de\/produkt\/einspritz-galerie-turbodiesel-motoren-fiat-alfa-lancia\/#primaryimage","url":"https:\/\/turijnmagazijn.nl\/wp-content\/uploads\/2023\/03\/DK00101353-Injectie-gallerij-Turbodiesel-motoren-Fiat-Alfa-Lancia-3-1.jpg","contentUrl":"https:\/\/turijnmagazijn.nl\/wp-content\/uploads\/2023\/03\/DK00101353-Injectie-gallerij-Turbodiesel-motoren-Fiat-Alfa-Lancia-3-1.jpg","width":800,"height":600},{"@type":"BreadcrumbList","@id":"https:\/\/turijnmagazijn.nl\/de\/produkt\/einspritz-galerie-turbodiesel-motoren-fiat-alfa-lancia\/#breadcrumb","itemListElement":[{"@type":"ListItem","position":1,"name":"Home","item":"https:\/\/turijnmagazijn.nl\/de\/"},{"@type":"ListItem","position":2,"name":"Produkte","item":"https:\/\/turijnmagazijn.nl\/de\/shop\/"},{"@type":"ListItem","position":3,"name":"Einspritzgalerie Turbodieselmotoren Fiat Alfa Lancia"}]},{"@type":"WebSite","@id":"https:\/\/turijnmagazijn.jumpstone-dev.nl\/#website","url":"https:\/\/turijnmagazijn.jumpstone-dev.nl\/","name":"Turijnmagazijn","description":"Onderdelen nieuw en gebruikt - Fiat &amp; Lancia","publisher":{"@id":"https:\/\/turijnmagazijn.jumpstone-dev.nl\/#organization"},"potentialAction":[{"@type":"SearchAction","target":{"@type":"EntryPoint","urlTemplate":"https:\/\/turijnmagazijn.jumpstone-dev.nl\/?s={search_term_string}"},"query-input":{"@type":"PropertyValueSpecification","valueRequired":true,"valueName":"search_term_string"}}],"inLanguage":"de"},{"@type":"Organization","@id":"https:\/\/turijnmagazijn.jumpstone-dev.nl\/#organization","name":"Turijnmagazijn","url":"https:\/\/turijnmagazijn.jumpstone-dev.nl\/","logo":{"@type":"ImageObject","inLanguage":"de","@id":"https:\/\/turijnmagazijn.jumpstone-dev.nl\/#\/schema\/logo\/image\/","url":"https:\/\/turijnmagazijn.nl\/wp-content\/uploads\/2021\/02\/turijnmagazijnlogo.png","contentUrl":"https:\/\/turijnmagazijn.nl\/wp-content\/uploads\/2021\/02\/turijnmagazijnlogo.png","width":555,"height":270,"caption":"Turijnmagazijn"},"image":{"@id":"https:\/\/turijnmagazijn.jumpstone-dev.nl\/#\/schema\/logo\/image\/"},"sameAs":["https:\/\/www.facebook.com\/turijnmagazijn"]}]}},"_links":{"self":[{"href":"https:\/\/turijnmagazijn.nl\/de\/wp-json\/wp\/v2\/product\/63485","targetHints":{"allow":["GET"]}}],"collection":[{"href":"https:\/\/turijnmagazijn.nl\/de\/wp-json\/wp\/v2\/product"}],"about":[{"href":"https:\/\/turijnmagazijn.nl\/de\/wp-json\/wp\/v2\/types\/product"}],"replies":[{"embeddable":true,"href":"https:\/\/turijnmagazijn.nl\/de\/wp-json\/wp\/v2\/comments?post=63485"}],"wp:featuredmedia":[{"embeddable":true,"href":"https:\/\/turijnmagazijn.nl\/de\/wp-json\/wp\/v2\/media\/40853"}],"wp:attachment":[{"href":"https:\/\/turijnmagazijn.nl\/de\/wp-json\/wp\/v2\/media?parent=63485"}],"wp:term":[{"taxonomy":"product_brand","embeddable":true,"href":"https:\/\/turijnmagazijn.nl\/de\/wp-json\/wp\/v2\/product_brand?post=63485"},{"taxonomy":"product_cat","embeddable":true,"href":"https:\/\/turijnmagazijn.nl\/de\/wp-json\/wp\/v2\/product_cat?post=63485"},{"taxonomy":"product_tag","embeddable":true,"href":"https:\/\/turijnmagazijn.nl\/de\/wp-json\/wp\/v2\/product_tag?post=63485"}],"curies":[{"name":"wp","href":"https:\/\/api.w.org\/{rel}","templated":true}]}}